{"id":188163,"date":"2016-11-01T13:27:55","date_gmt":"2016-11-01T12:27:55","guid":{"rendered":"https:\/\/www.studiainitalia.com\/courses\/non%20class\u00e9\/italien-en-genoa\/"},"modified":"2026-04-15T15:20:37","modified_gmt":"2026-04-15T13:20:37","slug":"italien-a-genes","status":"publish","type":"product","link":"https:\/\/www.studiainitalia.com\/fr\/cours\/cours-italien-en-italie\/italien-a-genes\/","title":{"rendered":"Cours d\u2019italien \u00e0 G\u00eanes"},"content":{"rendered":"<h2>Cours d&rsquo;Italien \u00e0 G\u00eanes<\/h2>\n<p>&nbsp;<\/p>\n<p>Les cours \u00e0 l&rsquo;\u00e9cole A Door to Italy\u00a0 sont disponibles pour tous les niveaux, de d\u00e9butant absolu \u00e0 avanc\u00e9, et peuvent \u00eatre suivis pour des dur\u00e9es flexibles, allant de courts s\u00e9jours \u00e0 des programmes \u00e0 long terme tout au long de l&rsquo;ann\u00e9e.<\/p>\n<p>\u00c9tudier l&rsquo;italien \u00e0 G\u00eanes, c&rsquo;est d\u00e9couvrir la Ligurie de l&rsquo;int\u00e9rieur, dans une ville qui semble authentique plut\u00f4t que mise en sc\u00e8ne.<\/p>\n<p>L&rsquo;environnement scolaire est volontairement accueillant et personnalis\u00e9, permettant aux \u00e9tudiants de se sentir soutenus et \u00e0 l&rsquo;aise d\u00e8s le d\u00e9but.<\/p>\n<p>Les enseignants sont exp\u00e9riment\u00e9s, passionn\u00e9s et sp\u00e9cialis\u00e9s dans l&rsquo;enseignement de l&rsquo;italien aux \u00e9tudiants internationaux, adaptant leurs cours aux diff\u00e9rents styles d&rsquo;apprentissage et aux objectifs personnels.<\/p>\n<p>Tous les niveaux, de A1 \u00e0 C2, du Cadre europ\u00e9en commun de r\u00e9f\u00e9rence pour les langues (CECR) sont propos\u00e9s.<\/p>\n<h3><strong>Structure des cours <\/strong><\/h3>\n<p>&nbsp;<\/p>\n<ul>\n<li>4 cours d\u2019italien par jour, du lundi au vendredi<\/li>\n<li>Petits groupes de 6 \u00e0 12 \u00e9tudiants<\/li>\n<li>Cours le matin ou l\u2019apr\u00e8s-midi selon le niveau<\/li>\n<li>Dur\u00e9e flexible : de 1 \u00e0 48 semaines<\/li>\n<\/ul>\n<p>Le premier jour, un test de niveau oral et \u00e9crit permet de vous placer dans le groupe adapt\u00e9<br \/>\n\u00c0 la fin du programme, vous recevrez un certificat de participation en italien indiquant le niveau atteint.<\/p>\n<h3><strong>Types de cours d&rsquo;italien\u00a0 disponibles\u00a0<\/strong>\u00e0 G\u00eanes<\/h3>\n<p>&nbsp;<\/p>\n<ul>\n<li>Cours intensif d&rsquo;italien (4 cours par jour)<\/li>\n<li>Cours semi-intensif (12 cours par semaine)<\/li>\n<li>Cours de longue dur\u00e9e<\/li>\n<li>Cours particuliers<\/li>\n<li>Cours en ligne<\/li>\n<li>Cours de pr\u00e9paration aux examens CILS<\/li>\n<li>Cours combin\u00e9s de <strong>langue et\u00a0<a href=\"https:\/\/www.studiainitalia.com\/fr\/cours\/cours-de-sport\/italien-et-plongee-a-genes\/\"> plong\u00e9e<\/a><\/strong><\/li>\n<\/ul>\n<h2><strong>Dates de d\u00e9but des cours et informations d\u00e9taill\u00e9es\u00a0 <\/strong><\/h2>\n<p>&nbsp;<\/p>\n<ul>\n<li><strong>Dur\u00e9e des cours<\/strong> : 50 minutes<\/li>\n<li><strong>Effectif moyen par classe<\/strong> : 9 \u00e9tudiants<\/li>\n<li><strong>Effectif maximum par classe<\/strong> : 12 \u00e9tudiants<\/li>\n<li><strong>Horaires<\/strong> : le matin ou l\u2019apr\u00e8s-midi, selon le niveau attribu\u00e9<\/li>\n<li><strong>Mat\u00e9riel p\u00e9dagogique<\/strong> : inclus<\/li>\n<li><strong>Test de niveau et certificat final<\/strong> : inclus<\/li>\n<li><strong>Localisation<\/strong> : Via\u00a0 Santi Giacomo e Filippo 19<\/li>\n<li><strong>Autres services :<\/strong> acc\u00e8s Internet, biblioth\u00e8que, climatisation, activit\u00e9s sociales et transfert depuis l\u2019a\u00e9roport disponibles<\/li>\n<\/ul>\n<p>&nbsp;<\/p>\n<table id=\"tablepress-712\" class=\"tablepress tablepress-id-712\">\n<thead>\n<tr class=\"row-1 odd\">\n<th class=\"column-1\" colspan=\"6\">Dates de d\u00e9but 2026<\/th>\n<\/tr>\n<\/thead>\n<tbody class=\"row-hover\">\n<tr class=\"row-2 even\">\n<td class=\"column-1\">Janvier<\/td>\n<td class=\"column-2\">5<\/td>\n<td class=\"column-3\">Mai<\/td>\n<td class=\"column-4\">4, 18<\/td>\n<td class=\"column-5\">Septembre<\/td>\n<td class=\"column-6\">7<\/td>\n<\/tr>\n<tr class=\"row-3 odd\">\n<td class=\"column-1\">F\u00e9vrier<\/td>\n<td class=\"column-2\">2<\/td>\n<td class=\"column-3\">Juin<\/td>\n<td class=\"column-4\">15<\/td>\n<td class=\"column-5\">Octobre<\/td>\n<td class=\"column-6\">5<\/td>\n<\/tr>\n<tr class=\"row-4 even\">\n<td class=\"column-1\">Mars<\/td>\n<td class=\"column-2\">2<\/td>\n<td class=\"column-3\">Juillet<\/td>\n<td class=\"column-4\">13<\/td>\n<td class=\"column-5\">Novembre<\/td>\n<td class=\"column-6\">2, 30<\/td>\n<\/tr>\n<tr class=\"row-5 odd\">\n<td class=\"column-1\">Avril<\/td>\n<td class=\"column-2\">7<\/td>\n<td class=\"column-3\">Ao\u00fbt<\/td>\n<td class=\"column-4\">10<\/td>\n<td class=\"column-5\">Decembre<\/td>\n<td class=\"column-6\"><\/td>\n<\/tr>\n<tr class=\"row-6 even\">\n<td class=\"column-1\" colspan=\"6\">Les \u00e9tudiants non d\u00e9butants peuvent commencer les cours n&rsquo;importe quel lundi sur demande.<br \/>\nL&rsquo;\u00e9cole sera ferm\u00e9e les jours f\u00e9ri\u00e9s suivants: Epiphanie (06\/01), Lundi de P\u00e2ques, Jour de la Lib\u00e9ration de l&rsquo;Italie (25\/04), F\u00eate des Travailleurs (01\/05), F\u00eate de la R\u00e9publique (02\/06), 24\/06, Ferragosto (15 \/ 08), Tous les Saints (01\/11), Immacul\u00e9e Conception (8\/12), vacances de No\u00ebl et nouvel an.<\/td>\n<\/tr>\n<\/tbody>\n<\/table>\n<div class=\"aiosrs-rating-wrap\" data-schema-id=\"90691\">\n<div class=\"aiosrs-star-rating-wrap \"><\/div>\n<\/div>\n<div><\/div>\n<div>\n<h3><b><strong>Activit\u00e9s et vie culturelle \u00e0 G\u00eanes<\/strong><\/b><\/h3>\n<\/div>\n<p>&nbsp;<\/p>\n<p>Les activit\u00e9s culturelles et sociales font partie int\u00e9grante de l&rsquo;exp\u00e9rience d&rsquo;apprentissage \u00e0 G\u00eanes.<\/p>\n<p>Les \u00e9tudiants peuvent participer \u00e0 des visites guid\u00e9es, \u00e0 des \u00e9v\u00e9nements locaux et \u00e0 des excursions le long de la c\u00f4te ligure, \u00e0 la d\u00e9couverte des villages baln\u00e9aires, des villes historiques et des paysages naturels des environs.<\/p>\n<p>&nbsp;<\/p>\n<h2 data-path-to-node=\"1\">Pourquoi apprendre l\u2019italien \u00e0 G\u00eanes ?<\/h2>\n<p>&nbsp;<\/p>\n<p data-path-to-node=\"2\">Choisir G\u00eanes, c&rsquo;est transformer la ville enti\u00e8re en une extension de votre salle de classe. Entre son pass\u00e9 de puissante r\u00e9publique maritime et son rythme de vie authentique, la ville offre un \u00e9quilibre parfait entre excellence acad\u00e9mique et immersion totale.<\/p>\n<p data-path-to-node=\"3\">Voici ce qui rend cette exp\u00e9rience unique :<\/p>\n<ul data-path-to-node=\"4\">\n<li>\n<p data-path-to-node=\"4,0,0\"><b data-path-to-node=\"4,0,0\" data-index-in-node=\"0\">Immersion quotidienne :<\/b> La taille humaine de la ville permet de se sentir rapidement chez soi et de pratiquer l&rsquo;italien naturellement, que ce soit en explorant les <i data-path-to-node=\"4,0,0\" data-index-in-node=\"164\">caruggi<\/i> (ruelles m\u00e9di\u00e9vales) ou en discutant avec les locaux sur les march\u00e9s.<\/p>\n<\/li>\n<li>\n<p data-path-to-node=\"4,1,0\"><b data-path-to-node=\"4,1,0\" data-index-in-node=\"0\">Patrimoine exceptionnel :<\/b> Apprenez au c\u0153ur d&rsquo;un d\u00e9cor inspirant compos\u00e9 de palais historiques, de quartiers anim\u00e9s et de panoramas imprenables sur la mer M\u00e9diterran\u00e9e.<\/p>\n<\/li>\n<li>\n<p data-path-to-node=\"4,2,0\"><b data-path-to-node=\"4,2,0\" data-index-in-node=\"0\">Identit\u00e9 r\u00e9gionale forte :<\/b> Plongez dans une culture riche o\u00f9 les traditions maritimes et la gastronomie locale font partie int\u00e9grante de votre apprentissage.<\/p>\n<\/li>\n<li>\n<p data-path-to-node=\"4,3,0\"><b data-path-to-node=\"4,3,0\" data-index-in-node=\"0\">Cadre de vie id\u00e9al :<\/b> Profitez d&rsquo;un m\u00e9lange parfait entre dynamisme urbain, douceur de vivre en bord de mer et richesse culturelle.<\/p>\n<\/li>\n<\/ul>\n<p data-path-to-node=\"5\">En r\u00e9sum\u00e9, G\u00eanes n&rsquo;est pas seulement un lieu d&rsquo;\u00e9tude, c&rsquo;est une opportunit\u00e9 de tisser des liens authentiques avec l&rsquo;Italie tout en progressant de mani\u00e8re intuitive et enrichissante.<\/p>\n","protected":false},"excerpt":{"rendered":"<h2><strong>G\u00eanes, l&rsquo;une des plus grandes cit\u00e9s m\u00e9di\u00e9vales d&rsquo;Europe<\/strong><\/h2>\n<p>G\u00eanes offre une belle opportunit\u00e9. C\u2019est une ville tr\u00e8s s\u00fbre, pleine de culture, de mus\u00e9es, d\u2019activit\u00e9s. D\u00e9couvrez <em>Portofino, Rapallo<\/em> et d\u2019autres villages spectaculaires de la c\u00f4te ligure. Les gourmands appr\u00e9cieront le\u00a0<strong><em>pesto<\/em><\/strong>\u00a0ou la<strong>\u00a0<em>focaccia<\/em><\/strong>!<\/p>\n<p>G\u00eanes est une ville \u00e0 l&rsquo;identit\u00e9 forte et unique. Fa\u00e7onn\u00e9e par des si\u00e8cles d&rsquo;histoire maritime, elle est fi\u00e8re, riche et profond\u00e9ment authentique.<\/p>\n<p>&nbsp;<\/p>\n","protected":false},"featured_media":117714,"comment_status":"open","ping_status":"closed","template":"","meta":{"_acf_changed":false,"_uag_custom_page_level_css":"","_kad_blocks_custom_css":"","_kad_blocks_head_custom_js":"","_kad_blocks_body_custom_js":"","_kad_blocks_footer_custom_js":"","site-sidebar-layout":"default","site-content-layout":"default","ast-site-content-layout":"default","site-content-style":"default","site-sidebar-style":"default","ast-global-header-display":"","ast-banner-title-visibility":"","ast-main-header-display":"","ast-hfb-above-header-display":"","ast-hfb-below-header-display":"","ast-hfb-mobile-header-display":"","site-post-title":"","ast-breadcrumbs-content":"","ast-featured-img":"","footer-sml-layout":"","ast-disable-related-posts":"","theme-transparent-header-meta":"default","adv-header-id-meta":"","stick-header-meta":"default","header-above-stick-meta":"","header-main-stick-meta":"","header-below-stick-meta":"","astra-migrate-meta-layouts":"set","ast-page-background-enabled":"default","ast-page-background-meta":{"desktop":{"background-color":"var(--ast-global-color-4)","background-image":"","background-repeat":"repeat","background-position":"center center","background-size":"auto","background-attachment":"scroll","background-type":"","background-media":"","overlay-type":"","overlay-color":"","overlay-opacity":"","overlay-gradient":""},"tablet":{"background-color":"","background-image":"","background-repeat":"repeat","background-position":"center center","background-size":"auto","background-attachment":"scroll","background-type":"","background-media":"","overlay-type":"","overlay-color":"","overlay-opacity":"","overlay-gradient":""},"mobile":{"background-color":"","background-image":"","background-repeat":"repeat","background-position":"center center","background-size":"auto","background-attachment":"scroll","background-type":"","background-media":"","overlay-type":"","overlay-color":"","overlay-opacity":"","overlay-gradient":""}},"ast-content-background-meta":{"desktop":{"background-color":"var(--ast-global-color-5)","background-image":"","background-repeat":"repeat","background-position":"center center","background-size":"auto","background-attachment":"scroll","background-type":"","background-media":"","overlay-type":"","overlay-color":"","overlay-opacity":"","overlay-gradient":""},"tablet":{"background-color":"var(--ast-global-color-5)","background-image":"","background-repeat":"repeat","background-position":"center center","background-size":"auto","background-attachment":"scroll","background-type":"","background-media":"","overlay-type":"","overlay-color":"","overlay-opacity":"","overlay-gradient":""},"mobile":{"background-color":"var(--ast-global-color-5)","background-image":"","background-repeat":"repeat","background-position":"center center","background-size":"auto","background-attachment":"scroll","background-type":"","background-media":"","overlay-type":"","overlay-color":"","overlay-opacity":"","overlay-gradient":""}}},"section":[2027],"product_brand":[],"product_cat":[1262,1279],"product_tag":[1877],"class_list":{"0":"post-188163","1":"product","2":"type-product","3":"status-publish","4":"has-post-thumbnail","6":"section-north","7":"product_cat-cours-italien-en-italie","8":"product_cat-cours-a-genes","9":"product_tag-cours-ditalien-en-italie","10":"desktop-align-left","11":"tablet-align-left","12":"mobile-align-left","13":"ast-product-gallery-layout-horizontal-slider","14":"ast-product-single-variable","15":"ast-product-tabs-layout-horizontal","16":"ast-qv-on-image-click","18":"first","19":"instock","20":"sold-individually","21":"shipping-taxable","22":"purchasable","23":"product-type-variable","24":"has-default-attributes"},"acf":[],"taxonomy_info":{"section":[{"value":2027,"label":"North"}],"product_cat":[{"value":1262,"label":"Cours d'italien en Italie"},{"value":1279,"label":"\u00c9tudier \u00e0 G\u00eanes"}],"product_tag":[{"value":1877,"label":"Cours d'italien en Italie"}]},"featured_image_src_large":["https:\/\/www.studiainitalia.com\/wp-content\/uploads\/2016\/11\/italian-in-genoa.jpg",650,650,false],"author_info":[],"comment_info":9,"uagb_featured_image_src":{"full":["https:\/\/www.studiainitalia.com\/wp-content\/uploads\/2016\/11\/italian-in-genoa.jpg",650,650,false],"thumbnail":["https:\/\/www.studiainitalia.com\/wp-content\/uploads\/2016\/11\/italian-in-genoa-150x150.jpg",96,96,true],"medium":["https:\/\/www.studiainitalia.com\/wp-content\/uploads\/2016\/11\/italian-in-genoa-300x300.jpg",300,300,true],"medium_large":["https:\/\/www.studiainitalia.com\/wp-content\/uploads\/2016\/11\/italian-in-genoa.jpg",650,650,false],"large":["https:\/\/www.studiainitalia.com\/wp-content\/uploads\/2016\/11\/italian-in-genoa.jpg",650,650,false],"1536x1536":["https:\/\/www.studiainitalia.com\/wp-content\/uploads\/2016\/11\/italian-in-genoa.jpg",650,650,false],"2048x2048":["https:\/\/www.studiainitalia.com\/wp-content\/uploads\/2016\/11\/italian-in-genoa.jpg",650,650,false],"ultp_layout_landscape_large":["https:\/\/www.studiainitalia.com\/wp-content\/uploads\/2016\/11\/italian-in-genoa.jpg",650,650,false],"ultp_layout_landscape":["https:\/\/www.studiainitalia.com\/wp-content\/uploads\/2016\/11\/italian-in-genoa.jpg",570,570,false],"ultp_layout_portrait":["https:\/\/www.studiainitalia.com\/wp-content\/uploads\/2016\/11\/italian-in-genoa.jpg",600,600,false],"ultp_layout_square":["https:\/\/www.studiainitalia.com\/wp-content\/uploads\/2016\/11\/italian-in-genoa.jpg",600,600,false],"gform-image-choice-sm":["https:\/\/www.studiainitalia.com\/wp-content\/uploads\/2016\/11\/italian-in-genoa.jpg",300,300,false],"gform-image-choice-md":["https:\/\/www.studiainitalia.com\/wp-content\/uploads\/2016\/11\/italian-in-genoa.jpg",400,400,false],"gform-image-choice-lg":["https:\/\/www.studiainitalia.com\/wp-content\/uploads\/2016\/11\/italian-in-genoa.jpg",600,600,false],"woocommerce_thumbnail":["https:\/\/www.studiainitalia.com\/wp-content\/uploads\/2016\/11\/italian-in-genoa-300x300.jpg",300,300,true],"woocommerce_single":["https:\/\/www.studiainitalia.com\/wp-content\/uploads\/2016\/11\/italian-in-genoa-400x400.jpg",400,400,true],"woocommerce_gallery_thumbnail":["https:\/\/www.studiainitalia.com\/wp-content\/uploads\/2016\/11\/italian-in-genoa-100x100.jpg",100,100,true],"yarpp-thumbnail":["https:\/\/www.studiainitalia.com\/wp-content\/uploads\/2016\/11\/italian-in-genoa.jpg",120,120,false]},"uagb_author_info":{"display_name":"Javier Diaz","author_link":"https:\/\/www.studiainitalia.com\/fr\/author\/"},"uagb_comment_info":9,"uagb_excerpt":"G\u00eanes, l'une des plus grandes cit\u00e9s m\u00e9di\u00e9vales d'Europe G\u00eanes offre une belle opportunit\u00e9. C\u2019est une ville tr\u00e8s s\u00fbre, pleine de culture, de mus\u00e9es, d\u2019activit\u00e9s. D\u00e9couvrez Portofino, Rapallo et d\u2019autres villages spectaculaires de la c\u00f4te ligure. Les gourmands appr\u00e9cieront le\u00a0pesto\u00a0ou la\u00a0focaccia! G\u00eanes est une ville \u00e0 l'identit\u00e9 forte et unique. Fa\u00e7onn\u00e9e par des si\u00e8cles d'histoire maritime,\u2026","_links":{"self":[{"href":"https:\/\/www.studiainitalia.com\/fr\/wp-json\/wp\/v2\/product\/188163","targetHints":{"allow":["GET"]}}],"collection":[{"href":"https:\/\/www.studiainitalia.com\/fr\/wp-json\/wp\/v2\/product"}],"about":[{"href":"https:\/\/www.studiainitalia.com\/fr\/wp-json\/wp\/v2\/types\/product"}],"replies":[{"embeddable":true,"href":"https:\/\/www.studiainitalia.com\/fr\/wp-json\/wp\/v2\/comments?post=188163"}],"wp:featuredmedia":[{"embeddable":true,"href":"https:\/\/www.studiainitalia.com\/fr\/wp-json\/wp\/v2\/media\/117714"}],"wp:attachment":[{"href":"https:\/\/www.studiainitalia.com\/fr\/wp-json\/wp\/v2\/media?parent=188163"}],"wp:term":[{"taxonomy":"section","embeddable":true,"href":"https:\/\/www.studiainitalia.com\/fr\/wp-json\/wp\/v2\/section?post=188163"},{"taxonomy":"product_brand","embeddable":true,"href":"https:\/\/www.studiainitalia.com\/fr\/wp-json\/wp\/v2\/product_brand?post=188163"},{"taxonomy":"product_cat","embeddable":true,"href":"https:\/\/www.studiainitalia.com\/fr\/wp-json\/wp\/v2\/product_cat?post=188163"},{"taxonomy":"product_tag","embeddable":true,"href":"https:\/\/www.studiainitalia.com\/fr\/wp-json\/wp\/v2\/product_tag?post=188163"}],"curies":[{"name":"wp","href":"https:\/\/api.w.org\/{rel}","templated":true}]}}