{"id":188165,"date":"2016-11-06T14:16:53","date_gmt":"2016-11-06T13:16:53","guid":{"rendered":"https:\/\/www.studiainitalia.com\/courses\/non%20class\u00e9\/italien-in-naples\/"},"modified":"2026-03-25T10:32:26","modified_gmt":"2026-03-25T09:32:26","slug":"italien-a-naples","status":"publish","type":"product","link":"https:\/\/www.studiainitalia.com\/fr\/cours\/cours-italien-en-italie\/italien-a-naples\/","title":{"rendered":"Cours de langue italienne \u00e0 Naples"},"content":{"rendered":"<h2><strong>Cours d&rsquo;italien \u00e0 Naples<\/strong><\/h2>\n<p>&nbsp;<\/p>\n<p>Les cours d&rsquo;italien \u00e0 Naples sont intensifs, avec 20 le\u00e7ons par semaine, et sont disponibles pour des dur\u00e9es flexibles, allant d&rsquo;une semaine \u00e0 des programmes \u00e0 long terme (jusqu&rsquo;\u00e0 48 semaines).<\/p>\n<p>Les cours sont organis\u00e9s selon six niveaux de langue, allant des d\u00e9butants complets aux \u00e9tudiants avanc\u00e9s. Le premier jour du cours, les \u00e9tudiants passent un test de niveau \u00e9crit et oral afin de s&rsquo;assurer qu&rsquo;ils sont plac\u00e9s dans le groupe le plus appropri\u00e9.<\/p>\n<p>Les cours sont dispens\u00e9s par des professeurs natifs qualifi\u00e9s et s&rsquo;appuient sur des m\u00e9thodes d&rsquo;enseignement claires et efficaces. Vous travaillerez toutes les comp\u00e9tences linguistiques (expression orale, compr\u00e9hension orale, lecture et \u00e9criture) en mettant l&rsquo;accent sur la conversation et la communication pratique.<\/p>\n<p>Les cours se d\u00e9roulent en petits groupes, avec une moyenne de 8 \u00e9tudiants et un maximum de 12, ce qui cr\u00e9e un environnement d&rsquo;apprentissage d\u00e9tendu et stimulant.<\/p>\n<p>L&rsquo;\u00e9cole avec laquelle nous collaborons \u00e0 Naples est le Centro Italiano, situ\u00e9 \u00e0 proximit\u00e9 de la Via Toledo, de la Piazza Municipio et du front de mer. Cet emplacement central permet d&rsquo;assister facilement aux cours et de d\u00e9couvrir Naples \u00e0 pied.<\/p>\n<p style=\"text-align: justify;\">Par-dessus tout, l&rsquo;\u00e9cole offre une atmosph\u00e8re familiale, gaie comme le caract\u00e8re des <em>Napolitains<\/em>. Le wifi et une biblioth\u00e8que sont toujours disponibles gratuitement. Un panneau d&rsquo;affichage \u00e0 l&rsquo;entr\u00e9e vous rappellera tous les \u00e9v\u00e9nements \u00e0 ne pas manquer, et il n&rsquo;y a aucun livre \u00e0 acheter !<\/p>\n<p style=\"text-align: justify;\">Les professeurs ont une longue exp\u00e9rience de l&rsquo;enseignement de l&rsquo;italien comme langue \u00e9trang\u00e8re. L&rsquo;italien est utilis\u00e9 d\u00e8s le premier instant ! Apprendre une nouvelle langue signifie acqu\u00e9rir une ma\u00eetrise et une conscience totales de toutes les comp\u00e9tences.<\/p>\n<p style=\"text-align: justify;\">Nos <strong>enseignants hautement qualifi\u00e9s<\/strong> sont en mesure d&rsquo;offrir un enseignement complet, qui met l&rsquo;accent \u00e0 la fois sur les aspects grammaticaux et culturels dans un contexte jeune et accueillant.<\/p>\n<h3><strong>Structure du cours d&rsquo;italien\u00a0<\/strong><\/h3>\n<p>&nbsp;<\/p>\n<ul>\n<li>20 le\u00e7ons par semaine<\/li>\n<li>Cours le matin, du lundi au vendredi<\/li>\n<li>Effectif moyen par classe : 8 \u00e9tudiants<\/li>\n<li>Effectif maximum par classe : 12 \u00e9tudiants<\/li>\n<li>Dur\u00e9e de chaque le\u00e7on : 50 minutes<\/li>\n<\/ul>\n<p>L&rsquo;italien est utilis\u00e9 d\u00e8s la premi\u00e8re le\u00e7on, ce qui favorise une immersion constante dans la langue.<\/p>\n<p>\u00c0 la fin du cours, les \u00e9tudiants re\u00e7oivent un certificat de participation indiquant le niveau atteint.<\/p>\n<h3><strong>Autres options de cours disponibles \u00e0 Naples<\/strong><\/h3>\n<p>&nbsp;<\/p>\n<p>les \u00e9tudiants peuvent \u00e9galement suivre :<\/p>\n<ul>\n<li>Cours d&rsquo;italien intensif (4 le\u00e7ons par jour)<\/li>\n<li>Cours semi-intensifs (2 le\u00e7ons par jour)<\/li>\n<li>Cours particuliers d&rsquo;italien<\/li>\n<li>Italien pour les religieux<\/li>\n<li>Cours combin\u00e9s d&rsquo;italien et de cuisine<\/li>\n<\/ul>\n<h2><strong>Dates de d\u00e9but et d\u00e9tails<\/strong><\/h2>\n<p>&nbsp;<\/p>\n<ul>\n<li><strong>Dur\u00e9e des cours<\/strong> : 45 minutes<\/li>\n<li><strong>Effectif moyen par classe<\/strong> : 9 \u00e9tudiants<\/li>\n<li><strong>Effectif maximum par classe<\/strong> : 12 \u00e9tudiants<\/li>\n<li><strong>Horaires<\/strong> : le matin<\/li>\n<li><strong>Mat\u00e9riel p\u00e9dagogique<\/strong> : inclus<\/li>\n<li><strong>Test de niveau et certificat final<\/strong> : inclus<\/li>\n<li><strong>Lieu<\/strong> : Vicolo Santa Maria dell&rsquo;Aiuto 17<\/li>\n<li><strong>Autres services<\/strong> : acc\u00e8s Internet, biblioth\u00e8que, climatisation, activit\u00e9s sociales et transfert depuis l&rsquo;a\u00e9roport disponibles<\/li>\n<\/ul>\n\n<table id=\"tablepress-753\" class=\"tablepress tablepress-id-753 tbody-has-connected-cells\">\n<thead>\n<tr class=\"row-1\">\n\t<th colspan=\"6\" class=\"column-1\">Dates de d\u00e9but 2026<\/th>\n<\/tr>\n<\/thead>\n<tbody class=\"row-striping row-hover\">\n<tr class=\"row-2\">\n\t<td class=\"column-1\">Janvier<\/td><td class=\"column-2\">5, 19<\/td><td class=\"column-3\">Mai<\/td><td class=\"column-4\">11, 25<\/td><td class=\"column-5\">Septembre<\/td><td class=\"column-6\">14, 28<\/td>\n<\/tr>\n<tr class=\"row-3\">\n\t<td class=\"column-1\">F\u00e9vrier<\/td><td class=\"column-2\">2, 16<\/td><td class=\"column-3\">Juin<\/td><td class=\"column-4\">8, 22<\/td><td class=\"column-5\">Octobre<\/td><td class=\"column-6\">12, 26<\/td>\n<\/tr>\n<tr class=\"row-4\">\n\t<td class=\"column-1\">Mars<\/td><td class=\"column-2\">2 16, 30<\/td><td class=\"column-3\">Juillet<\/td><td class=\"column-4\">6, 20<\/td><td class=\"column-5\">Novembre<\/td><td class=\"column-6\">9, 23<\/td>\n<\/tr>\n<tr class=\"row-5\">\n\t<td class=\"column-1\">Avril<\/td><td class=\"column-2\">13, 27<\/td><td class=\"column-3\">Ao\u00fbt<\/td><td class=\"column-4\">3, 17, 31<\/td><td class=\"column-5\">Decembre<\/td><td class=\"column-6\">7<\/td>\n<\/tr>\n<tr class=\"row-6\">\n\t<td colspan=\"6\" class=\"column-1\">L'\u00e9cole sera ferm\u00e9e les jours f\u00e9ri\u00e9s suivants: Epiphanie (06\/01), Lundi de P\u00e2ques, Jour de la Lib\u00e9ration de l'Italie (25\/04), F\u00eate des Travailleurs (01\/05), F\u00eate de la R\u00e9publique (02\/06), Ferragosto (15 \/ 08), Tous les Saints (01\/11), Immacul\u00e9e Conception (8\/12), vacances de No\u00ebl et nouvel an.<\/td>\n<\/tr>\n<\/tbody>\n<\/table>\n<!-- #tablepress-753 from cache -->\n<p>&nbsp;<\/p>\n<h2><strong>Pourquoi \u00e9tudier l&rsquo;italien \u00e0 Naples ?<\/strong><\/h2>\n<h3><\/h3>\n<p>Naples offre un environnement tr\u00e8s propice \u00e0 l&rsquo;apprentissage des langues. L&rsquo;italien est parl\u00e9 partout et la communication est g\u00e9n\u00e9ralement directe, expressive et spontan\u00e9e, ce qui rend la ville particuli\u00e8rement efficace pour am\u00e9liorer ses comp\u00e9tences en compr\u00e9hension et en expression orales.<\/p>\n<p>Par rapport \u00e0 des destinations plus formelles ou tr\u00e8s touristiques, Naples permet aux \u00e9tudiants de d\u00e9couvrir la culture italienne de mani\u00e8re tr\u00e8s authentique. Les interactions quotidiennes, les traditions r\u00e9gionales fortes et la culture de rue anim\u00e9e contribuent toutes \u00e0 une compr\u00e9hension plus approfondie de la langue et de la vie locale.<\/p>\n<p>Naples est \u00e9galement un excellent point de d\u00e9part pour explorer le sud de l&rsquo;Italie. Des excursions et des visites culturelles dans des lieux tels que Pomp\u00e9i, le V\u00e9suve, Caserte, Sorrente, Capri et Ischia compl\u00e8tent le cours de langue et offrent d&rsquo;autres occasions de pratiquer l&rsquo;italien dans des contextes r\u00e9els.<\/p>\n<p><strong>D\u00e9gustez le meilleur caf\u00e9 italien et savourez la v\u00e9ritable pizza italienne.<\/strong><\/p>\n<p style=\"text-align: justify;\">Vous aurez la chance de s\u00e9journer dans l&rsquo;une des villes les plus anim\u00e9es d&rsquo;Italie. Vous pouvez participer \u00e0 des activit\u00e9s sociales et \u00e0 des excursions pour visiter la r\u00e9gion de la Campanie.<\/p>\n<p style=\"text-align: justify;\">Les activit\u00e9s culturelles vous aideront \u00e0 tirer le meilleur parti de votre cours d&rsquo;italien \u00e0 Naples.<\/p>\n<p style=\"text-align: justify;\">Vous pouvez visiter le Vesuvio, Caserta, Sorrento, Capri et Ischia.<\/p>\n<p>&nbsp;<\/p>\n<h3><strong>Activit\u00e9s culturelles et vie \u00e0 Naples<\/strong><\/h3>\n<p>&nbsp;<\/p>\n<p>Parall\u00e8lement aux cours de langue, l&rsquo;\u00e9cole organise un programme d&rsquo;activit\u00e9s sociales et culturelles con\u00e7u pour aider les \u00e9tudiants \u00e0 s&rsquo;immerger dans la vie locale et \u00e0 pratiquer l&rsquo;italien en dehors des salles de classe.<\/p>\n<p>Les activit\u00e9s peuvent inclure :<\/p>\n<ul>\n<li>des visites guid\u00e9es et des excursions \u00e0 Naples et dans la r\u00e9gion de Campanie<\/li>\n<li>des sorties culturelles et des \u00e9v\u00e9nements sociaux<\/li>\n<li>des s\u00e9minaires culturels gratuits sur des th\u00e8mes tels que l&rsquo;art, le cin\u00e9ma italien, la musique et les traditions r\u00e9gionales<\/li>\n<\/ul>\n<p>La participation aux activit\u00e9s sociales est comprise dans le prix du cours. Les \u00e9tudiants ne paient que les frais d&rsquo;entr\u00e9e et de transport.<\/p>\n<p>L&rsquo;\u00e9cole offre \u00e9galement la possibilit\u00e9 de combiner des cours d&rsquo;italien avec des cours de cuisine ainsi que des cours professionnels de fabrication de pizzas, pour les \u00e9tudiants int\u00e9ress\u00e9s par une exp\u00e9rience plus sp\u00e9cialis\u00e9e.<\/p>\n<p>L&rsquo;\u00e9cole propose \u00e9galement des cours de cuisine et des stages d&rsquo;art. Nous vous recommandons de participer \u00e0 toutes les visites organis\u00e9es par l&rsquo;\u00e9cole car vous d\u00e9couvrirez l&rsquo;\u00e2me de Naples.<\/p>\n<p>&nbsp;<\/p>\n<p>&nbsp;<\/p>\n<p>&nbsp;<\/p>\n<p style=\"text-align: justify;\">\n","protected":false},"excerpt":{"rendered":"<h2 style=\"text-align: justify;\"><strong>Apprenez l&rsquo;italien \u00e0 Naples, l&rsquo;une des villes les plus anim\u00e9es d&rsquo;Italie<\/strong><\/h2>\n<p>Souhaitez-vous apprendre l&rsquo;italien dans une ville r\u00e9put\u00e9e pour son \u00e9nergie, sa forte identit\u00e9 et son authenticit\u00e9 quotidienne ?<\/p>\n<p>Naples offre un environnement d&rsquo;apprentissage tr\u00e8s diff\u00e9rent des autres destinations italiennes, alliant histoire, traditions locales et atmosph\u00e8re sociale anim\u00e9e, souvent \u00e0 un co\u00fbt de la vie plus accessible.<\/p>\n<p>\u00c9tudier l&rsquo;italien \u00e0 Naples signifie \u00eatre constamment immerg\u00e9 dans la langue. Des caf\u00e9s et march\u00e9s aux rues des quartiers et interactions sociales, l&rsquo;italien y est parl\u00e9 naturellement et de mani\u00e8re expressive, ce qui rend la ville particuli\u00e8rement attrayante pour les apprenants.<\/p>\n<p>Avec StudiainItalia, vous pouvez \u00e9tudier l&rsquo;italien \u00e0 Naples dans une \u00e9cole locale soigneusement s\u00e9lectionn\u00e9e, avec des professeurs natifs, des petits groupes et une approche communicative ax\u00e9e sur l&rsquo;utilisation r\u00e9elle de la langue.<\/p>\n<p>En plus de l&rsquo;italien, vous pouvez \u00e9galement choisir de suivre des cours\u00a0 de cuisine\u00a0 ou encore de participer \u00e0 des excursions culturelles et des visites guid\u00e9es.<\/p>\n","protected":false},"featured_media":118410,"comment_status":"open","ping_status":"closed","template":"","meta":{"_acf_changed":false,"_uag_custom_page_level_css":"","_kad_blocks_custom_css":"","_kad_blocks_head_custom_js":"","_kad_blocks_body_custom_js":"","_kad_blocks_footer_custom_js":"","site-sidebar-layout":"default","site-content-layout":"default","ast-site-content-layout":"default","site-content-style":"default","site-sidebar-style":"default","ast-global-header-display":"","ast-banner-title-visibility":"","ast-main-header-display":"","ast-hfb-above-header-display":"","ast-hfb-below-header-display":"","ast-hfb-mobile-header-display":"","site-post-title":"","ast-breadcrumbs-content":"","ast-featured-img":"","footer-sml-layout":"","ast-disable-related-posts":"","theme-transparent-header-meta":"default","adv-header-id-meta":"","stick-header-meta":"default","header-above-stick-meta":"","header-main-stick-meta":"","header-below-stick-meta":"","astra-migrate-meta-layouts":"set","ast-page-background-enabled":"default","ast-page-background-meta":{"desktop":{"background-color":"var(--ast-global-color-4)","background-image":"","background-repeat":"repeat","background-position":"center center","background-size":"auto","background-attachment":"scroll","background-type":"","background-media":"","overlay-type":"","overlay-color":"","overlay-opacity":"","overlay-gradient":""},"tablet":{"background-color":"","background-image":"","background-repeat":"repeat","background-position":"center center","background-size":"auto","background-attachment":"scroll","background-type":"","background-media":"","overlay-type":"","overlay-color":"","overlay-opacity":"","overlay-gradient":""},"mobile":{"background-color":"","background-image":"","background-repeat":"repeat","background-position":"center center","background-size":"auto","background-attachment":"scroll","background-type":"","background-media":"","overlay-type":"","overlay-color":"","overlay-opacity":"","overlay-gradient":""}},"ast-content-background-meta":{"desktop":{"background-color":"var(--ast-global-color-5)","background-image":"","background-repeat":"repeat","background-position":"center center","background-size":"auto","background-attachment":"scroll","background-type":"","background-media":"","overlay-type":"","overlay-color":"","overlay-opacity":"","overlay-gradient":""},"tablet":{"background-color":"var(--ast-global-color-5)","background-image":"","background-repeat":"repeat","background-position":"center center","background-size":"auto","background-attachment":"scroll","background-type":"","background-media":"","overlay-type":"","overlay-color":"","overlay-opacity":"","overlay-gradient":""},"mobile":{"background-color":"var(--ast-global-color-5)","background-image":"","background-repeat":"repeat","background-position":"center center","background-size":"auto","background-attachment":"scroll","background-type":"","background-media":"","overlay-type":"","overlay-color":"","overlay-opacity":"","overlay-gradient":""}}},"section":[2029],"product_brand":[],"product_cat":[1262,1281],"product_tag":[1877],"class_list":{"0":"post-188165","1":"product","2":"type-product","3":"status-publish","4":"has-post-thumbnail","6":"section-south-and-islands","7":"product_cat-cours-italien-en-italie","8":"product_cat-cours-a-naples","9":"product_tag-cours-ditalien-en-italie","10":"desktop-align-left","11":"tablet-align-left","12":"mobile-align-left","13":"ast-product-gallery-layout-horizontal-slider","14":"ast-product-single-variable","15":"ast-product-tabs-layout-horizontal","16":"ast-qv-on-image-click","18":"first","19":"instock","20":"sold-individually","21":"shipping-taxable","22":"purchasable","23":"product-type-variable"},"acf":[],"taxonomy_info":{"section":[{"value":2029,"label":"South and Islands"}],"product_cat":[{"value":1262,"label":"Cours d'italien en Italie"},{"value":1281,"label":"\u00c9tudier \u00e0 Naples"}],"product_tag":[{"value":1877,"label":"Cours d'italien en Italie"}]},"featured_image_src_large":["https:\/\/www.studiainitalia.com\/wp-content\/uploads\/2016\/11\/learn-italian-in-naples-e1490029532776.jpg",350,350,false],"author_info":[],"comment_info":17,"uagb_featured_image_src":{"full":["https:\/\/www.studiainitalia.com\/wp-content\/uploads\/2016\/11\/learn-italian-in-naples-e1490029532776.jpg",350,350,false],"thumbnail":["https:\/\/www.studiainitalia.com\/wp-content\/uploads\/2016\/11\/learn-italian-in-naples-150x150.jpg",96,96,true],"medium":["https:\/\/www.studiainitalia.com\/wp-content\/uploads\/2016\/11\/learn-italian-in-naples-300x300.jpg",300,300,true],"medium_large":["https:\/\/www.studiainitalia.com\/wp-content\/uploads\/2016\/11\/learn-italian-in-naples-e1490029532776.jpg",350,350,false],"large":["https:\/\/www.studiainitalia.com\/wp-content\/uploads\/2016\/11\/learn-italian-in-naples-e1490029532776.jpg",350,350,false],"1536x1536":["https:\/\/www.studiainitalia.com\/wp-content\/uploads\/2016\/11\/learn-italian-in-naples-e1490029532776.jpg",350,350,false],"2048x2048":["https:\/\/www.studiainitalia.com\/wp-content\/uploads\/2016\/11\/learn-italian-in-naples-e1490029532776.jpg",350,350,false],"ultp_layout_landscape_large":["https:\/\/www.studiainitalia.com\/wp-content\/uploads\/2016\/11\/learn-italian-in-naples-e1490029532776.jpg",350,350,false],"ultp_layout_landscape":["https:\/\/www.studiainitalia.com\/wp-content\/uploads\/2016\/11\/learn-italian-in-naples-e1490029532776.jpg",350,350,false],"ultp_layout_portrait":["https:\/\/www.studiainitalia.com\/wp-content\/uploads\/2016\/11\/learn-italian-in-naples-e1490029532776.jpg",350,350,false],"ultp_layout_square":["https:\/\/www.studiainitalia.com\/wp-content\/uploads\/2016\/11\/learn-italian-in-naples-e1490029532776.jpg",350,350,false],"gform-image-choice-sm":["https:\/\/www.studiainitalia.com\/wp-content\/uploads\/2016\/11\/learn-italian-in-naples-e1490029532776.jpg",300,300,false],"gform-image-choice-md":["https:\/\/www.studiainitalia.com\/wp-content\/uploads\/2016\/11\/learn-italian-in-naples-e1490029532776.jpg",350,350,false],"gform-image-choice-lg":["https:\/\/www.studiainitalia.com\/wp-content\/uploads\/2016\/11\/learn-italian-in-naples-e1490029532776.jpg",350,350,false],"woocommerce_thumbnail":["https:\/\/www.studiainitalia.com\/wp-content\/uploads\/2016\/11\/learn-italian-in-naples-e1490029532776-300x300.jpg",300,300,true],"woocommerce_single":["https:\/\/www.studiainitalia.com\/wp-content\/uploads\/2016\/11\/learn-italian-in-naples-e1490029532776.jpg",350,350,false],"woocommerce_gallery_thumbnail":["https:\/\/www.studiainitalia.com\/wp-content\/uploads\/2016\/11\/learn-italian-in-naples-e1490029532776-100x100.jpg",100,100,true],"yarpp-thumbnail":["https:\/\/www.studiainitalia.com\/wp-content\/uploads\/2016\/11\/learn-italian-in-naples-e1490029532776.jpg",120,120,false]},"uagb_author_info":{"display_name":"Javier Diaz","author_link":"https:\/\/www.studiainitalia.com\/fr\/author\/"},"uagb_comment_info":17,"uagb_excerpt":"Apprenez l'italien \u00e0 Naples, l'une des villes les plus anim\u00e9es d'Italie Souhaitez-vous apprendre l'italien dans une ville r\u00e9put\u00e9e pour son \u00e9nergie, sa forte identit\u00e9 et son authenticit\u00e9 quotidienne ? Naples offre un environnement d'apprentissage tr\u00e8s diff\u00e9rent des autres destinations italiennes, alliant histoire, traditions locales et atmosph\u00e8re sociale anim\u00e9e, souvent \u00e0 un co\u00fbt de la vie\u2026","_links":{"self":[{"href":"https:\/\/www.studiainitalia.com\/fr\/wp-json\/wp\/v2\/product\/188165","targetHints":{"allow":["GET"]}}],"collection":[{"href":"https:\/\/www.studiainitalia.com\/fr\/wp-json\/wp\/v2\/product"}],"about":[{"href":"https:\/\/www.studiainitalia.com\/fr\/wp-json\/wp\/v2\/types\/product"}],"replies":[{"embeddable":true,"href":"https:\/\/www.studiainitalia.com\/fr\/wp-json\/wp\/v2\/comments?post=188165"}],"wp:featuredmedia":[{"embeddable":true,"href":"https:\/\/www.studiainitalia.com\/fr\/wp-json\/wp\/v2\/media\/118410"}],"wp:attachment":[{"href":"https:\/\/www.studiainitalia.com\/fr\/wp-json\/wp\/v2\/media?parent=188165"}],"wp:term":[{"taxonomy":"section","embeddable":true,"href":"https:\/\/www.studiainitalia.com\/fr\/wp-json\/wp\/v2\/section?post=188165"},{"taxonomy":"product_brand","embeddable":true,"href":"https:\/\/www.studiainitalia.com\/fr\/wp-json\/wp\/v2\/product_brand?post=188165"},{"taxonomy":"product_cat","embeddable":true,"href":"https:\/\/www.studiainitalia.com\/fr\/wp-json\/wp\/v2\/product_cat?post=188165"},{"taxonomy":"product_tag","embeddable":true,"href":"https:\/\/www.studiainitalia.com\/fr\/wp-json\/wp\/v2\/product_tag?post=188165"}],"curies":[{"name":"wp","href":"https:\/\/api.w.org\/{rel}","templated":true}]}}