{"id":188245,"date":"2016-11-06T16:44:28","date_gmt":"2016-11-06T15:44:28","guid":{"rendered":"https:\/\/www.studiainitalia.com\/courses\/non%20class\u00e9\/italian-in-rome\/"},"modified":"2026-03-25T10:29:45","modified_gmt":"2026-03-25T09:29:45","slug":"italien-a-rome","status":"publish","type":"product","link":"https:\/\/www.studiainitalia.com\/fr\/cours\/cours-italien-en-italie\/italien-a-rome\/","title":{"rendered":"Cours d\u2019italien \u00e0 Rome"},"content":{"rendered":"<h2>Nos Cours d&rsquo;Italien \u00e0 Rome<\/h2>\n<p>Les cours d&rsquo;italien \u00e0 Rome sont intensifs, avec 20 le\u00e7ons par semaine, du lundi au vendredi, g\u00e9n\u00e9ralement le matin.<\/p>\n<p>Les cours sont disponibles pour tous les niveaux, toute l&rsquo;ann\u00e9e, des d\u00e9butants aux \u00e9tudiants avanc\u00e9s et comp\u00e9tents, et pour des dur\u00e9es flexibles.<\/p>\n<p>Le premier jour, les \u00e9tudiants passent un test de niveau (\u00e9crit et oral) afin d&rsquo;\u00eatre plac\u00e9s dans le niveau qui leur convient le mieux.<\/p>\n<p>L&rsquo;enseignement suit une <strong>m\u00e9thodologie communicative<\/strong>, qui met fortement l&rsquo;accent sur l&rsquo;expression orale et l&rsquo;interaction pratique. D\u00e8s le d\u00e9but, les \u00e9tudiants sont encourag\u00e9s \u00e0 utiliser activement l&rsquo;italien, ce qui les aide \u00e0 prendre confiance en eux et \u00e0 communiquer efficacement dans des situations r\u00e9elles.<\/p>\n<p>L&rsquo;\u00e9cole avec laquelle nous collaborons \u00e0 Rome, Clidante, est <strong>officiellement reconnue par le minist\u00e8re italien de l&rsquo;\u00c9ducation<\/strong> et a \u00e9t\u00e9 fond\u00e9e en <strong>1994<\/strong>.<\/p>\n<p>Rome compte de nombreuses \u00e9coles de langue italienne, mais nous travaillons avec celle en laquelle nous avons confiance pour la qualit\u00e9 de son enseignement et l&rsquo;atmosph\u00e8re humaine et encourageante qu&rsquo;elle offre aux \u00e9tudiants internationaux<\/p>\n<p>Officiellement autoris\u00e9e par le minist\u00e8re italien de l\u2019\u00e9ducation, l\u2019\u00e9cole de langue italienne Clidante \u00e0 Rome a \u00e9t\u00e9 fond\u00e9e en 1994. Elle est situ\u00e9e dans le centre de la ville. L\u2019\u00e9cole est l\u2019endroit id\u00e9al pour \u00e9tudier et profiter pleinement de la ville de Rome.<\/p>\n<h3><strong>Structure du cours d&rsquo;italien<\/strong><\/h3>\n<p>&nbsp;<\/p>\n<p>Le programme principal est un <strong>cours d&rsquo;italien intensif<\/strong>, con\u00e7u pour permettre des progr\u00e8s rapides et efficaces gr\u00e2ce \u00e0 une immersion totale.<\/p>\n<ul>\n<li>4 le\u00e7ons par jour, du lundi au vendredi (20 le\u00e7ons par semaine)<\/li>\n<li>Petits groupes : 6 \u00e0 12 \u00e9tudiants (8 \u00e0 10 en moyenne)<\/li>\n<li>Niveaux de langue, de d\u00e9butant \u00e0 avanc\u00e9<\/li>\n<li>Cours le matin ou l&rsquo;apr\u00e8s-midi, selon le niveau et les disponibilit\u00e9s<\/li>\n<li>Test de niveau oral et \u00e9crit au d\u00e9but du cours<\/li>\n<\/ul>\n<p>L&rsquo;italien est utilis\u00e9 en classe afin de favoriser une <strong>immersion constante <\/strong><strong>dans la langue.<\/strong><\/p>\n<p>\u00c0 la fin du cours, les \u00e9tudiants re\u00e7oivent un <strong>certificat de participation indiquant le niveau atteint<\/strong>.<\/p>\n<h3><strong>Types de cours d&rsquo;italien disponibles <\/strong>\u00e0 Rome<\/h3>\n<p>&nbsp;<\/p>\n<ul>\n<li>Cours d&rsquo;italien intensif (4 le\u00e7ons par jour)<\/li>\n<li>Cours super-intensifs<\/li>\n<li>Cours particuliers d&rsquo;italien<\/li>\n<li>Cours de pr\u00e9paration \u00e0 l&rsquo;examen d&rsquo;italien Plida<\/li>\n<\/ul>\n<p>L\u2019\u00e9cole propose \u00e9galement des cours culturels tels que\u00a0<a href=\"https:\/\/www.studiainitalia.com\/fr\/cours\/cours-dhistoire-de-lart-en-italie\/histoire-de-lart-a-rome\/\">l\u2019histoire de l\u2019art<\/a> et la culture contemporaine italienne.<\/p>\n<h2><strong>Dates de d\u00e9but et d\u00e9tails <\/strong><\/h2>\n<p>&nbsp;<\/p>\n<ul>\n<li><strong>Dur\u00e9e des cours<\/strong> : 45 minutes<\/li>\n<li><strong>Taille moyenne des classes<\/strong> : 9 \u00e9tudiants<\/li>\n<li><strong>Taille maximale des classes<\/strong> : 12 \u00e9tudiants<\/li>\n<li><strong>Horaires<\/strong> : le matin ou l&rsquo;apr\u00e8s-midi, selon le niveau attribu\u00e9<\/li>\n<li><strong>Mat\u00e9riel p\u00e9dagogique<\/strong> : inclus<\/li>\n<li><strong>Test de niveau et certificat final<\/strong> : inclus<\/li>\n<li><strong>Lieu<\/strong> : Via Piazza Bologna 1<\/li>\n<li><strong>Autres services<\/strong> : acc\u00e8s Internet, biblioth\u00e8que, climatisation, activit\u00e9s sociales et transfert depuis l&rsquo;a\u00e9roport disponibles<\/li>\n<\/ul>\n<p>&nbsp;<\/p>\n<table id=\"tablepress-723\" class=\"tablepress tablepress-id-723\">\n<thead>\n<tr class=\"row-1 odd\">\n<th class=\"column-1\" colspan=\"6\">Dates de d\u00e9but 2026<\/th>\n<\/tr>\n<\/thead>\n<tbody class=\"row-hover\">\n<tr class=\"row-2 even\">\n<td class=\"column-1\">Janvier<\/td>\n<td class=\"column-2\">7<\/td>\n<td class=\"column-3\">Mai<\/td>\n<td class=\"column-4\">4<\/td>\n<td class=\"column-5\">Septembre<\/td>\n<td class=\"column-6\">28<\/td>\n<\/tr>\n<tr class=\"row-3 odd\">\n<td class=\"column-1\">F\u00e9vrier<\/td>\n<td class=\"column-2\">2<\/td>\n<td class=\"column-3\">Juin<\/td>\n<td class=\"column-4\">3<\/td>\n<td class=\"column-5\">Octobre<\/td>\n<td class=\"column-6\">26<\/td>\n<\/tr>\n<tr class=\"row-4 even\">\n<td class=\"column-1\">Mars<\/td>\n<td class=\"column-2\">2, 30<\/td>\n<td class=\"column-3\">Juillet<\/td>\n<td class=\"column-4\">6<\/td>\n<td class=\"column-5\">Novembre<\/td>\n<td class=\"column-6\">23<\/td>\n<\/tr>\n<tr class=\"row-5 odd\">\n<td class=\"column-1\">Avril<\/td>\n<td class=\"column-2\"><\/td>\n<td class=\"column-3\">Ao\u00fbt<\/td>\n<td class=\"column-4\">3, 31<\/td>\n<td class=\"column-5\">Decembre<\/td>\n<td class=\"column-6\"><\/td>\n<\/tr>\n<tr class=\"row-6 even\">\n<td class=\"column-1\" colspan=\"6\">L&rsquo;\u00e9cole sera ferm\u00e9e les jours f\u00e9ri\u00e9s suivants: Epiphanie (06\/01), Lundi de P\u00e2ques, Jour de la Lib\u00e9ration de l&rsquo;Italie (25\/04), F\u00eate des Travailleurs (01\/05), F\u00eate de la R\u00e9publique (02\/06), Ferragosto (15 \/ 08), Tous les Saints (01\/11), Immacul\u00e9e Conception (8\/12), vacances de No\u00ebl et nouvel an.<\/td>\n<\/tr>\n<\/tbody>\n<\/table>\n<div class=\"aiosrs-rating-wrap\" data-schema-id=\"90691\">\n<div class=\"aiosrs-star-rating-wrap \"><\/div>\n<div class=\"aiosrs-rating-summary-wrap\">\n<h2><strong>Pourquoi \u00e9tudier l&rsquo;italien \u00e0 Rome ?<\/strong><\/h2>\n<p>&nbsp;<\/p>\n<\/div>\n<\/div>\n<p><strong>Comme on dit, tous les chemins m\u00e8nent \u00e0 Rome. Si vous \u00e9tudiez l\u2019italien, vous ne pouvez pas manquer un voyage dans la capitale italienne<\/strong><\/p>\n<p>\u00c9tudier l&rsquo;italien \u00e0 Rome signifie apprendre la langue dans un large \u00e9ventail de contextes quotidiens. En tant que capitale de l&rsquo;Italie, la ville rassemble des personnes de diff\u00e9rentes r\u00e9gions et de diff\u00e9rents horizons, offrant une exposition r\u00e9guli\u00e8re \u00e0 l&rsquo;italien tel qu&rsquo;il est parl\u00e9 dans la vie r\u00e9elle.<\/p>\n<p>Les mus\u00e9es, les march\u00e9s, les caf\u00e9s de quartier, les transports publics et les \u00e9v\u00e9nements culturels deviennent autant d&rsquo;occasions de pratiquer l&rsquo;italien de mani\u00e8re naturelle.<\/p>\n<p>Rome offre \u00e9galement un \u00e9quilibre entre l&rsquo;aspect acad\u00e9mique et la stimulation culturelle.<\/p>\n<p>Alors que des villes comme Florence ou Bologne sont souvent associ\u00e9es \u00e0 des traditions artistiques ou acad\u00e9miques sp\u00e9cifiques, Rome offre un environnement plus large et plus vari\u00e9 o\u00f9 l&rsquo;apprentissage de la langue et l&rsquo;exp\u00e9rience culturelle vont de pair.<\/p>\n<p><strong>Avantages d&rsquo;\u00e9tudier l&rsquo;italien \u00e0 Rome<\/strong><\/p>\n<p>Une ville d&rsquo;histoire et de culture : Rome est un mus\u00e9e \u00e0 ciel ouvert, offrant des si\u00e8cles d&rsquo;histoire, un art, une architecture et des monuments de classe mondiale qui enrichissent votre exp\u00e9rience d&rsquo;apprentissage.<\/p>\n<ul>\n<li><strong>Le mode de vie romain<\/strong> : des caf\u00e9s et march\u00e9s aux transports publics et \u00e0 la vie sociale, vous d\u00e9couvrez chaque jour la v\u00e9ritable culture italienne.<\/li>\n<li><strong>La ville<\/strong> \u00e9ternelle : Rome combine traditions anciennes et vie moderne, offrant des possibilit\u00e9s infinies d&rsquo;exploration, d&rsquo;\u00e9v\u00e9nements et d&rsquo;activit\u00e9s culturelles.<\/li>\n<li><strong>Un environnement d&rsquo;apprentissage diff\u00e9rent<\/strong> : \u00e9tudier l&rsquo;italien tout en \u00e9tant entour\u00e9 de sites embl\u00e9matiques tels que le Colis\u00e9e et la Cit\u00e9 du Vatican rend l&rsquo;apprentissage captivant et m\u00e9morable.<\/li>\n<\/ul>\n<h3><strong>Activit\u00e9s culturelles et vie \u00e0 Rome<\/strong><\/h3>\n<p>&nbsp;<\/p>\n<p>En plus des cours de langue, l&rsquo;\u00e9cole propose un <strong>programme culturel<\/strong> con\u00e7u pour aider les \u00e9tudiants \u00e0 s&rsquo;immerger dans la ville et \u00e0 pratiquer l&rsquo;italien en dehors des salles de classe.<\/p>\n<p>Les activit\u00e9s peuvent inclure :<\/p>\n<ul>\n<li>des visites guid\u00e9es de Rome<\/li>\n<li>des projections de films italiens<\/li>\n<li>des s\u00e9minaires sur la culture et la litt\u00e9rature italiennes<\/li>\n<\/ul>\n<p>La participation au programme culturel est gratuite, mais les billets d&rsquo;entr\u00e9e et les frais de transport sont \u00e0 la charge de l&rsquo;\u00e9tudiant.<\/p>\n<h2><b>Assistance personnalis\u00e9e par Studia in Italia<\/b><\/h2>\n<p>&nbsp;<\/p>\n<p>Une diff\u00e9rence pratique entre Studia in Italia et les grands r\u00e9seaux d&rsquo;\u00e9coles de langues r\u00e9side dans notre approche personnalis\u00e9e. Nous travaillons avec un nombre limit\u00e9 de programmes afin de pouvoir offrir un soutien individuel et constant.<\/p>\n<p>De la demande initiale jusqu&rsquo;\u00e0 la fin du s\u00e9jour, les \u00e9tudiants sont accompagn\u00e9s par une \u00e9quipe qui poss\u00e8de une solide connaissance de l&rsquo;Italie et de son syst\u00e8me \u00e9ducatif. Cela comprend des conseils sur le choix des cours, l&rsquo;h\u00e9bergement et les modalit\u00e9s pratiques.<\/p>\n<p>Plut\u00f4t que de proposer des formules standardis\u00e9es, notre r\u00f4le est d&rsquo;aider les \u00e9tudiants \u00e0 choisir un programme qui correspond v\u00e9ritablement \u00e0 leurs objectifs d&rsquo;apprentissage et \u00e0 leurs int\u00e9r\u00eats personnels.<\/p>\n","protected":false},"excerpt":{"rendered":"<h2><strong>Apprenez l&rsquo;italien \u00e0 Rome, la ville \u00e9ternelle<\/strong><\/h2>\n<p>Souhaitez-vous apprendre l&rsquo;italien dans une ville o\u00f9 l&rsquo;histoire et la vie quotidienne se c\u00f4toient naturellement ?<\/p>\n<p>Rome offre un cadre exceptionnel pour \u00e9tudier la langue, alliant une richesse culturelle \u00e0 une atmosph\u00e8re vivante et contemporaine.<\/p>\n<p>Apprendre l&rsquo;italien ici va au-del\u00e0 des salles de classe et fait partie int\u00e9grante de la vie quotidienne, dans les caf\u00e9s, les march\u00e9s, les mus\u00e9es et les rues du quartier.<\/p>\n<p>Avec <strong>StudiainItalia<\/strong>, vous pouvez \u00e9tudier l&rsquo;italien \u00e0 Rome dans une \u00e9cole locale soigneusement s\u00e9lectionn\u00e9e, avec des professeurs natifs, des petits groupes et une approche communicative ax\u00e9e sur l&rsquo;utilisation pratique de la langue.<\/p>\n<p>Notre r\u00f4le est de vous guider et de vous soutenir gr\u00e2ce \u00e0 un service personnalis\u00e9, en vous aidant \u00e0 construire une exp\u00e9rience d&rsquo;\u00e9tude significative et bien structur\u00e9e en Italie.<\/p>\n<p>A Rome, vous pouvez trouver de nombreuses autres \u00e9coles de langue italienne mais nous avons choisi celle qui nous donne toujours la meilleure garantie en termes d\u2019aspect humain et de cours de haute qualit\u00e9.<\/p>\n<p>&nbsp;<\/p>\n","protected":false},"featured_media":118434,"comment_status":"open","ping_status":"closed","template":"","meta":{"_acf_changed":false,"_uag_custom_page_level_css":"","_kad_blocks_custom_css":"","_kad_blocks_head_custom_js":"","_kad_blocks_body_custom_js":"","_kad_blocks_footer_custom_js":"","site-sidebar-layout":"default","site-content-layout":"default","ast-site-content-layout":"default","site-content-style":"default","site-sidebar-style":"default","ast-global-header-display":"","ast-banner-title-visibility":"","ast-main-header-display":"","ast-hfb-above-header-display":"","ast-hfb-below-header-display":"","ast-hfb-mobile-header-display":"","site-post-title":"","ast-breadcrumbs-content":"","ast-featured-img":"","footer-sml-layout":"","ast-disable-related-posts":"","theme-transparent-header-meta":"default","adv-header-id-meta":"","stick-header-meta":"default","header-above-stick-meta":"","header-main-stick-meta":"","header-below-stick-meta":"","astra-migrate-meta-layouts":"set","ast-page-background-enabled":"default","ast-page-background-meta":{"desktop":{"background-color":"var(--ast-global-color-4)","background-image":"","background-repeat":"repeat","background-position":"center center","background-size":"auto","background-attachment":"scroll","background-type":"","background-media":"","overlay-type":"","overlay-color":"","overlay-opacity":"","overlay-gradient":""},"tablet":{"background-color":"","background-image":"","background-repeat":"repeat","background-position":"center center","background-size":"auto","background-attachment":"scroll","background-type":"","background-media":"","overlay-type":"","overlay-color":"","overlay-opacity":"","overlay-gradient":""},"mobile":{"background-color":"","background-image":"","background-repeat":"repeat","background-position":"center center","background-size":"auto","background-attachment":"scroll","background-type":"","background-media":"","overlay-type":"","overlay-color":"","overlay-opacity":"","overlay-gradient":""}},"ast-content-background-meta":{"desktop":{"background-color":"var(--ast-global-color-5)","background-image":"","background-repeat":"repeat","background-position":"center center","background-size":"auto","background-attachment":"scroll","background-type":"","background-media":"","overlay-type":"","overlay-color":"","overlay-opacity":"","overlay-gradient":""},"tablet":{"background-color":"var(--ast-global-color-5)","background-image":"","background-repeat":"repeat","background-position":"center center","background-size":"auto","background-attachment":"scroll","background-type":"","background-media":"","overlay-type":"","overlay-color":"","overlay-opacity":"","overlay-gradient":""},"mobile":{"background-color":"var(--ast-global-color-5)","background-image":"","background-repeat":"repeat","background-position":"center center","background-size":"auto","background-attachment":"scroll","background-type":"","background-media":"","overlay-type":"","overlay-color":"","overlay-opacity":"","overlay-gradient":""}}},"section":[2028],"product_brand":[],"product_cat":[1292,1262],"product_tag":[1877],"class_list":{"0":"post-188245","1":"product","2":"type-product","3":"status-publish","4":"has-post-thumbnail","6":"section-center","7":"product_cat-cours-italien-a-rome","8":"product_cat-cours-italien-en-italie","9":"product_tag-cours-ditalien-en-italie","10":"desktop-align-left","11":"tablet-align-left","12":"mobile-align-left","13":"ast-product-gallery-layout-horizontal-slider","14":"ast-product-single-variable","15":"ast-product-tabs-layout-horizontal","16":"ast-qv-on-image-click","18":"first","19":"instock","20":"sold-individually","21":"shipping-taxable","22":"purchasable","23":"product-type-variable","24":"has-default-attributes"},"acf":[],"taxonomy_info":{"section":[{"value":2028,"label":"Center"}],"product_cat":[{"value":1292,"label":"Cours d'italien \u00e0 Rome"},{"value":1262,"label":"Cours d'italien en Italie"}],"product_tag":[{"value":1877,"label":"Cours d'italien en Italie"}]},"featured_image_src_large":["https:\/\/www.studiainitalia.com\/wp-content\/uploads\/2016\/11\/learn-italian-in-rome-e1490027930226.jpg",350,352,false],"author_info":[],"comment_info":21,"uagb_featured_image_src":{"full":["https:\/\/www.studiainitalia.com\/wp-content\/uploads\/2016\/11\/learn-italian-in-rome-e1490027930226.jpg",350,352,false],"thumbnail":["https:\/\/www.studiainitalia.com\/wp-content\/uploads\/2016\/11\/learn-italian-in-rome-150x150.jpg",96,96,true],"medium":["https:\/\/www.studiainitalia.com\/wp-content\/uploads\/2016\/11\/learn-italian-in-rome-298x300.jpg",298,300,true],"medium_large":["https:\/\/www.studiainitalia.com\/wp-content\/uploads\/2016\/11\/learn-italian-in-rome-e1490027930226.jpg",350,352,false],"large":["https:\/\/www.studiainitalia.com\/wp-content\/uploads\/2016\/11\/learn-italian-in-rome-e1490027930226.jpg",350,352,false],"1536x1536":["https:\/\/www.studiainitalia.com\/wp-content\/uploads\/2016\/11\/learn-italian-in-rome-e1490027930226.jpg",350,352,false],"2048x2048":["https:\/\/www.studiainitalia.com\/wp-content\/uploads\/2016\/11\/learn-italian-in-rome-e1490027930226.jpg",350,352,false],"ultp_layout_landscape_large":["https:\/\/www.studiainitalia.com\/wp-content\/uploads\/2016\/11\/learn-italian-in-rome-e1490027930226.jpg",350,352,false],"ultp_layout_landscape":["https:\/\/www.studiainitalia.com\/wp-content\/uploads\/2016\/11\/learn-italian-in-rome-e1490027930226.jpg",350,352,false],"ultp_layout_portrait":["https:\/\/www.studiainitalia.com\/wp-content\/uploads\/2016\/11\/learn-italian-in-rome-e1490027930226.jpg",350,352,false],"ultp_layout_square":["https:\/\/www.studiainitalia.com\/wp-content\/uploads\/2016\/11\/learn-italian-in-rome-e1490027930226.jpg",350,352,false],"gform-image-choice-sm":["https:\/\/www.studiainitalia.com\/wp-content\/uploads\/2016\/11\/learn-italian-in-rome-e1490027930226.jpg",298,300,false],"gform-image-choice-md":["https:\/\/www.studiainitalia.com\/wp-content\/uploads\/2016\/11\/learn-italian-in-rome-e1490027930226.jpg",350,352,false],"gform-image-choice-lg":["https:\/\/www.studiainitalia.com\/wp-content\/uploads\/2016\/11\/learn-italian-in-rome-e1490027930226.jpg",350,352,false],"woocommerce_thumbnail":["https:\/\/www.studiainitalia.com\/wp-content\/uploads\/2016\/11\/learn-italian-in-rome-e1490027930226-300x300.jpg",300,300,true],"woocommerce_single":["https:\/\/www.studiainitalia.com\/wp-content\/uploads\/2016\/11\/learn-italian-in-rome-e1490027930226.jpg",350,352,false],"woocommerce_gallery_thumbnail":["https:\/\/www.studiainitalia.com\/wp-content\/uploads\/2016\/11\/learn-italian-in-rome-e1490027930226-100x100.jpg",100,100,true],"yarpp-thumbnail":["https:\/\/www.studiainitalia.com\/wp-content\/uploads\/2016\/11\/learn-italian-in-rome-e1490027930226.jpg",120,120,false]},"uagb_author_info":{"display_name":"Javier Diaz","author_link":"https:\/\/www.studiainitalia.com\/fr\/author\/"},"uagb_comment_info":21,"uagb_excerpt":"Apprenez l'italien \u00e0 Rome, la ville \u00e9ternelle Souhaitez-vous apprendre l'italien dans une ville o\u00f9 l'histoire et la vie quotidienne se c\u00f4toient naturellement ? Rome offre un cadre exceptionnel pour \u00e9tudier la langue, alliant une richesse culturelle \u00e0 une atmosph\u00e8re vivante et contemporaine. Apprendre l'italien ici va au-del\u00e0 des salles de classe et fait partie int\u00e9grante\u2026","_links":{"self":[{"href":"https:\/\/www.studiainitalia.com\/fr\/wp-json\/wp\/v2\/product\/188245","targetHints":{"allow":["GET"]}}],"collection":[{"href":"https:\/\/www.studiainitalia.com\/fr\/wp-json\/wp\/v2\/product"}],"about":[{"href":"https:\/\/www.studiainitalia.com\/fr\/wp-json\/wp\/v2\/types\/product"}],"replies":[{"embeddable":true,"href":"https:\/\/www.studiainitalia.com\/fr\/wp-json\/wp\/v2\/comments?post=188245"}],"wp:featuredmedia":[{"embeddable":true,"href":"https:\/\/www.studiainitalia.com\/fr\/wp-json\/wp\/v2\/media\/118434"}],"wp:attachment":[{"href":"https:\/\/www.studiainitalia.com\/fr\/wp-json\/wp\/v2\/media?parent=188245"}],"wp:term":[{"taxonomy":"section","embeddable":true,"href":"https:\/\/www.studiainitalia.com\/fr\/wp-json\/wp\/v2\/section?post=188245"},{"taxonomy":"product_brand","embeddable":true,"href":"https:\/\/www.studiainitalia.com\/fr\/wp-json\/wp\/v2\/product_brand?post=188245"},{"taxonomy":"product_cat","embeddable":true,"href":"https:\/\/www.studiainitalia.com\/fr\/wp-json\/wp\/v2\/product_cat?post=188245"},{"taxonomy":"product_tag","embeddable":true,"href":"https:\/\/www.studiainitalia.com\/fr\/wp-json\/wp\/v2\/product_tag?post=188245"}],"curies":[{"name":"wp","href":"https:\/\/api.w.org\/{rel}","templated":true}]}}