{"id":188251,"date":"2016-11-06T17:31:51","date_gmt":"2016-11-06T16:31:51","guid":{"rendered":"https:\/\/www.studiainitalia.com\/courses\/non%20class\u00e9\/italian-in-siena\/"},"modified":"2026-04-06T16:23:42","modified_gmt":"2026-04-06T14:23:42","slug":"italien-a-sienne","status":"publish","type":"product","link":"https:\/\/www.studiainitalia.com\/fr\/cours\/cours-italien-en-italie\/italien-a-sienne\/","title":{"rendered":"Cours d\u2019italien \u00e0 Sienne"},"content":{"rendered":"<h2>Cours d&rsquo;italien \u00e0 Sienne<\/h2>\n<p>Notre <b>cours d&rsquo;italien \u00e0 Sienne <\/b>est propos\u00e9 par l&rsquo;\u00e9cole Dante Alighieri. Elle est reconnue par le minist\u00e8re italien de l&rsquo;\u00c9ducation. De m\u00eame, le minist\u00e8re italien des Affaires \u00e9trang\u00e8res reconna\u00eet l&rsquo;\u00e9cole pour la promotion de la langue italienne \u00e0 l&rsquo;\u00e9tranger.<\/p>\n<p>L&rsquo;\u00e9cole est \u00e9galement membre de l&rsquo;IALC (International Associations Language Centers).<\/p>\n<p>L&rsquo;\u00e9cole est situ\u00e9e dans un b\u00e2timent historique \u00e0 l&rsquo;int\u00e9rieur des remparts m\u00e9di\u00e9vaux. Elle dispose de 25 salles de classe et de terrasses panoramiques. Une salle de lecture, une salle pour les \u00e9tudiants et un piano sont \u00e0 votre disposition. Vous trouverez \u00e9galement une biblioth\u00e8que avec connexion Wi-Fi.<\/p>\n<p>Elle dispose d&rsquo;une cuisine enti\u00e8rement \u00e9quip\u00e9e et d&rsquo;une salle \u00e0 manger d\u00e9cor\u00e9e de fresques.<\/p>\n<p>Nos cours comprennent 4 le\u00e7ons d&rsquo;italien. Ils sont disponibles toute l&rsquo;ann\u00e9e et vous pouvez apprendre l&rsquo;italien \u00e0 Sienne pour la dur\u00e9e de votre choix.<\/p>\n<p>Les \u00e9tudiants passent un test de niveau \u00e9crit et oral afin d&rsquo;\u00e9valuer le niveau de langue le plus appropri\u00e9, et les groupes sont petits (5 \u00e0 10 \u00e9tudiants).<\/p>\n<p>L&rsquo;objectif principal est d&rsquo;am\u00e9liorer les capacit\u00e9s de communication des \u00e9tudiants dans tous les domaines.<\/p>\n<p>La m\u00e9thode d&rsquo;enseignement favorise la participation active et l&rsquo;interaction en classe.<\/p>\n<p>Les approches p\u00e9dagogiques utilis\u00e9es sont adapt\u00e9es aux besoins individuels des \u00e9tudiants. Les classes restent petites, ce qui permet aux enseignants d&rsquo;offrir une attention personnalis\u00e9e et un soutien r\u00e9actif.<\/p>\n<p>Tous les niveaux, de A1 \u00e0 C2, du Cadre europ\u00e9en commun de r\u00e9f\u00e9rence pour les langues (CECR) sont propos\u00e9s.<\/p>\n<h3>Structure du cours<\/h3>\n<p>&nbsp;<\/p>\n<p>Le programme principal est un <b>cours d&rsquo;italien intensif<\/b>, con\u00e7u pour permettre des progr\u00e8s rapides et efficaces gr\u00e2ce \u00e0 une immersion totale.<\/p>\n<ul>\n<li>4 le\u00e7ons par jour, du lundi au vendredi (20 le\u00e7ons par semaine)<\/li>\n<li>Petits groupes : 6 \u00e0 12 \u00e9tudiants (8 \u00e0 10 en moyenne)<\/li>\n<li>Niveaux de langue, de d\u00e9butant \u00e0 avanc\u00e9<\/li>\n<li>Cours le matin ou l&rsquo;apr\u00e8s-midi, selon le niveau et les disponibilit\u00e9s<\/li>\n<li>Test de niveau oral et \u00e9crit au d\u00e9but du cours<\/li>\n<\/ul>\n<p>L&rsquo;italien est utilis\u00e9 en classe afin de favoriser une immersion constante dans la langue.<\/p>\n<p>\u00c0 la fin du cours, les \u00e9tudiants re\u00e7oivent un certificat de participation indiquant le niveau atteint.<\/p>\n<h3><strong>Types de cours d&rsquo;italien disponibles \u00e0 Sienne<\/strong><\/h3>\n<p>&nbsp;<\/p>\n<ul>\n<li>Cours intensif d&rsquo;italien (4 le\u00e7ons par jour)<\/li>\n<li>Cours super intensifs<\/li>\n<li>Cours particuliers d&rsquo;italien<\/li>\n<li>Cours de pr\u00e9paration \u00e0 l&rsquo;examen d&rsquo;italien Plida<\/li>\n<li>Cours combin\u00e9s de langue et de culture italiennes (seniors, cuisine, musique, pleine conscience)<\/li>\n<\/ul>\n<h2><strong>Dates de d\u00e9but et d\u00e9tails<\/strong><\/h2>\n<ul>\n<li><b>Dur\u00e9e des cours<\/b> : 50 minutes<\/li>\n<li><b>Effectif moyen par classe<\/b> : 9 \u00e9tudiants<\/li>\n<li><b>Effectif maximum par classe<\/b> : 12 \u00e9tudiants<\/li>\n<li><b>Horaires<\/b> : le matin ou l&rsquo;apr\u00e8s-midi, selon le cours choisi<\/li>\n<li><b>Mat\u00e9riel p\u00e9dagogique<\/b> : manuel non inclus<\/li>\n<li><b>Test de niveau et certificat final<\/b> : inclus<\/li>\n<li><b>Lieu<\/b> : Via Tommaso Pendola 37<\/li>\n<li><b>Autres services<\/b> : acc\u00e8s Internet, biblioth\u00e8que, activit\u00e9s sociales et transfert depuis l&rsquo;a\u00e9roport disponible<\/li>\n<\/ul>\n<p>&nbsp;<\/p>\n<table id=\"tablepress-724\" class=\"tablepress tablepress-id-724\">\n<thead>\n<tr class=\"row-1 odd\">\n<th class=\"column-1\" colspan=\"6\">Dates de d\u00e9but 2026<\/th>\n<\/tr>\n<\/thead>\n<tbody class=\"row-hover\">\n<tr class=\"row-2 even\">\n<td class=\"column-1\">Janvier<\/td>\n<td class=\"column-2\">5, 19<\/td>\n<td class=\"column-3\">Mai<\/td>\n<td class=\"column-4\">4, 18<\/td>\n<td class=\"column-5\">Septembre<\/td>\n<td class=\"column-6\">14, 28<\/td>\n<\/tr>\n<tr class=\"row-3 odd\">\n<td class=\"column-1\">F\u00e9vrier<\/td>\n<td class=\"column-2\">2, 16<\/td>\n<td class=\"column-3\">Juin<\/td>\n<td class=\"column-4\">8, 15, 29<\/td>\n<td class=\"column-5\">Octobre<\/td>\n<td class=\"column-6\">12, 26<\/td>\n<\/tr>\n<tr class=\"row-4 even\">\n<td class=\"column-1\">Mars<\/td>\n<td class=\"column-2\">2, 16, 30<\/td>\n<td class=\"column-3\">Juillet<\/td>\n<td class=\"column-4\">6, 20<\/td>\n<td class=\"column-5\">Novembre<\/td>\n<td class=\"column-6\">9, 23<\/td>\n<\/tr>\n<tr class=\"row-5 odd\">\n<td class=\"column-1\">Avril<\/td>\n<td class=\"column-2\">13, 27<\/td>\n<td class=\"column-3\">Ao\u00fbt<\/td>\n<td class=\"column-4\">3, 17<\/td>\n<td class=\"column-5\">Decembre<\/td>\n<td class=\"column-6\">7<\/td>\n<\/tr>\n<tr class=\"row-6 even\">\n<td class=\"column-1\" colspan=\"6\">L&rsquo;\u00e9cole sera ferm\u00e9e les jours f\u00e9ri\u00e9s suivants: Epiphanie (06\/01), Lundi de P\u00e2ques, Jour de la Lib\u00e9ration de l&rsquo;Italie (25\/04), F\u00eate des Travailleurs (01\/05), F\u00eate de la R\u00e9publique (02\/06), Ferragosto (15 \/ 08), Tous les Saints (01\/11), Immacul\u00e9e Conception (8\/12), vacances de No\u00ebl et nouvel an.<\/td>\n<\/tr>\n<\/tbody>\n<\/table>\n<div class=\"aiosrs-rating-wrap\" data-schema-id=\"90691\">\n<div class=\"aiosrs-star-rating-wrap \"><\/div>\n<div class=\"aiosrs-rating-summary-wrap\">\n<h2>Pourquoi \u00e9tudier l&rsquo;italien \u00e0 Sienne ?<\/h2>\n<p>&nbsp;<\/p>\n<p>La ville de Sienne est class\u00e9e au patrimoine mondial de l&rsquo;UNESCO et c\u00e9l\u00e8bre pour son exceptionnel tissu urbain m\u00e9di\u00e9val. Les rues \u00e9troites, les b\u00e2timents anciens et les monuments historiques refl\u00e8tent un pass\u00e9 qui remonte au Moyen \u00c2ge.<\/p>\n<p>Cette dimension historique enrichit l&rsquo;exp\u00e9rience des \u00e9tudiants, qui sont plong\u00e9s dans une histoire vivante qui touche au c\u0153ur m\u00eame de la tradition italienne.<\/p>\n<p>La pr\u00e9sence de commodit\u00e9s essentielles, de lieux culturels et d&rsquo;installations de loisirs garantit une exp\u00e9rience compl\u00e8te.<\/p>\n<p>La proximit\u00e9 des sites historiques permet de les explorer facilement pendant le temps libre.<\/p>\n<p><b>Avantages d&rsquo;\u00e9tudier l&rsquo;italien \u00e0 Sienne<\/b><\/p>\n<ul>\n<li style=\"list-style-type: none;\">\n<ul>\n<li><b>Le dialecte italien \u00ab le plus pur \u00bb :<\/b> contrairement \u00e0 d&rsquo;autres r\u00e9gions o\u00f9 les dialectes locaux peuvent \u00eatre d\u00e9routants pour les d\u00e9butants, l&rsquo;italien siennois est r\u00e9put\u00e9 pour \u00eatre clair et grammaticalement proche de l&rsquo;italien standard enseign\u00e9 dans les manuels scolaires. Il est donc beaucoup plus facile de mettre en pratique ce que vous apprenez en classe avec les habitants.<\/li>\n<li>Une immersion linguistique authentique : Sienne est une ville \u00e0 taille humaine. Comme elle est plus petite et moins envahie par le tourisme de masse que Rome ou Florence, les habitants sont plus enclins \u00e0 vous parler en italien plut\u00f4t que de passer imm\u00e9diatement \u00e0 l&rsquo;anglais.<\/li>\n<\/ul>\n<\/li>\n<\/ul>\n<p>La facilit\u00e9 de d\u00e9placement \u00e0 pied et la s\u00e9curit\u00e9 : le centre historique est class\u00e9 au patrimoine mondial de l&rsquo;UNESCO et est en grande partie pi\u00e9ton.<\/p>\n<ul>\n<li>Vous pouvez vous rendre \u00e0 pied \u00e0 votre \u00e9cole de langues, au supermarch\u00e9 et aux caf\u00e9s locaux en 15 \u00e0 20 minutes, ce qui en fait l&rsquo;une des villes les plus s\u00fbres et les plus pratiques pour les \u00e9tudiants internationaux.<\/li>\n<li><b>Une atmosph\u00e8re \u00e9tudiante dynamique :<\/b> abritant l&rsquo;<b>universit\u00e9 de Sienne<\/b> (l&rsquo;une des plus anciennes au monde) et l&rsquo;<b>universit\u00e9 pour \u00e9trangers de Sienne<\/b>, la ville pr\u00e9sente un ratio \u00e9tudiants\/habitants \u00e9lev\u00e9. Cela garantit une vie sociale anim\u00e9e, avec de nombreux ap\u00e9ritifs et \u00e9v\u00e9nements \u00e0 des prix adapt\u00e9s aux \u00e9tudiants.<\/li>\n<\/ul>\n<h3><b> Activit\u00e9s culturelles et vie \u00e0 Sienne<\/b><\/h3>\n<p>&nbsp;<\/p>\n<p>Activit\u00e9s sociales organis\u00e9es par l&rsquo;\u00e9cole qui permettent aux \u00e9tudiants de nouer des liens et de mettre en pratique leurs comp\u00e9tences dans un cadre informel.<\/p>\n<p><strong>Visites guid\u00e9es et excursions<\/strong><\/p>\n<p>Les \u00e9tudiants ont la possibilit\u00e9 d&rsquo;explorer Sienne et ses environs gr\u00e2ce \u00e0 des visites guid\u00e9es. Ces excursions se concentrent souvent sur les monuments embl\u00e9matiques de la ville, sa riche histoire et ses tr\u00e9sors cach\u00e9s.<\/p>\n<p><strong>Ateliers de cuisine et pratique linguistique<\/strong><\/p>\n<p>Les ateliers de cuisine offrent un moyen unique d&rsquo;apprendre l&rsquo;italien tout en se plongeant dans les traditions culinaires renomm\u00e9es du pays. Les participants peuvent perfectionner leurs comp\u00e9tences linguistiques en suivant des recettes en italien. Cette approche interactive de l&rsquo;apprentissage rend l&rsquo;exp\u00e9rience \u00e9ducative d\u00e9licieuse et m\u00e9morable.<\/p>\n<p><strong>L&rsquo;influence de l&rsquo;universit\u00e9 de Sienne sur la vie \u00e9tudiante<\/strong><\/p>\n<p>Sienne abrite l&rsquo;une des plus anciennes universit\u00e9s d&rsquo;Italie, ce qui contribue de mani\u00e8re significative \u00e0 l&rsquo;environnement jeune et dynamique de la ville. La pr\u00e9sence d&rsquo;\u00e9tudiants internationaux favorise les \u00e9changes culturels, car des groupes divers se r\u00e9unissent pour apprendre, socialiser et partager leurs exp\u00e9riences. La vie universitaire est \u00e9troitement li\u00e9e aux activit\u00e9s culturelles, ce qui permet aux \u00e9tudiants de participer \u00e0 des discussions sur l&rsquo;art, l&rsquo;histoire et les coutumes italiennes. L&rsquo;influence de l&rsquo;universit\u00e9 ajoute du dynamisme \u00e0 Sienne, qui devient ainsi non seulement un lieu d&rsquo;enseignement des langues, mais aussi une communaut\u00e9 vivante qui accueille les nouveaux arrivants et nourrit des amiti\u00e9s durables.<\/p>\n<\/div>\n<\/div>\n","protected":false},"excerpt":{"rendered":"<p>&nbsp;<\/p>\n<h2><strong>Apprenez l&rsquo;italien \u00e0 Sienne, une ville m\u00e9di\u00e9vale riche en culture<\/strong><\/h2>\n<p>Sienne est une ville m\u00e9di\u00e9vale magnifique qui captive les visiteurs par sa riche histoire et sa culture. Son architecture et son patrimoine artistique bien pr\u00e9serv\u00e9s constituent un cadre id\u00e9al pour d\u00e9couvrir la langue italienne et les coutumes locales.<\/p>\n<p>Sienne est l&rsquo;un des endroits les plus populaires de Toscane, \u00e0 proximit\u00e9 de Florence.<\/p>\n<p>Elle est mondialement connue pour son <b><i>Palio<\/i><\/b><i>, <\/i>la course de chevaux qui a lieu en \u00e9t\u00e9.<\/p>\n<p>Sienne poss\u00e8de \u00e9galement l&rsquo;une des plus belles cath\u00e9drales d&rsquo;Italie, dont le sol en mosa\u00efque de marbre ne peut \u00eatre admir\u00e9 que pendant de courtes p\u00e9riodes chaque ann\u00e9e.<\/p>\n<p>Nous vous recommandons de visiter la <b>r\u00e9gion du Chianti<\/b> et le Val d&rsquo;Orcia pour vous immerger dans la campagne toscane.<\/p>\n<p>&nbsp;<\/p>\n<p>&nbsp;<\/p>\n<p>&nbsp;<\/p>\n","protected":false},"featured_media":197717,"comment_status":"open","ping_status":"closed","template":"","meta":{"_acf_changed":false,"_uag_custom_page_level_css":"","_kad_blocks_custom_css":"","_kad_blocks_head_custom_js":"","_kad_blocks_body_custom_js":"","_kad_blocks_footer_custom_js":"","site-sidebar-layout":"default","site-content-layout":"default","ast-site-content-layout":"default","site-content-style":"default","site-sidebar-style":"default","ast-global-header-display":"","ast-banner-title-visibility":"","ast-main-header-display":"","ast-hfb-above-header-display":"","ast-hfb-below-header-display":"","ast-hfb-mobile-header-display":"","site-post-title":"","ast-breadcrumbs-content":"","ast-featured-img":"","footer-sml-layout":"","ast-disable-related-posts":"","theme-transparent-header-meta":"default","adv-header-id-meta":"","stick-header-meta":"default","header-above-stick-meta":"","header-main-stick-meta":"","header-below-stick-meta":"","astra-migrate-meta-layouts":"set","ast-page-background-enabled":"default","ast-page-background-meta":{"desktop":{"background-color":"var(--ast-global-color-4)","background-image":"","background-repeat":"repeat","background-position":"center center","background-size":"auto","background-attachment":"scroll","background-type":"","background-media":"","overlay-type":"","overlay-color":"","overlay-opacity":"","overlay-gradient":""},"tablet":{"background-color":"","background-image":"","background-repeat":"repeat","background-position":"center center","background-size":"auto","background-attachment":"scroll","background-type":"","background-media":"","overlay-type":"","overlay-color":"","overlay-opacity":"","overlay-gradient":""},"mobile":{"background-color":"","background-image":"","background-repeat":"repeat","background-position":"center center","background-size":"auto","background-attachment":"scroll","background-type":"","background-media":"","overlay-type":"","overlay-color":"","overlay-opacity":"","overlay-gradient":""}},"ast-content-background-meta":{"desktop":{"background-color":"var(--ast-global-color-5)","background-image":"","background-repeat":"repeat","background-position":"center center","background-size":"auto","background-attachment":"scroll","background-type":"","background-media":"","overlay-type":"","overlay-color":"","overlay-opacity":"","overlay-gradient":""},"tablet":{"background-color":"var(--ast-global-color-5)","background-image":"","background-repeat":"repeat","background-position":"center center","background-size":"auto","background-attachment":"scroll","background-type":"","background-media":"","overlay-type":"","overlay-color":"","overlay-opacity":"","overlay-gradient":""},"mobile":{"background-color":"var(--ast-global-color-5)","background-image":"","background-repeat":"repeat","background-position":"center center","background-size":"auto","background-attachment":"scroll","background-type":"","background-media":"","overlay-type":"","overlay-color":"","overlay-opacity":"","overlay-gradient":""}}},"section":[2028],"product_brand":[],"product_cat":[1262,1297],"product_tag":[1877],"class_list":{"0":"post-188251","1":"product","2":"type-product","3":"status-publish","4":"has-post-thumbnail","6":"section-center","7":"product_cat-cours-italien-en-italie","8":"product_cat-cours-a-sienne","9":"product_tag-cours-ditalien-en-italie","10":"desktop-align-left","11":"tablet-align-left","12":"mobile-align-left","13":"ast-product-gallery-layout-horizontal-slider","14":"ast-product-single-variable","15":"ast-product-tabs-layout-horizontal","16":"ast-qv-on-image-click","18":"first","19":"instock","20":"sold-individually","21":"shipping-taxable","22":"purchasable","23":"product-type-variable","24":"has-default-attributes"},"acf":[],"taxonomy_info":{"section":[{"value":2028,"label":"Center"}],"product_cat":[{"value":1262,"label":"Cours d'italien en Italie"},{"value":1297,"label":"\u00c9tudier \u00e0 Sienne"}],"product_tag":[{"value":1877,"label":"Cours d'italien en Italie"}]},"featured_image_src_large":["https:\/\/www.studiainitalia.com\/wp-content\/uploads\/2024\/03\/SIENA.jpg",2048,1365,false],"author_info":[],"comment_info":5,"uagb_featured_image_src":{"full":["https:\/\/www.studiainitalia.com\/wp-content\/uploads\/2024\/03\/SIENA.jpg",2048,1365,false],"thumbnail":["https:\/\/www.studiainitalia.com\/wp-content\/uploads\/2024\/03\/SIENA.jpg",128,85,false],"medium":["https:\/\/www.studiainitalia.com\/wp-content\/uploads\/2024\/03\/SIENA.jpg",2048,1365,false],"medium_large":["https:\/\/www.studiainitalia.com\/wp-content\/uploads\/2024\/03\/SIENA-768x512.jpg",768,512,true],"large":["https:\/\/www.studiainitalia.com\/wp-content\/uploads\/2024\/03\/SIENA.jpg",2048,1365,false],"1536x1536":["https:\/\/www.studiainitalia.com\/wp-content\/uploads\/2024\/03\/SIENA-1536x1024.jpg",1536,1024,true],"2048x2048":["https:\/\/www.studiainitalia.com\/wp-content\/uploads\/2024\/03\/SIENA.jpg",2048,1365,false],"ultp_layout_landscape_large":["https:\/\/www.studiainitalia.com\/wp-content\/uploads\/2024\/03\/SIENA-1200x800.jpg",1200,800,true],"ultp_layout_landscape":["https:\/\/www.studiainitalia.com\/wp-content\/uploads\/2024\/03\/SIENA-870x570.jpg",870,570,true],"ultp_layout_portrait":["https:\/\/www.studiainitalia.com\/wp-content\/uploads\/2024\/03\/SIENA-600x900.jpg",600,900,true],"ultp_layout_square":["https:\/\/www.studiainitalia.com\/wp-content\/uploads\/2024\/03\/SIENA-600x600.jpg",600,600,true],"gform-image-choice-sm":["https:\/\/www.studiainitalia.com\/wp-content\/uploads\/2024\/03\/SIENA.jpg",300,200,false],"gform-image-choice-md":["https:\/\/www.studiainitalia.com\/wp-content\/uploads\/2024\/03\/SIENA.jpg",400,267,false],"gform-image-choice-lg":["https:\/\/www.studiainitalia.com\/wp-content\/uploads\/2024\/03\/SIENA.jpg",600,400,false],"woocommerce_thumbnail":["https:\/\/www.studiainitalia.com\/wp-content\/uploads\/2024\/03\/SIENA-300x300.jpg",300,300,true],"woocommerce_single":["https:\/\/www.studiainitalia.com\/wp-content\/uploads\/2024\/03\/SIENA-400x267.jpg",400,267,true],"woocommerce_gallery_thumbnail":["https:\/\/www.studiainitalia.com\/wp-content\/uploads\/2024\/03\/SIENA-100x100.jpg",100,100,true],"yarpp-thumbnail":["https:\/\/www.studiainitalia.com\/wp-content\/uploads\/2024\/03\/SIENA-120x120.jpg",120,120,true]},"uagb_author_info":{"display_name":"Javier Diaz","author_link":"https:\/\/www.studiainitalia.com\/fr\/author\/"},"uagb_comment_info":5,"uagb_excerpt":"&nbsp; Apprenez l'italien \u00e0 Sienne, une ville m\u00e9di\u00e9vale riche en culture Sienne est une ville m\u00e9di\u00e9vale magnifique qui captive les visiteurs par sa riche histoire et sa culture. Son architecture et son patrimoine artistique bien pr\u00e9serv\u00e9s constituent un cadre id\u00e9al pour d\u00e9couvrir la langue italienne et les coutumes locales. Sienne est l'un des endroits les\u2026","_links":{"self":[{"href":"https:\/\/www.studiainitalia.com\/fr\/wp-json\/wp\/v2\/product\/188251","targetHints":{"allow":["GET"]}}],"collection":[{"href":"https:\/\/www.studiainitalia.com\/fr\/wp-json\/wp\/v2\/product"}],"about":[{"href":"https:\/\/www.studiainitalia.com\/fr\/wp-json\/wp\/v2\/types\/product"}],"replies":[{"embeddable":true,"href":"https:\/\/www.studiainitalia.com\/fr\/wp-json\/wp\/v2\/comments?post=188251"}],"wp:featuredmedia":[{"embeddable":true,"href":"https:\/\/www.studiainitalia.com\/fr\/wp-json\/wp\/v2\/media\/197717"}],"wp:attachment":[{"href":"https:\/\/www.studiainitalia.com\/fr\/wp-json\/wp\/v2\/media?parent=188251"}],"wp:term":[{"taxonomy":"section","embeddable":true,"href":"https:\/\/www.studiainitalia.com\/fr\/wp-json\/wp\/v2\/section?post=188251"},{"taxonomy":"product_brand","embeddable":true,"href":"https:\/\/www.studiainitalia.com\/fr\/wp-json\/wp\/v2\/product_brand?post=188251"},{"taxonomy":"product_cat","embeddable":true,"href":"https:\/\/www.studiainitalia.com\/fr\/wp-json\/wp\/v2\/product_cat?post=188251"},{"taxonomy":"product_tag","embeddable":true,"href":"https:\/\/www.studiainitalia.com\/fr\/wp-json\/wp\/v2\/product_tag?post=188251"}],"curies":[{"name":"wp","href":"https:\/\/api.w.org\/{rel}","templated":true}]}}