{"id":188252,"date":"2016-11-06T18:56:00","date_gmt":"2016-11-06T17:56:00","guid":{"rendered":"https:\/\/www.studiainitalia.com\/courses\/non%20class\u00e9\/italien-in-taormina\/"},"modified":"2026-03-25T10:25:27","modified_gmt":"2026-03-25T09:25:27","slug":"italien-a-taormine","status":"publish","type":"product","link":"https:\/\/www.studiainitalia.com\/fr\/cours\/cours-italien-en-italie\/italien-a-taormine\/","title":{"rendered":"Cours d\u2019italien \u00e0 Taormine"},"content":{"rendered":"<p>&nbsp;<\/p>\n<h2><b>Cours d&rsquo;italien \u00e0 Taormine<\/b><\/h2>\n<p>&nbsp;<\/p>\n<p>Notre \u00e9cole d&rsquo;italien \u00e0 Taormine, Babilonia, est reconnue par le minist\u00e8re italien de l&rsquo;\u00c9ducation.<\/p>\n<p>L&rsquo;\u00e9cole est \u00e0 quelques m\u00e8tres du th\u00e9\u00e2tre grec.<\/p>\n<p>Dans le jardin, les \u00e9tudiants peuvent se d\u00e9tendre sous les arbres verdoyants.\u00a0 \u00c9tudier et retrouver les amis pour prendre un caf\u00e9. La caf\u00e9t\u00e9ria de l&rsquo;\u00e9cole pr\u00e9pare des plats siciliens typiques.<\/p>\n<p>D\u00e9couvrez un parcours personnalis\u00e9 vers la ma\u00eetrise de la langue gr\u00e2ce \u00e0 la m\u00e9thodologie immersive de l&rsquo;\u00e9cole. On combine des classes \u00e0 effectif r\u00e9duit (4 \u00e0 6 \u00e9tudiants en moyenne) avec une rotation d&rsquo;enseignants experts pour vous exposer aux sons et aux rythmes authentiques de l&rsquo;Italie.<\/p>\n<p>Le programme de l&rsquo;\u00e9cole utilise des supports concrets, tels que le cin\u00e9ma, l&rsquo;actualit\u00e9 et la litt\u00e9rature, pour combler le foss\u00e9 entre la salle de classe et la piazza. On vous garantit que vous acquerrez \u00e0 la fois la confiance n\u00e9cessaire pour parler correctement.<\/p>\n<p>Vos progr\u00e8s sont suivis chaque semaine par notre \u00e9quipe d\u00e9vou\u00e9e afin de vous garantir une exp\u00e9rience d&rsquo;apprentissage parfaitement adapt\u00e9e \u00e0 votre niveau.<\/p>\n<p>L&rsquo;approche communicative de l&rsquo;\u00e9cole reconna\u00eet qu&rsquo;il y a une diff\u00e9rence essentielle entre simplement apprendre une langue et vraiment l&rsquo;acqu\u00e9rir. Plongez-vous dans l&rsquo;italien r\u00e9el utilis\u00e9 par les Italiens, en utilisant des supports authentiques qui comblent le foss\u00e9 entre la salle de classe et les rues anim\u00e9es de Taormine.<\/p>\n<p>Tous les niveaux, de A1 \u00e0 C2, du Cadre europ\u00e9en commun de r\u00e9f\u00e9rence pour les langues (CECR) sont propos\u00e9s.<\/p>\n<h3><b>Structure des cours<\/b><\/h3>\n<p>&nbsp;<\/p>\n<ul>\n<li>Les cours intensifs d&rsquo;italien \u00e0 Taormine comprennent 20 le\u00e7ons par semaine. Des cours pour tous les niveaux sont disponibles de f\u00e9vrier \u00e0 novembre.<\/li>\n<li>Les cours sont dispens\u00e9s par des profs natifs qualifi\u00e9s et bas\u00e9s sur des m\u00e9thodes d&rsquo;enseignement simples mais efficaces.<\/li>\n<li>La taille des classes, avec une moyenne de 6 \u00e0 8 \u00e9l\u00e8ves et un maximum de 10 \u00e9l\u00e8ves du m\u00eame niveau par classe, permet un apprentissage interactif et rapide.<\/li>\n<li>Les programmes de cours intensifs d&rsquo;italien ont \u00e9t\u00e9 d\u00e9velopp\u00e9s \u00e0 partir d&rsquo;une approche communicative.<\/li>\n<li>Le premier objectif est la communication, tant \u00e0 l&rsquo;oral qu&rsquo;\u00e0 l&rsquo;\u00e9crit.<\/li>\n<\/ul>\n<h3><\/h3>\n<h3><b>Types de cours d&rsquo;italien disponibles \u00e0 Taormine<\/b><\/h3>\n<p>&nbsp;<\/p>\n<ul>\n<li>Cours intensif d&rsquo;italien (4 cours par jour)<\/li>\n<li>Cours super intensifs<\/li>\n<li>Cours semi-intensifs (2 heures par jour)<\/li>\n<li>Cours particuliers d&rsquo;italien<\/li>\n<li>Cours combin\u00e9s de langue et de culture italiennes (sport, cuisine, poterie)<\/li>\n<li><a href=\"https:\/\/www.studiainitalia.com\/fr\/cours\/cours-a-taormina\/italien-50-taormine\/\">Cours pour seniors<\/a><\/li>\n<\/ul>\n<h2><\/h2>\n<h2><b>Dates de d\u00e9but et d\u00e9tails<\/b><\/h2>\n<p>&nbsp;<\/p>\n<ul>\n<li><b>Dur\u00e9e des cours<\/b> : 45 minutes<\/li>\n<li><b>Taille moyenne des classes<\/b> : 9 \u00e9tudiants<\/li>\n<li><b>Taille maximale des classes<\/b> : 12 \u00e9tudiants<\/li>\n<li><b>Horaires<\/b> : le matin ou l&rsquo;apr\u00e8s-midi, selon le type de cours<\/li>\n<li><b>Mat\u00e9riel p\u00e9dagogique<\/b> : inclus<\/li>\n<li><b>Test de niveau et certificat final<\/b> : inclus<\/li>\n<li><b>Lieu<\/b> : Via Timoleone 10<\/li>\n<li><b>Autres services<\/b> : acc\u00e8s Internet, activit\u00e9s sociales, jardin, caf\u00e9t\u00e9ria et transfert depuis l&rsquo;a\u00e9roport disponibles<\/li>\n<\/ul>\n<div>\n<table id=\"tablepress-726\" class=\"tablepress tablepress-id-726 tbody-has-connected-cells\">\n<thead>\n<tr class=\"row-1\">\n\t<th colspan=\"6\" class=\"column-1\">Dates de d\u00e9but 2026<\/th>\n<\/tr>\n<\/thead>\n<tbody class=\"row-striping row-hover\">\n<tr class=\"row-2\">\n\t<td class=\"column-1\">Janvier<\/td><td class=\"column-2\"><\/td><td class=\"column-3\">Mai<\/td><td class=\"column-4\">tous les lundi<\/td><td class=\"column-5\">Septembre<\/td><td class=\"column-6\">tous les lundi<\/td>\n<\/tr>\n<tr class=\"row-3\">\n\t<td class=\"column-1\">F\u00e9vrier<\/td><td class=\"column-2\">tous les lundi<\/td><td class=\"column-3\">Juin<\/td><td class=\"column-4\">tous les lundi<\/td><td class=\"column-5\">Octobre<\/td><td class=\"column-6\">tous les lundi<\/td>\n<\/tr>\n<tr class=\"row-4\">\n\t<td class=\"column-1\">Mars<\/td><td class=\"column-2\">tous les lundi<\/td><td class=\"column-3\">Juillet<\/td><td class=\"column-4\">tous les lundi<\/td><td class=\"column-5\">Novembre<\/td><td class=\"column-6\">tous les lundi<\/td>\n<\/tr>\n<tr class=\"row-5\">\n\t<td class=\"column-1\">Avril<\/td><td class=\"column-2\">tous les lundi<\/td><td class=\"column-3\">Ao\u00fbt<\/td><td class=\"column-4\">tous les lundi<\/td><td class=\"column-5\">Decembre<\/td><td class=\"column-6\">tous les lundi<\/td>\n<\/tr>\n<tr class=\"row-6\">\n\t<td colspan=\"6\" class=\"column-1\">L'\u00e9cole sera ferm\u00e9e les jours f\u00e9ri\u00e9s suivants: Epiphanie (06\/01), Lundi de P\u00e2ques, Jour de la Lib\u00e9ration de l'Italie (25\/04), F\u00eate des Travailleurs (01\/05), F\u00eate de la R\u00e9publique (02\/06), Ferragosto (15 \/ 08), Tous les Saints (01\/11), Immacul\u00e9e Conception (8\/12), vacances de No\u00ebl et nouvel an.<\/td>\n<\/tr>\n<\/tbody>\n<\/table>\n<!-- #tablepress-726 from cache --><\/div>\n<div><\/div>\n<div>\n<h2><\/h2>\n<h2><b>Pourquoi \u00e9tudier l&rsquo;italien \u00e0 Taormine ?<\/b><\/h2>\n<p>&nbsp;<\/p>\n<p>Les rues m\u00e9di\u00e9vales sont s\u00fbres, praticables \u00e0 pied et remplies d&rsquo;habitants sympathiques qui sont ravis de discuter avec vous. Vous pouvez mettre en pratique votre le\u00e7on du matin tout en commandant une <i>granita<\/i> dans un caf\u00e9.<\/p>\n<p>Taormine accueille depuis des si\u00e8cles des \u00e9crivains, des po\u00e8tes et des artistes, de DH Lawrence \u00e0 Oscar Wilde. Aujourd&rsquo;hui, cet esprit artistique perdure \u00e0 travers des festivals internationaux de cin\u00e9ma, de musique et de litt\u00e9rature.<\/p>\n<p>Taormine b\u00e9n\u00e9ficie d&rsquo;hivers doux et d&rsquo;\u00e9t\u00e9s ensoleill\u00e9s. \u00c7a permet de vivre dehors toute l&rsquo;ann\u00e9e.<\/p>\n<p>&nbsp;<\/p>\n<p><b>Les avantages d&rsquo;\u00e9tudier l&rsquo;italien \u00e0 Taormine<\/b><\/p>\n<p><b>Les saveurs siciliennes :<\/b> Taormine est la porte d&rsquo;entr\u00e9e vers l&rsquo;incroyable monde de la cuisine sicilienne. Des fruits de mer de classe mondiale aux c\u00e9l\u00e8bres vins cultiv\u00e9s dans le sol volcanique de l&rsquo;Etna, chaque repas est l&rsquo;occasion d&rsquo;explorer le lien entre la langue italienne et son \u00e2me culinaire.<\/p>\n<p><b>La culture sicilienne<\/b> Taormine est la porte d&rsquo;entr\u00e9e id\u00e9ale vers le riche patrimoine de la Sicile.<\/p>\n<p>&nbsp;<\/p>\n<h3><b>Activit\u00e9s culturelles et vie \u00e0 Taormine<\/b><\/h3>\n<p>&nbsp;<\/p>\n<p>L&rsquo;\u00e9cole a un magnifique jardin o\u00f9 elle organise plein d&rsquo;\u00e9v\u00e9nements culturels.<\/p>\n<p>Elle organise chaque semaine de nombreuses activit\u00e9s sociales et excursions, telles que des conf\u00e9rences sur la litt\u00e9rature italienne et la politique sicilienne, des projections de films et des promenades guid\u00e9es \u00e0 travers Taormine.<\/p>\n<p>En plus de nos activit\u00e9s gratuites, l&rsquo;\u00e9cole organise des excursions et des sorties \u00e9ducatives exclusives.<\/p>\n<ul>\n<li><b>Excursions d&rsquo;une journ\u00e9e et week-ends :<\/b> explore les paysages volcaniques de l&rsquo;<b>Etna<\/b>, les ruines antiques de <b>Syracuse<\/b> ou les <b>\u00eeles \u00c9oliennes<\/b> aux eaux cristallines.<\/li>\n<li><b>Soir\u00e9es culturelles :<\/b> rejoins-nous pour des d\u00eeners de groupe, des pi\u00e8ces de th\u00e9\u00e2tre et des concerts sous les \u00e9toiles.<\/li>\n<\/ul>\n<p><b>C&rsquo;est l&rsquo;occasion r\u00eav\u00e9e d&rsquo;\u00e9tudier l&rsquo;italien \u00e0 Taormine et de d\u00e9couvrir le mode de vie sicilien.<\/b><\/p>\n<\/div>\n","protected":false},"excerpt":{"rendered":"<p>&nbsp;<\/p>\n<h2>Apprenez l&rsquo;italien \u00e0 Taormine, une immersion linguistique entre la mer et l&rsquo;Etna<\/h2>\n<p>Imaginez-vous en train d&rsquo;apprendre l&rsquo;italien tout en admirant les eaux turquoise de la mer Ionienne. Taormine, la \u00ab perle de la M\u00e9diterran\u00e9e \u00bb en Sicile, est bien plus qu&rsquo;un d\u00e9cor pittoresque : c&rsquo;est le lieu id\u00e9al pour d\u00e9couvrir une nouvelle culture et une nouvelle langue.<\/p>\n<p>Cette superbe ville sicilienne combine un enseignement de classe mondiale avec un style de vie inoubliable. Nos cours sont con\u00e7us pour vous permettre de parler d\u00e8s le premier jour dans un environnement qui ressemble moins \u00e0 une \u00e9cole qu&rsquo;\u00e0 une communaut\u00e9.<\/p>\n<p>Taormine se trouve \u00e0 quarante-cinq minutes en voiture du plus grand volcan actif d&rsquo;Europe, l&rsquo;Etna. Elle est proche de la station baln\u00e9aire de Giardini Naxos. Isola Bella et Spisone sont ses plages c\u00e9l\u00e8bres.<\/p>\n<p>&nbsp;<\/p>\n<p>&nbsp;<\/p>\n","protected":false},"featured_media":118482,"comment_status":"open","ping_status":"closed","template":"","meta":{"_acf_changed":false,"_uag_custom_page_level_css":"","_kad_blocks_custom_css":"","_kad_blocks_head_custom_js":"","_kad_blocks_body_custom_js":"","_kad_blocks_footer_custom_js":"","site-sidebar-layout":"default","site-content-layout":"default","ast-site-content-layout":"default","site-content-style":"default","site-sidebar-style":"default","ast-global-header-display":"","ast-banner-title-visibility":"","ast-main-header-display":"","ast-hfb-above-header-display":"","ast-hfb-below-header-display":"","ast-hfb-mobile-header-display":"","site-post-title":"","ast-breadcrumbs-content":"","ast-featured-img":"","footer-sml-layout":"","ast-disable-related-posts":"","theme-transparent-header-meta":"default","adv-header-id-meta":"","stick-header-meta":"default","header-above-stick-meta":"","header-main-stick-meta":"","header-below-stick-meta":"","astra-migrate-meta-layouts":"set","ast-page-background-enabled":"default","ast-page-background-meta":{"desktop":{"background-color":"var(--ast-global-color-4)","background-image":"","background-repeat":"repeat","background-position":"center center","background-size":"auto","background-attachment":"scroll","background-type":"","background-media":"","overlay-type":"","overlay-color":"","overlay-opacity":"","overlay-gradient":""},"tablet":{"background-color":"","background-image":"","background-repeat":"repeat","background-position":"center center","background-size":"auto","background-attachment":"scroll","background-type":"","background-media":"","overlay-type":"","overlay-color":"","overlay-opacity":"","overlay-gradient":""},"mobile":{"background-color":"","background-image":"","background-repeat":"repeat","background-position":"center center","background-size":"auto","background-attachment":"scroll","background-type":"","background-media":"","overlay-type":"","overlay-color":"","overlay-opacity":"","overlay-gradient":""}},"ast-content-background-meta":{"desktop":{"background-color":"var(--ast-global-color-5)","background-image":"","background-repeat":"repeat","background-position":"center center","background-size":"auto","background-attachment":"scroll","background-type":"","background-media":"","overlay-type":"","overlay-color":"","overlay-opacity":"","overlay-gradient":""},"tablet":{"background-color":"var(--ast-global-color-5)","background-image":"","background-repeat":"repeat","background-position":"center center","background-size":"auto","background-attachment":"scroll","background-type":"","background-media":"","overlay-type":"","overlay-color":"","overlay-opacity":"","overlay-gradient":""},"mobile":{"background-color":"var(--ast-global-color-5)","background-image":"","background-repeat":"repeat","background-position":"center center","background-size":"auto","background-attachment":"scroll","background-type":"","background-media":"","overlay-type":"","overlay-color":"","overlay-opacity":"","overlay-gradient":""}}},"section":[2029],"product_brand":[],"product_cat":[1262,1293],"product_tag":[1877],"class_list":{"0":"post-188252","1":"product","2":"type-product","3":"status-publish","4":"has-post-thumbnail","6":"section-south-and-islands","7":"product_cat-cours-italien-en-italie","8":"product_cat-cours-a-taormina","9":"product_tag-cours-ditalien-en-italie","10":"desktop-align-left","11":"tablet-align-left","12":"mobile-align-left","13":"ast-product-gallery-layout-horizontal-slider","14":"ast-product-single-variable","15":"ast-product-tabs-layout-horizontal","16":"ast-qv-on-image-click","18":"first","19":"instock","20":"sold-individually","21":"shipping-taxable","22":"purchasable","23":"product-type-variable","24":"has-default-attributes"},"acf":[],"taxonomy_info":{"section":[{"value":2029,"label":"South and Islands"}],"product_cat":[{"value":1262,"label":"Cours d'italien en Italie"},{"value":1293,"label":"\u00c9tudier \u00e0 Taormina"}],"product_tag":[{"value":1877,"label":"Cours d'italien en Italie"}]},"featured_image_src_large":["https:\/\/www.studiainitalia.com\/wp-content\/uploads\/2016\/11\/learn-italian-in-taormina-e1490028120271.jpg",350,350,false],"author_info":[],"comment_info":9,"uagb_featured_image_src":{"full":["https:\/\/www.studiainitalia.com\/wp-content\/uploads\/2016\/11\/learn-italian-in-taormina-e1490028120271.jpg",350,350,false],"thumbnail":["https:\/\/www.studiainitalia.com\/wp-content\/uploads\/2016\/11\/learn-italian-in-taormina-150x150.jpg",96,96,true],"medium":["https:\/\/www.studiainitalia.com\/wp-content\/uploads\/2016\/11\/learn-italian-in-taormina-300x300.jpg",300,300,true],"medium_large":["https:\/\/www.studiainitalia.com\/wp-content\/uploads\/2016\/11\/learn-italian-in-taormina-e1490028120271.jpg",350,350,false],"large":["https:\/\/www.studiainitalia.com\/wp-content\/uploads\/2016\/11\/learn-italian-in-taormina-e1490028120271.jpg",350,350,false],"1536x1536":["https:\/\/www.studiainitalia.com\/wp-content\/uploads\/2016\/11\/learn-italian-in-taormina-e1490028120271.jpg",350,350,false],"2048x2048":["https:\/\/www.studiainitalia.com\/wp-content\/uploads\/2016\/11\/learn-italian-in-taormina-e1490028120271.jpg",350,350,false],"ultp_layout_landscape_large":["https:\/\/www.studiainitalia.com\/wp-content\/uploads\/2016\/11\/learn-italian-in-taormina-e1490028120271.jpg",350,350,false],"ultp_layout_landscape":["https:\/\/www.studiainitalia.com\/wp-content\/uploads\/2016\/11\/learn-italian-in-taormina-e1490028120271.jpg",350,350,false],"ultp_layout_portrait":["https:\/\/www.studiainitalia.com\/wp-content\/uploads\/2016\/11\/learn-italian-in-taormina-e1490028120271.jpg",350,350,false],"ultp_layout_square":["https:\/\/www.studiainitalia.com\/wp-content\/uploads\/2016\/11\/learn-italian-in-taormina-e1490028120271.jpg",350,350,false],"gform-image-choice-sm":["https:\/\/www.studiainitalia.com\/wp-content\/uploads\/2016\/11\/learn-italian-in-taormina-e1490028120271.jpg",300,300,false],"gform-image-choice-md":["https:\/\/www.studiainitalia.com\/wp-content\/uploads\/2016\/11\/learn-italian-in-taormina-e1490028120271.jpg",350,350,false],"gform-image-choice-lg":["https:\/\/www.studiainitalia.com\/wp-content\/uploads\/2016\/11\/learn-italian-in-taormina-e1490028120271.jpg",350,350,false],"woocommerce_thumbnail":["https:\/\/www.studiainitalia.com\/wp-content\/uploads\/2016\/11\/learn-italian-in-taormina-e1490028120271-300x300.jpg",300,300,true],"woocommerce_single":["https:\/\/www.studiainitalia.com\/wp-content\/uploads\/2016\/11\/learn-italian-in-taormina-e1490028120271.jpg",350,350,false],"woocommerce_gallery_thumbnail":["https:\/\/www.studiainitalia.com\/wp-content\/uploads\/2016\/11\/learn-italian-in-taormina-e1490028120271-100x100.jpg",100,100,true],"yarpp-thumbnail":["https:\/\/www.studiainitalia.com\/wp-content\/uploads\/2016\/11\/learn-italian-in-taormina-e1490028120271.jpg",120,120,false]},"uagb_author_info":{"display_name":"Javier Diaz","author_link":"https:\/\/www.studiainitalia.com\/fr\/author\/"},"uagb_comment_info":9,"uagb_excerpt":"&nbsp; Apprenez l'italien \u00e0 Taormine, une immersion linguistique entre la mer et l'Etna Imaginez-vous en train d'apprendre l'italien tout en admirant les eaux turquoise de la mer Ionienne. Taormine, la \u00ab perle de la M\u00e9diterran\u00e9e \u00bb en Sicile, est bien plus qu'un d\u00e9cor pittoresque : c'est le lieu id\u00e9al pour d\u00e9couvrir une nouvelle culture et\u2026","_links":{"self":[{"href":"https:\/\/www.studiainitalia.com\/fr\/wp-json\/wp\/v2\/product\/188252","targetHints":{"allow":["GET"]}}],"collection":[{"href":"https:\/\/www.studiainitalia.com\/fr\/wp-json\/wp\/v2\/product"}],"about":[{"href":"https:\/\/www.studiainitalia.com\/fr\/wp-json\/wp\/v2\/types\/product"}],"replies":[{"embeddable":true,"href":"https:\/\/www.studiainitalia.com\/fr\/wp-json\/wp\/v2\/comments?post=188252"}],"wp:featuredmedia":[{"embeddable":true,"href":"https:\/\/www.studiainitalia.com\/fr\/wp-json\/wp\/v2\/media\/118482"}],"wp:attachment":[{"href":"https:\/\/www.studiainitalia.com\/fr\/wp-json\/wp\/v2\/media?parent=188252"}],"wp:term":[{"taxonomy":"section","embeddable":true,"href":"https:\/\/www.studiainitalia.com\/fr\/wp-json\/wp\/v2\/section?post=188252"},{"taxonomy":"product_brand","embeddable":true,"href":"https:\/\/www.studiainitalia.com\/fr\/wp-json\/wp\/v2\/product_brand?post=188252"},{"taxonomy":"product_cat","embeddable":true,"href":"https:\/\/www.studiainitalia.com\/fr\/wp-json\/wp\/v2\/product_cat?post=188252"},{"taxonomy":"product_tag","embeddable":true,"href":"https:\/\/www.studiainitalia.com\/fr\/wp-json\/wp\/v2\/product_tag?post=188252"}],"curies":[{"name":"wp","href":"https:\/\/api.w.org\/{rel}","templated":true}]}}