{"id":188256,"date":"2016-11-06T19:49:04","date_gmt":"2016-11-06T18:49:04","guid":{"rendered":"https:\/\/www.studiainitalia.com\/courses\/non%20class\u00e9\/italian-in-tropea\/"},"modified":"2026-03-25T10:19:37","modified_gmt":"2026-03-25T09:19:37","slug":"etudier-italien-a-tropea","status":"publish","type":"product","link":"https:\/\/www.studiainitalia.com\/fr\/cours\/cours-italien-en-italie\/etudier-italien-a-tropea\/","title":{"rendered":"Cours d\u2019italien \u00e0 Tropea"},"content":{"rendered":"<h2><strong>Cours d&rsquo;Italien \u00e0 Tropea<\/strong><\/h2>\n<p>&nbsp;<\/p>\n<p>Notre \u00e9cole \u00e0 Tropea, Piccola Universit\u00e0, fonctionne depuis 2004. L\u2019\u00e9cole est reconnue par le minist\u00e8re italien de l\u2019\u00e9ducation.<\/p>\n<p>C\u2019est le lieu id\u00e9al pour \u00e9tudier l\u2019italien et passer des vacances au bord de la mer.<\/p>\n<p>Des locuteurs natifs et des enseignants dipl\u00f4m\u00e9s composent une \u00e9quipe formidable.<\/p>\n<p>Les salles de classe sont \u00e9quip\u00e9es de mat\u00e9riel multim\u00e9dia, d&rsquo;une connexion Wi-Fi gratuite et de la climatisation\/du chauffage.<\/p>\n<p>Les \u00e9tudiants ont \u00e0 leur disposition des salles de cin\u00e9ma et de musique avec piano et guitares.<\/p>\n<p>Notre \u00e9cole \u00e0 Tropea propose \u00e9galement des cours de plong\u00e9e, de planche \u00e0 voile, de catamaran et un programme d&rsquo;activit\u00e9s suppl\u00e9mentaires int\u00e9ressant.<\/p>\n<p>Le personnel administratif est multilingue et s&rsquo;occupe des \u00e9tudiants pendant leur s\u00e9jour \u00e0 Tropea.<\/p>\n<p>Le service de transfert depuis l&rsquo;a\u00e9roport de Lamezia Terme est inclus dans le prix du cours.<\/p>\n<h3><b>Structure du cours<\/b><\/h3>\n<p>&nbsp;<\/p>\n<p>D\u00e9couvrez une approche pragmatique et communicative. L&rsquo;\u00e9cole met l&rsquo;accent sur la m\u00e9thode humaniste et affective, pla\u00e7ant l&rsquo;\u00e9tudiant au c\u0153ur du parcours d&rsquo;apprentissage afin d&rsquo;assurer le d\u00e9veloppement harmonieux des quatre comp\u00e9tences linguistiques.<\/p>\n<ul>\n<li>Les cours intensifs d&rsquo;italien \u00e0 Tropea comprennent 20 le\u00e7ons par semaine.<\/li>\n<li>Les cours sont disponibles de mars \u00e0 octobre. Ils sont ouverts \u00e0 tous les niveaux, de d\u00e9butant \u00e0 avanc\u00e9.<\/li>\n<li>Le premier jour de cours, un test de niveau est organis\u00e9 afin de r\u00e9partir les \u00e9tudiants dans les classes en fonction de leur niveau de connaissance de l&rsquo;italien.<\/li>\n<li>Les cours ont lieu le matin \u00e0 partir de 9 heures. L&rsquo;objectif principal de ces cours intensifs d&rsquo;italien \u00e0 Tropea est d&rsquo;am\u00e9liorer les capacit\u00e9s de communication des \u00e9tudiants dans tous les domaines de la langue italienne.<\/li>\n<li>Les cours quotidiens sont r\u00e9partis entre des bases grammaticales structur\u00e9es et des exercices de conversation dynamiques.<\/li>\n<li>Gr\u00e2ce \u00e0 la m\u00e9thode situationnelle, nous vous pr\u00e9parons \u00e0 la vie quotidienne en Italie \u00e0 travers le cin\u00e9ma, la musique, la cuisine et l&rsquo;histoire.<\/li>\n<\/ul>\n<p>Tous les niveaux du CECR (Cadre europ\u00e9en commun de r\u00e9f\u00e9rence pour les langues) de A1 \u00e0 C2 sont propos\u00e9s<\/p>\n<h3><b>Types de cours d&rsquo;italien disponibles \u00e0 Tropea<\/b><\/h3>\n<p>&nbsp;<\/p>\n<ul>\n<li>Cours d&rsquo;italien intensif (4 le\u00e7ons par jour)<\/li>\n<li>Cours super intensifs<\/li>\n<li>Cours particuliers d&rsquo;italien<\/li>\n<li>Cours d&rsquo;italien conversationnel<\/li>\n<li>Cours combin\u00e9s de langue et de culture italiennes (seniors, cuisine, sport, op\u00e9ra)<\/li>\n<\/ul>\n<h2><b><strong>Dates de d\u00e9but des cours et informations d\u00e9taill\u00e9es\u00a0 <\/strong><\/b><\/h2>\n<p>&nbsp;<\/p>\n<ul>\n<li><b>Dur\u00e9e des cours<\/b> : 55 minutes<\/li>\n<li><b>Effectif moyen par classe<\/b> : 8 \u00e9tudiants<\/li>\n<li><b>Effectif maximum par classe<\/b> : 9 \u00e9tudiants<\/li>\n<li><b>Horaires<\/b> : le matin<\/li>\n<li><b>Mat\u00e9riel p\u00e9dagogique<\/b> : inclus<\/li>\n<li><b>Test de niveau et certificat final<\/b> : inclus<\/li>\n<li><b>Lieu<\/b> : Via Largo Antonio Pandullo 5<\/li>\n<li><b>Autres services<\/b> : acc\u00e8s Internet, biblioth\u00e8que, activit\u00e9s sociales et transfert depuis l&rsquo;a\u00e9roport disponibles<\/li>\n<\/ul>\n<table id=\"tablepress-23\" class=\"tablepress tablepress-id-23\">\n<caption>\u00a0<\/caption>\n<\/table>\n<table id=\"tablepress-708\" class=\"tablepress tablepress-id-708\">\n<thead>\n<tr class=\"row-1 odd\">\n<th class=\"column-1\" colspan=\"6\">Dates de d\u00e9but<\/th>\n<\/tr>\n<\/thead>\n<tbody class=\"row-hover\">\n<tr class=\"row-2 even\">\n<td class=\"column-1\">Janvier<\/td>\n<td class=\"column-2\"><\/td>\n<td class=\"column-3\">Mai<\/td>\n<td class=\"column-4\">tous les lundis<\/td>\n<td class=\"column-5\">Septembre<\/td>\n<td class=\"column-6\">tous les lundis<\/td>\n<\/tr>\n<tr class=\"row-3 odd\">\n<td class=\"column-1\">F\u00e9vrier<\/td>\n<td class=\"column-2\"><\/td>\n<td class=\"column-3\">Juin<\/td>\n<td class=\"column-4\">tous les lundis<\/td>\n<td class=\"column-5\">Octobre<\/td>\n<td class=\"column-6\">tous les lundis<\/td>\n<\/tr>\n<tr class=\"row-4 even\">\n<td class=\"column-1\">Mars<\/td>\n<td class=\"column-2\">Tous le lundi<\/td>\n<td class=\"column-3\">Juillet<\/td>\n<td class=\"column-4\">tous les lundis<\/td>\n<td class=\"column-5\">Novembre<\/td>\n<td class=\"column-6\"><\/td>\n<\/tr>\n<tr class=\"row-5 odd\">\n<td class=\"column-1\">Avril<\/td>\n<td class=\"column-2\">tous les lundis<\/td>\n<td class=\"column-3\">Ao\u00fbt<\/td>\n<td class=\"column-4\">tous les lundis<\/td>\n<td class=\"column-5\">D\u00e9cembre<\/td>\n<td class=\"column-6\"><\/td>\n<\/tr>\n<tr class=\"row-6 even\">\n<td class=\"column-1\" colspan=\"6\">L&rsquo;\u00e9cole sera ferm\u00e9e les jours f\u00e9ri\u00e9s suivants: Epiphanie (06\/01), Lundi de P\u00e2ques, Jour de la Lib\u00e9ration de l&rsquo;Italie (25\/04), F\u00eate des Travailleurs (01\/05), F\u00eate de la R\u00e9publique (02\/06), Ferragosto (15 \/ 08), Tous les Saints (01\/11), Immacul\u00e9e Conception (8\/12), vacances de No\u00ebl et nouvel an.<\/td>\n<\/tr>\n<\/tbody>\n<\/table>\n<div class=\"aiosrs-rating-wrap\" data-schema-id=\"90691\">\n<div class=\"aiosrs-star-rating-wrap \"><\/div>\n<\/div>\n<h2><b>Pourquoi \u00e9tudier l&rsquo;italien \u00e0 Tropea ?<\/b><\/h2>\n<p>&nbsp;<\/p>\n<p>\u00c9tudiez avec vue sur les eaux turquoise et les plages de sable blanc.<\/p>\n<p>Contrairement aux centres touristiques surpeupl\u00e9s, Tropea offre une v\u00e9ritable atmosph\u00e8re de \u00ab petite ville \u00bb o\u00f9 vous pouvez pratiquer l&rsquo;italien quotidiennement avec des habitants chaleureux.<\/p>\n<p>La taille compacte de la ville permet un mode de vie sans stress, ax\u00e9 sur le soleil, la mer et la gastronomie.<\/p>\n<p>Berceau de la c\u00e9l\u00e8bre \u00ab Cipolla Rossa \u00bb (oignon rouge) et de la &lsquo;Nduja \u00e9pic\u00e9e, c&rsquo;est un paradis pour les gourmets et les amateurs de cuisine m\u00e9diterran\u00e9enne.<\/p>\n<p>Profitez d&rsquo;\u00e9t\u00e9s ensoleill\u00e9s qui permettent d&rsquo;apprendre en plein air et de faire des excursions.<\/p>\n<p><b>Avantages d&rsquo;\u00e9tudier l&rsquo;italien \u00e0 Tropea<\/b><\/p>\n<ul>\n<li>S\u00fbr et accueillant : un environnement s\u00e9curis\u00e9.<\/li>\n<li>Emplacement strat\u00e9gique : explorez le reste de la Calabre, les \u00eeles \u00c9oliennes et la Sicile.<\/li>\n<\/ul>\n<h3><b>Activit\u00e9s culturelles et vie \u00e0 Tropea<\/b><\/h3>\n<p>&nbsp;<\/p>\n<p>Le programme culturel hebdomadaire de l&rsquo;\u00e9cole permet une immersion totale dans le mode de vie italien authentique gr\u00e2ce \u00e0 une grande vari\u00e9t\u00e9 d&rsquo;activit\u00e9s :<\/p>\n<ul>\n<li><b>Arts et divertissements :<\/b> Profitez de soir\u00e9es cin\u00e9ma italien, de concerts classiques priv\u00e9s et de s\u00e9minaires sur les coutumes locales.<\/li>\n<li><b>Mer et aventure :<\/b> Participez \u00e0 des excursions en bateau \u00e0 moteur vers des plages de sable blanc cach\u00e9es ou \u00e0 des voyages vers les \u00eeles \u00c9oliennes.<\/li>\n<li><b>Exploration r\u00e9gionale :<\/b> Visites guid\u00e9es \u00e0 travers la Calabre, la Sicile et la Campanie.<\/li>\n<\/ul>\n","protected":false},"excerpt":{"rendered":"<h2><strong>Apprende l&rsquo;Italien \u00e0 Tropea, une mer cristalline stup\u00e9fiant!<\/strong><\/h2>\n<p>\u00cates-vous pr\u00eat pour une immersion en bord de mer ?<\/p>\n<p>Commencez votre aventure m\u00e9diterran\u00e9enne \u00e0 Tropea, d\u00e9couvrez la Calabre et la culture m\u00e9diterran\u00e9enne<\/p>\n","protected":false},"featured_media":197687,"comment_status":"open","ping_status":"closed","template":"","meta":{"_acf_changed":false,"_uag_custom_page_level_css":"","_kad_blocks_custom_css":"","_kad_blocks_head_custom_js":"","_kad_blocks_body_custom_js":"","_kad_blocks_footer_custom_js":"","site-sidebar-layout":"default","site-content-layout":"default","ast-site-content-layout":"default","site-content-style":"default","site-sidebar-style":"default","ast-global-header-display":"","ast-banner-title-visibility":"","ast-main-header-display":"","ast-hfb-above-header-display":"","ast-hfb-below-header-display":"","ast-hfb-mobile-header-display":"","site-post-title":"","ast-breadcrumbs-content":"","ast-featured-img":"","footer-sml-layout":"","ast-disable-related-posts":"","theme-transparent-header-meta":"default","adv-header-id-meta":"","stick-header-meta":"default","header-above-stick-meta":"","header-main-stick-meta":"","header-below-stick-meta":"","astra-migrate-meta-layouts":"set","ast-page-background-enabled":"default","ast-page-background-meta":{"desktop":{"background-color":"var(--ast-global-color-4)","background-image":"","background-repeat":"repeat","background-position":"center center","background-size":"auto","background-attachment":"scroll","background-type":"","background-media":"","overlay-type":"","overlay-color":"","overlay-opacity":"","overlay-gradient":""},"tablet":{"background-color":"","background-image":"","background-repeat":"repeat","background-position":"center center","background-size":"auto","background-attachment":"scroll","background-type":"","background-media":"","overlay-type":"","overlay-color":"","overlay-opacity":"","overlay-gradient":""},"mobile":{"background-color":"","background-image":"","background-repeat":"repeat","background-position":"center center","background-size":"auto","background-attachment":"scroll","background-type":"","background-media":"","overlay-type":"","overlay-color":"","overlay-opacity":"","overlay-gradient":""}},"ast-content-background-meta":{"desktop":{"background-color":"var(--ast-global-color-5)","background-image":"","background-repeat":"repeat","background-position":"center center","background-size":"auto","background-attachment":"scroll","background-type":"","background-media":"","overlay-type":"","overlay-color":"","overlay-opacity":"","overlay-gradient":""},"tablet":{"background-color":"var(--ast-global-color-5)","background-image":"","background-repeat":"repeat","background-position":"center center","background-size":"auto","background-attachment":"scroll","background-type":"","background-media":"","overlay-type":"","overlay-color":"","overlay-opacity":"","overlay-gradient":""},"mobile":{"background-color":"var(--ast-global-color-5)","background-image":"","background-repeat":"repeat","background-position":"center center","background-size":"auto","background-attachment":"scroll","background-type":"","background-media":"","overlay-type":"","overlay-color":"","overlay-opacity":"","overlay-gradient":""}}},"section":[2029],"product_brand":[],"product_cat":[1262,1299],"product_tag":[1877],"class_list":{"0":"post-188256","1":"product","2":"type-product","3":"status-publish","4":"has-post-thumbnail","6":"section-south-and-islands","7":"product_cat-cours-italien-en-italie","8":"product_cat-cours-a-tropea","9":"product_tag-cours-ditalien-en-italie","10":"desktop-align-left","11":"tablet-align-left","12":"mobile-align-left","13":"ast-product-gallery-layout-horizontal-slider","14":"ast-product-single-variable","15":"ast-product-tabs-layout-horizontal","16":"ast-qv-on-image-click","18":"first","19":"instock","20":"sold-individually","21":"shipping-taxable","22":"purchasable","23":"product-type-variable","24":"has-default-attributes"},"acf":[],"taxonomy_info":{"section":[{"value":2029,"label":"South and Islands"}],"product_cat":[{"value":1262,"label":"Cours d'italien en Italie"},{"value":1299,"label":"\u00c9tudier \u00e0 Tropea"}],"product_tag":[{"value":1877,"label":"Cours d'italien en Italie"}]},"featured_image_src_large":["https:\/\/www.studiainitalia.com\/wp-content\/uploads\/2024\/03\/tropea1.jpg",750,851,false],"author_info":[],"comment_info":3,"uagb_featured_image_src":{"full":["https:\/\/www.studiainitalia.com\/wp-content\/uploads\/2024\/03\/tropea1.jpg",750,851,false],"thumbnail":["https:\/\/www.studiainitalia.com\/wp-content\/uploads\/2024\/03\/tropea1.jpg",85,96,false],"medium":["https:\/\/www.studiainitalia.com\/wp-content\/uploads\/2024\/03\/tropea1.jpg",750,851,false],"medium_large":["https:\/\/www.studiainitalia.com\/wp-content\/uploads\/2024\/03\/tropea1.jpg",750,851,false],"large":["https:\/\/www.studiainitalia.com\/wp-content\/uploads\/2024\/03\/tropea1.jpg",750,851,false],"1536x1536":["https:\/\/www.studiainitalia.com\/wp-content\/uploads\/2024\/03\/tropea1.jpg",750,851,false],"2048x2048":["https:\/\/www.studiainitalia.com\/wp-content\/uploads\/2024\/03\/tropea1.jpg",750,851,false],"ultp_layout_landscape_large":["https:\/\/www.studiainitalia.com\/wp-content\/uploads\/2024\/03\/tropea1-750x800.jpg",750,800,true],"ultp_layout_landscape":["https:\/\/www.studiainitalia.com\/wp-content\/uploads\/2024\/03\/tropea1-750x570.jpg",750,570,true],"ultp_layout_portrait":["https:\/\/www.studiainitalia.com\/wp-content\/uploads\/2024\/03\/tropea1-600x851.jpg",600,851,true],"ultp_layout_square":["https:\/\/www.studiainitalia.com\/wp-content\/uploads\/2024\/03\/tropea1-600x600.jpg",600,600,true],"gform-image-choice-sm":["https:\/\/www.studiainitalia.com\/wp-content\/uploads\/2024\/03\/tropea1.jpg",264,300,false],"gform-image-choice-md":["https:\/\/www.studiainitalia.com\/wp-content\/uploads\/2024\/03\/tropea1.jpg",353,400,false],"gform-image-choice-lg":["https:\/\/www.studiainitalia.com\/wp-content\/uploads\/2024\/03\/tropea1.jpg",529,600,false],"woocommerce_thumbnail":["https:\/\/www.studiainitalia.com\/wp-content\/uploads\/2024\/03\/tropea1-300x300.jpg",300,300,true],"woocommerce_single":["https:\/\/www.studiainitalia.com\/wp-content\/uploads\/2024\/03\/tropea1-400x454.jpg",400,454,true],"woocommerce_gallery_thumbnail":["https:\/\/www.studiainitalia.com\/wp-content\/uploads\/2024\/03\/tropea1-100x100.jpg",100,100,true],"yarpp-thumbnail":["https:\/\/www.studiainitalia.com\/wp-content\/uploads\/2024\/03\/tropea1-120x120.jpg",120,120,true]},"uagb_author_info":{"display_name":"Javier Diaz","author_link":"https:\/\/www.studiainitalia.com\/fr\/author\/"},"uagb_comment_info":3,"uagb_excerpt":"Apprende l'Italien \u00e0 Tropea, une mer cristalline stup\u00e9fiant! \u00cates-vous pr\u00eat pour une immersion en bord de mer ? Commencez votre aventure m\u00e9diterran\u00e9enne \u00e0 Tropea, d\u00e9couvrez la Calabre et la culture m\u00e9diterran\u00e9enne","_links":{"self":[{"href":"https:\/\/www.studiainitalia.com\/fr\/wp-json\/wp\/v2\/product\/188256","targetHints":{"allow":["GET"]}}],"collection":[{"href":"https:\/\/www.studiainitalia.com\/fr\/wp-json\/wp\/v2\/product"}],"about":[{"href":"https:\/\/www.studiainitalia.com\/fr\/wp-json\/wp\/v2\/types\/product"}],"replies":[{"embeddable":true,"href":"https:\/\/www.studiainitalia.com\/fr\/wp-json\/wp\/v2\/comments?post=188256"}],"wp:featuredmedia":[{"embeddable":true,"href":"https:\/\/www.studiainitalia.com\/fr\/wp-json\/wp\/v2\/media\/197687"}],"wp:attachment":[{"href":"https:\/\/www.studiainitalia.com\/fr\/wp-json\/wp\/v2\/media?parent=188256"}],"wp:term":[{"taxonomy":"section","embeddable":true,"href":"https:\/\/www.studiainitalia.com\/fr\/wp-json\/wp\/v2\/section?post=188256"},{"taxonomy":"product_brand","embeddable":true,"href":"https:\/\/www.studiainitalia.com\/fr\/wp-json\/wp\/v2\/product_brand?post=188256"},{"taxonomy":"product_cat","embeddable":true,"href":"https:\/\/www.studiainitalia.com\/fr\/wp-json\/wp\/v2\/product_cat?post=188256"},{"taxonomy":"product_tag","embeddable":true,"href":"https:\/\/www.studiainitalia.com\/fr\/wp-json\/wp\/v2\/product_tag?post=188256"}],"curies":[{"name":"wp","href":"https:\/\/api.w.org\/{rel}","templated":true}]}}