{"id":188302,"date":"2016-11-06T19:58:49","date_gmt":"2016-11-06T18:58:49","guid":{"rendered":"https:\/\/www.studiainitalia.com\/courses\/non%20class\u00e9\/italien-en-venise\/"},"modified":"2026-04-19T01:37:18","modified_gmt":"2026-04-18T23:37:18","slug":"italien-a-venise","status":"publish","type":"product","link":"https:\/\/www.studiainitalia.com\/fr\/cours\/cours-italien-en-italie\/italien-a-venise\/","title":{"rendered":"Cours d\u2019italien \u00e0 Venise"},"content":{"rendered":"<h2><strong>Cours d&rsquo;\u2019italien \u00e0 Venise<\/strong><\/h2>\n<p>Nos <b>cours d&rsquo;italien<\/b> \u00e0 Venise ont lieu toute l&rsquo;ann\u00e9e. Notre \u00e9cole, l&rsquo;Istituto Venezia, est officiellement reconnue par le minist\u00e8re italien de l&rsquo;\u00c9ducation.<\/p>\n<p>L&rsquo;\u00e9cole est situ\u00e9e dans le centre historique de Venise, dans un b\u00e2timent historique dot\u00e9 d&rsquo;une grande terrasse sur l&rsquo;une des plus belles places de la ville.<\/p>\n<p>Les enseignants sont r\u00e9guli\u00e8rement form\u00e9s gr\u00e2ce \u00e0 des s\u00e9minaires sp\u00e9ciaux et des programmes de formation. Ce sont des professionnels qui enseignent l&rsquo;italien comme langue \u00e9trang\u00e8re. La m\u00e9thodologie d&rsquo;enseignement est ax\u00e9e sur une approche enti\u00e8rement communicative. Elle vise \u00e0 d\u00e9velopper les comp\u00e9tences de communication orale et \u00e9crite. Par cons\u00e9quent, si vous souhaitez \u00e9tudier l&rsquo;italien \u00e0 Venise, nous vous garantissons l&rsquo;une des meilleures \u00e9coles.<\/p>\n<p>Le cours intensif d&rsquo;italien \u00e0 Venise comprend <b>20 le\u00e7ons par semaine<\/b>, du lundi au vendredi, et est disponible pour <b>tous les niveaux<\/b>, de d\u00e9butant \u00e0 avanc\u00e9. Vous pouvez \u00e9tudier \u00e0 partir d&rsquo;<b>une semaine<\/b>, avec la possibilit\u00e9 de programmes plus longs.<\/p>\n<p>Avant le d\u00e9but des cours, les \u00e9tudiants passent un <b>test de niveau<\/b> afin de s&rsquo;assurer qu&rsquo;ils sont plac\u00e9s dans le bon niveau d\u00e8s le premier jour.<\/p>\n<p>Les classes sont de petite taille, ce qui favorise des progr\u00e8s r\u00e9guliers et une attention individuelle.<\/p>\n<h3><b>Structure du cours<\/b><\/h3>\n<p>&nbsp;<\/p>\n<ul>\n<li>20 le\u00e7ons par semaine<\/li>\n<li>Du lundi au vendredi<\/li>\n<li>Cours le matin<\/li>\n<li>Dur\u00e9e flexible : de 1 semaine \u00e0 des s\u00e9jours plus longs<\/li>\n<li>Test de niveau et certificat final disponibles<\/li>\n<li>L&rsquo;apprentissage de la langue se concentre sur la communication r\u00e9elle, tout en d\u00e9veloppant \u00e0 la fois<\/li>\n<\/ul>\n<h3><strong>Autres types de cours disponibles \u00e0 Venise<\/strong><\/h3>\n<p>&nbsp;<\/p>\n<p>En fonction des disponibilit\u00e9s, les \u00e9tudiants peuvent \u00e9galement b\u00e9n\u00e9ficier de :<\/p>\n<ul>\n<li>Cours particuliers<\/li>\n<li>Cours de longue dur\u00e9e<\/li>\n<li>Cours de pr\u00e9paration aux examens<\/li>\n<li>Cours superintensifs<\/li>\n<\/ul>\n<p>L&rsquo;\u00e9cole organise \u00e9galement des <a href=\"https:\/\/www.studiainitalia.com\/fr\/cours\/cours-a-venise\/cours-histoire-delart-a-venise\/\">cours d&rsquo;histoire de l&rsquo;art<\/a>.<\/p>\n<p>En collaboration avec les \u00e9coles de <b>Florence, Rome et Milan<\/b>, l&rsquo;\u00e9cole offre \u00e9galement la possibilit\u00e9 de suivre le cours dans deux villes ou plus.<\/p>\n<h2><b>Dates de d\u00e9but et d\u00e9tails du cours<\/b><\/h2>\n<p>&nbsp;<\/p>\n<ul>\n<li><b>Dur\u00e9e des cours<\/b> : 45 minutes<\/li>\n<li><b>Effectif moyen par classe<\/b> : 9 \u00e9tudiants<\/li>\n<li><b>Effectif maximum par classe<\/b> : 12 \u00e9tudiants<\/li>\n<li><b>Horaires<\/b> : le matin<\/li>\n<li><b>Mat\u00e9riel p\u00e9dagogique<\/b> : inclus<\/li>\n<li><b>Test de niveau et certificat final<\/b> : inclus<\/li>\n<li><b>Emplacement<\/b> : Campo Santa Margherita Dorsoduro<\/li>\n<li><b>Autres services<\/b> : acc\u00e8s Internet, biblioth\u00e8que, activit\u00e9s sociales<\/li>\n<\/ul>\n<p>&nbsp;<\/p>\n<table id=\"tablepress-731\" class=\"tablepress tablepress-id-731\">\n<thead>\n<tr class=\"row-1 odd\">\n<th class=\"column-1\" colspan=\"6\">Dates de d\u00e9but 2026<\/th>\n<\/tr>\n<\/thead>\n<tbody class=\"row-hover\">\n<tr class=\"row-2 even\">\n<td class=\"column-1\">Janvier<\/td>\n<td class=\"column-2\">5<\/td>\n<td class=\"column-3\">Mai<\/td>\n<td class=\"column-4\">25<\/td>\n<td class=\"column-5\">Septembre<\/td>\n<td class=\"column-6\">14<\/td>\n<\/tr>\n<tr class=\"row-3 odd\">\n<td class=\"column-1\">F\u00e9vrier<\/td>\n<td class=\"column-2\">2<\/td>\n<td class=\"column-3\">Juin<\/td>\n<td class=\"column-4\">22<\/td>\n<td class=\"column-5\">Octobre<\/td>\n<td class=\"column-6\">12<\/td>\n<\/tr>\n<tr class=\"row-4 even\">\n<td class=\"column-1\">Mars<\/td>\n<td class=\"column-2\">2, 30<\/td>\n<td class=\"column-3\">Juillet<\/td>\n<td class=\"column-4\">20<\/td>\n<td class=\"column-5\">Novembre<\/td>\n<td class=\"column-6\">9<\/td>\n<\/tr>\n<tr class=\"row-5 odd\">\n<td class=\"column-1\">Avril<\/td>\n<td class=\"column-2\">27<\/td>\n<td class=\"column-3\">Ao\u00fbt<\/td>\n<td class=\"column-4\">17<\/td>\n<td class=\"column-5\">Decembre<\/td>\n<td class=\"column-6\">7<\/td>\n<\/tr>\n<tr class=\"row-6 even\">\n<td class=\"column-1\" colspan=\"6\">Les \u00e9tudiants non d\u00e9butants peuvent commencer les cours n&rsquo;importe quel lundi sur demande.<br \/>\nL&rsquo;\u00e9cole sera ferm\u00e9e les jours f\u00e9ri\u00e9s suivants: Epiphanie (06\/01), Lundi de P\u00e2ques, Jour de la Lib\u00e9ration de l&rsquo;Italie (25\/04), F\u00eate des Travailleurs (01\/05), F\u00eate de la R\u00e9publique (02\/06), Ferragosto (15 \/ 08), Tous les Saints (01\/11), Immacul\u00e9e Conception (8\/12), vacances de No\u00ebl et nouvel an.<\/td>\n<\/tr>\n<\/tbody>\n<\/table>\n<div class=\"aiosrs-rating-wrap\" data-schema-id=\"90691\">\n<div class=\"aiosrs-star-rating-wrap \">\n<h2><strong>Pourquoi \u00e9tudier l\u2019italien \u00e0 Venise?<\/strong><\/h2>\n<p>&nbsp;<\/p>\n<\/div>\n<\/div>\n<p>Venise est un endroit particuli\u00e8rement propice \u00e0 l&rsquo;apprentissage de l&rsquo;italien, car la ville encourage un rythme diff\u00e9rent. Vous parcourez les m\u00eames rues et places chaque jour, vous retournez dans les m\u00eames endroits et vous vous sentez progressivement plus \u00e0 l&rsquo;aise. Cette routine facilite la pratique naturelle et r\u00e9guli\u00e8re de l&rsquo;italien.<\/p>\n<p>Venise offre \u00e9galement une forte dimension culturelle. De nombreux \u00e9tudiants choisissent cette ville car elle est inspirante et profond\u00e9ment li\u00e9e \u00e0 l&rsquo;art, \u00e0 l&rsquo;histoire et \u00e0 la tradition. Apprendre l&rsquo;italien ici donne souvent l&rsquo;impression d&rsquo;apprendre \u00e0 travers la ville elle-m\u00eame.<\/p>\n<p><strong>Avantages d&rsquo;apprendre l&rsquo;italien \u00e0 Venise<\/strong><\/p>\n<ul>\n<li><b>Le paradis des pi\u00e9tons :<\/b> pas de voitures ni de motos !<\/li>\n<li><b>La culture du \u00ab bacaro \u00bb :<\/b> la vie sociale s&rsquo;articule autour des petits bars \u00e0 vin (<i>bacari<\/i>). C&rsquo;est le cadre id\u00e9al et d\u00e9tendu pour pratiquer l&rsquo;italien conversationnel tout en d\u00e9gustant des <i>cicchetti<\/i> (tapas v\u00e9nitiennes).<\/li>\n<li><b>Immersion dans l&rsquo;histoire de l&rsquo;art :<\/b> vous ne vous contentez pas de lire sur l&rsquo;art, vous le vivez.<\/li>\n<li><b>\u00c9v\u00e9nements de classe mondiale :<\/b> vous pouvez pratiquer vos comp\u00e9tences linguistiques avanc\u00e9es tout en assistant \u00e0 des \u00e9v\u00e9nements culturels de haut niveau comme la <b>Biennale de Venise<\/b>, le <b>Festival du film<\/b> ou le <b>Carnaval<\/b>.<\/li>\n<\/ul>\n<h3><b>Activit\u00e9s culturelles et vie \u00e0 Venise<\/b><\/h3>\n<p>&nbsp;<\/p>\n<p>Les \u00e9tudiants peuvent participer \u00e0 un programme d&rsquo;activit\u00e9s sociales et culturelles con\u00e7u pour les aider \u00e0 d\u00e9couvrir Venise de mani\u00e8re plus authentique et \u00e0 continuer \u00e0 pratiquer l&rsquo;italien apr\u00e8s les cours.<\/p>\n<p>Les activit\u00e9s peuvent inclure :<\/p>\n<ul>\n<li>des promenades guid\u00e9es et des visites autour de Venise<\/li>\n<li>des s\u00e9minaires culturels (par exemple, sur l&rsquo;art, le cin\u00e9ma, la musique et les traditions locales)<\/li>\n<li>des rencontres sociales et des activit\u00e9s de groupe organis\u00e9es par l&rsquo;\u00e9cole<\/li>\n<li>des excursions vers des destinations proches telles que Padoue, Tr\u00e9vise, V\u00e9rone et Ferrare<\/li>\n<\/ul>\n<p>L&rsquo;\u00e9cole organise diff\u00e9rentes activit\u00e9s sociales pour d\u00e9couvrir la ville de Venise. Vous visiterez \u00e9galement certaines des villes les plus int\u00e9ressantes \u00e0 proximit\u00e9 de Venise : Padoue, Tr\u00e9vise, V\u00e9rone, Ferrare. Vous appr\u00e9cierez les magnifiques paysages autour de Venise.<\/p>\n<h3><em><strong>D\u00e9couvrez Venise comme un V\u00e9nitien, et non comme un touriste.<\/strong><\/em><\/h3>\n<div class=\"aiosrs-rating-wrap\" data-schema-id=\"90691\">\n<div class=\"aiosrs-rating-summary-wrap\">\n<h2><\/h2>\n<\/div>\n<\/div>\n<p>&nbsp;<\/p>\n","protected":false},"excerpt":{"rendered":"<p>&nbsp;<\/p>\n<h2><b>Apprenez l&rsquo;italien \u00e0 Venise et d\u00e9couvrez la ville au-del\u00e0 des cartes postales<\/b><\/h2>\n<p>Venise ne se r\u00e9sume pas \u00e0 ses monuments. Vivre et \u00e9tudier ici vous offre la possibilit\u00e9 de ralentir le rythme, de vous cr\u00e9er une routine quotidienne et de d\u00e9couvrir la ville d&rsquo;une mani\u00e8re plus authentique et plus significative, \u00e0 pied, dans les caf\u00e9s de quartier et \u00e0 travers les conversations quotidiennes.<\/p>\n<p>Avec <b>StudiainItalia<\/b>, vous pouvez \u00e9tudier l&rsquo;italien \u00e0 Venise dans une \u00e9cole locale soigneusement s\u00e9lectionn\u00e9e, avec des professeurs natifs qualifi\u00e9s, des petits groupes et une approche communicative ax\u00e9e sur l&rsquo;utilisation pratique de la langue. L&rsquo;objectif est simple : vous aider \u00e0 vous sentir \u00e0 l&rsquo;aise pour utiliser l&rsquo;italien dans des situations r\u00e9elles tout en profitant d&rsquo;une exp\u00e9rience culturelle authentique.<\/p>\n<p><em><strong>\u00cates-vous pr\u00eat \u00e0 savourer les \u00e9motions que seule Venise peut vous procurer ?<\/strong><\/em><\/p>\n<p>&nbsp;<\/p>\n<p>&nbsp;<\/p>\n","protected":false},"featured_media":197729,"comment_status":"open","ping_status":"closed","template":"","meta":{"_acf_changed":false,"_uag_custom_page_level_css":"","_kad_blocks_custom_css":"","_kad_blocks_head_custom_js":"","_kad_blocks_body_custom_js":"","_kad_blocks_footer_custom_js":"","site-sidebar-layout":"default","site-content-layout":"default","ast-site-content-layout":"default","site-content-style":"default","site-sidebar-style":"default","ast-global-header-display":"","ast-banner-title-visibility":"","ast-main-header-display":"","ast-hfb-above-header-display":"","ast-hfb-below-header-display":"","ast-hfb-mobile-header-display":"","site-post-title":"","ast-breadcrumbs-content":"","ast-featured-img":"","footer-sml-layout":"","ast-disable-related-posts":"","theme-transparent-header-meta":"default","adv-header-id-meta":"","stick-header-meta":"default","header-above-stick-meta":"","header-main-stick-meta":"","header-below-stick-meta":"","astra-migrate-meta-layouts":"set","ast-page-background-enabled":"default","ast-page-background-meta":{"desktop":{"background-color":"var(--ast-global-color-4)","background-image":"","background-repeat":"repeat","background-position":"center center","background-size":"auto","background-attachment":"scroll","background-type":"","background-media":"","overlay-type":"","overlay-color":"","overlay-opacity":"","overlay-gradient":""},"tablet":{"background-color":"","background-image":"","background-repeat":"repeat","background-position":"center center","background-size":"auto","background-attachment":"scroll","background-type":"","background-media":"","overlay-type":"","overlay-color":"","overlay-opacity":"","overlay-gradient":""},"mobile":{"background-color":"","background-image":"","background-repeat":"repeat","background-position":"center center","background-size":"auto","background-attachment":"scroll","background-type":"","background-media":"","overlay-type":"","overlay-color":"","overlay-opacity":"","overlay-gradient":""}},"ast-content-background-meta":{"desktop":{"background-color":"var(--ast-global-color-5)","background-image":"","background-repeat":"repeat","background-position":"center center","background-size":"auto","background-attachment":"scroll","background-type":"","background-media":"","overlay-type":"","overlay-color":"","overlay-opacity":"","overlay-gradient":""},"tablet":{"background-color":"var(--ast-global-color-5)","background-image":"","background-repeat":"repeat","background-position":"center center","background-size":"auto","background-attachment":"scroll","background-type":"","background-media":"","overlay-type":"","overlay-color":"","overlay-opacity":"","overlay-gradient":""},"mobile":{"background-color":"var(--ast-global-color-5)","background-image":"","background-repeat":"repeat","background-position":"center center","background-size":"auto","background-attachment":"scroll","background-type":"","background-media":"","overlay-type":"","overlay-color":"","overlay-opacity":"","overlay-gradient":""}}},"section":[2027],"product_brand":[],"product_cat":[1262,1301],"product_tag":[1877],"class_list":{"0":"post-188302","1":"product","2":"type-product","3":"status-publish","4":"has-post-thumbnail","6":"section-north","7":"product_cat-cours-italien-en-italie","8":"product_cat-cours-a-venise","9":"product_tag-cours-ditalien-en-italie","10":"desktop-align-left","11":"tablet-align-left","12":"mobile-align-left","13":"ast-product-gallery-layout-horizontal-slider","14":"ast-product-single-variable","15":"ast-product-tabs-layout-horizontal","16":"ast-qv-on-image-click","18":"first","19":"instock","20":"sold-individually","21":"shipping-taxable","22":"purchasable","23":"product-type-variable","24":"has-default-attributes"},"acf":[],"taxonomy_info":{"section":[{"value":2027,"label":"North"}],"product_cat":[{"value":1262,"label":"Cours d'italien en Italie"},{"value":1301,"label":"\u00c9tudier \u00e0 Venise"}],"product_tag":[{"value":1877,"label":"Cours d'italien en Italie"}]},"featured_image_src_large":["https:\/\/www.studiainitalia.com\/wp-content\/uploads\/2024\/03\/VENEZIA.jpg",1024,814,false],"author_info":[],"comment_info":12,"uagb_featured_image_src":{"full":["https:\/\/www.studiainitalia.com\/wp-content\/uploads\/2024\/03\/VENEZIA.jpg",1024,814,false],"thumbnail":["https:\/\/www.studiainitalia.com\/wp-content\/uploads\/2024\/03\/VENEZIA.jpg",121,96,false],"medium":["https:\/\/www.studiainitalia.com\/wp-content\/uploads\/2024\/03\/VENEZIA.jpg",1024,814,false],"medium_large":["https:\/\/www.studiainitalia.com\/wp-content\/uploads\/2024\/03\/VENEZIA-768x611.jpg",768,611,true],"large":["https:\/\/www.studiainitalia.com\/wp-content\/uploads\/2024\/03\/VENEZIA.jpg",1024,814,false],"1536x1536":["https:\/\/www.studiainitalia.com\/wp-content\/uploads\/2024\/03\/VENEZIA.jpg",1024,814,false],"2048x2048":["https:\/\/www.studiainitalia.com\/wp-content\/uploads\/2024\/03\/VENEZIA.jpg",1024,814,false],"ultp_layout_landscape_large":["https:\/\/www.studiainitalia.com\/wp-content\/uploads\/2024\/03\/VENEZIA-1024x800.jpg",1024,800,true],"ultp_layout_landscape":["https:\/\/www.studiainitalia.com\/wp-content\/uploads\/2024\/03\/VENEZIA-870x570.jpg",870,570,true],"ultp_layout_portrait":["https:\/\/www.studiainitalia.com\/wp-content\/uploads\/2024\/03\/VENEZIA-600x814.jpg",600,814,true],"ultp_layout_square":["https:\/\/www.studiainitalia.com\/wp-content\/uploads\/2024\/03\/VENEZIA-600x600.jpg",600,600,true],"gform-image-choice-sm":["https:\/\/www.studiainitalia.com\/wp-content\/uploads\/2024\/03\/VENEZIA.jpg",300,238,false],"gform-image-choice-md":["https:\/\/www.studiainitalia.com\/wp-content\/uploads\/2024\/03\/VENEZIA.jpg",400,318,false],"gform-image-choice-lg":["https:\/\/www.studiainitalia.com\/wp-content\/uploads\/2024\/03\/VENEZIA.jpg",600,477,false],"woocommerce_thumbnail":["https:\/\/www.studiainitalia.com\/wp-content\/uploads\/2024\/03\/VENEZIA-300x300.jpg",300,300,true],"woocommerce_single":["https:\/\/www.studiainitalia.com\/wp-content\/uploads\/2024\/03\/VENEZIA-400x318.jpg",400,318,true],"woocommerce_gallery_thumbnail":["https:\/\/www.studiainitalia.com\/wp-content\/uploads\/2024\/03\/VENEZIA-100x100.jpg",100,100,true],"yarpp-thumbnail":["https:\/\/www.studiainitalia.com\/wp-content\/uploads\/2024\/03\/VENEZIA-120x120.jpg",120,120,true]},"uagb_author_info":{"display_name":"Javier Diaz","author_link":"https:\/\/www.studiainitalia.com\/fr\/author\/"},"uagb_comment_info":12,"uagb_excerpt":"&nbsp; Apprenez l'italien \u00e0 Venise et d\u00e9couvrez la ville au-del\u00e0 des cartes postales Venise ne se r\u00e9sume pas \u00e0 ses monuments. Vivre et \u00e9tudier ici vous offre la possibilit\u00e9 de ralentir le rythme, de vous cr\u00e9er une routine quotidienne et de d\u00e9couvrir la ville d'une mani\u00e8re plus authentique et plus significative, \u00e0 pied, dans les\u2026","_links":{"self":[{"href":"https:\/\/www.studiainitalia.com\/fr\/wp-json\/wp\/v2\/product\/188302","targetHints":{"allow":["GET"]}}],"collection":[{"href":"https:\/\/www.studiainitalia.com\/fr\/wp-json\/wp\/v2\/product"}],"about":[{"href":"https:\/\/www.studiainitalia.com\/fr\/wp-json\/wp\/v2\/types\/product"}],"replies":[{"embeddable":true,"href":"https:\/\/www.studiainitalia.com\/fr\/wp-json\/wp\/v2\/comments?post=188302"}],"wp:featuredmedia":[{"embeddable":true,"href":"https:\/\/www.studiainitalia.com\/fr\/wp-json\/wp\/v2\/media\/197729"}],"wp:attachment":[{"href":"https:\/\/www.studiainitalia.com\/fr\/wp-json\/wp\/v2\/media?parent=188302"}],"wp:term":[{"taxonomy":"section","embeddable":true,"href":"https:\/\/www.studiainitalia.com\/fr\/wp-json\/wp\/v2\/section?post=188302"},{"taxonomy":"product_brand","embeddable":true,"href":"https:\/\/www.studiainitalia.com\/fr\/wp-json\/wp\/v2\/product_brand?post=188302"},{"taxonomy":"product_cat","embeddable":true,"href":"https:\/\/www.studiainitalia.com\/fr\/wp-json\/wp\/v2\/product_cat?post=188302"},{"taxonomy":"product_tag","embeddable":true,"href":"https:\/\/www.studiainitalia.com\/fr\/wp-json\/wp\/v2\/product_tag?post=188302"}],"curies":[{"name":"wp","href":"https:\/\/api.w.org\/{rel}","templated":true}]}}