{"id":188308,"date":"2016-11-01T15:57:25","date_gmt":"2016-11-01T14:57:25","guid":{"rendered":"https:\/\/www.studiainitalia.com\/courses\/non%20class\u00e9\/italien-in-lucca\/"},"modified":"2026-03-25T10:36:36","modified_gmt":"2026-03-25T09:36:36","slug":"italien-a-lucca","status":"publish","type":"product","link":"https:\/\/www.studiainitalia.com\/fr\/cours\/cours-italien-en-italie\/italien-a-lucca\/","title":{"rendered":"Cours d\u2019italien \u00e0 Lucca"},"content":{"rendered":"<h2>Cours d&rsquo;Italien \u00e0 Lucques<\/h2>\n<p>&nbsp;<\/p>\n<p>Notre cours de langue italienne \u00e0 Lucques se d\u00e9roule tout au long de l&rsquo;ann\u00e9e. Les cours sont officiellement reconnus par la r\u00e9gion Toscane et la ville de Lucques.<br \/>\nCette accr\u00e9ditation garantit un enseignement de haute qualit\u00e9, des professeurs experts et un environnement s\u00fbr et bien \u00e9quip\u00e9 pour vos \u00e9tudes en Italie.<\/p>\n<p>Nous consid\u00e9rons qu&rsquo;une langue est bien plus qu&rsquo;un ensemble de r\u00e8gles ; c&rsquo;est un pont vers une connexion authentique et l&rsquo;expression de soi.<br \/>\nNotre approche donne vie \u00e0 l&rsquo;\u00e2me italienne, en utilisant du mat\u00e9riel concret en classe et en favorisant des conversations authentiques avec les habitants dans les rues de Lucques.<\/p>\n<p>Nous proposons une exploration approfondie et r\u00e9fl\u00e9chie de la grammaire, de la syntaxe et du vocabulaire, non pas sous forme d&rsquo;exercices arides, mais comme des cl\u00e9s essentielles pour d\u00e9couvrir la richesse de la culture italienne.<\/p>\n<p>En \u00e9quilibrant un apprentissage structur\u00e9 et une pratique immersive, nous vous garantissons d&rsquo;acqu\u00e9rir \u00e0 la fois la confiance n\u00e9cessaire pour parler et la perspicacit\u00e9 pour comprendre v\u00e9ritablement le mode de vie italien.<\/p>\n<p>Tous les niveaux, de A1 \u00e0 C2, du Cadre europ\u00e9en commun de r\u00e9f\u00e9rence pour les langues (CECR) sont propos\u00e9s.<\/p>\n<h3><strong>Structure des coursd&rsquo;italien<\/strong><\/h3>\n<p>&nbsp;<\/p>\n<ul>\n<li>4 cours d\u2019italien par jour, du lundi au vendredi<\/li>\n<li>Petits groupes de 6 \u00e0 12 \u00e9tudiants<\/li>\n<li>Cours le matin<\/li>\n<li>Dur\u00e9e flexible<\/li>\n<\/ul>\n<h3><strong>Types de cours d&rsquo;italien disponibles \u00e0 Lucques<\/strong><\/h3>\n<p>&nbsp;<\/p>\n<ul>\n<li>Cours intensif d&rsquo;italien (4 cours par jour)<\/li>\n<li>Cours particuliers<\/li>\n<li>Cours combin\u00e9s de <strong>langue et culture italiennes<\/strong> (art, histoire de l&rsquo;art, cuisine, op\u00e9ra, promenades)<\/li>\n<\/ul>\n<h2><strong>Dates de d\u00e9but des cours et informations d\u00e9taill\u00e9es\u00a0 <\/strong><\/h2>\n<p>&nbsp;<\/p>\n<ul>\n<li><strong>Dur\u00e9e des cours<\/strong> : 50 minutes<\/li>\n<li><strong>Effectif moyen par classe<\/strong> : 9 \u00e9tudiants<\/li>\n<li><strong>Effectif maximum par classe<\/strong> : 12 \u00e9tudiants<\/li>\n<li><strong>Horaires<\/strong> : le matin<\/li>\n<li><strong>Mat\u00e9riel p\u00e9dagogique<\/strong> : inclus<\/li>\n<li><strong>Test de niveau et certificat final<\/strong> : inclus<\/li>\n<li><strong>Localisation<\/strong> : Via dei Bacchettoni 25<\/li>\n<li><strong>Autres services :<\/strong> acc\u00e8s Internet, biblioth\u00e8que,\u00a0 activit\u00e9s sociales et jardin<\/li>\n<\/ul>\n<table id=\"tablepress-717\" class=\"tablepress tablepress-id-717\">\n<thead>\n<tr class=\"row-1 odd\">\n<th class=\"column-1\" colspan=\"6\">Dates de d\u00e9but 2026<\/th>\n<\/tr>\n<\/thead>\n<tbody class=\"row-hover\">\n<tr class=\"row-2 even\">\n<td class=\"column-1\">Janvier<\/td>\n<td class=\"column-2\">12, 26<\/td>\n<td class=\"column-3\">Mai<\/td>\n<td class=\"column-4\">4, 18<\/td>\n<td class=\"column-5\">Septembre<\/td>\n<td class=\"column-6\">14, 28<\/td>\n<\/tr>\n<tr class=\"row-3 odd\">\n<td class=\"column-1\">F\u00e9vrier<\/td>\n<td class=\"column-2\">9, 23<\/td>\n<td class=\"column-3\">Juin<\/td>\n<td class=\"column-4\">8, 22<\/td>\n<td class=\"column-5\">Octobre<\/td>\n<td class=\"column-6\">12, 26<\/td>\n<\/tr>\n<tr class=\"row-4 even\">\n<td class=\"column-1\">Mars<\/td>\n<td class=\"column-2\">9, 23<\/td>\n<td class=\"column-3\">Juillet<\/td>\n<td class=\"column-4\">6,\u00a0 20<\/td>\n<td class=\"column-5\">Novembre<\/td>\n<td class=\"column-6\">9, 23<\/td>\n<\/tr>\n<tr class=\"row-5 odd\">\n<td class=\"column-1\">Avril<\/td>\n<td class=\"column-2\">7, 20<\/td>\n<td class=\"column-3\">Ao\u00fbt<\/td>\n<td class=\"column-4\">3, 17, 31<\/td>\n<td class=\"column-5\">Decembre<\/td>\n<td class=\"column-6\">7<\/td>\n<\/tr>\n<tr class=\"row-6 even\">\n<td class=\"column-1\" colspan=\"6\">L&rsquo;\u00e9cole sera ferm\u00e9e les jours f\u00e9ri\u00e9s suivants: Epiphanie (06\/01), Lundi de P\u00e2ques, Jour de la Lib\u00e9ration de l&rsquo;Italie (25\/04), F\u00eate des Travailleurs (01\/05), F\u00eate de la R\u00e9publique (02\/06), Ferragosto (15 \/ 08), Tous les Saints (01\/11), Immacul\u00e9e Conception (8\/12), vacances de No\u00ebl et nouvel an.<\/td>\n<\/tr>\n<\/tbody>\n<\/table>\n<div class=\"aiosrs-rating-wrap\" data-schema-id=\"90691\">\n<div class=\"aiosrs-star-rating-wrap \">\n<h2><b><strong>Pourquoi apprendre l&rsquo;italien \u00e0 Lucques ?<\/strong><\/b><\/h2>\n<p>&nbsp;<\/p>\n<\/div>\n<div class=\"aiosrs-rating-summary-wrap\">\n<p>Id\u00e9alement situ\u00e9e \u00e0 proximit\u00e9 des villes artistiques de Florence et Pise, Lucques reste un havre de paix, une ville italienne authentique o\u00f9 la vie s&rsquo;\u00e9coule \u00e0 un rythme gracieux et humain.<\/p>\n<p>C&rsquo;est l&rsquo;endroit id\u00e9al pour \u00e9tudier la langue ; l&rsquo;italien qui y est parl\u00e9 est remarquablement clair et proche de la langue standard, ce qui rend son apprentissage et sa pratique avec les habitants chaleureux particuli\u00e8rement agr\u00e9ables.<\/p>\n<ul>\n<li><b>Les remparts embl\u00e9matiques :<\/b> la ville est entour\u00e9e de pr\u00e8s de six kilom\u00e8tres de remparts anciens bord\u00e9s d&rsquo;arbres, qui offrent un chemin plat et facile pour une promenade matinale ou une balade \u00e0 v\u00e9lo en admirant les toits.<\/li>\n<li><b>Une histoire vivante :<\/b> des ruines romaines au lieu de naissance du grand compositeur d&rsquo;op\u00e9ra Giacomo Puccini, l&rsquo;histoire est pr\u00e9sente \u00e0 chaque coin de rue.<\/li>\n<li><b>Culture et confort :<\/b> Lucques est suffisamment petite pour que l&rsquo;on s&rsquo;y sente comme chez soi, mais suffisamment grande pour offrir des boutiques raffin\u00e9es, des ateliers d&rsquo;artisans traditionnels et d&rsquo;incroyables vins et sp\u00e9cialit\u00e9s locales.<\/li>\n<\/ul>\n<p><b>Avantages d&rsquo;\u00e9tudier l&rsquo;italien \u00e0 Lucques<\/b><\/p>\n<ul>\n<li><b>Accents clairs :<\/b> \u00e9tudiez au c\u0153ur de la Toscane, o\u00f9 l&rsquo;italien local est remarquablement clair et proche de la langue \u00ab standard \u00bb, ce qui vous permet d&rsquo;apprendre et d&rsquo;\u00eatre compris plus facilement.<\/li>\n<li>Immersion locale : Lucques reste une ville italienne authentique o\u00f9 vous pourrez mettre en pratique vos comp\u00e9tences lors de conversations tranquilles et enrichissantes avec des habitants accueillants.<\/li>\n<li><b>Un environnement d\u00e9tendu et s\u00fbr :<\/b> profitez de la tranquillit\u00e9 d&rsquo;une ville pi\u00e9tonne ; les rues plates et les magnifiques remparts bord\u00e9s d&rsquo;arbres offrent un cadre s\u00fbr, serein et magnifique pour vos promenades et vos \u00e9tudes quotidiennes.<\/li>\n<li><b>Le point de d\u00e9part id\u00e9al en Toscane :<\/b> nich\u00e9e entre les montagnes et la mer, Lucques est un havre de paix qui vous permet d&rsquo;explorer Florence.<\/li>\n<\/ul>\n<h3><b><strong>Activit\u00e9s et vie culturelle \u00e0 Lucques<\/strong><\/b><\/h3>\n<p>&nbsp;<\/p>\n<p>Le calendrier de Lucques est rempli de c\u00e9l\u00e9brations qui font revivre son histoire et sa communaut\u00e9, comme le Lucca Comics, l&rsquo;un des plus grands festivals de culture pop au monde. La ville est \u00e9galement c\u00e9l\u00e8bre pour le Lucca Summer Festival, qui accueille des artistes de renomm\u00e9e mondiale sur ses places historiques, et le <b>Puccini Festival<\/b> \u00e0 Torre del Lago, non loin de l\u00e0.<\/p>\n<\/div>\n<\/div>\n","protected":false},"excerpt":{"rendered":"<h2>Lucques: l\u2019une des plus jolies villes de la Toscane!<\/h2>\n<p>La ville est tr\u00e8s proche de Florence mais loin du tourisme de masse.<\/p>\n<p>C\u2019est une ville conviviale pour les pi\u00e9tons et les cyclistes, vous pouvez donc vous d\u00e9placer en toute s\u00e9curit\u00e9 dans ses rues \u00e9troites.<\/p>\n<p>Si vous aimez la musique, vous ne pouvez pas manquer le\u00a0<strong>Festival Puccini<\/strong>\u00a0ou le Festival de jazz en \u00e9t\u00e9.<\/p>\n","protected":false},"featured_media":117747,"comment_status":"open","ping_status":"closed","template":"","meta":{"_acf_changed":false,"_uag_custom_page_level_css":"","_kad_blocks_custom_css":"","_kad_blocks_head_custom_js":"","_kad_blocks_body_custom_js":"","_kad_blocks_footer_custom_js":"","site-sidebar-layout":"default","site-content-layout":"default","ast-site-content-layout":"default","site-content-style":"default","site-sidebar-style":"default","ast-global-header-display":"","ast-banner-title-visibility":"","ast-main-header-display":"","ast-hfb-above-header-display":"","ast-hfb-below-header-display":"","ast-hfb-mobile-header-display":"","site-post-title":"","ast-breadcrumbs-content":"","ast-featured-img":"","footer-sml-layout":"","ast-disable-related-posts":"","theme-transparent-header-meta":"default","adv-header-id-meta":"","stick-header-meta":"default","header-above-stick-meta":"","header-main-stick-meta":"","header-below-stick-meta":"","astra-migrate-meta-layouts":"set","ast-page-background-enabled":"default","ast-page-background-meta":{"desktop":{"background-color":"var(--ast-global-color-4)","background-image":"","background-repeat":"repeat","background-position":"center center","background-size":"auto","background-attachment":"scroll","background-type":"","background-media":"","overlay-type":"","overlay-color":"","overlay-opacity":"","overlay-gradient":""},"tablet":{"background-color":"","background-image":"","background-repeat":"repeat","background-position":"center center","background-size":"auto","background-attachment":"scroll","background-type":"","background-media":"","overlay-type":"","overlay-color":"","overlay-opacity":"","overlay-gradient":""},"mobile":{"background-color":"","background-image":"","background-repeat":"repeat","background-position":"center center","background-size":"auto","background-attachment":"scroll","background-type":"","background-media":"","overlay-type":"","overlay-color":"","overlay-opacity":"","overlay-gradient":""}},"ast-content-background-meta":{"desktop":{"background-color":"var(--ast-global-color-5)","background-image":"","background-repeat":"repeat","background-position":"center center","background-size":"auto","background-attachment":"scroll","background-type":"","background-media":"","overlay-type":"","overlay-color":"","overlay-opacity":"","overlay-gradient":""},"tablet":{"background-color":"var(--ast-global-color-5)","background-image":"","background-repeat":"repeat","background-position":"center center","background-size":"auto","background-attachment":"scroll","background-type":"","background-media":"","overlay-type":"","overlay-color":"","overlay-opacity":"","overlay-gradient":""},"mobile":{"background-color":"var(--ast-global-color-5)","background-image":"","background-repeat":"repeat","background-position":"center center","background-size":"auto","background-attachment":"scroll","background-type":"","background-media":"","overlay-type":"","overlay-color":"","overlay-opacity":"","overlay-gradient":""}}},"section":[2028],"product_brand":[],"product_cat":[1262,1302],"product_tag":[1877],"class_list":{"0":"post-188308","1":"product","2":"type-product","3":"status-publish","4":"has-post-thumbnail","6":"section-center","7":"product_cat-cours-italien-en-italie","8":"product_cat-cours-a-lucca","9":"product_tag-cours-ditalien-en-italie","10":"desktop-align-left","11":"tablet-align-left","12":"mobile-align-left","13":"ast-product-gallery-layout-horizontal-slider","14":"ast-product-single-variable","15":"ast-product-tabs-layout-horizontal","16":"ast-qv-on-image-click","18":"first","19":"instock","20":"sold-individually","21":"shipping-taxable","22":"purchasable","23":"product-type-variable","24":"has-default-attributes"},"acf":[],"taxonomy_info":{"section":[{"value":2028,"label":"Center"}],"product_cat":[{"value":1262,"label":"Cours d'italien en Italie"},{"value":1302,"label":"\u00c9tudier \u00e0 Lucca"}],"product_tag":[{"value":1877,"label":"Cours d'italien en Italie"}]},"featured_image_src_large":["https:\/\/www.studiainitalia.com\/wp-content\/uploads\/2016\/11\/italian-in-lucca-1-e1490099174871.jpg",300,301,false],"author_info":[],"comment_info":13,"uagb_featured_image_src":{"full":["https:\/\/www.studiainitalia.com\/wp-content\/uploads\/2016\/11\/italian-in-lucca-1-e1490099174871.jpg",300,301,false],"thumbnail":["https:\/\/www.studiainitalia.com\/wp-content\/uploads\/2016\/11\/italian-in-lucca-1-150x150.jpg",96,96,true],"medium":["https:\/\/www.studiainitalia.com\/wp-content\/uploads\/2016\/11\/italian-in-lucca-1-300x300.jpg",300,300,true],"medium_large":["https:\/\/www.studiainitalia.com\/wp-content\/uploads\/2016\/11\/italian-in-lucca-1-e1490099174871.jpg",300,301,false],"large":["https:\/\/www.studiainitalia.com\/wp-content\/uploads\/2016\/11\/italian-in-lucca-1-e1490099174871.jpg",300,301,false],"1536x1536":["https:\/\/www.studiainitalia.com\/wp-content\/uploads\/2016\/11\/italian-in-lucca-1-e1490099174871.jpg",300,301,false],"2048x2048":["https:\/\/www.studiainitalia.com\/wp-content\/uploads\/2016\/11\/italian-in-lucca-1-e1490099174871.jpg",300,301,false],"ultp_layout_landscape_large":["https:\/\/www.studiainitalia.com\/wp-content\/uploads\/2016\/11\/italian-in-lucca-1-e1490099174871.jpg",300,301,false],"ultp_layout_landscape":["https:\/\/www.studiainitalia.com\/wp-content\/uploads\/2016\/11\/italian-in-lucca-1-e1490099174871.jpg",300,301,false],"ultp_layout_portrait":["https:\/\/www.studiainitalia.com\/wp-content\/uploads\/2016\/11\/italian-in-lucca-1-e1490099174871.jpg",300,301,false],"ultp_layout_square":["https:\/\/www.studiainitalia.com\/wp-content\/uploads\/2016\/11\/italian-in-lucca-1-e1490099174871.jpg",300,301,false],"gform-image-choice-sm":["https:\/\/www.studiainitalia.com\/wp-content\/uploads\/2016\/11\/italian-in-lucca-1-e1490099174871.jpg",299,300,false],"gform-image-choice-md":["https:\/\/www.studiainitalia.com\/wp-content\/uploads\/2016\/11\/italian-in-lucca-1-e1490099174871.jpg",300,301,false],"gform-image-choice-lg":["https:\/\/www.studiainitalia.com\/wp-content\/uploads\/2016\/11\/italian-in-lucca-1-e1490099174871.jpg",300,301,false],"woocommerce_thumbnail":["https:\/\/www.studiainitalia.com\/wp-content\/uploads\/2016\/11\/italian-in-lucca-1-e1490099174871-300x300.jpg",300,300,true],"woocommerce_single":["https:\/\/www.studiainitalia.com\/wp-content\/uploads\/2016\/11\/italian-in-lucca-1-e1490099174871.jpg",300,301,false],"woocommerce_gallery_thumbnail":["https:\/\/www.studiainitalia.com\/wp-content\/uploads\/2016\/11\/italian-in-lucca-1-e1490099174871-100x100.jpg",100,100,true],"yarpp-thumbnail":["https:\/\/www.studiainitalia.com\/wp-content\/uploads\/2016\/11\/italian-in-lucca-1-e1490099174871.jpg",120,120,false]},"uagb_author_info":{"display_name":"Javier Diaz","author_link":"https:\/\/www.studiainitalia.com\/fr\/author\/"},"uagb_comment_info":13,"uagb_excerpt":"Lucques: l\u2019une des plus jolies villes de la Toscane! La ville est tr\u00e8s proche de Florence mais loin du tourisme de masse. C\u2019est une ville conviviale pour les pi\u00e9tons et les cyclistes, vous pouvez donc vous d\u00e9placer en toute s\u00e9curit\u00e9 dans ses rues \u00e9troites. Si vous aimez la musique, vous ne pouvez pas manquer le\u00a0Festival\u2026","_links":{"self":[{"href":"https:\/\/www.studiainitalia.com\/fr\/wp-json\/wp\/v2\/product\/188308","targetHints":{"allow":["GET"]}}],"collection":[{"href":"https:\/\/www.studiainitalia.com\/fr\/wp-json\/wp\/v2\/product"}],"about":[{"href":"https:\/\/www.studiainitalia.com\/fr\/wp-json\/wp\/v2\/types\/product"}],"replies":[{"embeddable":true,"href":"https:\/\/www.studiainitalia.com\/fr\/wp-json\/wp\/v2\/comments?post=188308"}],"wp:featuredmedia":[{"embeddable":true,"href":"https:\/\/www.studiainitalia.com\/fr\/wp-json\/wp\/v2\/media\/117747"}],"wp:attachment":[{"href":"https:\/\/www.studiainitalia.com\/fr\/wp-json\/wp\/v2\/media?parent=188308"}],"wp:term":[{"taxonomy":"section","embeddable":true,"href":"https:\/\/www.studiainitalia.com\/fr\/wp-json\/wp\/v2\/section?post=188308"},{"taxonomy":"product_brand","embeddable":true,"href":"https:\/\/www.studiainitalia.com\/fr\/wp-json\/wp\/v2\/product_brand?post=188308"},{"taxonomy":"product_cat","embeddable":true,"href":"https:\/\/www.studiainitalia.com\/fr\/wp-json\/wp\/v2\/product_cat?post=188308"},{"taxonomy":"product_tag","embeddable":true,"href":"https:\/\/www.studiainitalia.com\/fr\/wp-json\/wp\/v2\/product_tag?post=188308"}],"curies":[{"name":"wp","href":"https:\/\/api.w.org\/{rel}","templated":true}]}}