{"id":188332,"date":"2016-10-31T16:42:57","date_gmt":"2016-10-31T15:42:57","guid":{"rendered":"https:\/\/www.studiainitalia.com\/courses\/non%20class\u00e9\/italien-in-florence-semi-intensif\/"},"modified":"2026-03-25T09:52:41","modified_gmt":"2026-03-25T08:52:41","slug":"cours-italien-a-florence","status":"publish","type":"product","link":"https:\/\/www.studiainitalia.com\/fr\/cours\/cours-italien-en-italie\/cours-italien-a-florence\/","title":{"rendered":"Cours semi intensif d\u2019italien \u00e0 Florence"},"content":{"rendered":"<h2><strong>Nos cours d&rsquo;italien semi-intensifs \u00e0 Florence<\/strong><\/h2>\n<p>&nbsp;<\/p>\n<p>Les <strong>cours semi-intensifs d\u2019italien \u00e0 Florence<\/strong> commencent toutes les deux semaines et sont ouverts \u00e0 <strong>tous les niveaux<\/strong>, du d\u00e9butant au niveau avanc\u00e9.<\/p>\n<p>Ce format est parfait pour ceux qui souhaitent progresser rapidement en italien, tout en ayant du temps libre pour d\u00e9couvrir la ville, visiter ses mus\u00e9es et profiter de sa vie culturelle dynamique.<\/p>\n<p>Notre \u00e9cole \u00e0 Florence, Centro Machiavelli, fond\u00e9e en 1978, est reconnue par le minist\u00e8re italien de l\u2019\u00e9ducation. Elle se caract\u00e9rise par le soin et l\u2019attention avec lesquels les membres du personnel traitent chaque participant aux cours.<\/p>\n<h3><strong>Structure du cours<\/strong><\/h3>\n<p>&nbsp;<\/p>\n<ul>\n<li>2 cours par jour, du lundi au vendredi<\/li>\n<li>Dur\u00e9e flexible : de 2 \u00e0 48 semaines<\/li>\n<li>Petits groupes : 6 \u00e0 10 \u00e9tudiants<\/li>\n<li>Horaires :\n<ul>\n<li>Cours de grammaire : 9h00 \u2013 10h30<\/li>\n<li>Cours de conversation : 11h00 \u2013 12h30<\/li>\n<\/ul>\n<\/li>\n<\/ul>\n<p>Vous pouvez choisir entre deux options :<\/p>\n<ul>\n<li><strong>Cours de grammaire et vocabulaire<\/strong> : ax\u00e9 sur les structures linguistiques, la prononciation et l\u2019\u00e9criture<\/li>\n<li><strong>Cours de conversation<\/strong> : bas\u00e9 sur des th\u00e8mes d\u2019actualit\u00e9, activit\u00e9s communicatives, jeux et supports audiovisuels (films, musique, articles)<\/li>\n<\/ul>\n<p>Les deux m\u00e9thodes sont <strong>communicatives et interactives<\/strong>, encourageant l\u2019utilisation r\u00e9elle de l\u2019italien d\u00e8s le premier jour.<\/p>\n<h3><strong>Ce qui rend l\u2019apprentissage de l\u2019italien \u00e0 Florence sp\u00e9cial<\/strong><\/h3>\n<p>&nbsp;<\/p>\n<p>Centro Machiavelli, fond\u00e9e en 1978, est situ\u00e9e dans un b\u00e2timent historique en plein centre de Florence, \u00e0 quelques pas du <strong>Ponte Vecchio<\/strong> et de la dynamique <strong>Piazza Santo Spirito<\/strong>, lieu de rencontre pr\u00e9f\u00e9r\u00e9 des Florentins.<\/p>\n<p>L\u2019ambiance y est chaleureuse et conviviale, avec une \u00e9quipe de professeurs et de personnel offrant un suivi personnalis\u00e9 \u00e0 chaque \u00e9tudiant.<\/p>\n<p>L\u2019\u00e9cole est officiellement reconnue par le <strong>Minist\u00e8re italien de l\u2019\u00c9ducation<\/strong>, poss\u00e8de une <strong>certification ISO de qualit\u00e9<\/strong> et est accr\u00e9dit\u00e9e par la <strong>R\u00e9gion Toscane<\/strong> en tant que centre de formation.<\/p>\n<p><strong>Avantages d\u2019\u00e9tudier l\u2019italien \u00e0 Florence\u00a0<\/strong><\/p>\n<ul>\n<li>Plus de 40 ans d\u2019exp\u00e9rience dans l\u2019enseignement de l\u2019italien<\/li>\n<li>Professeurs natifs hautement qualifi\u00e9s<\/li>\n<li>Classes r\u00e9duites et suivi individualis\u00e9<\/li>\n<li>Choix entre cours de grammaire ou de conversation<\/li>\n<li>Possibilit\u00e9 de combiner l\u2019apprentissage avec l\u2019art, la cuisine, l\u2019histoire de l\u2019art ou la joaillerie<\/li>\n<li>\u00c9cole situ\u00e9e dans le c\u0153ur historique de Florence<\/li>\n<li>Atmosph\u00e8re familiale, internationale et stimulante<\/li>\n<\/ul>\n<h2><strong>Dates de d\u00e9but des cours et informations d\u00e9taill\u00e9es\u00a0<\/strong><\/h2>\n<p>&nbsp;<\/p>\n<ul>\n<li><strong>Dur\u00e9e des cours<\/strong> : 45 minutes<\/li>\n<li><strong>Effectif moyen par classe<\/strong> : 9 \u00e9tudiants<\/li>\n<li><strong>Effectif maximum par classe<\/strong> : 12 \u00e9tudiants<\/li>\n<li><strong>Horaires<\/strong> : le matin ou l\u2019apr\u00e8s-midi, selon le niveau attribu\u00e9<\/li>\n<li><strong>Mat\u00e9riel p\u00e9dagogique<\/strong> : inclus<\/li>\n<li><strong>Test de niveau et certificat final<\/strong> : inclus<\/li>\n<li><strong>Localisation<\/strong> : Via dei Bardi 28<\/li>\n<li><strong>Autres services :<\/strong> acc\u00e8s Internet,\u00a0 activit\u00e9s sociales et transfert depuis l\u2019a\u00e9roport disponibles<\/li>\n<\/ul>\n\n<table id=\"tablepress-711\" class=\"tablepress tablepress-id-711 tbody-has-connected-cells\">\n<thead>\n<tr class=\"row-1\">\n\t<th colspan=\"6\" class=\"column-1\">Dates  de d\u00e9but 2026<\/th>\n<\/tr>\n<\/thead>\n<tbody class=\"row-striping row-hover\">\n<tr class=\"row-2\">\n\t<td class=\"column-1\">Janvier<\/td><td class=\"column-2\">5, 19<\/td><td class=\"column-3\">Mai<\/td><td class=\"column-4\">11, 25<\/td><td class=\"column-5\">Septembre<\/td><td class=\"column-6\">14, 28<\/td>\n<\/tr>\n<tr class=\"row-3\">\n\t<td class=\"column-1\">F\u00e9vrier<\/td><td class=\"column-2\">2, 16<\/td><td class=\"column-3\">Juin<\/td><td class=\"column-4\">8, 22<\/td><td class=\"column-5\">Octobre<\/td><td class=\"column-6\">12, 26<\/td>\n<\/tr>\n<tr class=\"row-4\">\n\t<td class=\"column-1\">Mars<\/td><td class=\"column-2\">2, 16, 30<\/td><td class=\"column-3\">Juillet<\/td><td class=\"column-4\">6, 20<\/td><td class=\"column-5\">Novembre<\/td><td class=\"column-6\"> 9, 23<\/td>\n<\/tr>\n<tr class=\"row-5\">\n\t<td class=\"column-1\">Avril<\/td><td class=\"column-2\">13, 27<\/td><td class=\"column-3\">Ao\u00fbt<\/td><td class=\"column-4\">3, 17, 31<\/td><td class=\"column-5\">Decembre<\/td><td class=\"column-6\"> 7<\/td>\n<\/tr>\n<tr class=\"row-6\">\n\t<td colspan=\"6\" class=\"column-1\">L'\u00e9cole sera ferm\u00e9e les jours f\u00e9ri\u00e9s suivants: Epiphanie (06\/01), Lundi de P\u00e2ques, Jour de la Lib\u00e9ration de l'Italie (25\/04), F\u00eate des Travailleurs (01\/05), F\u00eate de la R\u00e9publique (02\/06), 24\/06, Ferragosto (15 \/ 08), Tous les Saints (01\/11), Immacul\u00e9e Conception (8\/12), vacances de No\u00ebl et nouvel an.<\/td>\n<\/tr>\n<\/tbody>\n<\/table>\n<!-- #tablepress-711 from cache -->\n<h3><strong>Activit\u00e9s et vie culturelle \u00e0 Florence<\/strong><\/h3>\n<p>&nbsp;<\/p>\n<p>Apprendre l\u2019italien \u00e0 Florence, c\u2019est aussi s\u2019immerger dans la culture italienne.<\/p>\n<p>L\u2019\u00e9cole organise deux activit\u00e9s sociales et culturelles par semaine, toutes en italien, id\u00e9ales pour pratiquer la langue en dehors de la salle de classe et d\u00e9couvrir la ville de mani\u00e8re authentique.<\/p>\n<p>Parmi les activit\u00e9s propos\u00e9es :<\/p>\n<ul>\n<li>Visites guid\u00e9es de mus\u00e9es et monuments (Uffizi, Accademia, Bargello)<\/li>\n<li>D\u00e9gustations de vins et gastronomie toscane<\/li>\n<li>S\u00e9minaires sur l\u2019art, l\u2019histoire et la culture italienne<\/li>\n<li>Excursions en Toscane (Pise, Sienne, Fiesole)<\/li>\n<li>Visites d\u2019ateliers artisanaux et de boutiques historiques<\/li>\n<\/ul>\n<p>Ce <strong>cours semi-intensif d\u2019italien \u00e0 Florence<\/strong> est particuli\u00e8rement recommand\u00e9 pour les passionn\u00e9s d\u2019art et de culture, offrant la possibilit\u00e9 de combiner apprentissage linguistique et activit\u00e9s culturelles.<\/p>\n<p>&nbsp;<\/p>\n","protected":false},"excerpt":{"rendered":"<h2><strong>Apprenez l&rsquo;italien \u00e0 Florence, le c\u0153ur artistique de l&rsquo;Italie<\/strong><\/h2>\n<p>Souhaitez-vous <strong>apprendre l\u2019italien en Italie<\/strong> dans l\u2019une des villes les plus belles et culturelles du monde ?<\/p>\n<p>Florence, berceau de la Renaissance et de la langue italienne, est l\u2019endroit id\u00e9al pour combiner apprentissage, art et mode de vie italien. La ville est compacte, s\u00fbre et facile \u00e0 parcourir \u00e0 pied ou \u00e0 v\u00e9lo, offrant une exp\u00e9rience authentique et agr\u00e9able.<\/p>\n<p>Florence est \u00e9galement tr\u00e8s bien reli\u00e9e \u00e0 <strong>Rome, Bologne et Venise<\/strong>, ce qui en fait un point de d\u00e9part id\u00e9al pour explorer d\u2019autres r\u00e9gions de l\u2019Italie.<\/p>\n<p>Avec <strong>Studiainitalia<\/strong>, vous pouvez suivre un <strong>cours d\u2019italien \u00e0 Florence<\/strong> dans une \u00e9cole reconnue et accr\u00e9dit\u00e9e, tout en profitant de l\u2019art, de la gastronomie et de l\u2019atmosph\u00e8re unique de la Toscane.<\/p>\n<p>&nbsp;<\/p>\n","protected":false},"featured_media":117681,"comment_status":"open","ping_status":"closed","template":"","meta":{"_acf_changed":false,"_uag_custom_page_level_css":"","_kad_blocks_custom_css":"","_kad_blocks_head_custom_js":"","_kad_blocks_body_custom_js":"","_kad_blocks_footer_custom_js":"","site-sidebar-layout":"default","site-content-layout":"default","ast-site-content-layout":"default","site-content-style":"default","site-sidebar-style":"default","ast-global-header-display":"","ast-banner-title-visibility":"","ast-main-header-display":"","ast-hfb-above-header-display":"","ast-hfb-below-header-display":"","ast-hfb-mobile-header-display":"","site-post-title":"","ast-breadcrumbs-content":"","ast-featured-img":"","footer-sml-layout":"","ast-disable-related-posts":"","theme-transparent-header-meta":"default","adv-header-id-meta":"","stick-header-meta":"default","header-above-stick-meta":"","header-main-stick-meta":"","header-below-stick-meta":"","astra-migrate-meta-layouts":"set","ast-page-background-enabled":"default","ast-page-background-meta":{"desktop":{"background-color":"var(--ast-global-color-4)","background-image":"","background-repeat":"repeat","background-position":"center center","background-size":"auto","background-attachment":"scroll","background-type":"","background-media":"","overlay-type":"","overlay-color":"","overlay-opacity":"","overlay-gradient":""},"tablet":{"background-color":"","background-image":"","background-repeat":"repeat","background-position":"center center","background-size":"auto","background-attachment":"scroll","background-type":"","background-media":"","overlay-type":"","overlay-color":"","overlay-opacity":"","overlay-gradient":""},"mobile":{"background-color":"","background-image":"","background-repeat":"repeat","background-position":"center center","background-size":"auto","background-attachment":"scroll","background-type":"","background-media":"","overlay-type":"","overlay-color":"","overlay-opacity":"","overlay-gradient":""}},"ast-content-background-meta":{"desktop":{"background-color":"var(--ast-global-color-5)","background-image":"","background-repeat":"repeat","background-position":"center center","background-size":"auto","background-attachment":"scroll","background-type":"","background-media":"","overlay-type":"","overlay-color":"","overlay-opacity":"","overlay-gradient":""},"tablet":{"background-color":"var(--ast-global-color-5)","background-image":"","background-repeat":"repeat","background-position":"center center","background-size":"auto","background-attachment":"scroll","background-type":"","background-media":"","overlay-type":"","overlay-color":"","overlay-opacity":"","overlay-gradient":""},"mobile":{"background-color":"var(--ast-global-color-5)","background-image":"","background-repeat":"repeat","background-position":"center center","background-size":"auto","background-attachment":"scroll","background-type":"","background-media":"","overlay-type":"","overlay-color":"","overlay-opacity":"","overlay-gradient":""}}},"section":[2028],"product_brand":[],"product_cat":[1262,1276],"product_tag":[1877,1886],"class_list":{"0":"post-188332","1":"product","2":"type-product","3":"status-publish","4":"has-post-thumbnail","6":"section-center","7":"product_cat-cours-italien-en-italie","8":"product_cat-etudier-a-letranger-a-florence","9":"product_tag-cours-ditalien-en-italie","10":"product_tag-etranger-a-florence","11":"desktop-align-left","12":"tablet-align-left","13":"mobile-align-left","14":"ast-product-gallery-layout-horizontal-slider","15":"ast-product-single-variable","16":"ast-product-tabs-layout-horizontal","17":"ast-qv-on-image-click","19":"first","20":"instock","21":"sold-individually","22":"shipping-taxable","23":"purchasable","24":"product-type-variable"},"acf":[],"taxonomy_info":{"section":[{"value":2028,"label":"Center"}],"product_cat":[{"value":1262,"label":"Cours d'italien en Italie"},{"value":1276,"label":"Cursos en Florencia"}],"product_tag":[{"value":1877,"label":"Cours d'italien en Italie"},{"value":1886,"label":"\u00e9tranger \u00e0 Florence"}]},"featured_image_src_large":["https:\/\/www.studiainitalia.com\/wp-content\/uploads\/2016\/10\/italian-in-florence-semi.jpg",717,706,false],"author_info":[],"comment_info":6,"uagb_featured_image_src":{"full":["https:\/\/www.studiainitalia.com\/wp-content\/uploads\/2016\/10\/italian-in-florence-semi.jpg",717,706,false],"thumbnail":["https:\/\/www.studiainitalia.com\/wp-content\/uploads\/2016\/10\/italian-in-florence-semi-150x150.jpg",96,96,true],"medium":["https:\/\/www.studiainitalia.com\/wp-content\/uploads\/2016\/10\/italian-in-florence-semi-300x295.jpg",300,295,true],"medium_large":["https:\/\/www.studiainitalia.com\/wp-content\/uploads\/2016\/10\/italian-in-florence-semi.jpg",717,706,false],"large":["https:\/\/www.studiainitalia.com\/wp-content\/uploads\/2016\/10\/italian-in-florence-semi.jpg",717,706,false],"1536x1536":["https:\/\/www.studiainitalia.com\/wp-content\/uploads\/2016\/10\/italian-in-florence-semi.jpg",717,706,false],"2048x2048":["https:\/\/www.studiainitalia.com\/wp-content\/uploads\/2016\/10\/italian-in-florence-semi.jpg",717,706,false],"ultp_layout_landscape_large":["https:\/\/www.studiainitalia.com\/wp-content\/uploads\/2016\/10\/italian-in-florence-semi.jpg",717,706,false],"ultp_layout_landscape":["https:\/\/www.studiainitalia.com\/wp-content\/uploads\/2016\/10\/italian-in-florence-semi.jpg",579,570,false],"ultp_layout_portrait":["https:\/\/www.studiainitalia.com\/wp-content\/uploads\/2016\/10\/italian-in-florence-semi.jpg",600,591,false],"ultp_layout_square":["https:\/\/www.studiainitalia.com\/wp-content\/uploads\/2016\/10\/italian-in-florence-semi.jpg",600,591,false],"gform-image-choice-sm":["https:\/\/www.studiainitalia.com\/wp-content\/uploads\/2016\/10\/italian-in-florence-semi.jpg",300,295,false],"gform-image-choice-md":["https:\/\/www.studiainitalia.com\/wp-content\/uploads\/2016\/10\/italian-in-florence-semi.jpg",400,394,false],"gform-image-choice-lg":["https:\/\/www.studiainitalia.com\/wp-content\/uploads\/2016\/10\/italian-in-florence-semi.jpg",600,591,false],"woocommerce_thumbnail":["https:\/\/www.studiainitalia.com\/wp-content\/uploads\/2016\/10\/italian-in-florence-semi-300x300.jpg",300,300,true],"woocommerce_single":["https:\/\/www.studiainitalia.com\/wp-content\/uploads\/2016\/10\/italian-in-florence-semi-400x394.jpg",400,394,true],"woocommerce_gallery_thumbnail":["https:\/\/www.studiainitalia.com\/wp-content\/uploads\/2016\/10\/italian-in-florence-semi-100x100.jpg",100,100,true],"yarpp-thumbnail":["https:\/\/www.studiainitalia.com\/wp-content\/uploads\/2016\/10\/italian-in-florence-semi.jpg",120,118,false]},"uagb_author_info":{"display_name":"Javier Diaz","author_link":"https:\/\/www.studiainitalia.com\/fr\/author\/"},"uagb_comment_info":6,"uagb_excerpt":"Apprenez l'italien \u00e0 Florence, le c\u0153ur artistique de l'Italie Souhaitez-vous apprendre l\u2019italien en Italie dans l\u2019une des villes les plus belles et culturelles du monde ? Florence, berceau de la Renaissance et de la langue italienne, est l\u2019endroit id\u00e9al pour combiner apprentissage, art et mode de vie italien. La ville est compacte, s\u00fbre et facile\u2026","_links":{"self":[{"href":"https:\/\/www.studiainitalia.com\/fr\/wp-json\/wp\/v2\/product\/188332","targetHints":{"allow":["GET"]}}],"collection":[{"href":"https:\/\/www.studiainitalia.com\/fr\/wp-json\/wp\/v2\/product"}],"about":[{"href":"https:\/\/www.studiainitalia.com\/fr\/wp-json\/wp\/v2\/types\/product"}],"replies":[{"embeddable":true,"href":"https:\/\/www.studiainitalia.com\/fr\/wp-json\/wp\/v2\/comments?post=188332"}],"wp:featuredmedia":[{"embeddable":true,"href":"https:\/\/www.studiainitalia.com\/fr\/wp-json\/wp\/v2\/media\/117681"}],"wp:attachment":[{"href":"https:\/\/www.studiainitalia.com\/fr\/wp-json\/wp\/v2\/media?parent=188332"}],"wp:term":[{"taxonomy":"section","embeddable":true,"href":"https:\/\/www.studiainitalia.com\/fr\/wp-json\/wp\/v2\/section?post=188332"},{"taxonomy":"product_brand","embeddable":true,"href":"https:\/\/www.studiainitalia.com\/fr\/wp-json\/wp\/v2\/product_brand?post=188332"},{"taxonomy":"product_cat","embeddable":true,"href":"https:\/\/www.studiainitalia.com\/fr\/wp-json\/wp\/v2\/product_cat?post=188332"},{"taxonomy":"product_tag","embeddable":true,"href":"https:\/\/www.studiainitalia.com\/fr\/wp-json\/wp\/v2\/product_tag?post=188332"}],"curies":[{"name":"wp","href":"https:\/\/api.w.org\/{rel}","templated":true}]}}