{"id":188336,"date":"2016-11-06T12:28:52","date_gmt":"2016-11-06T11:28:52","guid":{"rendered":"https:\/\/www.studiainitalia.com\/courses\/non%20class\u00e9\/italien-in-modena\/"},"modified":"2026-03-25T10:33:49","modified_gmt":"2026-03-25T09:33:49","slug":"etudier-italien-a-modene","status":"publish","type":"product","link":"https:\/\/www.studiainitalia.com\/fr\/cours\/cours-italien-en-italie\/etudier-italien-a-modene\/","title":{"rendered":"Cours de langue italienne \u00e0 Mod\u00e8ne"},"content":{"rendered":"<h2>Cours d\u2019italien \u00e0 Mod\u00e8ne<\/h2>\n<p>&nbsp;<\/p>\n<p>Notre \u00e9cole d\u2019italien \u00e0 Mod\u00e8ne, Romanica, fond\u00e9e en 1998, est l\u2019endroit id\u00e9al pour commencer ou poursuivre votre \u00e9tude de l\u2019italien et de la culture italienne. C&rsquo;est une ville de taille moyenne, tr\u00e8s s\u00fbre et bien reli\u00e9e \u00e0 Bologne, Venise et Florence.<\/p>\n<p>Situ\u00e9es dans le centre historique de Mod\u00e8ne, les salles de classe sont d\u00e9cor\u00e9es de fresques du XVIIIe si\u00e8cle. L\u2019\u00e9cole offre des cours aux \u00e9tudiants de tous \u00e2ges et de toutes nationalit\u00e9s, ainsi qu\u2019une riche vari\u00e9t\u00e9 d\u2019activit\u00e9s de loisirs dont le programme est donn\u00e9 le premier jour de cours.<\/p>\n<p>Nos cours d&rsquo;italien utilisent des m\u00e9thodes d&rsquo;enseignement europ\u00e9ennes \u00e9prouv\u00e9es, con\u00e7ues pour vous permettre de communiquer avec confiance et naturel.<br \/>\nL&rsquo;\u00e9cole utilise du mat\u00e9riel constamment mis \u00e0 jour, allant des jeux de r\u00f4le et de la musique \u00e0 la litt\u00e9rature et \u00e0 la vid\u00e9o, afin de maintenir votre curiosit\u00e9 \u00e9veill\u00e9e.<br \/>\nLes cours sont dispens\u00e9s uniquement en italien. Cette m\u00e9thode vous encouragera \u00e0 d\u00e9velopper vos comp\u00e9tences en communication.<\/p>\n<p>Le contact entre vous et vos professeurs vous aidera \u00e0 am\u00e9liorer votre prononciation, votre vocabulaire et votre grammaire.<\/p>\n<h3><strong>Structure des cours <\/strong><\/h3>\n<p>&nbsp;<\/p>\n<div class=\"aiosrs-rating-summary-wrap\"><\/div>\n<div>\n<ul>\n<li>4 cours d\u2019italien par jour, du lundi au vendredi<\/li>\n<li>Cours le matin<\/li>\n<li>Dur\u00e9e flexible : de 1 \u00e0 48 semaines<\/li>\n<\/ul>\n<p>Les cours sont divis\u00e9s en deux parties :<\/p>\n<ul>\n<li>Une partie d\u00e9di\u00e9e \u00e0 la grammaire italienne et au vocabulaire<\/li>\n<li>Une partie ax\u00e9e sur l\u2019<strong>expression orale et la communication<\/strong><\/li>\n<\/ul>\n<p>Cette approche garantit de parler italien d\u00e8s le premier jour. Afin de renforcer l\u2019immersion linguistique, seul l\u2019italien est utilis\u00e9 \u00e0 l\u2019\u00e9cole.<\/p>\n<p>Le premier jour, un test de niveau oral et \u00e9crit permet de vous placer dans le groupe adapt\u00e9 (8 niveaux propos\u00e9s tout au long de l\u2019ann\u00e9e).<\/p>\n<p>\u00c0 la fin du programme, vous recevrez un certificat de participation en italien indiquant le niveau atteint.<\/p>\n<h3><strong>Types de cours disponibles \u00e0 Mod\u00e8ne<\/strong><\/h3>\n<p>&nbsp;<\/p>\n<ul>\n<li>Cours intensif d&rsquo;italien (4 cours par jour)<\/li>\n<li>Cours semi-intensif (2 cours par jour)<\/li>\n<li>Cours de longue dur\u00e9e<\/li>\n<li>Cours particuliers<\/li>\n<li>Cours de pr\u00e9paration aux examens CILS<\/li>\n<li>Cours combin\u00e9s de <strong>langue et culture italiennes<\/strong> (art, cuisine, op\u00e9ra)<\/li>\n<\/ul>\n<p>&nbsp;<\/p>\n<h2><strong>Dates de d\u00e9but des cours et informations d\u00e9taill\u00e9es\u00a0\u00a0<\/strong><\/h2>\n<p>&nbsp;<\/p>\n<ul>\n<li><strong>Dur\u00e9e des cours<\/strong> : 50 minutes<\/li>\n<li><strong>Effectif moyen par classe<\/strong> : 9 \u00e9tudiants<\/li>\n<li><strong>Effectif maximum par classe<\/strong> : 12 \u00e9tudiants<\/li>\n<li><strong>Horaires<\/strong> : le matin<\/li>\n<li><strong>Mat\u00e9riel p\u00e9dagogique<\/strong> : inclus<\/li>\n<li><strong>Test de niveau et certificat final<\/strong> : inclus<\/li>\n<li><strong>Localisation<\/strong> : Via Castel Marlado 45<\/li>\n<li><strong>Autres services :<\/strong> acc\u00e8s Internet, biblioth\u00e8que, activit\u00e9s sociales et transfert depuis l\u2019a\u00e9roport disponibles<\/li>\n<\/ul>\n\n<table id=\"tablepress-720\" class=\"tablepress tablepress-id-720 tbody-has-connected-cells\">\n<thead>\n<tr class=\"row-1\">\n\t<th colspan=\"6\" class=\"column-1\">Dates de d\u00e9but 2026<\/th>\n<\/tr>\n<\/thead>\n<tbody class=\"row-striping row-hover\">\n<tr class=\"row-2\">\n\t<td class=\"column-1\">Janvier<\/td><td class=\"column-2\">5, 19<\/td><td class=\"column-3\">Mai<\/td><td class=\"column-4\">11, 25<\/td><td class=\"column-5\">Septembre<\/td><td class=\"column-6\">14, 28<\/td>\n<\/tr>\n<tr class=\"row-3\">\n\t<td class=\"column-1\">F\u00e9vrier<\/td><td class=\"column-2\">2, 16<\/td><td class=\"column-3\">Juin<\/td><td class=\"column-4\">8, 22<\/td><td class=\"column-5\">Octobre<\/td><td class=\"column-6\">12, 26<\/td>\n<\/tr>\n<tr class=\"row-4\">\n\t<td class=\"column-1\">Mars<\/td><td class=\"column-2\">2, 16, 30<\/td><td class=\"column-3\">Juillet<\/td><td class=\"column-4\">6, 20<\/td><td class=\"column-5\">Novembre<\/td><td class=\"column-6\">9, 23<\/td>\n<\/tr>\n<tr class=\"row-5\">\n\t<td class=\"column-1\">Avril<\/td><td class=\"column-2\">13, 27<\/td><td class=\"column-3\">Ao\u00fbt<\/td><td class=\"column-4\">3, 17, 31<\/td><td class=\"column-5\">Decembre<\/td><td class=\"column-6\">7<\/td>\n<\/tr>\n<tr class=\"row-6\">\n\t<td colspan=\"6\" class=\"column-1\">L'\u00e9cole sera ferm\u00e9e les jours f\u00e9ri\u00e9s suivants: Epiphanie (06\/01), Lundi de P\u00e2ques, Jour de la Lib\u00e9ration de l'Italie (25\/04), F\u00eate des Travailleurs (01\/05), F\u00eate de la R\u00e9publique (02\/06), Ferragosto (15 \/ 08), Tous les Saints (01\/11), Immacul\u00e9e Conception (8\/12), vacances de No\u00ebl et nouvel an.<\/td>\n<\/tr>\n<\/tbody>\n<\/table>\n<!-- #tablepress-720 from cache -->\n<table>\n<thead>\n<tr>\n<td><\/td>\n<\/tr>\n<\/thead>\n<\/table>\n<\/div>\n<div>\n<h2><b><strong>Qu&rsquo;est-ce qui rend l&rsquo;apprentissage de l&rsquo;italien \u00e0 Mod\u00e8ne si particulier ?<\/strong><\/b><\/h2>\n<p>&nbsp;<\/p>\n<\/div>\n<p>Mod\u00e8ne se trouve \u00e0 proximit\u00e9 de Venise, Florence et Milan, et \u00e0 quelques encablures de la plage ou de la montagne.<\/p>\n<p>Ville natale d&rsquo;Enzo Ferrari et de Luciano Pavarotti, Mod\u00e8ne allie g\u00e9nie cr\u00e9atif et puissance industrielle (elle abrite notamment Maserati et Lamborghini).<\/p>\n<p>C&rsquo;est \u00e9galement un paradis pour les gourmets : des restaurants \u00e9toil\u00e9s Michelin de renomm\u00e9e mondiale au march\u00e9 anim\u00e9 d&rsquo;Albinelli en passant par les auberges locales accueillantes, vous go\u00fbterez au meilleur de la tradition italienne.<\/p>\n<p><b><strong>Avantages d&rsquo;\u00e9tudier l&rsquo;italien \u00e0 Mod\u00e8ne<\/strong><\/b><\/p>\n<ul>\n<li><b>Une ville \u00e0 taille humaine :<\/b> c&rsquo;est une ville universitaire historique, s\u00fbre, o\u00f9 l&rsquo;on peut se d\u00e9placer facilement \u00e0 pied ou \u00e0 v\u00e9lo.<\/li>\n<li><b>Moins de monde :<\/b> vous pouvez profiter d&rsquo;une qualit\u00e9 de vie \u00e9lev\u00e9e et d&rsquo;une v\u00e9ritable \u00ab ambiance italienne \u00bb sans la foule touristique habituelle.<\/li>\n<\/ul>\n<p>&nbsp;<\/p>\n<h3><b>Activit\u00e9s et vie culturelle \u00e0 Mod\u00e8ne<\/b><\/h3>\n<p>&nbsp;<\/p>\n<p>La ville propose un large \u00e9ventail de festivals, du Motor Valley Fest au Festivalfilosofia. Vous pouvez visiter le mus\u00e9e Enzo Ferrari ou la maison de Luciano Pavarotti.<\/p>\n<p>La vie sociale \u00e0 Mod\u00e8ne est anim\u00e9e et s&rsquo;articule autour des magnifiques espaces publics de la ville.<\/p>\n<p>Une journ\u00e9e type pourrait inclure une visite au Mercato Albinelli historique pour partager un verre de Lambrusco avec les habitants, suivie d&rsquo;une promenade dans les rues jusqu&rsquo;\u00e0 la Piazza della Pomposa ou la Via dei Gallucci, les c\u0153urs battants de la vie nocturne de la ville.<\/p>\n<div><\/div>\n<div><\/div>\n<p>&nbsp;<\/p>\n<div><\/div>\n<div><\/div>\n","protected":false},"excerpt":{"rendered":"<h2><strong>Mod\u00e8ne : Art, cuisine et&#8230; voitures <\/strong><\/h2>\n<p style=\"text-align: justify;\">Mod\u00e8ne vaut la peine d&rsquo;\u00eatre visit\u00e9e pour de nombreuses raisons diff\u00e9rentes.<\/p>\n<p style=\"text-align: justify;\"><strong>Elle est connue pour le <em>vinaigre balsamique<\/em> et le <em>parmigiano<\/em>. <\/strong><\/p>\n<p style=\"text-align: justify;\">Si vous aimez les voitures<strong>, vous ne pouvez pas manquer de prendre un selfie assis dans une <em>Ferrari<\/em> ou une <em>Lamborghini<\/em>! <\/strong><\/p>\n<p style=\"text-align: justify;\">Mod\u00e8ne est \u00e9galement la<strong> capitale de l&rsquo;op\u00e9ra italien<\/strong> et vous pourrez visiter le <em>mus\u00e9e Pavarotti<\/em> \u00e0 Mod\u00e8ne.<\/p>\n<p style=\"text-align: justify;\">\n","protected":false},"featured_media":118386,"comment_status":"open","ping_status":"closed","template":"","meta":{"_acf_changed":false,"_uag_custom_page_level_css":"","_kad_blocks_custom_css":"","_kad_blocks_head_custom_js":"","_kad_blocks_body_custom_js":"","_kad_blocks_footer_custom_js":"","site-sidebar-layout":"default","site-content-layout":"default","ast-site-content-layout":"default","site-content-style":"default","site-sidebar-style":"default","ast-global-header-display":"","ast-banner-title-visibility":"","ast-main-header-display":"","ast-hfb-above-header-display":"","ast-hfb-below-header-display":"","ast-hfb-mobile-header-display":"","site-post-title":"","ast-breadcrumbs-content":"","ast-featured-img":"","footer-sml-layout":"","ast-disable-related-posts":"","theme-transparent-header-meta":"default","adv-header-id-meta":"","stick-header-meta":"default","header-above-stick-meta":"","header-main-stick-meta":"","header-below-stick-meta":"","astra-migrate-meta-layouts":"set","ast-page-background-enabled":"default","ast-page-background-meta":{"desktop":{"background-color":"var(--ast-global-color-4)","background-image":"","background-repeat":"repeat","background-position":"center center","background-size":"auto","background-attachment":"scroll","background-type":"","background-media":"","overlay-type":"","overlay-color":"","overlay-opacity":"","overlay-gradient":""},"tablet":{"background-color":"","background-image":"","background-repeat":"repeat","background-position":"center center","background-size":"auto","background-attachment":"scroll","background-type":"","background-media":"","overlay-type":"","overlay-color":"","overlay-opacity":"","overlay-gradient":""},"mobile":{"background-color":"","background-image":"","background-repeat":"repeat","background-position":"center center","background-size":"auto","background-attachment":"scroll","background-type":"","background-media":"","overlay-type":"","overlay-color":"","overlay-opacity":"","overlay-gradient":""}},"ast-content-background-meta":{"desktop":{"background-color":"var(--ast-global-color-5)","background-image":"","background-repeat":"repeat","background-position":"center center","background-size":"auto","background-attachment":"scroll","background-type":"","background-media":"","overlay-type":"","overlay-color":"","overlay-opacity":"","overlay-gradient":""},"tablet":{"background-color":"var(--ast-global-color-5)","background-image":"","background-repeat":"repeat","background-position":"center center","background-size":"auto","background-attachment":"scroll","background-type":"","background-media":"","overlay-type":"","overlay-color":"","overlay-opacity":"","overlay-gradient":""},"mobile":{"background-color":"var(--ast-global-color-5)","background-image":"","background-repeat":"repeat","background-position":"center center","background-size":"auto","background-attachment":"scroll","background-type":"","background-media":"","overlay-type":"","overlay-color":"","overlay-opacity":"","overlay-gradient":""}}},"section":[2027],"product_brand":[],"product_cat":[1262,1308],"product_tag":[1877],"class_list":{"0":"post-188336","1":"product","2":"type-product","3":"status-publish","4":"has-post-thumbnail","6":"section-north","7":"product_cat-cours-italien-en-italie","8":"product_cat-cours-a-modene","9":"product_tag-cours-ditalien-en-italie","10":"desktop-align-left","11":"tablet-align-left","12":"mobile-align-left","13":"ast-product-gallery-layout-horizontal-slider","14":"ast-product-single-variable","15":"ast-product-tabs-layout-horizontal","16":"ast-qv-on-image-click","18":"first","19":"instock","20":"sold-individually","21":"shipping-taxable","22":"purchasable","23":"product-type-variable","24":"has-default-attributes"},"acf":[],"taxonomy_info":{"section":[{"value":2027,"label":"North"}],"product_cat":[{"value":1262,"label":"Cours d'italien en Italie"},{"value":1308,"label":"\u00c9tudier \u00e0 Mod\u00e8ne"}],"product_tag":[{"value":1877,"label":"Cours d'italien en Italie"}]},"featured_image_src_large":["https:\/\/www.studiainitalia.com\/wp-content\/uploads\/2016\/11\/learn-italian-in-modena-e1490028470953.jpg",350,350,false],"author_info":[],"comment_info":9,"uagb_featured_image_src":{"full":["https:\/\/www.studiainitalia.com\/wp-content\/uploads\/2016\/11\/learn-italian-in-modena-e1490028470953.jpg",350,350,false],"thumbnail":["https:\/\/www.studiainitalia.com\/wp-content\/uploads\/2016\/11\/learn-italian-in-modena-150x150.jpg",96,96,true],"medium":["https:\/\/www.studiainitalia.com\/wp-content\/uploads\/2016\/11\/learn-italian-in-modena-300x300.jpg",300,300,true],"medium_large":["https:\/\/www.studiainitalia.com\/wp-content\/uploads\/2016\/11\/learn-italian-in-modena-e1490028470953.jpg",350,350,false],"large":["https:\/\/www.studiainitalia.com\/wp-content\/uploads\/2016\/11\/learn-italian-in-modena-e1490028470953.jpg",350,350,false],"1536x1536":["https:\/\/www.studiainitalia.com\/wp-content\/uploads\/2016\/11\/learn-italian-in-modena-e1490028470953.jpg",350,350,false],"2048x2048":["https:\/\/www.studiainitalia.com\/wp-content\/uploads\/2016\/11\/learn-italian-in-modena-e1490028470953.jpg",350,350,false],"ultp_layout_landscape_large":["https:\/\/www.studiainitalia.com\/wp-content\/uploads\/2016\/11\/learn-italian-in-modena-e1490028470953.jpg",350,350,false],"ultp_layout_landscape":["https:\/\/www.studiainitalia.com\/wp-content\/uploads\/2016\/11\/learn-italian-in-modena-e1490028470953.jpg",350,350,false],"ultp_layout_portrait":["https:\/\/www.studiainitalia.com\/wp-content\/uploads\/2016\/11\/learn-italian-in-modena-e1490028470953.jpg",350,350,false],"ultp_layout_square":["https:\/\/www.studiainitalia.com\/wp-content\/uploads\/2016\/11\/learn-italian-in-modena-e1490028470953.jpg",350,350,false],"gform-image-choice-sm":["https:\/\/www.studiainitalia.com\/wp-content\/uploads\/2016\/11\/learn-italian-in-modena-e1490028470953.jpg",300,300,false],"gform-image-choice-md":["https:\/\/www.studiainitalia.com\/wp-content\/uploads\/2016\/11\/learn-italian-in-modena-e1490028470953.jpg",350,350,false],"gform-image-choice-lg":["https:\/\/www.studiainitalia.com\/wp-content\/uploads\/2016\/11\/learn-italian-in-modena-e1490028470953.jpg",350,350,false],"woocommerce_thumbnail":["https:\/\/www.studiainitalia.com\/wp-content\/uploads\/2016\/11\/learn-italian-in-modena-e1490028470953-300x300.jpg",300,300,true],"woocommerce_single":["https:\/\/www.studiainitalia.com\/wp-content\/uploads\/2016\/11\/learn-italian-in-modena-e1490028470953.jpg",350,350,false],"woocommerce_gallery_thumbnail":["https:\/\/www.studiainitalia.com\/wp-content\/uploads\/2016\/11\/learn-italian-in-modena-e1490028470953-100x100.jpg",100,100,true],"yarpp-thumbnail":["https:\/\/www.studiainitalia.com\/wp-content\/uploads\/2016\/11\/learn-italian-in-modena-e1490028470953.jpg",120,120,false]},"uagb_author_info":{"display_name":"Javier Diaz","author_link":"https:\/\/www.studiainitalia.com\/fr\/author\/"},"uagb_comment_info":9,"uagb_excerpt":"Mod\u00e8ne : Art, cuisine et... voitures Mod\u00e8ne vaut la peine d'\u00eatre visit\u00e9e pour de nombreuses raisons diff\u00e9rentes. Elle est connue pour le vinaigre balsamique et le parmigiano. Si vous aimez les voitures, vous ne pouvez pas manquer de prendre un selfie assis dans une Ferrari ou une Lamborghini! Mod\u00e8ne est \u00e9galement la capitale de l'op\u00e9ra\u2026","_links":{"self":[{"href":"https:\/\/www.studiainitalia.com\/fr\/wp-json\/wp\/v2\/product\/188336","targetHints":{"allow":["GET"]}}],"collection":[{"href":"https:\/\/www.studiainitalia.com\/fr\/wp-json\/wp\/v2\/product"}],"about":[{"href":"https:\/\/www.studiainitalia.com\/fr\/wp-json\/wp\/v2\/types\/product"}],"replies":[{"embeddable":true,"href":"https:\/\/www.studiainitalia.com\/fr\/wp-json\/wp\/v2\/comments?post=188336"}],"wp:featuredmedia":[{"embeddable":true,"href":"https:\/\/www.studiainitalia.com\/fr\/wp-json\/wp\/v2\/media\/118386"}],"wp:attachment":[{"href":"https:\/\/www.studiainitalia.com\/fr\/wp-json\/wp\/v2\/media?parent=188336"}],"wp:term":[{"taxonomy":"section","embeddable":true,"href":"https:\/\/www.studiainitalia.com\/fr\/wp-json\/wp\/v2\/section?post=188336"},{"taxonomy":"product_brand","embeddable":true,"href":"https:\/\/www.studiainitalia.com\/fr\/wp-json\/wp\/v2\/product_brand?post=188336"},{"taxonomy":"product_cat","embeddable":true,"href":"https:\/\/www.studiainitalia.com\/fr\/wp-json\/wp\/v2\/product_cat?post=188336"},{"taxonomy":"product_tag","embeddable":true,"href":"https:\/\/www.studiainitalia.com\/fr\/wp-json\/wp\/v2\/product_tag?post=188336"}],"curies":[{"name":"wp","href":"https:\/\/api.w.org\/{rel}","templated":true}]}}