{"id":188417,"date":"2016-11-06T19:36:10","date_gmt":"2016-11-06T18:36:10","guid":{"rendered":"https:\/\/www.studiainitalia.com\/courses\/non%20class\u00e9\/italien-in-trieste\/"},"modified":"2026-03-25T10:20:57","modified_gmt":"2026-03-25T09:20:57","slug":"italien-a-trieste","status":"publish","type":"product","link":"https:\/\/www.studiainitalia.com\/fr\/cours\/cours-italien-en-italie\/italien-a-trieste\/","title":{"rendered":"Cours d\u2019italien \u00e0 Trieste"},"content":{"rendered":"<h2><strong>Cours d&rsquo;italien \u00e0 Trieste<\/strong><\/h2>\n<p>&nbsp;<\/p>\n<p>Notre \u00e9cole de Trieste, l&rsquo;Istituto Venezia, est situ\u00e9e dans un ancien monast\u00e8re sur la colline surplombant le centre historique.<\/p>\n<p>Les cours sont ouverts aux \u00e9tudiants de tous \u00e2ges et de toutes nationalit\u00e9s.<\/p>\n<p>L&rsquo;\u00e9cole est ouverte d&rsquo;avril \u00e0 octobre. Les \u00e9tudiants ont libre acc\u00e8s \u00e0 deux points Internet et \u00e0 une ligne Wi-Fi, ainsi qu&rsquo;\u00e0 une salle d&rsquo;\u00e9tude en libre acc\u00e8s \u00e9quip\u00e9e de mat\u00e9riel vid\u00e9o o\u00f9 ils peuvent regarder des films provenant de la biblioth\u00e8que de l&rsquo;\u00e9cole.<\/p>\n<p>Les classes sont compos\u00e9es d&rsquo;\u00e9tudiants de diff\u00e9rentes nationalit\u00e9s, ce qui encourage l&rsquo;utilisation de la langue italienne non seulement pendant les cours, mais \u00e9galement dans diff\u00e9rents contextes.<\/p>\n<p>Tous les niveaux, de A1 \u00e0 C2, du Cadre europ\u00e9en commun de r\u00e9f\u00e9rence pour les langues (CECR) sont propos\u00e9s.<\/p>\n<h3><strong>Structure des cours<\/strong><\/h3>\n<p>&nbsp;<\/p>\n<p>Les cours ont lieu tous les jours du lundi au vendredi de 9h \u00e0 12h30 avec deux enseignants.<\/p>\n<p>Les cours commencent chaque mois.<\/p>\n<p>Les d\u00e9butants peuvent s&rsquo;inscrire uniquement pendant la premi\u00e8re semaine de chaque cours mensuel.<\/p>\n<p>Les \u00e9tudiants qui ont d\u00e9j\u00e0 quelques connaissances en italien peuvent s&rsquo;inscrire \u00e0 tout moment.<\/p>\n<h3><strong>Types de cours d&rsquo;italien disponibles \u00e0 Trieste<\/strong><\/h3>\n<p>&nbsp;<\/p>\n<ul>\n<li>Cours d&rsquo;italien intensif (4 le\u00e7ons par jour)<\/li>\n<li>Cours super intensifs<\/li>\n<li>Cours particuliers d&rsquo;italien<\/li>\n<\/ul>\n<h2><strong>Dates de d\u00e9but des cours et informations d\u00e9taill\u00e9es\u00a0 <\/strong><\/h2>\n<p>&nbsp;<\/p>\n<ul>\n<li><b>Dur\u00e9e des cours<\/b> : 45 minutes<\/li>\n<li><b>Taille moyenne des classes<\/b> : 9 \u00e9tudiants<\/li>\n<li><b>Taille maximale des classes<\/b> : 12 \u00e9tudiants<\/li>\n<li><b>Horaires<\/b> : le matin<\/li>\n<li><b>Mat\u00e9riel p\u00e9dagogique<\/b> : inclus<\/li>\n<li><b>Test de niveau et certificat final<\/b> : inclus<\/li>\n<li><b>Lieu<\/b> : Via del Collegio 6<\/li>\n<li><b>Autres services<\/b> : acc\u00e8s Internet, activit\u00e9s sociales<\/li>\n<\/ul>\n<p>&nbsp;<\/p>\n<table id=\"tablepress-728\" class=\"tablepress tablepress-id-728\">\n<thead>\n<tr class=\"row-1 odd\">\n<th class=\"column-1\" colspan=\"6\">Dates de d\u00e9but 2026<\/th>\n<\/tr>\n<\/thead>\n<tbody class=\"row-hover\">\n<tr class=\"row-2 even\">\n<td class=\"column-1\">Janvier<\/td>\n<td class=\"column-2\"><\/td>\n<td class=\"column-3\">Mai<\/td>\n<td class=\"column-4\">11<\/td>\n<td class=\"column-5\">Septembre<\/td>\n<td class=\"column-6\">28<\/td>\n<\/tr>\n<tr class=\"row-3 odd\">\n<td class=\"column-1\">F\u00e9vrier<\/td>\n<td class=\"column-2\"><\/td>\n<td class=\"column-3\">Juin<\/td>\n<td class=\"column-4\">8<\/td>\n<td class=\"column-5\">Octobre<\/td>\n<td class=\"column-6\">26<\/td>\n<\/tr>\n<tr class=\"row-4 even\">\n<td class=\"column-1\">Mars<\/td>\n<td class=\"column-2\"><\/td>\n<td class=\"column-3\">Juillet<\/td>\n<td class=\"column-4\">6<\/td>\n<td class=\"column-5\">Novembre<\/td>\n<td class=\"column-6\"><\/td>\n<\/tr>\n<tr class=\"row-5 odd\">\n<td class=\"column-1\">Avril<\/td>\n<td class=\"column-2\">13<\/td>\n<td class=\"column-3\">Ao\u00fbt<\/td>\n<td class=\"column-4\">3, 31<\/td>\n<td class=\"column-5\">December<\/td>\n<td class=\"column-6\"><\/td>\n<\/tr>\n<tr class=\"row-6 even\">\n<td class=\"column-1\" colspan=\"6\">L&rsquo;\u00e9cole sera ferm\u00e9e les jours f\u00e9ri\u00e9s suivants: Epiphanie (06\/01), Lundi de P\u00e2ques, Jour de la Lib\u00e9ration de l&rsquo;Italie (25\/04), F\u00eate des Travailleurs (01\/05), F\u00eate de la R\u00e9publique (02\/06), Ferragosto (15 \/ 08), Tous les Saints (01\/11), Immacul\u00e9e Conception (8\/12), vacances de No\u00ebl et nouvel an.<\/td>\n<\/tr>\n<\/tbody>\n<\/table>\n<div class=\"aiosrs-rating-wrap\" data-schema-id=\"90691\">\n<div class=\"aiosrs-star-rating-wrap \">\n<h2>Pourquoi \u00e9tudier l&rsquo;italien \u00e0 Trieste ?<\/h2>\n<p>&nbsp;<\/p>\n<p>Trieste est un choix \u00e9conomique pour les \u00e9tudiants disposant d&rsquo;un budget limit\u00e9, car elle est moins ch\u00e8re que d&rsquo;autres villes italiennes populaires.<\/p>\n<p>Vous pourrez pratiquer le vocabulaire li\u00e9 \u00e0 l&rsquo;alimentation tout en d\u00e9couvrant des plats uniques tels que la jota ou le strucolo dans une osmiza.<\/p>\n<p>C&rsquo;est un point de d\u00e9part id\u00e9al pour visiter la Slov\u00e9nie, la Croatie ou l&rsquo;Autriche le week-end, ce qui rendra votre exp\u00e9rience d&rsquo;\u00e9tudes \u00e0 l&rsquo;\u00e9tranger internationale.<\/p>\n<p>Vous pourrez profiter de la mer pour faire de la voile, du plateau karstique pour faire de la randonn\u00e9e et d&rsquo;un centre-ville anim\u00e9 pour profiter de la vie nocturne et du th\u00e9\u00e2tre.<\/p>\n<p><strong>Avantages d&rsquo;\u00e9tudier l&rsquo;italien \u00e0 Trieste<\/strong><\/p>\n<ul>\n<li>Un environnement litt\u00e9raire immersif : vous pouvez \u00e9tudier sur les traces d&rsquo;auteurs de renomm\u00e9e mondiale tels que James Joyce, Italo Svevo et Umberto Saba. La ville pr\u00e9serve les lieux historiques et les caf\u00e9s qui ont influenc\u00e9 leur \u0153uvre.<\/li>\n<li>Une culture \u00ab mitteleurop\u00e9enne \u00bb unique <b>:<\/b> la ville offre une atmosph\u00e8re multiculturelle o\u00f9 se m\u00ealent les traditions italiennes, autrichiennes et slaves, offrant un contexte culturel plus large \u00e0 vos \u00e9tudes linguistiques.<\/li>\n<li>Espaces d&rsquo;\u00e9tude sociaux id\u00e9aux : la ville est c\u00e9l\u00e8bre pour ses caf\u00e9s historiques (comme le Caff\u00e8 San Marco), qui sont explicitement d\u00e9crits comme des lieux id\u00e9aux pour travailler, \u00e9crire, lire et \u00e9tudier dans une atmosph\u00e8re calme et \u00e9l\u00e9gante.<\/li>\n<li>P\u00f4le scientifique et artistique : ax\u00e9e \u00e0 la fois sur la science et l&rsquo;art contemporain, la ville offre un cadre intellectuel stimulant qui va au-del\u00e0 de l&rsquo;apprentissage des langues.<\/li>\n<\/ul>\n<\/div>\n<div class=\"aiosrs-rating-summary-wrap\">\n<h3><strong>Activit\u00e9s et vie <\/strong><strong>culturelles\u00a0 <\/strong><strong>\u00e0 Trieste<\/strong><\/h3>\n<p>&nbsp;<\/p>\n<p>Afin d&rsquo;aider les \u00e9tudiants \u00e0 nouer des liens et \u00e0 comprendre la culture qui se cache derri\u00e8re la langue, l&rsquo;\u00e9cole propose diverses activit\u00e9s d&rsquo;apprentissage informelles.<\/p>\n<p>La plupart d&rsquo;entre elles sont incluses dans le prix du cours :<\/p>\n<ul>\n<li><b>Visites guid\u00e9es de la ville et visites historiques :<\/b> visites guid\u00e9es \u00e0 pied du centre-ville, de la colline de S. Giusto, de la synagogue et des \u00e9glises orthodoxes de S. Nicol\u00f2 et S. Spiridione.<\/li>\n<li><b>Immersion litt\u00e9raire et artistique :<\/b> visites des mus\u00e9es Italo Svevo et James Joyce, du mus\u00e9e Revoltella et du caf\u00e9 historique San Marco.<\/li>\n<li><b>Sites d&rsquo;int\u00e9r\u00eat locaux :<\/b> excursions au ch\u00e2teau et au parc de Miramare, \u00e0 la Risiera di S. Sabba et au mus\u00e9e unique \u00ab Bora \u00bb.<\/li>\n<li><b>\u00c9v\u00e9nements scolaires :<\/b> projections r\u00e9guli\u00e8res de films (cin\u00e9ma \u00e0 l&rsquo;\u00e9cole) et ap\u00e9ritifs de bienvenue pour aider les \u00e9tudiants \u00e0 socialiser.<\/li>\n<\/ul>\n<\/div>\n<\/div>\n","protected":false},"excerpt":{"rendered":"<p>&nbsp;<\/p>\n<h2>Apprenez l&rsquo;italien \u00e0 Trieste, des cours abordables au carrefour des cultures<\/h2>\n<p>Trieste est la ville la plus cosmopolite d\u2019Italie. Appel\u00e9e \u00ab<strong>la petite Vienne sur la mer<\/strong>\u00bb, elle allie les \u00e2mes d\u2019Europe centrale et m\u00e9diterran\u00e9enne dans un m\u00e9lange de langues et de personnes.<\/p>\n<p>La ville est \u00e9galement c\u00e9l\u00e8bre pour les \u00e9crivains qui y ont v\u00e9cu: Svevo, Saba. Joyce, Rilke.<\/p>\n<p>Depuis longtemps c\u2019est aussi\u00a0<strong>la ville du caf\u00e9<\/strong>.<\/p>\n<p>&nbsp;<\/p>\n<p>&nbsp;<\/p>\n","protected":false},"featured_media":197733,"comment_status":"open","ping_status":"closed","template":"","meta":{"_acf_changed":false,"_uag_custom_page_level_css":"","_kad_blocks_custom_css":"","_kad_blocks_head_custom_js":"","_kad_blocks_body_custom_js":"","_kad_blocks_footer_custom_js":"","site-sidebar-layout":"default","site-content-layout":"default","ast-site-content-layout":"default","site-content-style":"default","site-sidebar-style":"default","ast-global-header-display":"","ast-banner-title-visibility":"","ast-main-header-display":"","ast-hfb-above-header-display":"","ast-hfb-below-header-display":"","ast-hfb-mobile-header-display":"","site-post-title":"","ast-breadcrumbs-content":"","ast-featured-img":"","footer-sml-layout":"","ast-disable-related-posts":"","theme-transparent-header-meta":"default","adv-header-id-meta":"","stick-header-meta":"default","header-above-stick-meta":"","header-main-stick-meta":"","header-below-stick-meta":"","astra-migrate-meta-layouts":"set","ast-page-background-enabled":"default","ast-page-background-meta":{"desktop":{"background-color":"var(--ast-global-color-4)","background-image":"","background-repeat":"repeat","background-position":"center center","background-size":"auto","background-attachment":"scroll","background-type":"","background-media":"","overlay-type":"","overlay-color":"","overlay-opacity":"","overlay-gradient":""},"tablet":{"background-color":"","background-image":"","background-repeat":"repeat","background-position":"center center","background-size":"auto","background-attachment":"scroll","background-type":"","background-media":"","overlay-type":"","overlay-color":"","overlay-opacity":"","overlay-gradient":""},"mobile":{"background-color":"","background-image":"","background-repeat":"repeat","background-position":"center center","background-size":"auto","background-attachment":"scroll","background-type":"","background-media":"","overlay-type":"","overlay-color":"","overlay-opacity":"","overlay-gradient":""}},"ast-content-background-meta":{"desktop":{"background-color":"var(--ast-global-color-5)","background-image":"","background-repeat":"repeat","background-position":"center center","background-size":"auto","background-attachment":"scroll","background-type":"","background-media":"","overlay-type":"","overlay-color":"","overlay-opacity":"","overlay-gradient":""},"tablet":{"background-color":"var(--ast-global-color-5)","background-image":"","background-repeat":"repeat","background-position":"center center","background-size":"auto","background-attachment":"scroll","background-type":"","background-media":"","overlay-type":"","overlay-color":"","overlay-opacity":"","overlay-gradient":""},"mobile":{"background-color":"var(--ast-global-color-5)","background-image":"","background-repeat":"repeat","background-position":"center center","background-size":"auto","background-attachment":"scroll","background-type":"","background-media":"","overlay-type":"","overlay-color":"","overlay-opacity":"","overlay-gradient":""}}},"section":[2027],"product_brand":[],"product_cat":[1262,1314],"product_tag":[1877],"class_list":{"0":"post-188417","1":"product","2":"type-product","3":"status-publish","4":"has-post-thumbnail","6":"section-north","7":"product_cat-cours-italien-en-italie","8":"product_cat-cours-a-trieste","9":"product_tag-cours-ditalien-en-italie","10":"desktop-align-left","11":"tablet-align-left","12":"mobile-align-left","13":"ast-product-gallery-layout-horizontal-slider","14":"ast-product-single-variable","15":"ast-product-tabs-layout-horizontal","16":"ast-qv-on-image-click","18":"first","19":"instock","20":"sold-individually","21":"shipping-taxable","22":"purchasable","23":"product-type-variable","24":"has-default-attributes"},"acf":[],"taxonomy_info":{"section":[{"value":2027,"label":"North"}],"product_cat":[{"value":1262,"label":"Cours d'italien en Italie"},{"value":1314,"label":"\u00c9tudier \u00e0 Trieste"}],"product_tag":[{"value":1877,"label":"Cours d'italien en Italie"}]},"featured_image_src_large":["https:\/\/www.studiainitalia.com\/wp-content\/uploads\/2024\/03\/TRIESTE.jpg",1600,1200,false],"author_info":[],"comment_info":6,"uagb_featured_image_src":{"full":["https:\/\/www.studiainitalia.com\/wp-content\/uploads\/2024\/03\/TRIESTE.jpg",1600,1200,false],"thumbnail":["https:\/\/www.studiainitalia.com\/wp-content\/uploads\/2024\/03\/TRIESTE.jpg",128,96,false],"medium":["https:\/\/www.studiainitalia.com\/wp-content\/uploads\/2024\/03\/TRIESTE.jpg",1600,1200,false],"medium_large":["https:\/\/www.studiainitalia.com\/wp-content\/uploads\/2024\/03\/TRIESTE-768x576.jpg",768,576,true],"large":["https:\/\/www.studiainitalia.com\/wp-content\/uploads\/2024\/03\/TRIESTE.jpg",1600,1200,false],"1536x1536":["https:\/\/www.studiainitalia.com\/wp-content\/uploads\/2024\/03\/TRIESTE-1536x1152.jpg",1536,1152,true],"2048x2048":["https:\/\/www.studiainitalia.com\/wp-content\/uploads\/2024\/03\/TRIESTE.jpg",1600,1200,false],"ultp_layout_landscape_large":["https:\/\/www.studiainitalia.com\/wp-content\/uploads\/2024\/03\/TRIESTE-1200x800.jpg",1200,800,true],"ultp_layout_landscape":["https:\/\/www.studiainitalia.com\/wp-content\/uploads\/2024\/03\/TRIESTE-870x570.jpg",870,570,true],"ultp_layout_portrait":["https:\/\/www.studiainitalia.com\/wp-content\/uploads\/2024\/03\/TRIESTE-600x900.jpg",600,900,true],"ultp_layout_square":["https:\/\/www.studiainitalia.com\/wp-content\/uploads\/2024\/03\/TRIESTE-600x600.jpg",600,600,true],"gform-image-choice-sm":["https:\/\/www.studiainitalia.com\/wp-content\/uploads\/2024\/03\/TRIESTE.jpg",300,225,false],"gform-image-choice-md":["https:\/\/www.studiainitalia.com\/wp-content\/uploads\/2024\/03\/TRIESTE.jpg",400,300,false],"gform-image-choice-lg":["https:\/\/www.studiainitalia.com\/wp-content\/uploads\/2024\/03\/TRIESTE.jpg",600,450,false],"woocommerce_thumbnail":["https:\/\/www.studiainitalia.com\/wp-content\/uploads\/2024\/03\/TRIESTE-300x300.jpg",300,300,true],"woocommerce_single":["https:\/\/www.studiainitalia.com\/wp-content\/uploads\/2024\/03\/TRIESTE-400x300.jpg",400,300,true],"woocommerce_gallery_thumbnail":["https:\/\/www.studiainitalia.com\/wp-content\/uploads\/2024\/03\/TRIESTE-100x100.jpg",100,100,true],"yarpp-thumbnail":["https:\/\/www.studiainitalia.com\/wp-content\/uploads\/2024\/03\/TRIESTE-120x120.jpg",120,120,true]},"uagb_author_info":{"display_name":"Javier Diaz","author_link":"https:\/\/www.studiainitalia.com\/fr\/author\/"},"uagb_comment_info":6,"uagb_excerpt":"&nbsp; Apprenez l'italien \u00e0 Trieste, des cours abordables au carrefour des cultures Trieste est la ville la plus cosmopolite d\u2019Italie. Appel\u00e9e \u00abla petite Vienne sur la mer\u00bb, elle allie les \u00e2mes d\u2019Europe centrale et m\u00e9diterran\u00e9enne dans un m\u00e9lange de langues et de personnes. La ville est \u00e9galement c\u00e9l\u00e8bre pour les \u00e9crivains qui y ont v\u00e9cu:\u2026","_links":{"self":[{"href":"https:\/\/www.studiainitalia.com\/fr\/wp-json\/wp\/v2\/product\/188417","targetHints":{"allow":["GET"]}}],"collection":[{"href":"https:\/\/www.studiainitalia.com\/fr\/wp-json\/wp\/v2\/product"}],"about":[{"href":"https:\/\/www.studiainitalia.com\/fr\/wp-json\/wp\/v2\/types\/product"}],"replies":[{"embeddable":true,"href":"https:\/\/www.studiainitalia.com\/fr\/wp-json\/wp\/v2\/comments?post=188417"}],"wp:featuredmedia":[{"embeddable":true,"href":"https:\/\/www.studiainitalia.com\/fr\/wp-json\/wp\/v2\/media\/197733"}],"wp:attachment":[{"href":"https:\/\/www.studiainitalia.com\/fr\/wp-json\/wp\/v2\/media?parent=188417"}],"wp:term":[{"taxonomy":"section","embeddable":true,"href":"https:\/\/www.studiainitalia.com\/fr\/wp-json\/wp\/v2\/section?post=188417"},{"taxonomy":"product_brand","embeddable":true,"href":"https:\/\/www.studiainitalia.com\/fr\/wp-json\/wp\/v2\/product_brand?post=188417"},{"taxonomy":"product_cat","embeddable":true,"href":"https:\/\/www.studiainitalia.com\/fr\/wp-json\/wp\/v2\/product_cat?post=188417"},{"taxonomy":"product_tag","embeddable":true,"href":"https:\/\/www.studiainitalia.com\/fr\/wp-json\/wp\/v2\/product_tag?post=188417"}],"curies":[{"name":"wp","href":"https:\/\/api.w.org\/{rel}","templated":true}]}}