{"id":188460,"date":"2016-11-06T17:04:25","date_gmt":"2016-11-06T16:04:25","guid":{"rendered":"https:\/\/www.studiainitalia.com\/courses\/non%20class\u00e9\/italien-in-salerno\/"},"modified":"2026-03-25T10:28:13","modified_gmt":"2026-03-25T09:28:13","slug":"italien-a-salerne","status":"publish","type":"product","link":"https:\/\/www.studiainitalia.com\/fr\/cours\/cours-italien-en-italie\/italien-a-salerne\/","title":{"rendered":"Cours d\u2019italien \u00e0 Salerne"},"content":{"rendered":"<h2><b>Cours d&rsquo;italien \u00e0 Salerne<\/b><\/h2>\n<p>Notre cours d&rsquo;italien \u00e0 Salerne est disponible toute l&rsquo;ann\u00e9e. L&rsquo;\u00e9cole de langue italienne Accademia Italiana est situ\u00e9e dans le centre historique.<\/p>\n<p>L&rsquo;\u00e9cole b\u00e9n\u00e9ficie de reconnaissances officielles de la part des institutions \u00e9ducatives nationales et internationales les plus prestigieuses. Ces accr\u00e9ditations garantissent la haute qualit\u00e9 de nos services.<\/p>\n<p>Tous nos cours sont reconnus par l&rsquo;Universit\u00e9 pour \u00e9trangers de Sienne et l&rsquo;Universit\u00e9 pour \u00e9trangers de P\u00e9rouse. Le cours d&rsquo;italien comprend \u00e9galement de nombreuses activit\u00e9s sociales et culturelles.<\/p>\n<p>D\u00e9couvrez une classe v\u00e9ritablement internationale avec un excellent m\u00e9lange de nationalit\u00e9s et d&rsquo;\u00e2ges. Afin de garantir que chaque \u00e9tudiant b\u00e9n\u00e9ficie d&rsquo;une attention individuelle, nos classes sont strictement limit\u00e9es \u00e0 10 \u00e9tudian<\/p>\n<ul>\n<li>Les cours intensifs d\u2019italien \u00e0 Salerne (20 le\u00e7ons par semaine) ont lieu toute l\u2019ann\u00e9e, quelle que soit la dur\u00e9e, avec un programme divis\u00e9 en 6 niveaux, selon le Cadre europ\u00e9en commun, du niveau d\u00e9butant absolu au niveau avanc\u00e9.<\/li>\n<li>Les participants sont r\u00e9partis en classes de langues en fonction de leur niveau et le premier jour de cours, les \u00e9tudiants non d\u00e9butants passent un test de niveau \u00e9crit et oral pour \u00e9valuer leurs comp\u00e9tences<\/li>\n<li>\u00c0 la fin de chaque cours, les \u00e9tudiants re\u00e7oivent un certificat indiquant la dur\u00e9e du cours et le niveau de langue atteint.<\/li>\n<\/ul>\n<p>Les cours sont dispens\u00e9s par des enseignants hautement qualifi\u00e9s, sp\u00e9cialis\u00e9s dans l&rsquo;enseignement de l&rsquo;italien comme langue \u00e9trang\u00e8re (L2\/FL). Leur expertise garantit une exp\u00e9rience d&rsquo;apprentissage immersive et efficace, adapt\u00e9e aux locuteurs non natifs.<\/p>\n<p>L&rsquo;\u00e9cole dispose de 14 salles de classe, d&rsquo;une salle multim\u00e9dia \u00e9quip\u00e9e de 8 ordinateurs, d&rsquo;une salle de cin\u00e9ma, d&rsquo;une biblioth\u00e8que et d&rsquo;un caf\u00e9.<\/p>\n<h3><b>Structure des cours<\/b><\/h3>\n<p>&nbsp;<\/p>\n<ul>\n<li>20 le\u00e7ons par semaine (4 le\u00e7ons par jour, du lundi au vendredi)<\/li>\n<li>Horaires du matin pour les cours intensifs<\/li>\n<li>Dur\u00e9e flexible : \u00e0 partir d&rsquo;une semaine<\/li>\n<li>Effectif moyen par classe : 8 \u00e9tudiants<\/li>\n<\/ul>\n<h3><b>Types de cours disponibles \u00e0 Salerne<\/b><\/h3>\n<p>&nbsp;<\/p>\n<ul>\n<li>Cours super intensifs<\/li>\n<li>Cours d&rsquo;italien \u00e0 long terme<\/li>\n<li>Cours particuliers d&rsquo;italien<\/li>\n<li>Cours de pr\u00e9paration \u00e0 l&rsquo;examen d&rsquo;italien CILS<\/li>\n<li>Cours d&rsquo;italien en ligne<\/li>\n<li>Cours combin\u00e9s de langue et de culture italiennes<\/li>\n<li>Programmes sp\u00e9ciaux pour les <a href=\"https:\/\/www.studiainitalia.com\/fr\/etudier-en-italie\/cours-pour-familles-seniors-et-ados\/\">seniors, les ados et les familles<\/a><\/li>\n<\/ul>\n<h2><b>Dates de d\u00e9but et d\u00e9tails<\/b><\/h2>\n<p>&nbsp;<\/p>\n<ul>\n<li><b>Dur\u00e9e \u00a0de chaque le\u00e7oncours<\/b> : 45 minutes<\/li>\n<li><b>Effectif moyen par classe<\/b> : 8 \u00e9tudiants<\/li>\n<li><b>Effectif maximum par classe<\/b> : 10 \u00e9tudiants<\/li>\n<li><b>Horaires<\/b> : le matin ou l&rsquo;apr\u00e8s-midi, selon le type de cours<\/li>\n<li><b>Mat\u00e9riel p\u00e9dagogique<\/b> : inclus<\/li>\n<li><b>Test de niveau et certificat final<\/b> : inclus<\/li>\n<li><b>Lieu<\/b> : Via Roma 39<\/li>\n<li><b>Autres services<\/b> : acc\u00e8s Internet, biblioth\u00e8que, climatisation, activit\u00e9s sociales et transfert depuis l&rsquo;a\u00e9roport disponibles<\/li>\n<\/ul>\n<p>&nbsp;<\/p>\n<table id=\"tablepress-713\" class=\"tablepress tablepress-id-713\">\n<thead>\n<tr class=\"row-1 odd\">\n<th class=\"column-1\" colspan=\"6\">Dates de d\u00e9but 2026<\/th>\n<\/tr>\n<\/thead>\n<tbody class=\"row-hover\">\n<tr class=\"row-2 even\">\n<td class=\"column-1\">Janvier<\/td>\n<td class=\"column-2\">5, 19<\/td>\n<td class=\"column-3\">Mai<\/td>\n<td class=\"column-4\">4, 18<\/td>\n<td class=\"column-5\">Septembre<\/td>\n<td class=\"column-6\">7, 21<\/td>\n<\/tr>\n<tr class=\"row-3 odd\">\n<td class=\"column-1\">Fevrier<\/td>\n<td class=\"column-2\">2, 16<\/td>\n<td class=\"column-3\">Juin<\/td>\n<td class=\"column-4\">1, 15, 29<\/td>\n<td class=\"column-5\">Octobre<\/td>\n<td class=\"column-6\">5, 19<\/td>\n<\/tr>\n<tr class=\"row-4 even\">\n<td class=\"column-1\">Mars<\/td>\n<td class=\"column-2\">2, 16, 30<\/td>\n<td class=\"column-3\">Juillet<\/td>\n<td class=\"column-4\">13, 27<\/td>\n<td class=\"column-5\">Novembre<\/td>\n<td class=\"column-6\">2, 16<\/td>\n<\/tr>\n<tr class=\"row-5 odd\">\n<td class=\"column-1\">Avril<\/td>\n<td class=\"column-2\">13<\/td>\n<td class=\"column-3\">Ao\u00fbt<\/td>\n<td class=\"column-4\">10, 24<\/td>\n<td class=\"column-5\">Decembre<\/td>\n<td class=\"column-6\">7<\/td>\n<\/tr>\n<tr class=\"row-6 even\">\n<td class=\"column-1\" colspan=\"6\">L&rsquo;\u00e9cole sera ferm\u00e9e les jours f\u00e9ri\u00e9s nationaux suivants : \u00c9piphanie (06\/01), lundi de P\u00e2ques, jour de la lib\u00e9ration de l&rsquo;Italie (25\/04), f\u00eate des travailleurs (01\/05), f\u00eate de la R\u00e9publique (02\/06), Ferragosto (15\/08), Toussaint (01\/11), Immacul\u00e9e Conception (8\/12), vacances de No\u00ebl et Nouvel An.<\/td>\n<\/tr>\n<\/tbody>\n<\/table>\n<div class=\"aiosrs-star-rating-wrap \"><\/div>\n<div><\/div>\n<div>\n<h2><b>Pourquoi \u00e9tudier l&rsquo;italien \u00e0 Salerne ?<\/b><\/h2>\n<p>&nbsp;<\/p>\n<p>Si vous recherchez une destination o\u00f9 la langue italienne prend v\u00e9ritablement vie, ne cherchez pas plus loin que Salerne. Contrairement aux villes touristiques bond\u00e9es, Salerne offre un m\u00e9lange harmonieux d&rsquo;histoire, de culture et de vie italienne moderne.<\/p>\n<p>Nich\u00e9e entre la c\u00e9l\u00e8bre c\u00f4te amalfitaine et les merveilles anciennes du parc national du Cilento, Salerne offre le cadre id\u00e9al pour une exp\u00e9rience linguistique immersive qui va bien au-del\u00e0 de la salle de classe.<\/p>\n<p><b>Avantages d&rsquo;\u00e9tudier l&rsquo;italien \u00e0 Salerne<\/b><\/p>\n<ul>\n<li>Immersion culturelle authentique : Salerne n&rsquo;est pas envahie par le tourisme de masse, vous vous retrouverez \u00e0 pratiquer l&rsquo;italien dans des situations quotidiennes, que ce soit pour commander un <i>caff\u00e8<\/i> dans un bar local ou pour discuter avec les commer\u00e7ants sympathiques du centre historique.<\/li>\n<li>Qualit\u00e9 de vie \u00e9lev\u00e9e, co\u00fbts r\u00e9duits : profitez du style de vie m\u00e9diterran\u00e9en \u00e0 un co\u00fbt bien inf\u00e9rieur \u00e0 celui du nord de l&rsquo;Italie. Salerne propose des restaurants abordables et un centre-ville s\u00fbr et facile \u00e0 parcourir \u00e0 pied.<\/li>\n<li>Hospitalit\u00e9 chaleureuse du sud : les habitants de Salerne sont r\u00e9put\u00e9s pour leur ouverture et leur chaleur.<\/li>\n<li>Climat id\u00e9al toute l&rsquo;ann\u00e9e : avec des hivers doux et des \u00e9t\u00e9s longs et ensoleill\u00e9s, Salerne est une destination fantastique pour suivre des cours de langue en toute saison, vous permettant de profiter d&rsquo;excursions en plein air et de la vie en bord de mer quel que soit le moment o\u00f9 vous choisissez de vous y rendre.<\/li>\n<\/ul>\n<h3><b>Activit\u00e9s et vie culturelle \u00e0 Salerne<\/b><\/h3>\n<p>&nbsp;<\/p>\n<p>L&rsquo;\u00e9cole organise chaque semaine des activit\u00e9s extrascolaires destin\u00e9es \u00e0 favoriser les \u00e9changes entre les \u00e9tudiants.<\/p>\n<p>\u00c9tudiez au bord de la mer ! La ville dispose d&rsquo;une magnifique promenade en bord de mer (<i>Lungomare<\/i>) et est entour\u00e9e de montagnes spectaculaires et d&rsquo;eaux cristallines, id\u00e9ales pour se d\u00e9tendre apr\u00e8s une journ\u00e9e d&rsquo;\u00e9tude.<\/p>\n<p>L&#8217;emplacement strat\u00e9gique de Salerne vous permet de prendre un ferry pour Positano et Amalfi ou un train pour vous rendre aux ruines de Pomp\u00e9i et Paestum apr\u00e8s vos cours du matin.<\/p>\n<p>Les excursions \u00e0 Capri et Ischia sont recommand\u00e9es.<\/p>\n<p>De plus, ne manquez pas de visiter Naples et Caserte pendant votre cours d&rsquo;italien \u00e0 Salerne.<\/p>\n<\/div>\n<div class=\"aiosrs-rating-wrap\" data-schema-id=\"90691\">\n<div class=\"aiosrs-rating-summary-wrap\"><\/div>\n<\/div>\n","protected":false},"excerpt":{"rendered":"<h2><b>Apprenez l&rsquo;italien \u00e0 Salerne, l<\/b><strong>a c\u00f4te amalfitaine \u00e0 port\u00e9e de main!<\/strong><\/h2>\n<p>Salerne est l&rsquo;endroit id\u00e9al pour suivre vos cours d&rsquo;italien. La ville offre un large choix de restaurants, de bars et d&rsquo;activit\u00e9s \u00e0 des prix tr\u00e8s abordables.<\/p>\n<p>C&rsquo;est votre porte d&rsquo;entr\u00e9e vers le sud de l&rsquo;Italie. De l\u00e0, vous n&rsquo;\u00eates qu&rsquo;\u00e0 quelques minutes en ferry ou en train de sites incontournables tels que Capri, Sorrente et les merveilles antiques d&rsquo;Herculanum et de Paestum.<\/p>\n<p>&nbsp;<\/p>\n<p>&nbsp;<\/p>\n<p>&nbsp;<\/p>\n","protected":false},"featured_media":118446,"comment_status":"open","ping_status":"closed","template":"","meta":{"_acf_changed":false,"_uag_custom_page_level_css":"","_kad_blocks_custom_css":"","_kad_blocks_head_custom_js":"","_kad_blocks_body_custom_js":"","_kad_blocks_footer_custom_js":"","site-sidebar-layout":"default","site-content-layout":"default","ast-site-content-layout":"default","site-content-style":"default","site-sidebar-style":"default","ast-global-header-display":"","ast-banner-title-visibility":"","ast-main-header-display":"","ast-hfb-above-header-display":"","ast-hfb-below-header-display":"","ast-hfb-mobile-header-display":"","site-post-title":"","ast-breadcrumbs-content":"","ast-featured-img":"","footer-sml-layout":"","ast-disable-related-posts":"","theme-transparent-header-meta":"default","adv-header-id-meta":"","stick-header-meta":"default","header-above-stick-meta":"","header-main-stick-meta":"","header-below-stick-meta":"","astra-migrate-meta-layouts":"set","ast-page-background-enabled":"default","ast-page-background-meta":{"desktop":{"background-color":"var(--ast-global-color-4)","background-image":"","background-repeat":"repeat","background-position":"center center","background-size":"auto","background-attachment":"scroll","background-type":"","background-media":"","overlay-type":"","overlay-color":"","overlay-opacity":"","overlay-gradient":""},"tablet":{"background-color":"","background-image":"","background-repeat":"repeat","background-position":"center center","background-size":"auto","background-attachment":"scroll","background-type":"","background-media":"","overlay-type":"","overlay-color":"","overlay-opacity":"","overlay-gradient":""},"mobile":{"background-color":"","background-image":"","background-repeat":"repeat","background-position":"center center","background-size":"auto","background-attachment":"scroll","background-type":"","background-media":"","overlay-type":"","overlay-color":"","overlay-opacity":"","overlay-gradient":""}},"ast-content-background-meta":{"desktop":{"background-color":"var(--ast-global-color-5)","background-image":"","background-repeat":"repeat","background-position":"center center","background-size":"auto","background-attachment":"scroll","background-type":"","background-media":"","overlay-type":"","overlay-color":"","overlay-opacity":"","overlay-gradient":""},"tablet":{"background-color":"var(--ast-global-color-5)","background-image":"","background-repeat":"repeat","background-position":"center center","background-size":"auto","background-attachment":"scroll","background-type":"","background-media":"","overlay-type":"","overlay-color":"","overlay-opacity":"","overlay-gradient":""},"mobile":{"background-color":"var(--ast-global-color-5)","background-image":"","background-repeat":"repeat","background-position":"center center","background-size":"auto","background-attachment":"scroll","background-type":"","background-media":"","overlay-type":"","overlay-color":"","overlay-opacity":"","overlay-gradient":""}}},"section":[2029],"product_brand":[],"product_cat":[1262,1317],"product_tag":[1877],"class_list":{"0":"post-188460","1":"product","2":"type-product","3":"status-publish","4":"has-post-thumbnail","6":"section-south-and-islands","7":"product_cat-cours-italien-en-italie","8":"product_cat-cours-a-salerne","9":"product_tag-cours-ditalien-en-italie","10":"desktop-align-left","11":"tablet-align-left","12":"mobile-align-left","13":"ast-product-gallery-layout-horizontal-slider","14":"ast-product-single-variable","15":"ast-product-tabs-layout-horizontal","16":"ast-qv-on-image-click","18":"first","19":"instock","20":"sold-individually","21":"shipping-taxable","22":"purchasable","23":"product-type-variable","24":"has-default-attributes"},"acf":[],"taxonomy_info":{"section":[{"value":2029,"label":"South and Islands"}],"product_cat":[{"value":1262,"label":"Cours d'italien en Italie"},{"value":1317,"label":"\u00c9tudier \u00e0 Salerne"}],"product_tag":[{"value":1877,"label":"Cours d'italien en Italie"}]},"featured_image_src_large":["https:\/\/www.studiainitalia.com\/wp-content\/uploads\/2016\/11\/learn-italian-in-salerno-e1490028343528.jpg",350,352,false],"author_info":[],"comment_info":10,"uagb_featured_image_src":{"full":["https:\/\/www.studiainitalia.com\/wp-content\/uploads\/2016\/11\/learn-italian-in-salerno-e1490028343528.jpg",350,352,false],"thumbnail":["https:\/\/www.studiainitalia.com\/wp-content\/uploads\/2016\/11\/learn-italian-in-salerno-150x150.jpg",96,96,true],"medium":["https:\/\/www.studiainitalia.com\/wp-content\/uploads\/2016\/11\/learn-italian-in-salerno-298x300.jpg",298,300,true],"medium_large":["https:\/\/www.studiainitalia.com\/wp-content\/uploads\/2016\/11\/learn-italian-in-salerno-e1490028343528.jpg",350,352,false],"large":["https:\/\/www.studiainitalia.com\/wp-content\/uploads\/2016\/11\/learn-italian-in-salerno-e1490028343528.jpg",350,352,false],"1536x1536":["https:\/\/www.studiainitalia.com\/wp-content\/uploads\/2016\/11\/learn-italian-in-salerno-e1490028343528.jpg",350,352,false],"2048x2048":["https:\/\/www.studiainitalia.com\/wp-content\/uploads\/2016\/11\/learn-italian-in-salerno-e1490028343528.jpg",350,352,false],"ultp_layout_landscape_large":["https:\/\/www.studiainitalia.com\/wp-content\/uploads\/2016\/11\/learn-italian-in-salerno-e1490028343528.jpg",350,352,false],"ultp_layout_landscape":["https:\/\/www.studiainitalia.com\/wp-content\/uploads\/2016\/11\/learn-italian-in-salerno-e1490028343528.jpg",350,352,false],"ultp_layout_portrait":["https:\/\/www.studiainitalia.com\/wp-content\/uploads\/2016\/11\/learn-italian-in-salerno-e1490028343528.jpg",350,352,false],"ultp_layout_square":["https:\/\/www.studiainitalia.com\/wp-content\/uploads\/2016\/11\/learn-italian-in-salerno-e1490028343528.jpg",350,352,false],"gform-image-choice-sm":["https:\/\/www.studiainitalia.com\/wp-content\/uploads\/2016\/11\/learn-italian-in-salerno-e1490028343528.jpg",298,300,false],"gform-image-choice-md":["https:\/\/www.studiainitalia.com\/wp-content\/uploads\/2016\/11\/learn-italian-in-salerno-e1490028343528.jpg",350,352,false],"gform-image-choice-lg":["https:\/\/www.studiainitalia.com\/wp-content\/uploads\/2016\/11\/learn-italian-in-salerno-e1490028343528.jpg",350,352,false],"woocommerce_thumbnail":["https:\/\/www.studiainitalia.com\/wp-content\/uploads\/2016\/11\/learn-italian-in-salerno-e1490028343528-300x300.jpg",300,300,true],"woocommerce_single":["https:\/\/www.studiainitalia.com\/wp-content\/uploads\/2016\/11\/learn-italian-in-salerno-e1490028343528.jpg",350,352,false],"woocommerce_gallery_thumbnail":["https:\/\/www.studiainitalia.com\/wp-content\/uploads\/2016\/11\/learn-italian-in-salerno-e1490028343528-100x100.jpg",100,100,true],"yarpp-thumbnail":["https:\/\/www.studiainitalia.com\/wp-content\/uploads\/2016\/11\/learn-italian-in-salerno-e1490028343528.jpg",120,120,false]},"uagb_author_info":{"display_name":"Javier Diaz","author_link":"https:\/\/www.studiainitalia.com\/fr\/author\/"},"uagb_comment_info":10,"uagb_excerpt":"Apprenez l'italien \u00e0 Salerne, la c\u00f4te amalfitaine \u00e0 port\u00e9e de main! Salerne est l'endroit id\u00e9al pour suivre vos cours d'italien. La ville offre un large choix de restaurants, de bars et d'activit\u00e9s \u00e0 des prix tr\u00e8s abordables. C'est votre porte d'entr\u00e9e vers le sud de l'Italie. De l\u00e0, vous n'\u00eates qu'\u00e0 quelques minutes en ferry\u2026","_links":{"self":[{"href":"https:\/\/www.studiainitalia.com\/fr\/wp-json\/wp\/v2\/product\/188460","targetHints":{"allow":["GET"]}}],"collection":[{"href":"https:\/\/www.studiainitalia.com\/fr\/wp-json\/wp\/v2\/product"}],"about":[{"href":"https:\/\/www.studiainitalia.com\/fr\/wp-json\/wp\/v2\/types\/product"}],"replies":[{"embeddable":true,"href":"https:\/\/www.studiainitalia.com\/fr\/wp-json\/wp\/v2\/comments?post=188460"}],"wp:featuredmedia":[{"embeddable":true,"href":"https:\/\/www.studiainitalia.com\/fr\/wp-json\/wp\/v2\/media\/118446"}],"wp:attachment":[{"href":"https:\/\/www.studiainitalia.com\/fr\/wp-json\/wp\/v2\/media?parent=188460"}],"wp:term":[{"taxonomy":"section","embeddable":true,"href":"https:\/\/www.studiainitalia.com\/fr\/wp-json\/wp\/v2\/section?post=188460"},{"taxonomy":"product_brand","embeddable":true,"href":"https:\/\/www.studiainitalia.com\/fr\/wp-json\/wp\/v2\/product_brand?post=188460"},{"taxonomy":"product_cat","embeddable":true,"href":"https:\/\/www.studiainitalia.com\/fr\/wp-json\/wp\/v2\/product_cat?post=188460"},{"taxonomy":"product_tag","embeddable":true,"href":"https:\/\/www.studiainitalia.com\/fr\/wp-json\/wp\/v2\/product_tag?post=188460"}],"curies":[{"name":"wp","href":"https:\/\/api.w.org\/{rel}","templated":true}]}}