{"id":188469,"date":"2016-11-06T19:53:54","date_gmt":"2016-11-06T18:53:54","guid":{"rendered":"https:\/\/www.studiainitalia.com\/courses\/non%20class\u00e9\/italien-en-turin\/"},"modified":"2026-04-03T07:56:51","modified_gmt":"2026-04-03T05:56:51","slug":"italien-en-turin","status":"publish","type":"product","link":"https:\/\/www.studiainitalia.com\/fr\/cours\/cours-italien-en-italie\/italien-en-turin\/","title":{"rendered":"Cours d\u2019italien \u00e0 Turin"},"content":{"rendered":"<h2><strong>Cours d&rsquo;Italien \u00e0 Turin<\/strong><\/h2>\n<p>&nbsp;<\/p>\n<p>Notre \u00e9cole \u00e0 Turin, Italiano Porticando, est situ\u00e9e dans un b\u00e2timent du 18\u00e8me si\u00e8cle dans le centre historique de la ville.<\/p>\n<p>Lorsque vous choisissez d&rsquo;\u00e9tudier l&rsquo;italien \u00e0 Turin, vous vous immergez dans la langue de la meilleure fa\u00e7on possible.<\/p>\n<p>L&rsquo;\u00e9cole utilise une m\u00e9thode d&rsquo;enseignement communicative directe, ce qui signifie que l&rsquo;italien est la seule langue parl\u00e9e d\u00e8s le premier jour.<\/p>\n<p>Les enseignants sont des experts en enseignement des langues \u00e9trang\u00e8res, ils n&rsquo;ont donc pas besoin de l&rsquo;anglais ou d&rsquo;autres langues pour expliquer les concepts.<\/p>\n<p>Cela s&rsquo;applique \u00e0 tous les niveaux, des d\u00e9butants absolus (A1) aux apprenants avanc\u00e9s (C2).<\/p>\n<p>L&rsquo;objectif principal est de renforcer d&rsquo;abord votre confiance et vos comp\u00e9tences en communication, puis d&rsquo;affiner votre grammaire et d&rsquo;\u00e9liminer les erreurs.<\/p>\n<p>Les programmes intensifs sont con\u00e7us pour \u00eatre \u00e0 la fois rigoureux et attrayants, s&rsquo;adaptant parfaitement au mode de vie de quelqu&rsquo;un qui d\u00e9m\u00e9nage pour \u00e9tudier l&rsquo;italien \u00e0 Turin, en Italie.<\/p>\n<p>Le programme va au-del\u00e0 des manuels scolaires pour vous permettre de g\u00e9rer la vie quotidienne en Italie :<\/p>\n<ul>\n<li><b>Mat\u00e9riel stimulant :<\/b> utilisation de chansons, de films, de litt\u00e9rature, de publicit\u00e9s et d&rsquo;articles de presse.<\/li>\n<li><b>Situations simul\u00e9es :<\/b> les activit\u00e9s sont con\u00e7ues pour imiter les interactions sociales et les t\u00e2ches quotidiennes de la vie r\u00e9elle.<\/li>\n<li><b>Certification :<\/b> \u00e0 la fin de vos \u00e9tudes, vous recevrez un certificat de participation d\u00e9taillant votre niveau et le type de cours suivi.<\/li>\n<\/ul>\n<p>Les salles de classe sont lumineuses et accueillantes. L&rsquo;ensemble de l&rsquo;\u00e9cole offre une atmosph\u00e8re confortable et chaleureuse qui vous fera vous sentir plus \u00e0 l&rsquo;aise qu&rsquo;\u00e0 l&rsquo;\u00e9cole.<\/p>\n<p>Les \u00e9tudiants ont \u00e0 leur disposition une grande vari\u00e9t\u00e9 de supports p\u00e9dagogiques, tels que des livres, des journaux et des magazines. De plus, vous pouvez emprunter des CD et des DVD ou les utiliser \u00e0 l&rsquo;\u00e9cole.<\/p>\n<p>&nbsp;<\/p>\n<h3><b>Structure du cours<\/b><\/h3>\n<p>&nbsp;<\/p>\n<ul>\n<li>20 heures par semaine (4 le\u00e7ons par jour, du lundi au vendredi)<\/li>\n<li>Horaires du matin pour les cours intensifs<\/li>\n<li>Dur\u00e9e flexible : \u00e0 partir d&rsquo;une semaine<\/li>\n<li>Taille des groupes : petits groupes internationaux (g\u00e9n\u00e9ralement 6 \u00e0 8 \u00e9tudiants).<\/li>\n<\/ul>\n<h3><b>Types de cours d&rsquo;italien disponibles \u00e0 Turin<\/b><\/h3>\n<p>&nbsp;<\/p>\n<ul>\n<li>Cours d&rsquo;italien intensif (4 le\u00e7ons par jour)<\/li>\n<li>Cours semi-intensifs (3 le\u00e7ons par jour)<\/li>\n<li>Cours d&rsquo;italien \u00e0 long terme<\/li>\n<li>Cours particuliers d&rsquo;italien<\/li>\n<li>Cours de conversation<\/li>\n<li>Cours d&rsquo;italien en ligne et dans l&rsquo; apres midi<\/li>\n<li>Cours combin\u00e9s de langue et de culture italiennes (art, cuisine, culture)<\/li>\n<\/ul>\n<h2><b>Dates de d\u00e9but et d\u00e9tails<\/b><\/h2>\n<p>&nbsp;<\/p>\n<ul>\n<li><b>Dur\u00e9e des cours<\/b> : 50 minutes<\/li>\n<li><b>Taille moyenne des classes<\/b> : 8 \u00e9tudiants<\/li>\n<li><b>Taille maximale des classes<\/b> : 12 \u00e9tudiants<\/li>\n<li><b>Horaires<\/b> : matin<\/li>\n<li><b>Mat\u00e9riel p\u00e9dagogique<\/b> : inclus<\/li>\n<li><b>Test de niveau et certificat final<\/b> : inclus<\/li>\n<li><b>Lieu<\/b> : Via Pietro Micca 20<\/li>\n<li><b>Autres services<\/b> : acc\u00e8s Internet, biblioth\u00e8que, activit\u00e9s sociales et transfert depuis l&rsquo;a\u00e9roport disponibles<\/li>\n<\/ul>\n<p>&nbsp;<\/p>\n<table id=\"tablepress-730\" class=\"tablepress tablepress-id-730\">\n<thead>\n<tr class=\"row-1 odd\">\n<th class=\"column-1\" colspan=\"6\">Dates de d\u00e9but 2026<\/th>\n<\/tr>\n<\/thead>\n<tbody class=\"row-hover\">\n<tr class=\"row-2 even\">\n<td class=\"column-1\">Janvier<\/td>\n<td class=\"column-2\">5<\/td>\n<td class=\"column-3\">Mai<\/td>\n<td class=\"column-4\">4<\/td>\n<td class=\"column-5\">Septembre<\/td>\n<td class=\"column-6\">28<\/td>\n<\/tr>\n<tr class=\"row-3 odd\">\n<td class=\"column-1\">F\u00e9vrier<\/td>\n<td class=\"column-2\">2<\/td>\n<td class=\"column-3\">Juin<\/td>\n<td class=\"column-4\">1<\/td>\n<td class=\"column-5\">Octobre<\/td>\n<td class=\"column-6\">26<\/td>\n<\/tr>\n<tr class=\"row-4 even\">\n<td class=\"column-1\">Mars<\/td>\n<td class=\"column-2\">2, 30<\/td>\n<td class=\"column-3\">Juillet<\/td>\n<td class=\"column-4\">6<\/td>\n<td class=\"column-5\">Novembre<\/td>\n<td class=\"column-6\">23<\/td>\n<\/tr>\n<tr class=\"row-5 odd\">\n<td class=\"column-1\">Avril<\/td>\n<td class=\"column-2\"><\/td>\n<td class=\"column-3\">Ao\u00fbt<\/td>\n<td class=\"column-4\">3, 31<\/td>\n<td class=\"column-5\">Decembre<\/td>\n<td class=\"column-6\"><\/td>\n<\/tr>\n<tr class=\"row-6 even\">\n<td class=\"column-1\" colspan=\"6\">Les \u00e9tudiants non d\u00e9butants peuvent commencer les cours n&rsquo;importe quel lundi sur demande.<br \/>\nL&rsquo;\u00e9cole sera ferm\u00e9e les jours f\u00e9ri\u00e9s suivants: Epiphanie (06\/01), Lundi de P\u00e2ques, Jour de la Lib\u00e9ration de l&rsquo;Italie (25\/04), F\u00eate des Travailleurs (01\/05), F\u00eate de la R\u00e9publique (02\/06), Ferragosto (15 \/ 08), Tous les Saints (01\/11), Immacul\u00e9e Conception (8\/12), vacances de No\u00ebl et nouvel an.<\/td>\n<\/tr>\n<\/tbody>\n<\/table>\n<div class=\"aiosrs-rating-wrap\" data-schema-id=\"90691\">\n<div class=\"aiosrs-star-rating-wrap \"><\/div>\n<div class=\"aiosrs-rating-summary-wrap\">\n<h2><b>Pourquoi \u00e9tudier l&rsquo;italien \u00e0 Turin ?<\/b><\/h2>\n<p>&nbsp;<\/p>\n<p>L&rsquo;une des meilleures raisons d&rsquo;\u00e9tudier l&rsquo;italien \u00e0 Turin, en Italie, est la qualit\u00e9 de la langue parl\u00e9e. Turin offre un environnement \u00ab pur \u00bb aux apprenants.<\/p>\n<ul>\n<li><b>Accent neutre et \u00e9l\u00e9gant :<\/b> l&rsquo;accent local est largement consid\u00e9r\u00e9 comme l&rsquo;un des plus clairs et des plus \u00ab standard \u00bb d&rsquo;Italie. Cela permet aux d\u00e9butants d&rsquo;imiter beaucoup plus facilement la prononciation correcte.<\/li>\n<li><b>Rythme mesur\u00e9 :<\/b> les habitants ont tendance \u00e0 bien articuler et \u00e0 parler \u00e0 un rythme r\u00e9gulier et mesur\u00e9, ce qui est tr\u00e8s utile pour les \u00e9tudiants qui souhaitent am\u00e9liorer leurs comp\u00e9tences en compr\u00e9hension orale.<\/li>\n<li><b>L&rsquo;italien standard plut\u00f4t que le dialecte :<\/b> bien que le dialecte local <i>pi\u00e9montais<\/i> existe, il est rarement utilis\u00e9 avec les \u00e9trangers. Vous entendrez et parlerez presque toujours l&rsquo;italien standard.<\/li>\n<\/ul>\n<p><b>Avantages d&rsquo;\u00e9tudier l&rsquo;italien \u00e0 Turin<\/b><\/p>\n<p>Turin est une ville fond\u00e9e sur l&rsquo;\u00e9ducation et l&rsquo;histoire, offrant un environnement stimulant pour vos \u00e9tudes.<\/p>\n<ul>\n<li>Elle abrite l&rsquo;Universit\u00e0 di Torino, l&rsquo;une des universit\u00e9s les plus anciennes et les plus prestigieuses d&rsquo;Italie.<\/li>\n<li>Vous aurez un acc\u00e8s direct au <b>Mus\u00e9e \u00e9gyptien<\/b> (le deuxi\u00e8me plus important au monde) et au <b>Mus\u00e9e national du cin\u00e9ma<\/b>, situ\u00e9 dans le monument embl\u00e9matique de la ville, la <i>Mole Antonelliana<\/i>.<\/li>\n<li><b>Les Alpes <\/b>et au-del\u00e0 : lorsque vous avez besoin d&rsquo;une pause, les Alpes ne sont qu&rsquo;\u00e0 une heure de route pour faire du ski ou de la randonn\u00e9e.<\/li>\n<li>Vous \u00eates id\u00e9alement situ\u00e9 pour faire des escapades le week-end en France, en Suisse ou sur la c\u00f4te ligurienne ensoleill\u00e9e.<\/li>\n<\/ul>\n<h3><b>Activit\u00e9s et vie culturelle \u00e0 Turin<\/b><\/h3>\n<p>&nbsp;<\/p>\n<p>Les cours sont compl\u00e9t\u00e9s par des activit\u00e9s extrascolaires organis\u00e9es par l&rsquo;\u00e9cole l&rsquo;apr\u00e8s-midi, permettant aux \u00e9tudiants de mettre en pratique ce qu&rsquo;ils ont appris pendant les cours du matin.<\/p>\n<p>En effet, la ville et la r\u00e9gion offrent aux jeunes et aux moins jeunes de nombreux \u00e9v\u00e9nements et occasions de se divertir, de se d\u00e9tendre et de d\u00e9couvrir des choses nouvelles et particuli\u00e8res :<\/p>\n<ul>\n<li>Mus\u00e9es, expositions d&rsquo;art moderne<\/li>\n<li>\u00c9v\u00e9nements \u0153nogastronomiques<\/li>\n<li>Festivals et comm\u00e9morations d&rsquo;\u00e9v\u00e9nements historiques<\/li>\n<li>Randonn\u00e9es dans les collines autour de Turin<\/li>\n<li>Excursions dans les Alpes<\/li>\n<li>Excursions dans les Langa et les vignobles<\/li>\n<li>Excursions vers les \u00ab grands \u00bb lacs du Pi\u00e9mont<\/li>\n<li>Ne manquez pas de go\u00fbter un \u00ab Bicerin \u00bb pendant votre s\u00e9jour : il s&rsquo;agit d&rsquo;une boisson chaude traditionnelle \u00e0 base de caf\u00e9, de chocolat et de cr\u00e8me. C&rsquo;est un rituel incontournable \u00e0 Turin.<\/li>\n<li><strong>Berceau de l&rsquo;ap\u00e9ritif :<\/strong> Turin est la capitale de l&rsquo;\u00ab Apericena \u00bb, o\u00f9 vous pourrez d\u00e9guster une boisson et un buffet complet.<\/li>\n<\/ul>\n<\/div>\n<\/div>\n","protected":false},"excerpt":{"rendered":"<p>&nbsp;<\/p>\n<h2><b>Apprenez l&rsquo;italien \u00e0 Turin, la ville la plus \u00e9l\u00e9gante d&rsquo;Italie<\/b><\/h2>\n<p>Turin est r\u00e9put\u00e9e pour son \u00e9l\u00e9gance, ses parcs et ses mus\u00e9es. Le Mus\u00e9e \u00e9gyptologique et le Mus\u00e9e du cin\u00e9ma italien m\u00e9ritent une visite. C&rsquo;est \u00e9galement la capitale du chocolat.<\/p>\n<p>Turin est une ville connue pour \u00eatre un centre industriel, mais peu connue des touristes.<\/p>\n<p>Elle poss\u00e8de pourtant un incroyable patrimoine artistique et culturel \u00e0 offrir \u00e0 ceux qui appr\u00e9cient l&rsquo;Italie, sa langue et sa culture.<\/p>\n<p>Les jours brumeux, les longs boulevards et la vue sur les montagnes font partie de son charme. Ne r\u00e9sistez pas, laissez-vous s\u00e9duire.<\/p>\n<p>La ville compte plus de 18 km d&rsquo;arcades couvertes (portici) et se promener sous celles-ci fait partie de la vie quotidienne, ce n&rsquo;est pas seulement une attraction touristique.<\/p>\n","protected":false},"featured_media":118542,"comment_status":"open","ping_status":"closed","template":"","meta":{"_acf_changed":false,"_uag_custom_page_level_css":"","_kad_blocks_custom_css":"","_kad_blocks_head_custom_js":"","_kad_blocks_body_custom_js":"","_kad_blocks_footer_custom_js":"","site-sidebar-layout":"default","site-content-layout":"default","ast-site-content-layout":"default","site-content-style":"default","site-sidebar-style":"default","ast-global-header-display":"","ast-banner-title-visibility":"","ast-main-header-display":"","ast-hfb-above-header-display":"","ast-hfb-below-header-display":"","ast-hfb-mobile-header-display":"","site-post-title":"","ast-breadcrumbs-content":"","ast-featured-img":"","footer-sml-layout":"","ast-disable-related-posts":"","theme-transparent-header-meta":"default","adv-header-id-meta":"","stick-header-meta":"default","header-above-stick-meta":"","header-main-stick-meta":"","header-below-stick-meta":"","astra-migrate-meta-layouts":"set","ast-page-background-enabled":"default","ast-page-background-meta":{"desktop":{"background-color":"var(--ast-global-color-4)","background-image":"","background-repeat":"repeat","background-position":"center center","background-size":"auto","background-attachment":"scroll","background-type":"","background-media":"","overlay-type":"","overlay-color":"","overlay-opacity":"","overlay-gradient":""},"tablet":{"background-color":"","background-image":"","background-repeat":"repeat","background-position":"center center","background-size":"auto","background-attachment":"scroll","background-type":"","background-media":"","overlay-type":"","overlay-color":"","overlay-opacity":"","overlay-gradient":""},"mobile":{"background-color":"","background-image":"","background-repeat":"repeat","background-position":"center center","background-size":"auto","background-attachment":"scroll","background-type":"","background-media":"","overlay-type":"","overlay-color":"","overlay-opacity":"","overlay-gradient":""}},"ast-content-background-meta":{"desktop":{"background-color":"var(--ast-global-color-5)","background-image":"","background-repeat":"repeat","background-position":"center center","background-size":"auto","background-attachment":"scroll","background-type":"","background-media":"","overlay-type":"","overlay-color":"","overlay-opacity":"","overlay-gradient":""},"tablet":{"background-color":"var(--ast-global-color-5)","background-image":"","background-repeat":"repeat","background-position":"center center","background-size":"auto","background-attachment":"scroll","background-type":"","background-media":"","overlay-type":"","overlay-color":"","overlay-opacity":"","overlay-gradient":""},"mobile":{"background-color":"var(--ast-global-color-5)","background-image":"","background-repeat":"repeat","background-position":"center center","background-size":"auto","background-attachment":"scroll","background-type":"","background-media":"","overlay-type":"","overlay-color":"","overlay-opacity":"","overlay-gradient":""}}},"section":[2027],"product_brand":[],"product_cat":[1262,1318],"product_tag":[1877],"class_list":{"0":"post-188469","1":"product","2":"type-product","3":"status-publish","4":"has-post-thumbnail","6":"section-north","7":"product_cat-cours-italien-en-italie","8":"product_cat-cours-a-turin","9":"product_tag-cours-ditalien-en-italie","10":"desktop-align-left","11":"tablet-align-left","12":"mobile-align-left","13":"ast-product-gallery-layout-horizontal-slider","14":"ast-product-gallery-with-no-image","15":"ast-product-single-variable","16":"ast-product-tabs-layout-horizontal","17":"ast-qv-on-image-click","19":"first","20":"instock","21":"sold-individually","22":"shipping-taxable","23":"purchasable","24":"product-type-variable","25":"has-default-attributes"},"acf":[],"taxonomy_info":{"section":[{"value":2027,"label":"North"}],"product_cat":[{"value":1262,"label":"Cours d'italien en Italie"},{"value":1318,"label":"\u00c9tudier \u00e0 Turin"}],"product_tag":[{"value":1877,"label":"Cours d'italien en Italie"}]},"featured_image_src_large":["https:\/\/www.studiainitalia.com\/wp-content\/uploads\/2016\/11\/learn-italian-in-turin-e1490029138302.jpg",350,350,false],"author_info":[],"comment_info":10,"uagb_featured_image_src":{"full":["https:\/\/www.studiainitalia.com\/wp-content\/uploads\/2016\/11\/learn-italian-in-turin-e1490029138302.jpg",350,350,false],"thumbnail":["https:\/\/www.studiainitalia.com\/wp-content\/uploads\/2016\/11\/learn-italian-in-turin-150x150.jpg",96,96,true],"medium":["https:\/\/www.studiainitalia.com\/wp-content\/uploads\/2016\/11\/learn-italian-in-turin-300x300.jpg",300,300,true],"medium_large":["https:\/\/www.studiainitalia.com\/wp-content\/uploads\/2016\/11\/learn-italian-in-turin-e1490029138302.jpg",350,350,false],"large":["https:\/\/www.studiainitalia.com\/wp-content\/uploads\/2016\/11\/learn-italian-in-turin-e1490029138302.jpg",350,350,false],"1536x1536":["https:\/\/www.studiainitalia.com\/wp-content\/uploads\/2016\/11\/learn-italian-in-turin-e1490029138302.jpg",350,350,false],"2048x2048":["https:\/\/www.studiainitalia.com\/wp-content\/uploads\/2016\/11\/learn-italian-in-turin-e1490029138302.jpg",350,350,false],"ultp_layout_landscape_large":["https:\/\/www.studiainitalia.com\/wp-content\/uploads\/2016\/11\/learn-italian-in-turin-e1490029138302.jpg",350,350,false],"ultp_layout_landscape":["https:\/\/www.studiainitalia.com\/wp-content\/uploads\/2016\/11\/learn-italian-in-turin-e1490029138302.jpg",350,350,false],"ultp_layout_portrait":["https:\/\/www.studiainitalia.com\/wp-content\/uploads\/2016\/11\/learn-italian-in-turin-e1490029138302.jpg",350,350,false],"ultp_layout_square":["https:\/\/www.studiainitalia.com\/wp-content\/uploads\/2016\/11\/learn-italian-in-turin-e1490029138302.jpg",350,350,false],"gform-image-choice-sm":["https:\/\/www.studiainitalia.com\/wp-content\/uploads\/2016\/11\/learn-italian-in-turin-e1490029138302.jpg",300,300,false],"gform-image-choice-md":["https:\/\/www.studiainitalia.com\/wp-content\/uploads\/2016\/11\/learn-italian-in-turin-e1490029138302.jpg",350,350,false],"gform-image-choice-lg":["https:\/\/www.studiainitalia.com\/wp-content\/uploads\/2016\/11\/learn-italian-in-turin-e1490029138302.jpg",350,350,false],"woocommerce_thumbnail":["https:\/\/www.studiainitalia.com\/wp-content\/uploads\/2016\/11\/learn-italian-in-turin-e1490029138302-300x300.jpg",300,300,true],"woocommerce_single":["https:\/\/www.studiainitalia.com\/wp-content\/uploads\/2016\/11\/learn-italian-in-turin-e1490029138302.jpg",350,350,false],"woocommerce_gallery_thumbnail":["https:\/\/www.studiainitalia.com\/wp-content\/uploads\/2016\/11\/learn-italian-in-turin-e1490029138302-100x100.jpg",100,100,true],"yarpp-thumbnail":["https:\/\/www.studiainitalia.com\/wp-content\/uploads\/2016\/11\/learn-italian-in-turin-e1490029138302.jpg",120,120,false]},"uagb_author_info":{"display_name":"Javier Diaz","author_link":"https:\/\/www.studiainitalia.com\/fr\/author\/"},"uagb_comment_info":10,"uagb_excerpt":"&nbsp; Apprenez l'italien \u00e0 Turin, la ville la plus \u00e9l\u00e9gante d'Italie Turin est r\u00e9put\u00e9e pour son \u00e9l\u00e9gance, ses parcs et ses mus\u00e9es. Le Mus\u00e9e \u00e9gyptologique et le Mus\u00e9e du cin\u00e9ma italien m\u00e9ritent une visite. C'est \u00e9galement la capitale du chocolat. Turin est une ville connue pour \u00eatre un centre industriel, mais peu connue des touristes.\u2026","_links":{"self":[{"href":"https:\/\/www.studiainitalia.com\/fr\/wp-json\/wp\/v2\/product\/188469","targetHints":{"allow":["GET"]}}],"collection":[{"href":"https:\/\/www.studiainitalia.com\/fr\/wp-json\/wp\/v2\/product"}],"about":[{"href":"https:\/\/www.studiainitalia.com\/fr\/wp-json\/wp\/v2\/types\/product"}],"replies":[{"embeddable":true,"href":"https:\/\/www.studiainitalia.com\/fr\/wp-json\/wp\/v2\/comments?post=188469"}],"wp:featuredmedia":[{"embeddable":true,"href":"https:\/\/www.studiainitalia.com\/fr\/wp-json\/wp\/v2\/media\/118542"}],"wp:attachment":[{"href":"https:\/\/www.studiainitalia.com\/fr\/wp-json\/wp\/v2\/media?parent=188469"}],"wp:term":[{"taxonomy":"section","embeddable":true,"href":"https:\/\/www.studiainitalia.com\/fr\/wp-json\/wp\/v2\/section?post=188469"},{"taxonomy":"product_brand","embeddable":true,"href":"https:\/\/www.studiainitalia.com\/fr\/wp-json\/wp\/v2\/product_brand?post=188469"},{"taxonomy":"product_cat","embeddable":true,"href":"https:\/\/www.studiainitalia.com\/fr\/wp-json\/wp\/v2\/product_cat?post=188469"},{"taxonomy":"product_tag","embeddable":true,"href":"https:\/\/www.studiainitalia.com\/fr\/wp-json\/wp\/v2\/product_tag?post=188469"}],"curies":[{"name":"wp","href":"https:\/\/api.w.org\/{rel}","templated":true}]}}