{"id":188489,"date":"2016-11-06T16:29:53","date_gmt":"2016-11-06T15:29:53","guid":{"rendered":"https:\/\/www.studiainitalia.com\/courses\/non%20class\u00e9\/italien-in-orbetello\/"},"modified":"2026-03-25T10:31:04","modified_gmt":"2026-03-25T09:31:04","slug":"italien-a-orbetello","status":"publish","type":"product","link":"https:\/\/www.studiainitalia.com\/fr\/cours\/cours-italien-en-italie\/italien-a-orbetello\/","title":{"rendered":"Cours d\u2019italien \u00e0 Orbetello"},"content":{"rendered":"<h2>Cours d&rsquo;italien \u00e0 Orbetello<\/h2>\n<p>&nbsp;<\/p>\n<p>Notre \u00e9cole \u00e0 Orbetello, Orbitlingua, est situ\u00e9e dans un b\u00e2timent calme, \u00e0 quelques pas du centre historique. Elle est ouverte d\u2019avril \u00e0 octobre.<\/p>\n<p>Elle est entour\u00e9e d\u2019un beau jardin, o\u00f9 certains cours ont lieu pendant les mois d\u2019\u00e9t\u00e9 et o\u00f9 les \u00e9tudiants peuvent se d\u00e9tendre pendant leur temps libre.<\/p>\n<p>&nbsp;<\/p>\n<p>L\u2019\u00e9cole d\u2019italien \u00e0 Orbetello propose des cours de langue et de culture \u00e0 des \u00e9tudiants de tous \u00e2ges et de diff\u00e9rentes nationalit\u00e9s dans une atmosph\u00e8re conviviale et amicale.<\/p>\n<p>&nbsp;<\/p>\n<p>L\u2019 \u00e9cole dispose d\u2019une connexion Wi-Fi, m\u00eame dans le jardin. Ce service est gratuit.<\/p>\n<p>Les \u00e9tudiants peuvent \u00e9galement emprunter des films et des livres italiens. L\u2019\u00e9cole propose un riche programme social et excursions dans la r\u00e9gion de la Maremme et dans les \u00eeles de l\u2019archipel toscan.<\/p>\n<p>&nbsp;<\/p>\n<table id=\"tablepress-722\" class=\"tablepress tablepress-id-722\">\n<thead>\n<tr class=\"row-1 odd\">\n<th class=\"column-1\" colspan=\"6\">Dates de d\u00e9but 2026<\/th>\n<\/tr>\n<\/thead>\n<tbody class=\"row-hover\">\n<tr class=\"row-2 even\">\n<td class=\"column-1\">Janvier<\/td>\n<td class=\"column-2\"><\/td>\n<td class=\"column-3\">Mai<\/td>\n<td class=\"column-4\"><\/td>\n<td class=\"column-5\">Septembre<\/td>\n<td class=\"column-6\">7, 21<\/td>\n<\/tr>\n<tr class=\"row-3 odd\">\n<td class=\"column-1\">F\u00e9vrier<\/td>\n<td class=\"column-2\"><\/td>\n<td class=\"column-3\">Juin<\/td>\n<td class=\"column-4\">1, 15<\/td>\n<td class=\"column-5\">Octobre<\/td>\n<td class=\"column-6\">5, 19<\/td>\n<\/tr>\n<tr class=\"row-4 even\">\n<td class=\"column-1\">Mars<\/td>\n<td class=\"column-2\"><\/td>\n<td class=\"column-3\">Juillet<\/td>\n<td class=\"column-4\"><\/td>\n<td class=\"column-5\">Novembre<\/td>\n<td class=\"column-6\"><\/td>\n<\/tr>\n<tr class=\"row-5 odd\">\n<td class=\"column-1\">Avril<\/td>\n<td class=\"column-2\"><\/td>\n<td class=\"column-3\">Ao\u00fbt<\/td>\n<td class=\"column-4\"><\/td>\n<td class=\"column-5\">Decembre<\/td>\n<td class=\"column-6\"><\/td>\n<\/tr>\n<tr class=\"row-6 even\">\n<td class=\"column-1\" colspan=\"6\">L&rsquo;\u00e9cole sera ferm\u00e9e les jours f\u00e9ri\u00e9s suivants: Epiphanie (06\/01), Lundi de P\u00e2ques, Jour de la Lib\u00e9ration de l&rsquo;Italie (25\/04), F\u00eate des Travailleurs (01\/05), F\u00eate de la R\u00e9publique (02\/06), Ferragosto (15 \/ 08), Tous les Saints (01\/11), Immacul\u00e9e Conception (8\/12), vacances de No\u00ebl et nouvel an.<\/td>\n<\/tr>\n<\/tbody>\n<\/table>\n<div class=\"aiosrs-rating-wrap\" data-schema-id=\"90691\">\n<div class=\"aiosrs-star-rating-wrap \"><\/div>\n<div class=\"aiosrs-rating-summary-wrap\"><\/div>\n<\/div>\n","protected":false},"excerpt":{"rendered":"<p><strong>Orbetello se trouve dans la r\u00e9gion de la Maremme, pr\u00e8s de Rome, Florence, Sienne et Pise. Des kilom\u00e8tres de plages pr\u00e9serv\u00e9es entre deux r\u00e9serves naturelles prot\u00e9g\u00e9es. Le promontoire de l\u2019Argentario, Porto Santo Stefano, Porto Ercole, les \u00eeles de Giglio et Giannutri sont facilement accessibles.<\/strong><\/p>\n<ul>\n<li>Les cours d\u2019italien intensifs \u00e0 Orbetello consistent en 4 le\u00e7ons d\u2019italien par jour.<\/li>\n<\/ul>\n<ul>\n<li>Ce type de cours est parfait pour ceux qui veulent combiner l\u2019\u00e9tude avec d\u2019autres activit\u00e9s culturelles et de loisirs l\u2019apr\u00e8s-midi.<\/li>\n<li>Les classes sont form\u00e9es de petits groupes d\u2019\u00e9tudiants (5-10 \u00e9tudiants) ayant des niveaux de comp\u00e9tence linguistique compatibles selon le test de niveau.<\/li>\n<li>La m\u00e9thode d\u2019enseignement est communicative et une grande vari\u00e9t\u00e9 de mat\u00e9riel authentique est utilis\u00e9e en classe, donnant aux \u00e9tudiants des informations pr\u00e9cieuses sur la culture et la soci\u00e9t\u00e9 italienne moderne en m\u00eame temps que le d\u00e9veloppement des comp\u00e9tences linguistiques et communicatives authentiques des \u00e9tudiants.<\/li>\n<\/ul>\n","protected":false},"featured_media":197741,"comment_status":"open","ping_status":"closed","template":"","meta":{"_acf_changed":false,"_uag_custom_page_level_css":"","_kad_blocks_custom_css":"","_kad_blocks_head_custom_js":"","_kad_blocks_body_custom_js":"","_kad_blocks_footer_custom_js":"","site-sidebar-layout":"default","site-content-layout":"default","ast-site-content-layout":"default","site-content-style":"default","site-sidebar-style":"default","ast-global-header-display":"","ast-banner-title-visibility":"","ast-main-header-display":"","ast-hfb-above-header-display":"","ast-hfb-below-header-display":"","ast-hfb-mobile-header-display":"","site-post-title":"","ast-breadcrumbs-content":"","ast-featured-img":"","footer-sml-layout":"","ast-disable-related-posts":"","theme-transparent-header-meta":"default","adv-header-id-meta":"","stick-header-meta":"default","header-above-stick-meta":"","header-main-stick-meta":"","header-below-stick-meta":"","astra-migrate-meta-layouts":"set","ast-page-background-enabled":"default","ast-page-background-meta":{"desktop":{"background-color":"var(--ast-global-color-4)","background-image":"","background-repeat":"repeat","background-position":"center center","background-size":"auto","background-attachment":"scroll","background-type":"","background-media":"","overlay-type":"","overlay-color":"","overlay-opacity":"","overlay-gradient":""},"tablet":{"background-color":"","background-image":"","background-repeat":"repeat","background-position":"center center","background-size":"auto","background-attachment":"scroll","background-type":"","background-media":"","overlay-type":"","overlay-color":"","overlay-opacity":"","overlay-gradient":""},"mobile":{"background-color":"","background-image":"","background-repeat":"repeat","background-position":"center center","background-size":"auto","background-attachment":"scroll","background-type":"","background-media":"","overlay-type":"","overlay-color":"","overlay-opacity":"","overlay-gradient":""}},"ast-content-background-meta":{"desktop":{"background-color":"var(--ast-global-color-5)","background-image":"","background-repeat":"repeat","background-position":"center center","background-size":"auto","background-attachment":"scroll","background-type":"","background-media":"","overlay-type":"","overlay-color":"","overlay-opacity":"","overlay-gradient":""},"tablet":{"background-color":"var(--ast-global-color-5)","background-image":"","background-repeat":"repeat","background-position":"center center","background-size":"auto","background-attachment":"scroll","background-type":"","background-media":"","overlay-type":"","overlay-color":"","overlay-opacity":"","overlay-gradient":""},"mobile":{"background-color":"var(--ast-global-color-5)","background-image":"","background-repeat":"repeat","background-position":"center center","background-size":"auto","background-attachment":"scroll","background-type":"","background-media":"","overlay-type":"","overlay-color":"","overlay-opacity":"","overlay-gradient":""}}},"section":[2028],"product_brand":[],"product_cat":[1319,1262],"product_tag":[1877],"class_list":{"0":"post-188489","1":"product","2":"type-product","3":"status-publish","4":"has-post-thumbnail","6":"section-center","7":"product_cat-cours-italien-a-orbetello","8":"product_cat-cours-italien-en-italie","9":"product_tag-cours-ditalien-en-italie","10":"desktop-align-left","11":"tablet-align-left","12":"mobile-align-left","13":"ast-product-gallery-layout-horizontal-slider","14":"ast-product-single-variable","15":"ast-product-tabs-layout-horizontal","16":"ast-qv-on-image-click","18":"first","19":"instock","20":"sold-individually","21":"shipping-taxable","22":"purchasable","23":"product-type-variable","24":"has-default-attributes"},"acf":[],"taxonomy_info":{"section":[{"value":2028,"label":"Center"}],"product_cat":[{"value":1319,"label":"Cours d'italien \u00e0 Orbetello"},{"value":1262,"label":"Cours d'italien en Italie"}],"product_tag":[{"value":1877,"label":"Cours d'italien en Italie"}]},"featured_image_src_large":["https:\/\/www.studiainitalia.com\/wp-content\/uploads\/2024\/03\/ORBETELLO.jpg",960,720,false],"author_info":[],"comment_info":2,"uagb_featured_image_src":{"full":["https:\/\/www.studiainitalia.com\/wp-content\/uploads\/2024\/03\/ORBETELLO.jpg",960,720,false],"thumbnail":["https:\/\/www.studiainitalia.com\/wp-content\/uploads\/2024\/03\/ORBETELLO.jpg",128,96,false],"medium":["https:\/\/www.studiainitalia.com\/wp-content\/uploads\/2024\/03\/ORBETELLO.jpg",960,720,false],"medium_large":["https:\/\/www.studiainitalia.com\/wp-content\/uploads\/2024\/03\/ORBETELLO-768x576.jpg",768,576,true],"large":["https:\/\/www.studiainitalia.com\/wp-content\/uploads\/2024\/03\/ORBETELLO.jpg",960,720,false],"1536x1536":["https:\/\/www.studiainitalia.com\/wp-content\/uploads\/2024\/03\/ORBETELLO.jpg",960,720,false],"2048x2048":["https:\/\/www.studiainitalia.com\/wp-content\/uploads\/2024\/03\/ORBETELLO.jpg",960,720,false],"ultp_layout_landscape_large":["https:\/\/www.studiainitalia.com\/wp-content\/uploads\/2024\/03\/ORBETELLO.jpg",960,720,false],"ultp_layout_landscape":["https:\/\/www.studiainitalia.com\/wp-content\/uploads\/2024\/03\/ORBETELLO-870x570.jpg",870,570,true],"ultp_layout_portrait":["https:\/\/www.studiainitalia.com\/wp-content\/uploads\/2024\/03\/ORBETELLO-600x720.jpg",600,720,true],"ultp_layout_square":["https:\/\/www.studiainitalia.com\/wp-content\/uploads\/2024\/03\/ORBETELLO-600x600.jpg",600,600,true],"gform-image-choice-sm":["https:\/\/www.studiainitalia.com\/wp-content\/uploads\/2024\/03\/ORBETELLO.jpg",300,225,false],"gform-image-choice-md":["https:\/\/www.studiainitalia.com\/wp-content\/uploads\/2024\/03\/ORBETELLO.jpg",400,300,false],"gform-image-choice-lg":["https:\/\/www.studiainitalia.com\/wp-content\/uploads\/2024\/03\/ORBETELLO.jpg",600,450,false],"woocommerce_thumbnail":["https:\/\/www.studiainitalia.com\/wp-content\/uploads\/2024\/03\/ORBETELLO-300x300.jpg",300,300,true],"woocommerce_single":["https:\/\/www.studiainitalia.com\/wp-content\/uploads\/2024\/03\/ORBETELLO-400x300.jpg",400,300,true],"woocommerce_gallery_thumbnail":["https:\/\/www.studiainitalia.com\/wp-content\/uploads\/2024\/03\/ORBETELLO-100x100.jpg",100,100,true],"yarpp-thumbnail":["https:\/\/www.studiainitalia.com\/wp-content\/uploads\/2024\/03\/ORBETELLO-120x120.jpg",120,120,true]},"uagb_author_info":{"display_name":"Javier Diaz","author_link":"https:\/\/www.studiainitalia.com\/fr\/author\/"},"uagb_comment_info":2,"uagb_excerpt":"Orbetello se trouve dans la r\u00e9gion de la Maremme, pr\u00e8s de Rome, Florence, Sienne et Pise. Des kilom\u00e8tres de plages pr\u00e9serv\u00e9es entre deux r\u00e9serves naturelles prot\u00e9g\u00e9es. Le promontoire de l\u2019Argentario, Porto Santo Stefano, Porto Ercole, les \u00eeles de Giglio et Giannutri sont facilement accessibles. Les cours d\u2019italien intensifs \u00e0 Orbetello consistent en 4 le\u00e7ons d\u2019italien\u2026","_links":{"self":[{"href":"https:\/\/www.studiainitalia.com\/fr\/wp-json\/wp\/v2\/product\/188489","targetHints":{"allow":["GET"]}}],"collection":[{"href":"https:\/\/www.studiainitalia.com\/fr\/wp-json\/wp\/v2\/product"}],"about":[{"href":"https:\/\/www.studiainitalia.com\/fr\/wp-json\/wp\/v2\/types\/product"}],"replies":[{"embeddable":true,"href":"https:\/\/www.studiainitalia.com\/fr\/wp-json\/wp\/v2\/comments?post=188489"}],"wp:featuredmedia":[{"embeddable":true,"href":"https:\/\/www.studiainitalia.com\/fr\/wp-json\/wp\/v2\/media\/197741"}],"wp:attachment":[{"href":"https:\/\/www.studiainitalia.com\/fr\/wp-json\/wp\/v2\/media?parent=188489"}],"wp:term":[{"taxonomy":"section","embeddable":true,"href":"https:\/\/www.studiainitalia.com\/fr\/wp-json\/wp\/v2\/section?post=188489"},{"taxonomy":"product_brand","embeddable":true,"href":"https:\/\/www.studiainitalia.com\/fr\/wp-json\/wp\/v2\/product_brand?post=188489"},{"taxonomy":"product_cat","embeddable":true,"href":"https:\/\/www.studiainitalia.com\/fr\/wp-json\/wp\/v2\/product_cat?post=188489"},{"taxonomy":"product_tag","embeddable":true,"href":"https:\/\/www.studiainitalia.com\/fr\/wp-json\/wp\/v2\/product_tag?post=188489"}],"curies":[{"name":"wp","href":"https:\/\/api.w.org\/{rel}","templated":true}]}}