{"id":188517,"date":"2016-11-07T13:51:08","date_gmt":"2016-11-07T12:51:08","guid":{"rendered":"https:\/\/www.studiainitalia.com\/courses\/non%20class\u00e9\/italien-a-verone\/"},"modified":"2026-04-28T08:53:11","modified_gmt":"2026-04-28T06:53:11","slug":"italien-a-verone","status":"publish","type":"product","link":"https:\/\/www.studiainitalia.com\/fr\/cours\/cours-italien-en-italie\/italien-a-verone\/","title":{"rendered":"Cours d\u2019italien \u00e0 V\u00e9rone"},"content":{"rendered":"<h2><strong>Cours d\u2019italien \u00e0 V\u00e9rone<\/strong><\/h2>\n<p>&nbsp;<\/p>\n<p>Notre \u00e9cole \u00e0 V\u00e9rone, In Classe, est situ\u00e9e au c\u0153ur de V\u00e9rone, pr\u00e8s de la Piazza Br\u00e0 et de la Piazza Erbe. L&rsquo;\u00e9cole propose des cours d&rsquo;italien pour tous les niveaux, de A1 \u00e0 C2.<\/p>\n<p>Notre \u00e9cole dispose de salles de classe lumineuses et spacieuses, d&rsquo;une connexion Wi-Fi gratuite, d&rsquo;une caf\u00e9t\u00e9ria et d&rsquo;une biblioth\u00e8que, offrant ainsi un environnement confortable aux \u00e9tudiants internationaux pour s&rsquo;immerger dans la langue.<\/p>\n<p>Les professeurs certifi\u00e9s, de langue maternelle italienne, utilisent une approche communicative moderne qui privil\u00e9gie vos besoins individuels et votre rythme d&rsquo;apprentissage. Afin de garantir une attention personnalis\u00e9e et des progr\u00e8s constants, les classes sont r\u00e9duites \u00e0 huit \u00e9tudiants maximum.<\/p>\n<p>L&rsquo;apprentissage doit \u00eatre agr\u00e9able et sans stress. C&rsquo;est pourquoi dans les cours s&rsquo;utilisent des jeux de r\u00f4le et des jeux interactifs pour vous aider \u00e0 utiliser l&rsquo;italien de mani\u00e8re naturelle et avec confiance.<\/p>\n<p>En combinant des manuels modernes et des supports authentiques tir\u00e9s de la vie r\u00e9elle, nous allons au-del\u00e0 de l&rsquo;italien \u00ab scolaire \u00bb de base pour vous enseigner la langue utilis\u00e9e au quotidien dans la rue. Gr\u00e2ce \u00e0 cette m\u00e9thode dynamique et fonctionnelle, vous consoliderez vos comp\u00e9tences et progresserez rapidement tout en profitant de l&rsquo;atmosph\u00e8re anim\u00e9e de V\u00e9rone.<\/p>\n<p>L&rsquo;\u00e9cole, enti\u00e8rement couverte par le Wi-Fi gratuit, est \u00e9quip\u00e9e de salles lumineuses, spacieuses et confortables. Elle dispose \u00e9galement d&rsquo;une caf\u00e9t\u00e9ria et d&rsquo;une petite biblioth\u00e8que o\u00f9 vous pouvez regarder des vid\u00e9os.<\/p>\n<p>&nbsp;<\/p>\n<h3><b>Structure des cours<\/b><\/h3>\n<p>&nbsp;<\/p>\n<p>Les cours intensif standard \u00e0 V\u00e9rone offre une immersion compl\u00e8te avec 20 le\u00e7ons par semaine, du lundi au vendredi, de 9h00 \u00e0 13h00.<\/p>\n<p>Afin de vous garantir un niveau adapt\u00e9, de d\u00e9butant \u00e0 avanc\u00e9, vous passerez un test de niveau \u00e9crit et oral avant le d\u00e9but des cours.<\/p>\n<p>Le programme est con\u00e7u pour permettre des progr\u00e8s rapides, chaque matin\u00e9e \u00e9tant divis\u00e9e en deux parties distinctes : la premi\u00e8re est consacr\u00e9e \u00e0 la grammaire et \u00e0 la structure linguistique, tandis que la seconde est consacr\u00e9e au vocabulaire, \u00e0 la conversation et \u00e0 la communication pratique. Les cours sont dispens\u00e9s enti\u00e8rement en italien afin de favoriser une immersion constante, mais l&rsquo;atmosph\u00e8re reste encourageante gr\u00e2ce \u00e0 des classes de petite taille, comptant en moyenne entre 5 et 10 \u00e9tudiants.<\/p>\n<ul>\n<li>4 le\u00e7ons par jour, du lundi au vendredi (20 le\u00e7ons par semaine)<\/li>\n<li>Petits groupes : 6 \u00e0 12 \u00e9tudiants (8 en moyenne)<\/li>\n<li>Niveaux de langue, de d\u00e9butant \u00e0 avanc\u00e9<\/li>\n<li>Cours le matin<\/li>\n<li>Test de niveau oral et \u00e9crit au d\u00e9but du cours<\/li>\n<\/ul>\n<p>\u00c0 la fin du cours, les \u00e9tudiants re\u00e7oivent un <b>certificat de fr\u00e9quentation indiquant le niveau atteint<\/b>.<\/p>\n<h3><b>Types de cours d&rsquo;italien disponibles \u00e0 V\u00e9rone<\/b><\/h3>\n<p>&nbsp;<\/p>\n<ul>\n<li>Cours d&rsquo;italien intensif (4 le\u00e7ons par jour)<\/li>\n<li>Cours super intensifs<\/li>\n<li>Cours particuliers d&rsquo;italien<\/li>\n<li>Italien conversationnel<\/li>\n<\/ul>\n<h2><b>Dates de d\u00e9but et d\u00e9tails<\/b><\/h2>\n<p>&nbsp;<\/p>\n<ul>\n<li><b>Dur\u00e9e des cours<\/b> : 55 minutes<\/li>\n<li><b>Taille moyenne des classes<\/b> : 8 \u00e9tudiants<\/li>\n<li><b>Taille maximale des classes<\/b> : 10 \u00e9tudiants<\/li>\n<li><b>Horaires<\/b> : le matin<\/li>\n<li><b>Mat\u00e9riel p\u00e9dagogique<\/b> : inclus<\/li>\n<li><b>Test de niveau et certificat final<\/b> : inclus<\/li>\n<li><b>Lieu<\/b> : Via Don Enrico Tazzoli 6<\/li>\n<li><b>Autres services<\/b> : acc\u00e8s Internet, climatisation, activit\u00e9s sociales<\/li>\n<\/ul>\n<p>&nbsp;<\/p>\n<table id=\"tablepress-732\" class=\"tablepress tablepress-id-732\">\n<thead>\n<tr class=\"row-1 odd\">\n<th class=\"column-1\" colspan=\"6\">Dates de d\u00e9but 2026<\/th>\n<\/tr>\n<\/thead>\n<tbody class=\"row-hover\">\n<tr class=\"row-2 even\">\n<td class=\"column-1\">Janvier<\/td>\n<td class=\"column-2\">12<\/td>\n<td class=\"column-3\">Mai<\/td>\n<td class=\"column-4\">4<\/td>\n<td class=\"column-5\">Septembre<\/td>\n<td class=\"column-6\">21<\/td>\n<\/tr>\n<tr class=\"row-3 odd\">\n<td class=\"column-1\">F\u00e9vrier<\/td>\n<td class=\"column-2\">9<\/td>\n<td class=\"column-3\">Juin<\/td>\n<td class=\"column-4\">1, 29<\/td>\n<td class=\"column-5\">Octobre<\/td>\n<td class=\"column-6\">19<\/td>\n<\/tr>\n<tr class=\"row-4 even\">\n<td class=\"column-1\">Mars<\/td>\n<td class=\"column-2\">9<\/td>\n<td class=\"column-3\">Juillet<\/td>\n<td class=\"column-4\">27<\/td>\n<td class=\"column-5\">Novembre<\/td>\n<td class=\"column-6\">16<\/td>\n<\/tr>\n<tr class=\"row-5 odd\">\n<td class=\"column-1\">Avril<\/td>\n<td class=\"column-2\">7<\/td>\n<td class=\"column-3\">Ao\u00fbt<\/td>\n<td class=\"column-4\">24<\/td>\n<td class=\"column-5\">Decembre<\/td>\n<td class=\"column-6\"><\/td>\n<\/tr>\n<tr class=\"row-6 even\">\n<td class=\"column-1\" colspan=\"6\">Les \u00e9tudiants non d\u00e9butants peuvent commencer les cours n&rsquo;importe quel lundi sur demande.<br \/>\nL&rsquo;\u00e9cole sera ferm\u00e9e les jours f\u00e9ri\u00e9s suivants: Epiphanie (06\/01), Lundi de P\u00e2ques, Jour de la Lib\u00e9ration de l&rsquo;Italie (25\/04), F\u00eate des Travailleurs (01\/05), F\u00eate de la R\u00e9publique (02\/06), Ferragosto (15 \/ 08), Tous les Saints (01\/11), Immacul\u00e9e Conception (8\/12), vacances de No\u00ebl et nouvel an.<\/td>\n<\/tr>\n<\/tbody>\n<\/table>\n<h2 class=\"aiosrs-star-rating-wrap \"><\/h2>\n<p>&nbsp;<\/p>\n<div class=\"aiosrs-rating-wrap\" data-schema-id=\"90691\">\n<div class=\"aiosrs-rating-summary-wrap\">\n<h2><b>Pourquoi choisir V\u00e9rone pour \u00e9tudier l&rsquo;italien ?<\/b><\/h2>\n<p>&nbsp;<\/p>\n<p>V\u00e9rone est l&rsquo;une des villes les plus belles\u00a0 d&rsquo;Italie, c\u00e9l\u00e8bre pour son histoire, sa culture et son patrimoine litt\u00e9raire. Connue dans le monde entier comme la ville de <i>Rom\u00e9o et Juliette<\/i>, V\u00e9rone offre un \u00e9quilibre parfait entre tradition et modernit\u00e9. \u00c9tudier l&rsquo;italien \u00e0 V\u00e9rone permet aux \u00e9tudiants de s&rsquo;immerger pleinement dans la langue tout en vivant dans une ville accueillante et s\u00fbre.<\/p>\n<p><b>Avantages d&rsquo;\u00e9tudier l&rsquo;italien \u00e0 V\u00e9rone<\/b><\/p>\n<ul>\n<li><b>Un environnement italien authentique<\/b> \u2013 Moins de touristes que dans les grandes villes<\/li>\n<li><b>Un riche patrimoine culturel<\/b> \u2013 Ruines romaines, architecture m\u00e9di\u00e9vale, mus\u00e9es et sites class\u00e9s au patrimoine mondial de l&rsquo;UNESCO<\/li>\n<li><b>Accent italien clair et neutre<\/b> \u2013 Id\u00e9al pour apprendre et comprendre l&rsquo;italien standard<\/li>\n<li><b>Ville \u00e9tudiante<\/b> \u2013 Co\u00fbt de la vie abordable, centre historique accessible \u00e0 pied et vie \u00e9tudiante anim\u00e9e<\/li>\n<li><b>Emplacement strat\u00e9gique<\/b> \u2013 Proche de Venise, Milan, du lac de Garde et des Dolomites<\/li>\n<\/ul>\n<p>&nbsp;<\/p>\n<h3><b>Activit\u00e9s culturelles \u00e0 V\u00e9rone<\/b><\/h3>\n<p>&nbsp;<\/p>\n<p>Chaque semaine, l&rsquo;\u00e9cole organise diverses activit\u00e9s sociales facultatives con\u00e7ues pour vous aider \u00e0 pratiquer l&rsquo;italien dans des situations r\u00e9elles tout en vous immergeant dans la culture locale.<\/p>\n<p>Anim\u00e9es par les enseignants de l&rsquo;\u00e9cole, ces sorties sont gratuites ou peu co\u00fbteuses et constituent un excellent moyen de nouer des liens avec les autres \u00e9tudiants en dehors des cours.<\/p>\n<p>Vous pourrez profiter d&rsquo;exp\u00e9riences telles que :<\/p>\n<p><b>Visite historique \u00e0 pied<\/b><\/p>\n<p><b>Ap\u00e9ritif italien<\/b><\/p>\n<p><b>Cours de cuisine<\/b><\/p>\n<p><b>Cours sur les gestes italiens<\/b><\/p>\n<p><b>Visites et d\u00e9gustations de vins<\/b><\/p>\n<p><b>Promenades et visites en v\u00e9lo \u00e9lectrique<\/b><\/p>\n<\/div>\n<\/div>\n","protected":false},"excerpt":{"rendered":"<h2><b>Apprenez l&rsquo;italien \u00e0 V\u00e9rone, un chef-d&rsquo;\u0153uvre italien<\/b><\/h2>\n<p>V\u00e9rone est une ville qui se savoure, sans pr\u00e9cipitation. Tout en apprenant l&rsquo;italien \u00e0 V\u00e9rone, vous pourrez fl\u00e2ner sur des places romantiques, vous promener \u00e0 pied ou \u00e0 v\u00e9lo le long du fleuve et suivre les traces intemporelles de Rom\u00e9o et Juliette.<\/p>\n<p>La taille\u00a0 et le rythme\u00a0 de la ville vous permettent de vous familiariser avec la langue \u00e0 travers des conversations r\u00e9elles et des moments du quotidien.<\/p>\n<p>La culture est au c\u0153ur de la vie \u00e0 V\u00e9rone. Des nuits d&rsquo;\u00e9t\u00e9 inoubliables au Festival d&rsquo;op\u00e9ra dans l&rsquo; Arena \u00e0 l&rsquo;\u00e9nergie internationale du Vinitaly au printemps, chaque saison est source d&rsquo;inspiration.<\/p>\n<p>Avec d&rsquo;excellentes liaisons de transport et des vols abordables disponibles toute l&rsquo;ann\u00e9e, choisir d&rsquo;\u00e9tudier l&rsquo;italien \u00e0 V\u00e9rone, c&rsquo;est choisir un lieu o\u00f9 la langue, la culture et le mode de vie se marient naturellement.<\/p>\n","protected":false},"featured_media":118578,"comment_status":"open","ping_status":"closed","template":"","meta":{"_acf_changed":false,"_uag_custom_page_level_css":"","_kad_blocks_custom_css":"","_kad_blocks_head_custom_js":"","_kad_blocks_body_custom_js":"","_kad_blocks_footer_custom_js":"","site-sidebar-layout":"default","site-content-layout":"default","ast-site-content-layout":"default","site-content-style":"default","site-sidebar-style":"default","ast-global-header-display":"","ast-banner-title-visibility":"","ast-main-header-display":"","ast-hfb-above-header-display":"","ast-hfb-below-header-display":"","ast-hfb-mobile-header-display":"","site-post-title":"","ast-breadcrumbs-content":"","ast-featured-img":"","footer-sml-layout":"","ast-disable-related-posts":"","theme-transparent-header-meta":"default","adv-header-id-meta":"","stick-header-meta":"default","header-above-stick-meta":"","header-main-stick-meta":"","header-below-stick-meta":"","astra-migrate-meta-layouts":"set","ast-page-background-enabled":"default","ast-page-background-meta":{"desktop":{"background-color":"var(--ast-global-color-4)","background-image":"","background-repeat":"repeat","background-position":"center center","background-size":"auto","background-attachment":"scroll","background-type":"","background-media":"","overlay-type":"","overlay-color":"","overlay-opacity":"","overlay-gradient":""},"tablet":{"background-color":"","background-image":"","background-repeat":"repeat","background-position":"center center","background-size":"auto","background-attachment":"scroll","background-type":"","background-media":"","overlay-type":"","overlay-color":"","overlay-opacity":"","overlay-gradient":""},"mobile":{"background-color":"","background-image":"","background-repeat":"repeat","background-position":"center center","background-size":"auto","background-attachment":"scroll","background-type":"","background-media":"","overlay-type":"","overlay-color":"","overlay-opacity":"","overlay-gradient":""}},"ast-content-background-meta":{"desktop":{"background-color":"var(--ast-global-color-5)","background-image":"","background-repeat":"repeat","background-position":"center center","background-size":"auto","background-attachment":"scroll","background-type":"","background-media":"","overlay-type":"","overlay-color":"","overlay-opacity":"","overlay-gradient":""},"tablet":{"background-color":"var(--ast-global-color-5)","background-image":"","background-repeat":"repeat","background-position":"center center","background-size":"auto","background-attachment":"scroll","background-type":"","background-media":"","overlay-type":"","overlay-color":"","overlay-opacity":"","overlay-gradient":""},"mobile":{"background-color":"var(--ast-global-color-5)","background-image":"","background-repeat":"repeat","background-position":"center center","background-size":"auto","background-attachment":"scroll","background-type":"","background-media":"","overlay-type":"","overlay-color":"","overlay-opacity":"","overlay-gradient":""}}},"section":[2027],"product_brand":[],"product_cat":[1262,1323],"product_tag":[1877],"class_list":{"0":"post-188517","1":"product","2":"type-product","3":"status-publish","4":"has-post-thumbnail","6":"section-north","7":"product_cat-cours-italien-en-italie","8":"product_cat-cours-a-verone","9":"product_tag-cours-ditalien-en-italie","10":"desktop-align-left","11":"tablet-align-left","12":"mobile-align-left","13":"ast-product-gallery-layout-horizontal-slider","14":"ast-product-single-variable","15":"ast-product-tabs-layout-horizontal","16":"ast-qv-on-image-click","18":"first","19":"instock","20":"sold-individually","21":"shipping-taxable","22":"purchasable","23":"product-type-variable","24":"has-default-attributes"},"acf":[],"taxonomy_info":{"section":[{"value":2027,"label":"North"}],"product_cat":[{"value":1262,"label":"Cours d'italien en Italie"},{"value":1323,"label":"\u00c9tudier \u00e0 V\u00e9rone"}],"product_tag":[{"value":1877,"label":"Cours d'italien en Italie"}]},"featured_image_src_large":["https:\/\/www.studiainitalia.com\/wp-content\/uploads\/2016\/11\/learn-italian-in-verona-e1490027467325.jpg",300,300,false],"author_info":[],"comment_info":10,"uagb_featured_image_src":{"full":["https:\/\/www.studiainitalia.com\/wp-content\/uploads\/2016\/11\/learn-italian-in-verona-e1490027467325.jpg",300,300,false],"thumbnail":["https:\/\/www.studiainitalia.com\/wp-content\/uploads\/2016\/11\/learn-italian-in-verona-150x150.jpg",96,96,true],"medium":["https:\/\/www.studiainitalia.com\/wp-content\/uploads\/2016\/11\/learn-italian-in-verona-300x300.jpg",300,300,true],"medium_large":["https:\/\/www.studiainitalia.com\/wp-content\/uploads\/2016\/11\/learn-italian-in-verona-e1490027467325.jpg",300,300,false],"large":["https:\/\/www.studiainitalia.com\/wp-content\/uploads\/2016\/11\/learn-italian-in-verona-e1490027467325.jpg",300,300,false],"1536x1536":["https:\/\/www.studiainitalia.com\/wp-content\/uploads\/2016\/11\/learn-italian-in-verona-e1490027467325.jpg",300,300,false],"2048x2048":["https:\/\/www.studiainitalia.com\/wp-content\/uploads\/2016\/11\/learn-italian-in-verona-e1490027467325.jpg",300,300,false],"ultp_layout_landscape_large":["https:\/\/www.studiainitalia.com\/wp-content\/uploads\/2016\/11\/learn-italian-in-verona-e1490027467325.jpg",300,300,false],"ultp_layout_landscape":["https:\/\/www.studiainitalia.com\/wp-content\/uploads\/2016\/11\/learn-italian-in-verona-e1490027467325.jpg",300,300,false],"ultp_layout_portrait":["https:\/\/www.studiainitalia.com\/wp-content\/uploads\/2016\/11\/learn-italian-in-verona-e1490027467325.jpg",300,300,false],"ultp_layout_square":["https:\/\/www.studiainitalia.com\/wp-content\/uploads\/2016\/11\/learn-italian-in-verona-e1490027467325.jpg",300,300,false],"gform-image-choice-sm":["https:\/\/www.studiainitalia.com\/wp-content\/uploads\/2016\/11\/learn-italian-in-verona-e1490027467325.jpg",300,300,false],"gform-image-choice-md":["https:\/\/www.studiainitalia.com\/wp-content\/uploads\/2016\/11\/learn-italian-in-verona-e1490027467325.jpg",300,300,false],"gform-image-choice-lg":["https:\/\/www.studiainitalia.com\/wp-content\/uploads\/2016\/11\/learn-italian-in-verona-e1490027467325.jpg",300,300,false],"woocommerce_thumbnail":["https:\/\/www.studiainitalia.com\/wp-content\/uploads\/2016\/11\/learn-italian-in-verona-e1490027467325.jpg",300,300,false],"woocommerce_single":["https:\/\/www.studiainitalia.com\/wp-content\/uploads\/2016\/11\/learn-italian-in-verona-e1490027467325.jpg",300,300,false],"woocommerce_gallery_thumbnail":["https:\/\/www.studiainitalia.com\/wp-content\/uploads\/2016\/11\/learn-italian-in-verona-e1490027467325-100x100.jpg",100,100,true],"yarpp-thumbnail":["https:\/\/www.studiainitalia.com\/wp-content\/uploads\/2016\/11\/learn-italian-in-verona-e1490027467325.jpg",120,120,false]},"uagb_author_info":{"display_name":"Javier Diaz","author_link":"https:\/\/www.studiainitalia.com\/fr\/author\/"},"uagb_comment_info":10,"uagb_excerpt":"Apprenez l'italien \u00e0 V\u00e9rone, un chef-d'\u0153uvre italien V\u00e9rone est une ville qui se savoure, sans pr\u00e9cipitation. Tout en apprenant l'italien \u00e0 V\u00e9rone, vous pourrez fl\u00e2ner sur des places romantiques, vous promener \u00e0 pied ou \u00e0 v\u00e9lo le long du fleuve et suivre les traces intemporelles de Rom\u00e9o et Juliette. La taille\u00a0 et le rythme\u00a0 de\u2026","_links":{"self":[{"href":"https:\/\/www.studiainitalia.com\/fr\/wp-json\/wp\/v2\/product\/188517","targetHints":{"allow":["GET"]}}],"collection":[{"href":"https:\/\/www.studiainitalia.com\/fr\/wp-json\/wp\/v2\/product"}],"about":[{"href":"https:\/\/www.studiainitalia.com\/fr\/wp-json\/wp\/v2\/types\/product"}],"replies":[{"embeddable":true,"href":"https:\/\/www.studiainitalia.com\/fr\/wp-json\/wp\/v2\/comments?post=188517"}],"wp:featuredmedia":[{"embeddable":true,"href":"https:\/\/www.studiainitalia.com\/fr\/wp-json\/wp\/v2\/media\/118578"}],"wp:attachment":[{"href":"https:\/\/www.studiainitalia.com\/fr\/wp-json\/wp\/v2\/media?parent=188517"}],"wp:term":[{"taxonomy":"section","embeddable":true,"href":"https:\/\/www.studiainitalia.com\/fr\/wp-json\/wp\/v2\/section?post=188517"},{"taxonomy":"product_brand","embeddable":true,"href":"https:\/\/www.studiainitalia.com\/fr\/wp-json\/wp\/v2\/product_brand?post=188517"},{"taxonomy":"product_cat","embeddable":true,"href":"https:\/\/www.studiainitalia.com\/fr\/wp-json\/wp\/v2\/product_cat?post=188517"},{"taxonomy":"product_tag","embeddable":true,"href":"https:\/\/www.studiainitalia.com\/fr\/wp-json\/wp\/v2\/product_tag?post=188517"}],"curies":[{"name":"wp","href":"https:\/\/api.w.org\/{rel}","templated":true}]}}