{"id":188649,"date":"2016-11-08T16:52:24","date_gmt":"2016-11-08T15:52:24","guid":{"rendered":"https:\/\/www.studiainitalia.com\/courses\/non%20class\u00e9\/italien-dans-taormina-seniors\/"},"modified":"2026-02-25T17:05:44","modified_gmt":"2026-02-25T16:05:44","slug":"italien-50-taormine","status":"publish","type":"product","link":"https:\/\/www.studiainitalia.com\/fr\/cours\/cours-a-taormina\/italien-50-taormine\/","title":{"rendered":"Cours d\u2019italien 50+ \u00e0 Taormine"},"content":{"rendered":"<h2>Italien 50+ \u00e0 Taormine<\/h2>\n<p>&nbsp;<\/p>\n<p>Notre \u00e9cole de langue italienne \u00e0 Taormine est reconnue par le minist\u00e8re italien de l&rsquo;\u00c9ducation. Elle est situ\u00e9e dans une villa historique \u00e0 Taormine, \u00e0 quelques m\u00e8tres seulement du th\u00e9\u00e2tre grec.<\/p>\n<p>La villa accueille une grande vari\u00e9t\u00e9 d&rsquo;\u00e9v\u00e9nements culturels. De plus, vous pouvez vous d\u00e9tendre dans le jardin et prendre un caf\u00e9 ou un cappuccino. Vous pouvez \u00e9galement d\u00e9guster des plats siciliens typiques \u00e0 la caf\u00e9t\u00e9ria.<\/p>\n<p>L&rsquo;\u00e9cole organise de nombreuses activit\u00e9s sociales et excursions pour d\u00e9couvrir le mode de vie sicilien.<\/p>\n<p>D\u00e9couvrez les coutumes, les traditions, la gastronomie et les vins siciliens.<\/p>\n<p>Voici quelques-unes des plus de 50 activit\u00e9s propos\u00e9es :<\/p>\n<ul>\n<li><b>Conf\u00e9rence sur l&rsquo;histoire de la Sicile<\/b><\/li>\n<li><b>Randonn\u00e9e sur l&rsquo;Etna<\/b><\/li>\n<li><b>Cours de cuisine sicilienne<\/b><\/li>\n<li><b>Journ\u00e9e libre<\/b><\/li>\n<li><b>Excursion \u00e0 Syracuse\u00a0<\/b><\/li>\n<li><b>Visite guid\u00e9e de Taormine<\/b><\/li>\n<li><b>Conf\u00e9rence sur les \u00e9crivains et la litt\u00e9rature siciliens<\/b><\/li>\n<li><b>D\u00e9gustation de vins et de fromages siciliens<\/b><\/li>\n<\/ul>\n<h2><strong>Dates de d\u00e9but et d\u00e9tails<\/strong><\/h2>\n<ul>\n<li><b>Dur\u00e9e des cours<\/b> : 45 minutes<\/li>\n<li><b>Effectif moyen par classe<\/b> : 9 \u00e9tudiants<\/li>\n<li><b>Effectif maximum par classe<\/b> : 12 \u00e9tudiants<\/li>\n<li><b>Horaires<\/b> : le matin<\/li>\n<li><b>Mat\u00e9riel p\u00e9dagogique<\/b> : inclus<\/li>\n<li><b>Test de niveau et certificat final<\/b> : inclus<\/li>\n<li><b>Lieu<\/b> : Via Timoleone 10<\/li>\n<li><b>Autres services<\/b> : acc\u00e8s Internet, activit\u00e9s sociales, jardin, caf\u00e9t\u00e9ria et transfert depuis l&rsquo;a\u00e9roport disponibles<\/li>\n<\/ul>\n<p>&nbsp;<\/p>\n<table id=\"tablepress-734\" class=\"tablepress tablepress-id-734\">\n<thead>\n<tr class=\"row-1 odd\">\n<th class=\"column-1\" colspan=\"6\">Dates de d\u00e9but 2026<\/th>\n<\/tr>\n<\/thead>\n<tbody class=\"row-hover\">\n<tr class=\"row-2 even\">\n<td class=\"column-1\">Janvier<\/td>\n<td class=\"column-2\"><\/td>\n<td class=\"column-3\">Mai<\/td>\n<td class=\"column-4\"><\/td>\n<td class=\"column-5\">Septembre<\/td>\n<td class=\"column-6\"><\/td>\n<\/tr>\n<tr class=\"row-3 odd\">\n<td class=\"column-1\">F\u00e9vrier<\/td>\n<td class=\"column-2\"><\/td>\n<td class=\"column-3\">Juin<\/td>\n<td class=\"column-4\"><\/td>\n<td class=\"column-5\">Octobre<\/td>\n<td class=\"column-6\">12<\/td>\n<\/tr>\n<tr class=\"row-4 even\">\n<td class=\"column-1\">Mars<\/td>\n<td class=\"column-2\">2<\/td>\n<td class=\"column-3\">Juillet<\/td>\n<td class=\"column-4\"><\/td>\n<td class=\"column-5\">Novembre<\/td>\n<td class=\"column-6\"><\/td>\n<\/tr>\n<tr class=\"row-5 odd\">\n<td class=\"column-1\">Avril<\/td>\n<td class=\"column-2\">7, 27<\/td>\n<td class=\"column-3\">Ao\u00fbt<\/td>\n<td class=\"column-4\">31<\/td>\n<td class=\"column-5\">Decembre<\/td>\n<td class=\"column-6\"><\/td>\n<\/tr>\n<tr class=\"row-6 even\">\n<td class=\"column-1\" colspan=\"6\">L&rsquo;\u00e9cole sera ferm\u00e9e les jours f\u00e9ri\u00e9s suivants: Epiphanie (06\/01), Lundi de P\u00e2ques, Jour de la Lib\u00e9ration de l&rsquo;Italie (25\/04), F\u00eate des Travailleurs (01\/05), F\u00eate de la R\u00e9publique (02\/06), Ferragosto (15 \/ 08), Tous les Saints (01\/11), Immacul\u00e9e Conception (8\/12), vacances de No\u00ebl et nouvel an.<\/td>\n<\/tr>\n<\/tbody>\n<\/table>\n<div class=\"aiosrs-rating-wrap\" data-schema-id=\"90691\">\n<div class=\"aiosrs-star-rating-wrap \"><\/div>\n<div class=\"aiosrs-rating-summary-wrap\"><\/div>\n<\/div>\n<h3><\/h3>\n","protected":false},"excerpt":{"rendered":"<h2><strong>Apprenez l\u2019italien et d\u00e9couvrez la Sicile!<\/strong><\/h2>\n<p>&nbsp;<\/p>\n<p>Si vous voyagez seul ou en famille et si vous souhaitez suivre un cours avec des personnes de votre m\u00eame tranche d\u2019\u00e2ge, nous vous offrons la possibilit\u00e9 de suivre un cours sp\u00e9cial destin\u00e9 aux voyageurs de plus de 50 ans qui souhaitent \u00e9tudier l\u2019italien et, en m\u00eame temps , apprenez-en plus sur la culture de la Sicile.<\/p>\n<ul>\n<li>Ce programme est destin\u00e9 aux personnes de plus de 50 ans qui souhaitent \u00e9tudier l\u2019italien et apprendre davantage sur l\u2019histoire, l\u2019art et la culture de Taormina et de la Sicile.<\/li>\n<\/ul>\n<ul>\n<li>Le programme inclue 20 cours d\u2019italien par semaine le matin suivis dans l\u2019apr\u00e8s-midi d\u2019activit\u00e9s culturelles et d\u2019excursions.<\/li>\n<\/ul>\n<ul>\n<li>\u00c0 la fin du cours, les \u00e9tudiants recevront un certificat de participation indiquant le niveau d\u2019italien atteint.<\/li>\n<\/ul>\n","protected":false},"featured_media":118638,"comment_status":"open","ping_status":"closed","template":"","meta":{"_acf_changed":false,"_uag_custom_page_level_css":"","_kad_blocks_custom_css":"","_kad_blocks_head_custom_js":"","_kad_blocks_body_custom_js":"","_kad_blocks_footer_custom_js":"","site-sidebar-layout":"default","site-content-layout":"default","ast-site-content-layout":"default","site-content-style":"default","site-sidebar-style":"default","ast-global-header-display":"","ast-banner-title-visibility":"","ast-main-header-display":"","ast-hfb-above-header-display":"","ast-hfb-below-header-display":"","ast-hfb-mobile-header-display":"","site-post-title":"","ast-breadcrumbs-content":"","ast-featured-img":"","footer-sml-layout":"","ast-disable-related-posts":"","theme-transparent-header-meta":"default","adv-header-id-meta":"","stick-header-meta":"default","header-above-stick-meta":"","header-main-stick-meta":"","header-below-stick-meta":"","astra-migrate-meta-layouts":"set","ast-page-background-enabled":"default","ast-page-background-meta":{"desktop":{"background-color":"var(--ast-global-color-4)","background-image":"","background-repeat":"repeat","background-position":"center center","background-size":"auto","background-attachment":"scroll","background-type":"","background-media":"","overlay-type":"","overlay-color":"","overlay-opacity":"","overlay-gradient":""},"tablet":{"background-color":"","background-image":"","background-repeat":"repeat","background-position":"center center","background-size":"auto","background-attachment":"scroll","background-type":"","background-media":"","overlay-type":"","overlay-color":"","overlay-opacity":"","overlay-gradient":""},"mobile":{"background-color":"","background-image":"","background-repeat":"repeat","background-position":"center center","background-size":"auto","background-attachment":"scroll","background-type":"","background-media":"","overlay-type":"","overlay-color":"","overlay-opacity":"","overlay-gradient":""}},"ast-content-background-meta":{"desktop":{"background-color":"var(--ast-global-color-5)","background-image":"","background-repeat":"repeat","background-position":"center center","background-size":"auto","background-attachment":"scroll","background-type":"","background-media":"","overlay-type":"","overlay-color":"","overlay-opacity":"","overlay-gradient":""},"tablet":{"background-color":"var(--ast-global-color-5)","background-image":"","background-repeat":"repeat","background-position":"center center","background-size":"auto","background-attachment":"scroll","background-type":"","background-media":"","overlay-type":"","overlay-color":"","overlay-opacity":"","overlay-gradient":""},"mobile":{"background-color":"var(--ast-global-color-5)","background-image":"","background-repeat":"repeat","background-position":"center center","background-size":"auto","background-attachment":"scroll","background-type":"","background-media":"","overlay-type":"","overlay-color":"","overlay-opacity":"","overlay-gradient":""}}},"section":[],"product_brand":[],"product_cat":[1334,1337,1293],"product_tag":[1879,1880],"class_list":{"0":"post-188649","1":"product","2":"type-product","3":"status-publish","4":"has-post-thumbnail","6":"product_cat-cours-italien-en-italie-pour-les-familles","7":"product_cat-cours-italien-en-italie-pour-les-seniors","8":"product_cat-cours-a-taormina","9":"product_tag-la-familia","10":"product_tag-taormine","11":"desktop-align-left","12":"tablet-align-left","13":"mobile-align-left","14":"ast-product-gallery-layout-horizontal-slider","15":"ast-product-single-variable","16":"ast-product-tabs-layout-horizontal","17":"ast-qv-on-image-click","19":"first","20":"instock","21":"sold-individually","22":"shipping-taxable","23":"purchasable","24":"product-type-variable"},"acf":[],"taxonomy_info":{"product_cat":[{"value":1334,"label":"Cours d'italien en Italie pour les familles"},{"value":1337,"label":"Cours d'italien en Italie pour les seniors"},{"value":1293,"label":"\u00c9tudier \u00e0 Taormina"}],"product_tag":[{"value":1879,"label":"La Familia"},{"value":1880,"label":"Taormine"}]},"featured_image_src_large":["https:\/\/www.studiainitalia.com\/wp-content\/uploads\/2016\/11\/learn-italian-in-taormina-seniors-1024x1017.jpg",1024,1017,true],"author_info":[],"comment_info":0,"uagb_featured_image_src":{"full":["https:\/\/www.studiainitalia.com\/wp-content\/uploads\/2016\/11\/learn-italian-in-taormina-seniors-e1490028229862.jpg",350,348,false],"thumbnail":["https:\/\/www.studiainitalia.com\/wp-content\/uploads\/2016\/11\/learn-italian-in-taormina-seniors-150x150.jpg",96,96,true],"medium":["https:\/\/www.studiainitalia.com\/wp-content\/uploads\/2016\/11\/learn-italian-in-taormina-seniors-300x298.jpg",300,298,true],"medium_large":["https:\/\/www.studiainitalia.com\/wp-content\/uploads\/2016\/11\/learn-italian-in-taormina-seniors-768x763.jpg",768,763,true],"large":["https:\/\/www.studiainitalia.com\/wp-content\/uploads\/2016\/11\/learn-italian-in-taormina-seniors-1024x1017.jpg",1024,1017,true],"1536x1536":["https:\/\/www.studiainitalia.com\/wp-content\/uploads\/2016\/11\/learn-italian-in-taormina-seniors-e1490028229862.jpg",350,348,false],"2048x2048":["https:\/\/www.studiainitalia.com\/wp-content\/uploads\/2016\/11\/learn-italian-in-taormina-seniors-e1490028229862.jpg",350,348,false],"ultp_layout_landscape_large":["https:\/\/www.studiainitalia.com\/wp-content\/uploads\/2016\/11\/learn-italian-in-taormina-seniors-e1490028229862.jpg",350,348,false],"ultp_layout_landscape":["https:\/\/www.studiainitalia.com\/wp-content\/uploads\/2016\/11\/learn-italian-in-taormina-seniors-e1490028229862.jpg",350,348,false],"ultp_layout_portrait":["https:\/\/www.studiainitalia.com\/wp-content\/uploads\/2016\/11\/learn-italian-in-taormina-seniors-e1490028229862.jpg",350,348,false],"ultp_layout_square":["https:\/\/www.studiainitalia.com\/wp-content\/uploads\/2016\/11\/learn-italian-in-taormina-seniors-e1490028229862.jpg",350,348,false],"gform-image-choice-sm":["https:\/\/www.studiainitalia.com\/wp-content\/uploads\/2016\/11\/learn-italian-in-taormina-seniors-e1490028229862.jpg",300,298,false],"gform-image-choice-md":["https:\/\/www.studiainitalia.com\/wp-content\/uploads\/2016\/11\/learn-italian-in-taormina-seniors-e1490028229862.jpg",350,348,false],"gform-image-choice-lg":["https:\/\/www.studiainitalia.com\/wp-content\/uploads\/2016\/11\/learn-italian-in-taormina-seniors-e1490028229862.jpg",350,348,false],"woocommerce_thumbnail":["https:\/\/www.studiainitalia.com\/wp-content\/uploads\/2016\/11\/learn-italian-in-taormina-seniors-e1490028229862-300x300.jpg",300,300,true],"woocommerce_single":["https:\/\/www.studiainitalia.com\/wp-content\/uploads\/2016\/11\/learn-italian-in-taormina-seniors-e1490028229862.jpg",350,348,false],"woocommerce_gallery_thumbnail":["https:\/\/www.studiainitalia.com\/wp-content\/uploads\/2016\/11\/learn-italian-in-taormina-seniors-e1490028229862-100x100.jpg",100,100,true],"yarpp-thumbnail":["https:\/\/www.studiainitalia.com\/wp-content\/uploads\/2016\/11\/learn-italian-in-taormina-seniors-e1490028229862.jpg",120,120,false]},"uagb_author_info":{"display_name":"Javier Diaz","author_link":"https:\/\/www.studiainitalia.com\/fr\/author\/"},"uagb_comment_info":0,"uagb_excerpt":"Apprenez l\u2019italien et d\u00e9couvrez la Sicile! &nbsp; Si vous voyagez seul ou en famille et si vous souhaitez suivre un cours avec des personnes de votre m\u00eame tranche d\u2019\u00e2ge, nous vous offrons la possibilit\u00e9 de suivre un cours sp\u00e9cial destin\u00e9 aux voyageurs de plus de 50 ans qui souhaitent \u00e9tudier l\u2019italien et, en m\u00eame temps\u2026","_links":{"self":[{"href":"https:\/\/www.studiainitalia.com\/fr\/wp-json\/wp\/v2\/product\/188649","targetHints":{"allow":["GET"]}}],"collection":[{"href":"https:\/\/www.studiainitalia.com\/fr\/wp-json\/wp\/v2\/product"}],"about":[{"href":"https:\/\/www.studiainitalia.com\/fr\/wp-json\/wp\/v2\/types\/product"}],"replies":[{"embeddable":true,"href":"https:\/\/www.studiainitalia.com\/fr\/wp-json\/wp\/v2\/comments?post=188649"}],"wp:featuredmedia":[{"embeddable":true,"href":"https:\/\/www.studiainitalia.com\/fr\/wp-json\/wp\/v2\/media\/118638"}],"wp:attachment":[{"href":"https:\/\/www.studiainitalia.com\/fr\/wp-json\/wp\/v2\/media?parent=188649"}],"wp:term":[{"taxonomy":"section","embeddable":true,"href":"https:\/\/www.studiainitalia.com\/fr\/wp-json\/wp\/v2\/section?post=188649"},{"taxonomy":"product_brand","embeddable":true,"href":"https:\/\/www.studiainitalia.com\/fr\/wp-json\/wp\/v2\/product_brand?post=188649"},{"taxonomy":"product_cat","embeddable":true,"href":"https:\/\/www.studiainitalia.com\/fr\/wp-json\/wp\/v2\/product_cat?post=188649"},{"taxonomy":"product_tag","embeddable":true,"href":"https:\/\/www.studiainitalia.com\/fr\/wp-json\/wp\/v2\/product_tag?post=188649"}],"curies":[{"name":"wp","href":"https:\/\/api.w.org\/{rel}","templated":true}]}}