{"id":188655,"date":"2016-11-12T16:43:29","date_gmt":"2016-11-12T15:43:29","guid":{"rendered":"https:\/\/www.studiainitalia.com\/courses\/non%20class\u00e9\/cours-de-maroquinerie-a-florence\/"},"modified":"2025-12-19T20:26:46","modified_gmt":"2025-12-19T19:26:46","slug":"cours-de-maroquinerie-a-florence","status":"publish","type":"product","link":"https:\/\/www.studiainitalia.com\/fr\/cours\/etudier-a-letranger-a-florence\/cours-de-maroquinerie-a-florence\/","title":{"rendered":"Cours de maroquinerie et sacs \u00e0 Florence"},"content":{"rendered":"<h2>Cours de maroquinerie<\/h2>\n<p>&nbsp;<\/p>\n<p>Le cours de maroquinerie et sacs Il n\u2019a pas lieu dans une \u00e9cole du cuir mais dans l\u2019atelier du maroquinier, vous apprendrez donc tr\u00e8s vite. Tous les sacs confectionn\u00e9s pendant le stage vous appartiendront, motifs inclus.<\/p>\n<p>&nbsp;<\/p>\n<p>Florence est la destination id\u00e9ale pour en savoir plus sur le cuir et il ne faut pas manquer de visiter les ateliers de fabrication du cuir du centre-ville.<\/p>\n<p>&nbsp;<\/p>\n<p>Notre atelier d\u2019artisanat appel\u00e9 \u00ab\u00a0<em>bottega<\/em>\u00a0\u00bb \u00e0 Florence se caract\u00e9rise par le soin et l\u2019attention avec lesquels les membres du personnel traitent chaque participant aux cours. L\u2019atelier est situ\u00e9 dans le centre historique de Florence.<\/p>\n<div class=\"aiosrs-rating-summary-wrap\"><\/div>\n<div><\/div>\n<h3><\/h3>\n<table id=\"tablepress-715\" class=\"tablepress tablepress-id-715\">\n<thead>\n<tr class=\"row-1 odd\">\n<th class=\"column-1\" colspan=\"6\">Dates de d\u00e9but<\/th>\n<\/tr>\n<\/thead>\n<tbody class=\"row-hover\">\n<tr class=\"row-2 even\">\n<td class=\"column-1\">Janvier<\/td>\n<td class=\"column-2\">sur demande<\/td>\n<td class=\"column-3\">Mai<\/td>\n<td class=\"column-4\">sur demande<\/td>\n<td class=\"column-5\">Septembre<\/td>\n<td class=\"column-6\">sur demande<\/td>\n<\/tr>\n<tr class=\"row-3 odd\">\n<td class=\"column-1\">F\u00e9vrier<\/td>\n<td class=\"column-2\">sur demande<\/td>\n<td class=\"column-3\">Juin<\/td>\n<td class=\"column-4\">sur demande<\/td>\n<td class=\"column-5\">Octobre<\/td>\n<td class=\"column-6\">sur demande<\/td>\n<\/tr>\n<tr class=\"row-4 even\">\n<td class=\"column-1\">Mars<\/td>\n<td class=\"column-2\">sur demande<\/td>\n<td class=\"column-3\">Juillet<\/td>\n<td class=\"column-4\">sur demande<\/td>\n<td class=\"column-5\">Novembre<\/td>\n<td class=\"column-6\">sur demande<\/td>\n<\/tr>\n<tr class=\"row-5 odd\">\n<td class=\"column-1\">Avril<\/td>\n<td class=\"column-2\">sur demande<\/td>\n<td class=\"column-3\">Ao\u00fbt<\/td>\n<td class=\"column-4\"><\/td>\n<td class=\"column-5\">Decembre<\/td>\n<td class=\"column-6\">sur demande<\/td>\n<\/tr>\n<tr class=\"row-6 even\">\n<td class=\"column-1\" colspan=\"6\">L&rsquo;\u00e9cole sera ferm\u00e9e les jours f\u00e9ri\u00e9s suivants: Epiphanie (06\/01), Lundi de P\u00e2ques, Jour de la Lib\u00e9ration de l&rsquo;Italie (25\/04), F\u00eate des Travailleurs (01\/05), F\u00eate de la R\u00e9publique (02\/06), Ferragosto (15 \/ 08), Tous les Saints (01\/11), Immacul\u00e9e Conception (8\/12), vacances de No\u00ebl et nouvel an.<\/td>\n<\/tr>\n<\/tbody>\n<\/table>\n<div class=\"aiosrs-rating-wrap\" data-schema-id=\"90691\">\n<div class=\"aiosrs-star-rating-wrap \"><\/div>\n<\/div>\n","protected":false},"excerpt":{"rendered":"<p>Notre atelier propose des cours de maroquinerie et sacs faits main d\u2019une, deux ou plusieurs semaines. Vous pouvez r\u00e9server un cours de 24 heures pendant deux semaines de votre choix.<\/p>\n<p>Le programme comprend:<\/p>\n<p>\u2022 les aspects de connaissance des mat\u00e9riaux (qualit\u00e9 du cuir et techniques de tannage)<\/p>\n<p>\u2022\u00a0 la coupe du cuir \u00e0 la main<\/p>\n<p>\u2022 l\u2019assemblage et la couture sur banc<\/p>\n<p>\u2022 la finition<\/p>\n<p>Ce cours est individuel et se d\u00e9roule en italien. Les cours \u00e9tant individuels, le programme peut \u00eatre adapt\u00e9 \u00e0 vos propres besoins.<\/p>\n<p>Ces cours sont tr\u00e8s pratiques et ax\u00e9s sur la pratique. Ils sont dispens\u00e9s par des artisans locaux, des ma\u00eetres soucieux de maintenir vivantes les traditions artisanales italiennes.<\/p>\n","protected":false},"featured_media":121182,"comment_status":"open","ping_status":"closed","template":"","meta":{"_acf_changed":false,"_uag_custom_page_level_css":"","_kad_blocks_custom_css":"","_kad_blocks_head_custom_js":"","_kad_blocks_body_custom_js":"","_kad_blocks_footer_custom_js":"","site-sidebar-layout":"default","site-content-layout":"default","ast-site-content-layout":"default","site-content-style":"default","site-sidebar-style":"default","ast-global-header-display":"","ast-banner-title-visibility":"","ast-main-header-display":"","ast-hfb-above-header-display":"","ast-hfb-below-header-display":"","ast-hfb-mobile-header-display":"","site-post-title":"","ast-breadcrumbs-content":"","ast-featured-img":"","footer-sml-layout":"","ast-disable-related-posts":"","theme-transparent-header-meta":"default","adv-header-id-meta":"","stick-header-meta":"default","header-above-stick-meta":"","header-main-stick-meta":"","header-below-stick-meta":"","astra-migrate-meta-layouts":"set","ast-page-background-enabled":"default","ast-page-background-meta":{"desktop":{"background-color":"var(--ast-global-color-4)","background-image":"","background-repeat":"repeat","background-position":"center center","background-size":"auto","background-attachment":"scroll","background-type":"","background-media":"","overlay-type":"","overlay-color":"","overlay-opacity":"","overlay-gradient":""},"tablet":{"background-color":"","background-image":"","background-repeat":"repeat","background-position":"center center","background-size":"auto","background-attachment":"scroll","background-type":"","background-media":"","overlay-type":"","overlay-color":"","overlay-opacity":"","overlay-gradient":""},"mobile":{"background-color":"","background-image":"","background-repeat":"repeat","background-position":"center center","background-size":"auto","background-attachment":"scroll","background-type":"","background-media":"","overlay-type":"","overlay-color":"","overlay-opacity":"","overlay-gradient":""}},"ast-content-background-meta":{"desktop":{"background-color":"var(--ast-global-color-5)","background-image":"","background-repeat":"repeat","background-position":"center center","background-size":"auto","background-attachment":"scroll","background-type":"","background-media":"","overlay-type":"","overlay-color":"","overlay-opacity":"","overlay-gradient":""},"tablet":{"background-color":"var(--ast-global-color-5)","background-image":"","background-repeat":"repeat","background-position":"center center","background-size":"auto","background-attachment":"scroll","background-type":"","background-media":"","overlay-type":"","overlay-color":"","overlay-opacity":"","overlay-gradient":""},"mobile":{"background-color":"var(--ast-global-color-5)","background-image":"","background-repeat":"repeat","background-position":"center center","background-size":"auto","background-attachment":"scroll","background-type":"","background-media":"","overlay-type":"","overlay-color":"","overlay-opacity":"","overlay-gradient":""}}},"section":[],"product_brand":[],"product_cat":[1339,1276],"product_tag":[],"class_list":{"0":"post-188655","1":"product","2":"type-product","3":"status-publish","4":"has-post-thumbnail","6":"product_cat-cours-dartisanat","7":"product_cat-etudier-a-letranger-a-florence","8":"desktop-align-left","9":"tablet-align-left","10":"mobile-align-left","11":"ast-product-gallery-layout-horizontal-slider","12":"ast-product-gallery-with-no-image","13":"ast-product-single-variable","14":"ast-product-tabs-layout-horizontal","15":"ast-qv-on-image-click","17":"first","18":"instock","19":"sold-individually","20":"shipping-taxable","21":"purchasable","22":"product-type-variable"},"acf":[],"taxonomy_info":{"product_cat":[{"value":1339,"label":"Cours d'artisanat"},{"value":1276,"label":"Cursos en Florencia"}]},"featured_image_src_large":["https:\/\/www.studiainitalia.com\/wp-content\/uploads\/2016\/11\/artigianato2.jpg",226,226,false],"author_info":[],"comment_info":11,"uagb_featured_image_src":{"full":["https:\/\/www.studiainitalia.com\/wp-content\/uploads\/2016\/11\/artigianato2.jpg",226,226,false],"thumbnail":["https:\/\/www.studiainitalia.com\/wp-content\/uploads\/2016\/11\/artigianato2-150x150.jpg",96,96,true],"medium":["https:\/\/www.studiainitalia.com\/wp-content\/uploads\/2016\/11\/artigianato2-300x300.jpg",300,300,true],"medium_large":["https:\/\/www.studiainitalia.com\/wp-content\/uploads\/2016\/11\/artigianato2.jpg",226,226,false],"large":["https:\/\/www.studiainitalia.com\/wp-content\/uploads\/2016\/11\/artigianato2.jpg",226,226,false],"1536x1536":["https:\/\/www.studiainitalia.com\/wp-content\/uploads\/2016\/11\/artigianato2.jpg",226,226,false],"2048x2048":["https:\/\/www.studiainitalia.com\/wp-content\/uploads\/2016\/11\/artigianato2.jpg",226,226,false],"ultp_layout_landscape_large":["https:\/\/www.studiainitalia.com\/wp-content\/uploads\/2016\/11\/artigianato2.jpg",226,226,false],"ultp_layout_landscape":["https:\/\/www.studiainitalia.com\/wp-content\/uploads\/2016\/11\/artigianato2.jpg",226,226,false],"ultp_layout_portrait":["https:\/\/www.studiainitalia.com\/wp-content\/uploads\/2016\/11\/artigianato2.jpg",226,226,false],"ultp_layout_square":["https:\/\/www.studiainitalia.com\/wp-content\/uploads\/2016\/11\/artigianato2.jpg",226,226,false],"gform-image-choice-sm":["https:\/\/www.studiainitalia.com\/wp-content\/uploads\/2016\/11\/artigianato2.jpg",226,226,false],"gform-image-choice-md":["https:\/\/www.studiainitalia.com\/wp-content\/uploads\/2016\/11\/artigianato2.jpg",226,226,false],"gform-image-choice-lg":["https:\/\/www.studiainitalia.com\/wp-content\/uploads\/2016\/11\/artigianato2.jpg",226,226,false],"woocommerce_thumbnail":["https:\/\/www.studiainitalia.com\/wp-content\/uploads\/2016\/11\/artigianato2.jpg",226,226,false],"woocommerce_single":["https:\/\/www.studiainitalia.com\/wp-content\/uploads\/2016\/11\/artigianato2.jpg",226,226,false],"woocommerce_gallery_thumbnail":["https:\/\/www.studiainitalia.com\/wp-content\/uploads\/2016\/11\/artigianato2-100x100.jpg",100,100,true],"yarpp-thumbnail":["https:\/\/www.studiainitalia.com\/wp-content\/uploads\/2016\/11\/artigianato2.jpg",120,120,false]},"uagb_author_info":{"display_name":"Javier Diaz","author_link":"https:\/\/www.studiainitalia.com\/fr\/author\/"},"uagb_comment_info":11,"uagb_excerpt":"Notre atelier propose des cours de maroquinerie et sacs faits main d\u2019une, deux ou plusieurs semaines. Vous pouvez r\u00e9server un cours de 24 heures pendant deux semaines de votre choix. Le programme comprend: \u2022 les aspects de connaissance des mat\u00e9riaux (qualit\u00e9 du cuir et techniques de tannage) \u2022\u00a0 la coupe du cuir \u00e0 la main\u2026","_links":{"self":[{"href":"https:\/\/www.studiainitalia.com\/fr\/wp-json\/wp\/v2\/product\/188655","targetHints":{"allow":["GET"]}}],"collection":[{"href":"https:\/\/www.studiainitalia.com\/fr\/wp-json\/wp\/v2\/product"}],"about":[{"href":"https:\/\/www.studiainitalia.com\/fr\/wp-json\/wp\/v2\/types\/product"}],"replies":[{"embeddable":true,"href":"https:\/\/www.studiainitalia.com\/fr\/wp-json\/wp\/v2\/comments?post=188655"}],"wp:featuredmedia":[{"embeddable":true,"href":"https:\/\/www.studiainitalia.com\/fr\/wp-json\/wp\/v2\/media\/121182"}],"wp:attachment":[{"href":"https:\/\/www.studiainitalia.com\/fr\/wp-json\/wp\/v2\/media?parent=188655"}],"wp:term":[{"taxonomy":"section","embeddable":true,"href":"https:\/\/www.studiainitalia.com\/fr\/wp-json\/wp\/v2\/section?post=188655"},{"taxonomy":"product_brand","embeddable":true,"href":"https:\/\/www.studiainitalia.com\/fr\/wp-json\/wp\/v2\/product_brand?post=188655"},{"taxonomy":"product_cat","embeddable":true,"href":"https:\/\/www.studiainitalia.com\/fr\/wp-json\/wp\/v2\/product_cat?post=188655"},{"taxonomy":"product_tag","embeddable":true,"href":"https:\/\/www.studiainitalia.com\/fr\/wp-json\/wp\/v2\/product_tag?post=188655"}],"curies":[{"name":"wp","href":"https:\/\/api.w.org\/{rel}","templated":true}]}}