{"id":188702,"date":"2016-11-12T12:58:19","date_gmt":"2016-11-12T11:58:19","guid":{"rendered":"https:\/\/www.studiainitalia.com\/courses\/non%20class\u00e9\/cours-de-peinture-en-florence\/"},"modified":"2026-02-13T16:03:12","modified_gmt":"2026-02-13T15:03:12","slug":"cours-de-peinture-a-florence","status":"publish","type":"product","link":"https:\/\/www.studiainitalia.com\/fr\/cours\/etudier-a-letranger-a-florence\/cours-de-peinture-a-florence\/","title":{"rendered":"Cours de peinture \u00e0 Florence"},"content":{"rendered":"<h2>Cours de peinture<\/h2>\n<p>&nbsp;<\/p>\n<p>Notre cours de peinture se d\u00e9roule dans un atelier d\u2019art \u00ab<em>bottega<\/em>\u00bb \u00e0 Florence. La bottega italienne \u00e9tait le lieu o\u00f9 les artistes italiens les plus c\u00e9l\u00e8bres, tels que Giotto, Leonardo et Raffaello, ont appris les techniques de peinture.<\/p>\n<p>&nbsp;<\/p>\n<p>Tous ces peintres, en effet, n\u2019ont pas appris \u00e0 peindre dans une \u00e9cole d\u2019art mais dans une bottega. Aujourd\u2019hui, en suivant cette ancienne m\u00e9thode d\u2019apprentissage, nous vous offrons la m\u00eame opportunit\u00e9: peindre dans une vraie bottega florentine!<\/p>\n<p>&nbsp;<\/p>\n<p>L\u2019atelier est situ\u00e9 dans le centre historique de Florence. Il est ouvert toute l\u2019ann\u00e9e et vous pouvez suivre des cours de courte ou de longue dur\u00e9e. Ce cours de peinture est ouvert \u00e0 tous les niveaux.<\/p>\n<p>&nbsp;<\/p>\n<div class=\"one_half et_column_last\"><\/div>\n<div class=\"clear\"><\/div>\n<p>&nbsp;<\/p>\n<div class=\"one_half\">\n<div class=\"perfmatters-lazy-youtube\" data-src=\"https:\/\/www.youtube.com\/embed\/CI8_Z-mih_k\" data-id=\"CI8_Z-mih_k\" data-query=\"\">\n<div>\n<p><img decoding=\"async\" class=\"perfmatters-lazy entered pmloaded\" src=\"https:\/\/i.ytimg.com\/vi\/CI8_Z-mih_k\/hqdefault.jpg\" alt=\"YouTube video\" width=\"480\" height=\"360\" data-pin-nopin=\"true\" data-src=\"https:\/\/i.ytimg.com\/vi\/CI8_Z-mih_k\/hqdefault.jpg\" data-ll-status=\"loaded\" data- title=\"\"><\/p>\n<div class=\"play\"><\/div>\n<\/div>\n<\/div>\n<\/div>\n<h3><\/h3>\n<div class=\"one_half et_column_last\"><\/div>\n<div class=\"clear\"><\/div>\n\n<table id=\"tablepress-711\" class=\"tablepress tablepress-id-711 tbody-has-connected-cells\">\n<thead>\n<tr class=\"row-1\">\n\t<th colspan=\"6\" class=\"column-1\">Dates  de d\u00e9but 2026<\/th>\n<\/tr>\n<\/thead>\n<tbody class=\"row-striping row-hover\">\n<tr class=\"row-2\">\n\t<td class=\"column-1\">Janvier<\/td><td class=\"column-2\">5, 19<\/td><td class=\"column-3\">Mai<\/td><td class=\"column-4\">11, 25<\/td><td class=\"column-5\">Septembre<\/td><td class=\"column-6\">14, 28<\/td>\n<\/tr>\n<tr class=\"row-3\">\n\t<td class=\"column-1\">F\u00e9vrier<\/td><td class=\"column-2\">2, 16<\/td><td class=\"column-3\">Juin<\/td><td class=\"column-4\">8, 22<\/td><td class=\"column-5\">Octobre<\/td><td class=\"column-6\">12, 26<\/td>\n<\/tr>\n<tr class=\"row-4\">\n\t<td class=\"column-1\">Mars<\/td><td class=\"column-2\">2, 16, 30<\/td><td class=\"column-3\">Juillet<\/td><td class=\"column-4\">6, 20<\/td><td class=\"column-5\">Novembre<\/td><td class=\"column-6\"> 9, 23<\/td>\n<\/tr>\n<tr class=\"row-5\">\n\t<td class=\"column-1\">Avril<\/td><td class=\"column-2\">13, 27<\/td><td class=\"column-3\">Ao\u00fbt<\/td><td class=\"column-4\">3, 17, 31<\/td><td class=\"column-5\">Decembre<\/td><td class=\"column-6\"> 7<\/td>\n<\/tr>\n<tr class=\"row-6\">\n\t<td colspan=\"6\" class=\"column-1\">L'\u00e9cole sera ferm\u00e9e les jours f\u00e9ri\u00e9s suivants: Epiphanie (06\/01), Lundi de P\u00e2ques, Jour de la Lib\u00e9ration de l'Italie (25\/04), F\u00eate des Travailleurs (01\/05), F\u00eate de la R\u00e9publique (02\/06), 24\/06, Ferragosto (15 \/ 08), Tous les Saints (01\/11), Immacul\u00e9e Conception (8\/12), vacances de No\u00ebl et nouvel an.<\/td>\n<\/tr>\n<\/tbody>\n<\/table>\n<!-- #tablepress-711 from cache -->\n","protected":false},"excerpt":{"rendered":"<p>&nbsp;<\/p>\n<h2><strong>Pouvez-vous imaginer un meilleur endroit pour apprendre la peinture?<\/strong><\/h2>\n<p>&nbsp;<\/p>\n<p>Peu importe si vous \u00eates d\u00e9butant! \u00c9tudier la peinture en visitant les mus\u00e9es florentins est un r\u00eave devenu r\u00e9alit\u00e9.\u00a0<strong>\u00c9tudier l\u2019art en Italie<\/strong>, c\u2019est respirer l\u2019atmosph\u00e8re d\u2019un lieu qui poss\u00e8de le patrimoine artistique le plus important au monde.<\/p>\n<p>Notre atelier propose des cours de peinture d\u2019une, deux ou plusieurs semaines.<\/p>\n<p>Vous pouvez r\u00e9server un cours de 24, 48, 72 ou 96 heures et r\u00e9partir vos heures sur le nombre de semaines de votre choix.<\/p>\n<p>Ce cours est individuel et dispens\u00e9 en italien. \u00c9tant donn\u00e9 que les le\u00e7ons sont individuelles, le programme peut \u00eatre adapt\u00e9 \u00e0 vos propres besoins.<\/p>\n<p>Le programme comprend:<\/p>\n<p>\u2022\u00a0 des aspects de l\u2019utilisation des crayons de couleur et de la technique des pastels<\/p>\n<p>\u2022 de l\u2019utilisation des temperas normales et huileuses<\/p>\n<p>\u2022 de l\u2019utilisation des couleurs \u00e0 l\u2019huile pour les glacis et la peinture d\u2019impression<\/p>\n<p>\u2022 des copies de vieux ma\u00eetres pour pratiquer ces techniques, avec une attention particuli\u00e8re aux techniques de tempera \u00e0 bord et de sol en or du XIVe si\u00e8cle et \u00e0 la peinture \u00e0 l\u2019huile de paysage d\u2019apr\u00e8s nature.<\/p>\n","protected":false},"featured_media":118683,"comment_status":"open","ping_status":"closed","template":"","meta":{"_acf_changed":false,"_uag_custom_page_level_css":"","_kad_blocks_custom_css":"","_kad_blocks_head_custom_js":"","_kad_blocks_body_custom_js":"","_kad_blocks_footer_custom_js":"","site-sidebar-layout":"default","site-content-layout":"default","ast-site-content-layout":"default","site-content-style":"default","site-sidebar-style":"default","ast-global-header-display":"","ast-banner-title-visibility":"","ast-main-header-display":"","ast-hfb-above-header-display":"","ast-hfb-below-header-display":"","ast-hfb-mobile-header-display":"","site-post-title":"","ast-breadcrumbs-content":"","ast-featured-img":"","footer-sml-layout":"","ast-disable-related-posts":"","theme-transparent-header-meta":"default","adv-header-id-meta":"","stick-header-meta":"default","header-above-stick-meta":"","header-main-stick-meta":"","header-below-stick-meta":"","astra-migrate-meta-layouts":"set","ast-page-background-enabled":"default","ast-page-background-meta":{"desktop":{"background-color":"var(--ast-global-color-4)","background-image":"","background-repeat":"repeat","background-position":"center center","background-size":"auto","background-attachment":"scroll","background-type":"","background-media":"","overlay-type":"","overlay-color":"","overlay-opacity":"","overlay-gradient":""},"tablet":{"background-color":"","background-image":"","background-repeat":"repeat","background-position":"center center","background-size":"auto","background-attachment":"scroll","background-type":"","background-media":"","overlay-type":"","overlay-color":"","overlay-opacity":"","overlay-gradient":""},"mobile":{"background-color":"","background-image":"","background-repeat":"repeat","background-position":"center center","background-size":"auto","background-attachment":"scroll","background-type":"","background-media":"","overlay-type":"","overlay-color":"","overlay-opacity":"","overlay-gradient":""}},"ast-content-background-meta":{"desktop":{"background-color":"var(--ast-global-color-5)","background-image":"","background-repeat":"repeat","background-position":"center center","background-size":"auto","background-attachment":"scroll","background-type":"","background-media":"","overlay-type":"","overlay-color":"","overlay-opacity":"","overlay-gradient":""},"tablet":{"background-color":"var(--ast-global-color-5)","background-image":"","background-repeat":"repeat","background-position":"center center","background-size":"auto","background-attachment":"scroll","background-type":"","background-media":"","overlay-type":"","overlay-color":"","overlay-opacity":"","overlay-gradient":""},"mobile":{"background-color":"var(--ast-global-color-5)","background-image":"","background-repeat":"repeat","background-position":"center center","background-size":"auto","background-attachment":"scroll","background-type":"","background-media":"","overlay-type":"","overlay-color":"","overlay-opacity":"","overlay-gradient":""}}},"section":[],"product_brand":[],"product_cat":[1276,1329],"product_tag":[],"class_list":{"0":"post-188702","1":"product","2":"type-product","3":"status-publish","4":"has-post-thumbnail","6":"product_cat-etudier-a-letranger-a-florence","7":"product_cat-ecoles-dart-en-italie","8":"desktop-align-left","9":"tablet-align-left","10":"mobile-align-left","11":"ast-product-gallery-layout-horizontal-slider","12":"ast-product-gallery-with-no-image","13":"ast-product-single-variable","14":"ast-product-tabs-layout-horizontal","15":"ast-qv-on-image-click","17":"first","18":"instock","19":"sold-individually","20":"shipping-taxable","21":"purchasable","22":"product-type-variable"},"acf":[],"taxonomy_info":{"product_cat":[{"value":1276,"label":"Cursos en Florencia"},{"value":1329,"label":"\u00c9coles d'art en Italie"}]},"featured_image_src_large":["https:\/\/www.studiainitalia.com\/wp-content\/uploads\/2016\/11\/painting-florence.jpg",432,432,false],"author_info":[],"comment_info":2,"uagb_featured_image_src":{"full":["https:\/\/www.studiainitalia.com\/wp-content\/uploads\/2016\/11\/painting-florence.jpg",432,432,false],"thumbnail":["https:\/\/www.studiainitalia.com\/wp-content\/uploads\/2016\/11\/painting-florence-150x150.jpg",96,96,true],"medium":["https:\/\/www.studiainitalia.com\/wp-content\/uploads\/2016\/11\/painting-florence-300x300.jpg",300,300,true],"medium_large":["https:\/\/www.studiainitalia.com\/wp-content\/uploads\/2016\/11\/painting-florence.jpg",432,432,false],"large":["https:\/\/www.studiainitalia.com\/wp-content\/uploads\/2016\/11\/painting-florence.jpg",432,432,false],"1536x1536":["https:\/\/www.studiainitalia.com\/wp-content\/uploads\/2016\/11\/painting-florence.jpg",432,432,false],"2048x2048":["https:\/\/www.studiainitalia.com\/wp-content\/uploads\/2016\/11\/painting-florence.jpg",432,432,false],"ultp_layout_landscape_large":["https:\/\/www.studiainitalia.com\/wp-content\/uploads\/2016\/11\/painting-florence.jpg",432,432,false],"ultp_layout_landscape":["https:\/\/www.studiainitalia.com\/wp-content\/uploads\/2016\/11\/painting-florence.jpg",432,432,false],"ultp_layout_portrait":["https:\/\/www.studiainitalia.com\/wp-content\/uploads\/2016\/11\/painting-florence.jpg",432,432,false],"ultp_layout_square":["https:\/\/www.studiainitalia.com\/wp-content\/uploads\/2016\/11\/painting-florence.jpg",432,432,false],"gform-image-choice-sm":["https:\/\/www.studiainitalia.com\/wp-content\/uploads\/2016\/11\/painting-florence.jpg",300,300,false],"gform-image-choice-md":["https:\/\/www.studiainitalia.com\/wp-content\/uploads\/2016\/11\/painting-florence.jpg",400,400,false],"gform-image-choice-lg":["https:\/\/www.studiainitalia.com\/wp-content\/uploads\/2016\/11\/painting-florence.jpg",432,432,false],"woocommerce_thumbnail":["https:\/\/www.studiainitalia.com\/wp-content\/uploads\/2016\/11\/painting-florence-300x300.jpg",300,300,true],"woocommerce_single":["https:\/\/www.studiainitalia.com\/wp-content\/uploads\/2016\/11\/painting-florence-400x400.jpg",400,400,true],"woocommerce_gallery_thumbnail":["https:\/\/www.studiainitalia.com\/wp-content\/uploads\/2016\/11\/painting-florence-100x100.jpg",100,100,true],"yarpp-thumbnail":["https:\/\/www.studiainitalia.com\/wp-content\/uploads\/2016\/11\/painting-florence.jpg",120,120,false]},"uagb_author_info":{"display_name":"Javier Diaz","author_link":"https:\/\/www.studiainitalia.com\/fr\/author\/"},"uagb_comment_info":2,"uagb_excerpt":"&nbsp; Pouvez-vous imaginer un meilleur endroit pour apprendre la peinture? &nbsp; Peu importe si vous \u00eates d\u00e9butant! \u00c9tudier la peinture en visitant les mus\u00e9es florentins est un r\u00eave devenu r\u00e9alit\u00e9.\u00a0\u00c9tudier l\u2019art en Italie, c\u2019est respirer l\u2019atmosph\u00e8re d\u2019un lieu qui poss\u00e8de le patrimoine artistique le plus important au monde. Notre atelier propose des cours de peinture\u2026","_links":{"self":[{"href":"https:\/\/www.studiainitalia.com\/fr\/wp-json\/wp\/v2\/product\/188702","targetHints":{"allow":["GET"]}}],"collection":[{"href":"https:\/\/www.studiainitalia.com\/fr\/wp-json\/wp\/v2\/product"}],"about":[{"href":"https:\/\/www.studiainitalia.com\/fr\/wp-json\/wp\/v2\/types\/product"}],"replies":[{"embeddable":true,"href":"https:\/\/www.studiainitalia.com\/fr\/wp-json\/wp\/v2\/comments?post=188702"}],"wp:featuredmedia":[{"embeddable":true,"href":"https:\/\/www.studiainitalia.com\/fr\/wp-json\/wp\/v2\/media\/118683"}],"wp:attachment":[{"href":"https:\/\/www.studiainitalia.com\/fr\/wp-json\/wp\/v2\/media?parent=188702"}],"wp:term":[{"taxonomy":"section","embeddable":true,"href":"https:\/\/www.studiainitalia.com\/fr\/wp-json\/wp\/v2\/section?post=188702"},{"taxonomy":"product_brand","embeddable":true,"href":"https:\/\/www.studiainitalia.com\/fr\/wp-json\/wp\/v2\/product_brand?post=188702"},{"taxonomy":"product_cat","embeddable":true,"href":"https:\/\/www.studiainitalia.com\/fr\/wp-json\/wp\/v2\/product_cat?post=188702"},{"taxonomy":"product_tag","embeddable":true,"href":"https:\/\/www.studiainitalia.com\/fr\/wp-json\/wp\/v2\/product_tag?post=188702"}],"curies":[{"name":"wp","href":"https:\/\/api.w.org\/{rel}","templated":true}]}}