{"id":188705,"date":"2016-11-12T17:04:07","date_gmt":"2016-11-12T16:04:07","guid":{"rendered":"https:\/\/www.studiainitalia.com\/courses\/non%20class\u00e9\/cours-de-cordonnerie-dans-la-florence\/"},"modified":"2025-12-19T19:08:39","modified_gmt":"2025-12-19T18:08:39","slug":"cours-de-chaussures-faites-main","status":"publish","type":"product","link":"https:\/\/www.studiainitalia.com\/fr\/cours\/cours-dartisanat\/cours-de-chaussures-faites-main\/","title":{"rendered":"Cours de chaussures faites main"},"content":{"rendered":"<p>&nbsp;<\/p>\n<h2>Cours de chaussures faites main<\/h2>\n<p>&nbsp;<\/p>\n<p>Notre cours de cordonnerie se d\u00e9roule dans un atelier de fabrication de chaussures. Est-ce que vous savez pourquoi?<\/p>\n<p>Parce que nous sommes d\u00e9finitivement convaincus que si vous souhaitez suivre un cours de cordonnier, le meilleur endroit pour apprendre ce m\u00e9tier est dans un v\u00e9ritable atelier de fabrication de chaussures italien. Vous apprendrez tr\u00e8s vite et profond\u00e9ment.<\/p>\n<p>&nbsp;<\/p>\n<p>Le ma\u00eetre cordonnier vous suivra pas \u00e0 pas.<\/p>\n<p>&nbsp;<\/p>\n<p><strong>Vous cherchez des cours de longue dur\u00e9e et une \u00e9cole de cordonnerie en Italie?<\/strong><\/p>\n<p><strong>D\u00e9couvrez nos cours de cordonnerie dans notre toute nouvelle\u00a0<a href=\"https:\/\/www.studiainitalia.com\/fr\/academy\/\">\u00e9cole de cordonnerie<\/a>!<\/strong><\/p>\n<p>&nbsp;<\/p>\n<p>&nbsp;<\/p>\n<div class=\"one_half\">\n<div class=\"perfmatters-lazy-youtube\" data-src=\"https:\/\/www.youtube.com\/embed\/otSUHKBV94Q\" data-id=\"otSUHKBV94Q\" data-query=\"\">\n<div>\n<p>&nbsp;<\/p>\n<\/div>\n<\/div>\n<\/div>\n<p>&nbsp;<\/p>\n<p>&nbsp;<\/p>\n<p>&nbsp;<\/p>\n<p>&nbsp;<\/p>\n<p><iframe style=\"display: none;\"><\/iframe><\/p>\n","protected":false},"excerpt":{"rendered":"<p>Les cours de chaussures faites main\u00a0 peuvent avoir une dur\u00e9e de 2, 4 semaines ou plus. Les cours sont donn\u00e9s en italien ou anglais, il n\u2019est pas n\u00e9cessaire de conna\u00eetre la langue car ce sont des cours tr\u00e8s pratiques, c\u00f4te \u00e0 c\u00f4te avec l\u2019artisan.<\/p>\n<p>Le programme comprend:<\/p>\n<p>\u2022 Aspects de la fabrication de chaussures en cuir<\/p>\n<p>\u2022 L\u2019anatomie du pied<\/p>\n<p>\u2022 Techniques de couture des chaussures<\/p>\n<p>\u2022 Description des mat\u00e9riaux et des ustensiles, des talons et des accessoires.<\/p>\n<p>Les chaussures fabriqu\u00e9es sont de propri\u00e9t\u00e9 de l\u2019\u00e9tudiant.<\/p>\n<p><strong>Des cours de longue dur\u00e9e sont \u00e9galement disponibles dans notre\u00a0<a href=\"https:\/\/www.studiainitalia.com\/fr\/academy\/cours-de-chaussures-pour-femmes\/\">nouvelle \u00e9cole de cordonnerie<\/a><\/strong><\/p>\n<p><iframe style=\"display: none;\"><\/iframe><\/p>\n","protected":false},"featured_media":202059,"comment_status":"open","ping_status":"closed","template":"","meta":{"_acf_changed":false,"_uag_custom_page_level_css":"","_kad_blocks_custom_css":"","_kad_blocks_head_custom_js":"","_kad_blocks_body_custom_js":"","_kad_blocks_footer_custom_js":"","site-sidebar-layout":"default","site-content-layout":"default","ast-site-content-layout":"default","site-content-style":"default","site-sidebar-style":"default","ast-global-header-display":"","ast-banner-title-visibility":"","ast-main-header-display":"","ast-hfb-above-header-display":"","ast-hfb-below-header-display":"","ast-hfb-mobile-header-display":"","site-post-title":"","ast-breadcrumbs-content":"","ast-featured-img":"","footer-sml-layout":"","ast-disable-related-posts":"","theme-transparent-header-meta":"default","adv-header-id-meta":"","stick-header-meta":"default","header-above-stick-meta":"","header-main-stick-meta":"","header-below-stick-meta":"","astra-migrate-meta-layouts":"set","ast-page-background-enabled":"default","ast-page-background-meta":{"desktop":{"background-color":"var(--ast-global-color-4)","background-image":"","background-repeat":"repeat","background-position":"center center","background-size":"auto","background-attachment":"scroll","background-type":"","background-media":"","overlay-type":"","overlay-color":"","overlay-opacity":"","overlay-gradient":""},"tablet":{"background-color":"","background-image":"","background-repeat":"repeat","background-position":"center center","background-size":"auto","background-attachment":"scroll","background-type":"","background-media":"","overlay-type":"","overlay-color":"","overlay-opacity":"","overlay-gradient":""},"mobile":{"background-color":"","background-image":"","background-repeat":"repeat","background-position":"center center","background-size":"auto","background-attachment":"scroll","background-type":"","background-media":"","overlay-type":"","overlay-color":"","overlay-opacity":"","overlay-gradient":""}},"ast-content-background-meta":{"desktop":{"background-color":"var(--ast-global-color-5)","background-image":"","background-repeat":"repeat","background-position":"center center","background-size":"auto","background-attachment":"scroll","background-type":"","background-media":"","overlay-type":"","overlay-color":"","overlay-opacity":"","overlay-gradient":""},"tablet":{"background-color":"var(--ast-global-color-5)","background-image":"","background-repeat":"repeat","background-position":"center center","background-size":"auto","background-attachment":"scroll","background-type":"","background-media":"","overlay-type":"","overlay-color":"","overlay-opacity":"","overlay-gradient":""},"mobile":{"background-color":"var(--ast-global-color-5)","background-image":"","background-repeat":"repeat","background-position":"center center","background-size":"auto","background-attachment":"scroll","background-type":"","background-media":"","overlay-type":"","overlay-color":"","overlay-opacity":"","overlay-gradient":""}}},"section":[],"product_brand":[],"product_cat":[1339],"product_tag":[],"class_list":{"0":"post-188705","1":"product","2":"type-product","3":"status-publish","4":"has-post-thumbnail","6":"product_cat-cours-dartisanat","7":"desktop-align-left","8":"tablet-align-left","9":"mobile-align-left","10":"ast-product-gallery-layout-horizontal-slider","11":"ast-product-single-variable","12":"ast-product-tabs-layout-horizontal","13":"ast-qv-on-image-click","15":"first","16":"instock","17":"sold-individually","18":"shipping-taxable","19":"purchasable","20":"product-type-variable"},"acf":[],"taxonomy_info":{"product_cat":[{"value":1339,"label":"Cours d'artisanat"}]},"featured_image_src_large":["https:\/\/www.studiainitalia.com\/wp-content\/uploads\/2024\/12\/shoes-1.jpg",2048,2048,false],"author_info":[],"comment_info":2,"uagb_featured_image_src":{"full":["https:\/\/www.studiainitalia.com\/wp-content\/uploads\/2024\/12\/shoes-1.jpg",2048,2048,false],"thumbnail":["https:\/\/www.studiainitalia.com\/wp-content\/uploads\/2024\/12\/shoes-1.jpg",96,96,false],"medium":["https:\/\/www.studiainitalia.com\/wp-content\/uploads\/2024\/12\/shoes-1.jpg",2048,2048,false],"medium_large":["https:\/\/www.studiainitalia.com\/wp-content\/uploads\/2024\/12\/shoes-1-768x768.jpg",768,768,true],"large":["https:\/\/www.studiainitalia.com\/wp-content\/uploads\/2024\/12\/shoes-1.jpg",2048,2048,false],"1536x1536":["https:\/\/www.studiainitalia.com\/wp-content\/uploads\/2024\/12\/shoes-1-1536x1536.jpg",1536,1536,true],"2048x2048":["https:\/\/www.studiainitalia.com\/wp-content\/uploads\/2024\/12\/shoes-1.jpg",2048,2048,false],"ultp_layout_landscape_large":["https:\/\/www.studiainitalia.com\/wp-content\/uploads\/2024\/12\/shoes-1-1200x800.jpg",1200,800,true],"ultp_layout_landscape":["https:\/\/www.studiainitalia.com\/wp-content\/uploads\/2024\/12\/shoes-1-870x570.jpg",870,570,true],"ultp_layout_portrait":["https:\/\/www.studiainitalia.com\/wp-content\/uploads\/2024\/12\/shoes-1-600x900.jpg",600,900,true],"ultp_layout_square":["https:\/\/www.studiainitalia.com\/wp-content\/uploads\/2024\/12\/shoes-1-600x600.jpg",600,600,true],"gform-image-choice-sm":["https:\/\/www.studiainitalia.com\/wp-content\/uploads\/2024\/12\/shoes-1.jpg",300,300,false],"gform-image-choice-md":["https:\/\/www.studiainitalia.com\/wp-content\/uploads\/2024\/12\/shoes-1.jpg",400,400,false],"gform-image-choice-lg":["https:\/\/www.studiainitalia.com\/wp-content\/uploads\/2024\/12\/shoes-1.jpg",600,600,false],"woocommerce_thumbnail":["https:\/\/www.studiainitalia.com\/wp-content\/uploads\/2024\/12\/shoes-1-300x300.jpg",300,300,true],"woocommerce_single":["https:\/\/www.studiainitalia.com\/wp-content\/uploads\/2024\/12\/shoes-1-400x400.jpg",400,400,true],"woocommerce_gallery_thumbnail":["https:\/\/www.studiainitalia.com\/wp-content\/uploads\/2024\/12\/shoes-1-100x100.jpg",100,100,true],"yarpp-thumbnail":["https:\/\/www.studiainitalia.com\/wp-content\/uploads\/2024\/12\/shoes-1-120x120.jpg",120,120,true]},"uagb_author_info":{"display_name":"Javier Diaz","author_link":"https:\/\/www.studiainitalia.com\/fr\/author\/"},"uagb_comment_info":2,"uagb_excerpt":"Les cours de chaussures faites main\u00a0 peuvent avoir une dur\u00e9e de 2, 4 semaines ou plus. Les cours sont donn\u00e9s en italien ou anglais, il n\u2019est pas n\u00e9cessaire de conna\u00eetre la langue car ce sont des cours tr\u00e8s pratiques, c\u00f4te \u00e0 c\u00f4te avec l\u2019artisan. Le programme comprend: \u2022 Aspects de la fabrication de chaussures en\u2026","_links":{"self":[{"href":"https:\/\/www.studiainitalia.com\/fr\/wp-json\/wp\/v2\/product\/188705","targetHints":{"allow":["GET"]}}],"collection":[{"href":"https:\/\/www.studiainitalia.com\/fr\/wp-json\/wp\/v2\/product"}],"about":[{"href":"https:\/\/www.studiainitalia.com\/fr\/wp-json\/wp\/v2\/types\/product"}],"replies":[{"embeddable":true,"href":"https:\/\/www.studiainitalia.com\/fr\/wp-json\/wp\/v2\/comments?post=188705"}],"wp:featuredmedia":[{"embeddable":true,"href":"https:\/\/www.studiainitalia.com\/fr\/wp-json\/wp\/v2\/media\/202059"}],"wp:attachment":[{"href":"https:\/\/www.studiainitalia.com\/fr\/wp-json\/wp\/v2\/media?parent=188705"}],"wp:term":[{"taxonomy":"section","embeddable":true,"href":"https:\/\/www.studiainitalia.com\/fr\/wp-json\/wp\/v2\/section?post=188705"},{"taxonomy":"product_brand","embeddable":true,"href":"https:\/\/www.studiainitalia.com\/fr\/wp-json\/wp\/v2\/product_brand?post=188705"},{"taxonomy":"product_cat","embeddable":true,"href":"https:\/\/www.studiainitalia.com\/fr\/wp-json\/wp\/v2\/product_cat?post=188705"},{"taxonomy":"product_tag","embeddable":true,"href":"https:\/\/www.studiainitalia.com\/fr\/wp-json\/wp\/v2\/product_tag?post=188705"}],"curies":[{"name":"wp","href":"https:\/\/api.w.org\/{rel}","templated":true}]}}