{"id":188740,"date":"2016-11-07T17:35:10","date_gmt":"2016-11-07T16:35:10","guid":{"rendered":"https:\/\/www.studiainitalia.com\/courses\/non%20class\u00e9\/cours-italien-pour-jeunes-apprenants-a-orbetello\/"},"modified":"2026-02-25T17:14:09","modified_gmt":"2026-02-25T16:14:09","slug":"cours-italien-pour-les-ados-a-orbetello","status":"publish","type":"product","link":"https:\/\/www.studiainitalia.com\/fr\/cours\/cours-italien-a-orbetello\/cours-italien-pour-les-ados-a-orbetello\/","title":{"rendered":"Cours d\u2019italien pour les ados \u00e0 Orbetello"},"content":{"rendered":"<h2><strong>Cours d\u2019italien pour les ados<\/strong><\/h2>\n<p>&nbsp;<\/p>\n<p>L\u2019\u00e9cole d\u2019Orbetello a \u00e9t\u00e9 fond\u00e9e en 2002. Elle est situ\u00e9e dans un quartier calme et central. Autour de l\u2019\u00e9cole il y a un beau jardin o\u00f9 se tiennent certains cours pendant l\u2019\u00e9t\u00e9 o\u00f9 les \u00e9tudiants peuvent se reposer pendant leur temps libre.<\/p>\n<p>L\u2019\u00e9cole propose des cours intensifs d\u2019italien pour les jeunes de 13 \u00e0 17 ans et un large \u00e9ventail d\u2019excursions dans la r\u00e9gion de la Maremme et sur les \u00eeles de l\u2019archipel toscan.<\/p>\n<p>Ce cours d\u2019italien pour les ados et jeunes apprenants est parfait pour apprendre l\u2019italien et se faire de nouveaux amis internationaux!<\/p>\n<p>Le personnel du secr\u00e9tariat de l\u2019\u00e9cole suit chaque \u00e9l\u00e8ve d\u00e8s la r\u00e9servation des cours et tout au long de son s\u00e9jour.<\/p>\n<p>L\u2019\u00e9cole organise un programme d\u2019activit\u00e9s large et vari\u00e9 pour les \u00e9tudiants dans l\u2019apr\u00e8s-midi et dans le week-end. Ces activit\u00e9s comprennent des visites et des excursions et des s\u00e9minaires qui seront guid\u00e9s par les enseignants.<\/p>\n<p>Quelques activit\u00e9s: apr\u00e8s-midi de plage avec activit\u00e9s sportives, 1 excursion d\u2019une demi-journ\u00e9e par semaine, 1 excursion d\u2019une journ\u00e9e compl\u00e8te le samedi, 1 activit\u00e9 culturelle par semaine.<\/p>\n<p>Toutes les activit\u00e9s sont encadr\u00e9es par des enseignants et des moniteurs professionnels.<\/p>\n<p>Les familles sont s\u00e9lectionn\u00e9es personnellement et accueillent nos \u00e9tudiants depuis de nombreuses ann\u00e9es.Toutes les familles sont situ\u00e9es \u00e0 une tr\u00e8s courte distance de l\u2019\u00e9cole.<\/p>\n<p>L\u2019\u00e9cole propose \u00e9galement des transferts depuis les a\u00e9roports de Rome.<\/p>\n<p>&nbsp;<\/p>\n<p>Si vous souhaitez voyager avec vos enfants, nous proposons \u00e9galement des\u00a0<a href=\"https:\/\/www.studiainitalia.com\/fr\/cours\/cours-italien-en-italie\/italien-a-orbetello\/\">cours pour adultes<\/a><\/p>\n<p>&nbsp;<\/p>\n<table id=\"tablepress-733\" class=\"tablepress tablepress-id-733\">\n<thead>\n<tr class=\"row-1 odd\">\n<th class=\"column-1\" colspan=\"6\">Dates de d\u00e9but 2026<\/th>\n<\/tr>\n<\/thead>\n<tbody class=\"row-hover\">\n<tr class=\"row-2 even\">\n<td class=\"column-1\">Janvier<\/td>\n<td class=\"column-2\"><\/td>\n<td class=\"column-3\">Mai<\/td>\n<td class=\"column-4\"><\/td>\n<td class=\"column-5\">Septembre<\/td>\n<td class=\"column-6\"><\/td>\n<\/tr>\n<tr class=\"row-3 odd\">\n<td class=\"column-1\">F\u00e9vrier<\/td>\n<td class=\"column-2\"><\/td>\n<td class=\"column-3\">Juin<\/td>\n<td class=\"column-4\">28<\/td>\n<td class=\"column-5\">Octobre<\/td>\n<td class=\"column-6\"><\/td>\n<\/tr>\n<tr class=\"row-4 even\">\n<td class=\"column-1\">Mars<\/td>\n<td class=\"column-2\"><\/td>\n<td class=\"column-3\">Juillet<\/td>\n<td class=\"column-4\">12, 26<\/td>\n<td class=\"column-5\">Novembre<\/td>\n<td class=\"column-6\"><\/td>\n<\/tr>\n<tr class=\"row-5 odd\">\n<td class=\"column-1\">Avril<\/td>\n<td class=\"column-2\"><\/td>\n<td class=\"column-3\">Ao\u00fbt<\/td>\n<td class=\"column-4\"><\/td>\n<td class=\"column-5\">Decembre<\/td>\n<td class=\"column-6\"><\/td>\n<\/tr>\n<tr class=\"row-6 even\">\n<td class=\"column-1\" colspan=\"6\">L&rsquo;\u00e9cole sera ferm\u00e9e les jours f\u00e9ri\u00e9s suivants: Epiphanie (06\/01), Lundi de P\u00e2ques, Jour de la Lib\u00e9ration de l&rsquo;Italie (25\/04), F\u00eate des Travailleurs (01\/05), F\u00eate de la R\u00e9publique (02\/06), Ferragosto (15 \/ 08), Tous les Saints (01\/11), Immacul\u00e9e Conception (8\/12), vacances de No\u00ebl et nouvel an.<\/td>\n<\/tr>\n<\/tbody>\n<\/table>\n<div class=\"aiosrs-rating-wrap\" data-schema-id=\"90691\">\n<div class=\"aiosrs-star-rating-wrap \"><\/div>\n<div class=\"aiosrs-rating-summary-wrap\"><\/div>\n<\/div>\n<p>&nbsp;<\/p>\n","protected":false},"excerpt":{"rendered":"<h2>Vous recherchez des camps d\u2019\u00e9t\u00e9 en Italie?<\/h2>\n<p>&nbsp;<\/p>\n<p>Notre camp d\u2019\u00e9t\u00e9 en Italie pour les adolescents (13 \u00e0 17 ans) a lieu pendant les mois d\u2019\u00e9t\u00e9. Nos cours d\u2019italien pour adolescents existent depuis plus de 10 ans et des \u00e9tudiants du monde entier y ont particip\u00e9.<\/p>\n<ul>\n<li>Les cours d\u00b4italien pour les adolescents, jeunes apprenants et lyc\u00e9ens (13 \u00e0 17 ans) consistent en 20 le\u00e7ons d\u2019italien par semaine plus un programme riche et vari\u00e9 d\u2019activit\u00e9s de loisirs, sportives et culturelles encadr\u00e9es, de visites et d\u2019excursions qui permettent aux \u00e9tudiants de d\u00e9couvrir les nombreux aspects de la culture italienne au quotidien.<\/li>\n<\/ul>\n<ul>\n<li>\u00a0Les cours sont dispens\u00e9s par des enseignants qualifi\u00e9s de langue maternelle et bas\u00e9s sur l\u2019utilisation de m\u00e9thodes d\u2019enseignement simples et efficaces avec des petits groupes de 5 \u00e0 10 \u00e9tudiants dans une atmosph\u00e8re amusante et stimulante.<\/li>\n<\/ul>\n<ul>\n<li>Les \u00e9tudiants seront log\u00e9s dans des familles d\u2019accueil extr\u00eamement sympathiques et serviables, en demi-pension, soigneusement s\u00e9lectionn\u00e9es et vivant toutes tr\u00e8s pr\u00e8s de l\u2019\u00e9cole.<\/li>\n<\/ul>\n<ul>\n<li>Nous garantissons une assistance compl\u00e8te pendant tout le s\u00e9jour.<\/li>\n<\/ul>\n<p>Demandez le programme d\u00e9taill\u00e9 des activit\u00e9s de nos camps d\u2019\u00e9t\u00e9 en Italie.<\/p>\n","protected":false},"featured_media":118614,"comment_status":"open","ping_status":"closed","template":"","meta":{"_acf_changed":false,"_uag_custom_page_level_css":"","_kad_blocks_custom_css":"","_kad_blocks_head_custom_js":"","_kad_blocks_body_custom_js":"","_kad_blocks_footer_custom_js":"","site-sidebar-layout":"default","site-content-layout":"default","ast-site-content-layout":"default","site-content-style":"default","site-sidebar-style":"default","ast-global-header-display":"","ast-banner-title-visibility":"","ast-main-header-display":"","ast-hfb-above-header-display":"","ast-hfb-below-header-display":"","ast-hfb-mobile-header-display":"","site-post-title":"","ast-breadcrumbs-content":"","ast-featured-img":"","footer-sml-layout":"","ast-disable-related-posts":"","theme-transparent-header-meta":"default","adv-header-id-meta":"","stick-header-meta":"default","header-above-stick-meta":"","header-main-stick-meta":"","header-below-stick-meta":"","astra-migrate-meta-layouts":"set","ast-page-background-enabled":"default","ast-page-background-meta":{"desktop":{"background-color":"var(--ast-global-color-4)","background-image":"","background-repeat":"repeat","background-position":"center center","background-size":"auto","background-attachment":"scroll","background-type":"","background-media":"","overlay-type":"","overlay-color":"","overlay-opacity":"","overlay-gradient":""},"tablet":{"background-color":"","background-image":"","background-repeat":"repeat","background-position":"center center","background-size":"auto","background-attachment":"scroll","background-type":"","background-media":"","overlay-type":"","overlay-color":"","overlay-opacity":"","overlay-gradient":""},"mobile":{"background-color":"","background-image":"","background-repeat":"repeat","background-position":"center center","background-size":"auto","background-attachment":"scroll","background-type":"","background-media":"","overlay-type":"","overlay-color":"","overlay-opacity":"","overlay-gradient":""}},"ast-content-background-meta":{"desktop":{"background-color":"var(--ast-global-color-5)","background-image":"","background-repeat":"repeat","background-position":"center center","background-size":"auto","background-attachment":"scroll","background-type":"","background-media":"","overlay-type":"","overlay-color":"","overlay-opacity":"","overlay-gradient":""},"tablet":{"background-color":"var(--ast-global-color-5)","background-image":"","background-repeat":"repeat","background-position":"center center","background-size":"auto","background-attachment":"scroll","background-type":"","background-media":"","overlay-type":"","overlay-color":"","overlay-opacity":"","overlay-gradient":""},"mobile":{"background-color":"var(--ast-global-color-5)","background-image":"","background-repeat":"repeat","background-position":"center center","background-size":"auto","background-attachment":"scroll","background-type":"","background-media":"","overlay-type":"","overlay-color":"","overlay-opacity":"","overlay-gradient":""}}},"section":[],"product_brand":[],"product_cat":[1319,1334],"product_tag":[1879,1881],"class_list":{"0":"post-188740","1":"product","2":"type-product","3":"status-publish","4":"has-post-thumbnail","6":"product_cat-cours-italien-a-orbetello","7":"product_cat-cours-italien-en-italie-pour-les-familles","8":"product_tag-la-familia","9":"product_tag-orbetello","10":"desktop-align-left","11":"tablet-align-left","12":"mobile-align-left","13":"ast-product-gallery-layout-horizontal-slider","14":"ast-product-single-variable","15":"ast-product-tabs-layout-horizontal","16":"ast-qv-on-image-click","18":"first","19":"instock","20":"sold-individually","21":"shipping-taxable","22":"purchasable","23":"product-type-variable","24":"has-default-attributes"},"acf":[],"taxonomy_info":{"product_cat":[{"value":1319,"label":"Cours d'italien \u00e0 Orbetello"},{"value":1334,"label":"Cours d'italien en Italie pour les familles"}],"product_tag":[{"value":1879,"label":"La Familia"},{"value":1881,"label":"Orbetello"}]},"featured_image_src_large":["https:\/\/www.studiainitalia.com\/wp-content\/uploads\/2016\/11\/learn-italian-in-orbetello-junior-summer-programme.jpg",720,708,false],"author_info":[],"comment_info":0,"uagb_featured_image_src":{"full":["https:\/\/www.studiainitalia.com\/wp-content\/uploads\/2016\/11\/learn-italian-in-orbetello-junior-summer-programme.jpg",720,708,false],"thumbnail":["https:\/\/www.studiainitalia.com\/wp-content\/uploads\/2016\/11\/learn-italian-in-orbetello-junior-summer-programme-150x150.jpg",96,96,true],"medium":["https:\/\/www.studiainitalia.com\/wp-content\/uploads\/2016\/11\/learn-italian-in-orbetello-junior-summer-programme-300x295.jpg",300,295,true],"medium_large":["https:\/\/www.studiainitalia.com\/wp-content\/uploads\/2016\/11\/learn-italian-in-orbetello-junior-summer-programme.jpg",720,708,false],"large":["https:\/\/www.studiainitalia.com\/wp-content\/uploads\/2016\/11\/learn-italian-in-orbetello-junior-summer-programme.jpg",720,708,false],"1536x1536":["https:\/\/www.studiainitalia.com\/wp-content\/uploads\/2016\/11\/learn-italian-in-orbetello-junior-summer-programme.jpg",720,708,false],"2048x2048":["https:\/\/www.studiainitalia.com\/wp-content\/uploads\/2016\/11\/learn-italian-in-orbetello-junior-summer-programme.jpg",720,708,false],"ultp_layout_landscape_large":["https:\/\/www.studiainitalia.com\/wp-content\/uploads\/2016\/11\/learn-italian-in-orbetello-junior-summer-programme.jpg",720,708,false],"ultp_layout_landscape":["https:\/\/www.studiainitalia.com\/wp-content\/uploads\/2016\/11\/learn-italian-in-orbetello-junior-summer-programme.jpg",580,570,false],"ultp_layout_portrait":["https:\/\/www.studiainitalia.com\/wp-content\/uploads\/2016\/11\/learn-italian-in-orbetello-junior-summer-programme.jpg",600,590,false],"ultp_layout_square":["https:\/\/www.studiainitalia.com\/wp-content\/uploads\/2016\/11\/learn-italian-in-orbetello-junior-summer-programme.jpg",600,590,false],"gform-image-choice-sm":["https:\/\/www.studiainitalia.com\/wp-content\/uploads\/2016\/11\/learn-italian-in-orbetello-junior-summer-programme.jpg",300,295,false],"gform-image-choice-md":["https:\/\/www.studiainitalia.com\/wp-content\/uploads\/2016\/11\/learn-italian-in-orbetello-junior-summer-programme.jpg",400,393,false],"gform-image-choice-lg":["https:\/\/www.studiainitalia.com\/wp-content\/uploads\/2016\/11\/learn-italian-in-orbetello-junior-summer-programme.jpg",600,590,false],"woocommerce_thumbnail":["https:\/\/www.studiainitalia.com\/wp-content\/uploads\/2016\/11\/learn-italian-in-orbetello-junior-summer-programme-300x300.jpg",300,300,true],"woocommerce_single":["https:\/\/www.studiainitalia.com\/wp-content\/uploads\/2016\/11\/learn-italian-in-orbetello-junior-summer-programme-400x393.jpg",400,393,true],"woocommerce_gallery_thumbnail":["https:\/\/www.studiainitalia.com\/wp-content\/uploads\/2016\/11\/learn-italian-in-orbetello-junior-summer-programme-100x100.jpg",100,100,true],"yarpp-thumbnail":["https:\/\/www.studiainitalia.com\/wp-content\/uploads\/2016\/11\/learn-italian-in-orbetello-junior-summer-programme.jpg",120,118,false]},"uagb_author_info":{"display_name":"Javier Diaz","author_link":"https:\/\/www.studiainitalia.com\/fr\/author\/"},"uagb_comment_info":0,"uagb_excerpt":"Vous recherchez des camps d\u2019\u00e9t\u00e9 en Italie? &nbsp; Notre camp d\u2019\u00e9t\u00e9 en Italie pour les adolescents (13 \u00e0 17 ans) a lieu pendant les mois d\u2019\u00e9t\u00e9. Nos cours d\u2019italien pour adolescents existent depuis plus de 10 ans et des \u00e9tudiants du monde entier y ont particip\u00e9. Les cours d\u00b4italien pour les adolescents, jeunes apprenants et\u2026","_links":{"self":[{"href":"https:\/\/www.studiainitalia.com\/fr\/wp-json\/wp\/v2\/product\/188740","targetHints":{"allow":["GET"]}}],"collection":[{"href":"https:\/\/www.studiainitalia.com\/fr\/wp-json\/wp\/v2\/product"}],"about":[{"href":"https:\/\/www.studiainitalia.com\/fr\/wp-json\/wp\/v2\/types\/product"}],"replies":[{"embeddable":true,"href":"https:\/\/www.studiainitalia.com\/fr\/wp-json\/wp\/v2\/comments?post=188740"}],"wp:featuredmedia":[{"embeddable":true,"href":"https:\/\/www.studiainitalia.com\/fr\/wp-json\/wp\/v2\/media\/118614"}],"wp:attachment":[{"href":"https:\/\/www.studiainitalia.com\/fr\/wp-json\/wp\/v2\/media?parent=188740"}],"wp:term":[{"taxonomy":"section","embeddable":true,"href":"https:\/\/www.studiainitalia.com\/fr\/wp-json\/wp\/v2\/section?post=188740"},{"taxonomy":"product_brand","embeddable":true,"href":"https:\/\/www.studiainitalia.com\/fr\/wp-json\/wp\/v2\/product_brand?post=188740"},{"taxonomy":"product_cat","embeddable":true,"href":"https:\/\/www.studiainitalia.com\/fr\/wp-json\/wp\/v2\/product_cat?post=188740"},{"taxonomy":"product_tag","embeddable":true,"href":"https:\/\/www.studiainitalia.com\/fr\/wp-json\/wp\/v2\/product_tag?post=188740"}],"curies":[{"name":"wp","href":"https:\/\/api.w.org\/{rel}","templated":true}]}}