{"id":188749,"date":"2016-11-12T18:25:47","date_gmt":"2016-11-12T17:25:47","guid":{"rendered":"https:\/\/www.studiainitalia.com\/courses\/non%20class\u00e9\/cours-de-restauration-de-meubles-dans-la-florence\/"},"modified":"2026-05-10T12:12:24","modified_gmt":"2026-05-10T10:12:24","slug":"cours-de-restauration-de-meubles-a-florence","status":"publish","type":"product","link":"https:\/\/www.studiainitalia.com\/fr\/cours\/etudier-a-letranger-a-florence\/cours-de-restauration-de-meubles-a-florence\/","title":{"rendered":"Cours de restauration de meubles \u00e0 Florence"},"content":{"rendered":"<h2>Cours de restauration de meubles<\/h2>\n<p>&nbsp;<\/p>\n<p>Notre atelier d\u2019artisanat appel\u00e9 \u00ab\u00a0<em>bottega<\/em>\u00a0\u00bb \u00e0 Florence se caract\u00e9rise par le soin et l\u2019attention avec lesquels les membres du personnel traitent chaque participant aux cours, en r\u00e9pondant \u00e0 leurs besoins et en essayant de satisfaire leurs attentes.<\/p>\n<p>Il y r\u00e8gne une ambiance joyeuse et d\u00e9tendue. L\u2019atelier est situ\u00e9 dans le centre historique de Florence.<\/p>\n<p><strong>Notre structure de cours flexible<\/strong><\/p>\n<ol>\n<li><strong>Choisissez vos horaires :<\/strong> Optez pour un programme de 24, 48 ou 72 heures.<\/li>\n<li><strong>D\u00e9finissez votre calendrier :<\/strong> R\u00e9partissez vos heures sur autant de semaines que vous le souhaitez.<\/li>\n<li><strong>Mettez-vous d&rsquo;accord avec votre formateur :<\/strong> Convenez ensemble d&rsquo;un planning personnalis\u00e9.<\/li>\n<\/ol>\n<ul>\n<li><em>Exemple : un cours de 24 heures peut \u00eatre suivi<\/em><\/li>\n<li><em>Exemple : un cours de 24 heures peut \u00eatre suivi en une seule semaine, \u00e0 raison de 2 heures par semaine pendant 12 semaines, ou de 6 heures par semaine pendant 4 semaines <\/em><\/li>\n<\/ul>\n<p>&nbsp;<\/p>\n<div class=\"one_half et_column_last\"><\/div>\n<div class=\"clear\"><\/div>\n<div class=\"one_half\">\n<div class=\"perfmatters-lazy-youtube\" data-src=\"https:\/\/www.youtube.com\/embed\/T3aumRbVSz0\" data-id=\"T3aumRbVSz0\" data-query=\"\">\n<div>\n<p><img decoding=\"async\" class=\"perfmatters-lazy entered pmloaded\" src=\"https:\/\/i.ytimg.com\/vi\/T3aumRbVSz0\/hqdefault.jpg\" alt=\"YouTube video\" width=\"480\" height=\"360\" data-pin-nopin=\"true\" data-src=\"https:\/\/i.ytimg.com\/vi\/T3aumRbVSz0\/hqdefault.jpg\" data-ll-status=\"loaded\" data- title=\"\"><\/p>\n<\/div>\n<div class=\"play\"><\/div>\n<\/div>\n<\/div>\n<div class=\"one_half et_column_last\"><\/div>\n<div class=\"clear\"><\/div>\n<div class=\"aiosrs-rating-wrap\" data-schema-id=\"90691\">\n<div class=\"aiosrs-star-rating-wrap \"><\/div>\n<div class=\"aiosrs-rating-summary-wrap\"><span class=\"aiosrs-rating\">\n<table id=\"tablepress-711\" class=\"tablepress tablepress-id-711 tbody-has-connected-cells\">\n<thead>\n<tr class=\"row-1\">\n\t<th colspan=\"6\" class=\"column-1\">Dates  de d\u00e9but 2026<\/th>\n<\/tr>\n<\/thead>\n<tbody class=\"row-striping row-hover\">\n<tr class=\"row-2\">\n\t<td class=\"column-1\">Janvier<\/td><td class=\"column-2\">5, 19<\/td><td class=\"column-3\">Mai<\/td><td class=\"column-4\">11, 25<\/td><td class=\"column-5\">Septembre<\/td><td class=\"column-6\">14, 28<\/td>\n<\/tr>\n<tr class=\"row-3\">\n\t<td class=\"column-1\">F\u00e9vrier<\/td><td class=\"column-2\">2, 16<\/td><td class=\"column-3\">Juin<\/td><td class=\"column-4\">8, 22<\/td><td class=\"column-5\">Octobre<\/td><td class=\"column-6\">12, 26<\/td>\n<\/tr>\n<tr class=\"row-4\">\n\t<td class=\"column-1\">Mars<\/td><td class=\"column-2\">2, 16, 30<\/td><td class=\"column-3\">Juillet<\/td><td class=\"column-4\">6, 20<\/td><td class=\"column-5\">Novembre<\/td><td class=\"column-6\"> 9, 23<\/td>\n<\/tr>\n<tr class=\"row-5\">\n\t<td class=\"column-1\">Avril<\/td><td class=\"column-2\">13, 27<\/td><td class=\"column-3\">Ao\u00fbt<\/td><td class=\"column-4\">3, 17, 31<\/td><td class=\"column-5\">Decembre<\/td><td class=\"column-6\"> 7<\/td>\n<\/tr>\n<tr class=\"row-6\">\n\t<td colspan=\"6\" class=\"column-1\">L'\u00e9cole sera ferm\u00e9e les jours f\u00e9ri\u00e9s suivants: Epiphanie (06\/01), Lundi de P\u00e2ques, Jour de la Lib\u00e9ration de l'Italie (25\/04), F\u00eate des Travailleurs (01\/05), F\u00eate de la R\u00e9publique (02\/06), 24\/06, Ferragosto (15 \/ 08), Tous les Saints (01\/11), Immacul\u00e9e Conception (8\/12), vacances de No\u00ebl et nouvel an.<\/td>\n<\/tr>\n<\/tbody>\n<\/table>\n<!-- #tablepress-711 from cache --><\/span><\/div>\n<\/div>\n","protected":false},"excerpt":{"rendered":"<p>Notre atelier propose des cours de restauration d\u2019une, deux ou plusieurs semaines. Vous pouvez r\u00e9server un cours de 24, 48, 72 ou 96 heures et r\u00e9partir vos heures sur le nombre de semaines de votre choix.<\/p>\n<p>Le programme comprend:<\/p>\n<p>\u2022 les aspects de la connaissance et du soin des outils de travail, des types de bois, des diff\u00e9rents bois (pour la reconstruction des parties manquantes)<\/p>\n<p>\u2022 les colles organiques et des techniques de collage<\/p>\n<p>\u2022 la construction des parties manquantes et de la consolidation du meuble<\/p>\n<p>\u2022 mat\u00e9riaux et des techniques de polissage et de vernissage<\/p>\n<p>\u2022 la restauration compl\u00e8te d\u2019un objet en bois.<\/p>\n<p>Les cours sont tr\u00e8s individualis\u00e9s et se d\u00e9roulent en italien. Comme les le\u00e7ons sont personnalis\u00e9es, le programme peut \u00eatre adapt\u00e9 \u00e0 vos propres besoins.<\/p>\n","protected":false},"featured_media":118836,"comment_status":"open","ping_status":"closed","template":"","meta":{"_acf_changed":false,"_uag_custom_page_level_css":"","_kad_blocks_custom_css":"","_kad_blocks_head_custom_js":"","_kad_blocks_body_custom_js":"","_kad_blocks_footer_custom_js":"","site-sidebar-layout":"default","site-content-layout":"default","ast-site-content-layout":"default","site-content-style":"default","site-sidebar-style":"default","ast-global-header-display":"","ast-banner-title-visibility":"","ast-main-header-display":"","ast-hfb-above-header-display":"","ast-hfb-below-header-display":"","ast-hfb-mobile-header-display":"","site-post-title":"","ast-breadcrumbs-content":"","ast-featured-img":"","footer-sml-layout":"","ast-disable-related-posts":"","theme-transparent-header-meta":"default","adv-header-id-meta":"","stick-header-meta":"default","header-above-stick-meta":"","header-main-stick-meta":"","header-below-stick-meta":"","astra-migrate-meta-layouts":"set","ast-page-background-enabled":"default","ast-page-background-meta":{"desktop":{"background-color":"var(--ast-global-color-4)","background-image":"","background-repeat":"repeat","background-position":"center center","background-size":"auto","background-attachment":"scroll","background-type":"","background-media":"","overlay-type":"","overlay-color":"","overlay-opacity":"","overlay-gradient":""},"tablet":{"background-color":"","background-image":"","background-repeat":"repeat","background-position":"center center","background-size":"auto","background-attachment":"scroll","background-type":"","background-media":"","overlay-type":"","overlay-color":"","overlay-opacity":"","overlay-gradient":""},"mobile":{"background-color":"","background-image":"","background-repeat":"repeat","background-position":"center center","background-size":"auto","background-attachment":"scroll","background-type":"","background-media":"","overlay-type":"","overlay-color":"","overlay-opacity":"","overlay-gradient":""}},"ast-content-background-meta":{"desktop":{"background-color":"var(--ast-global-color-5)","background-image":"","background-repeat":"repeat","background-position":"center center","background-size":"auto","background-attachment":"scroll","background-type":"","background-media":"","overlay-type":"","overlay-color":"","overlay-opacity":"","overlay-gradient":""},"tablet":{"background-color":"var(--ast-global-color-5)","background-image":"","background-repeat":"repeat","background-position":"center center","background-size":"auto","background-attachment":"scroll","background-type":"","background-media":"","overlay-type":"","overlay-color":"","overlay-opacity":"","overlay-gradient":""},"mobile":{"background-color":"var(--ast-global-color-5)","background-image":"","background-repeat":"repeat","background-position":"center center","background-size":"auto","background-attachment":"scroll","background-type":"","background-media":"","overlay-type":"","overlay-color":"","overlay-opacity":"","overlay-gradient":""}}},"section":[],"product_brand":[],"product_cat":[1345,1276],"product_tag":[1886],"class_list":{"0":"post-188749","1":"product","2":"type-product","3":"status-publish","4":"has-post-thumbnail","6":"product_cat-cours-de-restauration-dart","7":"product_cat-etudier-a-letranger-a-florence","8":"product_tag-etranger-a-florence","9":"desktop-align-left","10":"tablet-align-left","11":"mobile-align-left","12":"ast-product-gallery-layout-horizontal-slider","13":"ast-product-gallery-with-no-image","14":"ast-product-single-variable","15":"ast-product-tabs-layout-horizontal","16":"ast-qv-on-image-click","18":"first","19":"instock","20":"sold-individually","21":"shipping-taxable","22":"purchasable","23":"product-type-variable"},"acf":[],"taxonomy_info":{"product_cat":[{"value":1345,"label":"Cours de restauration d'art"},{"value":1276,"label":"Cursos en Florencia"}],"product_tag":[{"value":1886,"label":"\u00e9tranger \u00e0 Florence"}]},"featured_image_src_large":["https:\/\/www.studiainitalia.com\/wp-content\/uploads\/2016\/11\/furniture_restoration_course_in_Florence-e1490028759289.jpg",350,351,false],"author_info":[],"comment_info":2,"uagb_featured_image_src":{"full":["https:\/\/www.studiainitalia.com\/wp-content\/uploads\/2016\/11\/furniture_restoration_course_in_Florence-e1490028759289.jpg",350,351,false],"thumbnail":["https:\/\/www.studiainitalia.com\/wp-content\/uploads\/2016\/11\/furniture_restoration_course_in_Florence-150x150.jpg",96,96,true],"medium":["https:\/\/www.studiainitalia.com\/wp-content\/uploads\/2016\/11\/furniture_restoration_course_in_Florence-300x300.jpg",300,300,true],"medium_large":["https:\/\/www.studiainitalia.com\/wp-content\/uploads\/2016\/11\/furniture_restoration_course_in_Florence-e1490028759289.jpg",350,351,false],"large":["https:\/\/www.studiainitalia.com\/wp-content\/uploads\/2016\/11\/furniture_restoration_course_in_Florence-e1490028759289.jpg",350,351,false],"1536x1536":["https:\/\/www.studiainitalia.com\/wp-content\/uploads\/2016\/11\/furniture_restoration_course_in_Florence-e1490028759289.jpg",350,351,false],"2048x2048":["https:\/\/www.studiainitalia.com\/wp-content\/uploads\/2016\/11\/furniture_restoration_course_in_Florence-e1490028759289.jpg",350,351,false],"ultp_layout_landscape_large":["https:\/\/www.studiainitalia.com\/wp-content\/uploads\/2016\/11\/furniture_restoration_course_in_Florence-e1490028759289.jpg",350,351,false],"ultp_layout_landscape":["https:\/\/www.studiainitalia.com\/wp-content\/uploads\/2016\/11\/furniture_restoration_course_in_Florence-e1490028759289.jpg",350,351,false],"ultp_layout_portrait":["https:\/\/www.studiainitalia.com\/wp-content\/uploads\/2016\/11\/furniture_restoration_course_in_Florence-e1490028759289.jpg",350,351,false],"ultp_layout_square":["https:\/\/www.studiainitalia.com\/wp-content\/uploads\/2016\/11\/furniture_restoration_course_in_Florence-e1490028759289.jpg",350,351,false],"gform-image-choice-sm":["https:\/\/www.studiainitalia.com\/wp-content\/uploads\/2016\/11\/furniture_restoration_course_in_Florence-e1490028759289.jpg",300,300,false],"gform-image-choice-md":["https:\/\/www.studiainitalia.com\/wp-content\/uploads\/2016\/11\/furniture_restoration_course_in_Florence-e1490028759289.jpg",350,351,false],"gform-image-choice-lg":["https:\/\/www.studiainitalia.com\/wp-content\/uploads\/2016\/11\/furniture_restoration_course_in_Florence-e1490028759289.jpg",350,351,false],"woocommerce_thumbnail":["https:\/\/www.studiainitalia.com\/wp-content\/uploads\/2016\/11\/furniture_restoration_course_in_Florence-e1490028759289-300x300.jpg",300,300,true],"woocommerce_single":["https:\/\/www.studiainitalia.com\/wp-content\/uploads\/2016\/11\/furniture_restoration_course_in_Florence-e1490028759289.jpg",350,351,false],"woocommerce_gallery_thumbnail":["https:\/\/www.studiainitalia.com\/wp-content\/uploads\/2016\/11\/furniture_restoration_course_in_Florence-e1490028759289-100x100.jpg",100,100,true],"yarpp-thumbnail":["https:\/\/www.studiainitalia.com\/wp-content\/uploads\/2016\/11\/furniture_restoration_course_in_Florence-e1490028759289.jpg",120,120,false]},"uagb_author_info":{"display_name":"Javier Diaz","author_link":"https:\/\/www.studiainitalia.com\/fr\/author\/"},"uagb_comment_info":2,"uagb_excerpt":"Notre atelier propose des cours de restauration d\u2019une, deux ou plusieurs semaines. Vous pouvez r\u00e9server un cours de 24, 48, 72 ou 96 heures et r\u00e9partir vos heures sur le nombre de semaines de votre choix. Le programme comprend: \u2022 les aspects de la connaissance et du soin des outils de travail, des types de\u2026","_links":{"self":[{"href":"https:\/\/www.studiainitalia.com\/fr\/wp-json\/wp\/v2\/product\/188749","targetHints":{"allow":["GET"]}}],"collection":[{"href":"https:\/\/www.studiainitalia.com\/fr\/wp-json\/wp\/v2\/product"}],"about":[{"href":"https:\/\/www.studiainitalia.com\/fr\/wp-json\/wp\/v2\/types\/product"}],"replies":[{"embeddable":true,"href":"https:\/\/www.studiainitalia.com\/fr\/wp-json\/wp\/v2\/comments?post=188749"}],"wp:featuredmedia":[{"embeddable":true,"href":"https:\/\/www.studiainitalia.com\/fr\/wp-json\/wp\/v2\/media\/118836"}],"wp:attachment":[{"href":"https:\/\/www.studiainitalia.com\/fr\/wp-json\/wp\/v2\/media?parent=188749"}],"wp:term":[{"taxonomy":"section","embeddable":true,"href":"https:\/\/www.studiainitalia.com\/fr\/wp-json\/wp\/v2\/section?post=188749"},{"taxonomy":"product_brand","embeddable":true,"href":"https:\/\/www.studiainitalia.com\/fr\/wp-json\/wp\/v2\/product_brand?post=188749"},{"taxonomy":"product_cat","embeddable":true,"href":"https:\/\/www.studiainitalia.com\/fr\/wp-json\/wp\/v2\/product_cat?post=188749"},{"taxonomy":"product_tag","embeddable":true,"href":"https:\/\/www.studiainitalia.com\/fr\/wp-json\/wp\/v2\/product_tag?post=188749"}],"curies":[{"name":"wp","href":"https:\/\/api.w.org\/{rel}","templated":true}]}}