{"id":188768,"date":"2016-11-12T12:48:27","date_gmt":"2016-11-12T11:48:27","guid":{"rendered":"https:\/\/www.studiainitalia.com\/courses\/non%20class\u00e9\/cours-de-dessin-a-main-levee-a-florence\/"},"modified":"2025-12-19T20:37:21","modified_gmt":"2025-12-19T19:37:21","slug":"cours-de-dessin-a-florence","status":"publish","type":"product","link":"https:\/\/www.studiainitalia.com\/fr\/cours\/etudier-a-letranger-a-florence\/cours-de-dessin-a-florence\/","title":{"rendered":"Cours de dessin \u00e0 Florence"},"content":{"rendered":"<h2><strong>Cours de dessin \u00e0 main libre \u00e0 Florence<\/strong><\/h2>\n<p>&nbsp;<\/p>\n<p>Notre cours de dessin \u00e0 main libre \u00e0 Florence a lieu dans l\u2019atelier du peintre. L\u2019atelier est situ\u00e9 au c\u0153ur de Florence.<\/p>\n<p>Les cours sont ouverts \u00e0 tous les niveaux, du d\u00e9butant au confirm\u00e9.\u00a0 Vous utiliserez des crayons graphite ou de couleur, un stylo, des pinceaux fins \u00e0 l\u2019encre, des crayons de couleur, des crayons de charbon de bois.<\/p>\n<p>&nbsp;<\/p>\n<p>Vous dessinerez sur papier, panneau d\u2019affichage, tableau, mur, toile, cuivre, verre.<\/p>\n<p>&nbsp;<\/p>\n\n<table id=\"tablepress-711\" class=\"tablepress tablepress-id-711 tbody-has-connected-cells\">\n<thead>\n<tr class=\"row-1\">\n\t<th colspan=\"6\" class=\"column-1\">Dates  de d\u00e9but 2026<\/th>\n<\/tr>\n<\/thead>\n<tbody class=\"row-striping row-hover\">\n<tr class=\"row-2\">\n\t<td class=\"column-1\">Janvier<\/td><td class=\"column-2\">5, 19<\/td><td class=\"column-3\">Mai<\/td><td class=\"column-4\">11, 25<\/td><td class=\"column-5\">Septembre<\/td><td class=\"column-6\">14, 28<\/td>\n<\/tr>\n<tr class=\"row-3\">\n\t<td class=\"column-1\">F\u00e9vrier<\/td><td class=\"column-2\">2, 16<\/td><td class=\"column-3\">Juin<\/td><td class=\"column-4\">8, 22<\/td><td class=\"column-5\">Octobre<\/td><td class=\"column-6\">12, 26<\/td>\n<\/tr>\n<tr class=\"row-4\">\n\t<td class=\"column-1\">Mars<\/td><td class=\"column-2\">2, 16, 30<\/td><td class=\"column-3\">Juillet<\/td><td class=\"column-4\">6, 20<\/td><td class=\"column-5\">Novembre<\/td><td class=\"column-6\"> 9, 23<\/td>\n<\/tr>\n<tr class=\"row-5\">\n\t<td class=\"column-1\">Avril<\/td><td class=\"column-2\">13, 27<\/td><td class=\"column-3\">Ao\u00fbt<\/td><td class=\"column-4\">3, 17, 31<\/td><td class=\"column-5\">Decembre<\/td><td class=\"column-6\"> 7<\/td>\n<\/tr>\n<tr class=\"row-6\">\n\t<td colspan=\"6\" class=\"column-1\">L'\u00e9cole sera ferm\u00e9e les jours f\u00e9ri\u00e9s suivants: Epiphanie (06\/01), Lundi de P\u00e2ques, Jour de la Lib\u00e9ration de l'Italie (25\/04), F\u00eate des Travailleurs (01\/05), F\u00eate de la R\u00e9publique (02\/06), 24\/06, Ferragosto (15 \/ 08), Tous les Saints (01\/11), Immacul\u00e9e Conception (8\/12), vacances de No\u00ebl et nouvel an.<\/td>\n<\/tr>\n<\/tbody>\n<\/table>\n<!-- #tablepress-711 from cache -->\n<p>&nbsp;<\/p>\n","protected":false},"excerpt":{"rendered":"<h2>Envisagez-vous de passer des vacances artistiques en Italie?<\/h2>\n<p>&nbsp;<\/p>\n<p><strong>Peu importe si vous n\u2019avez aucune connaissance pr\u00e9alable, le cours de dessin \u00e0 main lev\u00e9e est ouvert \u00e0 tous les niveaux!<\/strong><\/p>\n<p>Notre atelier propose des cours de dessin \u00e0 main lev\u00e9e d\u2019une, deux ou plusieurs semaines. Vous pouvez r\u00e9server un cours de 24, 48, 72 ou 96 heures et\u00a0 les distribuer dans les semaines comme vous le souhaitez.<\/p>\n<p>Ce cours est individuel et dispens\u00e9 en italien. \u00c9tant donn\u00e9 que les le\u00e7ons sont individuelles, le programme peut \u00eatre adapt\u00e9 \u00e0 vos propres besoins.<\/p>\n<p>Le programme comprend:<\/p>\n<p>\u2022 aspects d\u2019acquisition de comp\u00e9tences manuelles<\/p>\n<p>\u2022 ex\u00e9cution d\u2019une copie (de ma\u00eetres de diff\u00e9rentes p\u00e9riodes) d\u2019un d\u00e9tail du visage en utilisant la technique du quadrillage et en employant le crayon, la craie rouge, le s\u00e9pia et le fusain<\/p>\n<p>\u2022 utilisation de la technique du clair-obscur pour souligner le volume<\/p>\n<p>\u2022 ex\u00e9cution d\u2019une copie sans quadrillage, en utilisant uniquement les coordonn\u00e9es m\u00e9dianes et diagonales pour diviser la composition<\/p>\n<p>\u2022 imitation de paysages de vieux ma\u00eetres, sur papier de petit format \u00e0 l\u2019aide d\u2019un stylo et d\u2019encre, d\u2019un stylo \u00e0 bille et d\u2019un feutre<\/p>\n<p>\u2022 dessin d\u2019apr\u00e8s nature, hachure en clair-obscur \u00e0 l\u2019aide de la technique des 45\u00b0 ou de la pointe du crayon<\/p>\n<p>\u2022 agrandissement par quadrillage<\/p>\n<p>\u2022 \u00e9tude de la composition, nature morte et draperie<\/p>\n<p>\u2022 pratique du dessin au trait (dessin au fusain, dessin chronologique et dessin de m\u00e9moire)<\/p>\n","protected":false},"featured_media":118671,"comment_status":"open","ping_status":"closed","template":"","meta":{"_acf_changed":false,"_uag_custom_page_level_css":"","_kad_blocks_custom_css":"","_kad_blocks_head_custom_js":"","_kad_blocks_body_custom_js":"","_kad_blocks_footer_custom_js":"","site-sidebar-layout":"default","site-content-layout":"default","ast-site-content-layout":"default","site-content-style":"default","site-sidebar-style":"default","ast-global-header-display":"","ast-banner-title-visibility":"","ast-main-header-display":"","ast-hfb-above-header-display":"","ast-hfb-below-header-display":"","ast-hfb-mobile-header-display":"","site-post-title":"","ast-breadcrumbs-content":"","ast-featured-img":"","footer-sml-layout":"","ast-disable-related-posts":"","theme-transparent-header-meta":"default","adv-header-id-meta":"","stick-header-meta":"default","header-above-stick-meta":"","header-main-stick-meta":"","header-below-stick-meta":"","astra-migrate-meta-layouts":"set","ast-page-background-enabled":"default","ast-page-background-meta":{"desktop":{"background-color":"var(--ast-global-color-4)","background-image":"","background-repeat":"repeat","background-position":"center center","background-size":"auto","background-attachment":"scroll","background-type":"","background-media":"","overlay-type":"","overlay-color":"","overlay-opacity":"","overlay-gradient":""},"tablet":{"background-color":"","background-image":"","background-repeat":"repeat","background-position":"center center","background-size":"auto","background-attachment":"scroll","background-type":"","background-media":"","overlay-type":"","overlay-color":"","overlay-opacity":"","overlay-gradient":""},"mobile":{"background-color":"","background-image":"","background-repeat":"repeat","background-position":"center center","background-size":"auto","background-attachment":"scroll","background-type":"","background-media":"","overlay-type":"","overlay-color":"","overlay-opacity":"","overlay-gradient":""}},"ast-content-background-meta":{"desktop":{"background-color":"var(--ast-global-color-5)","background-image":"","background-repeat":"repeat","background-position":"center center","background-size":"auto","background-attachment":"scroll","background-type":"","background-media":"","overlay-type":"","overlay-color":"","overlay-opacity":"","overlay-gradient":""},"tablet":{"background-color":"var(--ast-global-color-5)","background-image":"","background-repeat":"repeat","background-position":"center center","background-size":"auto","background-attachment":"scroll","background-type":"","background-media":"","overlay-type":"","overlay-color":"","overlay-opacity":"","overlay-gradient":""},"mobile":{"background-color":"var(--ast-global-color-5)","background-image":"","background-repeat":"repeat","background-position":"center center","background-size":"auto","background-attachment":"scroll","background-type":"","background-media":"","overlay-type":"","overlay-color":"","overlay-opacity":"","overlay-gradient":""}}},"section":[],"product_brand":[],"product_cat":[1276,1329],"product_tag":[1886],"class_list":{"0":"post-188768","1":"product","2":"type-product","3":"status-publish","4":"has-post-thumbnail","6":"product_cat-etudier-a-letranger-a-florence","7":"product_cat-ecoles-dart-en-italie","8":"product_tag-etranger-a-florence","9":"desktop-align-left","10":"tablet-align-left","11":"mobile-align-left","12":"ast-product-gallery-layout-horizontal-slider","13":"ast-product-single-variable","14":"ast-product-tabs-layout-horizontal","15":"ast-qv-on-image-click","17":"first","18":"instock","19":"sold-individually","20":"shipping-taxable","21":"purchasable","22":"product-type-variable"},"acf":[],"taxonomy_info":{"product_cat":[{"value":1276,"label":"Cursos en Florencia"},{"value":1329,"label":"\u00c9coles d'art en Italie"}],"product_tag":[{"value":1886,"label":"\u00e9tranger \u00e0 Florence"}]},"featured_image_src_large":["https:\/\/www.studiainitalia.com\/wp-content\/uploads\/2016\/11\/drawing-florence.jpg",432,433,false],"author_info":[],"comment_info":4,"uagb_featured_image_src":{"full":["https:\/\/www.studiainitalia.com\/wp-content\/uploads\/2016\/11\/drawing-florence.jpg",432,433,false],"thumbnail":["https:\/\/www.studiainitalia.com\/wp-content\/uploads\/2016\/11\/drawing-florence-150x150.jpg",96,96,true],"medium":["https:\/\/www.studiainitalia.com\/wp-content\/uploads\/2016\/11\/drawing-florence-300x300.jpg",300,300,true],"medium_large":["https:\/\/www.studiainitalia.com\/wp-content\/uploads\/2016\/11\/drawing-florence.jpg",432,433,false],"large":["https:\/\/www.studiainitalia.com\/wp-content\/uploads\/2016\/11\/drawing-florence.jpg",432,433,false],"1536x1536":["https:\/\/www.studiainitalia.com\/wp-content\/uploads\/2016\/11\/drawing-florence.jpg",432,433,false],"2048x2048":["https:\/\/www.studiainitalia.com\/wp-content\/uploads\/2016\/11\/drawing-florence.jpg",432,433,false],"ultp_layout_landscape_large":["https:\/\/www.studiainitalia.com\/wp-content\/uploads\/2016\/11\/drawing-florence.jpg",432,433,false],"ultp_layout_landscape":["https:\/\/www.studiainitalia.com\/wp-content\/uploads\/2016\/11\/drawing-florence.jpg",432,433,false],"ultp_layout_portrait":["https:\/\/www.studiainitalia.com\/wp-content\/uploads\/2016\/11\/drawing-florence.jpg",432,433,false],"ultp_layout_square":["https:\/\/www.studiainitalia.com\/wp-content\/uploads\/2016\/11\/drawing-florence.jpg",432,433,false],"gform-image-choice-sm":["https:\/\/www.studiainitalia.com\/wp-content\/uploads\/2016\/11\/drawing-florence.jpg",300,300,false],"gform-image-choice-md":["https:\/\/www.studiainitalia.com\/wp-content\/uploads\/2016\/11\/drawing-florence.jpg",400,400,false],"gform-image-choice-lg":["https:\/\/www.studiainitalia.com\/wp-content\/uploads\/2016\/11\/drawing-florence.jpg",432,433,false],"woocommerce_thumbnail":["https:\/\/www.studiainitalia.com\/wp-content\/uploads\/2016\/11\/drawing-florence-300x300.jpg",300,300,true],"woocommerce_single":["https:\/\/www.studiainitalia.com\/wp-content\/uploads\/2016\/11\/drawing-florence-400x401.jpg",400,401,true],"woocommerce_gallery_thumbnail":["https:\/\/www.studiainitalia.com\/wp-content\/uploads\/2016\/11\/drawing-florence-100x100.jpg",100,100,true],"yarpp-thumbnail":["https:\/\/www.studiainitalia.com\/wp-content\/uploads\/2016\/11\/drawing-florence.jpg",120,120,false]},"uagb_author_info":{"display_name":"Javier Diaz","author_link":"https:\/\/www.studiainitalia.com\/fr\/author\/"},"uagb_comment_info":4,"uagb_excerpt":"Envisagez-vous de passer des vacances artistiques en Italie? &nbsp; Peu importe si vous n\u2019avez aucune connaissance pr\u00e9alable, le cours de dessin \u00e0 main lev\u00e9e est ouvert \u00e0 tous les niveaux! Notre atelier propose des cours de dessin \u00e0 main lev\u00e9e d\u2019une, deux ou plusieurs semaines. Vous pouvez r\u00e9server un cours de 24, 48, 72 ou\u2026","_links":{"self":[{"href":"https:\/\/www.studiainitalia.com\/fr\/wp-json\/wp\/v2\/product\/188768","targetHints":{"allow":["GET"]}}],"collection":[{"href":"https:\/\/www.studiainitalia.com\/fr\/wp-json\/wp\/v2\/product"}],"about":[{"href":"https:\/\/www.studiainitalia.com\/fr\/wp-json\/wp\/v2\/types\/product"}],"replies":[{"embeddable":true,"href":"https:\/\/www.studiainitalia.com\/fr\/wp-json\/wp\/v2\/comments?post=188768"}],"wp:featuredmedia":[{"embeddable":true,"href":"https:\/\/www.studiainitalia.com\/fr\/wp-json\/wp\/v2\/media\/118671"}],"wp:attachment":[{"href":"https:\/\/www.studiainitalia.com\/fr\/wp-json\/wp\/v2\/media?parent=188768"}],"wp:term":[{"taxonomy":"section","embeddable":true,"href":"https:\/\/www.studiainitalia.com\/fr\/wp-json\/wp\/v2\/section?post=188768"},{"taxonomy":"product_brand","embeddable":true,"href":"https:\/\/www.studiainitalia.com\/fr\/wp-json\/wp\/v2\/product_brand?post=188768"},{"taxonomy":"product_cat","embeddable":true,"href":"https:\/\/www.studiainitalia.com\/fr\/wp-json\/wp\/v2\/product_cat?post=188768"},{"taxonomy":"product_tag","embeddable":true,"href":"https:\/\/www.studiainitalia.com\/fr\/wp-json\/wp\/v2\/product_tag?post=188768"}],"curies":[{"name":"wp","href":"https:\/\/api.w.org\/{rel}","templated":true}]}}