{"id":188802,"date":"2016-11-12T16:53:16","date_gmt":"2016-11-12T15:53:16","guid":{"rendered":"https:\/\/www.studiainitalia.com\/courses\/non%20class\u00e9\/cours-de-papier-marbre-a-florence\/"},"modified":"2025-12-19T20:25:25","modified_gmt":"2025-12-19T19:25:25","slug":"cours-de-papier-marbre-a-florence","status":"publish","type":"product","link":"https:\/\/www.studiainitalia.com\/fr\/cours\/etudier-a-letranger-a-florence\/cours-de-papier-marbre-a-florence\/","title":{"rendered":"Cours de papier marbr\u00e9 \u00e0 Florence"},"content":{"rendered":"<h2>Cours de papier marbr\u00e9<\/h2>\n<p>&nbsp;<\/p>\n<p>Notre atelier d\u2019artisanat propose ce cours de papier marbr\u00e9.\u00a0 L\u2019atelier est situ\u00e9 dans le centre historique de Florence.\u00a0L\u2019Italie est mondialement connue pour cette technique, en particulier \u00e0 Florence, o\u00f9 les relieurs continuent \u00e0 fabriquer du papier marbr\u00e9 selon des techniques anciennes.<\/p>\n<p>&nbsp;<\/p>\n<p>Le cours est ouvert \u00e0 tous les niveaux et \u00e0 tous les \u00e2ges, et il est particuli\u00e8rement recommand\u00e9 aux enfants.<\/p>\n<p>&nbsp;<\/p>\n\n<table id=\"tablepress-711\" class=\"tablepress tablepress-id-711 tbody-has-connected-cells\">\n<thead>\n<tr class=\"row-1\">\n\t<th colspan=\"6\" class=\"column-1\">Dates  de d\u00e9but 2026<\/th>\n<\/tr>\n<\/thead>\n<tbody class=\"row-striping row-hover\">\n<tr class=\"row-2\">\n\t<td class=\"column-1\">Janvier<\/td><td class=\"column-2\">5, 19<\/td><td class=\"column-3\">Mai<\/td><td class=\"column-4\">11, 25<\/td><td class=\"column-5\">Septembre<\/td><td class=\"column-6\">14, 28<\/td>\n<\/tr>\n<tr class=\"row-3\">\n\t<td class=\"column-1\">F\u00e9vrier<\/td><td class=\"column-2\">2, 16<\/td><td class=\"column-3\">Juin<\/td><td class=\"column-4\">8, 22<\/td><td class=\"column-5\">Octobre<\/td><td class=\"column-6\">12, 26<\/td>\n<\/tr>\n<tr class=\"row-4\">\n\t<td class=\"column-1\">Mars<\/td><td class=\"column-2\">2, 16, 30<\/td><td class=\"column-3\">Juillet<\/td><td class=\"column-4\">6, 20<\/td><td class=\"column-5\">Novembre<\/td><td class=\"column-6\"> 9, 23<\/td>\n<\/tr>\n<tr class=\"row-5\">\n\t<td class=\"column-1\">Avril<\/td><td class=\"column-2\">13, 27<\/td><td class=\"column-3\">Ao\u00fbt<\/td><td class=\"column-4\">3, 17, 31<\/td><td class=\"column-5\">Decembre<\/td><td class=\"column-6\"> 7<\/td>\n<\/tr>\n<tr class=\"row-6\">\n\t<td colspan=\"6\" class=\"column-1\">L'\u00e9cole sera ferm\u00e9e les jours f\u00e9ri\u00e9s suivants: Epiphanie (06\/01), Lundi de P\u00e2ques, Jour de la Lib\u00e9ration de l'Italie (25\/04), F\u00eate des Travailleurs (01\/05), F\u00eate de la R\u00e9publique (02\/06), 24\/06, Ferragosto (15 \/ 08), Tous les Saints (01\/11), Immacul\u00e9e Conception (8\/12), vacances de No\u00ebl et nouvel an.<\/td>\n<\/tr>\n<\/tbody>\n<\/table>\n<!-- #tablepress-711 from cache -->\n<p>&nbsp;<\/p>\n<h3><\/h3>\n","protected":false},"excerpt":{"rendered":"<p>Notre atelier propose des cours de papier marbr\u00e9 florentin d\u2019une, deux ou plusieurs semaines. Vous pouvez r\u00e9server un cours de 24, 48, 72 ou 96 heures et r\u00e9partir vos heures sur le nombre de semaines de votre choix.<\/p>\n<p>Le programme comprend:<\/p>\n<p>\u2022\u00a0 les aspects de la d\u00e9coration du papier avec de la couleur acrylique dans un bain de colle v\u00e9g\u00e9tale<\/p>\n<p>\u2022 les techniques de d\u00e9coration avec des peignes sp\u00e9ciaux<\/p>\n<p>\u2022 la pr\u00e9paration des couleurs<\/p>\n<p>\u2022 les m\u00e9thodes de pulv\u00e9risation de la couleur sur la surface de la colle<\/p>\n<p>\u2022 la cr\u00e9ation de la feuille d\u00e9cor\u00e9e<\/p>\n<p>\u2022 l\u2019utilisation des feuilles pour d\u00e9corer des objets comme des albums, des bo\u00eetes, des crayons, des porte-plume, des porte-lettres et des cartes.<\/p>\n<p>Ce cours est individuel et se d\u00e9roule en italien.<\/p>\n","protected":false},"featured_media":121239,"comment_status":"open","ping_status":"closed","template":"","meta":{"_acf_changed":false,"_uag_custom_page_level_css":"","_kad_blocks_custom_css":"","_kad_blocks_head_custom_js":"","_kad_blocks_body_custom_js":"","_kad_blocks_footer_custom_js":"","site-sidebar-layout":"default","site-content-layout":"default","ast-site-content-layout":"default","site-content-style":"default","site-sidebar-style":"default","ast-global-header-display":"","ast-banner-title-visibility":"","ast-main-header-display":"","ast-hfb-above-header-display":"","ast-hfb-below-header-display":"","ast-hfb-mobile-header-display":"","site-post-title":"","ast-breadcrumbs-content":"","ast-featured-img":"","footer-sml-layout":"","ast-disable-related-posts":"","theme-transparent-header-meta":"default","adv-header-id-meta":"","stick-header-meta":"default","header-above-stick-meta":"","header-main-stick-meta":"","header-below-stick-meta":"","astra-migrate-meta-layouts":"set","ast-page-background-enabled":"default","ast-page-background-meta":{"desktop":{"background-color":"var(--ast-global-color-4)","background-image":"","background-repeat":"repeat","background-position":"center center","background-size":"auto","background-attachment":"scroll","background-type":"","background-media":"","overlay-type":"","overlay-color":"","overlay-opacity":"","overlay-gradient":""},"tablet":{"background-color":"","background-image":"","background-repeat":"repeat","background-position":"center center","background-size":"auto","background-attachment":"scroll","background-type":"","background-media":"","overlay-type":"","overlay-color":"","overlay-opacity":"","overlay-gradient":""},"mobile":{"background-color":"","background-image":"","background-repeat":"repeat","background-position":"center center","background-size":"auto","background-attachment":"scroll","background-type":"","background-media":"","overlay-type":"","overlay-color":"","overlay-opacity":"","overlay-gradient":""}},"ast-content-background-meta":{"desktop":{"background-color":"var(--ast-global-color-5)","background-image":"","background-repeat":"repeat","background-position":"center center","background-size":"auto","background-attachment":"scroll","background-type":"","background-media":"","overlay-type":"","overlay-color":"","overlay-opacity":"","overlay-gradient":""},"tablet":{"background-color":"var(--ast-global-color-5)","background-image":"","background-repeat":"repeat","background-position":"center center","background-size":"auto","background-attachment":"scroll","background-type":"","background-media":"","overlay-type":"","overlay-color":"","overlay-opacity":"","overlay-gradient":""},"mobile":{"background-color":"var(--ast-global-color-5)","background-image":"","background-repeat":"repeat","background-position":"center center","background-size":"auto","background-attachment":"scroll","background-type":"","background-media":"","overlay-type":"","overlay-color":"","overlay-opacity":"","overlay-gradient":""}}},"section":[],"product_brand":[],"product_cat":[1339,1276],"product_tag":[],"class_list":{"0":"post-188802","1":"product","2":"type-product","3":"status-publish","4":"has-post-thumbnail","6":"product_cat-cours-dartisanat","7":"product_cat-etudier-a-letranger-a-florence","8":"desktop-align-left","9":"tablet-align-left","10":"mobile-align-left","11":"ast-product-gallery-layout-horizontal-slider","12":"ast-product-single-variable","13":"ast-product-tabs-layout-horizontal","14":"ast-qv-on-image-click","16":"first","17":"instock","18":"sold-individually","19":"shipping-taxable","20":"purchasable","21":"product-type-variable"},"acf":[],"taxonomy_info":{"product_cat":[{"value":1339,"label":"Cours d'artisanat"},{"value":1276,"label":"Cursos en Florencia"}]},"featured_image_src_large":["https:\/\/www.studiainitalia.com\/wp-content\/uploads\/2016\/11\/marbled-paper.jpeg",384,384,false],"author_info":[],"comment_info":1,"uagb_featured_image_src":{"full":["https:\/\/www.studiainitalia.com\/wp-content\/uploads\/2016\/11\/marbled-paper.jpeg",384,384,false],"thumbnail":["https:\/\/www.studiainitalia.com\/wp-content\/uploads\/2016\/11\/marbled-paper-150x150.jpeg",96,96,true],"medium":["https:\/\/www.studiainitalia.com\/wp-content\/uploads\/2016\/11\/marbled-paper-300x300.jpeg",300,300,true],"medium_large":["https:\/\/www.studiainitalia.com\/wp-content\/uploads\/2016\/11\/marbled-paper.jpeg",384,384,false],"large":["https:\/\/www.studiainitalia.com\/wp-content\/uploads\/2016\/11\/marbled-paper.jpeg",384,384,false],"1536x1536":["https:\/\/www.studiainitalia.com\/wp-content\/uploads\/2016\/11\/marbled-paper.jpeg",384,384,false],"2048x2048":["https:\/\/www.studiainitalia.com\/wp-content\/uploads\/2016\/11\/marbled-paper.jpeg",384,384,false],"ultp_layout_landscape_large":["https:\/\/www.studiainitalia.com\/wp-content\/uploads\/2016\/11\/marbled-paper.jpeg",384,384,false],"ultp_layout_landscape":["https:\/\/www.studiainitalia.com\/wp-content\/uploads\/2016\/11\/marbled-paper.jpeg",384,384,false],"ultp_layout_portrait":["https:\/\/www.studiainitalia.com\/wp-content\/uploads\/2016\/11\/marbled-paper.jpeg",384,384,false],"ultp_layout_square":["https:\/\/www.studiainitalia.com\/wp-content\/uploads\/2016\/11\/marbled-paper.jpeg",384,384,false],"gform-image-choice-sm":["https:\/\/www.studiainitalia.com\/wp-content\/uploads\/2016\/11\/marbled-paper.jpeg",300,300,false],"gform-image-choice-md":["https:\/\/www.studiainitalia.com\/wp-content\/uploads\/2016\/11\/marbled-paper.jpeg",384,384,false],"gform-image-choice-lg":["https:\/\/www.studiainitalia.com\/wp-content\/uploads\/2016\/11\/marbled-paper.jpeg",384,384,false],"woocommerce_thumbnail":["https:\/\/www.studiainitalia.com\/wp-content\/uploads\/2016\/11\/marbled-paper-300x300.jpeg",300,300,true],"woocommerce_single":["https:\/\/www.studiainitalia.com\/wp-content\/uploads\/2016\/11\/marbled-paper.jpeg",384,384,false],"woocommerce_gallery_thumbnail":["https:\/\/www.studiainitalia.com\/wp-content\/uploads\/2016\/11\/marbled-paper-100x100.jpeg",100,100,true],"yarpp-thumbnail":["https:\/\/www.studiainitalia.com\/wp-content\/uploads\/2016\/11\/marbled-paper.jpeg",120,120,false]},"uagb_author_info":{"display_name":"Javier Diaz","author_link":"https:\/\/www.studiainitalia.com\/fr\/author\/"},"uagb_comment_info":1,"uagb_excerpt":"Notre atelier propose des cours de papier marbr\u00e9 florentin d\u2019une, deux ou plusieurs semaines. Vous pouvez r\u00e9server un cours de 24, 48, 72 ou 96 heures et r\u00e9partir vos heures sur le nombre de semaines de votre choix. Le programme comprend: \u2022\u00a0 les aspects de la d\u00e9coration du papier avec de la couleur acrylique dans\u2026","_links":{"self":[{"href":"https:\/\/www.studiainitalia.com\/fr\/wp-json\/wp\/v2\/product\/188802","targetHints":{"allow":["GET"]}}],"collection":[{"href":"https:\/\/www.studiainitalia.com\/fr\/wp-json\/wp\/v2\/product"}],"about":[{"href":"https:\/\/www.studiainitalia.com\/fr\/wp-json\/wp\/v2\/types\/product"}],"replies":[{"embeddable":true,"href":"https:\/\/www.studiainitalia.com\/fr\/wp-json\/wp\/v2\/comments?post=188802"}],"wp:featuredmedia":[{"embeddable":true,"href":"https:\/\/www.studiainitalia.com\/fr\/wp-json\/wp\/v2\/media\/121239"}],"wp:attachment":[{"href":"https:\/\/www.studiainitalia.com\/fr\/wp-json\/wp\/v2\/media?parent=188802"}],"wp:term":[{"taxonomy":"section","embeddable":true,"href":"https:\/\/www.studiainitalia.com\/fr\/wp-json\/wp\/v2\/section?post=188802"},{"taxonomy":"product_brand","embeddable":true,"href":"https:\/\/www.studiainitalia.com\/fr\/wp-json\/wp\/v2\/product_brand?post=188802"},{"taxonomy":"product_cat","embeddable":true,"href":"https:\/\/www.studiainitalia.com\/fr\/wp-json\/wp\/v2\/product_cat?post=188802"},{"taxonomy":"product_tag","embeddable":true,"href":"https:\/\/www.studiainitalia.com\/fr\/wp-json\/wp\/v2\/product_tag?post=188802"}],"curies":[{"name":"wp","href":"https:\/\/api.w.org\/{rel}","templated":true}]}}