{"id":188850,"date":"2016-11-12T13:04:22","date_gmt":"2016-11-12T12:04:22","guid":{"rendered":"https:\/\/www.studiainitalia.com\/courses\/non%20class\u00e9\/cours-de-mosaique-florentine\/"},"modified":"2026-04-24T10:48:42","modified_gmt":"2026-04-24T08:48:42","slug":"cours-de-mosaique-florentine","status":"publish","type":"product","link":"https:\/\/www.studiainitalia.com\/fr\/cours\/etudier-a-letranger-a-florence\/cours-de-mosaique-florentine\/","title":{"rendered":"Cours de mosa\u00efque florentine \u00e0 Florence"},"content":{"rendered":"<h2>Cours de mosa\u00efque florentine<\/h2>\n<p>&nbsp;<\/p>\n<p>Notre cours de mosa\u00efque florentine se d\u00e9roule dans un atelier artisanal \u00abbottega\u00bb en Toscane.\u00a0 L\u2019atelier est situ\u00e9 dans un village m\u00e9di\u00e9val \u00e0 40 kms de Florence.<\/p>\n<p>&nbsp;<\/p>\n<p>Le cours de mosa\u00efque florentine se d\u00e9roule g\u00e9n\u00e9ralement en italien.<\/p>\n<p>&nbsp;<\/p>\n<p>Le programme est ouvert \u00e0 tous les niveaux, d\u00e9butants inclus.<\/p>\n<p>Nous pouvons vous proposer un h\u00e9bergement \u00e0 Florence ou vous aider \u00e0 trouver la meilleure option d\u2019h\u00e9bergement \u00e0 proximit\u00e9 de l\u2019atelier.<\/p>\n<div class=\"aiosrs-rating-summary-wrap\"><\/div>\n<p>&nbsp;<\/p>\n<div>\n<table id=\"tablepress-711\" class=\"tablepress tablepress-id-711 tbody-has-connected-cells\">\n<thead>\n<tr class=\"row-1\">\n\t<th colspan=\"6\" class=\"column-1\">Dates  de d\u00e9but 2026<\/th>\n<\/tr>\n<\/thead>\n<tbody class=\"row-striping row-hover\">\n<tr class=\"row-2\">\n\t<td class=\"column-1\">Janvier<\/td><td class=\"column-2\">5, 19<\/td><td class=\"column-3\">Mai<\/td><td class=\"column-4\">11, 25<\/td><td class=\"column-5\">Septembre<\/td><td class=\"column-6\">14, 28<\/td>\n<\/tr>\n<tr class=\"row-3\">\n\t<td class=\"column-1\">F\u00e9vrier<\/td><td class=\"column-2\">2, 16<\/td><td class=\"column-3\">Juin<\/td><td class=\"column-4\">8, 22<\/td><td class=\"column-5\">Octobre<\/td><td class=\"column-6\">12, 26<\/td>\n<\/tr>\n<tr class=\"row-4\">\n\t<td class=\"column-1\">Mars<\/td><td class=\"column-2\">2, 16, 30<\/td><td class=\"column-3\">Juillet<\/td><td class=\"column-4\">6, 20<\/td><td class=\"column-5\">Novembre<\/td><td class=\"column-6\"> 9, 23<\/td>\n<\/tr>\n<tr class=\"row-5\">\n\t<td class=\"column-1\">Avril<\/td><td class=\"column-2\">13, 27<\/td><td class=\"column-3\">Ao\u00fbt<\/td><td class=\"column-4\">3, 17, 31<\/td><td class=\"column-5\">Decembre<\/td><td class=\"column-6\"> 7<\/td>\n<\/tr>\n<tr class=\"row-6\">\n\t<td colspan=\"6\" class=\"column-1\">L'\u00e9cole sera ferm\u00e9e les jours f\u00e9ri\u00e9s suivants: Epiphanie (06\/01), Lundi de P\u00e2ques, Jour de la Lib\u00e9ration de l'Italie (25\/04), F\u00eate des Travailleurs (01\/05), F\u00eate de la R\u00e9publique (02\/06), 24\/06, Ferragosto (15 \/ 08), Tous les Saints (01\/11), Immacul\u00e9e Conception (8\/12), vacances de No\u00ebl et nouvel an.<\/td>\n<\/tr>\n<\/tbody>\n<\/table>\n<!-- #tablepress-711 from cache --><\/div>\n<div><\/div>\n<div><\/div>\n<p>&nbsp;<\/p>\n","protected":false},"excerpt":{"rendered":"<h2>Connaissez-vous cette ancienne technique de mosa\u00efque?<\/h2>\n<p>&nbsp;<\/p>\n<p>C\u2019est une combinaison de pierres dures ou semi-pr\u00e9cieuses, de sorte que leurs couleurs naturelles repr\u00e9sentent des figures et incrust\u00e9es dans un fond g\u00e9n\u00e9ralement de marbre noir ou blanc.<\/p>\n<p>Florence est mondialement connue pour ses mosa\u00efques. Avez-vous d\u00e9j\u00e0 \u00e9t\u00e9 \u00e0\u00a0<em>Opicifio delle pietre dure<\/em>? C\u2019est un mus\u00e9e fantastique de Florence o\u00f9 vous pouvez trouver les \u0153uvres les plus importantes de la\u00a0<strong>mosa\u00efque florentine.<\/strong><\/p>\n<p>Situ\u00e9e dans un village m\u00e9di\u00e9val pr\u00e8s de Florence, notre atelier propose des cours de mosa\u00efque florentine d\u2019une, deux ou plusieurs semaines. Vous pouvez r\u00e9server un cours de 24, 48, 72 ou 96 heures et r\u00e9partir vos heures sur le nombre de semaines de votre choix.<\/p>\n<p>Le programme comprend:<\/p>\n<p>\u2022 les aspects relatifs aux types de pierres, aux ustensiles et \u00e0 leur utilisation<\/p>\n<p>\u2022 les machines pour couper les pierres<\/p>\n<p>\u2022 la conception de la pi\u00e8ce<\/p>\n<p>\u2022 le transfert sur papier adh\u00e9sif,<\/p>\n<p>\u2022 le collage du papier sur la pierre<\/p>\n<p>\u2022 la coupe<\/p>\n<p>\u2022 la composition de l\u2019objet<\/p>\n<p>\u2022 limage, finition et polissage.<\/p>\n","protected":false},"featured_media":130834,"comment_status":"open","ping_status":"closed","template":"","meta":{"_acf_changed":false,"_uag_custom_page_level_css":"","_kad_blocks_custom_css":"","_kad_blocks_head_custom_js":"","_kad_blocks_body_custom_js":"","_kad_blocks_footer_custom_js":"","site-sidebar-layout":"default","site-content-layout":"default","ast-site-content-layout":"default","site-content-style":"default","site-sidebar-style":"default","ast-global-header-display":"","ast-banner-title-visibility":"","ast-main-header-display":"","ast-hfb-above-header-display":"","ast-hfb-below-header-display":"","ast-hfb-mobile-header-display":"","site-post-title":"","ast-breadcrumbs-content":"","ast-featured-img":"","footer-sml-layout":"","ast-disable-related-posts":"","theme-transparent-header-meta":"default","adv-header-id-meta":"","stick-header-meta":"default","header-above-stick-meta":"","header-main-stick-meta":"","header-below-stick-meta":"","astra-migrate-meta-layouts":"set","ast-page-background-enabled":"default","ast-page-background-meta":{"desktop":{"background-color":"var(--ast-global-color-4)","background-image":"","background-repeat":"repeat","background-position":"center center","background-size":"auto","background-attachment":"scroll","background-type":"","background-media":"","overlay-type":"","overlay-color":"","overlay-opacity":"","overlay-gradient":""},"tablet":{"background-color":"","background-image":"","background-repeat":"repeat","background-position":"center center","background-size":"auto","background-attachment":"scroll","background-type":"","background-media":"","overlay-type":"","overlay-color":"","overlay-opacity":"","overlay-gradient":""},"mobile":{"background-color":"","background-image":"","background-repeat":"repeat","background-position":"center center","background-size":"auto","background-attachment":"scroll","background-type":"","background-media":"","overlay-type":"","overlay-color":"","overlay-opacity":"","overlay-gradient":""}},"ast-content-background-meta":{"desktop":{"background-color":"var(--ast-global-color-5)","background-image":"","background-repeat":"repeat","background-position":"center center","background-size":"auto","background-attachment":"scroll","background-type":"","background-media":"","overlay-type":"","overlay-color":"","overlay-opacity":"","overlay-gradient":""},"tablet":{"background-color":"var(--ast-global-color-5)","background-image":"","background-repeat":"repeat","background-position":"center center","background-size":"auto","background-attachment":"scroll","background-type":"","background-media":"","overlay-type":"","overlay-color":"","overlay-opacity":"","overlay-gradient":""},"mobile":{"background-color":"var(--ast-global-color-5)","background-image":"","background-repeat":"repeat","background-position":"center center","background-size":"auto","background-attachment":"scroll","background-type":"","background-media":"","overlay-type":"","overlay-color":"","overlay-opacity":"","overlay-gradient":""}}},"section":[2052],"product_brand":[],"product_cat":[1276,1329],"product_tag":[],"class_list":{"0":"post-188850","1":"product","2":"type-product","3":"status-publish","4":"has-post-thumbnail","6":"section-traditional","7":"product_cat-etudier-a-letranger-a-florence","8":"product_cat-ecoles-dart-en-italie","9":"desktop-align-left","10":"tablet-align-left","11":"mobile-align-left","12":"ast-product-gallery-layout-horizontal-slider","13":"ast-product-single-variable","14":"ast-product-tabs-layout-horizontal","15":"ast-qv-on-image-click","17":"first","18":"instock","19":"sold-individually","20":"shipping-taxable","21":"purchasable","22":"product-type-variable"},"acf":[],"taxonomy_info":{"section":[{"value":2052,"label":"Traditional"}],"product_cat":[{"value":1276,"label":"Cursos en Florencia"},{"value":1329,"label":"\u00c9coles d'art en Italie"}]},"featured_image_src_large":["https:\/\/www.studiainitalia.com\/wp-content\/uploads\/2021\/03\/Florentine-Mosaic10.jpg",960,960,false],"author_info":[],"comment_info":0,"uagb_featured_image_src":{"full":["https:\/\/www.studiainitalia.com\/wp-content\/uploads\/2021\/03\/Florentine-Mosaic10.jpg",960,960,false],"thumbnail":["https:\/\/www.studiainitalia.com\/wp-content\/uploads\/2021\/03\/Florentine-Mosaic10.jpg",96,96,false],"medium":["https:\/\/www.studiainitalia.com\/wp-content\/uploads\/2021\/03\/Florentine-Mosaic10.jpg",960,960,false],"medium_large":["https:\/\/www.studiainitalia.com\/wp-content\/uploads\/2021\/03\/Florentine-Mosaic10-768x768.jpg",768,768,true],"large":["https:\/\/www.studiainitalia.com\/wp-content\/uploads\/2021\/03\/Florentine-Mosaic10.jpg",960,960,false],"1536x1536":["https:\/\/www.studiainitalia.com\/wp-content\/uploads\/2021\/03\/Florentine-Mosaic10.jpg",960,960,false],"2048x2048":["https:\/\/www.studiainitalia.com\/wp-content\/uploads\/2021\/03\/Florentine-Mosaic10.jpg",960,960,false],"ultp_layout_landscape_large":["https:\/\/www.studiainitalia.com\/wp-content\/uploads\/2021\/03\/Florentine-Mosaic10.jpg",800,800,false],"ultp_layout_landscape":["https:\/\/www.studiainitalia.com\/wp-content\/uploads\/2021\/03\/Florentine-Mosaic10.jpg",570,570,false],"ultp_layout_portrait":["https:\/\/www.studiainitalia.com\/wp-content\/uploads\/2021\/03\/Florentine-Mosaic10.jpg",600,600,false],"ultp_layout_square":["https:\/\/www.studiainitalia.com\/wp-content\/uploads\/2021\/03\/Florentine-Mosaic10.jpg",600,600,false],"gform-image-choice-sm":["https:\/\/www.studiainitalia.com\/wp-content\/uploads\/2021\/03\/Florentine-Mosaic10.jpg",300,300,false],"gform-image-choice-md":["https:\/\/www.studiainitalia.com\/wp-content\/uploads\/2021\/03\/Florentine-Mosaic10.jpg",400,400,false],"gform-image-choice-lg":["https:\/\/www.studiainitalia.com\/wp-content\/uploads\/2021\/03\/Florentine-Mosaic10.jpg",600,600,false],"woocommerce_thumbnail":["https:\/\/www.studiainitalia.com\/wp-content\/uploads\/2021\/03\/Florentine-Mosaic10-300x300.jpg",300,300,true],"woocommerce_single":["https:\/\/www.studiainitalia.com\/wp-content\/uploads\/2021\/03\/Florentine-Mosaic10-400x400.jpg",400,400,true],"woocommerce_gallery_thumbnail":["https:\/\/www.studiainitalia.com\/wp-content\/uploads\/2021\/03\/Florentine-Mosaic10-100x100.jpg",100,100,true],"yarpp-thumbnail":["https:\/\/www.studiainitalia.com\/wp-content\/uploads\/2021\/03\/Florentine-Mosaic10-120x120.jpg",120,120,true]},"uagb_author_info":{"display_name":"Javier Diaz","author_link":"https:\/\/www.studiainitalia.com\/fr\/author\/"},"uagb_comment_info":0,"uagb_excerpt":"Connaissez-vous cette ancienne technique de mosa\u00efque? &nbsp; C\u2019est une combinaison de pierres dures ou semi-pr\u00e9cieuses, de sorte que leurs couleurs naturelles repr\u00e9sentent des figures et incrust\u00e9es dans un fond g\u00e9n\u00e9ralement de marbre noir ou blanc. Florence est mondialement connue pour ses mosa\u00efques. Avez-vous d\u00e9j\u00e0 \u00e9t\u00e9 \u00e0\u00a0Opicifio delle pietre dure? C\u2019est un mus\u00e9e fantastique de Florence\u2026","_links":{"self":[{"href":"https:\/\/www.studiainitalia.com\/fr\/wp-json\/wp\/v2\/product\/188850","targetHints":{"allow":["GET"]}}],"collection":[{"href":"https:\/\/www.studiainitalia.com\/fr\/wp-json\/wp\/v2\/product"}],"about":[{"href":"https:\/\/www.studiainitalia.com\/fr\/wp-json\/wp\/v2\/types\/product"}],"replies":[{"embeddable":true,"href":"https:\/\/www.studiainitalia.com\/fr\/wp-json\/wp\/v2\/comments?post=188850"}],"wp:featuredmedia":[{"embeddable":true,"href":"https:\/\/www.studiainitalia.com\/fr\/wp-json\/wp\/v2\/media\/130834"}],"wp:attachment":[{"href":"https:\/\/www.studiainitalia.com\/fr\/wp-json\/wp\/v2\/media?parent=188850"}],"wp:term":[{"taxonomy":"section","embeddable":true,"href":"https:\/\/www.studiainitalia.com\/fr\/wp-json\/wp\/v2\/section?post=188850"},{"taxonomy":"product_brand","embeddable":true,"href":"https:\/\/www.studiainitalia.com\/fr\/wp-json\/wp\/v2\/product_brand?post=188850"},{"taxonomy":"product_cat","embeddable":true,"href":"https:\/\/www.studiainitalia.com\/fr\/wp-json\/wp\/v2\/product_cat?post=188850"},{"taxonomy":"product_tag","embeddable":true,"href":"https:\/\/www.studiainitalia.com\/fr\/wp-json\/wp\/v2\/product_tag?post=188850"}],"curies":[{"name":"wp","href":"https:\/\/api.w.org\/{rel}","templated":true}]}}