{"id":188897,"date":"2016-11-13T19:00:50","date_gmt":"2016-11-13T18:00:50","guid":{"rendered":"https:\/\/www.studiainitalia.com\/courses\/non%20class\u00e9\/cours-de-moulage-de-cire-a-florence\/"},"modified":"2024-12-10T17:34:22","modified_gmt":"2024-12-10T16:34:22","slug":"cours-de-cire-perdue-et-moulage-de-bijoux-a-florence","status":"publish","type":"product","link":"https:\/\/www.studiainitalia.com\/fr\/cours\/etudier-a-letranger-a-florence\/cours-de-cire-perdue-et-moulage-de-bijoux-a-florence\/","title":{"rendered":"Cours de Cire perdue et moulage de bijoux \u00e0 Florence"},"content":{"rendered":"<h2><strong>Cours de Cire perdue<\/strong><\/h2>\n<p>&nbsp;<\/p>\n<p>Notre \u00e9cole de bijouterie \u00e0 Florence est situ\u00e9e dans le centre historique de la ville, \u00e0 deux pas du Ponte Vecchio.\u00a0 Il est install\u00e9 dans un palais de la Renaissance et dispose d\u2019un grand atelier bien \u00e9quip\u00e9 contenant des \u00e9tablis professionnels individuels, des outils et des \u00e9quipements pour les diff\u00e9rentes sp\u00e9cialisations.<\/p>\n<p>&nbsp;<\/p>\n<p>Dispose aussi des machines pour l\u2019ex\u00e9cution du cycle complet de moulage de pr\u00e9cision et des salles de classe pour le dessin et la conception, \u00e0 main lev\u00e9e et assist\u00e9e par ordinateur.<\/p>\n<div class=\"aiosrs-rating-summary-wrap\"><\/div>\n<div><\/div>\n<div>\n\n<table id=\"tablepress-735\" class=\"tablepress tablepress-id-735 tbody-has-connected-cells\">\n<thead>\n<tr class=\"row-1\">\n\t<th colspan=\"6\" class=\"column-1\">Dates de d\u00e9but 2026<\/th>\n<\/tr>\n<\/thead>\n<tbody class=\"row-striping row-hover\">\n<tr class=\"row-2\">\n\t<td class=\"column-1\">Janvier<\/td><td class=\"column-2\">5<\/td><td class=\"column-3\">Mai<\/td><td class=\"column-4\">18<\/td><td class=\"column-5\">Septembre<\/td><td class=\"column-6\">7<\/td>\n<\/tr>\n<tr class=\"row-3\">\n\t<td class=\"column-1\">F\u00e9vrier<\/td><td class=\"column-2\">2<\/td><td class=\"column-3\">Juin<\/td><td class=\"column-4\">8<\/td><td class=\"column-5\">Octobre<\/td><td class=\"column-6\">5<\/td>\n<\/tr>\n<tr class=\"row-4\">\n\t<td class=\"column-1\">Mars<\/td><td class=\"column-2\">2, 30<\/td><td class=\"column-3\">Juillet<\/td><td class=\"column-4\">6<\/td><td class=\"column-5\">Novembre<\/td><td class=\"column-6\">2, 23<\/td>\n<\/tr>\n<tr class=\"row-5\">\n\t<td class=\"column-1\">Avril<\/td><td class=\"column-2\">20<\/td><td class=\"column-3\">Ao\u00fbt<\/td><td class=\"column-4\">Ferm\u00e9<\/td><td class=\"column-5\">Decembre<\/td><td class=\"column-6\"><\/td>\n<\/tr>\n<tr class=\"row-6\">\n\t<td colspan=\"6\" class=\"column-1\">L'\u00e9cole sera ferm\u00e9e les jours f\u00e9ri\u00e9s suivants: Epiphanie (06\/01), Lundi de P\u00e2ques, Jour de la Lib\u00e9ration de l'Italie (25\/04), F\u00eate des Travailleurs (01\/05), F\u00eate de la R\u00e9publique (02\/06), 24\/06, Ferragosto (15 \/ 08), Tous les Saints (01\/11), Immacul\u00e9e Conception (8\/12), vacances de No\u00ebl et nouvel an.<\/td>\n<\/tr>\n<\/tbody>\n<\/table>\n<!-- #tablepress-735 from cache --><\/div>\n","protected":false},"excerpt":{"rendered":"<p>Les cours de sp\u00e9cialiste en cire perdue et moulage \u00e0 Florence durent 12 semaines (9 heures de cours par semaine).<\/p>\n<ul>\n<li>\u00a0Les \u00e9l\u00e8ves \u00e9tudient entre autres les diff\u00e9rents types de cire et leurs applications aux bijoux, les techniques de fusion, la pr\u00e9paration de la cire et les syst\u00e8mes pour la rendre plus ductile, les instruments de mod\u00e9lisation, les relations de poids entre les prototypes de cire et le produit final sont \u00e9tudi\u00e9s.<\/li>\n<\/ul>\n<ul>\n<li>\u00a0Les diff\u00e9rents types de cires sont \u00e9tudi\u00e9s les techniques de moulage \u00e0 la cire perdue, les outils et machines n\u00e9cessaires \u00e0 l\u2019ensemble du processus : du modelage au moulage \u00e0 chaud avec des moules en silicone et la reproduction des cires \u00e0 l\u2019aide d\u2019injecteurs, le nettoyage et la finition de la pi\u00e8ce.<\/li>\n<\/ul>\n<ul>\n<li>\u00a0\u00c0 la fin du cours, les \u00e9tudiants recevront un certificat de participation indiquant le niveau atteint.<\/li>\n<\/ul>\n","protected":false},"featured_media":119358,"comment_status":"open","ping_status":"closed","template":"","meta":{"_acf_changed":false,"_uag_custom_page_level_css":"","_kad_blocks_custom_css":"","_kad_blocks_head_custom_js":"","_kad_blocks_body_custom_js":"","_kad_blocks_footer_custom_js":"","site-sidebar-layout":"default","site-content-layout":"default","ast-site-content-layout":"default","site-content-style":"default","site-sidebar-style":"default","ast-global-header-display":"","ast-banner-title-visibility":"","ast-main-header-display":"","ast-hfb-above-header-display":"","ast-hfb-below-header-display":"","ast-hfb-mobile-header-display":"","site-post-title":"","ast-breadcrumbs-content":"","ast-featured-img":"","footer-sml-layout":"","ast-disable-related-posts":"","theme-transparent-header-meta":"default","adv-header-id-meta":"","stick-header-meta":"default","header-above-stick-meta":"","header-main-stick-meta":"","header-below-stick-meta":"","astra-migrate-meta-layouts":"set","ast-page-background-enabled":"default","ast-page-background-meta":{"desktop":{"background-color":"var(--ast-global-color-4)","background-image":"","background-repeat":"repeat","background-position":"center center","background-size":"auto","background-attachment":"scroll","background-type":"","background-media":"","overlay-type":"","overlay-color":"","overlay-opacity":"","overlay-gradient":""},"tablet":{"background-color":"","background-image":"","background-repeat":"repeat","background-position":"center center","background-size":"auto","background-attachment":"scroll","background-type":"","background-media":"","overlay-type":"","overlay-color":"","overlay-opacity":"","overlay-gradient":""},"mobile":{"background-color":"","background-image":"","background-repeat":"repeat","background-position":"center center","background-size":"auto","background-attachment":"scroll","background-type":"","background-media":"","overlay-type":"","overlay-color":"","overlay-opacity":"","overlay-gradient":""}},"ast-content-background-meta":{"desktop":{"background-color":"var(--ast-global-color-5)","background-image":"","background-repeat":"repeat","background-position":"center center","background-size":"auto","background-attachment":"scroll","background-type":"","background-media":"","overlay-type":"","overlay-color":"","overlay-opacity":"","overlay-gradient":""},"tablet":{"background-color":"var(--ast-global-color-5)","background-image":"","background-repeat":"repeat","background-position":"center center","background-size":"auto","background-attachment":"scroll","background-type":"","background-media":"","overlay-type":"","overlay-color":"","overlay-opacity":"","overlay-gradient":""},"mobile":{"background-color":"var(--ast-global-color-5)","background-image":"","background-repeat":"repeat","background-position":"center center","background-size":"auto","background-attachment":"scroll","background-type":"","background-media":"","overlay-type":"","overlay-color":"","overlay-opacity":"","overlay-gradient":""}}},"section":[],"product_brand":[],"product_cat":[1351,1276],"product_tag":[1886],"class_list":{"0":"post-188897","1":"product","2":"type-product","3":"status-publish","4":"has-post-thumbnail","6":"product_cat-creation-de-bijoux","7":"product_cat-etudier-a-letranger-a-florence","8":"product_tag-etranger-a-florence","9":"desktop-align-left","10":"tablet-align-left","11":"mobile-align-left","12":"ast-product-gallery-layout-horizontal-slider","13":"ast-product-single-variable","14":"ast-product-tabs-layout-horizontal","15":"ast-qv-on-image-click","17":"first","18":"instock","19":"sold-individually","20":"shipping-taxable","21":"purchasable","22":"product-type-variable","23":"has-default-attributes"},"acf":[],"taxonomy_info":{"product_cat":[{"value":1351,"label":"Cr\u00e9ation de bijoux"},{"value":1276,"label":"Cursos en Florencia"}],"product_tag":[{"value":1886,"label":"\u00e9tranger \u00e0 Florence"}]},"featured_image_src_large":["https:\/\/www.studiainitalia.com\/wp-content\/uploads\/2016\/11\/wax-casting-florence.jpg",432,431,false],"author_info":[],"comment_info":1,"uagb_featured_image_src":{"full":["https:\/\/www.studiainitalia.com\/wp-content\/uploads\/2016\/11\/wax-casting-florence.jpg",432,431,false],"thumbnail":["https:\/\/www.studiainitalia.com\/wp-content\/uploads\/2016\/11\/wax-casting-florence-150x150.jpg",96,96,true],"medium":["https:\/\/www.studiainitalia.com\/wp-content\/uploads\/2016\/11\/wax-casting-florence-300x300.jpg",300,300,true],"medium_large":["https:\/\/www.studiainitalia.com\/wp-content\/uploads\/2016\/11\/wax-casting-florence.jpg",432,431,false],"large":["https:\/\/www.studiainitalia.com\/wp-content\/uploads\/2016\/11\/wax-casting-florence.jpg",432,431,false],"1536x1536":["https:\/\/www.studiainitalia.com\/wp-content\/uploads\/2016\/11\/wax-casting-florence.jpg",432,431,false],"2048x2048":["https:\/\/www.studiainitalia.com\/wp-content\/uploads\/2016\/11\/wax-casting-florence.jpg",432,431,false],"ultp_layout_landscape_large":["https:\/\/www.studiainitalia.com\/wp-content\/uploads\/2016\/11\/wax-casting-florence.jpg",432,431,false],"ultp_layout_landscape":["https:\/\/www.studiainitalia.com\/wp-content\/uploads\/2016\/11\/wax-casting-florence.jpg",432,431,false],"ultp_layout_portrait":["https:\/\/www.studiainitalia.com\/wp-content\/uploads\/2016\/11\/wax-casting-florence.jpg",432,431,false],"ultp_layout_square":["https:\/\/www.studiainitalia.com\/wp-content\/uploads\/2016\/11\/wax-casting-florence.jpg",432,431,false],"gform-image-choice-sm":["https:\/\/www.studiainitalia.com\/wp-content\/uploads\/2016\/11\/wax-casting-florence.jpg",300,300,false],"gform-image-choice-md":["https:\/\/www.studiainitalia.com\/wp-content\/uploads\/2016\/11\/wax-casting-florence.jpg",400,400,false],"gform-image-choice-lg":["https:\/\/www.studiainitalia.com\/wp-content\/uploads\/2016\/11\/wax-casting-florence.jpg",432,431,false],"woocommerce_thumbnail":["https:\/\/www.studiainitalia.com\/wp-content\/uploads\/2016\/11\/wax-casting-florence-300x300.jpg",300,300,true],"woocommerce_single":["https:\/\/www.studiainitalia.com\/wp-content\/uploads\/2016\/11\/wax-casting-florence-400x399.jpg",400,399,true],"woocommerce_gallery_thumbnail":["https:\/\/www.studiainitalia.com\/wp-content\/uploads\/2016\/11\/wax-casting-florence-100x100.jpg",100,100,true],"yarpp-thumbnail":["https:\/\/www.studiainitalia.com\/wp-content\/uploads\/2016\/11\/wax-casting-florence.jpg",120,120,false]},"uagb_author_info":{"display_name":"Javier Diaz","author_link":"https:\/\/www.studiainitalia.com\/fr\/author\/"},"uagb_comment_info":1,"uagb_excerpt":"Les cours de sp\u00e9cialiste en cire perdue et moulage \u00e0 Florence durent 12 semaines (9 heures de cours par semaine). \u00a0Les \u00e9l\u00e8ves \u00e9tudient entre autres les diff\u00e9rents types de cire et leurs applications aux bijoux, les techniques de fusion, la pr\u00e9paration de la cire et les syst\u00e8mes pour la rendre plus ductile, les instruments de\u2026","_links":{"self":[{"href":"https:\/\/www.studiainitalia.com\/fr\/wp-json\/wp\/v2\/product\/188897","targetHints":{"allow":["GET"]}}],"collection":[{"href":"https:\/\/www.studiainitalia.com\/fr\/wp-json\/wp\/v2\/product"}],"about":[{"href":"https:\/\/www.studiainitalia.com\/fr\/wp-json\/wp\/v2\/types\/product"}],"replies":[{"embeddable":true,"href":"https:\/\/www.studiainitalia.com\/fr\/wp-json\/wp\/v2\/comments?post=188897"}],"wp:featuredmedia":[{"embeddable":true,"href":"https:\/\/www.studiainitalia.com\/fr\/wp-json\/wp\/v2\/media\/119358"}],"wp:attachment":[{"href":"https:\/\/www.studiainitalia.com\/fr\/wp-json\/wp\/v2\/media?parent=188897"}],"wp:term":[{"taxonomy":"section","embeddable":true,"href":"https:\/\/www.studiainitalia.com\/fr\/wp-json\/wp\/v2\/section?post=188897"},{"taxonomy":"product_brand","embeddable":true,"href":"https:\/\/www.studiainitalia.com\/fr\/wp-json\/wp\/v2\/product_brand?post=188897"},{"taxonomy":"product_cat","embeddable":true,"href":"https:\/\/www.studiainitalia.com\/fr\/wp-json\/wp\/v2\/product_cat?post=188897"},{"taxonomy":"product_tag","embeddable":true,"href":"https:\/\/www.studiainitalia.com\/fr\/wp-json\/wp\/v2\/product_tag?post=188897"}],"curies":[{"name":"wp","href":"https:\/\/api.w.org\/{rel}","templated":true}]}}