{"id":188902,"date":"2016-11-14T13:48:06","date_gmt":"2016-11-14T12:48:06","guid":{"rendered":"https:\/\/www.studiainitalia.com\/courses\/non%20class\u00e9\/cours-de-dessin-de-bijoux-a-florence\/"},"modified":"2025-12-19T18:54:18","modified_gmt":"2025-12-19T17:54:18","slug":"cours-de-conception-et-dessin-de-bijoux-a-florence","status":"publish","type":"product","link":"https:\/\/www.studiainitalia.com\/fr\/cours\/etudier-a-letranger-a-florence\/cours-de-conception-et-dessin-de-bijoux-a-florence\/","title":{"rendered":"Cours de conception et de dessin de bijoux \u00e0 Florence"},"content":{"rendered":"<h2>Cours de dessin de bijoux<\/h2>\n<p>&nbsp;<\/p>\n<p>Notre cours de cr\u00e9ation et de dessin de bijoux est propos\u00e9 par notre \u00e9cole de Florence. Situ\u00e9 dans le centre historique de la ville, \u00e0 deux pas du Ponte Vecchio, dans le quartier de Santo Spirito, c\u00e9l\u00e8bre pour ses orf\u00e8vres et bijoutiers.<\/p>\n<p>L\u2019\u00e9cole dispose d\u2019un grand atelier bien \u00e9quip\u00e9 et de grandes salles de classe pour le dessin et la conception, \u00e0 la fois \u00e0 main lev\u00e9e et assist\u00e9e par ordinateur.<\/p>\n<p>&nbsp;<\/p>\n<p>Si vous recherchez un cours de cr\u00e9ation de bijoux de courte dur\u00e9e, vous ne pouvez postuler que pour quatre semaines. Vous pouvez \u00e9galement combiner ce cours avec le cours de conception de bijoux informatiques 3D.<\/p>\n<h3><\/h3>\n<p>&nbsp;<\/p>\n\n<table id=\"tablepress-735\" class=\"tablepress tablepress-id-735 tbody-has-connected-cells\">\n<thead>\n<tr class=\"row-1\">\n\t<th colspan=\"6\" class=\"column-1\">Dates de d\u00e9but 2026<\/th>\n<\/tr>\n<\/thead>\n<tbody class=\"row-striping row-hover\">\n<tr class=\"row-2\">\n\t<td class=\"column-1\">Janvier<\/td><td class=\"column-2\">5<\/td><td class=\"column-3\">Mai<\/td><td class=\"column-4\">18<\/td><td class=\"column-5\">Septembre<\/td><td class=\"column-6\">7<\/td>\n<\/tr>\n<tr class=\"row-3\">\n\t<td class=\"column-1\">F\u00e9vrier<\/td><td class=\"column-2\">2<\/td><td class=\"column-3\">Juin<\/td><td class=\"column-4\">8<\/td><td class=\"column-5\">Octobre<\/td><td class=\"column-6\">5<\/td>\n<\/tr>\n<tr class=\"row-4\">\n\t<td class=\"column-1\">Mars<\/td><td class=\"column-2\">2, 30<\/td><td class=\"column-3\">Juillet<\/td><td class=\"column-4\">6<\/td><td class=\"column-5\">Novembre<\/td><td class=\"column-6\">2, 23<\/td>\n<\/tr>\n<tr class=\"row-5\">\n\t<td class=\"column-1\">Avril<\/td><td class=\"column-2\">20<\/td><td class=\"column-3\">Ao\u00fbt<\/td><td class=\"column-4\">Ferm\u00e9<\/td><td class=\"column-5\">Decembre<\/td><td class=\"column-6\"><\/td>\n<\/tr>\n<tr class=\"row-6\">\n\t<td colspan=\"6\" class=\"column-1\">L'\u00e9cole sera ferm\u00e9e les jours f\u00e9ri\u00e9s suivants: Epiphanie (06\/01), Lundi de P\u00e2ques, Jour de la Lib\u00e9ration de l'Italie (25\/04), F\u00eate des Travailleurs (01\/05), F\u00eate de la R\u00e9publique (02\/06), 24\/06, Ferragosto (15 \/ 08), Tous les Saints (01\/11), Immacul\u00e9e Conception (8\/12), vacances de No\u00ebl et nouvel an.<\/td>\n<\/tr>\n<\/tbody>\n<\/table>\n<!-- #tablepress-735 from cache -->\n<p>&nbsp;<\/p>\n","protected":false},"excerpt":{"rendered":"<div class=\"woocommerce-product-details__short-description\">\n<h2><strong>Vous souhaitez devenir cr\u00e9ateur de bijoux?<\/strong><\/h2>\n<p>&nbsp;<\/p>\n<p>Notre cours de conception et de dessin technique de bijoux \u00e0 Florence dure 4 ou 12 semaines (8 heures par semaine). \u00c0 l\u2019exception des participants au cours mensuel, tous les \u00e9tudiants sans connaissances en dessin technique doivent suivre un module pr\u00e9paratoire de 16 heures de dessin technique et de conception (inclus dans le prix).<\/p>\n<p>Le programme comprend:<\/p>\n<p>\u2022 Aspects de formation technique et des aspects cr\u00e9atifs au stade de la conception du bijou.<\/p>\n<p>\u2022 Repr\u00e9sentation correcte de l\u2019id\u00e9e, \u00e9ducation au go\u00fbt et \u00e0 l\u2019esth\u00e9tique par l\u2019analyse de la forme, d\u00e9veloppement des comp\u00e9tences cr\u00e9atives.<\/p>\n<p>\u2022 Analyse des contraintes techniques dans le rendu d\u2019une id\u00e9e \u00e0 travers les limites impos\u00e9es par la portabilit\u00e9 et le march\u00e9 cible du client.<\/p>\n<p>\u2022 Conception de pi\u00e8ces uniques ou en s\u00e9rie, bijoux modulaires cr\u00e9\u00e9s en grandes et petites s\u00e9ries.<\/p>\n<p>\u2022 Technologie des mat\u00e9riaux et travail industriel et artisanal, analyse \u00e9conomique du projet.<\/p>\n<p>\u2022 Conception d\u2019un ensemble : collier, boucles d\u2019oreilles, broche, bracelet et bague.<\/p>\n<p>Chaque projet implique l\u2019analyse et la s\u00e9lection de mat\u00e9riaux et d\u2019une technique d\u00e9corative. Les graphiques sont dessin\u00e9s au crayon, \u00e0 l\u2019aquarelle et \u00e0 la d\u00e9trempe.<\/p>\n<p>Il y aura \u00e9galement des cours de conception de bijoux assist\u00e9e par ordinateur et des cours de base de gemmologie.<\/p>\n<p>&nbsp;<\/p>\n<\/div>\n<form class=\"variations_form cart\" style=\"box-sizing: border-box; margin: 24px 0px 39px; padding: 20px; border: 2px solid #eeeeee; outline: 0px; font-size: 14px; text-size-adjust: 100%; vertical-align: baseline; background: #ffffff; color: #444444; font-family: 'Open Sans', Arial, sans-serif; font-style: normal; font-variant-ligatures: normal; font-variant-caps: normal; font-weight: 500; letter-spacing: normal; orphans: 2; text-align: left; text-indent: 0px; text-transform: none; widows: 2; word-spacing: 0px; -webkit-text-stroke-width: 0px; white-space: normal; text-decoration-thickness: initial; text-decoration-style: initial; text-decoration-color: initial;\" action=\"https:\/\/www.studiainitalia.com\/fr\/cours\/etudier-a-letranger-a-florence\/cours-de-conception-et-dessin-de-bijoux-a-florence\/\" enctype=\"multipart\/form-data\" method=\"post\" data-product_id=\"87594\" data-product_variations=\"[{&quot;attributes&quot;:{&quot;attribute_number-of-weeks&quot;:&quot;4 semaines (cours uniquement)&quot;},&quot;availability_html&quot;:&quot;&quot;,&quot;backorders_allowed&quot;:false,&quot;dimensions&quot;:{&quot;length&quot;:&quot;&quot;,&quot;width&quot;:&quot;&quot;,&quot;height&quot;:&quot;&quot;},&quot;dimensions_html&quot;:&quot;N\/A&quot;,&quot;display_price&quot;:950,&quot;display_regular_price&quot;:950,&quot;image&quot;:{&quot;title&quot;:&quot;conception-de-bijoux-florence&quot;,&quot;caption&quot;:&quot;&quot;,&quot;url&quot;:&quot;https:\/\/www.studiainitalia.com\/wp-content\/uploads\/2016\/11\/jewellery_design_course_in_Florence-e1490090088338.jpg&quot;,&quot;alt&quot;:&quot;dessin de bijoux&quot;,&quot;src&quot;:&quot;https:\/\/www.studiainitalia.com\/wp-content\/uploads\/2016\/11\/jewellery_design_course_in_Florence-e1490090088338.jpg&quot;,&quot;srcset&quot;:&quot;https:\/\/www.studiainitalia.com\/wp-content\/uploads\/2016\/11\/jewellery_design_course_in_Florence-e1490090088338.jpg 300w, https:\/\/www.studiainitalia.com\/wp-content\/uploads\/2016\/11\/jewellery_design_course_in_Florence-e1490090088338-100x100.jpg 100w&quot;,&quot;sizes&quot;:&quot;(max-width: 300px) 100vw, 300px&quot;,&quot;full_src&quot;:&quot;https:\/\/www.studiainitalia.com\/wp-content\/uploads\/2016\/11\/jewellery_design_course_in_Florence-e1490090088338.jpg&quot;,&quot;full_src_w&quot;:300,&quot;full_src_h&quot;:300,&quot;gallery_thumbnail_src&quot;:&quot;https:\/\/www.studiainitalia.com\/wp-content\/uploads\/2016\/11\/jewellery_design_course_in_Florence-e1490090088338-100x100.jpg&quot;,&quot;gallery_thumbnail_src_w&quot;:100,&quot;gallery_thumbnail_src_h&quot;:100,&quot;thumb_src&quot;:&quot;https:\/\/www.studiainitalia.com\/wp-content\/uploads\/2016\/11\/jewellery_design_course_in_Florence-e1490090088338.jpg&quot;,&quot;thumb_src_w&quot;:300,&quot;thumb_src_h&quot;:300,&quot;src_w&quot;:300,&quot;src_h&quot;:300},&quot;image_id&quot;:87595,&quot;is_downloadable&quot;:false,&quot;is_in_stock&quot;:true,&quot;is_purchasable&quot;:true,&quot;is_sold_individually&quot;:&quot;yes&quot;,&quot;is_virtual&quot;:false,&quot;max_qty&quot;:1,&quot;min_qty&quot;:1,&quot;price_html&quot;:&quot;&lt;span class=&quot;price&quot;&gt;&lt;span class=&quot;woocommerce-Price-amount amount&quot;&gt;&lt;bdi&gt;950&lt;span class=&quot;woocommerce-Price-currencySymbol&quot;&gt;&amp;euro;&lt;\/span&gt;&lt;\/bdi&gt;&lt;\/span&gt;&lt;\/span&gt;&quot;,&quot;sku&quot;:&quot;&quot;,&quot;variation_description&quot;:&quot;&quot;,&quot;variation_id&quot;:87597,&quot;variation_is_active&quot;:true,&quot;variation_is_visible&quot;:true,&quot;weight&quot;:&quot;&quot;,&quot;weight_html&quot;:&quot;N\/A&quot;},{&quot;attributes&quot;:{&quot;attribute_number-of-weeks&quot;:&quot;12 weeks (cours uniquement)&quot;},&quot;availability_html&quot;:&quot;&quot;,&quot;backorders_allowed&quot;:false,&quot;dimensions&quot;:{&quot;length&quot;:&quot;&quot;,&quot;width&quot;:&quot;&quot;,&quot;height&quot;:&quot;&quot;},&quot;dimensions_html&quot;:&quot;N\/A&quot;,&quot;display_price&quot;:2500,&quot;display_regular_price&quot;:2500,&quot;image&quot;:{&quot;title&quot;:&quot;conception-de-bijoux-florence&quot;,&quot;caption&quot;:&quot;&quot;,&quot;url&quot;:&quot;https:\/\/www.studiainitalia.com\/wp-content\/uploads\/2016\/11\/jewellery_design_course_in_Florence-e1490090088338.jpg&quot;,&quot;alt&quot;:&quot;dessin de bijoux&quot;,&quot;src&quot;:&quot;https:\/\/www.studiainitalia.com\/wp-content\/uploads\/2016\/11\/jewellery_design_course_in_Florence-e1490090088338.jpg&quot;,&quot;srcset&quot;:&quot;https:\/\/www.studiainitalia.com\/wp-content\/uploads\/2016\/11\/jewellery_design_course_in_Florence-e1490090088338.jpg 300w, https:\/\/www.studiainitalia.com\/wp-content\/uploads\/2016\/11\/jewellery_design_course_in_Florence-e1490090088338-100x100.jpg 100w&quot;,&quot;sizes&quot;:&quot;(max-width: 300px) 100vw, 300px&quot;,&quot;full_src&quot;:&quot;https:\/\/www.studiainitalia.com\/wp-content\/uploads\/2016\/11\/jewellery_design_course_in_Florence-e1490090088338.jpg&quot;,&quot;full_src_w&quot;:300,&quot;full_src_h&quot;:300,&quot;gallery_thumbnail_src&quot;:&quot;https:\/\/www.studiainitalia.com\/wp-content\/uploads\/2016\/11\/jewellery_design_course_in_Florence-e1490090088338-100x100.jpg&quot;,&quot;gallery_thumbnail_src_w&quot;:100,&quot;gallery_thumbnail_src_h&quot;:100,&quot;thumb_src&quot;:&quot;https:\/\/www.studiainitalia.com\/wp-content\/uploads\/2016\/11\/jewellery_design_course_in_Florence-e1490090088338.jpg&quot;,&quot;thumb_src_w&quot;:300,&quot;thumb_src_h&quot;:300,&quot;src_w&quot;:300,&quot;src_h&quot;:300},&quot;image_id&quot;:87595,&quot;is_downloadable&quot;:false,&quot;is_in_stock&quot;:true,&quot;is_purchasable&quot;:true,&quot;is_sold_individually&quot;:&quot;yes&quot;,&quot;is_virtual&quot;:false,&quot;max_qty&quot;:1,&quot;min_qty&quot;:1,&quot;price_html&quot;:&quot;&lt;span class=&quot;price&quot;&gt;&lt;span class=&quot;woocommerce-Price-amount amount&quot;&gt;&lt;bdi&gt;2.500&lt;span class=&quot;woocommerce-Price-currencySymbol&quot;&gt;&amp;euro;&lt;\/span&gt;&lt;\/bdi&gt;&lt;\/span&gt;&lt;\/span&gt;&quot;,&quot;sku&quot;:&quot;&quot;,&quot;variation_description&quot;:&quot;&quot;,&quot;variation_id&quot;:87599,&quot;variation_is_active&quot;:true,&quot;variation_is_visible&quot;:true,&quot;weight&quot;:&quot;&quot;,&quot;weight_html&quot;:&quot;N\/A&quot;}]\"><\/form>\n","protected":false},"featured_media":119025,"comment_status":"open","ping_status":"closed","template":"","meta":{"_acf_changed":false,"_uag_custom_page_level_css":"","_kad_blocks_custom_css":"","_kad_blocks_head_custom_js":"","_kad_blocks_body_custom_js":"","_kad_blocks_footer_custom_js":"","site-sidebar-layout":"default","site-content-layout":"default","ast-site-content-layout":"default","site-content-style":"default","site-sidebar-style":"default","ast-global-header-display":"","ast-banner-title-visibility":"","ast-main-header-display":"","ast-hfb-above-header-display":"","ast-hfb-below-header-display":"","ast-hfb-mobile-header-display":"","site-post-title":"","ast-breadcrumbs-content":"","ast-featured-img":"","footer-sml-layout":"","ast-disable-related-posts":"","theme-transparent-header-meta":"default","adv-header-id-meta":"","stick-header-meta":"default","header-above-stick-meta":"","header-main-stick-meta":"","header-below-stick-meta":"","astra-migrate-meta-layouts":"set","ast-page-background-enabled":"default","ast-page-background-meta":{"desktop":{"background-color":"var(--ast-global-color-4)","background-image":"","background-repeat":"repeat","background-position":"center center","background-size":"auto","background-attachment":"scroll","background-type":"","background-media":"","overlay-type":"","overlay-color":"","overlay-opacity":"","overlay-gradient":""},"tablet":{"background-color":"","background-image":"","background-repeat":"repeat","background-position":"center center","background-size":"auto","background-attachment":"scroll","background-type":"","background-media":"","overlay-type":"","overlay-color":"","overlay-opacity":"","overlay-gradient":""},"mobile":{"background-color":"","background-image":"","background-repeat":"repeat","background-position":"center center","background-size":"auto","background-attachment":"scroll","background-type":"","background-media":"","overlay-type":"","overlay-color":"","overlay-opacity":"","overlay-gradient":""}},"ast-content-background-meta":{"desktop":{"background-color":"var(--ast-global-color-5)","background-image":"","background-repeat":"repeat","background-position":"center center","background-size":"auto","background-attachment":"scroll","background-type":"","background-media":"","overlay-type":"","overlay-color":"","overlay-opacity":"","overlay-gradient":""},"tablet":{"background-color":"var(--ast-global-color-5)","background-image":"","background-repeat":"repeat","background-position":"center center","background-size":"auto","background-attachment":"scroll","background-type":"","background-media":"","overlay-type":"","overlay-color":"","overlay-opacity":"","overlay-gradient":""},"mobile":{"background-color":"var(--ast-global-color-5)","background-image":"","background-repeat":"repeat","background-position":"center center","background-size":"auto","background-attachment":"scroll","background-type":"","background-media":"","overlay-type":"","overlay-color":"","overlay-opacity":"","overlay-gradient":""}}},"section":[],"product_brand":[],"product_cat":[1351,1276],"product_tag":[1886],"class_list":{"0":"post-188902","1":"product","2":"type-product","3":"status-publish","4":"has-post-thumbnail","6":"product_cat-creation-de-bijoux","7":"product_cat-etudier-a-letranger-a-florence","8":"product_tag-etranger-a-florence","9":"desktop-align-left","10":"tablet-align-left","11":"mobile-align-left","12":"ast-product-gallery-layout-horizontal-slider","13":"ast-product-single-variable","14":"ast-product-tabs-layout-horizontal","15":"ast-qv-on-image-click","17":"first","18":"instock","19":"sold-individually","20":"shipping-taxable","21":"purchasable","22":"product-type-variable","23":"has-default-attributes"},"acf":[],"taxonomy_info":{"product_cat":[{"value":1351,"label":"Cr\u00e9ation de bijoux"},{"value":1276,"label":"Cursos en Florencia"}],"product_tag":[{"value":1886,"label":"\u00e9tranger \u00e0 Florence"}]},"featured_image_src_large":["https:\/\/www.studiainitalia.com\/wp-content\/uploads\/2016\/11\/jewellery_design_course_in_Florence-e1490090088338.jpg",300,300,false],"author_info":[],"comment_info":0,"uagb_featured_image_src":{"full":["https:\/\/www.studiainitalia.com\/wp-content\/uploads\/2016\/11\/jewellery_design_course_in_Florence-e1490090088338.jpg",300,300,false],"thumbnail":["https:\/\/www.studiainitalia.com\/wp-content\/uploads\/2016\/11\/jewellery_design_course_in_Florence-150x150.jpg",96,96,true],"medium":["https:\/\/www.studiainitalia.com\/wp-content\/uploads\/2016\/11\/jewellery_design_course_in_Florence-300x300.jpg",300,300,true],"medium_large":["https:\/\/www.studiainitalia.com\/wp-content\/uploads\/2016\/11\/jewellery_design_course_in_Florence-e1490090088338.jpg",300,300,false],"large":["https:\/\/www.studiainitalia.com\/wp-content\/uploads\/2016\/11\/jewellery_design_course_in_Florence-e1490090088338.jpg",300,300,false],"1536x1536":["https:\/\/www.studiainitalia.com\/wp-content\/uploads\/2016\/11\/jewellery_design_course_in_Florence-e1490090088338.jpg",300,300,false],"2048x2048":["https:\/\/www.studiainitalia.com\/wp-content\/uploads\/2016\/11\/jewellery_design_course_in_Florence-e1490090088338.jpg",300,300,false],"ultp_layout_landscape_large":["https:\/\/www.studiainitalia.com\/wp-content\/uploads\/2016\/11\/jewellery_design_course_in_Florence-e1490090088338.jpg",300,300,false],"ultp_layout_landscape":["https:\/\/www.studiainitalia.com\/wp-content\/uploads\/2016\/11\/jewellery_design_course_in_Florence-e1490090088338.jpg",300,300,false],"ultp_layout_portrait":["https:\/\/www.studiainitalia.com\/wp-content\/uploads\/2016\/11\/jewellery_design_course_in_Florence-e1490090088338.jpg",300,300,false],"ultp_layout_square":["https:\/\/www.studiainitalia.com\/wp-content\/uploads\/2016\/11\/jewellery_design_course_in_Florence-e1490090088338.jpg",300,300,false],"gform-image-choice-sm":["https:\/\/www.studiainitalia.com\/wp-content\/uploads\/2016\/11\/jewellery_design_course_in_Florence-e1490090088338.jpg",300,300,false],"gform-image-choice-md":["https:\/\/www.studiainitalia.com\/wp-content\/uploads\/2016\/11\/jewellery_design_course_in_Florence-e1490090088338.jpg",300,300,false],"gform-image-choice-lg":["https:\/\/www.studiainitalia.com\/wp-content\/uploads\/2016\/11\/jewellery_design_course_in_Florence-e1490090088338.jpg",300,300,false],"woocommerce_thumbnail":["https:\/\/www.studiainitalia.com\/wp-content\/uploads\/2016\/11\/jewellery_design_course_in_Florence-e1490090088338.jpg",300,300,false],"woocommerce_single":["https:\/\/www.studiainitalia.com\/wp-content\/uploads\/2016\/11\/jewellery_design_course_in_Florence-e1490090088338.jpg",300,300,false],"woocommerce_gallery_thumbnail":["https:\/\/www.studiainitalia.com\/wp-content\/uploads\/2016\/11\/jewellery_design_course_in_Florence-e1490090088338-100x100.jpg",100,100,true],"yarpp-thumbnail":["https:\/\/www.studiainitalia.com\/wp-content\/uploads\/2016\/11\/jewellery_design_course_in_Florence-e1490090088338.jpg",120,120,false]},"uagb_author_info":{"display_name":"Javier Diaz","author_link":"https:\/\/www.studiainitalia.com\/fr\/author\/"},"uagb_comment_info":0,"uagb_excerpt":"Vous souhaitez devenir cr\u00e9ateur de bijoux? &nbsp; Notre cours de conception et de dessin technique de bijoux \u00e0 Florence dure 4 ou 12 semaines (8 heures par semaine). \u00c0 l\u2019exception des participants au cours mensuel, tous les \u00e9tudiants sans connaissances en dessin technique doivent suivre un module pr\u00e9paratoire de 16 heures de dessin technique et\u2026","_links":{"self":[{"href":"https:\/\/www.studiainitalia.com\/fr\/wp-json\/wp\/v2\/product\/188902","targetHints":{"allow":["GET"]}}],"collection":[{"href":"https:\/\/www.studiainitalia.com\/fr\/wp-json\/wp\/v2\/product"}],"about":[{"href":"https:\/\/www.studiainitalia.com\/fr\/wp-json\/wp\/v2\/types\/product"}],"replies":[{"embeddable":true,"href":"https:\/\/www.studiainitalia.com\/fr\/wp-json\/wp\/v2\/comments?post=188902"}],"wp:featuredmedia":[{"embeddable":true,"href":"https:\/\/www.studiainitalia.com\/fr\/wp-json\/wp\/v2\/media\/119025"}],"wp:attachment":[{"href":"https:\/\/www.studiainitalia.com\/fr\/wp-json\/wp\/v2\/media?parent=188902"}],"wp:term":[{"taxonomy":"section","embeddable":true,"href":"https:\/\/www.studiainitalia.com\/fr\/wp-json\/wp\/v2\/section?post=188902"},{"taxonomy":"product_brand","embeddable":true,"href":"https:\/\/www.studiainitalia.com\/fr\/wp-json\/wp\/v2\/product_brand?post=188902"},{"taxonomy":"product_cat","embeddable":true,"href":"https:\/\/www.studiainitalia.com\/fr\/wp-json\/wp\/v2\/product_cat?post=188902"},{"taxonomy":"product_tag","embeddable":true,"href":"https:\/\/www.studiainitalia.com\/fr\/wp-json\/wp\/v2\/product_tag?post=188902"}],"curies":[{"name":"wp","href":"https:\/\/api.w.org\/{rel}","templated":true}]}}