{"id":188940,"date":"2016-11-14T14:22:47","date_gmt":"2016-11-14T13:22:47","guid":{"rendered":"https:\/\/www.studiainitalia.com\/courses\/non%20class\u00e9\/cours-de-bijoux-a-florence\/"},"modified":"2026-05-10T13:55:00","modified_gmt":"2026-05-10T11:55:00","slug":"cours-de-bijouterie-a-florence","status":"publish","type":"product","link":"https:\/\/www.studiainitalia.com\/fr\/cours\/etudier-a-letranger-a-florence\/cours-de-bijouterie-a-florence\/","title":{"rendered":"Cours de bijouterie \u00e0 Florence"},"content":{"rendered":"<h2>Cours de bijouterie<\/h2>\n<p>&nbsp;<\/p>\n<p>Notre \u00e9cole de bijouterie \u00e0 Florence est situ\u00e9e dans le centre historique de la ville, \u00e0 deux pas du Ponte Vecchio, dans le quartier de Santo Spirito, c\u00e9l\u00e8bre pour ses orf\u00e8vres et ses joailliers, ses artistes et ses artisans.<\/p>\n<p>Il est install\u00e9 dans un palais de la Renaissance et dispose d\u2019un grand atelier bien \u00e9quip\u00e9 contenant des \u00e9tablis professionnels individuels, des outils et des \u00e9quipements pour les diff\u00e9rentes sp\u00e9cialisations.<\/p>\n<p>Il y a aussi des machines pour l\u2019ex\u00e9cution du cycle complet de moulage de pr\u00e9cision et des salles de classe pour le dessin et la conception, \u00e0 main lev\u00e9e et assist\u00e9e par ordinateur.<\/p>\n<h3><\/h3>\n\n<table id=\"tablepress-735\" class=\"tablepress tablepress-id-735 tbody-has-connected-cells\">\n<thead>\n<tr class=\"row-1\">\n\t<th colspan=\"6\" class=\"column-1\">Dates de d\u00e9but 2026<\/th>\n<\/tr>\n<\/thead>\n<tbody class=\"row-striping row-hover\">\n<tr class=\"row-2\">\n\t<td class=\"column-1\">Janvier<\/td><td class=\"column-2\">5<\/td><td class=\"column-3\">Mai<\/td><td class=\"column-4\">18<\/td><td class=\"column-5\">Septembre<\/td><td class=\"column-6\">7<\/td>\n<\/tr>\n<tr class=\"row-3\">\n\t<td class=\"column-1\">F\u00e9vrier<\/td><td class=\"column-2\">2<\/td><td class=\"column-3\">Juin<\/td><td class=\"column-4\">8<\/td><td class=\"column-5\">Octobre<\/td><td class=\"column-6\">5<\/td>\n<\/tr>\n<tr class=\"row-4\">\n\t<td class=\"column-1\">Mars<\/td><td class=\"column-2\">2, 30<\/td><td class=\"column-3\">Juillet<\/td><td class=\"column-4\">6<\/td><td class=\"column-5\">Novembre<\/td><td class=\"column-6\">2, 23<\/td>\n<\/tr>\n<tr class=\"row-5\">\n\t<td class=\"column-1\">Avril<\/td><td class=\"column-2\">20<\/td><td class=\"column-3\">Ao\u00fbt<\/td><td class=\"column-4\">Ferm\u00e9<\/td><td class=\"column-5\">Decembre<\/td><td class=\"column-6\"><\/td>\n<\/tr>\n<tr class=\"row-6\">\n\t<td colspan=\"6\" class=\"column-1\">L'\u00e9cole sera ferm\u00e9e les jours f\u00e9ri\u00e9s suivants: Epiphanie (06\/01), Lundi de P\u00e2ques, Jour de la Lib\u00e9ration de l'Italie (25\/04), F\u00eate des Travailleurs (01\/05), F\u00eate de la R\u00e9publique (02\/06), 24\/06, Ferragosto (15 \/ 08), Tous les Saints (01\/11), Immacul\u00e9e Conception (8\/12), vacances de No\u00ebl et nouvel an.<\/td>\n<\/tr>\n<\/tbody>\n<\/table>\n<!-- #tablepress-735 from cache -->\n<p>&nbsp;<\/p>\n","protected":false},"excerpt":{"rendered":"<h2><strong>D\u00e9couvrez les secrets des techniques de joaillerie italiennes!<\/strong><\/h2>\n<p>&nbsp;<\/p>\n<p><strong>L\u2019Italie est mondialement connue pour ses bijoux. <\/strong><\/p>\n<p>Les cours de cr\u00e9ation de bijoux \u00e0 Florence sont propos\u00e9s \u00e0 deux niveaux diff\u00e9rents : de\u00a0<strong>base<\/strong>\u00a0et\u00a0<strong>avanc\u00e9<\/strong>.<\/p>\n<p>Nos <strong>cours de base<\/strong> en bijouterie \u00e0 Florence (20 heures hebdomadaires ; 4, 12, 24, 36 ou 72 semaines) sont ax\u00e9s sur l\u2019\u00e9tude des caract\u00e9ristiques et du comportement des m\u00e9taux pendant le travail \u2013 laminage, tr\u00e9filage, soudure.<\/p>\n<ul>\n<li>Construction d\u2019un bijou : les diff\u00e9rents composants et leurs combinaisons, l\u2019assemblage des pi\u00e8ces (soudure ou assemblage m\u00e9canique). Le modelage en cire chaude et froide, en plasticine, coul\u00e9e en silicone chaude et froide et rudiments de coul\u00e9e : bagues avec diff\u00e9rents types de tiges. La\u00a0 pr\u00e9paration des collets pour pierres cabochon et \u00e0 facettes, boucles d\u2019oreilles, pendentifs et colliers avec des m\u00e9canismes de fermoirs articul\u00e9s.<\/li>\n<li>La\u00a0 construction d\u2019articulations \u00e0 charni\u00e8re, goupilles tunnelis\u00e9es avec des fermoirs \u00e0 deux goupilles, bracelets avec des fermoirs \u00e0 pression.<\/li>\n<li>Finition des pi\u00e8ces enduites, rodage, nettoyage et polissage. Diff\u00e9rents types de proc\u00e9d\u00e9s d\u2019am\u00e9lioration des bijoux. Pratique du sertissage et de la gravure.<\/li>\n<\/ul>\n<p>Nos\u00a0<strong>cours avanc\u00e9s<\/strong>\u00a0de bijouterie \u00e0 Florence (4, 12, 24 ou 36 semaines) comprennent l\u2019\u00e9tude des techniques utilis\u00e9es dans l\u2019artisanat de la bijouterie : dessin, laminage, per\u00e7age, soudure, grattage et embellissement.<\/p>\n<ul>\n<li>Modelage \u00e0 chaud et \u00e0 froid en cire, modelage en plasticine et les moulages correspondants en silicone, et coulage.<\/li>\n<li>Rendu de pi\u00e8ces d\u2019apr\u00e8s des dessins et des mod\u00e8les : bagues, boucles d\u2019oreilles, pendentifs, bracelets et colliers avec des m\u00e9canismes de fermoirs et des articulations complexes.<\/li>\n<li>Proc\u00e9d\u00e9s de finition des pi\u00e8ces rendues, rodage, nettoyage et polissage. Diff\u00e9rents types de proc\u00e9d\u00e9s d\u2019am\u00e9lioration des bijoux.<\/li>\n<li>Pratique du sertissage de la pierre, et techniques d\u2019\u00e9maillage au four et de gravure au poin\u00e7on.<\/li>\n<\/ul>\n","protected":false},"featured_media":119049,"comment_status":"open","ping_status":"closed","template":"","meta":{"_acf_changed":false,"_uag_custom_page_level_css":"","_kad_blocks_custom_css":"","_kad_blocks_head_custom_js":"","_kad_blocks_body_custom_js":"","_kad_blocks_footer_custom_js":"","site-sidebar-layout":"default","site-content-layout":"default","ast-site-content-layout":"default","site-content-style":"default","site-sidebar-style":"default","ast-global-header-display":"","ast-banner-title-visibility":"","ast-main-header-display":"","ast-hfb-above-header-display":"","ast-hfb-below-header-display":"","ast-hfb-mobile-header-display":"","site-post-title":"","ast-breadcrumbs-content":"","ast-featured-img":"","footer-sml-layout":"","ast-disable-related-posts":"","theme-transparent-header-meta":"default","adv-header-id-meta":"","stick-header-meta":"default","header-above-stick-meta":"","header-main-stick-meta":"","header-below-stick-meta":"","astra-migrate-meta-layouts":"set","ast-page-background-enabled":"default","ast-page-background-meta":{"desktop":{"background-color":"var(--ast-global-color-4)","background-image":"","background-repeat":"repeat","background-position":"center center","background-size":"auto","background-attachment":"scroll","background-type":"","background-media":"","overlay-type":"","overlay-color":"","overlay-opacity":"","overlay-gradient":""},"tablet":{"background-color":"","background-image":"","background-repeat":"repeat","background-position":"center center","background-size":"auto","background-attachment":"scroll","background-type":"","background-media":"","overlay-type":"","overlay-color":"","overlay-opacity":"","overlay-gradient":""},"mobile":{"background-color":"","background-image":"","background-repeat":"repeat","background-position":"center center","background-size":"auto","background-attachment":"scroll","background-type":"","background-media":"","overlay-type":"","overlay-color":"","overlay-opacity":"","overlay-gradient":""}},"ast-content-background-meta":{"desktop":{"background-color":"var(--ast-global-color-5)","background-image":"","background-repeat":"repeat","background-position":"center center","background-size":"auto","background-attachment":"scroll","background-type":"","background-media":"","overlay-type":"","overlay-color":"","overlay-opacity":"","overlay-gradient":""},"tablet":{"background-color":"var(--ast-global-color-5)","background-image":"","background-repeat":"repeat","background-position":"center center","background-size":"auto","background-attachment":"scroll","background-type":"","background-media":"","overlay-type":"","overlay-color":"","overlay-opacity":"","overlay-gradient":""},"mobile":{"background-color":"var(--ast-global-color-5)","background-image":"","background-repeat":"repeat","background-position":"center center","background-size":"auto","background-attachment":"scroll","background-type":"","background-media":"","overlay-type":"","overlay-color":"","overlay-opacity":"","overlay-gradient":""}}},"section":[],"product_brand":[],"product_cat":[1351,1276],"product_tag":[1886],"class_list":{"0":"post-188940","1":"product","2":"type-product","3":"status-publish","4":"has-post-thumbnail","6":"product_cat-creation-de-bijoux","7":"product_cat-etudier-a-letranger-a-florence","8":"product_tag-etranger-a-florence","9":"desktop-align-left","10":"tablet-align-left","11":"mobile-align-left","12":"ast-product-gallery-layout-horizontal-slider","13":"ast-product-single-variable","14":"ast-product-tabs-layout-horizontal","15":"ast-qv-on-image-click","17":"first","18":"instock","19":"sold-individually","20":"shipping-taxable","21":"purchasable","22":"product-type-variable","23":"has-default-attributes"},"acf":[],"taxonomy_info":{"product_cat":[{"value":1351,"label":"Cr\u00e9ation de bijoux"},{"value":1276,"label":"Cursos en Florencia"}],"product_tag":[{"value":1886,"label":"\u00e9tranger \u00e0 Florence"}]},"featured_image_src_large":["https:\/\/www.studiainitalia.com\/wp-content\/uploads\/2016\/11\/jewellery-florence-e1490090035660.jpg",300,302,false],"author_info":[],"comment_info":0,"uagb_featured_image_src":{"full":["https:\/\/www.studiainitalia.com\/wp-content\/uploads\/2016\/11\/jewellery-florence-e1490090035660.jpg",300,302,false],"thumbnail":["https:\/\/www.studiainitalia.com\/wp-content\/uploads\/2016\/11\/jewellery-florence-150x150.jpg",96,96,true],"medium":["https:\/\/www.studiainitalia.com\/wp-content\/uploads\/2016\/11\/jewellery-florence-300x300.jpg",300,300,true],"medium_large":["https:\/\/www.studiainitalia.com\/wp-content\/uploads\/2016\/11\/jewellery-florence-e1490090035660.jpg",300,302,false],"large":["https:\/\/www.studiainitalia.com\/wp-content\/uploads\/2016\/11\/jewellery-florence-e1490090035660.jpg",300,302,false],"1536x1536":["https:\/\/www.studiainitalia.com\/wp-content\/uploads\/2016\/11\/jewellery-florence-e1490090035660.jpg",300,302,false],"2048x2048":["https:\/\/www.studiainitalia.com\/wp-content\/uploads\/2016\/11\/jewellery-florence-e1490090035660.jpg",300,302,false],"ultp_layout_landscape_large":["https:\/\/www.studiainitalia.com\/wp-content\/uploads\/2016\/11\/jewellery-florence-e1490090035660.jpg",300,302,false],"ultp_layout_landscape":["https:\/\/www.studiainitalia.com\/wp-content\/uploads\/2016\/11\/jewellery-florence-e1490090035660.jpg",300,302,false],"ultp_layout_portrait":["https:\/\/www.studiainitalia.com\/wp-content\/uploads\/2016\/11\/jewellery-florence-e1490090035660.jpg",300,302,false],"ultp_layout_square":["https:\/\/www.studiainitalia.com\/wp-content\/uploads\/2016\/11\/jewellery-florence-e1490090035660.jpg",300,302,false],"gform-image-choice-sm":["https:\/\/www.studiainitalia.com\/wp-content\/uploads\/2016\/11\/jewellery-florence-e1490090035660.jpg",298,300,false],"gform-image-choice-md":["https:\/\/www.studiainitalia.com\/wp-content\/uploads\/2016\/11\/jewellery-florence-e1490090035660.jpg",300,302,false],"gform-image-choice-lg":["https:\/\/www.studiainitalia.com\/wp-content\/uploads\/2016\/11\/jewellery-florence-e1490090035660.jpg",300,302,false],"woocommerce_thumbnail":["https:\/\/www.studiainitalia.com\/wp-content\/uploads\/2016\/11\/jewellery-florence-e1490090035660-300x300.jpg",300,300,true],"woocommerce_single":["https:\/\/www.studiainitalia.com\/wp-content\/uploads\/2016\/11\/jewellery-florence-e1490090035660.jpg",300,302,false],"woocommerce_gallery_thumbnail":["https:\/\/www.studiainitalia.com\/wp-content\/uploads\/2016\/11\/jewellery-florence-e1490090035660-100x100.jpg",100,100,true],"yarpp-thumbnail":["https:\/\/www.studiainitalia.com\/wp-content\/uploads\/2016\/11\/jewellery-florence-e1490090035660.jpg",120,120,false]},"uagb_author_info":{"display_name":"Javier Diaz","author_link":"https:\/\/www.studiainitalia.com\/fr\/author\/"},"uagb_comment_info":0,"uagb_excerpt":"D\u00e9couvrez les secrets des techniques de joaillerie italiennes! &nbsp; L\u2019Italie est mondialement connue pour ses bijoux. Les cours de cr\u00e9ation de bijoux \u00e0 Florence sont propos\u00e9s \u00e0 deux niveaux diff\u00e9rents : de\u00a0base\u00a0et\u00a0avanc\u00e9. Nos cours de base en bijouterie \u00e0 Florence (20 heures hebdomadaires ; 4, 12, 24, 36 ou 72 semaines) sont ax\u00e9s sur l\u2019\u00e9tude\u2026","_links":{"self":[{"href":"https:\/\/www.studiainitalia.com\/fr\/wp-json\/wp\/v2\/product\/188940","targetHints":{"allow":["GET"]}}],"collection":[{"href":"https:\/\/www.studiainitalia.com\/fr\/wp-json\/wp\/v2\/product"}],"about":[{"href":"https:\/\/www.studiainitalia.com\/fr\/wp-json\/wp\/v2\/types\/product"}],"replies":[{"embeddable":true,"href":"https:\/\/www.studiainitalia.com\/fr\/wp-json\/wp\/v2\/comments?post=188940"}],"wp:featuredmedia":[{"embeddable":true,"href":"https:\/\/www.studiainitalia.com\/fr\/wp-json\/wp\/v2\/media\/119049"}],"wp:attachment":[{"href":"https:\/\/www.studiainitalia.com\/fr\/wp-json\/wp\/v2\/media?parent=188940"}],"wp:term":[{"taxonomy":"section","embeddable":true,"href":"https:\/\/www.studiainitalia.com\/fr\/wp-json\/wp\/v2\/section?post=188940"},{"taxonomy":"product_brand","embeddable":true,"href":"https:\/\/www.studiainitalia.com\/fr\/wp-json\/wp\/v2\/product_brand?post=188940"},{"taxonomy":"product_cat","embeddable":true,"href":"https:\/\/www.studiainitalia.com\/fr\/wp-json\/wp\/v2\/product_cat?post=188940"},{"taxonomy":"product_tag","embeddable":true,"href":"https:\/\/www.studiainitalia.com\/fr\/wp-json\/wp\/v2\/product_tag?post=188940"}],"curies":[{"name":"wp","href":"https:\/\/api.w.org\/{rel}","templated":true}]}}