{"id":188969,"date":"2016-11-14T12:54:07","date_gmt":"2016-11-14T11:54:07","guid":{"rendered":"https:\/\/www.studiainitalia.com\/courses\/non%20class\u00e9\/handmade-bags-course-in-florence\/"},"modified":"2025-12-19T18:56:07","modified_gmt":"2025-12-19T17:56:07","slug":"cours-de-sacs-faits-a-main-a-florence","status":"publish","type":"product","link":"https:\/\/www.studiainitalia.com\/fr\/cours\/etudier-a-letranger-a-florence\/cours-de-sacs-faits-a-main-a-florence\/","title":{"rendered":"Cours de sacs faits \u00e0 main \u00e0 Florence"},"content":{"rendered":"<p>&nbsp;<\/p>\n<div class=\"one_half et_column_last\">\n<h2><strong>Cours de sacs faits \u00e0 main<\/strong><\/h2>\n<p>&nbsp;<\/p>\n<p>Notre cours de sacs faits main se d\u00e9roule \u00e0 Florence. Ce cours de fabrication de sacs en Italie est parfait si vous souhaitez apprendre rapidement et profond\u00e9ment.<\/p>\n<p>L\u2019artisan vous apprendra les vraies techniques italiennes des sacs en cuir\u00a0<strong>Made in Italy<\/strong>. De plus, vous aurez un artisan qui vous apprendra les curiosit\u00e9s et les astuces d\u2019un m\u00e9tier qui pratique \u00e9galement l\u2019\u00e9co-durabilit\u00e9.<\/p>\n<p>&nbsp;<\/p>\n<p><span class=\"JLqJ4b ChMk0b\" data-language-for-alternatives=\"fr\" data-language-to-translate-into=\"en\" data-phrase-index=\"10\">Vous d\u00e9couvrirez une autre Italie, loin des sentiers battus.<\/span><\/p>\n<p>Profitez de notre cours sur les sacs faits \u00e0 la main!<\/p>\n<\/div>\n<div class=\"clear\"><\/div>\n<div class=\"one_half\">\n<div class=\"perfmatters-lazy-youtube\" data-src=\"https:\/\/www.youtube.com\/embed\/_3VFeJDMAZ4\" data-id=\"_3VFeJDMAZ4\" data-query=\"\">\n<div>\n<p>&nbsp;<\/p>\n<\/div>\n<\/div>\n<\/div>\n<div class=\"aiosrs-rating-wrap\" data-schema-id=\"90691\">\n<div class=\"aiosrs-rating-summary-wrap\"><\/div>\n<\/div>\n","protected":false},"excerpt":{"rendered":"<h2>\u00a0Si vous recherchez un cours de travail du cuir pour un hobby ou pour une carri\u00e8re professionnelle, nous vous proposons ce cours d\u2019artisanat professionnel<\/h2>\n<p>&nbsp;<\/p>\n<p>Il s\u2019agit d\u2019un cours de professionnalisation\u00a0 de courte dur\u00e9e (3 semaines). Les \u00e9l\u00e8ves, sous la supervision constante d\u2019un ma\u00eetre artisan, apprendront \u00e0 travailler le cuir en cr\u00e9ant un objet sp\u00e9cifique, g\u00e9n\u00e9ralement un sac, enti\u00e8rement r\u00e9alis\u00e9 \u00e0 la main sans machine \u00e0 coudre.<\/p>\n<p>Les \u00e9l\u00e8ves utilisent des instruments traditionnels et artisanaux, des couteaux, des aiguilles et des fils, pour effectuer toutes les phases de d\u00e9coupage, de per\u00e7age, de pr\u00e9paration et de couture du cuir, d\u00e9veloppant ainsi leurs comp\u00e9tences manuelles et leur cr\u00e9ativit\u00e9.<\/p>\n<p>\u00c0 la fin du cours, ils pourront cr\u00e9er le sac qu\u2019ils auront con\u00e7u.<\/p>\n<p>Les cours commencent en juillet<\/p>\n","protected":false},"featured_media":199892,"comment_status":"open","ping_status":"closed","template":"","meta":{"_acf_changed":false,"_uag_custom_page_level_css":"","_kad_blocks_custom_css":"","_kad_blocks_head_custom_js":"","_kad_blocks_body_custom_js":"","_kad_blocks_footer_custom_js":"","site-sidebar-layout":"default","site-content-layout":"default","ast-site-content-layout":"default","site-content-style":"default","site-sidebar-style":"default","ast-global-header-display":"","ast-banner-title-visibility":"","ast-main-header-display":"","ast-hfb-above-header-display":"","ast-hfb-below-header-display":"","ast-hfb-mobile-header-display":"","site-post-title":"","ast-breadcrumbs-content":"","ast-featured-img":"","footer-sml-layout":"","ast-disable-related-posts":"","theme-transparent-header-meta":"default","adv-header-id-meta":"","stick-header-meta":"default","header-above-stick-meta":"","header-main-stick-meta":"","header-below-stick-meta":"","astra-migrate-meta-layouts":"set","ast-page-background-enabled":"default","ast-page-background-meta":{"desktop":{"background-color":"var(--ast-global-color-4)","background-image":"","background-repeat":"repeat","background-position":"center center","background-size":"auto","background-attachment":"scroll","background-type":"","background-media":"","overlay-type":"","overlay-color":"","overlay-opacity":"","overlay-gradient":""},"tablet":{"background-color":"","background-image":"","background-repeat":"repeat","background-position":"center center","background-size":"auto","background-attachment":"scroll","background-type":"","background-media":"","overlay-type":"","overlay-color":"","overlay-opacity":"","overlay-gradient":""},"mobile":{"background-color":"","background-image":"","background-repeat":"repeat","background-position":"center center","background-size":"auto","background-attachment":"scroll","background-type":"","background-media":"","overlay-type":"","overlay-color":"","overlay-opacity":"","overlay-gradient":""}},"ast-content-background-meta":{"desktop":{"background-color":"var(--ast-global-color-5)","background-image":"","background-repeat":"repeat","background-position":"center center","background-size":"auto","background-attachment":"scroll","background-type":"","background-media":"","overlay-type":"","overlay-color":"","overlay-opacity":"","overlay-gradient":""},"tablet":{"background-color":"var(--ast-global-color-5)","background-image":"","background-repeat":"repeat","background-position":"center center","background-size":"auto","background-attachment":"scroll","background-type":"","background-media":"","overlay-type":"","overlay-color":"","overlay-opacity":"","overlay-gradient":""},"mobile":{"background-color":"var(--ast-global-color-5)","background-image":"","background-repeat":"repeat","background-position":"center center","background-size":"auto","background-attachment":"scroll","background-type":"","background-media":"","overlay-type":"","overlay-color":"","overlay-opacity":"","overlay-gradient":""}}},"section":[],"product_brand":[],"product_cat":[1339,1276],"product_tag":[],"class_list":{"0":"post-188969","1":"product","2":"type-product","3":"status-publish","4":"has-post-thumbnail","6":"product_cat-cours-dartisanat","7":"product_cat-etudier-a-letranger-a-florence","8":"desktop-align-left","9":"tablet-align-left","10":"mobile-align-left","11":"ast-product-gallery-layout-horizontal-slider","12":"ast-product-gallery-with-no-image","13":"ast-product-single-variable","14":"ast-product-tabs-layout-horizontal","15":"ast-qv-on-image-click","17":"first","18":"instock","19":"sold-individually","20":"shipping-taxable","21":"purchasable","22":"product-type-variable"},"acf":[],"taxonomy_info":{"product_cat":[{"value":1339,"label":"Cours d'artisanat"},{"value":1276,"label":"Cursos en Florencia"}]},"featured_image_src_large":["https:\/\/www.studiainitalia.com\/wp-content\/uploads\/2024\/10\/045-schola-sede-220410-ph-stefano-casati-02966.jpg",1365,2048,false],"author_info":[],"comment_info":1,"uagb_featured_image_src":{"full":["https:\/\/www.studiainitalia.com\/wp-content\/uploads\/2024\/10\/045-schola-sede-220410-ph-stefano-casati-02966.jpg",1365,2048,false],"thumbnail":["https:\/\/www.studiainitalia.com\/wp-content\/uploads\/2024\/10\/045-schola-sede-220410-ph-stefano-casati-02966.jpg",64,96,false],"medium":["https:\/\/www.studiainitalia.com\/wp-content\/uploads\/2024\/10\/045-schola-sede-220410-ph-stefano-casati-02966.jpg",1365,2048,false],"medium_large":["https:\/\/www.studiainitalia.com\/wp-content\/uploads\/2024\/10\/045-schola-sede-220410-ph-stefano-casati-02966-768x1152.jpg",768,1152,true],"large":["https:\/\/www.studiainitalia.com\/wp-content\/uploads\/2024\/10\/045-schola-sede-220410-ph-stefano-casati-02966.jpg",1365,2048,false],"1536x1536":["https:\/\/www.studiainitalia.com\/wp-content\/uploads\/2024\/10\/045-schola-sede-220410-ph-stefano-casati-02966-1024x1536.jpg",1024,1536,true],"2048x2048":["https:\/\/www.studiainitalia.com\/wp-content\/uploads\/2024\/10\/045-schola-sede-220410-ph-stefano-casati-02966.jpg",1365,2048,false],"ultp_layout_landscape_large":["https:\/\/www.studiainitalia.com\/wp-content\/uploads\/2024\/10\/045-schola-sede-220410-ph-stefano-casati-02966-1200x800.jpg",1200,800,true],"ultp_layout_landscape":["https:\/\/www.studiainitalia.com\/wp-content\/uploads\/2024\/10\/045-schola-sede-220410-ph-stefano-casati-02966-870x570.jpg",870,570,true],"ultp_layout_portrait":["https:\/\/www.studiainitalia.com\/wp-content\/uploads\/2024\/10\/045-schola-sede-220410-ph-stefano-casati-02966-600x900.jpg",600,900,true],"ultp_layout_square":["https:\/\/www.studiainitalia.com\/wp-content\/uploads\/2024\/10\/045-schola-sede-220410-ph-stefano-casati-02966-600x600.jpg",600,600,true],"gform-image-choice-sm":["https:\/\/www.studiainitalia.com\/wp-content\/uploads\/2024\/10\/045-schola-sede-220410-ph-stefano-casati-02966.jpg",200,300,false],"gform-image-choice-md":["https:\/\/www.studiainitalia.com\/wp-content\/uploads\/2024\/10\/045-schola-sede-220410-ph-stefano-casati-02966.jpg",267,400,false],"gform-image-choice-lg":["https:\/\/www.studiainitalia.com\/wp-content\/uploads\/2024\/10\/045-schola-sede-220410-ph-stefano-casati-02966.jpg",400,600,false],"woocommerce_thumbnail":["https:\/\/www.studiainitalia.com\/wp-content\/uploads\/2024\/10\/045-schola-sede-220410-ph-stefano-casati-02966-300x300.jpg",300,300,true],"woocommerce_single":["https:\/\/www.studiainitalia.com\/wp-content\/uploads\/2024\/10\/045-schola-sede-220410-ph-stefano-casati-02966-400x600.jpg",400,600,true],"woocommerce_gallery_thumbnail":["https:\/\/www.studiainitalia.com\/wp-content\/uploads\/2024\/10\/045-schola-sede-220410-ph-stefano-casati-02966-100x100.jpg",100,100,true],"yarpp-thumbnail":["https:\/\/www.studiainitalia.com\/wp-content\/uploads\/2024\/10\/045-schola-sede-220410-ph-stefano-casati-02966-120x120.jpg",120,120,true]},"uagb_author_info":{"display_name":"Javier Diaz","author_link":"https:\/\/www.studiainitalia.com\/fr\/author\/"},"uagb_comment_info":1,"uagb_excerpt":"\u00a0Si vous recherchez un cours de travail du cuir pour un hobby ou pour une carri\u00e8re professionnelle, nous vous proposons ce cours d\u2019artisanat professionnel &nbsp; Il s\u2019agit d\u2019un cours de professionnalisation\u00a0 de courte dur\u00e9e (3 semaines). Les \u00e9l\u00e8ves, sous la supervision constante d\u2019un ma\u00eetre artisan, apprendront \u00e0 travailler le cuir en cr\u00e9ant un objet sp\u00e9cifique,\u2026","_links":{"self":[{"href":"https:\/\/www.studiainitalia.com\/fr\/wp-json\/wp\/v2\/product\/188969","targetHints":{"allow":["GET"]}}],"collection":[{"href":"https:\/\/www.studiainitalia.com\/fr\/wp-json\/wp\/v2\/product"}],"about":[{"href":"https:\/\/www.studiainitalia.com\/fr\/wp-json\/wp\/v2\/types\/product"}],"replies":[{"embeddable":true,"href":"https:\/\/www.studiainitalia.com\/fr\/wp-json\/wp\/v2\/comments?post=188969"}],"wp:featuredmedia":[{"embeddable":true,"href":"https:\/\/www.studiainitalia.com\/fr\/wp-json\/wp\/v2\/media\/199892"}],"wp:attachment":[{"href":"https:\/\/www.studiainitalia.com\/fr\/wp-json\/wp\/v2\/media?parent=188969"}],"wp:term":[{"taxonomy":"section","embeddable":true,"href":"https:\/\/www.studiainitalia.com\/fr\/wp-json\/wp\/v2\/section?post=188969"},{"taxonomy":"product_brand","embeddable":true,"href":"https:\/\/www.studiainitalia.com\/fr\/wp-json\/wp\/v2\/product_brand?post=188969"},{"taxonomy":"product_cat","embeddable":true,"href":"https:\/\/www.studiainitalia.com\/fr\/wp-json\/wp\/v2\/product_cat?post=188969"},{"taxonomy":"product_tag","embeddable":true,"href":"https:\/\/www.studiainitalia.com\/fr\/wp-json\/wp\/v2\/product_tag?post=188969"}],"curies":[{"name":"wp","href":"https:\/\/api.w.org\/{rel}","templated":true}]}}