{"id":188972,"date":"2016-11-14T19:27:20","date_gmt":"2016-11-14T18:27:20","guid":{"rendered":"https:\/\/www.studiainitalia.com\/courses\/non%20class\u00e9\/art-histoire-en-venise\/"},"modified":"2026-05-10T12:02:21","modified_gmt":"2026-05-10T10:02:21","slug":"cours-histoire-delart-a-venise","status":"publish","type":"product","link":"https:\/\/www.studiainitalia.com\/fr\/cours\/cours-a-venise\/cours-histoire-delart-a-venise\/","title":{"rendered":"Cours d\u2019histoire de l\u2019art \u00e0 Venise"},"content":{"rendered":"<h3><\/h3>\n<h2>Cours d\u2019histoire de l\u2019art \u00e0 Venise<\/h2>\n<p>&nbsp;<\/p>\n<p>Notre cours d\u2019historie de l\u2019art \u00e0 Venise a lieu dans notre \u00e9cole. L\u2019\u00e9cole est situ\u00e9e dans le centre historique de Venise, dans un b\u00e2timent historique avec une large terrasse sur l\u2019une des plus belles places de toute la ville.<\/p>\n<p>Le cours d\u2019histoire de l\u2019art \u00e0 Venise a lieu le matin ou l\u2019apr\u00e8s-midi pendant trois heures (15 heures par semaine).Chaque cours a un th\u00e8me diff\u00e9rent.Les cours ont toujours lieu en italien et un niveau interm\u00e9diaire de la langue est requis pour suivre ce cours.<\/p>\n<ul>\n<li>\u00a0Ce cours d\u2019histoire de l\u2019art vous offre la possibilit\u00e9 de participer \u00e0 des visites guid\u00e9es de Venise. Il n\u2019est pas facile de trouver une ville aussi pleine de chefs-d\u2019\u0153uvre artistiques et architecturaux que Venise. Dans chaque sestiere, campo ou calle, il y a quelque chose \u00e0 d\u00e9couvrir.<\/li>\n<\/ul>\n<ul>\n<li>\u00a0Gr\u00e2ce \u00e0 l\u2019exp\u00e9rience de nos professeurs d\u2019art, vous pouvez conna\u00eetre en d\u00e9tail les \u0153uvres de peintres c\u00e9l\u00e8bres. Ainsi, non seulement les quartiers les plus connus, comme la place Saint-Marc et le Rialto, mais aussi les \u00e9glises, les mus\u00e9es, les acad\u00e9mies des Beaux-Arts, la Scuole, les palais, le ghetto.<\/li>\n<\/ul>\n<ul>\n<li>Ce cours a lieu du lundi au vendredi et les cours ont lieu le matin ou l\u2019apr\u00e8s-midi pendant trois heures.<\/li>\n<\/ul>\n<ul>\n<li>Les cours se d\u00e9roulent en italien.<\/li>\n<\/ul>\n<p>Les grandes \u00e9coles v\u00e9nitiennes sont incluses dans le programme hebdomadaire.<\/p>\n<p>&nbsp;<\/p>\n<p>&nbsp;<\/p>\n<p>&nbsp;<\/p>\n<table id=\"tablepress-741\" class=\"tablepress tablepress-id-741\">\n<thead>\n<tr class=\"row-1 odd\">\n<th class=\"column-1\" colspan=\"6\">Dates de d\u00e9but 2026<\/th>\n<\/tr>\n<\/thead>\n<tbody class=\"row-hover\">\n<tr class=\"row-2 even\">\n<td class=\"column-1\">Janvier<\/td>\n<td class=\"column-2\"><\/td>\n<td class=\"column-3\">Mai<\/td>\n<td class=\"column-4\">4, 11, 18, 25<\/td>\n<td class=\"column-5\">Septembre<\/td>\n<td class=\"column-6\">7, 28<\/td>\n<\/tr>\n<tr class=\"row-3 odd\">\n<td class=\"column-1\">F\u00e9vrier<\/td>\n<td class=\"column-2\"><\/td>\n<td class=\"column-3\">Juin<\/td>\n<td class=\"column-4\">8, 15<\/td>\n<td class=\"column-5\">Octobre<\/td>\n<td class=\"column-6\">5, 19, 26<\/td>\n<\/tr>\n<tr class=\"row-4 even\">\n<td class=\"column-1\">Mars<\/td>\n<td class=\"column-2\">16, 23<\/td>\n<td class=\"column-3\">Juillet<\/td>\n<td class=\"column-4\"><\/td>\n<td class=\"column-5\">Novembre<\/td>\n<td class=\"column-6\">9, 16<\/td>\n<\/tr>\n<tr class=\"row-5 odd\">\n<td class=\"column-1\">Avril<\/td>\n<td class=\"column-2\">6, 13<\/td>\n<td class=\"column-3\">Ao\u00fbt<\/td>\n<td class=\"column-4\">31<\/td>\n<td class=\"column-5\">Decembre<\/td>\n<td class=\"column-6\"><\/td>\n<\/tr>\n<tr class=\"row-6 even\">\n<td class=\"column-1\" colspan=\"6\">L&rsquo;\u00e9cole sera ferm\u00e9e les jours f\u00e9ri\u00e9s suivants: Epiphanie (06\/01), Lundi de P\u00e2ques, Jour de la Lib\u00e9ration de l&rsquo;Italie (25\/04), F\u00eate des Travailleurs (01\/05), F\u00eate de la R\u00e9publique (02\/06), Ferragosto (15 \/ 08), Tous les Saints (01\/11), Immacul\u00e9e Conception (8\/12), vacances de No\u00ebl et nouvel an.<\/td>\n<\/tr>\n<\/tbody>\n<\/table>\n<div class=\"aiosrs-rating-wrap\" data-schema-id=\"90691\">\n<div class=\"aiosrs-star-rating-wrap \"><\/div>\n<\/div>\n<div class=\"aiosrs-rating-wrap\" data-schema-id=\"90691\">\n<div class=\"aiosrs-rating-summary-wrap\"><\/div>\n<\/div>\n","protected":false},"excerpt":{"rendered":"<h2><strong>Etudier l\u2019histoire de l\u2019art en Italie<\/strong><\/h2>\n<p>&nbsp;<\/p>\n<p>Nous offrons une nouvelle chance de conna\u00eetre Venise \u00e0 travers un type de tourisme diff\u00e9rent, exclusif et \u00e9co-durable.<\/p>\n<p>Vous pouvez enfin apprendre et appr\u00e9cier les chefs-d\u2019\u0153uvre des plus grands artistes v\u00e9nitiens en peinture, sculpture et architecture du moyen-\u00e2ge \u00e0 l\u2019\u00e9poque contemporaine loin du tourisme de masse.<\/p>\n<p>Cette exp\u00e9rience sera inoubliable, car toutes les \u0153uvres artistiques peuvent \u00eatre vues dans les lieux pour lesquels elles ont \u00e9t\u00e9 con\u00e7ues par Carpaccio, Bellini, Tiziano, Tintoretto, V\u00e9ron\u00e8se, Tiepolo, Sansovino, Palladio, Canova, Scarpa et bien d\u2019autres.<\/p>\n<p>&nbsp;<\/p>\n","protected":false},"featured_media":119109,"comment_status":"open","ping_status":"closed","template":"","meta":{"_acf_changed":false,"_uag_custom_page_level_css":"","_kad_blocks_custom_css":"","_kad_blocks_head_custom_js":"","_kad_blocks_body_custom_js":"","_kad_blocks_footer_custom_js":"","site-sidebar-layout":"default","site-content-layout":"default","ast-site-content-layout":"default","site-content-style":"default","site-sidebar-style":"default","ast-global-header-display":"","ast-banner-title-visibility":"","ast-main-header-display":"","ast-hfb-above-header-display":"","ast-hfb-below-header-display":"","ast-hfb-mobile-header-display":"","site-post-title":"","ast-breadcrumbs-content":"","ast-featured-img":"","footer-sml-layout":"","ast-disable-related-posts":"","theme-transparent-header-meta":"default","adv-header-id-meta":"","stick-header-meta":"default","header-above-stick-meta":"","header-main-stick-meta":"","header-below-stick-meta":"","astra-migrate-meta-layouts":"set","ast-page-background-enabled":"default","ast-page-background-meta":{"desktop":{"background-color":"var(--ast-global-color-4)","background-image":"","background-repeat":"repeat","background-position":"center center","background-size":"auto","background-attachment":"scroll","background-type":"","background-media":"","overlay-type":"","overlay-color":"","overlay-opacity":"","overlay-gradient":""},"tablet":{"background-color":"","background-image":"","background-repeat":"repeat","background-position":"center center","background-size":"auto","background-attachment":"scroll","background-type":"","background-media":"","overlay-type":"","overlay-color":"","overlay-opacity":"","overlay-gradient":""},"mobile":{"background-color":"","background-image":"","background-repeat":"repeat","background-position":"center center","background-size":"auto","background-attachment":"scroll","background-type":"","background-media":"","overlay-type":"","overlay-color":"","overlay-opacity":"","overlay-gradient":""}},"ast-content-background-meta":{"desktop":{"background-color":"var(--ast-global-color-5)","background-image":"","background-repeat":"repeat","background-position":"center center","background-size":"auto","background-attachment":"scroll","background-type":"","background-media":"","overlay-type":"","overlay-color":"","overlay-opacity":"","overlay-gradient":""},"tablet":{"background-color":"var(--ast-global-color-5)","background-image":"","background-repeat":"repeat","background-position":"center center","background-size":"auto","background-attachment":"scroll","background-type":"","background-media":"","overlay-type":"","overlay-color":"","overlay-opacity":"","overlay-gradient":""},"mobile":{"background-color":"var(--ast-global-color-5)","background-image":"","background-repeat":"repeat","background-position":"center center","background-size":"auto","background-attachment":"scroll","background-type":"","background-media":"","overlay-type":"","overlay-color":"","overlay-opacity":"","overlay-gradient":""}}},"section":[],"product_brand":[],"product_cat":[1357,1301],"product_tag":[1883],"class_list":{"0":"post-188972","1":"product","2":"type-product","3":"status-publish","4":"has-post-thumbnail","6":"product_cat-cours-dhistoire-de-lart-en-italie","7":"product_cat-cours-a-venise","8":"product_tag-etudier-a-venise","9":"desktop-align-left","10":"tablet-align-left","11":"mobile-align-left","12":"ast-product-gallery-layout-horizontal-slider","13":"ast-product-single-variable","14":"ast-product-tabs-layout-horizontal","15":"ast-qv-on-image-click","17":"first","18":"instock","19":"sold-individually","20":"shipping-taxable","21":"purchasable","22":"product-type-variable","23":"has-default-attributes"},"acf":[],"taxonomy_info":{"product_cat":[{"value":1357,"label":"Cours d'histoire de l'art en Italie"},{"value":1301,"label":"\u00c9tudier \u00e0 Venise"}],"product_tag":[{"value":1883,"label":"\u00c9tudier \u00e0 Venise"}]},"featured_image_src_large":["https:\/\/www.studiainitalia.com\/wp-content\/uploads\/2016\/11\/art-course-venice-e1490029335674.jpg",350,351,false],"author_info":[],"comment_info":10,"uagb_featured_image_src":{"full":["https:\/\/www.studiainitalia.com\/wp-content\/uploads\/2016\/11\/art-course-venice-e1490029335674.jpg",350,351,false],"thumbnail":["https:\/\/www.studiainitalia.com\/wp-content\/uploads\/2016\/11\/art-course-venice-150x150.jpg",96,96,true],"medium":["https:\/\/www.studiainitalia.com\/wp-content\/uploads\/2016\/11\/art-course-venice-300x300.jpg",300,300,true],"medium_large":["https:\/\/www.studiainitalia.com\/wp-content\/uploads\/2016\/11\/art-course-venice-e1490029335674.jpg",350,351,false],"large":["https:\/\/www.studiainitalia.com\/wp-content\/uploads\/2016\/11\/art-course-venice-e1490029335674.jpg",350,351,false],"1536x1536":["https:\/\/www.studiainitalia.com\/wp-content\/uploads\/2016\/11\/art-course-venice-e1490029335674.jpg",350,351,false],"2048x2048":["https:\/\/www.studiainitalia.com\/wp-content\/uploads\/2016\/11\/art-course-venice-e1490029335674.jpg",350,351,false],"ultp_layout_landscape_large":["https:\/\/www.studiainitalia.com\/wp-content\/uploads\/2016\/11\/art-course-venice-e1490029335674.jpg",350,351,false],"ultp_layout_landscape":["https:\/\/www.studiainitalia.com\/wp-content\/uploads\/2016\/11\/art-course-venice-e1490029335674.jpg",350,351,false],"ultp_layout_portrait":["https:\/\/www.studiainitalia.com\/wp-content\/uploads\/2016\/11\/art-course-venice-e1490029335674.jpg",350,351,false],"ultp_layout_square":["https:\/\/www.studiainitalia.com\/wp-content\/uploads\/2016\/11\/art-course-venice-e1490029335674.jpg",350,351,false],"gform-image-choice-sm":["https:\/\/www.studiainitalia.com\/wp-content\/uploads\/2016\/11\/art-course-venice-e1490029335674.jpg",300,300,false],"gform-image-choice-md":["https:\/\/www.studiainitalia.com\/wp-content\/uploads\/2016\/11\/art-course-venice-e1490029335674.jpg",350,351,false],"gform-image-choice-lg":["https:\/\/www.studiainitalia.com\/wp-content\/uploads\/2016\/11\/art-course-venice-e1490029335674.jpg",350,351,false],"woocommerce_thumbnail":["https:\/\/www.studiainitalia.com\/wp-content\/uploads\/2016\/11\/art-course-venice-e1490029335674-300x300.jpg",300,300,true],"woocommerce_single":["https:\/\/www.studiainitalia.com\/wp-content\/uploads\/2016\/11\/art-course-venice-e1490029335674.jpg",350,351,false],"woocommerce_gallery_thumbnail":["https:\/\/www.studiainitalia.com\/wp-content\/uploads\/2016\/11\/art-course-venice-e1490029335674-100x100.jpg",100,100,true],"yarpp-thumbnail":["https:\/\/www.studiainitalia.com\/wp-content\/uploads\/2016\/11\/art-course-venice-e1490029335674.jpg",120,120,false]},"uagb_author_info":{"display_name":"Javier Diaz","author_link":"https:\/\/www.studiainitalia.com\/fr\/author\/"},"uagb_comment_info":10,"uagb_excerpt":"Etudier l\u2019histoire de l\u2019art en Italie &nbsp; Nous offrons une nouvelle chance de conna\u00eetre Venise \u00e0 travers un type de tourisme diff\u00e9rent, exclusif et \u00e9co-durable. Vous pouvez enfin apprendre et appr\u00e9cier les chefs-d\u2019\u0153uvre des plus grands artistes v\u00e9nitiens en peinture, sculpture et architecture du moyen-\u00e2ge \u00e0 l\u2019\u00e9poque contemporaine loin du tourisme de masse. Cette exp\u00e9rience\u2026","_links":{"self":[{"href":"https:\/\/www.studiainitalia.com\/fr\/wp-json\/wp\/v2\/product\/188972","targetHints":{"allow":["GET"]}}],"collection":[{"href":"https:\/\/www.studiainitalia.com\/fr\/wp-json\/wp\/v2\/product"}],"about":[{"href":"https:\/\/www.studiainitalia.com\/fr\/wp-json\/wp\/v2\/types\/product"}],"replies":[{"embeddable":true,"href":"https:\/\/www.studiainitalia.com\/fr\/wp-json\/wp\/v2\/comments?post=188972"}],"wp:featuredmedia":[{"embeddable":true,"href":"https:\/\/www.studiainitalia.com\/fr\/wp-json\/wp\/v2\/media\/119109"}],"wp:attachment":[{"href":"https:\/\/www.studiainitalia.com\/fr\/wp-json\/wp\/v2\/media?parent=188972"}],"wp:term":[{"taxonomy":"section","embeddable":true,"href":"https:\/\/www.studiainitalia.com\/fr\/wp-json\/wp\/v2\/section?post=188972"},{"taxonomy":"product_brand","embeddable":true,"href":"https:\/\/www.studiainitalia.com\/fr\/wp-json\/wp\/v2\/product_brand?post=188972"},{"taxonomy":"product_cat","embeddable":true,"href":"https:\/\/www.studiainitalia.com\/fr\/wp-json\/wp\/v2\/product_cat?post=188972"},{"taxonomy":"product_tag","embeddable":true,"href":"https:\/\/www.studiainitalia.com\/fr\/wp-json\/wp\/v2\/product_tag?post=188972"}],"curies":[{"name":"wp","href":"https:\/\/api.w.org\/{rel}","templated":true}]}}