{"id":188991,"date":"2016-11-14T07:44:57","date_gmt":"2016-11-14T06:44:57","guid":{"rendered":"https:\/\/www.studiainitalia.com\/courses\/non%20class\u00e9\/cours-demaillage-a-florence\/"},"modified":"2025-12-19T18:58:37","modified_gmt":"2025-12-19T17:58:37","slug":"cours-de-emaillage-a-florence","status":"publish","type":"product","link":"https:\/\/www.studiainitalia.com\/fr\/cours\/etudier-a-letranger-a-florence\/cours-de-emaillage-a-florence\/","title":{"rendered":"Cours de \u00e9maillage \u00e0 Florence"},"content":{"rendered":"<h2><strong>Cours d&rsquo; \u00e9maillage<\/strong><\/h2>\n<p>&nbsp;<\/p>\n<p>Notre \u00e9cole de bijouterie \u00e0 Florence est situ\u00e9e dans le centre historique de la ville, \u00e0 deux pas du Ponte Vecchio. Il est install\u00e9 dans un palais de la Renaissance.<\/p>\n<p>Dispose d\u2019un grand atelier bien \u00e9quip\u00e9 contenant des \u00e9tablis professionnels individuels, des outils et des \u00e9quipements pour les diff\u00e9rentes sp\u00e9cialisations.<\/p>\n<p>Dispose des machines pour l\u2019ex\u00e9cution du cycle complet de moulage de pr\u00e9cision et des salles de classe pour le dessin et la conception, \u00e0 main lev\u00e9e et assist\u00e9e par ordinateur.<\/p>\n<p>&nbsp;<\/p>\n<p>&nbsp;<\/p>\n\n<table id=\"tablepress-735\" class=\"tablepress tablepress-id-735 tbody-has-connected-cells\">\n<thead>\n<tr class=\"row-1\">\n\t<th colspan=\"6\" class=\"column-1\">Dates de d\u00e9but 2026<\/th>\n<\/tr>\n<\/thead>\n<tbody class=\"row-striping row-hover\">\n<tr class=\"row-2\">\n\t<td class=\"column-1\">Janvier<\/td><td class=\"column-2\">5<\/td><td class=\"column-3\">Mai<\/td><td class=\"column-4\">18<\/td><td class=\"column-5\">Septembre<\/td><td class=\"column-6\">7<\/td>\n<\/tr>\n<tr class=\"row-3\">\n\t<td class=\"column-1\">F\u00e9vrier<\/td><td class=\"column-2\">2<\/td><td class=\"column-3\">Juin<\/td><td class=\"column-4\">8<\/td><td class=\"column-5\">Octobre<\/td><td class=\"column-6\">5<\/td>\n<\/tr>\n<tr class=\"row-4\">\n\t<td class=\"column-1\">Mars<\/td><td class=\"column-2\">2, 30<\/td><td class=\"column-3\">Juillet<\/td><td class=\"column-4\">6<\/td><td class=\"column-5\">Novembre<\/td><td class=\"column-6\">2, 23<\/td>\n<\/tr>\n<tr class=\"row-5\">\n\t<td class=\"column-1\">Avril<\/td><td class=\"column-2\">20<\/td><td class=\"column-3\">Ao\u00fbt<\/td><td class=\"column-4\">Ferm\u00e9<\/td><td class=\"column-5\">Decembre<\/td><td class=\"column-6\"><\/td>\n<\/tr>\n<tr class=\"row-6\">\n\t<td colspan=\"6\" class=\"column-1\">L'\u00e9cole sera ferm\u00e9e les jours f\u00e9ri\u00e9s suivants: Epiphanie (06\/01), Lundi de P\u00e2ques, Jour de la Lib\u00e9ration de l'Italie (25\/04), F\u00eate des Travailleurs (01\/05), F\u00eate de la R\u00e9publique (02\/06), 24\/06, Ferragosto (15 \/ 08), Tous les Saints (01\/11), Immacul\u00e9e Conception (8\/12), vacances de No\u00ebl et nouvel an.<\/td>\n<\/tr>\n<\/tbody>\n<\/table>\n<!-- #tablepress-735 from cache -->\n<p>&nbsp;<\/p>\n","protected":false},"excerpt":{"rendered":"<div class=\"woocommerce-product-details__short-description\">\n<p>Notre cours de sp\u00e9cialisation en \u00e9maillage dure 12 semaines (9 heures par semaine).<\/p>\n<p>Le programme comprend:<\/p>\n<p>\u2022\u00a0 les diff\u00e9rents types d\u2019\u00e9mail et leur classification<\/p>\n<p>\u2022 les techniques d\u2019\u00e9maillage et la s\u00e9lection des m\u00e9taux appropri\u00e9s<\/p>\n<p>\u2022 les outils de travail<\/p>\n<p>\u2022 la cuisson et le processus de finition.<\/p>\n<p>L\u2019\u00e9maillage est une ancienne technique appliqu\u00e9e \u00e0 une partie des surfaces m\u00e9talliques. Il a \u00e9t\u00e9 r\u00e9alis\u00e9 avec des mat\u00e9riaux similaires au verre mais g\u00e9n\u00e9ralement color\u00e9s. Les diff\u00e9rentes couleurs des colorants ont \u00e9t\u00e9 obtenues \u00e0 partir des diff\u00e9rentes compositions d\u2019oxydes m\u00e9talliques.<\/p>\n<p>De nos jours, nous appliquons l\u2019\u00e9mail pour mettre en \u00e9vidence une particularit\u00e9 sur les objets en or et en argent.<\/p>\n<\/div>\n<form class=\"variations_form cart\" action=\"https:\/\/www.studiainitalia.com\/fr\/cours\/etudier-a-letranger-a-florence\/cours-de-emaillage-a-florence\/\" enctype=\"multipart\/form-data\" method=\"post\" data-product_id=\"87611\" data-product_variations=\"[{&quot;attributes&quot;:{&quot;attribute_number-of-weeks&quot;:&quot;12 semaines (cours uniquement)&quot;},&quot;availability_html&quot;:&quot;&quot;,&quot;backorders_allowed&quot;:false,&quot;dimensions&quot;:{&quot;length&quot;:&quot;&quot;,&quot;width&quot;:&quot;&quot;,&quot;height&quot;:&quot;&quot;},&quot;dimensions_html&quot;:&quot;N\/A&quot;,&quot;display_price&quot;:1600,&quot;display_regular_price&quot;:1600,&quot;image&quot;:{&quot;title&quot;:&quot;cours-emaillage-florence&quot;,&quot;caption&quot;:&quot;&quot;,&quot;url&quot;:&quot;https:\/\/www.studiainitalia.com\/wp-content\/uploads\/2016\/11\/enamelling-course-florence.jpg&quot;,&quot;alt&quot;:&quot;cours de u00e9maillage en Italie&quot;,&quot;src&quot;:&quot;https:\/\/www.studiainitalia.com\/wp-content\/uploads\/2016\/11\/enamelling-course-florence-400x400.jpg&quot;,&quot;srcset&quot;:&quot;https:\/\/www.studiainitalia.com\/wp-content\/uploads\/2016\/11\/enamelling-course-florence-400x400.jpg 400w, https:\/\/www.studiainitalia.com\/wp-content\/uploads\/2016\/11\/enamelling-course-florence-300x300.jpg 300w, https:\/\/www.studiainitalia.com\/wp-content\/uploads\/2016\/11\/enamelling-course-florence-100x100.jpg 100w, https:\/\/www.studiainitalia.com\/wp-content\/uploads\/2016\/11\/enamelling-course-florence-150x150.jpg 150w, https:\/\/www.studiainitalia.com\/wp-content\/uploads\/2016\/11\/enamelling-course-florence.jpg 432w&quot;,&quot;sizes&quot;:&quot;(max-width: 400px) 100vw, 400px&quot;,&quot;full_src&quot;:&quot;https:\/\/www.studiainitalia.com\/wp-content\/uploads\/2016\/11\/enamelling-course-florence.jpg&quot;,&quot;full_src_w&quot;:432,&quot;full_src_h&quot;:432,&quot;gallery_thumbnail_src&quot;:&quot;https:\/\/www.studiainitalia.com\/wp-content\/uploads\/2016\/11\/enamelling-course-florence-100x100.jpg&quot;,&quot;gallery_thumbnail_src_w&quot;:100,&quot;gallery_thumbnail_src_h&quot;:100,&quot;thumb_src&quot;:&quot;https:\/\/www.studiainitalia.com\/wp-content\/uploads\/2016\/11\/enamelling-course-florence-300x300.jpg&quot;,&quot;thumb_src_w&quot;:300,&quot;thumb_src_h&quot;:300,&quot;src_w&quot;:400,&quot;src_h&quot;:400},&quot;image_id&quot;:87613,&quot;is_downloadable&quot;:false,&quot;is_in_stock&quot;:true,&quot;is_purchasable&quot;:true,&quot;is_sold_individually&quot;:&quot;yes&quot;,&quot;is_virtual&quot;:false,&quot;max_qty&quot;:1,&quot;min_qty&quot;:1,&quot;price_html&quot;:&quot;&quot;,&quot;sku&quot;:&quot;&quot;,&quot;variation_description&quot;:&quot;&quot;,&quot;variation_id&quot;:87615,&quot;variation_is_active&quot;:true,&quot;variation_is_visible&quot;:true,&quot;weight&quot;:&quot;&quot;,&quot;weight_html&quot;:&quot;N\/A&quot;}]\"><\/form>\n","protected":false},"featured_media":119370,"comment_status":"open","ping_status":"closed","template":"","meta":{"_acf_changed":false,"_uag_custom_page_level_css":"","_kad_blocks_custom_css":"","_kad_blocks_head_custom_js":"","_kad_blocks_body_custom_js":"","_kad_blocks_footer_custom_js":"","site-sidebar-layout":"default","site-content-layout":"default","ast-site-content-layout":"default","site-content-style":"default","site-sidebar-style":"default","ast-global-header-display":"","ast-banner-title-visibility":"","ast-main-header-display":"","ast-hfb-above-header-display":"","ast-hfb-below-header-display":"","ast-hfb-mobile-header-display":"","site-post-title":"","ast-breadcrumbs-content":"","ast-featured-img":"","footer-sml-layout":"","ast-disable-related-posts":"","theme-transparent-header-meta":"default","adv-header-id-meta":"","stick-header-meta":"default","header-above-stick-meta":"","header-main-stick-meta":"","header-below-stick-meta":"","astra-migrate-meta-layouts":"set","ast-page-background-enabled":"default","ast-page-background-meta":{"desktop":{"background-color":"var(--ast-global-color-4)","background-image":"","background-repeat":"repeat","background-position":"center center","background-size":"auto","background-attachment":"scroll","background-type":"","background-media":"","overlay-type":"","overlay-color":"","overlay-opacity":"","overlay-gradient":""},"tablet":{"background-color":"","background-image":"","background-repeat":"repeat","background-position":"center center","background-size":"auto","background-attachment":"scroll","background-type":"","background-media":"","overlay-type":"","overlay-color":"","overlay-opacity":"","overlay-gradient":""},"mobile":{"background-color":"","background-image":"","background-repeat":"repeat","background-position":"center center","background-size":"auto","background-attachment":"scroll","background-type":"","background-media":"","overlay-type":"","overlay-color":"","overlay-opacity":"","overlay-gradient":""}},"ast-content-background-meta":{"desktop":{"background-color":"var(--ast-global-color-5)","background-image":"","background-repeat":"repeat","background-position":"center center","background-size":"auto","background-attachment":"scroll","background-type":"","background-media":"","overlay-type":"","overlay-color":"","overlay-opacity":"","overlay-gradient":""},"tablet":{"background-color":"var(--ast-global-color-5)","background-image":"","background-repeat":"repeat","background-position":"center center","background-size":"auto","background-attachment":"scroll","background-type":"","background-media":"","overlay-type":"","overlay-color":"","overlay-opacity":"","overlay-gradient":""},"mobile":{"background-color":"var(--ast-global-color-5)","background-image":"","background-repeat":"repeat","background-position":"center center","background-size":"auto","background-attachment":"scroll","background-type":"","background-media":"","overlay-type":"","overlay-color":"","overlay-opacity":"","overlay-gradient":""}}},"section":[],"product_brand":[],"product_cat":[1351,1276],"product_tag":[1886],"class_list":{"0":"post-188991","1":"product","2":"type-product","3":"status-publish","4":"has-post-thumbnail","6":"product_cat-creation-de-bijoux","7":"product_cat-etudier-a-letranger-a-florence","8":"product_tag-etranger-a-florence","9":"desktop-align-left","10":"tablet-align-left","11":"mobile-align-left","12":"ast-product-gallery-layout-horizontal-slider","13":"ast-product-single-variable","14":"ast-product-tabs-layout-horizontal","15":"ast-qv-on-image-click","17":"first","18":"instock","19":"sold-individually","20":"shipping-taxable","21":"purchasable","22":"product-type-variable","23":"has-default-attributes"},"acf":[],"taxonomy_info":{"product_cat":[{"value":1351,"label":"Cr\u00e9ation de bijoux"},{"value":1276,"label":"Cursos en Florencia"}],"product_tag":[{"value":1886,"label":"\u00e9tranger \u00e0 Florence"}]},"featured_image_src_large":["https:\/\/www.studiainitalia.com\/wp-content\/uploads\/2016\/11\/enamelling-course-florence.jpg",432,432,false],"author_info":[],"comment_info":1,"uagb_featured_image_src":{"full":["https:\/\/www.studiainitalia.com\/wp-content\/uploads\/2016\/11\/enamelling-course-florence.jpg",432,432,false],"thumbnail":["https:\/\/www.studiainitalia.com\/wp-content\/uploads\/2016\/11\/enamelling-course-florence-150x150.jpg",96,96,true],"medium":["https:\/\/www.studiainitalia.com\/wp-content\/uploads\/2016\/11\/enamelling-course-florence-300x300.jpg",300,300,true],"medium_large":["https:\/\/www.studiainitalia.com\/wp-content\/uploads\/2016\/11\/enamelling-course-florence.jpg",432,432,false],"large":["https:\/\/www.studiainitalia.com\/wp-content\/uploads\/2016\/11\/enamelling-course-florence.jpg",432,432,false],"1536x1536":["https:\/\/www.studiainitalia.com\/wp-content\/uploads\/2016\/11\/enamelling-course-florence.jpg",432,432,false],"2048x2048":["https:\/\/www.studiainitalia.com\/wp-content\/uploads\/2016\/11\/enamelling-course-florence.jpg",432,432,false],"ultp_layout_landscape_large":["https:\/\/www.studiainitalia.com\/wp-content\/uploads\/2016\/11\/enamelling-course-florence.jpg",432,432,false],"ultp_layout_landscape":["https:\/\/www.studiainitalia.com\/wp-content\/uploads\/2016\/11\/enamelling-course-florence.jpg",432,432,false],"ultp_layout_portrait":["https:\/\/www.studiainitalia.com\/wp-content\/uploads\/2016\/11\/enamelling-course-florence.jpg",432,432,false],"ultp_layout_square":["https:\/\/www.studiainitalia.com\/wp-content\/uploads\/2016\/11\/enamelling-course-florence.jpg",432,432,false],"gform-image-choice-sm":["https:\/\/www.studiainitalia.com\/wp-content\/uploads\/2016\/11\/enamelling-course-florence.jpg",300,300,false],"gform-image-choice-md":["https:\/\/www.studiainitalia.com\/wp-content\/uploads\/2016\/11\/enamelling-course-florence.jpg",400,400,false],"gform-image-choice-lg":["https:\/\/www.studiainitalia.com\/wp-content\/uploads\/2016\/11\/enamelling-course-florence.jpg",432,432,false],"woocommerce_thumbnail":["https:\/\/www.studiainitalia.com\/wp-content\/uploads\/2016\/11\/enamelling-course-florence-300x300.jpg",300,300,true],"woocommerce_single":["https:\/\/www.studiainitalia.com\/wp-content\/uploads\/2016\/11\/enamelling-course-florence-400x400.jpg",400,400,true],"woocommerce_gallery_thumbnail":["https:\/\/www.studiainitalia.com\/wp-content\/uploads\/2016\/11\/enamelling-course-florence-100x100.jpg",100,100,true],"yarpp-thumbnail":["https:\/\/www.studiainitalia.com\/wp-content\/uploads\/2016\/11\/enamelling-course-florence.jpg",120,120,false]},"uagb_author_info":{"display_name":"Javier Diaz","author_link":"https:\/\/www.studiainitalia.com\/fr\/author\/"},"uagb_comment_info":1,"uagb_excerpt":"Notre cours de sp\u00e9cialisation en \u00e9maillage dure 12 semaines (9 heures par semaine). Le programme comprend: \u2022\u00a0 les diff\u00e9rents types d\u2019\u00e9mail et leur classification \u2022 les techniques d\u2019\u00e9maillage et la s\u00e9lection des m\u00e9taux appropri\u00e9s \u2022 les outils de travail \u2022 la cuisson et le processus de finition. L\u2019\u00e9maillage est une ancienne technique appliqu\u00e9e \u00e0 une\u2026","_links":{"self":[{"href":"https:\/\/www.studiainitalia.com\/fr\/wp-json\/wp\/v2\/product\/188991","targetHints":{"allow":["GET"]}}],"collection":[{"href":"https:\/\/www.studiainitalia.com\/fr\/wp-json\/wp\/v2\/product"}],"about":[{"href":"https:\/\/www.studiainitalia.com\/fr\/wp-json\/wp\/v2\/types\/product"}],"replies":[{"embeddable":true,"href":"https:\/\/www.studiainitalia.com\/fr\/wp-json\/wp\/v2\/comments?post=188991"}],"wp:featuredmedia":[{"embeddable":true,"href":"https:\/\/www.studiainitalia.com\/fr\/wp-json\/wp\/v2\/media\/119370"}],"wp:attachment":[{"href":"https:\/\/www.studiainitalia.com\/fr\/wp-json\/wp\/v2\/media?parent=188991"}],"wp:term":[{"taxonomy":"section","embeddable":true,"href":"https:\/\/www.studiainitalia.com\/fr\/wp-json\/wp\/v2\/section?post=188991"},{"taxonomy":"product_brand","embeddable":true,"href":"https:\/\/www.studiainitalia.com\/fr\/wp-json\/wp\/v2\/product_brand?post=188991"},{"taxonomy":"product_cat","embeddable":true,"href":"https:\/\/www.studiainitalia.com\/fr\/wp-json\/wp\/v2\/product_cat?post=188991"},{"taxonomy":"product_tag","embeddable":true,"href":"https:\/\/www.studiainitalia.com\/fr\/wp-json\/wp\/v2\/product_tag?post=188991"}],"curies":[{"name":"wp","href":"https:\/\/api.w.org\/{rel}","templated":true}]}}