{"id":189011,"date":"2016-11-14T14:07:00","date_gmt":"2016-11-14T13:07:00","guid":{"rendered":"https:\/\/www.studiainitalia.com\/courses\/non%20class\u00e9\/3d-bijouterie-conception-informatique-cours-a-florence\/"},"modified":"2026-03-13T23:37:24","modified_gmt":"2026-03-13T22:37:24","slug":"cours-de-conception-3d-bijoux-a-florence","status":"publish","type":"product","link":"https:\/\/www.studiainitalia.com\/fr\/cours\/etudier-a-letranger-a-florence\/cours-de-conception-3d-bijoux-a-florence\/","title":{"rendered":"Cours de conception de bijoux 3D \u00e0 Florence"},"content":{"rendered":"<h2><strong>Cours de conception de bijoux 3D<\/strong><\/h2>\n<p>&nbsp;<\/p>\n<p>Notre \u00e9cole de bijouterie \u00e0 Florence est situ\u00e9e dans le centre historique de la ville, \u00e0 deux pas du Ponte Vecchio. Il est install\u00e9 dans un palais de la Renaissance et dispose d\u2019un grand atelier bien \u00e9quip\u00e9 contenant des \u00e9tablis professionnels individuels, des outils et des \u00e9quipements pour les diff\u00e9rentes sp\u00e9cialisations, des machines pour l\u2019ex\u00e9cution du cycle complet de moulage de pr\u00e9cision et des salles de classe pour le dessin et la conception, \u00e0 main lev\u00e9e et assist\u00e9e par ordinateur.<\/p>\n<p>&nbsp;<\/p>\n<p>&nbsp;<\/p>\n\n<table id=\"tablepress-735\" class=\"tablepress tablepress-id-735 tbody-has-connected-cells\">\n<thead>\n<tr class=\"row-1\">\n\t<th colspan=\"6\" class=\"column-1\">Dates de d\u00e9but 2026<\/th>\n<\/tr>\n<\/thead>\n<tbody class=\"row-striping row-hover\">\n<tr class=\"row-2\">\n\t<td class=\"column-1\">Janvier<\/td><td class=\"column-2\">5<\/td><td class=\"column-3\">Mai<\/td><td class=\"column-4\">18<\/td><td class=\"column-5\">Septembre<\/td><td class=\"column-6\">7<\/td>\n<\/tr>\n<tr class=\"row-3\">\n\t<td class=\"column-1\">F\u00e9vrier<\/td><td class=\"column-2\">2<\/td><td class=\"column-3\">Juin<\/td><td class=\"column-4\">8<\/td><td class=\"column-5\">Octobre<\/td><td class=\"column-6\">5<\/td>\n<\/tr>\n<tr class=\"row-4\">\n\t<td class=\"column-1\">Mars<\/td><td class=\"column-2\">2, 30<\/td><td class=\"column-3\">Juillet<\/td><td class=\"column-4\">6<\/td><td class=\"column-5\">Novembre<\/td><td class=\"column-6\">2, 23<\/td>\n<\/tr>\n<tr class=\"row-5\">\n\t<td class=\"column-1\">Avril<\/td><td class=\"column-2\">20<\/td><td class=\"column-3\">Ao\u00fbt<\/td><td class=\"column-4\">Ferm\u00e9<\/td><td class=\"column-5\">Decembre<\/td><td class=\"column-6\"><\/td>\n<\/tr>\n<tr class=\"row-6\">\n\t<td colspan=\"6\" class=\"column-1\">L'\u00e9cole sera ferm\u00e9e les jours f\u00e9ri\u00e9s suivants: Epiphanie (06\/01), Lundi de P\u00e2ques, Jour de la Lib\u00e9ration de l'Italie (25\/04), F\u00eate des Travailleurs (01\/05), F\u00eate de la R\u00e9publique (02\/06), 24\/06, Ferragosto (15 \/ 08), Tous les Saints (01\/11), Immacul\u00e9e Conception (8\/12), vacances de No\u00ebl et nouvel an.<\/td>\n<\/tr>\n<\/tbody>\n<\/table>\n\n","protected":false},"excerpt":{"rendered":"<h2><strong>Cr\u00e9ation de bijoux en Italie!<\/strong><\/h2>\n<p>&nbsp;<\/p>\n<p>Notre cours de conception 3D de bijoux par ordinateur \u00e0 Florence dure 4 ou 8 semaines (8 heures d\u2019enseignement par semaine) et s\u2019adresse aux concepteurs qui veulent aborder le monde de la mod\u00e9lisation 3D des bijoux assist\u00e9e par ordinateur.<\/p>\n<ul>\n<li>L\u2019utilisation de l\u2019ordinateur permet d\u2019optimiser les id\u00e9es les plus complexes, de cr\u00e9er le mod\u00e8le 3D du bijou, de produire des dessins techniques pour l\u2019analyse et la communication, de pr\u00e9visualiser l\u2019objet par le biais du processus de rendu, et de cr\u00e9er des prototypes, des mod\u00e8les et des matrices, avant de passer \u00e0 l\u2019utilisation des techniques de traitement traditionnelles.<\/li>\n<\/ul>\n<ul>\n<li>Ce logiciel peut \u00eatre utilis\u00e9 pour obtenir la flexibilit\u00e9 et la pr\u00e9cision n\u00e9cessaires \u00e0 la r\u00e9alisation de tout type de conception de bijoux : du traditionnel au moderne et \u00e0 l\u2019innovant, en passant par le simple et le complexe, permettant \u00e9galement la cr\u00e9ation de tout type de d\u00e9coration.<\/li>\n<\/ul>\n<ul>\n<li>La mod\u00e9lisation 3D de bijoux assist\u00e9e par ordinateur est un excellent outil qui compl\u00e8te les techniques traditionnelles de repr\u00e9sentation (dessin technique \u00e0 main lev\u00e9e) et les techniques traditionnelles de bijouterie, afin de pouvoir d\u00e9velopper des projets depuis la phase de conception jusqu\u2019\u00e0 la production r\u00e9elle, en passant par le d\u00e9veloppement.<\/li>\n<\/ul>\n<ul>\n<li>L\u2019objectif de ce cours est de former des professionnels ayant un degr\u00e9 de comp\u00e9tence ad\u00e9quat dans la conception de bijoux et dans le modelage de formes complexes, afin d\u2019augmenter leurs chances d\u2019int\u00e9gration satisfaisante dans le monde professionnel.<\/li>\n<\/ul>\n","protected":false},"featured_media":199746,"comment_status":"open","ping_status":"closed","template":"","meta":{"_acf_changed":false,"_uag_custom_page_level_css":"","_kad_blocks_custom_css":"","_kad_blocks_head_custom_js":"","_kad_blocks_body_custom_js":"","_kad_blocks_footer_custom_js":"","site-sidebar-layout":"default","site-content-layout":"default","ast-site-content-layout":"default","site-content-style":"default","site-sidebar-style":"default","ast-global-header-display":"","ast-banner-title-visibility":"","ast-main-header-display":"","ast-hfb-above-header-display":"","ast-hfb-below-header-display":"","ast-hfb-mobile-header-display":"","site-post-title":"","ast-breadcrumbs-content":"","ast-featured-img":"","footer-sml-layout":"","ast-disable-related-posts":"","theme-transparent-header-meta":"default","adv-header-id-meta":"","stick-header-meta":"default","header-above-stick-meta":"","header-main-stick-meta":"","header-below-stick-meta":"","astra-migrate-meta-layouts":"set","ast-page-background-enabled":"default","ast-page-background-meta":{"desktop":{"background-color":"var(--ast-global-color-4)","background-image":"","background-repeat":"repeat","background-position":"center center","background-size":"auto","background-attachment":"scroll","background-type":"","background-media":"","overlay-type":"","overlay-color":"","overlay-opacity":"","overlay-gradient":""},"tablet":{"background-color":"","background-image":"","background-repeat":"repeat","background-position":"center center","background-size":"auto","background-attachment":"scroll","background-type":"","background-media":"","overlay-type":"","overlay-color":"","overlay-opacity":"","overlay-gradient":""},"mobile":{"background-color":"","background-image":"","background-repeat":"repeat","background-position":"center center","background-size":"auto","background-attachment":"scroll","background-type":"","background-media":"","overlay-type":"","overlay-color":"","overlay-opacity":"","overlay-gradient":""}},"ast-content-background-meta":{"desktop":{"background-color":"var(--ast-global-color-5)","background-image":"","background-repeat":"repeat","background-position":"center center","background-size":"auto","background-attachment":"scroll","background-type":"","background-media":"","overlay-type":"","overlay-color":"","overlay-opacity":"","overlay-gradient":""},"tablet":{"background-color":"var(--ast-global-color-5)","background-image":"","background-repeat":"repeat","background-position":"center center","background-size":"auto","background-attachment":"scroll","background-type":"","background-media":"","overlay-type":"","overlay-color":"","overlay-opacity":"","overlay-gradient":""},"mobile":{"background-color":"var(--ast-global-color-5)","background-image":"","background-repeat":"repeat","background-position":"center center","background-size":"auto","background-attachment":"scroll","background-type":"","background-media":"","overlay-type":"","overlay-color":"","overlay-opacity":"","overlay-gradient":""}}},"section":[],"product_brand":[],"product_cat":[1351,1276],"product_tag":[1886],"class_list":{"0":"post-189011","1":"product","2":"type-product","3":"status-publish","4":"has-post-thumbnail","6":"product_cat-creation-de-bijoux","7":"product_cat-etudier-a-letranger-a-florence","8":"product_tag-etranger-a-florence","9":"desktop-align-left","10":"tablet-align-left","11":"mobile-align-left","12":"ast-product-gallery-layout-horizontal-slider","13":"ast-product-gallery-with-no-image","14":"ast-product-single-variable","15":"ast-product-tabs-layout-horizontal","16":"ast-qv-on-image-click","18":"first","19":"instock","20":"sold-individually","21":"shipping-taxable","22":"purchasable","23":"product-type-variable","24":"has-default-attributes"},"acf":[],"taxonomy_info":{"product_cat":[{"value":1351,"label":"Cr\u00e9ation de bijoux"},{"value":1276,"label":"Cursos en Florencia"}],"product_tag":[{"value":1886,"label":"\u00e9tranger \u00e0 Florence"}]},"featured_image_src_large":["https:\/\/www.studiainitalia.com\/wp-content\/uploads\/2024\/10\/12615719_963636313673046_5194669908444357815_o.jpg",2048,1536,false],"author_info":[],"comment_info":1,"uagb_featured_image_src":{"full":["https:\/\/www.studiainitalia.com\/wp-content\/uploads\/2024\/10\/12615719_963636313673046_5194669908444357815_o.jpg",2048,1536,false],"thumbnail":["https:\/\/www.studiainitalia.com\/wp-content\/uploads\/2024\/10\/12615719_963636313673046_5194669908444357815_o.jpg",128,96,false],"medium":["https:\/\/www.studiainitalia.com\/wp-content\/uploads\/2024\/10\/12615719_963636313673046_5194669908444357815_o.jpg",2048,1536,false],"medium_large":["https:\/\/www.studiainitalia.com\/wp-content\/uploads\/2024\/10\/12615719_963636313673046_5194669908444357815_o-768x576.jpg",768,576,true],"large":["https:\/\/www.studiainitalia.com\/wp-content\/uploads\/2024\/10\/12615719_963636313673046_5194669908444357815_o.jpg",2048,1536,false],"1536x1536":["https:\/\/www.studiainitalia.com\/wp-content\/uploads\/2024\/10\/12615719_963636313673046_5194669908444357815_o-1536x1152.jpg",1536,1152,true],"2048x2048":["https:\/\/www.studiainitalia.com\/wp-content\/uploads\/2024\/10\/12615719_963636313673046_5194669908444357815_o.jpg",2048,1536,false],"ultp_layout_landscape_large":["https:\/\/www.studiainitalia.com\/wp-content\/uploads\/2024\/10\/12615719_963636313673046_5194669908444357815_o-1200x800.jpg",1200,800,true],"ultp_layout_landscape":["https:\/\/www.studiainitalia.com\/wp-content\/uploads\/2024\/10\/12615719_963636313673046_5194669908444357815_o-870x570.jpg",870,570,true],"ultp_layout_portrait":["https:\/\/www.studiainitalia.com\/wp-content\/uploads\/2024\/10\/12615719_963636313673046_5194669908444357815_o-600x900.jpg",600,900,true],"ultp_layout_square":["https:\/\/www.studiainitalia.com\/wp-content\/uploads\/2024\/10\/12615719_963636313673046_5194669908444357815_o-600x600.jpg",600,600,true],"gform-image-choice-sm":["https:\/\/www.studiainitalia.com\/wp-content\/uploads\/2024\/10\/12615719_963636313673046_5194669908444357815_o.jpg",300,225,false],"gform-image-choice-md":["https:\/\/www.studiainitalia.com\/wp-content\/uploads\/2024\/10\/12615719_963636313673046_5194669908444357815_o.jpg",400,300,false],"gform-image-choice-lg":["https:\/\/www.studiainitalia.com\/wp-content\/uploads\/2024\/10\/12615719_963636313673046_5194669908444357815_o.jpg",600,450,false],"woocommerce_thumbnail":["https:\/\/www.studiainitalia.com\/wp-content\/uploads\/2024\/10\/12615719_963636313673046_5194669908444357815_o-300x300.jpg",300,300,true],"woocommerce_single":["https:\/\/www.studiainitalia.com\/wp-content\/uploads\/2024\/10\/12615719_963636313673046_5194669908444357815_o-400x300.jpg",400,300,true],"woocommerce_gallery_thumbnail":["https:\/\/www.studiainitalia.com\/wp-content\/uploads\/2024\/10\/12615719_963636313673046_5194669908444357815_o-100x100.jpg",100,100,true],"yarpp-thumbnail":["https:\/\/www.studiainitalia.com\/wp-content\/uploads\/2024\/10\/12615719_963636313673046_5194669908444357815_o-120x120.jpg",120,120,true]},"uagb_author_info":{"display_name":"Javier Diaz","author_link":"https:\/\/www.studiainitalia.com\/fr\/author\/"},"uagb_comment_info":1,"uagb_excerpt":"Cr\u00e9ation de bijoux en Italie! &nbsp; Notre cours de conception 3D de bijoux par ordinateur \u00e0 Florence dure 4 ou 8 semaines (8 heures d\u2019enseignement par semaine) et s\u2019adresse aux concepteurs qui veulent aborder le monde de la mod\u00e9lisation 3D des bijoux assist\u00e9e par ordinateur. L\u2019utilisation de l\u2019ordinateur permet d\u2019optimiser les id\u00e9es les plus complexes,\u2026","_links":{"self":[{"href":"https:\/\/www.studiainitalia.com\/fr\/wp-json\/wp\/v2\/product\/189011","targetHints":{"allow":["GET"]}}],"collection":[{"href":"https:\/\/www.studiainitalia.com\/fr\/wp-json\/wp\/v2\/product"}],"about":[{"href":"https:\/\/www.studiainitalia.com\/fr\/wp-json\/wp\/v2\/types\/product"}],"replies":[{"embeddable":true,"href":"https:\/\/www.studiainitalia.com\/fr\/wp-json\/wp\/v2\/comments?post=189011"}],"wp:featuredmedia":[{"embeddable":true,"href":"https:\/\/www.studiainitalia.com\/fr\/wp-json\/wp\/v2\/media\/199746"}],"wp:attachment":[{"href":"https:\/\/www.studiainitalia.com\/fr\/wp-json\/wp\/v2\/media?parent=189011"}],"wp:term":[{"taxonomy":"section","embeddable":true,"href":"https:\/\/www.studiainitalia.com\/fr\/wp-json\/wp\/v2\/section?post=189011"},{"taxonomy":"product_brand","embeddable":true,"href":"https:\/\/www.studiainitalia.com\/fr\/wp-json\/wp\/v2\/product_brand?post=189011"},{"taxonomy":"product_cat","embeddable":true,"href":"https:\/\/www.studiainitalia.com\/fr\/wp-json\/wp\/v2\/product_cat?post=189011"},{"taxonomy":"product_tag","embeddable":true,"href":"https:\/\/www.studiainitalia.com\/fr\/wp-json\/wp\/v2\/product_tag?post=189011"}],"curies":[{"name":"wp","href":"https:\/\/api.w.org\/{rel}","templated":true}]}}