{"id":189068,"date":"2016-11-14T18:31:25","date_gmt":"2016-11-14T17:31:25","guid":{"rendered":"https:\/\/www.studiainitalia.com\/courses\/non%20class\u00e9\/italien-et-cuisine-en-taormine\/"},"modified":"2025-12-19T18:51:08","modified_gmt":"2025-12-19T17:51:08","slug":"italien-et-cuisine-a-taormine","status":"publish","type":"product","link":"https:\/\/www.studiainitalia.com\/fr\/cours\/cours-de-cuisine-en-italie\/italien-et-cuisine-a-taormine\/","title":{"rendered":"Cours d\u2019Italien et cuisine \u00e0 Taormine"},"content":{"rendered":"<h2><strong>Italien et cuisine \u00e0 Taormine<\/strong><\/h2>\n<p>&nbsp;<\/p>\n<p>Notre \u00e9cole de langue italienne \u00e0 Taormina est reconnue par le minist\u00e8re italien de l\u2019\u00e9ducation. L\u2019\u00e9cole est situ\u00e9e dans une villa historique de Taormine, \u00e0 quelques m\u00e8tres seulement du Th\u00e9\u00e2tre grec.<\/p>\n<p>La villa, connue sous le nom de Casa Silva, accueille une grande vari\u00e9t\u00e9 d\u2019\u00e9v\u00e9nements culturels, tels que des pr\u00e9sentations de livres d\u2019auteurs, un cin\u00e9-forum et, en \u00e9t\u00e9, des expositions de peinture et de sculpture. En outre, des repr\u00e9sentations th\u00e9\u00e2trales et des concerts en direct (jazz et musique classique) sont propos\u00e9s.<\/p>\n<p>&nbsp;<\/p>\n<p>Dans le jardin, les \u00e9tudiants peuvent profiter de leur temps libre sous les arbres luxuriants pour \u00e9tudier, se d\u00e9tendre et rencontrer leurs camarades de classe.<\/p>\n<p>Tous les enseignants sont dipl\u00f4m\u00e9s de l\u2019universit\u00e9 et beaucoup parlent au moins une ou deux autres langues et tous ont re\u00e7u une formation officielle pour enseigner l\u2019italien comme deuxi\u00e8me langue ou langue \u00e9trang\u00e8re.<\/p>\n<p>L\u2019\u00e9cole organise de nombreuses activit\u00e9s sociales et excursions, une invitation parfaite \u00e0 d\u00e9couvrir le mode de vie sicilien, ses coutumes, ses traditions, sa nourriture et ses vins.<\/p>\n<p>&nbsp;<\/p>\n<p>&nbsp;<\/p>\n<p>&nbsp;<\/p>\n\n<table id=\"tablepress-726\" class=\"tablepress tablepress-id-726 tbody-has-connected-cells\">\n<thead>\n<tr class=\"row-1\">\n\t<th colspan=\"6\" class=\"column-1\">Dates de d\u00e9but 2026<\/th>\n<\/tr>\n<\/thead>\n<tbody class=\"row-striping row-hover\">\n<tr class=\"row-2\">\n\t<td class=\"column-1\">Janvier<\/td><td class=\"column-2\"><\/td><td class=\"column-3\">Mai<\/td><td class=\"column-4\">tous les lundi<\/td><td class=\"column-5\">Septembre<\/td><td class=\"column-6\">tous les lundi<\/td>\n<\/tr>\n<tr class=\"row-3\">\n\t<td class=\"column-1\">F\u00e9vrier<\/td><td class=\"column-2\">tous les lundi<\/td><td class=\"column-3\">Juin<\/td><td class=\"column-4\">tous les lundi<\/td><td class=\"column-5\">Octobre<\/td><td class=\"column-6\">tous les lundi<\/td>\n<\/tr>\n<tr class=\"row-4\">\n\t<td class=\"column-1\">Mars<\/td><td class=\"column-2\">tous les lundi<\/td><td class=\"column-3\">Juillet<\/td><td class=\"column-4\">tous les lundi<\/td><td class=\"column-5\">Novembre<\/td><td class=\"column-6\">tous les lundi<\/td>\n<\/tr>\n<tr class=\"row-5\">\n\t<td class=\"column-1\">Avril<\/td><td class=\"column-2\">tous les lundi<\/td><td class=\"column-3\">Ao\u00fbt<\/td><td class=\"column-4\">tous les lundi<\/td><td class=\"column-5\">Decembre<\/td><td class=\"column-6\">tous les lundi<\/td>\n<\/tr>\n<tr class=\"row-6\">\n\t<td colspan=\"6\" class=\"column-1\">L'\u00e9cole sera ferm\u00e9e les jours f\u00e9ri\u00e9s suivants: Epiphanie (06\/01), Lundi de P\u00e2ques, Jour de la Lib\u00e9ration de l'Italie (25\/04), F\u00eate des Travailleurs (01\/05), F\u00eate de la R\u00e9publique (02\/06), Ferragosto (15 \/ 08), Tous les Saints (01\/11), Immacul\u00e9e Conception (8\/12), vacances de No\u00ebl et nouvel an.<\/td>\n<\/tr>\n<\/tbody>\n<\/table>\n<!-- #tablepress-726 from cache -->\n<p>&nbsp;<\/p>\n","protected":false},"excerpt":{"rendered":"<h2>Les secrets de la cuisine sicilienne!<\/h2>\n<p>&nbsp;<\/p>\n<p>Les cours de cuisine italienne \u00e0 Taormina sont disponibles toute l\u2019ann\u00e9e ; ils ont une dur\u00e9e d\u2019une semaine et consistent en un cours d\u2019italien intensif (20 cours) combin\u00e9 avec 2 le\u00e7ons de cuisine (3 heures et demie chacune).<\/p>\n<p>Les cours d\u2019italien sont dispens\u00e9s par des enseignants qualifi\u00e9s de langue maternelle et bas\u00e9s sur l\u2019utilisation de m\u00e9thodes d\u2019enseignement simples et efficaces avec des petits groupes de 6 \u00e0 10 \u00e9tudiants dans une atmosph\u00e8re amusante et stimulante.<\/p>\n<p>Les cours de cuisine ont lieu dans la maison d\u2019une famille sicilienne et vous apprendrez \u00e0 pr\u00e9parer un repas complet avec un premier plat (p\u00e2tes, risotto ou soupe), un second plat (v\u00e9g\u00e9tarien, viande ou poisson), un accompagnement (salade ou l\u00e9gumes) et, en semaine, une friandise ou un g\u00e2teau.<\/p>\n","protected":false},"featured_media":119061,"comment_status":"open","ping_status":"closed","template":"","meta":{"_acf_changed":false,"_uag_custom_page_level_css":"","_kad_blocks_custom_css":"","_kad_blocks_head_custom_js":"","_kad_blocks_body_custom_js":"","_kad_blocks_footer_custom_js":"","site-sidebar-layout":"default","site-content-layout":"default","ast-site-content-layout":"default","site-content-style":"default","site-sidebar-style":"default","ast-global-header-display":"","ast-banner-title-visibility":"","ast-main-header-display":"","ast-hfb-above-header-display":"","ast-hfb-below-header-display":"","ast-hfb-mobile-header-display":"","site-post-title":"","ast-breadcrumbs-content":"","ast-featured-img":"","footer-sml-layout":"","ast-disable-related-posts":"","theme-transparent-header-meta":"default","adv-header-id-meta":"","stick-header-meta":"default","header-above-stick-meta":"","header-main-stick-meta":"","header-below-stick-meta":"","astra-migrate-meta-layouts":"set","ast-page-background-enabled":"default","ast-page-background-meta":{"desktop":{"background-color":"var(--ast-global-color-4)","background-image":"","background-repeat":"repeat","background-position":"center center","background-size":"auto","background-attachment":"scroll","background-type":"","background-media":"","overlay-type":"","overlay-color":"","overlay-opacity":"","overlay-gradient":""},"tablet":{"background-color":"","background-image":"","background-repeat":"repeat","background-position":"center center","background-size":"auto","background-attachment":"scroll","background-type":"","background-media":"","overlay-type":"","overlay-color":"","overlay-opacity":"","overlay-gradient":""},"mobile":{"background-color":"","background-image":"","background-repeat":"repeat","background-position":"center center","background-size":"auto","background-attachment":"scroll","background-type":"","background-media":"","overlay-type":"","overlay-color":"","overlay-opacity":"","overlay-gradient":""}},"ast-content-background-meta":{"desktop":{"background-color":"var(--ast-global-color-5)","background-image":"","background-repeat":"repeat","background-position":"center center","background-size":"auto","background-attachment":"scroll","background-type":"","background-media":"","overlay-type":"","overlay-color":"","overlay-opacity":"","overlay-gradient":""},"tablet":{"background-color":"var(--ast-global-color-5)","background-image":"","background-repeat":"repeat","background-position":"center center","background-size":"auto","background-attachment":"scroll","background-type":"","background-media":"","overlay-type":"","overlay-color":"","overlay-opacity":"","overlay-gradient":""},"mobile":{"background-color":"var(--ast-global-color-5)","background-image":"","background-repeat":"repeat","background-position":"center center","background-size":"auto","background-attachment":"scroll","background-type":"","background-media":"","overlay-type":"","overlay-color":"","overlay-opacity":"","overlay-gradient":""}}},"section":[],"product_brand":[],"product_cat":[1270,1293],"product_tag":[1884],"class_list":{"0":"post-189068","1":"product","2":"type-product","3":"status-publish","4":"has-post-thumbnail","6":"product_cat-cours-de-cuisine-en-italie","7":"product_cat-cours-a-taormina","8":"product_tag-cours-de-cuisine","9":"desktop-align-left","10":"tablet-align-left","11":"mobile-align-left","12":"ast-product-gallery-layout-horizontal-slider","13":"ast-product-single-variable","14":"ast-product-tabs-layout-horizontal","15":"ast-qv-on-image-click","17":"first","18":"instock","19":"sold-individually","20":"shipping-taxable","21":"purchasable","22":"product-type-variable","23":"has-default-attributes"},"acf":[],"taxonomy_info":{"product_cat":[{"value":1270,"label":"Cours de cuisine en Italie"},{"value":1293,"label":"\u00c9tudier \u00e0 Taormina"}],"product_tag":[{"value":1884,"label":"Cours de cuisine"}]},"featured_image_src_large":["https:\/\/www.studiainitalia.com\/wp-content\/uploads\/2016\/11\/cookery-taormina-e1490028253485.jpg",350,350,false],"author_info":[],"comment_info":0,"uagb_featured_image_src":{"full":["https:\/\/www.studiainitalia.com\/wp-content\/uploads\/2016\/11\/cookery-taormina-e1490028253485.jpg",350,350,false],"thumbnail":["https:\/\/www.studiainitalia.com\/wp-content\/uploads\/2016\/11\/cookery-taormina-150x150.jpg",96,96,true],"medium":["https:\/\/www.studiainitalia.com\/wp-content\/uploads\/2016\/11\/cookery-taormina-300x300.jpg",300,300,true],"medium_large":["https:\/\/www.studiainitalia.com\/wp-content\/uploads\/2016\/11\/cookery-taormina-e1490028253485.jpg",350,350,false],"large":["https:\/\/www.studiainitalia.com\/wp-content\/uploads\/2016\/11\/cookery-taormina-e1490028253485.jpg",350,350,false],"1536x1536":["https:\/\/www.studiainitalia.com\/wp-content\/uploads\/2016\/11\/cookery-taormina-e1490028253485.jpg",350,350,false],"2048x2048":["https:\/\/www.studiainitalia.com\/wp-content\/uploads\/2016\/11\/cookery-taormina-e1490028253485.jpg",350,350,false],"ultp_layout_landscape_large":["https:\/\/www.studiainitalia.com\/wp-content\/uploads\/2016\/11\/cookery-taormina-e1490028253485.jpg",350,350,false],"ultp_layout_landscape":["https:\/\/www.studiainitalia.com\/wp-content\/uploads\/2016\/11\/cookery-taormina-e1490028253485.jpg",350,350,false],"ultp_layout_portrait":["https:\/\/www.studiainitalia.com\/wp-content\/uploads\/2016\/11\/cookery-taormina-e1490028253485.jpg",350,350,false],"ultp_layout_square":["https:\/\/www.studiainitalia.com\/wp-content\/uploads\/2016\/11\/cookery-taormina-e1490028253485.jpg",350,350,false],"gform-image-choice-sm":["https:\/\/www.studiainitalia.com\/wp-content\/uploads\/2016\/11\/cookery-taormina-e1490028253485.jpg",300,300,false],"gform-image-choice-md":["https:\/\/www.studiainitalia.com\/wp-content\/uploads\/2016\/11\/cookery-taormina-e1490028253485.jpg",350,350,false],"gform-image-choice-lg":["https:\/\/www.studiainitalia.com\/wp-content\/uploads\/2016\/11\/cookery-taormina-e1490028253485.jpg",350,350,false],"woocommerce_thumbnail":["https:\/\/www.studiainitalia.com\/wp-content\/uploads\/2016\/11\/cookery-taormina-e1490028253485-300x300.jpg",300,300,true],"woocommerce_single":["https:\/\/www.studiainitalia.com\/wp-content\/uploads\/2016\/11\/cookery-taormina-e1490028253485.jpg",350,350,false],"woocommerce_gallery_thumbnail":["https:\/\/www.studiainitalia.com\/wp-content\/uploads\/2016\/11\/cookery-taormina-e1490028253485-100x100.jpg",100,100,true],"yarpp-thumbnail":["https:\/\/www.studiainitalia.com\/wp-content\/uploads\/2016\/11\/cookery-taormina-e1490028253485.jpg",120,120,false]},"uagb_author_info":{"display_name":"Javier Diaz","author_link":"https:\/\/www.studiainitalia.com\/fr\/author\/"},"uagb_comment_info":0,"uagb_excerpt":"Les secrets de la cuisine sicilienne! &nbsp; Les cours de cuisine italienne \u00e0 Taormina sont disponibles toute l\u2019ann\u00e9e ; ils ont une dur\u00e9e d\u2019une semaine et consistent en un cours d\u2019italien intensif (20 cours) combin\u00e9 avec 2 le\u00e7ons de cuisine (3 heures et demie chacune). Les cours d\u2019italien sont dispens\u00e9s par des enseignants qualifi\u00e9s de\u2026","_links":{"self":[{"href":"https:\/\/www.studiainitalia.com\/fr\/wp-json\/wp\/v2\/product\/189068","targetHints":{"allow":["GET"]}}],"collection":[{"href":"https:\/\/www.studiainitalia.com\/fr\/wp-json\/wp\/v2\/product"}],"about":[{"href":"https:\/\/www.studiainitalia.com\/fr\/wp-json\/wp\/v2\/types\/product"}],"replies":[{"embeddable":true,"href":"https:\/\/www.studiainitalia.com\/fr\/wp-json\/wp\/v2\/comments?post=189068"}],"wp:featuredmedia":[{"embeddable":true,"href":"https:\/\/www.studiainitalia.com\/fr\/wp-json\/wp\/v2\/media\/119061"}],"wp:attachment":[{"href":"https:\/\/www.studiainitalia.com\/fr\/wp-json\/wp\/v2\/media?parent=189068"}],"wp:term":[{"taxonomy":"section","embeddable":true,"href":"https:\/\/www.studiainitalia.com\/fr\/wp-json\/wp\/v2\/section?post=189068"},{"taxonomy":"product_brand","embeddable":true,"href":"https:\/\/www.studiainitalia.com\/fr\/wp-json\/wp\/v2\/product_brand?post=189068"},{"taxonomy":"product_cat","embeddable":true,"href":"https:\/\/www.studiainitalia.com\/fr\/wp-json\/wp\/v2\/product_cat?post=189068"},{"taxonomy":"product_tag","embeddable":true,"href":"https:\/\/www.studiainitalia.com\/fr\/wp-json\/wp\/v2\/product_tag?post=189068"}],"curies":[{"name":"wp","href":"https:\/\/api.w.org\/{rel}","templated":true}]}}