{"id":189069,"date":"2016-11-13T12:04:46","date_gmt":"2016-11-13T11:04:46","guid":{"rendered":"https:\/\/www.studiainitalia.com\/courses\/non%20class\u00e9\/cours-dhistoire-de-lart-a-florence\/"},"modified":"2026-03-16T12:47:40","modified_gmt":"2026-03-16T11:47:40","slug":"cours-dhistoire-de-lart-a-florence","status":"publish","type":"product","link":"https:\/\/www.studiainitalia.com\/fr\/cours\/etudier-a-letranger-a-florence\/cours-dhistoire-de-lart-a-florence\/","title":{"rendered":"Cours d\u2019histoire de l\u2019art \u00e0 Florence"},"content":{"rendered":"<p>Cours d\u2019histoire de l\u2019art \u00e0 Florence&lt;\/strong&gt;&lt;\/h2&gt;<br \/>\n&amp;nbsp;<\/p>\n<p>Notre cours d\u2019histoire de l\u2019art \u00e0 Florence est un cours\u00a0&lt;em&gt;priv\u00e9&lt;\/em&gt;\u00a0et\u00a0&lt;em&gt;exclusif&lt;\/em&gt;\u00a0pour les amateurs d\u2019art italien. Nous proposons diff\u00e9rents programmes d\u2019histoire de l\u2019art qui peuvent \u00eatre r\u00e9alis\u00e9s sur mesure suite \u00e0 vos demandes. Vous rencontrerez d\u2019abord votre guide \u00e0 Florence et, ensemble, vous d\u00e9finirez les visites.<\/p>\n<p>&amp;nbsp;<\/p>\n<p>Chaque programme sera structur\u00e9 en fonction de vos besoins et de vos connaissances.\u00a0&lt;strong&gt;D\u00e9couvrez une vraie Florence, tr\u00e8s loin du tourisme de masse&lt;\/strong&gt;. Nous pouvons \u00e9galement organiser le cours pour les personnes voyageant ensemble. Il n\u2019est pas n\u00e9cessaire d\u2019avoir des connaissances pr\u00e9alables pour assister au cours.<\/p>\n<p>&amp;nbsp;<\/p>\n<p>Les billets d\u2019entr\u00e9e ne sont pas inclus dans le prix du cours. Si vous souhaitez suivre le cours en fran\u00e7ais, vous devrez payer un petit suppl\u00e9ment. Ce cours est \u00e9galement disponible en ligne.<br \/>\n&lt;h3&gt;&lt;\/h3&gt;<\/p>\n<div class=\"ast-oembed-container \" style=\"height: 100%;\"><iframe title=\"4 MAY.mp4\" src=\"https:\/\/player.vimeo.com\/video\/708990100?dnt=1&amp;app_id=122963\" width=\"422\" height=\"750\" frameborder=\"0\" allow=\"autoplay; fullscreen; picture-in-picture; clipboard-write; encrypted-media; web-share\" referrerpolicy=\"strict-origin-when-cross-origin\"><\/iframe><\/div>\n<p>&nbsp;<\/p>\n\n<table id=\"tablepress-711\" class=\"tablepress tablepress-id-711 tbody-has-connected-cells\">\n<thead>\n<tr class=\"row-1\">\n\t<th colspan=\"6\" class=\"column-1\">Dates  de d\u00e9but 2026<\/th>\n<\/tr>\n<\/thead>\n<tbody class=\"row-striping row-hover\">\n<tr class=\"row-2\">\n\t<td class=\"column-1\">Janvier<\/td><td class=\"column-2\">5, 19<\/td><td class=\"column-3\">Mai<\/td><td class=\"column-4\">11, 25<\/td><td class=\"column-5\">Septembre<\/td><td class=\"column-6\">14, 28<\/td>\n<\/tr>\n<tr class=\"row-3\">\n\t<td class=\"column-1\">F\u00e9vrier<\/td><td class=\"column-2\">2, 16<\/td><td class=\"column-3\">Juin<\/td><td class=\"column-4\">8, 22<\/td><td class=\"column-5\">Octobre<\/td><td class=\"column-6\">12, 26<\/td>\n<\/tr>\n<tr class=\"row-4\">\n\t<td class=\"column-1\">Mars<\/td><td class=\"column-2\">2, 16, 30<\/td><td class=\"column-3\">Juillet<\/td><td class=\"column-4\">6, 20<\/td><td class=\"column-5\">Novembre<\/td><td class=\"column-6\"> 9, 23<\/td>\n<\/tr>\n<tr class=\"row-5\">\n\t<td class=\"column-1\">Avril<\/td><td class=\"column-2\">13, 27<\/td><td class=\"column-3\">Ao\u00fbt<\/td><td class=\"column-4\">3, 17, 31<\/td><td class=\"column-5\">Decembre<\/td><td class=\"column-6\"> 7<\/td>\n<\/tr>\n<tr class=\"row-6\">\n\t<td colspan=\"6\" class=\"column-1\">L'\u00e9cole sera ferm\u00e9e les jours f\u00e9ri\u00e9s suivants: Epiphanie (06\/01), Lundi de P\u00e2ques, Jour de la Lib\u00e9ration de l'Italie (25\/04), F\u00eate des Travailleurs (01\/05), F\u00eate de la R\u00e9publique (02\/06), 24\/06, Ferragosto (15 \/ 08), Tous les Saints (01\/11), Immacul\u00e9e Conception (8\/12), vacances de No\u00ebl et nouvel an.<\/td>\n<\/tr>\n<\/tbody>\n<\/table>\n<!-- #tablepress-711 from cache -->\n","protected":false},"excerpt":{"rendered":"<h2>Apprenez l\u2019histoire de l\u2019art italien \u00e0 Florence!<\/h2>\n<p>&nbsp;<\/p>\n<p>Une fois dans votre vie, vous devez visiter Florence. Si vous \u00eates amateur d\u2019art, nous vous proposons un cours unique que vous passionera.<\/p>\n<p>Savez-vous que le syndrome de Stendhal est \u00e9galement appel\u00e9 syndrome de Florence? Il semble que Stendhal ait \u00e9t\u00e9 submerg\u00e9 par une \u00e9motion profonde lors de sa visite \u00e0 Florence.<\/p>\n<p>Pouvez-vous imaginer visiter la statue de\u00a0<strong><em>David<\/em>\u00a0<\/strong>ou le\u00a0<em><strong>Duomo<\/strong><\/em>\u00a0avec votre propre historien de l\u2019art italien priv\u00e9? C\u2019est un privil\u00e8ge \u00e0 ne pas manquer si vous souhaitez vous immerger profond\u00e9ment dans l\u2019art florentin.<\/p>\n<p>Notre \u00e9cole de Florence propose une semaine de cours d\u2019histoire de l\u2019art italien (10 le\u00e7ons individuelles).<\/p>\n<p>Une attention particuli\u00e8re sera accord\u00e9e \u00e0 l\u2019histoire de la peinture et de l\u2019architecture florentine.<\/p>\n<p>Le programme comprend des visites guid\u00e9es de points d\u2019int\u00e9r\u00eat sp\u00e9cifiques de la ville et de ses \u0153uvres d\u2019art.<\/p>\n<p>Vous pouvez choisir un ou plusieurs programmes, par exemple :<\/p>\n<ul>\n<li>\u00a0Du Moyen \u00c2ge au d\u00e9but de la Renaissance<\/li>\n<\/ul>\n<ul>\n<li>De la premi\u00e8re Renaissance \u00e0 la fin de la Renaissance<\/li>\n<\/ul>\n<ul>\n<li>Le Cinquecento<\/li>\n<\/ul>\n<ul>\n<li>L\u2019art mani\u00e9riste<\/li>\n<\/ul>\n<ul>\n<li>Le Seicento<\/li>\n<\/ul>\n<p>Vous pouvez combiner votre cours avec un cours d\u2019italien dans la m\u00eame \u00e9cole.<\/p>\n<p>Les le\u00e7ons, qui sont des cours individuels, sont dispens\u00e9es en italien. L<span class=\"VIiyi\" lang=\"fr\">e fran\u00e7ais, l<\/span>\u2019anglais ou l\u2019espagnol peuvent \u00e9galement \u00eatre utilis\u00e9s (un suppl\u00e9ment est demand\u00e9).<\/p>\n<p>Tous les professeurs sont dipl\u00f4m\u00e9s en histoire de l\u2019art avec une exp\u00e9rience de l\u2019enseignement et sont des guides touristiques officiels de la ville de Florence.<\/p>\n","protected":false},"featured_media":153886,"comment_status":"open","ping_status":"closed","template":"","meta":{"_acf_changed":false,"_uag_custom_page_level_css":"","_kad_blocks_custom_css":"","_kad_blocks_head_custom_js":"","_kad_blocks_body_custom_js":"","_kad_blocks_footer_custom_js":"","site-sidebar-layout":"default","site-content-layout":"default","ast-site-content-layout":"default","site-content-style":"default","site-sidebar-style":"default","ast-global-header-display":"","ast-banner-title-visibility":"","ast-main-header-display":"","ast-hfb-above-header-display":"","ast-hfb-below-header-display":"","ast-hfb-mobile-header-display":"","site-post-title":"","ast-breadcrumbs-content":"","ast-featured-img":"","footer-sml-layout":"","ast-disable-related-posts":"","theme-transparent-header-meta":"default","adv-header-id-meta":"","stick-header-meta":"default","header-above-stick-meta":"","header-main-stick-meta":"","header-below-stick-meta":"","astra-migrate-meta-layouts":"set","ast-page-background-enabled":"default","ast-page-background-meta":{"desktop":{"background-color":"var(--ast-global-color-4)","background-image":"","background-repeat":"repeat","background-position":"center center","background-size":"auto","background-attachment":"scroll","background-type":"","background-media":"","overlay-type":"","overlay-color":"","overlay-opacity":"","overlay-gradient":""},"tablet":{"background-color":"","background-image":"","background-repeat":"repeat","background-position":"center center","background-size":"auto","background-attachment":"scroll","background-type":"","background-media":"","overlay-type":"","overlay-color":"","overlay-opacity":"","overlay-gradient":""},"mobile":{"background-color":"","background-image":"","background-repeat":"repeat","background-position":"center center","background-size":"auto","background-attachment":"scroll","background-type":"","background-media":"","overlay-type":"","overlay-color":"","overlay-opacity":"","overlay-gradient":""}},"ast-content-background-meta":{"desktop":{"background-color":"var(--ast-global-color-5)","background-image":"","background-repeat":"repeat","background-position":"center center","background-size":"auto","background-attachment":"scroll","background-type":"","background-media":"","overlay-type":"","overlay-color":"","overlay-opacity":"","overlay-gradient":""},"tablet":{"background-color":"var(--ast-global-color-5)","background-image":"","background-repeat":"repeat","background-position":"center center","background-size":"auto","background-attachment":"scroll","background-type":"","background-media":"","overlay-type":"","overlay-color":"","overlay-opacity":"","overlay-gradient":""},"mobile":{"background-color":"var(--ast-global-color-5)","background-image":"","background-repeat":"repeat","background-position":"center center","background-size":"auto","background-attachment":"scroll","background-type":"","background-media":"","overlay-type":"","overlay-color":"","overlay-opacity":"","overlay-gradient":""}}},"section":[],"product_brand":[],"product_cat":[1357,1276],"product_tag":[1886],"class_list":{"0":"post-189069","1":"product","2":"type-product","3":"status-publish","4":"has-post-thumbnail","6":"product_cat-cours-dhistoire-de-lart-en-italie","7":"product_cat-etudier-a-letranger-a-florence","8":"product_tag-etranger-a-florence","9":"desktop-align-left","10":"tablet-align-left","11":"mobile-align-left","12":"ast-product-gallery-layout-horizontal-slider","13":"ast-product-single-variable","14":"ast-product-tabs-layout-horizontal","15":"ast-qv-on-image-click","17":"first","18":"instock","19":"sold-individually","20":"shipping-taxable","21":"purchasable","22":"product-type-variable","23":"has-default-attributes"},"acf":[],"taxonomy_info":{"product_cat":[{"value":1357,"label":"Cours d'histoire de l'art en Italie"},{"value":1276,"label":"Cursos en Florencia"}],"product_tag":[{"value":1886,"label":"\u00e9tranger \u00e0 Florence"}]},"featured_image_src_large":["https:\/\/www.studiainitalia.com\/wp-content\/uploads\/2016\/11\/ITALIAN-IN-ITALY-1024x682.jpg","1024","682",true],"author_info":[],"comment_info":18,"uagb_featured_image_src":{"full":["https:\/\/www.studiainitalia.com\/wp-content\/uploads\/2016\/11\/ITALIAN-IN-ITALY.jpg",1280,853,false],"thumbnail":["https:\/\/www.studiainitalia.com\/wp-content\/uploads\/2016\/11\/ITALIAN-IN-ITALY-150x150.jpg",96,96,true],"medium":["https:\/\/www.studiainitalia.com\/wp-content\/uploads\/2016\/11\/ITALIAN-IN-ITALY-300x200.jpg","300","200",true],"medium_large":["https:\/\/www.studiainitalia.com\/wp-content\/uploads\/2016\/11\/ITALIAN-IN-ITALY-768x512.jpg",768,512,true],"large":["https:\/\/www.studiainitalia.com\/wp-content\/uploads\/2016\/11\/ITALIAN-IN-ITALY-1024x682.jpg","1024","682",true],"1536x1536":["https:\/\/www.studiainitalia.com\/wp-content\/uploads\/2016\/11\/ITALIAN-IN-ITALY.jpg",1280,853,false],"2048x2048":["https:\/\/www.studiainitalia.com\/wp-content\/uploads\/2016\/11\/ITALIAN-IN-ITALY.jpg",1280,853,false],"ultp_layout_landscape_large":["https:\/\/www.studiainitalia.com\/wp-content\/uploads\/2016\/11\/ITALIAN-IN-ITALY.jpg",1200,800,false],"ultp_layout_landscape":["https:\/\/www.studiainitalia.com\/wp-content\/uploads\/2016\/11\/ITALIAN-IN-ITALY.jpg",855,570,false],"ultp_layout_portrait":["https:\/\/www.studiainitalia.com\/wp-content\/uploads\/2016\/11\/ITALIAN-IN-ITALY.jpg",600,400,false],"ultp_layout_square":["https:\/\/www.studiainitalia.com\/wp-content\/uploads\/2016\/11\/ITALIAN-IN-ITALY.jpg",600,400,false],"gform-image-choice-sm":["https:\/\/www.studiainitalia.com\/wp-content\/uploads\/2016\/11\/ITALIAN-IN-ITALY.jpg",300,200,false],"gform-image-choice-md":["https:\/\/www.studiainitalia.com\/wp-content\/uploads\/2016\/11\/ITALIAN-IN-ITALY.jpg",400,267,false],"gform-image-choice-lg":["https:\/\/www.studiainitalia.com\/wp-content\/uploads\/2016\/11\/ITALIAN-IN-ITALY.jpg",600,400,false],"woocommerce_thumbnail":["https:\/\/www.studiainitalia.com\/wp-content\/uploads\/2016\/11\/ITALIAN-IN-ITALY-300x300.jpg",300,300,true],"woocommerce_single":["https:\/\/www.studiainitalia.com\/wp-content\/uploads\/2016\/11\/ITALIAN-IN-ITALY-400x267.jpg",400,267,true],"woocommerce_gallery_thumbnail":["https:\/\/www.studiainitalia.com\/wp-content\/uploads\/2016\/11\/ITALIAN-IN-ITALY-100x100.jpg",100,100,true],"yarpp-thumbnail":["https:\/\/www.studiainitalia.com\/wp-content\/uploads\/2016\/11\/ITALIAN-IN-ITALY.jpg",120,80,false]},"uagb_author_info":{"display_name":"Javier Diaz","author_link":"https:\/\/www.studiainitalia.com\/fr\/author\/"},"uagb_comment_info":18,"uagb_excerpt":"Apprenez l\u2019histoire de l\u2019art italien \u00e0 Florence! &nbsp; Une fois dans votre vie, vous devez visiter Florence. Si vous \u00eates amateur d\u2019art, nous vous proposons un cours unique que vous passionera. Savez-vous que le syndrome de Stendhal est \u00e9galement appel\u00e9 syndrome de Florence? Il semble que Stendhal ait \u00e9t\u00e9 submerg\u00e9 par une \u00e9motion profonde lors\u2026","_links":{"self":[{"href":"https:\/\/www.studiainitalia.com\/fr\/wp-json\/wp\/v2\/product\/189069","targetHints":{"allow":["GET"]}}],"collection":[{"href":"https:\/\/www.studiainitalia.com\/fr\/wp-json\/wp\/v2\/product"}],"about":[{"href":"https:\/\/www.studiainitalia.com\/fr\/wp-json\/wp\/v2\/types\/product"}],"replies":[{"embeddable":true,"href":"https:\/\/www.studiainitalia.com\/fr\/wp-json\/wp\/v2\/comments?post=189069"}],"wp:featuredmedia":[{"embeddable":true,"href":"https:\/\/www.studiainitalia.com\/fr\/wp-json\/wp\/v2\/media\/153886"}],"wp:attachment":[{"href":"https:\/\/www.studiainitalia.com\/fr\/wp-json\/wp\/v2\/media?parent=189069"}],"wp:term":[{"taxonomy":"section","embeddable":true,"href":"https:\/\/www.studiainitalia.com\/fr\/wp-json\/wp\/v2\/section?post=189069"},{"taxonomy":"product_brand","embeddable":true,"href":"https:\/\/www.studiainitalia.com\/fr\/wp-json\/wp\/v2\/product_brand?post=189069"},{"taxonomy":"product_cat","embeddable":true,"href":"https:\/\/www.studiainitalia.com\/fr\/wp-json\/wp\/v2\/product_cat?post=189069"},{"taxonomy":"product_tag","embeddable":true,"href":"https:\/\/www.studiainitalia.com\/fr\/wp-json\/wp\/v2\/product_tag?post=189069"}],"curies":[{"name":"wp","href":"https:\/\/api.w.org\/{rel}","templated":true}]}}