{"id":189098,"date":"2016-11-15T19:10:02","date_gmt":"2016-11-15T18:10:02","guid":{"rendered":"https:\/\/www.studiainitalia.com\/courses\/non%20class\u00e9\/cuisine-italienne-a-florence\/"},"modified":"2025-12-19T18:45:29","modified_gmt":"2025-12-19T17:45:29","slug":"cours-cuisine-italienne-a-florence","status":"publish","type":"product","link":"https:\/\/www.studiainitalia.com\/fr\/cours\/cours-de-cuisine-en-italie\/cours-cuisine-italienne-a-florence\/","title":{"rendered":"Cours de cuisine italienne \u00e0 Florence"},"content":{"rendered":"<h3>La Cuisine italienne \u00e0 Florence<\/h3>\n<p>&nbsp;<\/p>\n<p>Nos cours de cuisine italienne \u00e0 Florence s\u2019adressent aux passionn\u00e9s de cuisine italienne. Si vous souhaitez d\u00e9couvrir les secrets de la cuisine italienne, nous vous offrons l\u2019opportunit\u00e9 d\u2019apprendre \u00e0 pr\u00e9parer des recettes traditionnelles italiennes.<\/p>\n<p>Le cours se d\u00e9roule sous la direction d\u2019un chef expert. Pendant les cours, vous pourrez appliquer les nouvelles techniques lors de la pr\u00e9paration de vos propres plats.<\/p>\n<p>Notre \u00e9cole de cuisine italienne \u00e0 Florence est situ\u00e9e en plein centre de la ville. Il est \u00e0 quelques minutes \u00e0 pied du Ponte Vecchio. Il dispose de grandes salles et d\u2019une cuisine enti\u00e8rement \u00e9quip\u00e9e.<\/p>\n<p>Le cours a lieu du lundi au vendredi \u00e0 raison de trois heures par le\u00e7on.<\/p>\n<p>Dates de d\u00e9but : 13 avril, 6 juillet, 14 septembre<\/p>\n<p>Un minimum de trois participants est n\u00e9cessaire pour ouvrir le cours. Date limite : un mois avant le d\u00e9but du cours<\/p>\n<p><strong>Vous pouvez \u00e9galement r\u00e9server des le\u00e7ons de cuisine toute l\u2019ann\u00e9e. Demandez plus d\u2019informations !<\/strong><\/p>\n<div class=\"aiosrs-rating-wrap\" data-schema-id=\"90691\">\n<div class=\"aiosrs-star-rating-wrap \"><\/div>\n<div class=\"aiosrs-rating-summary-wrap\"><\/div>\n<\/div>\n","protected":false},"excerpt":{"rendered":"<h2><strong>Apprenez \u00e0 cuisiner des plats italiens en Italie. Voyagez en Italie et prenez des cours de cuisine italienne!<\/strong><\/h2>\n<p>&nbsp;<\/p>\n<p>Les cours de cuisine italienne \u00e0 Florence se d\u00e9roulent dans une grande cuisine enti\u00e8rement \u00e9quip\u00e9e situ\u00e9e au centre ville.<\/p>\n<p>Les participants peuvent travailler sous la direction d\u2019un chef professionnel. Ces cours pratiques de cuisine italienne s\u2019adressent aux gastronomes d\u00e9sireux de d\u00e9couvrir les secrets de la cuisine italienne. Vous pouvez choisir d\u2019assister \u00e0 des cours de cuisine uniques: p\u00e2tes, pizza, glace et plus.<\/p>\n<p>Les cours se d\u00e9roulent normalement en italien et en anglais avec 5 le\u00e7ons par semaine<\/p>\n<p>Nous proposons \u00e9galement des cours de cuisine italienne professionnelle.<\/p>\n","protected":false},"featured_media":119334,"comment_status":"open","ping_status":"closed","template":"","meta":{"_acf_changed":false,"_uag_custom_page_level_css":"","_kad_blocks_custom_css":"","_kad_blocks_head_custom_js":"","_kad_blocks_body_custom_js":"","_kad_blocks_footer_custom_js":"","site-sidebar-layout":"default","site-content-layout":"default","ast-site-content-layout":"default","site-content-style":"default","site-sidebar-style":"default","ast-global-header-display":"","ast-banner-title-visibility":"","ast-main-header-display":"","ast-hfb-above-header-display":"","ast-hfb-below-header-display":"","ast-hfb-mobile-header-display":"","site-post-title":"","ast-breadcrumbs-content":"","ast-featured-img":"","footer-sml-layout":"","ast-disable-related-posts":"","theme-transparent-header-meta":"default","adv-header-id-meta":"","stick-header-meta":"default","header-above-stick-meta":"","header-main-stick-meta":"","header-below-stick-meta":"","astra-migrate-meta-layouts":"set","ast-page-background-enabled":"default","ast-page-background-meta":{"desktop":{"background-color":"var(--ast-global-color-4)","background-image":"","background-repeat":"repeat","background-position":"center center","background-size":"auto","background-attachment":"scroll","background-type":"","background-media":"","overlay-type":"","overlay-color":"","overlay-opacity":"","overlay-gradient":""},"tablet":{"background-color":"","background-image":"","background-repeat":"repeat","background-position":"center center","background-size":"auto","background-attachment":"scroll","background-type":"","background-media":"","overlay-type":"","overlay-color":"","overlay-opacity":"","overlay-gradient":""},"mobile":{"background-color":"","background-image":"","background-repeat":"repeat","background-position":"center center","background-size":"auto","background-attachment":"scroll","background-type":"","background-media":"","overlay-type":"","overlay-color":"","overlay-opacity":"","overlay-gradient":""}},"ast-content-background-meta":{"desktop":{"background-color":"var(--ast-global-color-5)","background-image":"","background-repeat":"repeat","background-position":"center center","background-size":"auto","background-attachment":"scroll","background-type":"","background-media":"","overlay-type":"","overlay-color":"","overlay-opacity":"","overlay-gradient":""},"tablet":{"background-color":"var(--ast-global-color-5)","background-image":"","background-repeat":"repeat","background-position":"center center","background-size":"auto","background-attachment":"scroll","background-type":"","background-media":"","overlay-type":"","overlay-color":"","overlay-opacity":"","overlay-gradient":""},"mobile":{"background-color":"var(--ast-global-color-5)","background-image":"","background-repeat":"repeat","background-position":"center center","background-size":"auto","background-attachment":"scroll","background-type":"","background-media":"","overlay-type":"","overlay-color":"","overlay-opacity":"","overlay-gradient":""}}},"section":[],"product_brand":[],"product_cat":[1270,1276],"product_tag":[1884,1886],"class_list":{"0":"post-189098","1":"product","2":"type-product","3":"status-publish","4":"has-post-thumbnail","6":"product_cat-cours-de-cuisine-en-italie","7":"product_cat-etudier-a-letranger-a-florence","8":"product_tag-cours-de-cuisine","9":"product_tag-etranger-a-florence","10":"desktop-align-left","11":"tablet-align-left","12":"mobile-align-left","13":"ast-product-gallery-layout-horizontal-slider","14":"ast-product-gallery-with-no-image","15":"ast-product-single-variable","16":"ast-product-tabs-layout-horizontal","17":"ast-qv-on-image-click","19":"first","20":"instock","21":"sold-individually","22":"shipping-taxable","23":"purchasable","24":"product-type-variable"},"acf":[],"taxonomy_info":{"product_cat":[{"value":1270,"label":"Cours de cuisine en Italie"},{"value":1276,"label":"Cursos en Florencia"}],"product_tag":[{"value":1884,"label":"Cours de cuisine"},{"value":1886,"label":"\u00e9tranger \u00e0 Florence"}]},"featured_image_src_large":["https:\/\/www.studiainitalia.com\/wp-content\/uploads\/2016\/11\/cooking-in-florence.jpg",432,431,false],"author_info":[],"comment_info":2,"uagb_featured_image_src":{"full":["https:\/\/www.studiainitalia.com\/wp-content\/uploads\/2016\/11\/cooking-in-florence.jpg",432,431,false],"thumbnail":["https:\/\/www.studiainitalia.com\/wp-content\/uploads\/2016\/11\/cooking-in-florence-150x150.jpg",96,96,true],"medium":["https:\/\/www.studiainitalia.com\/wp-content\/uploads\/2016\/11\/cooking-in-florence-300x300.jpg",300,300,true],"medium_large":["https:\/\/www.studiainitalia.com\/wp-content\/uploads\/2016\/11\/cooking-in-florence.jpg",432,431,false],"large":["https:\/\/www.studiainitalia.com\/wp-content\/uploads\/2016\/11\/cooking-in-florence.jpg",432,431,false],"1536x1536":["https:\/\/www.studiainitalia.com\/wp-content\/uploads\/2016\/11\/cooking-in-florence.jpg",432,431,false],"2048x2048":["https:\/\/www.studiainitalia.com\/wp-content\/uploads\/2016\/11\/cooking-in-florence.jpg",432,431,false],"ultp_layout_landscape_large":["https:\/\/www.studiainitalia.com\/wp-content\/uploads\/2016\/11\/cooking-in-florence.jpg",432,431,false],"ultp_layout_landscape":["https:\/\/www.studiainitalia.com\/wp-content\/uploads\/2016\/11\/cooking-in-florence.jpg",432,431,false],"ultp_layout_portrait":["https:\/\/www.studiainitalia.com\/wp-content\/uploads\/2016\/11\/cooking-in-florence.jpg",432,431,false],"ultp_layout_square":["https:\/\/www.studiainitalia.com\/wp-content\/uploads\/2016\/11\/cooking-in-florence.jpg",432,431,false],"gform-image-choice-sm":["https:\/\/www.studiainitalia.com\/wp-content\/uploads\/2016\/11\/cooking-in-florence.jpg",300,300,false],"gform-image-choice-md":["https:\/\/www.studiainitalia.com\/wp-content\/uploads\/2016\/11\/cooking-in-florence.jpg",400,400,false],"gform-image-choice-lg":["https:\/\/www.studiainitalia.com\/wp-content\/uploads\/2016\/11\/cooking-in-florence.jpg",432,431,false],"woocommerce_thumbnail":["https:\/\/www.studiainitalia.com\/wp-content\/uploads\/2016\/11\/cooking-in-florence-300x300.jpg",300,300,true],"woocommerce_single":["https:\/\/www.studiainitalia.com\/wp-content\/uploads\/2016\/11\/cooking-in-florence-400x399.jpg",400,399,true],"woocommerce_gallery_thumbnail":["https:\/\/www.studiainitalia.com\/wp-content\/uploads\/2016\/11\/cooking-in-florence-100x100.jpg",100,100,true],"yarpp-thumbnail":["https:\/\/www.studiainitalia.com\/wp-content\/uploads\/2016\/11\/cooking-in-florence.jpg",120,120,false]},"uagb_author_info":{"display_name":"Javier Diaz","author_link":"https:\/\/www.studiainitalia.com\/fr\/author\/"},"uagb_comment_info":2,"uagb_excerpt":"Apprenez \u00e0 cuisiner des plats italiens en Italie. Voyagez en Italie et prenez des cours de cuisine italienne! &nbsp; Les cours de cuisine italienne \u00e0 Florence se d\u00e9roulent dans une grande cuisine enti\u00e8rement \u00e9quip\u00e9e situ\u00e9e au centre ville. Les participants peuvent travailler sous la direction d\u2019un chef professionnel. Ces cours pratiques de cuisine italienne s\u2019adressent\u2026","_links":{"self":[{"href":"https:\/\/www.studiainitalia.com\/fr\/wp-json\/wp\/v2\/product\/189098","targetHints":{"allow":["GET"]}}],"collection":[{"href":"https:\/\/www.studiainitalia.com\/fr\/wp-json\/wp\/v2\/product"}],"about":[{"href":"https:\/\/www.studiainitalia.com\/fr\/wp-json\/wp\/v2\/types\/product"}],"replies":[{"embeddable":true,"href":"https:\/\/www.studiainitalia.com\/fr\/wp-json\/wp\/v2\/comments?post=189098"}],"wp:featuredmedia":[{"embeddable":true,"href":"https:\/\/www.studiainitalia.com\/fr\/wp-json\/wp\/v2\/media\/119334"}],"wp:attachment":[{"href":"https:\/\/www.studiainitalia.com\/fr\/wp-json\/wp\/v2\/media?parent=189098"}],"wp:term":[{"taxonomy":"section","embeddable":true,"href":"https:\/\/www.studiainitalia.com\/fr\/wp-json\/wp\/v2\/section?post=189098"},{"taxonomy":"product_brand","embeddable":true,"href":"https:\/\/www.studiainitalia.com\/fr\/wp-json\/wp\/v2\/product_brand?post=189098"},{"taxonomy":"product_cat","embeddable":true,"href":"https:\/\/www.studiainitalia.com\/fr\/wp-json\/wp\/v2\/product_cat?post=189098"},{"taxonomy":"product_tag","embeddable":true,"href":"https:\/\/www.studiainitalia.com\/fr\/wp-json\/wp\/v2\/product_tag?post=189098"}],"curies":[{"name":"wp","href":"https:\/\/api.w.org\/{rel}","templated":true}]}}