{"id":189130,"date":"2016-11-20T11:23:24","date_gmt":"2016-11-20T10:23:24","guid":{"rendered":"https:\/\/www.studiainitalia.com\/courses\/non%20class\u00e9\/italien-et-travail-en-florence-museologie\/"},"modified":"2026-04-15T19:38:46","modified_gmt":"2026-04-15T17:38:46","slug":"apprendre-italien-et-travailler-en-italie-museologie","status":"publish","type":"product","link":"https:\/\/www.studiainitalia.com\/fr\/cours\/etudier-a-letranger-a-florence\/apprendre-italien-et-travailler-en-italie-museologie\/","title":{"rendered":"Apprendre Italien et travailler en Italie: Mus\u00e9ologie"},"content":{"rendered":"<h2>Italien et stage en museologie<\/h2>\n<p>&nbsp;<\/p>\n<p>Notre \u00e9cole \u00e0 Florence, Centro Machiavelli, fond\u00e9e en 1978, est reconnue par le minist\u00e8re italien de l\u2019\u00e9ducation.\u00a0 L\u2019\u00e9cole est situ\u00e9e dans un b\u00e2timent historique au centre de Florence, tout pr\u00e8s du Ponte Vecchio.\u00a0 L\u2019\u00e9cole organise deux activit\u00e9s sociales par semaine qui se d\u00e9roulent en dehors des heures de cours normales.<\/p>\n<p>&nbsp;<\/p>\n<p><strong>Apprenez l\u2019italien et travaillez en museologie!<\/strong><\/p>\n<p>&nbsp;<\/p>\n\n<table id=\"tablepress-711\" class=\"tablepress tablepress-id-711 tbody-has-connected-cells\">\n<thead>\n<tr class=\"row-1\">\n\t<th colspan=\"6\" class=\"column-1\">Dates  de d\u00e9but 2026<\/th>\n<\/tr>\n<\/thead>\n<tbody class=\"row-striping row-hover\">\n<tr class=\"row-2\">\n\t<td class=\"column-1\">Janvier<\/td><td class=\"column-2\">5, 19<\/td><td class=\"column-3\">Mai<\/td><td class=\"column-4\">11, 25<\/td><td class=\"column-5\">Septembre<\/td><td class=\"column-6\">14, 28<\/td>\n<\/tr>\n<tr class=\"row-3\">\n\t<td class=\"column-1\">F\u00e9vrier<\/td><td class=\"column-2\">2, 16<\/td><td class=\"column-3\">Juin<\/td><td class=\"column-4\">8, 22<\/td><td class=\"column-5\">Octobre<\/td><td class=\"column-6\">12, 26<\/td>\n<\/tr>\n<tr class=\"row-4\">\n\t<td class=\"column-1\">Mars<\/td><td class=\"column-2\">2, 16, 30<\/td><td class=\"column-3\">Juillet<\/td><td class=\"column-4\">6, 20<\/td><td class=\"column-5\">Novembre<\/td><td class=\"column-6\"> 9, 23<\/td>\n<\/tr>\n<tr class=\"row-5\">\n\t<td class=\"column-1\">Avril<\/td><td class=\"column-2\">13, 27<\/td><td class=\"column-3\">Ao\u00fbt<\/td><td class=\"column-4\">3, 17, 31<\/td><td class=\"column-5\">Decembre<\/td><td class=\"column-6\"> 7<\/td>\n<\/tr>\n<tr class=\"row-6\">\n\t<td colspan=\"6\" class=\"column-1\">L'\u00e9cole sera ferm\u00e9e les jours f\u00e9ri\u00e9s suivants: Epiphanie (06\/01), Lundi de P\u00e2ques, Jour de la Lib\u00e9ration de l'Italie (25\/04), F\u00eate des Travailleurs (01\/05), F\u00eate de la R\u00e9publique (02\/06), 24\/06, Ferragosto (15 \/ 08), Tous les Saints (01\/11), Immacul\u00e9e Conception (8\/12), vacances de No\u00ebl et nouvel an.<\/td>\n<\/tr>\n<\/tbody>\n<\/table>\n<!-- #tablepress-711 from cache -->\n<p>&nbsp;<\/p>\n","protected":false},"excerpt":{"rendered":"<h2><strong>Souhaitez-vous faire une exp\u00e9rience de travail pratique dans un mus\u00e9e florentin?<\/strong><\/h2>\n<p>&nbsp;<\/p>\n<h4><\/h4>\n<p>Ce programme s\u2019adresse aux \u00e9tudiants en histoire de l\u2019art ou en mus\u00e9ologie \u00e2g\u00e9s de 18 \u00e0 30 ans.<\/p>\n<p>&nbsp;<\/p>\n<ul>\n<li>Vous suivrez un cours d\u2019italien intensif pendant les 4 premi\u00e8res semaines et commencerez ensuite votre stage de travail (8 semaines ; 32 heures par semaine). Il ne s\u2019agit pas d\u2019un emploi r\u00e9mun\u00e9r\u00e9.<\/li>\n<\/ul>\n<ul>\n<li>Nos cours d\u2019italien \u00e0 Florence consistent en quatre le\u00e7ons d\u2019italien par jour.<\/li>\n<\/ul>\n<ul>\n<li>Les cours sont ouverts \u00e0 tous les niveaux, des d\u00e9butants aux avanc\u00e9s, conform\u00e9ment au Cadre europ\u00e9en commun de r\u00e9f\u00e9rence pour les langues.<\/li>\n<\/ul>\n<ul>\n<li>\u00a0Les groupes sont tr\u00e8s r\u00e9duits (6 \u00e0 12 \u00e9tudiants). La m\u00e9thode d\u2019enseignement est bas\u00e9e sur l\u2019approche communicative qui met l\u2019accent sur les aspects de la langue permettant une interaction linguistique efficace.<\/li>\n<\/ul>\n","protected":false},"featured_media":119544,"comment_status":"open","ping_status":"closed","template":"","meta":{"_acf_changed":false,"_uag_custom_page_level_css":"","_kad_blocks_custom_css":"","_kad_blocks_head_custom_js":"","_kad_blocks_body_custom_js":"","_kad_blocks_footer_custom_js":"","site-sidebar-layout":"default","site-content-layout":"default","ast-site-content-layout":"default","site-content-style":"default","site-sidebar-style":"default","ast-global-header-display":"","ast-banner-title-visibility":"","ast-main-header-display":"","ast-hfb-above-header-display":"","ast-hfb-below-header-display":"","ast-hfb-mobile-header-display":"","site-post-title":"","ast-breadcrumbs-content":"","ast-featured-img":"","footer-sml-layout":"","ast-disable-related-posts":"","theme-transparent-header-meta":"default","adv-header-id-meta":"","stick-header-meta":"default","header-above-stick-meta":"","header-main-stick-meta":"","header-below-stick-meta":"","astra-migrate-meta-layouts":"set","ast-page-background-enabled":"default","ast-page-background-meta":{"desktop":{"background-color":"var(--ast-global-color-4)","background-image":"","background-repeat":"repeat","background-position":"center center","background-size":"auto","background-attachment":"scroll","background-type":"","background-media":"","overlay-type":"","overlay-color":"","overlay-opacity":"","overlay-gradient":""},"tablet":{"background-color":"","background-image":"","background-repeat":"repeat","background-position":"center center","background-size":"auto","background-attachment":"scroll","background-type":"","background-media":"","overlay-type":"","overlay-color":"","overlay-opacity":"","overlay-gradient":""},"mobile":{"background-color":"","background-image":"","background-repeat":"repeat","background-position":"center center","background-size":"auto","background-attachment":"scroll","background-type":"","background-media":"","overlay-type":"","overlay-color":"","overlay-opacity":"","overlay-gradient":""}},"ast-content-background-meta":{"desktop":{"background-color":"var(--ast-global-color-5)","background-image":"","background-repeat":"repeat","background-position":"center center","background-size":"auto","background-attachment":"scroll","background-type":"","background-media":"","overlay-type":"","overlay-color":"","overlay-opacity":"","overlay-gradient":""},"tablet":{"background-color":"var(--ast-global-color-5)","background-image":"","background-repeat":"repeat","background-position":"center center","background-size":"auto","background-attachment":"scroll","background-type":"","background-media":"","overlay-type":"","overlay-color":"","overlay-opacity":"","overlay-gradient":""},"mobile":{"background-color":"var(--ast-global-color-5)","background-image":"","background-repeat":"repeat","background-position":"center center","background-size":"auto","background-attachment":"scroll","background-type":"","background-media":"","overlay-type":"","overlay-color":"","overlay-opacity":"","overlay-gradient":""}}},"section":[],"product_brand":[],"product_cat":[1276,1356],"product_tag":[1886],"class_list":{"0":"post-189130","1":"product","2":"type-product","3":"status-publish","4":"has-post-thumbnail","6":"product_cat-etudier-a-letranger-a-florence","7":"product_cat-travailler-en-italie","8":"product_tag-etranger-a-florence","9":"desktop-align-left","10":"tablet-align-left","11":"mobile-align-left","12":"ast-product-gallery-layout-horizontal-slider","13":"ast-product-gallery-with-no-image","14":"ast-product-single-variable","15":"ast-product-tabs-layout-horizontal","16":"ast-qv-on-image-click","18":"first","19":"instock","20":"sold-individually","21":"shipping-taxable","22":"purchasable","23":"product-type-variable","24":"has-default-attributes"},"acf":[],"taxonomy_info":{"product_cat":[{"value":1276,"label":"Cursos en Florencia"},{"value":1356,"label":"Travailler en Italie"}],"product_tag":[{"value":1886,"label":"\u00e9tranger \u00e0 Florence"}]},"featured_image_src_large":["https:\/\/www.studiainitalia.com\/wp-content\/uploads\/2016\/11\/museum-internship-italy.jpg",432,429,false],"author_info":[],"comment_info":0,"uagb_featured_image_src":{"full":["https:\/\/www.studiainitalia.com\/wp-content\/uploads\/2016\/11\/museum-internship-italy.jpg",432,429,false],"thumbnail":["https:\/\/www.studiainitalia.com\/wp-content\/uploads\/2016\/11\/museum-internship-italy-150x150.jpg",96,96,true],"medium":["https:\/\/www.studiainitalia.com\/wp-content\/uploads\/2016\/11\/museum-internship-italy-300x298.jpg",300,298,true],"medium_large":["https:\/\/www.studiainitalia.com\/wp-content\/uploads\/2016\/11\/museum-internship-italy.jpg",432,429,false],"large":["https:\/\/www.studiainitalia.com\/wp-content\/uploads\/2016\/11\/museum-internship-italy.jpg",432,429,false],"1536x1536":["https:\/\/www.studiainitalia.com\/wp-content\/uploads\/2016\/11\/museum-internship-italy.jpg",432,429,false],"2048x2048":["https:\/\/www.studiainitalia.com\/wp-content\/uploads\/2016\/11\/museum-internship-italy.jpg",432,429,false],"ultp_layout_landscape_large":["https:\/\/www.studiainitalia.com\/wp-content\/uploads\/2016\/11\/museum-internship-italy.jpg",432,429,false],"ultp_layout_landscape":["https:\/\/www.studiainitalia.com\/wp-content\/uploads\/2016\/11\/museum-internship-italy.jpg",432,429,false],"ultp_layout_portrait":["https:\/\/www.studiainitalia.com\/wp-content\/uploads\/2016\/11\/museum-internship-italy.jpg",432,429,false],"ultp_layout_square":["https:\/\/www.studiainitalia.com\/wp-content\/uploads\/2016\/11\/museum-internship-italy.jpg",432,429,false],"gform-image-choice-sm":["https:\/\/www.studiainitalia.com\/wp-content\/uploads\/2016\/11\/museum-internship-italy.jpg",300,298,false],"gform-image-choice-md":["https:\/\/www.studiainitalia.com\/wp-content\/uploads\/2016\/11\/museum-internship-italy.jpg",400,397,false],"gform-image-choice-lg":["https:\/\/www.studiainitalia.com\/wp-content\/uploads\/2016\/11\/museum-internship-italy.jpg",432,429,false],"woocommerce_thumbnail":["https:\/\/www.studiainitalia.com\/wp-content\/uploads\/2016\/11\/museum-internship-italy-300x300.jpg",300,300,true],"woocommerce_single":["https:\/\/www.studiainitalia.com\/wp-content\/uploads\/2016\/11\/museum-internship-italy-400x397.jpg",400,397,true],"woocommerce_gallery_thumbnail":["https:\/\/www.studiainitalia.com\/wp-content\/uploads\/2016\/11\/museum-internship-italy-100x100.jpg",100,100,true],"yarpp-thumbnail":["https:\/\/www.studiainitalia.com\/wp-content\/uploads\/2016\/11\/museum-internship-italy.jpg",120,120,false]},"uagb_author_info":{"display_name":"Javier Diaz","author_link":"https:\/\/www.studiainitalia.com\/fr\/author\/"},"uagb_comment_info":0,"uagb_excerpt":"Souhaitez-vous faire une exp\u00e9rience de travail pratique dans un mus\u00e9e florentin? &nbsp; Ce programme s\u2019adresse aux \u00e9tudiants en histoire de l\u2019art ou en mus\u00e9ologie \u00e2g\u00e9s de 18 \u00e0 30 ans. &nbsp; Vous suivrez un cours d\u2019italien intensif pendant les 4 premi\u00e8res semaines et commencerez ensuite votre stage de travail (8 semaines ; 32 heures par\u2026","_links":{"self":[{"href":"https:\/\/www.studiainitalia.com\/fr\/wp-json\/wp\/v2\/product\/189130","targetHints":{"allow":["GET"]}}],"collection":[{"href":"https:\/\/www.studiainitalia.com\/fr\/wp-json\/wp\/v2\/product"}],"about":[{"href":"https:\/\/www.studiainitalia.com\/fr\/wp-json\/wp\/v2\/types\/product"}],"replies":[{"embeddable":true,"href":"https:\/\/www.studiainitalia.com\/fr\/wp-json\/wp\/v2\/comments?post=189130"}],"wp:featuredmedia":[{"embeddable":true,"href":"https:\/\/www.studiainitalia.com\/fr\/wp-json\/wp\/v2\/media\/119544"}],"wp:attachment":[{"href":"https:\/\/www.studiainitalia.com\/fr\/wp-json\/wp\/v2\/media?parent=189130"}],"wp:term":[{"taxonomy":"section","embeddable":true,"href":"https:\/\/www.studiainitalia.com\/fr\/wp-json\/wp\/v2\/section?post=189130"},{"taxonomy":"product_brand","embeddable":true,"href":"https:\/\/www.studiainitalia.com\/fr\/wp-json\/wp\/v2\/product_brand?post=189130"},{"taxonomy":"product_cat","embeddable":true,"href":"https:\/\/www.studiainitalia.com\/fr\/wp-json\/wp\/v2\/product_cat?post=189130"},{"taxonomy":"product_tag","embeddable":true,"href":"https:\/\/www.studiainitalia.com\/fr\/wp-json\/wp\/v2\/product_tag?post=189130"}],"curies":[{"name":"wp","href":"https:\/\/api.w.org\/{rel}","templated":true}]}}