{"id":189132,"date":"2017-12-08T12:48:37","date_gmt":"2017-12-08T11:48:37","guid":{"rendered":"https:\/\/www.studiainitalia.com\/courses\/non%20class\u00e9\/cuisine-italienne-et-travail-a-florence\/"},"modified":"2026-02-27T05:17:47","modified_gmt":"2026-02-27T04:17:47","slug":"etudier-italien-et-travailler-en-italie-cuisine","status":"publish","type":"product","link":"https:\/\/www.studiainitalia.com\/fr\/cours\/etudier-a-letranger-a-florence\/etudier-italien-et-travailler-en-italie-cuisine\/","title":{"rendered":"Apprendre l\u2019italien et travailler en Italie: Cuisine"},"content":{"rendered":"<p>&nbsp;<\/p>\n<h2><strong>\u00e9tudier l\u2019italien et travailler dans des restaurants<\/strong><\/h2>\n<p>&nbsp;<\/p>\n<p>Notre programme d\u2019italien et de travail dans les restaurants est propos\u00e9 par notre \u00e9cole de Florence.Il a \u00e9t\u00e9 fond\u00e9 en 1978 et il est reconnu par le minist\u00e8re italien de l\u2019\u00c9ducation.<\/p>\n<p>L\u2019\u00e9cole est situ\u00e9e dans un b\u00e2timent historique du centre de Florence, tout pr\u00e8s du Ponte Vecchio.En outre, il est reconnu comme organisme de conseil et de formation par la R\u00e9gion Toscane.<\/p>\n<p>&nbsp;<\/p>\n<p>Ce programme d\u2019italien et stage est l\u2019occasion de combiner vos \u00e9tudes avec une exp\u00e9rience pratique dans un restaurant italien.<\/p>\n<p><strong>Apprenez l\u2019italien et travaillez dans les restaurants italiens!<\/strong><\/p>\n<p>&nbsp;<\/p>\n<p>L\u2019\u00e9cole organise deux activit\u00e9s sociales par semaine (certaines sont gratuites et d\u2019autres non) qui se d\u00e9roulent en dehors des heures de cours normales.<\/p>\n<p>Des livres et des films sont disponibles \u00e0 la biblioth\u00e8que de l\u2019\u00e9cole et peuvent \u00eatre utilis\u00e9s par les \u00e9l\u00e8ves l\u2019apr\u00e8s-midi.<\/p>\n<p>&nbsp;<\/p>\n\n<table id=\"tablepress-711\" class=\"tablepress tablepress-id-711 tbody-has-connected-cells\">\n<thead>\n<tr class=\"row-1\">\n\t<th colspan=\"6\" class=\"column-1\">Dates  de d\u00e9but 2026<\/th>\n<\/tr>\n<\/thead>\n<tbody class=\"row-striping row-hover\">\n<tr class=\"row-2\">\n\t<td class=\"column-1\">Janvier<\/td><td class=\"column-2\">5, 19<\/td><td class=\"column-3\">Mai<\/td><td class=\"column-4\">11, 25<\/td><td class=\"column-5\">Septembre<\/td><td class=\"column-6\">14, 28<\/td>\n<\/tr>\n<tr class=\"row-3\">\n\t<td class=\"column-1\">F\u00e9vrier<\/td><td class=\"column-2\">2, 16<\/td><td class=\"column-3\">Juin<\/td><td class=\"column-4\">8, 22<\/td><td class=\"column-5\">Octobre<\/td><td class=\"column-6\">12, 26<\/td>\n<\/tr>\n<tr class=\"row-4\">\n\t<td class=\"column-1\">Mars<\/td><td class=\"column-2\">2, 16, 30<\/td><td class=\"column-3\">Juillet<\/td><td class=\"column-4\">6, 20<\/td><td class=\"column-5\">Novembre<\/td><td class=\"column-6\"> 9, 23<\/td>\n<\/tr>\n<tr class=\"row-5\">\n\t<td class=\"column-1\">Avril<\/td><td class=\"column-2\">13, 27<\/td><td class=\"column-3\">Ao\u00fbt<\/td><td class=\"column-4\">3, 17, 31<\/td><td class=\"column-5\">Decembre<\/td><td class=\"column-6\"> 7<\/td>\n<\/tr>\n<tr class=\"row-6\">\n\t<td colspan=\"6\" class=\"column-1\">L'\u00e9cole sera ferm\u00e9e les jours f\u00e9ri\u00e9s suivants: Epiphanie (06\/01), Lundi de P\u00e2ques, Jour de la Lib\u00e9ration de l'Italie (25\/04), F\u00eate des Travailleurs (01\/05), F\u00eate de la R\u00e9publique (02\/06), 24\/06, Ferragosto (15 \/ 08), Tous les Saints (01\/11), Immacul\u00e9e Conception (8\/12), vacances de No\u00ebl et nouvel an.<\/td>\n<\/tr>\n<\/tbody>\n<\/table>\n<!-- #tablepress-711 from cache -->\n","protected":false},"excerpt":{"rendered":"<p>Ce programme de cours d\u00b4italien et stage de travail dans les restaurants s\u2019adresse aux \u00e9tudiants de cuisine de plus de 18 \u00e0 30 ans qui souhaitent combiner leur cours d\u2019italien avec un s\u00e9jour de travail \u00e0 Florence.<\/p>\n<ul>\n<li>Vous suivrez un cours d\u2019italien intensif pendant les 4 premi\u00e8res semaines et commencerez ensuite votre stage de travail (8 semaines ; 32 heures par semaine). Il ne s\u2019agit pas d\u2019un emploi r\u00e9mun\u00e9r\u00e9.<\/li>\n<li>Nos cours d\u2019italien \u00e0 Florence consistent en quatre le\u00e7ons d\u2019italien par jour.<\/li>\n<\/ul>\n<ul>\n<li>Les cours sont ouverts \u00e0 tous les niveaux, des d\u00e9butants aux avanc\u00e9s, conform\u00e9ment au Cadre europ\u00e9en commun de r\u00e9f\u00e9rence pour les langues.<\/li>\n<li>Les groupes sont tr\u00e8s r\u00e9duits (6 \u00e0 12 \u00e9tudiants). La m\u00e9thode d\u2019enseignement est bas\u00e9e sur l\u2019approche communicative qui met l\u2019accent sur les aspects de la langue permettant une interaction linguistique efficace.<\/li>\n<\/ul>\n","protected":false},"featured_media":187675,"comment_status":"open","ping_status":"closed","template":"","meta":{"_acf_changed":false,"_uag_custom_page_level_css":"","_kad_blocks_custom_css":"","_kad_blocks_head_custom_js":"","_kad_blocks_body_custom_js":"","_kad_blocks_footer_custom_js":"","site-sidebar-layout":"default","site-content-layout":"default","ast-site-content-layout":"default","site-content-style":"default","site-sidebar-style":"default","ast-global-header-display":"","ast-banner-title-visibility":"","ast-main-header-display":"","ast-hfb-above-header-display":"","ast-hfb-below-header-display":"","ast-hfb-mobile-header-display":"","site-post-title":"","ast-breadcrumbs-content":"","ast-featured-img":"","footer-sml-layout":"","ast-disable-related-posts":"","theme-transparent-header-meta":"default","adv-header-id-meta":"","stick-header-meta":"default","header-above-stick-meta":"","header-main-stick-meta":"","header-below-stick-meta":"","astra-migrate-meta-layouts":"set","ast-page-background-enabled":"default","ast-page-background-meta":{"desktop":{"background-color":"var(--ast-global-color-4)","background-image":"","background-repeat":"repeat","background-position":"center center","background-size":"auto","background-attachment":"scroll","background-type":"","background-media":"","overlay-type":"","overlay-color":"","overlay-opacity":"","overlay-gradient":""},"tablet":{"background-color":"","background-image":"","background-repeat":"repeat","background-position":"center center","background-size":"auto","background-attachment":"scroll","background-type":"","background-media":"","overlay-type":"","overlay-color":"","overlay-opacity":"","overlay-gradient":""},"mobile":{"background-color":"","background-image":"","background-repeat":"repeat","background-position":"center center","background-size":"auto","background-attachment":"scroll","background-type":"","background-media":"","overlay-type":"","overlay-color":"","overlay-opacity":"","overlay-gradient":""}},"ast-content-background-meta":{"desktop":{"background-color":"var(--ast-global-color-5)","background-image":"","background-repeat":"repeat","background-position":"center center","background-size":"auto","background-attachment":"scroll","background-type":"","background-media":"","overlay-type":"","overlay-color":"","overlay-opacity":"","overlay-gradient":""},"tablet":{"background-color":"var(--ast-global-color-5)","background-image":"","background-repeat":"repeat","background-position":"center center","background-size":"auto","background-attachment":"scroll","background-type":"","background-media":"","overlay-type":"","overlay-color":"","overlay-opacity":"","overlay-gradient":""},"mobile":{"background-color":"var(--ast-global-color-5)","background-image":"","background-repeat":"repeat","background-position":"center center","background-size":"auto","background-attachment":"scroll","background-type":"","background-media":"","overlay-type":"","overlay-color":"","overlay-opacity":"","overlay-gradient":""}}},"section":[],"product_brand":[],"product_cat":[1276,1356],"product_tag":[1886],"class_list":{"0":"post-189132","1":"product","2":"type-product","3":"status-publish","4":"has-post-thumbnail","6":"product_cat-etudier-a-letranger-a-florence","7":"product_cat-travailler-en-italie","8":"product_tag-etranger-a-florence","9":"desktop-align-left","10":"tablet-align-left","11":"mobile-align-left","12":"ast-product-gallery-layout-horizontal-slider","13":"ast-product-gallery-with-no-image","14":"ast-product-single-variable","15":"ast-product-tabs-layout-horizontal","16":"ast-qv-on-image-click","18":"first","19":"instock","20":"sold-individually","21":"shipping-taxable","22":"purchasable","23":"product-type-variable"},"acf":[],"taxonomy_info":{"product_cat":[{"value":1276,"label":"Cursos en Florencia"},{"value":1356,"label":"Travailler en Italie"}],"product_tag":[{"value":1886,"label":"\u00e9tranger \u00e0 Florence"}]},"featured_image_src_large":["https:\/\/www.studiainitalia.com\/wp-content\/uploads\/2022\/10\/961-schola-food-cibreo-211015-ph-stefano-casati-05447.jpg",1366,2048,false],"author_info":[],"comment_info":0,"uagb_featured_image_src":{"full":["https:\/\/www.studiainitalia.com\/wp-content\/uploads\/2022\/10\/961-schola-food-cibreo-211015-ph-stefano-casati-05447.jpg",1366,2048,false],"thumbnail":["https:\/\/www.studiainitalia.com\/wp-content\/uploads\/2022\/10\/961-schola-food-cibreo-211015-ph-stefano-casati-05447.jpg",64,96,false],"medium":["https:\/\/www.studiainitalia.com\/wp-content\/uploads\/2022\/10\/961-schola-food-cibreo-211015-ph-stefano-casati-05447.jpg",1366,2048,false],"medium_large":["https:\/\/www.studiainitalia.com\/wp-content\/uploads\/2022\/10\/961-schola-food-cibreo-211015-ph-stefano-casati-05447-768x1151.jpg",768,1151,true],"large":["https:\/\/www.studiainitalia.com\/wp-content\/uploads\/2022\/10\/961-schola-food-cibreo-211015-ph-stefano-casati-05447.jpg",1366,2048,false],"1536x1536":["https:\/\/www.studiainitalia.com\/wp-content\/uploads\/2022\/10\/961-schola-food-cibreo-211015-ph-stefano-casati-05447-1025x1536.jpg",1025,1536,true],"2048x2048":["https:\/\/www.studiainitalia.com\/wp-content\/uploads\/2022\/10\/961-schola-food-cibreo-211015-ph-stefano-casati-05447.jpg",1366,2048,false],"ultp_layout_landscape_large":["https:\/\/www.studiainitalia.com\/wp-content\/uploads\/2022\/10\/961-schola-food-cibreo-211015-ph-stefano-casati-05447-1200x800.jpg",1200,800,true],"ultp_layout_landscape":["https:\/\/www.studiainitalia.com\/wp-content\/uploads\/2022\/10\/961-schola-food-cibreo-211015-ph-stefano-casati-05447-870x570.jpg",870,570,true],"ultp_layout_portrait":["https:\/\/www.studiainitalia.com\/wp-content\/uploads\/2022\/10\/961-schola-food-cibreo-211015-ph-stefano-casati-05447-600x900.jpg",600,900,true],"ultp_layout_square":["https:\/\/www.studiainitalia.com\/wp-content\/uploads\/2022\/10\/961-schola-food-cibreo-211015-ph-stefano-casati-05447-600x600.jpg",600,600,true],"gform-image-choice-sm":["https:\/\/www.studiainitalia.com\/wp-content\/uploads\/2022\/10\/961-schola-food-cibreo-211015-ph-stefano-casati-05447.jpg",200,300,false],"gform-image-choice-md":["https:\/\/www.studiainitalia.com\/wp-content\/uploads\/2022\/10\/961-schola-food-cibreo-211015-ph-stefano-casati-05447.jpg",267,400,false],"gform-image-choice-lg":["https:\/\/www.studiainitalia.com\/wp-content\/uploads\/2022\/10\/961-schola-food-cibreo-211015-ph-stefano-casati-05447.jpg",400,600,false],"woocommerce_thumbnail":["https:\/\/www.studiainitalia.com\/wp-content\/uploads\/2022\/10\/961-schola-food-cibreo-211015-ph-stefano-casati-05447-300x300.jpg",300,300,true],"woocommerce_single":["https:\/\/www.studiainitalia.com\/wp-content\/uploads\/2022\/10\/961-schola-food-cibreo-211015-ph-stefano-casati-05447-400x600.jpg",400,600,true],"woocommerce_gallery_thumbnail":["https:\/\/www.studiainitalia.com\/wp-content\/uploads\/2022\/10\/961-schola-food-cibreo-211015-ph-stefano-casati-05447-100x100.jpg",100,100,true],"yarpp-thumbnail":["https:\/\/www.studiainitalia.com\/wp-content\/uploads\/2022\/10\/961-schola-food-cibreo-211015-ph-stefano-casati-05447-120x120.jpg",120,120,true]},"uagb_author_info":{"display_name":"Javier Diaz","author_link":"https:\/\/www.studiainitalia.com\/fr\/author\/"},"uagb_comment_info":0,"uagb_excerpt":"Ce programme de cours d\u00b4italien et stage de travail dans les restaurants s\u2019adresse aux \u00e9tudiants de cuisine de plus de 18 \u00e0 30 ans qui souhaitent combiner leur cours d\u2019italien avec un s\u00e9jour de travail \u00e0 Florence. Vous suivrez un cours d\u2019italien intensif pendant les 4 premi\u00e8res semaines et commencerez ensuite votre stage de travail\u2026","_links":{"self":[{"href":"https:\/\/www.studiainitalia.com\/fr\/wp-json\/wp\/v2\/product\/189132","targetHints":{"allow":["GET"]}}],"collection":[{"href":"https:\/\/www.studiainitalia.com\/fr\/wp-json\/wp\/v2\/product"}],"about":[{"href":"https:\/\/www.studiainitalia.com\/fr\/wp-json\/wp\/v2\/types\/product"}],"replies":[{"embeddable":true,"href":"https:\/\/www.studiainitalia.com\/fr\/wp-json\/wp\/v2\/comments?post=189132"}],"wp:featuredmedia":[{"embeddable":true,"href":"https:\/\/www.studiainitalia.com\/fr\/wp-json\/wp\/v2\/media\/187675"}],"wp:attachment":[{"href":"https:\/\/www.studiainitalia.com\/fr\/wp-json\/wp\/v2\/media?parent=189132"}],"wp:term":[{"taxonomy":"section","embeddable":true,"href":"https:\/\/www.studiainitalia.com\/fr\/wp-json\/wp\/v2\/section?post=189132"},{"taxonomy":"product_brand","embeddable":true,"href":"https:\/\/www.studiainitalia.com\/fr\/wp-json\/wp\/v2\/product_brand?post=189132"},{"taxonomy":"product_cat","embeddable":true,"href":"https:\/\/www.studiainitalia.com\/fr\/wp-json\/wp\/v2\/product_cat?post=189132"},{"taxonomy":"product_tag","embeddable":true,"href":"https:\/\/www.studiainitalia.com\/fr\/wp-json\/wp\/v2\/product_tag?post=189132"}],"curies":[{"name":"wp","href":"https:\/\/api.w.org\/{rel}","templated":true}]}}