{"id":189135,"date":"2016-11-18T11:28:01","date_gmt":"2016-11-18T10:28:01","guid":{"rendered":"https:\/\/www.studiainitalia.com\/courses\/non%20class\u00e9\/murano-glass-working-in-venice\/"},"modified":"2026-03-08T17:13:13","modified_gmt":"2026-03-08T16:13:13","slug":"cours-de-travail-a-chalumeau-a-venise","status":"publish","type":"product","link":"https:\/\/www.studiainitalia.com\/fr\/cours\/cours-a-venise\/cours-de-travail-a-chalumeau-a-venise\/","title":{"rendered":"Cours de travail au chalumeau \u00e0 Venise"},"content":{"rendered":"<h2><strong>Cours de travail au chalumeau<\/strong><\/h2>\n<p>&nbsp;<\/p>\n<p>Le travail du verre de Murano est l\u2019un des m\u00e9tiers d\u2019art italien les plus importants. Notre cours de travail du verre de Murano \u00e0 Venise se d\u00e9roule dans un authentique atelier de verre.<\/p>\n<p>Le studio n\u2019est pas loin du pont du Rialto, au c\u0153ur de Venise, vous n\u2019aurez donc pas besoin de emprunter les transports en commun.<\/p>\n<p>&nbsp;<\/p>\n<p>L\u2019artisan organise des cours de verre de Murano pour les niveaux d\u00e9butants, interm\u00e9diaires et avanc\u00e9s. Le cours de base est parfait si vous souhaitez commencer \u00e0 apprendre \u00e0 faire des perles de verre avec la technique du travail de la lampe.<\/p>\n<p>Le cours avanc\u00e9 s\u2019adresse aux professionnels qui souhaitent am\u00e9liorer les formes et les techniques de travail de la lampe. Dans ce dernier cas, une exp\u00e9rience de travail pr\u00e9alable est requise pour suivre le cours.<\/p>\n<p>L\u2019artisan propose \u00e9galement des cours de verre perl\u00e9. Une option de cours tr\u00e8s sp\u00e9ciale pour les cr\u00e9ateurs de bijoux ou les fabricants de bijoux qui envisagent de fabriquer leurs propres bijoux en verre.<\/p>\n<p>&nbsp;<\/p>\n<p>Les cours sont individuels ou en petits groupes. L\u2019atelier artisanal est \u00e9quip\u00e9 de cinq postes de travail, torches et outils. Cela vous permettra d\u2019apprendre dans un endroit s\u00fbr. Le co\u00fbt du cours comprend le mat\u00e9riel, les outils et les lunettes de protection sp\u00e9ciales. \u00c2ge minimum requis pour participer: 18 ans.<\/p>\n<p>&nbsp;<\/p>\n<p>Profitez de votre cours de travail au chalumeau de Murano!<\/p>\n<p>&nbsp;<\/p>\n<p>&nbsp;<\/p>\n<div class=\"aiosrs-rating-wrap\" data-schema-id=\"90691\">\n<div class=\"aiosrs-star-rating-wrap \">\n<table id=\"tablepress-714\" class=\"tablepress tablepress-id-714 tbody-has-connected-cells\">\n<thead>\n<tr class=\"row-1\">\n\t<th colspan=\"6\" class=\"column-1\">Dates de d\u00e9but <\/th>\n<\/tr>\n<\/thead>\n<tbody class=\"row-striping row-hover\">\n<tr class=\"row-2\">\n\t<td class=\"column-1\">Janvier<\/td><td class=\"column-2\">sur demande<\/td><td class=\"column-3\">Mai<\/td><td class=\"column-4\">sur demande<\/td><td class=\"column-5\">Septembre<\/td><td class=\"column-6\">sur demande<\/td>\n<\/tr>\n<tr class=\"row-3\">\n\t<td class=\"column-1\">F\u00e9vrier<\/td><td class=\"column-2\">sur demande<\/td><td class=\"column-3\">Juin<\/td><td class=\"column-4\">sur demande<\/td><td class=\"column-5\">Octobre<\/td><td class=\"column-6\">sur demande<\/td>\n<\/tr>\n<tr class=\"row-4\">\n\t<td class=\"column-1\">Mars<\/td><td class=\"column-2\">sur demande<\/td><td class=\"column-3\">Juillet<\/td><td class=\"column-4\">sur demande<\/td><td class=\"column-5\">Novembre<\/td><td class=\"column-6\">sur demande<\/td>\n<\/tr>\n<tr class=\"row-5\">\n\t<td class=\"column-1\">Avril<\/td><td class=\"column-2\">sur demande<\/td><td class=\"column-3\">Ao\u00fbt<\/td><td class=\"column-4\">sur demande<\/td><td class=\"column-5\">Decembre<\/td><td class=\"column-6\">sur demande<\/td>\n<\/tr>\n<tr class=\"row-6\">\n\t<td colspan=\"6\" class=\"column-1\">L'\u00e9cole sera ferm\u00e9e les jours f\u00e9ri\u00e9s suivants: Epiphanie (06\/01), Lundi de P\u00e2ques, Jour de la Lib\u00e9ration de l'Italie (25\/04), F\u00eate des Travailleurs (01\/05), F\u00eate de la R\u00e9publique (02\/06), Ferragosto (15 \/ 08), Tous les Saints (01\/11), Immacul\u00e9e Conception (8\/12), vacances de No\u00ebl et nouvel an.<\/td>\n<\/tr>\n<\/tbody>\n<\/table>\n<!-- #tablepress-714 from cache --><\/div>\n<div class=\"aiosrs-rating-summary-wrap\"><\/div>\n<\/div>\n","protected":false},"excerpt":{"rendered":"<h2>Apprenez la verrerie \u00e0 Venise!<\/h2>\n<p>&nbsp;<\/p>\n<p>Les perles en verre de Murano sont les plus belles perles artisanales au monde. Si vous souhaitez apprendre \u00e0 cr\u00e9er des perles de verre ou des petits animaux ou des objets pour vos bijoux, c\u2019est le cours qu\u2019il vous faut!<\/p>\n<p>Il s\u2019agit d\u2019un cours pratique sur le travail a chalumeau de Murano. Le cours est individuel. Il est disponible pour les d\u00e9butants absolus en langue italienne\/anglais.<\/p>\n<p>Les cours ont lieu du lundi au vendredi, de 15 \u00e0 18 heures. Les cours sont dispens\u00e9s par des ma\u00eetres verriers qualifi\u00e9s.<\/p>\n","protected":false},"featured_media":119406,"comment_status":"open","ping_status":"closed","template":"","meta":{"_acf_changed":false,"_uag_custom_page_level_css":"","_kad_blocks_custom_css":"","_kad_blocks_head_custom_js":"","_kad_blocks_body_custom_js":"","_kad_blocks_footer_custom_js":"","site-sidebar-layout":"default","site-content-layout":"default","ast-site-content-layout":"default","site-content-style":"default","site-sidebar-style":"default","ast-global-header-display":"","ast-banner-title-visibility":"","ast-main-header-display":"","ast-hfb-above-header-display":"","ast-hfb-below-header-display":"","ast-hfb-mobile-header-display":"","site-post-title":"","ast-breadcrumbs-content":"","ast-featured-img":"","footer-sml-layout":"","ast-disable-related-posts":"","theme-transparent-header-meta":"default","adv-header-id-meta":"","stick-header-meta":"default","header-above-stick-meta":"","header-main-stick-meta":"","header-below-stick-meta":"","astra-migrate-meta-layouts":"set","ast-page-background-enabled":"default","ast-page-background-meta":{"desktop":{"background-color":"var(--ast-global-color-4)","background-image":"","background-repeat":"repeat","background-position":"center center","background-size":"auto","background-attachment":"scroll","background-type":"","background-media":"","overlay-type":"","overlay-color":"","overlay-opacity":"","overlay-gradient":""},"tablet":{"background-color":"","background-image":"","background-repeat":"repeat","background-position":"center center","background-size":"auto","background-attachment":"scroll","background-type":"","background-media":"","overlay-type":"","overlay-color":"","overlay-opacity":"","overlay-gradient":""},"mobile":{"background-color":"","background-image":"","background-repeat":"repeat","background-position":"center center","background-size":"auto","background-attachment":"scroll","background-type":"","background-media":"","overlay-type":"","overlay-color":"","overlay-opacity":"","overlay-gradient":""}},"ast-content-background-meta":{"desktop":{"background-color":"var(--ast-global-color-5)","background-image":"","background-repeat":"repeat","background-position":"center center","background-size":"auto","background-attachment":"scroll","background-type":"","background-media":"","overlay-type":"","overlay-color":"","overlay-opacity":"","overlay-gradient":""},"tablet":{"background-color":"var(--ast-global-color-5)","background-image":"","background-repeat":"repeat","background-position":"center center","background-size":"auto","background-attachment":"scroll","background-type":"","background-media":"","overlay-type":"","overlay-color":"","overlay-opacity":"","overlay-gradient":""},"mobile":{"background-color":"var(--ast-global-color-5)","background-image":"","background-repeat":"repeat","background-position":"center center","background-size":"auto","background-attachment":"scroll","background-type":"","background-media":"","overlay-type":"","overlay-color":"","overlay-opacity":"","overlay-gradient":""}}},"section":[],"product_brand":[],"product_cat":[1301,1339],"product_tag":[],"class_list":{"0":"post-189135","1":"product","2":"type-product","3":"status-publish","4":"has-post-thumbnail","6":"product_cat-cours-a-venise","7":"product_cat-cours-dartisanat","8":"desktop-align-left","9":"tablet-align-left","10":"mobile-align-left","11":"ast-product-gallery-layout-horizontal-slider","12":"ast-product-single-variable","13":"ast-product-tabs-layout-horizontal","14":"ast-qv-on-image-click","16":"first","17":"instock","18":"sold-individually","19":"shipping-taxable","20":"purchasable","21":"product-type-variable","22":"has-default-attributes"},"acf":[],"taxonomy_info":{"product_cat":[{"value":1301,"label":"\u00c9tudier \u00e0 Venise"},{"value":1339,"label":"Cours d'artisanat"}]},"featured_image_src_large":["https:\/\/www.studiainitalia.com\/wp-content\/uploads\/2016\/11\/murano-glas-venice-e1490029357666.jpg",350,350,false],"author_info":[],"comment_info":6,"uagb_featured_image_src":{"full":["https:\/\/www.studiainitalia.com\/wp-content\/uploads\/2016\/11\/murano-glas-venice-e1490029357666.jpg",350,350,false],"thumbnail":["https:\/\/www.studiainitalia.com\/wp-content\/uploads\/2016\/11\/murano-glas-venice-150x150.jpg",96,96,true],"medium":["https:\/\/www.studiainitalia.com\/wp-content\/uploads\/2016\/11\/murano-glas-venice-300x300.jpg",300,300,true],"medium_large":["https:\/\/www.studiainitalia.com\/wp-content\/uploads\/2016\/11\/murano-glas-venice-e1490029357666.jpg",350,350,false],"large":["https:\/\/www.studiainitalia.com\/wp-content\/uploads\/2016\/11\/murano-glas-venice-e1490029357666.jpg",350,350,false],"1536x1536":["https:\/\/www.studiainitalia.com\/wp-content\/uploads\/2016\/11\/murano-glas-venice-e1490029357666.jpg",350,350,false],"2048x2048":["https:\/\/www.studiainitalia.com\/wp-content\/uploads\/2016\/11\/murano-glas-venice-e1490029357666.jpg",350,350,false],"ultp_layout_landscape_large":["https:\/\/www.studiainitalia.com\/wp-content\/uploads\/2016\/11\/murano-glas-venice-e1490029357666.jpg",350,350,false],"ultp_layout_landscape":["https:\/\/www.studiainitalia.com\/wp-content\/uploads\/2016\/11\/murano-glas-venice-e1490029357666.jpg",350,350,false],"ultp_layout_portrait":["https:\/\/www.studiainitalia.com\/wp-content\/uploads\/2016\/11\/murano-glas-venice-e1490029357666.jpg",350,350,false],"ultp_layout_square":["https:\/\/www.studiainitalia.com\/wp-content\/uploads\/2016\/11\/murano-glas-venice-e1490029357666.jpg",350,350,false],"gform-image-choice-sm":["https:\/\/www.studiainitalia.com\/wp-content\/uploads\/2016\/11\/murano-glas-venice-e1490029357666.jpg",300,300,false],"gform-image-choice-md":["https:\/\/www.studiainitalia.com\/wp-content\/uploads\/2016\/11\/murano-glas-venice-e1490029357666.jpg",350,350,false],"gform-image-choice-lg":["https:\/\/www.studiainitalia.com\/wp-content\/uploads\/2016\/11\/murano-glas-venice-e1490029357666.jpg",350,350,false],"woocommerce_thumbnail":["https:\/\/www.studiainitalia.com\/wp-content\/uploads\/2016\/11\/murano-glas-venice-e1490029357666-300x300.jpg",300,300,true],"woocommerce_single":["https:\/\/www.studiainitalia.com\/wp-content\/uploads\/2016\/11\/murano-glas-venice-e1490029357666.jpg",350,350,false],"woocommerce_gallery_thumbnail":["https:\/\/www.studiainitalia.com\/wp-content\/uploads\/2016\/11\/murano-glas-venice-e1490029357666-100x100.jpg",100,100,true],"yarpp-thumbnail":["https:\/\/www.studiainitalia.com\/wp-content\/uploads\/2016\/11\/murano-glas-venice-e1490029357666.jpg",120,120,false]},"uagb_author_info":{"display_name":"Javier Diaz","author_link":"https:\/\/www.studiainitalia.com\/fr\/author\/"},"uagb_comment_info":6,"uagb_excerpt":"Apprenez la verrerie \u00e0 Venise! &nbsp; Les perles en verre de Murano sont les plus belles perles artisanales au monde. Si vous souhaitez apprendre \u00e0 cr\u00e9er des perles de verre ou des petits animaux ou des objets pour vos bijoux, c\u2019est le cours qu\u2019il vous faut! Il s\u2019agit d\u2019un cours pratique sur le travail a\u2026","_links":{"self":[{"href":"https:\/\/www.studiainitalia.com\/fr\/wp-json\/wp\/v2\/product\/189135","targetHints":{"allow":["GET"]}}],"collection":[{"href":"https:\/\/www.studiainitalia.com\/fr\/wp-json\/wp\/v2\/product"}],"about":[{"href":"https:\/\/www.studiainitalia.com\/fr\/wp-json\/wp\/v2\/types\/product"}],"replies":[{"embeddable":true,"href":"https:\/\/www.studiainitalia.com\/fr\/wp-json\/wp\/v2\/comments?post=189135"}],"wp:featuredmedia":[{"embeddable":true,"href":"https:\/\/www.studiainitalia.com\/fr\/wp-json\/wp\/v2\/media\/119406"}],"wp:attachment":[{"href":"https:\/\/www.studiainitalia.com\/fr\/wp-json\/wp\/v2\/media?parent=189135"}],"wp:term":[{"taxonomy":"section","embeddable":true,"href":"https:\/\/www.studiainitalia.com\/fr\/wp-json\/wp\/v2\/section?post=189135"},{"taxonomy":"product_brand","embeddable":true,"href":"https:\/\/www.studiainitalia.com\/fr\/wp-json\/wp\/v2\/product_brand?post=189135"},{"taxonomy":"product_cat","embeddable":true,"href":"https:\/\/www.studiainitalia.com\/fr\/wp-json\/wp\/v2\/product_cat?post=189135"},{"taxonomy":"product_tag","embeddable":true,"href":"https:\/\/www.studiainitalia.com\/fr\/wp-json\/wp\/v2\/product_tag?post=189135"}],"curies":[{"name":"wp","href":"https:\/\/api.w.org\/{rel}","templated":true}]}}