{"id":189136,"date":"2016-11-15T16:06:18","date_gmt":"2016-11-15T15:06:18","guid":{"rendered":"https:\/\/www.studiainitalia.com\/courses\/non%20class\u00e9\/cours-de-peinture-en-groupe-a-florence\/"},"modified":"2025-12-19T18:47:34","modified_gmt":"2025-12-19T17:47:34","slug":"cours-de-peinture-a-florence-groupe","status":"publish","type":"product","link":"https:\/\/www.studiainitalia.com\/fr\/cours\/etudier-a-letranger-a-florence\/cours-de-peinture-a-florence-groupe\/","title":{"rendered":"Cours de peinture \u00e0 Florence (en groupe)"},"content":{"rendered":"<h2><strong>Stage de peinture \u00e0 Florence<\/strong><\/h2>\n<p>&nbsp;<\/p>\n<p>Notre \u00e9cole d\u2019art \u00e0 Florence propose des cours d\u2019art pour les \u00e9tudiants int\u00e9ress\u00e9s par l\u2019apprentissage des comp\u00e9tences en arts visuels avec un programme d\u2019\u00e9tudes accessible et complet.<\/p>\n<p>&nbsp;<\/p>\n<p>Les cours de peinture peuvent durer de deux semaines \u00e0 un an, selon vos propres besoins.<\/p>\n<p>Ils sont facilement adaptables et peuvent \u00eatre personnalis\u00e9s pour r\u00e9pondre aux besoins individuels de l\u2019\u00e9tudiant. Ils vont du niveau d\u00e9butant au niveau professionnel.<\/p>\n<p>&nbsp;<\/p>\n<p>L\u2019\u00e9cole est ouverte toute l\u2019ann\u00e9e et est situ\u00e9e dans le centre historique de Florence.<\/p>\n<p>&nbsp;<\/p>\n<table id=\"tablepress-708\" class=\"tablepress tablepress-id-708\">\n<thead>\n<tr class=\"row-1 odd\">\n<th class=\"column-1\" colspan=\"6\">Dates de d\u00e9but<\/th>\n<\/tr>\n<\/thead>\n<tbody class=\"row-hover\">\n<tr class=\"row-2 even\">\n<td class=\"column-1\">Janvier<\/td>\n<td class=\"column-2\">tous les lundis<\/td>\n<td class=\"column-3\">Mai<\/td>\n<td class=\"column-4\">tous les lundis<\/td>\n<td class=\"column-5\">Septembre<\/td>\n<td class=\"column-6\">tous les lundis<\/td>\n<\/tr>\n<tr class=\"row-3 odd\">\n<td class=\"column-1\">F\u00e9vrier<\/td>\n<td class=\"column-2\">tous les lundis<\/td>\n<td class=\"column-3\">Juin<\/td>\n<td class=\"column-4\">tous les lundis<\/td>\n<td class=\"column-5\">Octobre<\/td>\n<td class=\"column-6\">tous les lundis<\/td>\n<\/tr>\n<tr class=\"row-4 even\">\n<td class=\"column-1\">Mars<\/td>\n<td class=\"column-2\">tous les lundis<\/td>\n<td class=\"column-3\">Juillet<\/td>\n<td class=\"column-4\">tous les lundis<\/td>\n<td class=\"column-5\">Novembre<\/td>\n<td class=\"column-6\">tous les lundis<\/td>\n<\/tr>\n<tr class=\"row-5 odd\">\n<td class=\"column-1\">Avril<\/td>\n<td class=\"column-2\">tous les lundis<\/td>\n<td class=\"column-3\">Ao\u00fbt<\/td>\n<td class=\"column-4\">tous les lundis<\/td>\n<td class=\"column-5\">D\u00e9cembre<\/td>\n<td class=\"column-6\">tous les lundis<\/td>\n<\/tr>\n<tr class=\"row-6 even\">\n<td class=\"column-1\" colspan=\"6\">L&rsquo;\u00e9cole sera ferm\u00e9e les jours f\u00e9ri\u00e9s suivants: Epiphanie (06\/01), Lundi de P\u00e2ques, Jour de la Lib\u00e9ration de l&rsquo;Italie (25\/04), F\u00eate des Travailleurs (01\/05), F\u00eate de la R\u00e9publique (02\/06), Ferragosto (15 \/ 08), Tous les Saints (01\/11), Immacul\u00e9e Conception (8\/12), vacances de No\u00ebl et nouvel an.<\/td>\n<\/tr>\n<\/tbody>\n<\/table>\n<div class=\"aiosrs-rating-wrap\" data-schema-id=\"90691\">\n<div class=\"aiosrs-star-rating-wrap \"><\/div>\n<div class=\"aiosrs-rating-summary-wrap\"><span class=\"aiosrs-rating\">0\/5\u00a0<\/span><span class=\"aiosrs-rating-count\">(0 Reviews)<\/span><\/div>\n<\/div>\n<h3><\/h3>\n","protected":false},"excerpt":{"rendered":"<h2><strong>Vous planifiez des stages d\u2019art en Italie?<\/strong><\/h2>\n<p>&nbsp;<\/p>\n<ul>\n<li>Notre \u00e9cole de Florence propose des cours de techniques de peinture classique de 2 semaines ou plus.<\/li>\n<\/ul>\n<ul>\n<li>Ce cours peut \u00eatre dispens\u00e9 en italien ou en anglais. Les cours sont tr\u00e8s pratiques et ax\u00e9s sur la pratique et sont dispens\u00e9s par des artistes locaux.<\/li>\n<\/ul>\n<ul>\n<li>Le cours permet aux \u00e9tudiants de se familiariser avec les techniques de peinture pratiqu\u00e9es entre 1300 et 1500. Ils \u00e9tudient \u00e9galement les principales \u0153uvres d\u2019art cr\u00e9\u00e9es pendant cette p\u00e9riode par des artistes allant de Giotto \u00e0 L\u00e9onard et Michel-Ange.<\/li>\n<\/ul>\n<ul>\n<li>Les connaissances acquises seront mises en pratique par la copie de peintures afin que l\u2019\u00e9tudiant apprenne les techniques fondamentales utilis\u00e9es ; telles que la tempera \u00e0 l\u2019\u0153uf, la feuille d\u2019or, les couleurs \u00e0 l\u2019huile et d\u2019autres mat\u00e9riaux.<\/li>\n<\/ul>\n<ul>\n<li>L\u2019ensemble du processus de r\u00e9alisation de peintures compl\u00e8tes commencera par la pr\u00e9paration des supports et se terminera par le gla\u00e7age final.<\/li>\n<\/ul>\n","protected":false},"featured_media":119298,"comment_status":"open","ping_status":"closed","template":"","meta":{"_acf_changed":false,"_uag_custom_page_level_css":"","_kad_blocks_custom_css":"","_kad_blocks_head_custom_js":"","_kad_blocks_body_custom_js":"","_kad_blocks_footer_custom_js":"","site-sidebar-layout":"default","site-content-layout":"default","ast-site-content-layout":"default","site-content-style":"default","site-sidebar-style":"default","ast-global-header-display":"","ast-banner-title-visibility":"","ast-main-header-display":"","ast-hfb-above-header-display":"","ast-hfb-below-header-display":"","ast-hfb-mobile-header-display":"","site-post-title":"","ast-breadcrumbs-content":"","ast-featured-img":"","footer-sml-layout":"","ast-disable-related-posts":"","theme-transparent-header-meta":"default","adv-header-id-meta":"","stick-header-meta":"default","header-above-stick-meta":"","header-main-stick-meta":"","header-below-stick-meta":"","astra-migrate-meta-layouts":"set","ast-page-background-enabled":"default","ast-page-background-meta":{"desktop":{"background-color":"var(--ast-global-color-4)","background-image":"","background-repeat":"repeat","background-position":"center center","background-size":"auto","background-attachment":"scroll","background-type":"","background-media":"","overlay-type":"","overlay-color":"","overlay-opacity":"","overlay-gradient":""},"tablet":{"background-color":"","background-image":"","background-repeat":"repeat","background-position":"center center","background-size":"auto","background-attachment":"scroll","background-type":"","background-media":"","overlay-type":"","overlay-color":"","overlay-opacity":"","overlay-gradient":""},"mobile":{"background-color":"","background-image":"","background-repeat":"repeat","background-position":"center center","background-size":"auto","background-attachment":"scroll","background-type":"","background-media":"","overlay-type":"","overlay-color":"","overlay-opacity":"","overlay-gradient":""}},"ast-content-background-meta":{"desktop":{"background-color":"var(--ast-global-color-5)","background-image":"","background-repeat":"repeat","background-position":"center center","background-size":"auto","background-attachment":"scroll","background-type":"","background-media":"","overlay-type":"","overlay-color":"","overlay-opacity":"","overlay-gradient":""},"tablet":{"background-color":"var(--ast-global-color-5)","background-image":"","background-repeat":"repeat","background-position":"center center","background-size":"auto","background-attachment":"scroll","background-type":"","background-media":"","overlay-type":"","overlay-color":"","overlay-opacity":"","overlay-gradient":""},"mobile":{"background-color":"var(--ast-global-color-5)","background-image":"","background-repeat":"repeat","background-position":"center center","background-size":"auto","background-attachment":"scroll","background-type":"","background-media":"","overlay-type":"","overlay-color":"","overlay-opacity":"","overlay-gradient":""}}},"section":[],"product_brand":[],"product_cat":[1276,1329],"product_tag":[1886],"class_list":{"0":"post-189136","1":"product","2":"type-product","3":"status-publish","4":"has-post-thumbnail","6":"product_cat-etudier-a-letranger-a-florence","7":"product_cat-ecoles-dart-en-italie","8":"product_tag-etranger-a-florence","9":"desktop-align-left","10":"tablet-align-left","11":"mobile-align-left","12":"ast-product-gallery-layout-horizontal-slider","13":"ast-product-single-variable","14":"ast-product-tabs-layout-horizontal","15":"ast-qv-on-image-click","17":"first","18":"instock","19":"sold-individually","20":"shipping-taxable","21":"purchasable","22":"product-type-variable","23":"has-default-attributes"},"acf":[],"taxonomy_info":{"product_cat":[{"value":1276,"label":"Cursos en Florencia"},{"value":1329,"label":"\u00c9coles d'art en Italie"}],"product_tag":[{"value":1886,"label":"\u00e9tranger \u00e0 Florence"}]},"featured_image_src_large":["https:\/\/www.studiainitalia.com\/wp-content\/uploads\/2016\/11\/painting-florence-group.jpg",432,432,false],"author_info":[],"comment_info":1,"uagb_featured_image_src":{"full":["https:\/\/www.studiainitalia.com\/wp-content\/uploads\/2016\/11\/painting-florence-group.jpg",432,432,false],"thumbnail":["https:\/\/www.studiainitalia.com\/wp-content\/uploads\/2016\/11\/painting-florence-group-150x150.jpg",96,96,true],"medium":["https:\/\/www.studiainitalia.com\/wp-content\/uploads\/2016\/11\/painting-florence-group-300x300.jpg",300,300,true],"medium_large":["https:\/\/www.studiainitalia.com\/wp-content\/uploads\/2016\/11\/painting-florence-group.jpg",432,432,false],"large":["https:\/\/www.studiainitalia.com\/wp-content\/uploads\/2016\/11\/painting-florence-group.jpg",432,432,false],"1536x1536":["https:\/\/www.studiainitalia.com\/wp-content\/uploads\/2016\/11\/painting-florence-group.jpg",432,432,false],"2048x2048":["https:\/\/www.studiainitalia.com\/wp-content\/uploads\/2016\/11\/painting-florence-group.jpg",432,432,false],"ultp_layout_landscape_large":["https:\/\/www.studiainitalia.com\/wp-content\/uploads\/2016\/11\/painting-florence-group.jpg",432,432,false],"ultp_layout_landscape":["https:\/\/www.studiainitalia.com\/wp-content\/uploads\/2016\/11\/painting-florence-group.jpg",432,432,false],"ultp_layout_portrait":["https:\/\/www.studiainitalia.com\/wp-content\/uploads\/2016\/11\/painting-florence-group.jpg",432,432,false],"ultp_layout_square":["https:\/\/www.studiainitalia.com\/wp-content\/uploads\/2016\/11\/painting-florence-group.jpg",432,432,false],"gform-image-choice-sm":["https:\/\/www.studiainitalia.com\/wp-content\/uploads\/2016\/11\/painting-florence-group.jpg",300,300,false],"gform-image-choice-md":["https:\/\/www.studiainitalia.com\/wp-content\/uploads\/2016\/11\/painting-florence-group.jpg",400,400,false],"gform-image-choice-lg":["https:\/\/www.studiainitalia.com\/wp-content\/uploads\/2016\/11\/painting-florence-group.jpg",432,432,false],"woocommerce_thumbnail":["https:\/\/www.studiainitalia.com\/wp-content\/uploads\/2016\/11\/painting-florence-group-300x300.jpg",300,300,true],"woocommerce_single":["https:\/\/www.studiainitalia.com\/wp-content\/uploads\/2016\/11\/painting-florence-group-400x400.jpg",400,400,true],"woocommerce_gallery_thumbnail":["https:\/\/www.studiainitalia.com\/wp-content\/uploads\/2016\/11\/painting-florence-group-100x100.jpg",100,100,true],"yarpp-thumbnail":["https:\/\/www.studiainitalia.com\/wp-content\/uploads\/2016\/11\/painting-florence-group.jpg",120,120,false]},"uagb_author_info":{"display_name":"Javier Diaz","author_link":"https:\/\/www.studiainitalia.com\/fr\/author\/"},"uagb_comment_info":1,"uagb_excerpt":"Vous planifiez des stages d\u2019art en Italie? &nbsp; Notre \u00e9cole de Florence propose des cours de techniques de peinture classique de 2 semaines ou plus. Ce cours peut \u00eatre dispens\u00e9 en italien ou en anglais. Les cours sont tr\u00e8s pratiques et ax\u00e9s sur la pratique et sont dispens\u00e9s par des artistes locaux. Le cours permet\u2026","_links":{"self":[{"href":"https:\/\/www.studiainitalia.com\/fr\/wp-json\/wp\/v2\/product\/189136","targetHints":{"allow":["GET"]}}],"collection":[{"href":"https:\/\/www.studiainitalia.com\/fr\/wp-json\/wp\/v2\/product"}],"about":[{"href":"https:\/\/www.studiainitalia.com\/fr\/wp-json\/wp\/v2\/types\/product"}],"replies":[{"embeddable":true,"href":"https:\/\/www.studiainitalia.com\/fr\/wp-json\/wp\/v2\/comments?post=189136"}],"wp:featuredmedia":[{"embeddable":true,"href":"https:\/\/www.studiainitalia.com\/fr\/wp-json\/wp\/v2\/media\/119298"}],"wp:attachment":[{"href":"https:\/\/www.studiainitalia.com\/fr\/wp-json\/wp\/v2\/media?parent=189136"}],"wp:term":[{"taxonomy":"section","embeddable":true,"href":"https:\/\/www.studiainitalia.com\/fr\/wp-json\/wp\/v2\/section?post=189136"},{"taxonomy":"product_brand","embeddable":true,"href":"https:\/\/www.studiainitalia.com\/fr\/wp-json\/wp\/v2\/product_brand?post=189136"},{"taxonomy":"product_cat","embeddable":true,"href":"https:\/\/www.studiainitalia.com\/fr\/wp-json\/wp\/v2\/product_cat?post=189136"},{"taxonomy":"product_tag","embeddable":true,"href":"https:\/\/www.studiainitalia.com\/fr\/wp-json\/wp\/v2\/product_tag?post=189136"}],"curies":[{"name":"wp","href":"https:\/\/api.w.org\/{rel}","templated":true}]}}