{"id":189152,"date":"2016-11-18T12:03:09","date_gmt":"2016-11-18T11:03:09","guid":{"rendered":"https:\/\/www.studiainitalia.com\/courses\/non%20class\u00e9\/italien-et-plongee-dans-le-genoa\/"},"modified":"2025-12-19T18:41:18","modified_gmt":"2025-12-19T17:41:18","slug":"italien-et-plongee-a-genes","status":"publish","type":"product","link":"https:\/\/www.studiainitalia.com\/fr\/cours\/cours-de-sport\/italien-et-plongee-a-genes\/","title":{"rendered":"Cours d\u2019italien et de plong\u00e9e \u00e0 G\u00eanes"},"content":{"rendered":"<h2>Italien et plong\u00e9e \u00e0 G\u00eanes<\/h2>\n<p>&nbsp;<\/p>\n<p>Fond\u00e9e en 2002, l\u2019\u00e9cole est situ\u00e9e au centre ville. Cette petite \u00e9cole propose un large \u00e9ventail d\u2019activit\u00e9s extrascolaires telles que des visites guid\u00e9es de la ville, des visites de mus\u00e9es et diff\u00e9rentes possibilit\u00e9s de profiter de la culture locale et de la cuisine et des produits locaux de G\u00eanes.<\/p>\n<p>&nbsp;<\/p>\n<p>Les groupes sont tr\u00e8s petits (pas plus de 8 \u00e9tudiants par classe), ce qui permet un s\u00e9jour linguistique des plus profitables.<\/p>\n<p>L\u2019\u00e9cole propose un large \u00e9ventail d\u2019activit\u00e9s sociales et culturelles afin de vous aider \u00e0 tirer le meilleur parti de votre cours d\u2019italien \u00e0 G\u00eanes.<\/p>\n<p>&nbsp;<\/p>\n<p>Chaque semaine, l\u2019\u00e9cole publie un programme d\u2019activit\u00e9s sociales et culturelles, visible dans l\u2019entr\u00e9e de l\u2019\u00e9cole. Certaines activit\u00e9s sont gratuites et d\u2019autres ont un prix suppl\u00e9mentaire.<\/p>\n<p>&nbsp;<\/p>\n<table id=\"tablepress-737\" class=\"tablepress tablepress-id-737\">\n<thead>\n<tr class=\"row-1 odd\">\n<th class=\"column-1\" colspan=\"6\">Dates 2026<\/th>\n<\/tr>\n<\/thead>\n<tbody class=\"row-hover\">\n<tr class=\"row-2 even\">\n<td class=\"column-1\">Janvier<\/td>\n<td class=\"column-2\"><\/td>\n<td class=\"column-3\">Mai<\/td>\n<td class=\"column-4\">18<\/td>\n<td class=\"column-5\">Septembre<\/td>\n<td class=\"column-6\">7<\/td>\n<\/tr>\n<tr class=\"row-3 odd\">\n<td class=\"column-1\">Fevrier<\/td>\n<td class=\"column-2\"><\/td>\n<td class=\"column-3\">Juin<\/td>\n<td class=\"column-4\">15<\/td>\n<td class=\"column-5\">Octobre<\/td>\n<td class=\"column-6\"><\/td>\n<\/tr>\n<tr class=\"row-4 even\">\n<td class=\"column-1\">Mars<\/td>\n<td class=\"column-2\"><\/td>\n<td class=\"column-3\">Juillet<\/td>\n<td class=\"column-4\">13<\/td>\n<td class=\"column-5\">Novembre<\/td>\n<td class=\"column-6\"><\/td>\n<\/tr>\n<tr class=\"row-5 odd\">\n<td class=\"column-1\">Avril<\/td>\n<td class=\"column-2\"><\/td>\n<td class=\"column-3\">Ao\u00fbt<\/td>\n<td class=\"column-4\">10<\/td>\n<td class=\"column-5\">Decembre<\/td>\n<td class=\"column-6\"><\/td>\n<\/tr>\n<tr class=\"row-6 even\">\n<td class=\"column-1\" colspan=\"6\">Les \u00e9tudiants non d\u00e9butants peuvent commencer les cours tous les lundis sur demande.<br \/>\nL&rsquo;\u00e9cole sera ferm\u00e9e les jours f\u00e9ri\u00e9s suivants: Epiphanie (06\/01), Lundi de P\u00e2ques, F\u00eate de la Lib\u00e9ration de l&rsquo;Italie (25\/04), F\u00eate des Travailleurs (01\/05), F\u00eate de la R\u00e9publique (02\/06), 24\/06,<br \/>\nFerragosto (15\/08), Tous les Saints (01\/11), Immacul\u00e9e Conception (8\/12), vacances de No\u00ebl et nouvel an.<\/td>\n<\/tr>\n<\/tbody>\n<\/table>\n<div class=\"aiosrs-rating-wrap\" data-schema-id=\"90691\">\n<div class=\"aiosrs-star-rating-wrap \"><\/div>\n<\/div>\n<div class=\"aiosrs-rating-wrap\" data-schema-id=\"90691\">\n<div class=\"aiosrs-star-rating-wrap \"><\/div>\n<div class=\"aiosrs-rating-summary-wrap\"><\/div>\n<\/div>\n<p>&nbsp;<\/p>\n<table id=\"tablepress-737\" class=\"tablepress tablepress-id-737\"><\/table>\n","protected":false},"excerpt":{"rendered":"<h2><strong>Visitez la Ligurie, \u00e9tudiez l\u2019italien et plongez!<\/strong><\/h2>\n<p>&nbsp;<\/p>\n<ul>\n<li>\u00a0Ce cours d\u2019italien et\u00a0 plong\u00e9e s\u2019adresse aux personnes aventureuses qui souhaitent combiner une exp\u00e9rience culturelle compl\u00e8te avec des vacances de plong\u00e9e uniques en leur genre pour explorer la mer de Ligurie, le golfe et ses beaut\u00e9s.<\/li>\n<\/ul>\n<ul>\n<li>Il est possible de passer le certificat de plong\u00e9e en eau libre (pour ceux qui n\u2019ont jamais plong\u00e9 auparavant) ou le certificat de plong\u00e9e avanc\u00e9e en eau libre, avec des instructeurs PADI.<\/li>\n<\/ul>\n<ul>\n<li>Tout le mat\u00e9riel et l\u2019\u00e9quipement sont fournis par l\u2019\u00e9cole de plong\u00e9e et sont inclus dans le prix.<\/li>\n<\/ul>\n<ul>\n<li>Les plongeurs d\u00e9couvriront une belle c\u00f4te avec une alternance de falaises et de plages. Le long de la c\u00f4te, on trouve quelques petites \u00eeles qui sont les sommets d\u2019une topographie sous-marine. Les quelques \u00eeles de l\u2019arc c\u00f4tier ligurien ont \u00e9t\u00e9 maintenues comme un environnement intact et sont tr\u00e8s int\u00e9ressantes tant du point de vue g\u00e9ologique que pour le monde sous-marin des peaux.<\/li>\n<\/ul>\n<ul>\n<li>Nous proposons \u00e0 nos clients diff\u00e9rentes possibilit\u00e9s d\u2019h\u00e9bergement (chambres priv\u00e9es, appartements partag\u00e9s\/individuels, h\u00f4tels) \u00e0 proximit\u00e9 de l\u2019\u00e9cole.<\/li>\n<\/ul>\n","protected":false},"featured_media":199691,"comment_status":"open","ping_status":"closed","template":"","meta":{"_acf_changed":false,"_uag_custom_page_level_css":"","_kad_blocks_custom_css":"","_kad_blocks_head_custom_js":"","_kad_blocks_body_custom_js":"","_kad_blocks_footer_custom_js":"","site-sidebar-layout":"default","site-content-layout":"default","ast-site-content-layout":"default","site-content-style":"default","site-sidebar-style":"default","ast-global-header-display":"","ast-banner-title-visibility":"","ast-main-header-display":"","ast-hfb-above-header-display":"","ast-hfb-below-header-display":"","ast-hfb-mobile-header-display":"","site-post-title":"","ast-breadcrumbs-content":"","ast-featured-img":"","footer-sml-layout":"","ast-disable-related-posts":"","theme-transparent-header-meta":"default","adv-header-id-meta":"","stick-header-meta":"default","header-above-stick-meta":"","header-main-stick-meta":"","header-below-stick-meta":"","astra-migrate-meta-layouts":"set","ast-page-background-enabled":"default","ast-page-background-meta":{"desktop":{"background-color":"var(--ast-global-color-4)","background-image":"","background-repeat":"repeat","background-position":"center center","background-size":"auto","background-attachment":"scroll","background-type":"","background-media":"","overlay-type":"","overlay-color":"","overlay-opacity":"","overlay-gradient":""},"tablet":{"background-color":"","background-image":"","background-repeat":"repeat","background-position":"center center","background-size":"auto","background-attachment":"scroll","background-type":"","background-media":"","overlay-type":"","overlay-color":"","overlay-opacity":"","overlay-gradient":""},"mobile":{"background-color":"","background-image":"","background-repeat":"repeat","background-position":"center center","background-size":"auto","background-attachment":"scroll","background-type":"","background-media":"","overlay-type":"","overlay-color":"","overlay-opacity":"","overlay-gradient":""}},"ast-content-background-meta":{"desktop":{"background-color":"var(--ast-global-color-5)","background-image":"","background-repeat":"repeat","background-position":"center center","background-size":"auto","background-attachment":"scroll","background-type":"","background-media":"","overlay-type":"","overlay-color":"","overlay-opacity":"","overlay-gradient":""},"tablet":{"background-color":"var(--ast-global-color-5)","background-image":"","background-repeat":"repeat","background-position":"center center","background-size":"auto","background-attachment":"scroll","background-type":"","background-media":"","overlay-type":"","overlay-color":"","overlay-opacity":"","overlay-gradient":""},"mobile":{"background-color":"var(--ast-global-color-5)","background-image":"","background-repeat":"repeat","background-position":"center center","background-size":"auto","background-attachment":"scroll","background-type":"","background-media":"","overlay-type":"","overlay-color":"","overlay-opacity":"","overlay-gradient":""}}},"section":[],"product_brand":[],"product_cat":[1279,1252],"product_tag":[],"class_list":{"0":"post-189152","1":"product","2":"type-product","3":"status-publish","4":"has-post-thumbnail","6":"product_cat-cours-a-genes","7":"product_cat-cours-de-sport","8":"desktop-align-left","9":"tablet-align-left","10":"mobile-align-left","11":"ast-product-gallery-layout-horizontal-slider","12":"ast-product-gallery-with-no-image","13":"ast-product-single-variable","14":"ast-product-tabs-layout-horizontal","15":"ast-qv-on-image-click","17":"first","18":"instock","19":"sold-individually","20":"shipping-taxable","21":"purchasable","22":"product-type-variable","23":"has-default-attributes"},"acf":[],"taxonomy_info":{"product_cat":[{"value":1279,"label":"\u00c9tudier \u00e0 G\u00eanes"},{"value":1252,"label":"Cours de sport"}]},"featured_image_src_large":["https:\/\/www.studiainitalia.com\/wp-content\/uploads\/2016\/11\/diving-1049477_1280.jpg",1280,854,false],"author_info":[],"comment_info":0,"uagb_featured_image_src":{"full":["https:\/\/www.studiainitalia.com\/wp-content\/uploads\/2016\/11\/diving-1049477_1280.jpg",1280,854,false],"thumbnail":["https:\/\/www.studiainitalia.com\/wp-content\/uploads\/2016\/11\/diving-1049477_1280.jpg",128,85,false],"medium":["https:\/\/www.studiainitalia.com\/wp-content\/uploads\/2016\/11\/diving-1049477_1280.jpg",1280,854,false],"medium_large":["https:\/\/www.studiainitalia.com\/wp-content\/uploads\/2016\/11\/diving-1049477_1280-768x512.jpg",768,512,true],"large":["https:\/\/www.studiainitalia.com\/wp-content\/uploads\/2016\/11\/diving-1049477_1280.jpg",1280,854,false],"1536x1536":["https:\/\/www.studiainitalia.com\/wp-content\/uploads\/2016\/11\/diving-1049477_1280.jpg",1280,854,false],"2048x2048":["https:\/\/www.studiainitalia.com\/wp-content\/uploads\/2016\/11\/diving-1049477_1280.jpg",1280,854,false],"ultp_layout_landscape_large":["https:\/\/www.studiainitalia.com\/wp-content\/uploads\/2016\/11\/diving-1049477_1280-1200x800.jpg",1200,800,true],"ultp_layout_landscape":["https:\/\/www.studiainitalia.com\/wp-content\/uploads\/2016\/11\/diving-1049477_1280-870x570.jpg",870,570,true],"ultp_layout_portrait":["https:\/\/www.studiainitalia.com\/wp-content\/uploads\/2016\/11\/diving-1049477_1280-600x854.jpg",600,854,true],"ultp_layout_square":["https:\/\/www.studiainitalia.com\/wp-content\/uploads\/2016\/11\/diving-1049477_1280-600x600.jpg",600,600,true],"gform-image-choice-sm":["https:\/\/www.studiainitalia.com\/wp-content\/uploads\/2016\/11\/diving-1049477_1280.jpg",300,200,false],"gform-image-choice-md":["https:\/\/www.studiainitalia.com\/wp-content\/uploads\/2016\/11\/diving-1049477_1280.jpg",400,267,false],"gform-image-choice-lg":["https:\/\/www.studiainitalia.com\/wp-content\/uploads\/2016\/11\/diving-1049477_1280.jpg",600,400,false],"woocommerce_thumbnail":["https:\/\/www.studiainitalia.com\/wp-content\/uploads\/2016\/11\/diving-1049477_1280-300x300.jpg",300,300,true],"woocommerce_single":["https:\/\/www.studiainitalia.com\/wp-content\/uploads\/2016\/11\/diving-1049477_1280-400x267.jpg",400,267,true],"woocommerce_gallery_thumbnail":["https:\/\/www.studiainitalia.com\/wp-content\/uploads\/2016\/11\/diving-1049477_1280-100x100.jpg",100,100,true],"yarpp-thumbnail":["https:\/\/www.studiainitalia.com\/wp-content\/uploads\/2016\/11\/diving-1049477_1280-120x120.jpg",120,120,true]},"uagb_author_info":{"display_name":"Javier Diaz","author_link":"https:\/\/www.studiainitalia.com\/fr\/author\/"},"uagb_comment_info":0,"uagb_excerpt":"Visitez la Ligurie, \u00e9tudiez l\u2019italien et plongez! &nbsp; \u00a0Ce cours d\u2019italien et\u00a0 plong\u00e9e s\u2019adresse aux personnes aventureuses qui souhaitent combiner une exp\u00e9rience culturelle compl\u00e8te avec des vacances de plong\u00e9e uniques en leur genre pour explorer la mer de Ligurie, le golfe et ses beaut\u00e9s. Il est possible de passer le certificat de plong\u00e9e en eau\u2026","_links":{"self":[{"href":"https:\/\/www.studiainitalia.com\/fr\/wp-json\/wp\/v2\/product\/189152","targetHints":{"allow":["GET"]}}],"collection":[{"href":"https:\/\/www.studiainitalia.com\/fr\/wp-json\/wp\/v2\/product"}],"about":[{"href":"https:\/\/www.studiainitalia.com\/fr\/wp-json\/wp\/v2\/types\/product"}],"replies":[{"embeddable":true,"href":"https:\/\/www.studiainitalia.com\/fr\/wp-json\/wp\/v2\/comments?post=189152"}],"wp:featuredmedia":[{"embeddable":true,"href":"https:\/\/www.studiainitalia.com\/fr\/wp-json\/wp\/v2\/media\/199691"}],"wp:attachment":[{"href":"https:\/\/www.studiainitalia.com\/fr\/wp-json\/wp\/v2\/media?parent=189152"}],"wp:term":[{"taxonomy":"section","embeddable":true,"href":"https:\/\/www.studiainitalia.com\/fr\/wp-json\/wp\/v2\/section?post=189152"},{"taxonomy":"product_brand","embeddable":true,"href":"https:\/\/www.studiainitalia.com\/fr\/wp-json\/wp\/v2\/product_brand?post=189152"},{"taxonomy":"product_cat","embeddable":true,"href":"https:\/\/www.studiainitalia.com\/fr\/wp-json\/wp\/v2\/product_cat?post=189152"},{"taxonomy":"product_tag","embeddable":true,"href":"https:\/\/www.studiainitalia.com\/fr\/wp-json\/wp\/v2\/product_tag?post=189152"}],"curies":[{"name":"wp","href":"https:\/\/api.w.org\/{rel}","templated":true}]}}