{"id":189170,"date":"2016-11-15T16:39:52","date_gmt":"2016-11-15T15:39:52","guid":{"rendered":"https:\/\/www.studiainitalia.com\/courses\/non%20class\u00e9\/cours-de-peinture-restauration-en-florence-groupe\/"},"modified":"2025-11-07T16:13:53","modified_gmt":"2025-11-07T15:13:53","slug":"cours-de-restauration-peintures-a-florence","status":"publish","type":"product","link":"https:\/\/www.studiainitalia.com\/fr\/cours\/etudier-a-letranger-a-florence\/cours-de-restauration-peintures-a-florence\/","title":{"rendered":"Cours de restauration de peinture \u00e0 Florence (en groupe)"},"content":{"rendered":"<h2>Cours de restauration de peintures<\/h2>\n<p>&nbsp;<\/p>\n<p>Notre cours de restauration de peintures se d\u00e9roule dans un atelier de restauration ou\u00a0<em><strong>bottega<\/strong><\/em>\u00a0\u00e0 Florence.<\/p>\n<p>Nous proposons des cours de restauration pratiques dispens\u00e9s par des professionnels exp\u00e9riment\u00e9s.Cet atelier travaille en collaboration avec la Galerie des Uffizi et d\u2019autres mus\u00e9es importants.<\/p>\n<p>L\u2019atelier est situ\u00e9 en plein c\u0153ur de la Florence artisanale et \u00e0 une courte distance du Ponte Vecchio.<\/p>\n<p>Ici, vous d\u00e9couvrirez l\u2019atmosph\u00e8re des ateliers d\u2019art ancien!<\/p>\n<div class=\"one_half et_column_last\"><\/div>\n<div class=\"clear\"><\/div>\n<div class=\"one_half\">\n<p>&nbsp;<\/p>\n<p><iframe src=\"https:\/\/www.youtube.com\/embed\/Fl4GbZRdpj4\" width=\"560\" height=\"315\" frameborder=\"0\" allowfullscreen=\"allowfullscreen\" referrerpolicy=\"strict-origin-when-cross-origin\" allow=\"accelerometer; autoplay; clipboard-write; encrypted-media; gyroscope; picture-in-picture; web-share\"><\/iframe><\/p>\n<p>&nbsp;<\/p>\n<p>&nbsp;<\/p>\n<table id=\"tablepress-715\" class=\"tablepress tablepress-id-715\">\n<thead>\n<tr class=\"row-1 odd\">\n<th class=\"column-1\" colspan=\"6\">Dates de d\u00e9but<\/th>\n<\/tr>\n<\/thead>\n<tbody class=\"row-hover\">\n<tr class=\"row-2 even\">\n<td class=\"column-1\">Janvier<\/td>\n<td class=\"column-2\">sur demande<\/td>\n<td class=\"column-3\">Mai<\/td>\n<td class=\"column-4\">sur demande<\/td>\n<td class=\"column-5\">Septembre<\/td>\n<td class=\"column-6\">sur demande<\/td>\n<\/tr>\n<tr class=\"row-3 odd\">\n<td class=\"column-1\">F\u00e9vrier<\/td>\n<td class=\"column-2\">sur demande<\/td>\n<td class=\"column-3\">Juin<\/td>\n<td class=\"column-4\">sur demande<\/td>\n<td class=\"column-5\">Octobre<\/td>\n<td class=\"column-6\">sur demande<\/td>\n<\/tr>\n<tr class=\"row-4 even\">\n<td class=\"column-1\">Mars<\/td>\n<td class=\"column-2\">sur demande<\/td>\n<td class=\"column-3\">Juillet<\/td>\n<td class=\"column-4\">sur demande<\/td>\n<td class=\"column-5\">Novembre<\/td>\n<td class=\"column-6\">sur demande<\/td>\n<\/tr>\n<tr class=\"row-5 odd\">\n<td class=\"column-1\">Avril<\/td>\n<td class=\"column-2\">sur demande<\/td>\n<td class=\"column-3\">Ao\u00fbt<\/td>\n<td class=\"column-4\"><\/td>\n<td class=\"column-5\">Decembre<\/td>\n<td class=\"column-6\">sur demande<\/td>\n<\/tr>\n<tr class=\"row-6 even\">\n<td class=\"column-1\" colspan=\"6\">L&rsquo;\u00e9cole sera ferm\u00e9e les jours f\u00e9ri\u00e9s suivants: Epiphanie (06\/01), Lundi de P\u00e2ques, Jour de la Lib\u00e9ration de l&rsquo;Italie (25\/04), F\u00eate des Travailleurs (01\/05), F\u00eate de la R\u00e9publique (02\/06), Ferragosto (15 \/ 08), Tous les Saints (01\/11), Immacul\u00e9e Conception (8\/12), vacances de No\u00ebl et nouvel an.<\/td>\n<\/tr>\n<\/tbody>\n<\/table>\n<div class=\"aiosrs-rating-wrap\" data-schema-id=\"90691\">\n<div class=\"aiosrs-star-rating-wrap \"><\/div>\n<div class=\"aiosrs-rating-summary-wrap\"><span class=\"aiosrs-rating\">0\/5\u00a0<\/span><span class=\"aiosrs-rating-count\">(0 Reviews)<\/span><\/div>\n<\/div>\n<\/div>\n","protected":false},"excerpt":{"rendered":"<h2><strong>Apprenez la conservation restauration de\u00a0<\/strong><strong><span class=\"VIiyi\" lang=\"fr\">peintures en Italie!<\/span><\/strong><\/h2>\n<p>&nbsp;<\/p>\n<p>Notre \u00e9cole de Florence propose des cours de restauration de peintures.<\/p>\n<ul>\n<li>\u00a0Vous pouvez r\u00e9server 80, 160, 240 ou 320 heures de cours et les distribuer dans les semaines comme vous le souhaitez (de 4 \u00e0 8 heures par jour).<\/li>\n<\/ul>\n<ul>\n<li>\u00a0Ce sont des cours en groupe qui ont lieu en italien.<\/li>\n<\/ul>\n<ul>\n<li>Les cours sont tr\u00e8s pratiques et les enseignants sont des enseignants locaux int\u00e9ress\u00e9s \u00e0 maintenir la tradition vivante.<\/li>\n<\/ul>\n<p>\u00c0 la fin du cours, les participants recevront un certificat de participation.<\/p>\n","protected":false},"featured_media":119322,"comment_status":"open","ping_status":"closed","template":"","meta":{"_acf_changed":false,"_uag_custom_page_level_css":"","_kad_blocks_custom_css":"","_kad_blocks_head_custom_js":"","_kad_blocks_body_custom_js":"","_kad_blocks_footer_custom_js":"","site-sidebar-layout":"default","site-content-layout":"default","ast-site-content-layout":"default","site-content-style":"default","site-sidebar-style":"default","ast-global-header-display":"","ast-banner-title-visibility":"","ast-main-header-display":"","ast-hfb-above-header-display":"","ast-hfb-below-header-display":"","ast-hfb-mobile-header-display":"","site-post-title":"","ast-breadcrumbs-content":"","ast-featured-img":"","footer-sml-layout":"","ast-disable-related-posts":"","theme-transparent-header-meta":"default","adv-header-id-meta":"","stick-header-meta":"default","header-above-stick-meta":"","header-main-stick-meta":"","header-below-stick-meta":"","astra-migrate-meta-layouts":"set","ast-page-background-enabled":"default","ast-page-background-meta":{"desktop":{"background-color":"var(--ast-global-color-4)","background-image":"","background-repeat":"repeat","background-position":"center center","background-size":"auto","background-attachment":"scroll","background-type":"","background-media":"","overlay-type":"","overlay-color":"","overlay-opacity":"","overlay-gradient":""},"tablet":{"background-color":"","background-image":"","background-repeat":"repeat","background-position":"center center","background-size":"auto","background-attachment":"scroll","background-type":"","background-media":"","overlay-type":"","overlay-color":"","overlay-opacity":"","overlay-gradient":""},"mobile":{"background-color":"","background-image":"","background-repeat":"repeat","background-position":"center center","background-size":"auto","background-attachment":"scroll","background-type":"","background-media":"","overlay-type":"","overlay-color":"","overlay-opacity":"","overlay-gradient":""}},"ast-content-background-meta":{"desktop":{"background-color":"var(--ast-global-color-5)","background-image":"","background-repeat":"repeat","background-position":"center center","background-size":"auto","background-attachment":"scroll","background-type":"","background-media":"","overlay-type":"","overlay-color":"","overlay-opacity":"","overlay-gradient":""},"tablet":{"background-color":"var(--ast-global-color-5)","background-image":"","background-repeat":"repeat","background-position":"center center","background-size":"auto","background-attachment":"scroll","background-type":"","background-media":"","overlay-type":"","overlay-color":"","overlay-opacity":"","overlay-gradient":""},"mobile":{"background-color":"var(--ast-global-color-5)","background-image":"","background-repeat":"repeat","background-position":"center center","background-size":"auto","background-attachment":"scroll","background-type":"","background-media":"","overlay-type":"","overlay-color":"","overlay-opacity":"","overlay-gradient":""}}},"section":[],"product_brand":[],"product_cat":[1345,1276],"product_tag":[1886],"class_list":{"0":"post-189170","1":"product","2":"type-product","3":"status-publish","4":"has-post-thumbnail","6":"product_cat-cours-de-restauration-dart","7":"product_cat-etudier-a-letranger-a-florence","8":"product_tag-etranger-a-florence","9":"desktop-align-left","10":"tablet-align-left","11":"mobile-align-left","12":"ast-product-gallery-layout-horizontal-slider","13":"ast-product-gallery-with-no-image","14":"ast-product-single-variable","15":"ast-product-tabs-layout-horizontal","16":"ast-qv-on-image-click","18":"first","19":"instock","20":"sold-individually","21":"shipping-taxable","22":"purchasable","23":"product-type-variable"},"acf":[],"taxonomy_info":{"product_cat":[{"value":1345,"label":"Cours de restauration d'art"},{"value":1276,"label":"Cursos en Florencia"}],"product_tag":[{"value":1886,"label":"\u00e9tranger \u00e0 Florence"}]},"featured_image_src_large":["https:\/\/www.studiainitalia.com\/wp-content\/uploads\/2016\/11\/painting-restoration-florence-group-e1490028801191.jpg",350,351,false],"author_info":[],"comment_info":0,"uagb_featured_image_src":{"full":["https:\/\/www.studiainitalia.com\/wp-content\/uploads\/2016\/11\/painting-restoration-florence-group-e1490028801191.jpg",350,351,false],"thumbnail":["https:\/\/www.studiainitalia.com\/wp-content\/uploads\/2016\/11\/painting-restoration-florence-group-150x150.jpg",96,96,true],"medium":["https:\/\/www.studiainitalia.com\/wp-content\/uploads\/2016\/11\/painting-restoration-florence-group-300x300.jpg",300,300,true],"medium_large":["https:\/\/www.studiainitalia.com\/wp-content\/uploads\/2016\/11\/painting-restoration-florence-group-e1490028801191.jpg",350,351,false],"large":["https:\/\/www.studiainitalia.com\/wp-content\/uploads\/2016\/11\/painting-restoration-florence-group-e1490028801191.jpg",350,351,false],"1536x1536":["https:\/\/www.studiainitalia.com\/wp-content\/uploads\/2016\/11\/painting-restoration-florence-group-e1490028801191.jpg",350,351,false],"2048x2048":["https:\/\/www.studiainitalia.com\/wp-content\/uploads\/2016\/11\/painting-restoration-florence-group-e1490028801191.jpg",350,351,false],"ultp_layout_landscape_large":["https:\/\/www.studiainitalia.com\/wp-content\/uploads\/2016\/11\/painting-restoration-florence-group-e1490028801191.jpg",350,351,false],"ultp_layout_landscape":["https:\/\/www.studiainitalia.com\/wp-content\/uploads\/2016\/11\/painting-restoration-florence-group-e1490028801191.jpg",350,351,false],"ultp_layout_portrait":["https:\/\/www.studiainitalia.com\/wp-content\/uploads\/2016\/11\/painting-restoration-florence-group-e1490028801191.jpg",350,351,false],"ultp_layout_square":["https:\/\/www.studiainitalia.com\/wp-content\/uploads\/2016\/11\/painting-restoration-florence-group-e1490028801191.jpg",350,351,false],"gform-image-choice-sm":["https:\/\/www.studiainitalia.com\/wp-content\/uploads\/2016\/11\/painting-restoration-florence-group-e1490028801191.jpg",300,300,false],"gform-image-choice-md":["https:\/\/www.studiainitalia.com\/wp-content\/uploads\/2016\/11\/painting-restoration-florence-group-e1490028801191.jpg",350,351,false],"gform-image-choice-lg":["https:\/\/www.studiainitalia.com\/wp-content\/uploads\/2016\/11\/painting-restoration-florence-group-e1490028801191.jpg",350,351,false],"woocommerce_thumbnail":["https:\/\/www.studiainitalia.com\/wp-content\/uploads\/2016\/11\/painting-restoration-florence-group-e1490028801191-300x300.jpg",300,300,true],"woocommerce_single":["https:\/\/www.studiainitalia.com\/wp-content\/uploads\/2016\/11\/painting-restoration-florence-group-e1490028801191.jpg",350,351,false],"woocommerce_gallery_thumbnail":["https:\/\/www.studiainitalia.com\/wp-content\/uploads\/2016\/11\/painting-restoration-florence-group-e1490028801191-100x100.jpg",100,100,true],"yarpp-thumbnail":["https:\/\/www.studiainitalia.com\/wp-content\/uploads\/2016\/11\/painting-restoration-florence-group-e1490028801191.jpg",120,120,false]},"uagb_author_info":{"display_name":"Javier Diaz","author_link":"https:\/\/www.studiainitalia.com\/fr\/author\/"},"uagb_comment_info":0,"uagb_excerpt":"Apprenez la conservation restauration de\u00a0peintures en Italie! &nbsp; Notre \u00e9cole de Florence propose des cours de restauration de peintures. \u00a0Vous pouvez r\u00e9server 80, 160, 240 ou 320 heures de cours et les distribuer dans les semaines comme vous le souhaitez (de 4 \u00e0 8 heures par jour). \u00a0Ce sont des cours en groupe qui ont\u2026","_links":{"self":[{"href":"https:\/\/www.studiainitalia.com\/fr\/wp-json\/wp\/v2\/product\/189170","targetHints":{"allow":["GET"]}}],"collection":[{"href":"https:\/\/www.studiainitalia.com\/fr\/wp-json\/wp\/v2\/product"}],"about":[{"href":"https:\/\/www.studiainitalia.com\/fr\/wp-json\/wp\/v2\/types\/product"}],"replies":[{"embeddable":true,"href":"https:\/\/www.studiainitalia.com\/fr\/wp-json\/wp\/v2\/comments?post=189170"}],"wp:featuredmedia":[{"embeddable":true,"href":"https:\/\/www.studiainitalia.com\/fr\/wp-json\/wp\/v2\/media\/119322"}],"wp:attachment":[{"href":"https:\/\/www.studiainitalia.com\/fr\/wp-json\/wp\/v2\/media?parent=189170"}],"wp:term":[{"taxonomy":"section","embeddable":true,"href":"https:\/\/www.studiainitalia.com\/fr\/wp-json\/wp\/v2\/section?post=189170"},{"taxonomy":"product_brand","embeddable":true,"href":"https:\/\/www.studiainitalia.com\/fr\/wp-json\/wp\/v2\/product_brand?post=189170"},{"taxonomy":"product_cat","embeddable":true,"href":"https:\/\/www.studiainitalia.com\/fr\/wp-json\/wp\/v2\/product_cat?post=189170"},{"taxonomy":"product_tag","embeddable":true,"href":"https:\/\/www.studiainitalia.com\/fr\/wp-json\/wp\/v2\/product_tag?post=189170"}],"curies":[{"name":"wp","href":"https:\/\/api.w.org\/{rel}","templated":true}]}}