{"id":189182,"date":"2016-11-15T21:43:02","date_gmt":"2016-11-15T20:43:02","guid":{"rendered":"https:\/\/www.studiainitalia.com\/courses\/non%20class\u00e9\/italien-et-poterie-en-taormine\/"},"modified":"2025-12-20T13:40:50","modified_gmt":"2025-12-20T12:40:50","slug":"italien-et-ceramique-a-taormine","status":"publish","type":"product","link":"https:\/\/www.studiainitalia.com\/fr\/cours\/cours-a-taormina\/italien-et-ceramique-a-taormine\/","title":{"rendered":"Cours d\u2019italien et c\u00e9ramique \u00e0 Taormine"},"content":{"rendered":"<h2>Italien et c\u00e9ramique<\/h2>\n<p>&nbsp;<\/p>\n<p>L&rsquo;\u00e9cole d&rsquo;italien en Sicile est situ\u00e9e dans un village historique \u00e0 quelques m\u00e8tres du th\u00e9\u00e2tre grec de Taormina et \u00e0 seulement 10 minutes \u00e0 pied de la plage.<\/p>\n<p>Le village, connu sous le nom de Casa Silva, dispose \u00e9galement d&rsquo;un vaste jardin botanique, o\u00f9 vous pourrez vous d\u00e9tendre et discuter avec vos camarades de classe.<\/p>\n<p>L&rsquo;\u00e9cole dispose d&rsquo;un acc\u00e8s Internet gratuit, d&rsquo;une biblioth\u00e8que, d&rsquo;une salle audiovisuelle et d&rsquo;une caf\u00e9t\u00e9ria.<\/p>\n<p>Traduit avec DeepL.com (version gratuite)<\/p>\n<p>&nbsp;<\/p>\n<p>&nbsp;<\/p>\n\n<table id=\"tablepress-726\" class=\"tablepress tablepress-id-726 tbody-has-connected-cells\">\n<thead>\n<tr class=\"row-1\">\n\t<th colspan=\"6\" class=\"column-1\">Dates de d\u00e9but 2026<\/th>\n<\/tr>\n<\/thead>\n<tbody class=\"row-striping row-hover\">\n<tr class=\"row-2\">\n\t<td class=\"column-1\">Janvier<\/td><td class=\"column-2\"><\/td><td class=\"column-3\">Mai<\/td><td class=\"column-4\">tous les lundi<\/td><td class=\"column-5\">Septembre<\/td><td class=\"column-6\">tous les lundi<\/td>\n<\/tr>\n<tr class=\"row-3\">\n\t<td class=\"column-1\">F\u00e9vrier<\/td><td class=\"column-2\">tous les lundi<\/td><td class=\"column-3\">Juin<\/td><td class=\"column-4\">tous les lundi<\/td><td class=\"column-5\">Octobre<\/td><td class=\"column-6\">tous les lundi<\/td>\n<\/tr>\n<tr class=\"row-4\">\n\t<td class=\"column-1\">Mars<\/td><td class=\"column-2\">tous les lundi<\/td><td class=\"column-3\">Juillet<\/td><td class=\"column-4\">tous les lundi<\/td><td class=\"column-5\">Novembre<\/td><td class=\"column-6\">tous les lundi<\/td>\n<\/tr>\n<tr class=\"row-5\">\n\t<td class=\"column-1\">Avril<\/td><td class=\"column-2\">tous les lundi<\/td><td class=\"column-3\">Ao\u00fbt<\/td><td class=\"column-4\">tous les lundi<\/td><td class=\"column-5\">Decembre<\/td><td class=\"column-6\">tous les lundi<\/td>\n<\/tr>\n<tr class=\"row-6\">\n\t<td colspan=\"6\" class=\"column-1\">L'\u00e9cole sera ferm\u00e9e les jours f\u00e9ri\u00e9s suivants: Epiphanie (06\/01), Lundi de P\u00e2ques, Jour de la Lib\u00e9ration de l'Italie (25\/04), F\u00eate des Travailleurs (01\/05), F\u00eate de la R\u00e9publique (02\/06), Ferragosto (15 \/ 08), Tous les Saints (01\/11), Immacul\u00e9e Conception (8\/12), vacances de No\u00ebl et nouvel an.<\/td>\n<\/tr>\n<\/tbody>\n<\/table>\n<!-- #tablepress-726 from cache -->\n<div class=\"aiosrs-rating-wrap\" data-schema-id=\"90691\">\n<div class=\"aiosrs-star-rating-wrap \"><\/div>\n<div class=\"aiosrs-rating-summary-wrap\"><\/div>\n<\/div>\n","protected":false},"excerpt":{"rendered":"<h2><strong>Apportez \u00e0 la maison un morceau de c\u00e9ramique sicilienne!<\/strong><\/h2>\n<p>&nbsp;<\/p>\n<p><strong>Si vous aimez la poterie sicilienne, vous pouvez combiner votre cours d\u2019italien et vous immerger dans l\u2019art de la c\u00e9ramique sicilienne<\/strong><\/p>\n<p>Les cours de c\u00e9ramique \u00e0 Taormine sont disponibles toute l\u2019ann\u00e9e.\u00a0 Ils ont une dur\u00e9e d\u2019une semaine et consistent en un cours d\u2019italien intensif (20 cours) combin\u00e9 \u00e0 2 le\u00e7ons de poterie (90 minutes chacune).<\/p>\n<p>Le programme est destin\u00e9 \u00e0 ceux qui veulent apprendre \u00e0 faire de la c\u00e9ramique sicilienne. \u00c0 la fin de l\u2019atelier, une lettre de participation est d\u00e9livr\u00e9e par l\u2019atelier.<\/p>\n<p>Nous proposons \u00e0 nos clients diff\u00e9rentes possibilit\u00e9s d\u2019h\u00e9bergement (chambres priv\u00e9es, appartements partag\u00e9s\/individuels, h\u00f4tels) \u00e0 proximit\u00e9 de l\u2019\u00e9cole.<\/p>\n","protected":false},"featured_media":119346,"comment_status":"open","ping_status":"closed","template":"","meta":{"_acf_changed":false,"_uag_custom_page_level_css":"","_kad_blocks_custom_css":"","_kad_blocks_head_custom_js":"","_kad_blocks_body_custom_js":"","_kad_blocks_footer_custom_js":"","site-sidebar-layout":"default","site-content-layout":"default","ast-site-content-layout":"default","site-content-style":"default","site-sidebar-style":"default","ast-global-header-display":"","ast-banner-title-visibility":"","ast-main-header-display":"","ast-hfb-above-header-display":"","ast-hfb-below-header-display":"","ast-hfb-mobile-header-display":"","site-post-title":"","ast-breadcrumbs-content":"","ast-featured-img":"","footer-sml-layout":"","ast-disable-related-posts":"","theme-transparent-header-meta":"default","adv-header-id-meta":"","stick-header-meta":"default","header-above-stick-meta":"","header-main-stick-meta":"","header-below-stick-meta":"","astra-migrate-meta-layouts":"set","ast-page-background-enabled":"default","ast-page-background-meta":{"desktop":{"background-color":"var(--ast-global-color-4)","background-image":"","background-repeat":"repeat","background-position":"center center","background-size":"auto","background-attachment":"scroll","background-type":"","background-media":"","overlay-type":"","overlay-color":"","overlay-opacity":"","overlay-gradient":""},"tablet":{"background-color":"","background-image":"","background-repeat":"repeat","background-position":"center center","background-size":"auto","background-attachment":"scroll","background-type":"","background-media":"","overlay-type":"","overlay-color":"","overlay-opacity":"","overlay-gradient":""},"mobile":{"background-color":"","background-image":"","background-repeat":"repeat","background-position":"center center","background-size":"auto","background-attachment":"scroll","background-type":"","background-media":"","overlay-type":"","overlay-color":"","overlay-opacity":"","overlay-gradient":""}},"ast-content-background-meta":{"desktop":{"background-color":"var(--ast-global-color-5)","background-image":"","background-repeat":"repeat","background-position":"center center","background-size":"auto","background-attachment":"scroll","background-type":"","background-media":"","overlay-type":"","overlay-color":"","overlay-opacity":"","overlay-gradient":""},"tablet":{"background-color":"var(--ast-global-color-5)","background-image":"","background-repeat":"repeat","background-position":"center center","background-size":"auto","background-attachment":"scroll","background-type":"","background-media":"","overlay-type":"","overlay-color":"","overlay-opacity":"","overlay-gradient":""},"mobile":{"background-color":"var(--ast-global-color-5)","background-image":"","background-repeat":"repeat","background-position":"center center","background-size":"auto","background-attachment":"scroll","background-type":"","background-media":"","overlay-type":"","overlay-color":"","overlay-opacity":"","overlay-gradient":""}}},"section":[],"product_brand":[],"product_cat":[1293,1339],"product_tag":[],"class_list":{"0":"post-189182","1":"product","2":"type-product","3":"status-publish","4":"has-post-thumbnail","6":"product_cat-cours-a-taormina","7":"product_cat-cours-dartisanat","8":"desktop-align-left","9":"tablet-align-left","10":"mobile-align-left","11":"ast-product-gallery-layout-horizontal-slider","12":"ast-product-single-variable","13":"ast-product-tabs-layout-horizontal","14":"ast-qv-on-image-click","16":"first","17":"instock","18":"sold-individually","19":"shipping-taxable","20":"purchasable","21":"product-type-variable","22":"has-default-attributes"},"acf":[],"taxonomy_info":{"product_cat":[{"value":1293,"label":"\u00c9tudier \u00e0 Taormina"},{"value":1339,"label":"Cours d'artisanat"}]},"featured_image_src_large":["https:\/\/www.studiainitalia.com\/wp-content\/uploads\/2016\/11\/pottery-taormina-e1490028273395.jpg",350,350,false],"author_info":[],"comment_info":0,"uagb_featured_image_src":{"full":["https:\/\/www.studiainitalia.com\/wp-content\/uploads\/2016\/11\/pottery-taormina-e1490028273395.jpg",350,350,false],"thumbnail":["https:\/\/www.studiainitalia.com\/wp-content\/uploads\/2016\/11\/pottery-taormina-150x150.jpg",96,96,true],"medium":["https:\/\/www.studiainitalia.com\/wp-content\/uploads\/2016\/11\/pottery-taormina-300x300.jpg",300,300,true],"medium_large":["https:\/\/www.studiainitalia.com\/wp-content\/uploads\/2016\/11\/pottery-taormina-e1490028273395.jpg",350,350,false],"large":["https:\/\/www.studiainitalia.com\/wp-content\/uploads\/2016\/11\/pottery-taormina-e1490028273395.jpg",350,350,false],"1536x1536":["https:\/\/www.studiainitalia.com\/wp-content\/uploads\/2016\/11\/pottery-taormina-e1490028273395.jpg",350,350,false],"2048x2048":["https:\/\/www.studiainitalia.com\/wp-content\/uploads\/2016\/11\/pottery-taormina-e1490028273395.jpg",350,350,false],"ultp_layout_landscape_large":["https:\/\/www.studiainitalia.com\/wp-content\/uploads\/2016\/11\/pottery-taormina-e1490028273395.jpg",350,350,false],"ultp_layout_landscape":["https:\/\/www.studiainitalia.com\/wp-content\/uploads\/2016\/11\/pottery-taormina-e1490028273395.jpg",350,350,false],"ultp_layout_portrait":["https:\/\/www.studiainitalia.com\/wp-content\/uploads\/2016\/11\/pottery-taormina-e1490028273395.jpg",350,350,false],"ultp_layout_square":["https:\/\/www.studiainitalia.com\/wp-content\/uploads\/2016\/11\/pottery-taormina-e1490028273395.jpg",350,350,false],"gform-image-choice-sm":["https:\/\/www.studiainitalia.com\/wp-content\/uploads\/2016\/11\/pottery-taormina-e1490028273395.jpg",300,300,false],"gform-image-choice-md":["https:\/\/www.studiainitalia.com\/wp-content\/uploads\/2016\/11\/pottery-taormina-e1490028273395.jpg",350,350,false],"gform-image-choice-lg":["https:\/\/www.studiainitalia.com\/wp-content\/uploads\/2016\/11\/pottery-taormina-e1490028273395.jpg",350,350,false],"woocommerce_thumbnail":["https:\/\/www.studiainitalia.com\/wp-content\/uploads\/2016\/11\/pottery-taormina-e1490028273395-300x300.jpg",300,300,true],"woocommerce_single":["https:\/\/www.studiainitalia.com\/wp-content\/uploads\/2016\/11\/pottery-taormina-e1490028273395.jpg",350,350,false],"woocommerce_gallery_thumbnail":["https:\/\/www.studiainitalia.com\/wp-content\/uploads\/2016\/11\/pottery-taormina-e1490028273395-100x100.jpg",100,100,true],"yarpp-thumbnail":["https:\/\/www.studiainitalia.com\/wp-content\/uploads\/2016\/11\/pottery-taormina-e1490028273395.jpg",120,120,false]},"uagb_author_info":{"display_name":"Javier Diaz","author_link":"https:\/\/www.studiainitalia.com\/fr\/author\/"},"uagb_comment_info":0,"uagb_excerpt":"Apportez \u00e0 la maison un morceau de c\u00e9ramique sicilienne! &nbsp; Si vous aimez la poterie sicilienne, vous pouvez combiner votre cours d\u2019italien et vous immerger dans l\u2019art de la c\u00e9ramique sicilienne Les cours de c\u00e9ramique \u00e0 Taormine sont disponibles toute l\u2019ann\u00e9e.\u00a0 Ils ont une dur\u00e9e d\u2019une semaine et consistent en un cours d\u2019italien intensif (20\u2026","_links":{"self":[{"href":"https:\/\/www.studiainitalia.com\/fr\/wp-json\/wp\/v2\/product\/189182","targetHints":{"allow":["GET"]}}],"collection":[{"href":"https:\/\/www.studiainitalia.com\/fr\/wp-json\/wp\/v2\/product"}],"about":[{"href":"https:\/\/www.studiainitalia.com\/fr\/wp-json\/wp\/v2\/types\/product"}],"replies":[{"embeddable":true,"href":"https:\/\/www.studiainitalia.com\/fr\/wp-json\/wp\/v2\/comments?post=189182"}],"wp:featuredmedia":[{"embeddable":true,"href":"https:\/\/www.studiainitalia.com\/fr\/wp-json\/wp\/v2\/media\/119346"}],"wp:attachment":[{"href":"https:\/\/www.studiainitalia.com\/fr\/wp-json\/wp\/v2\/media?parent=189182"}],"wp:term":[{"taxonomy":"section","embeddable":true,"href":"https:\/\/www.studiainitalia.com\/fr\/wp-json\/wp\/v2\/section?post=189182"},{"taxonomy":"product_brand","embeddable":true,"href":"https:\/\/www.studiainitalia.com\/fr\/wp-json\/wp\/v2\/product_brand?post=189182"},{"taxonomy":"product_cat","embeddable":true,"href":"https:\/\/www.studiainitalia.com\/fr\/wp-json\/wp\/v2\/product_cat?post=189182"},{"taxonomy":"product_tag","embeddable":true,"href":"https:\/\/www.studiainitalia.com\/fr\/wp-json\/wp\/v2\/product_tag?post=189182"}],"curies":[{"name":"wp","href":"https:\/\/api.w.org\/{rel}","templated":true}]}}