{"id":189221,"date":"2017-12-31T16:31:19","date_gmt":"2017-12-31T15:31:19","guid":{"rendered":"https:\/\/www.studiainitalia.com\/courses\/non%20class\u00e9\/cours-avance-de-bijouterie-artisanale-a-florence\/"},"modified":"2026-01-16T16:00:37","modified_gmt":"2026-01-16T15:00:37","slug":"cours-avance-de-bijouterie-artisanale-a-florence","status":"publish","type":"product","link":"https:\/\/www.studiainitalia.com\/fr\/cours\/etudier-a-letranger-a-florence\/cours-avance-de-bijouterie-artisanale-a-florence\/","title":{"rendered":"Cours avanc\u00e9 de bijouterie artisanale \u00e0 Florence"},"content":{"rendered":"<h2><strong>Cours avanc\u00e9 de bijouterie artisanale<\/strong><\/h2>\n<p>&nbsp;<\/p>\n<p>Notre ma\u00eetre artisan utilise des techniques d\u2019orf\u00e8vrerie anciennes et historiques. Les \u00e9tudiants sont les bienvenus dans son merveilleux espace d\u2019exposition\/travail, contemporain et nouveau, pour apprendre les anciennes techniques de l\u2019orf\u00e8vrerie.<\/p>\n<p>Il s\u2019agit d\u2019une occasion unique pour les \u00e9tudiants de d\u00e9couvrir ces anciennes techniques de joaillerie.<\/p>\n<p>&nbsp;<\/p>\n<p>Pendant les cours, les \u00e9tudiants auront l\u2019occasion de vivre et d\u2019apprendre cette approche unique de la joaillerie.<\/p>\n<p>Il s\u2019agit d\u2019un cours individuel, o\u00f9 l\u2019artisan travaille avec un \u00e9tudiant \u00e0 la fois afin de se concentrer enti\u00e8rement sur son d\u00e9veloppement et son apprentissage individuels, Ce cours avanc\u00e9 de bijouterie artisanale peut \u00eatre dispens\u00e9 en italien ou en anglais.<\/p>\n<p>&nbsp;<\/p>\n<p>Les cours sont g\u00e9n\u00e9ralement dispens\u00e9s du lundi au vendredi de 9 h \u00e0 13 h.<\/p>\n<p>Selon les possibilit\u00e9s de l&rsquo;\u00e9tudiant, il est \u00e9galement possible d&rsquo;organiser des exp\u00e9riences et des ateliers de JOURN\u00c9E D&rsquo;IMMERSION TOTALE.<\/p>\n<p>Les outils et les instruments sont \u00e0 disposition, ainsi que le 925 en argent (jusqu&rsquo;\u00e0 un maximum de 80 grammes toutes les 40 heures). Les bijoux r\u00e9alis\u00e9s pendant le cours sont la propri\u00e9t\u00e9 de l&rsquo;\u00e9tudiant.<\/p>\n<p>&nbsp;<\/p>\n<div class=\"perfmatters-lazy-youtube\" data-src=\"https:\/\/www.youtube.com\/embed\/ELqKfrWQG3Y\" data-id=\"ELqKfrWQG3Y\" data-query=\"\">\n<div>\n<p><img decoding=\"async\" class=\"perfmatters-lazy entered pmloaded\" src=\"https:\/\/i.ytimg.com\/vi\/ELqKfrWQG3Y\/hqdefault.jpg\" alt=\"YouTube video\" width=\"480\" height=\"360\" data-pin-nopin=\"true\" data-src=\"https:\/\/i.ytimg.com\/vi\/ELqKfrWQG3Y\/hqdefault.jpg\" data-ll-status=\"loaded\" data- title=\"\"><\/p>\n<div class=\"play\"><\/div>\n<\/div>\n<\/div>\n<p>&nbsp;<\/p>\n<p>&nbsp;<\/p>\n<div class=\"aiosrs-rating-wrap\" data-schema-id=\"90691\">\n<div class=\"aiosrs-star-rating-wrap \"><\/div>\n<div class=\"aiosrs-rating-summary-wrap\"><span class=\"aiosrs-rating\">\n<table id=\"tablepress-714\" class=\"tablepress tablepress-id-714 tbody-has-connected-cells\">\n<thead>\n<tr class=\"row-1\">\n\t<th colspan=\"6\" class=\"column-1\">Dates de d\u00e9but <\/th>\n<\/tr>\n<\/thead>\n<tbody class=\"row-striping row-hover\">\n<tr class=\"row-2\">\n\t<td class=\"column-1\">Janvier<\/td><td class=\"column-2\">sur demande<\/td><td class=\"column-3\">Mai<\/td><td class=\"column-4\">sur demande<\/td><td class=\"column-5\">Septembre<\/td><td class=\"column-6\">sur demande<\/td>\n<\/tr>\n<tr class=\"row-3\">\n\t<td class=\"column-1\">F\u00e9vrier<\/td><td class=\"column-2\">sur demande<\/td><td class=\"column-3\">Juin<\/td><td class=\"column-4\">sur demande<\/td><td class=\"column-5\">Octobre<\/td><td class=\"column-6\">sur demande<\/td>\n<\/tr>\n<tr class=\"row-4\">\n\t<td class=\"column-1\">Mars<\/td><td class=\"column-2\">sur demande<\/td><td class=\"column-3\">Juillet<\/td><td class=\"column-4\">sur demande<\/td><td class=\"column-5\">Novembre<\/td><td class=\"column-6\">sur demande<\/td>\n<\/tr>\n<tr class=\"row-5\">\n\t<td class=\"column-1\">Avril<\/td><td class=\"column-2\">sur demande<\/td><td class=\"column-3\">Ao\u00fbt<\/td><td class=\"column-4\">sur demande<\/td><td class=\"column-5\">Decembre<\/td><td class=\"column-6\">sur demande<\/td>\n<\/tr>\n<tr class=\"row-6\">\n\t<td colspan=\"6\" class=\"column-1\">L'\u00e9cole sera ferm\u00e9e les jours f\u00e9ri\u00e9s suivants: Epiphanie (06\/01), Lundi de P\u00e2ques, Jour de la Lib\u00e9ration de l'Italie (25\/04), F\u00eate des Travailleurs (01\/05), F\u00eate de la R\u00e9publique (02\/06), Ferragosto (15 \/ 08), Tous les Saints (01\/11), Immacul\u00e9e Conception (8\/12), vacances de No\u00ebl et nouvel an.<\/td>\n<\/tr>\n<\/tbody>\n<\/table>\n<!-- #tablepress-714 from cache --><\/span><\/div>\n<\/div>\n","protected":false},"excerpt":{"rendered":"<h2>Apprenez l\u2019orf\u00e8vrerie artisanale!<\/h2>\n<p>&nbsp;<\/p>\n<p>Il s\u2019agit d\u2019un cours professionnel de 20\u00a0 heures par semaine qui permet d\u2019acqu\u00e9rir des connaissances approfondies sur les bijoux artisanaux en utilisant des techniques d\u2019orf\u00e8vrerie anciennes.<\/p>\n<p>Les cours sont disponibles toute l&rsquo;ann\u00e9e et sont enti\u00e8rement adapt\u00e9s \u00e0 l&rsquo;\u00e9tudiant.<\/p>\n<p>L&rsquo;exp\u00e9rience de notre artisan en tant que professeur de deuxi\u00e8me ann\u00e9e \u00e0 l&rsquo;\u00e9cole de joaillerie LAO de Florence de 2016 \u00e0 2022, ainsi que sa collaboration depuis 2022 avec l&rsquo;\u00e9cole de joaillerie contemporaine ALCHIMIA en tant que professeur de cours intensifs courts, lui donne la possibilit\u00e9 de vous guider aussi bien dans des programmes intensifs que plus longs.<\/p>\n<p><strong>Cours propos\u00e9s :<\/strong><\/p>\n<p>&#8211; CONNAISSANCES DE BASE EN BIJOUTERIE<\/p>\n<p>&#8211; CABOUCHON ET PI\u00c8CES<\/p>\n<p>-\u00ab SBALZO \u00bb (REPOUSS\u00c9) SUR POINTE<\/p>\n<p>&#8211; SCULPTURE SUR CIRE DURE<\/p>\n<p>&#8211; MOULAGE EN CIRE DOUCE<\/p>\n<p>&#8211; MOULES EN SILICONE POUR FONDERIE \u00c0 CIRE PERDUE<\/p>\n<p>&#8211; SABLAGE<\/p>\n<p>&#8211; FILIGRANE<\/p>\n<p>&#8211; \u00c9MAILLAGE \u00c0 FROID<\/p>\n<p>&#8211; \u00c9MAILLAGE DE BASE AU FEU<\/p>\n<p>&#8211; GRANULATION<\/p>\n<p>&nbsp;<\/p>\n<p>Ce ne sont l\u00e0 que quelques-unes des techniques de joaillerie que vous pourrez pratiquer ou sur lesquelles vous pourrez vous concentrer pendant le cours.<\/p>\n<p>Ce qui diff\u00e9rencie nos cours Ce n&rsquo;est pas seulement une approche totalement personnalis\u00e9e entre le professeur et l&rsquo;\u00e9l\u00e8ve, mais aussi une immersion dans la fabrication de bijoux totalement adapt\u00e9e aux attentes et aux objectifs de l&rsquo;\u00e9l\u00e8ve.<\/p>\n","protected":false},"featured_media":123079,"comment_status":"open","ping_status":"closed","template":"","meta":{"_acf_changed":false,"_uag_custom_page_level_css":"","_kad_blocks_custom_css":"","_kad_blocks_head_custom_js":"","_kad_blocks_body_custom_js":"","_kad_blocks_footer_custom_js":"","site-sidebar-layout":"default","site-content-layout":"default","ast-site-content-layout":"default","site-content-style":"default","site-sidebar-style":"default","ast-global-header-display":"","ast-banner-title-visibility":"","ast-main-header-display":"","ast-hfb-above-header-display":"","ast-hfb-below-header-display":"","ast-hfb-mobile-header-display":"","site-post-title":"","ast-breadcrumbs-content":"","ast-featured-img":"","footer-sml-layout":"","ast-disable-related-posts":"","theme-transparent-header-meta":"default","adv-header-id-meta":"","stick-header-meta":"default","header-above-stick-meta":"","header-main-stick-meta":"","header-below-stick-meta":"","astra-migrate-meta-layouts":"set","ast-page-background-enabled":"default","ast-page-background-meta":{"desktop":{"background-color":"var(--ast-global-color-4)","background-image":"","background-repeat":"repeat","background-position":"center center","background-size":"auto","background-attachment":"scroll","background-type":"","background-media":"","overlay-type":"","overlay-color":"","overlay-opacity":"","overlay-gradient":""},"tablet":{"background-color":"","background-image":"","background-repeat":"repeat","background-position":"center center","background-size":"auto","background-attachment":"scroll","background-type":"","background-media":"","overlay-type":"","overlay-color":"","overlay-opacity":"","overlay-gradient":""},"mobile":{"background-color":"","background-image":"","background-repeat":"repeat","background-position":"center center","background-size":"auto","background-attachment":"scroll","background-type":"","background-media":"","overlay-type":"","overlay-color":"","overlay-opacity":"","overlay-gradient":""}},"ast-content-background-meta":{"desktop":{"background-color":"var(--ast-global-color-5)","background-image":"","background-repeat":"repeat","background-position":"center center","background-size":"auto","background-attachment":"scroll","background-type":"","background-media":"","overlay-type":"","overlay-color":"","overlay-opacity":"","overlay-gradient":""},"tablet":{"background-color":"var(--ast-global-color-5)","background-image":"","background-repeat":"repeat","background-position":"center center","background-size":"auto","background-attachment":"scroll","background-type":"","background-media":"","overlay-type":"","overlay-color":"","overlay-opacity":"","overlay-gradient":""},"mobile":{"background-color":"var(--ast-global-color-5)","background-image":"","background-repeat":"repeat","background-position":"center center","background-size":"auto","background-attachment":"scroll","background-type":"","background-media":"","overlay-type":"","overlay-color":"","overlay-opacity":"","overlay-gradient":""}}},"section":[],"product_brand":[],"product_cat":[1351,1276],"product_tag":[],"class_list":{"0":"post-189221","1":"product","2":"type-product","3":"status-publish","4":"has-post-thumbnail","6":"product_cat-creation-de-bijoux","7":"product_cat-etudier-a-letranger-a-florence","8":"desktop-align-left","9":"tablet-align-left","10":"mobile-align-left","11":"ast-product-gallery-layout-horizontal-slider","12":"ast-product-single-variable","13":"ast-product-tabs-layout-horizontal","14":"ast-qv-on-image-click","16":"first","17":"instock","18":"sold-individually","19":"shipping-taxable","20":"purchasable","21":"product-type-variable"},"acf":[],"taxonomy_info":{"product_cat":[{"value":1351,"label":"Cr\u00e9ation de bijoux"},{"value":1276,"label":"Cursos en Florencia"}]},"featured_image_src_large":["https:\/\/www.studiainitalia.com\/wp-content\/uploads\/2017\/12\/advanced_artisan_jewellery_course_in_florence.jpg",432,432,false],"author_info":[],"comment_info":1,"uagb_featured_image_src":{"full":["https:\/\/www.studiainitalia.com\/wp-content\/uploads\/2017\/12\/advanced_artisan_jewellery_course_in_florence.jpg",432,432,false],"thumbnail":["https:\/\/www.studiainitalia.com\/wp-content\/uploads\/2017\/12\/advanced_artisan_jewellery_course_in_florence-150x150.jpg",96,96,true],"medium":["https:\/\/www.studiainitalia.com\/wp-content\/uploads\/2017\/12\/advanced_artisan_jewellery_course_in_florence-300x300.jpg",300,300,true],"medium_large":["https:\/\/www.studiainitalia.com\/wp-content\/uploads\/2017\/12\/advanced_artisan_jewellery_course_in_florence.jpg",432,432,false],"large":["https:\/\/www.studiainitalia.com\/wp-content\/uploads\/2017\/12\/advanced_artisan_jewellery_course_in_florence.jpg",432,432,false],"1536x1536":["https:\/\/www.studiainitalia.com\/wp-content\/uploads\/2017\/12\/advanced_artisan_jewellery_course_in_florence.jpg",432,432,false],"2048x2048":["https:\/\/www.studiainitalia.com\/wp-content\/uploads\/2017\/12\/advanced_artisan_jewellery_course_in_florence.jpg",432,432,false],"ultp_layout_landscape_large":["https:\/\/www.studiainitalia.com\/wp-content\/uploads\/2017\/12\/advanced_artisan_jewellery_course_in_florence.jpg",432,432,false],"ultp_layout_landscape":["https:\/\/www.studiainitalia.com\/wp-content\/uploads\/2017\/12\/advanced_artisan_jewellery_course_in_florence.jpg",432,432,false],"ultp_layout_portrait":["https:\/\/www.studiainitalia.com\/wp-content\/uploads\/2017\/12\/advanced_artisan_jewellery_course_in_florence.jpg",432,432,false],"ultp_layout_square":["https:\/\/www.studiainitalia.com\/wp-content\/uploads\/2017\/12\/advanced_artisan_jewellery_course_in_florence.jpg",432,432,false],"gform-image-choice-sm":["https:\/\/www.studiainitalia.com\/wp-content\/uploads\/2017\/12\/advanced_artisan_jewellery_course_in_florence.jpg",300,300,false],"gform-image-choice-md":["https:\/\/www.studiainitalia.com\/wp-content\/uploads\/2017\/12\/advanced_artisan_jewellery_course_in_florence.jpg",400,400,false],"gform-image-choice-lg":["https:\/\/www.studiainitalia.com\/wp-content\/uploads\/2017\/12\/advanced_artisan_jewellery_course_in_florence.jpg",432,432,false],"woocommerce_thumbnail":["https:\/\/www.studiainitalia.com\/wp-content\/uploads\/2017\/12\/advanced_artisan_jewellery_course_in_florence-300x300.jpg",300,300,true],"woocommerce_single":["https:\/\/www.studiainitalia.com\/wp-content\/uploads\/2017\/12\/advanced_artisan_jewellery_course_in_florence-400x400.jpg",400,400,true],"woocommerce_gallery_thumbnail":["https:\/\/www.studiainitalia.com\/wp-content\/uploads\/2017\/12\/advanced_artisan_jewellery_course_in_florence-100x100.jpg",100,100,true],"yarpp-thumbnail":["https:\/\/www.studiainitalia.com\/wp-content\/uploads\/2017\/12\/advanced_artisan_jewellery_course_in_florence.jpg",120,120,false]},"uagb_author_info":{"display_name":"Javier Diaz","author_link":"https:\/\/www.studiainitalia.com\/fr\/author\/"},"uagb_comment_info":1,"uagb_excerpt":"Apprenez l\u2019orf\u00e8vrerie artisanale! &nbsp; Il s\u2019agit d\u2019un cours professionnel de 20\u00a0 heures par semaine qui permet d\u2019acqu\u00e9rir des connaissances approfondies sur les bijoux artisanaux en utilisant des techniques d\u2019orf\u00e8vrerie anciennes. Les cours sont disponibles toute l'ann\u00e9e et sont enti\u00e8rement adapt\u00e9s \u00e0 l'\u00e9tudiant. L'exp\u00e9rience de notre artisan en tant que professeur de deuxi\u00e8me ann\u00e9e \u00e0 l'\u00e9cole\u2026","_links":{"self":[{"href":"https:\/\/www.studiainitalia.com\/fr\/wp-json\/wp\/v2\/product\/189221","targetHints":{"allow":["GET"]}}],"collection":[{"href":"https:\/\/www.studiainitalia.com\/fr\/wp-json\/wp\/v2\/product"}],"about":[{"href":"https:\/\/www.studiainitalia.com\/fr\/wp-json\/wp\/v2\/types\/product"}],"replies":[{"embeddable":true,"href":"https:\/\/www.studiainitalia.com\/fr\/wp-json\/wp\/v2\/comments?post=189221"}],"wp:featuredmedia":[{"embeddable":true,"href":"https:\/\/www.studiainitalia.com\/fr\/wp-json\/wp\/v2\/media\/123079"}],"wp:attachment":[{"href":"https:\/\/www.studiainitalia.com\/fr\/wp-json\/wp\/v2\/media?parent=189221"}],"wp:term":[{"taxonomy":"section","embeddable":true,"href":"https:\/\/www.studiainitalia.com\/fr\/wp-json\/wp\/v2\/section?post=189221"},{"taxonomy":"product_brand","embeddable":true,"href":"https:\/\/www.studiainitalia.com\/fr\/wp-json\/wp\/v2\/product_brand?post=189221"},{"taxonomy":"product_cat","embeddable":true,"href":"https:\/\/www.studiainitalia.com\/fr\/wp-json\/wp\/v2\/product_cat?post=189221"},{"taxonomy":"product_tag","embeddable":true,"href":"https:\/\/www.studiainitalia.com\/fr\/wp-json\/wp\/v2\/product_tag?post=189221"}],"curies":[{"name":"wp","href":"https:\/\/api.w.org\/{rel}","templated":true}]}}