{"id":189226,"date":"2016-11-18T11:54:16","date_gmt":"2016-11-18T10:54:16","guid":{"rendered":"https:\/\/www.studiainitalia.com\/courses\/non%20class\u00e9\/italien-et-plongee-dans-taormina\/"},"modified":"2025-12-19T18:43:10","modified_gmt":"2025-12-19T17:43:10","slug":"italien-et-plongee-a-taormine","status":"publish","type":"product","link":"https:\/\/www.studiainitalia.com\/fr\/cours\/cours-de-sport\/italien-et-plongee-a-taormine\/","title":{"rendered":"Cours d\u2019italien et plong\u00e9e \u00e0 Taormine"},"content":{"rendered":"<h2><\/h2>\n<h2><strong>Italien et plong\u00e9e \u00e0 Taormine<\/strong><\/h2>\n<p>&nbsp;<\/p>\n<p>Notre \u00e9cole de langue italienne \u00e0 Taormina est reconnue par le minist\u00e8re italien de l\u2019\u00e9ducation. L\u2019\u00e9cole est situ\u00e9e dans une villa historique de Taormine, \u00e0 quelques m\u00e8tres seulement du Th\u00e9\u00e2tre grec.<\/p>\n<p>La villa accueille une grande vari\u00e9t\u00e9 d\u2019\u00e9v\u00e9nements culturels, tels que des pr\u00e9sentations de livres d\u2019auteurs, un cin\u00e9-forum et, en \u00e9t\u00e9, des expositions de peinture et de sculpture. Dans le jardin, les \u00e9tudiants peuvent profiter de leur temps libre sous les arbres luxuriants pour \u00e9tudier, se d\u00e9tendre et rencontrer leurs camarades de classe.<\/p>\n<p>Tous les enseignants sont dipl\u00f4m\u00e9s de l\u2019universit\u00e9 et beaucoup parlent au moins une ou deux autres langues et tous ont re\u00e7u une formation officielle pour enseigner l\u2019italien comme deuxi\u00e8me langue ou langue \u00e9trang\u00e8re.<\/p>\n<p>L\u2019\u00e9cole organise de nombreuses activit\u00e9s sociales et excursions, une invitation parfaite \u00e0 d\u00e9couvrir le mode de vie sicilien, ses coutumes, ses traditions, sa cuisine et ses vins.<\/p>\n<p>&nbsp;<\/p>\n<table id=\"tablepress-726\" class=\"tablepress tablepress-id-726\">\n<thead>\n<tr class=\"row-1 odd\">\n<th class=\"column-1\" colspan=\"6\">Dates de d\u00e9but<\/th>\n<\/tr>\n<\/thead>\n<tbody class=\"row-hover\">\n<tr class=\"row-2 even\">\n<td class=\"column-1\">Janvier<\/td>\n<td class=\"column-2\"><\/td>\n<td class=\"column-3\">Mai<\/td>\n<td class=\"column-4\">tous les lundis<\/td>\n<td class=\"column-5\">Septembre<\/td>\n<td class=\"column-6\">tous les lundis<\/td>\n<\/tr>\n<tr class=\"row-3 odd\">\n<td class=\"column-1\"><\/td>\n<td class=\"column-2\"><\/td>\n<td class=\"column-3\">Juin<\/td>\n<td class=\"column-4\">tous les lundis<\/td>\n<td class=\"column-5\">Octobre<\/td>\n<td class=\"column-6\"><\/td>\n<\/tr>\n<tr class=\"row-4 even\">\n<td class=\"column-1\"><\/td>\n<td class=\"column-2\"><\/td>\n<td class=\"column-3\">Juillet<\/td>\n<td class=\"column-4\">tous les lundis<\/td>\n<td class=\"column-5\">Novembre<\/td>\n<td class=\"column-6\"><\/td>\n<\/tr>\n<tr class=\"row-5 odd\">\n<td class=\"column-1\">Avril<\/td>\n<td class=\"column-2\"><\/td>\n<td class=\"column-3\">Ao\u00fbt<\/td>\n<td class=\"column-4\">tous les lundis<\/td>\n<td class=\"column-5\">Decembre<\/td>\n<td class=\"column-6\"><\/td>\n<\/tr>\n<tr class=\"row-6 even\">\n<td class=\"column-1\" colspan=\"6\">L&rsquo;\u00e9cole sera ferm\u00e9e les jours f\u00e9ri\u00e9s suivants: Epiphanie (06\/01), Lundi de P\u00e2ques, Jour de la Lib\u00e9ration de l&rsquo;Italie (25\/04), F\u00eate des Travailleurs (01\/05), F\u00eate de la R\u00e9publique (02\/06), Ferragosto (15 \/ 08), Tous les Saints (01\/11), Immacul\u00e9e Conception (8\/12), vacances de No\u00ebl et nouvel an.<\/td>\n<\/tr>\n<\/tbody>\n<\/table>\n<p>&nbsp;<\/p>\n<h2><\/h2>\n<h2><strong>Italien et plong\u00e9e \u00e0 Taormine<\/strong><\/h2>\n<p>&nbsp;<\/p>\n<p>Notre \u00e9cole de langue italienne \u00e0 Taormina est reconnue par le minist\u00e8re italien de l\u2019\u00e9ducation. L\u2019\u00e9cole est situ\u00e9e dans une villa historique de Taormine, \u00e0 quelques m\u00e8tres seulement du Th\u00e9\u00e2tre grec.<\/p>\n<p>La villa accueille une grande vari\u00e9t\u00e9 d\u2019\u00e9v\u00e9nements culturels, tels que des pr\u00e9sentations de livres d\u2019auteurs, un cin\u00e9-forum et, en \u00e9t\u00e9, des expositions de peinture et de sculpture. Dans le jardin, les \u00e9tudiants peuvent profiter de leur temps libre sous les arbres luxuriants pour \u00e9tudier, se d\u00e9tendre et rencontrer leurs camarades de classe.<\/p>\n<p>Tous les enseignants sont dipl\u00f4m\u00e9s de l\u2019universit\u00e9 et beaucoup parlent au moins une ou deux autres langues et tous ont re\u00e7u une formation officielle pour enseigner l\u2019italien comme deuxi\u00e8me langue ou langue \u00e9trang\u00e8re.<\/p>\n<p>L\u2019\u00e9cole organise de nombreuses activit\u00e9s sociales et excursions, une invitation parfaite \u00e0 d\u00e9couvrir le mode de vie sicilien, ses coutumes, ses traditions, sa cuisine et ses vins.<\/p>\n<p>&nbsp;<\/p>\n<p>&nbsp;<\/p>\n","protected":false},"excerpt":{"rendered":"<h2><strong>Faites de la plong\u00e9e sous-marine dans la magnifique mer de Sicile!\u00a0<\/strong><\/h2>\n<p>&nbsp;<\/p>\n<p>Les cours d\u2019italien et de plong\u00e9e \u00e0 Taormina durent 1 semaine.<\/p>\n<p>Vous pouvez choisir le cours d\u2019italien \u00e0 Taormina que vous pr\u00e9f\u00e9rez et le combiner avec l\u2019un des trois cours de plong\u00e9e que nous proposons :<\/p>\n<p>(1) Plong\u00e9e pour d\u00e9butants : un cours de plong\u00e9e th\u00e9orique et une plong\u00e9e par semaine.<\/p>\n<p>(2) Plong\u00e9e sous-marine : deux cours de plong\u00e9e th\u00e9orique et deux immersions de 40 minutes par semaine.<\/p>\n<p>(3) Certification de plong\u00e9e PADI : cinq cours de plong\u00e9e th\u00e9orique d\u2019une heure et demie et cinq immersions de 2 heures, en une semaine.<\/p>\n","protected":false},"featured_media":119418,"comment_status":"open","ping_status":"closed","template":"","meta":{"_acf_changed":false,"_uag_custom_page_level_css":"","_kad_blocks_custom_css":"","_kad_blocks_head_custom_js":"","_kad_blocks_body_custom_js":"","_kad_blocks_footer_custom_js":"","site-sidebar-layout":"default","site-content-layout":"default","ast-site-content-layout":"default","site-content-style":"default","site-sidebar-style":"default","ast-global-header-display":"","ast-banner-title-visibility":"","ast-main-header-display":"","ast-hfb-above-header-display":"","ast-hfb-below-header-display":"","ast-hfb-mobile-header-display":"","site-post-title":"","ast-breadcrumbs-content":"","ast-featured-img":"","footer-sml-layout":"","ast-disable-related-posts":"","theme-transparent-header-meta":"default","adv-header-id-meta":"","stick-header-meta":"default","header-above-stick-meta":"","header-main-stick-meta":"","header-below-stick-meta":"","astra-migrate-meta-layouts":"set","ast-page-background-enabled":"default","ast-page-background-meta":{"desktop":{"background-color":"var(--ast-global-color-4)","background-image":"","background-repeat":"repeat","background-position":"center center","background-size":"auto","background-attachment":"scroll","background-type":"","background-media":"","overlay-type":"","overlay-color":"","overlay-opacity":"","overlay-gradient":""},"tablet":{"background-color":"","background-image":"","background-repeat":"repeat","background-position":"center center","background-size":"auto","background-attachment":"scroll","background-type":"","background-media":"","overlay-type":"","overlay-color":"","overlay-opacity":"","overlay-gradient":""},"mobile":{"background-color":"","background-image":"","background-repeat":"repeat","background-position":"center center","background-size":"auto","background-attachment":"scroll","background-type":"","background-media":"","overlay-type":"","overlay-color":"","overlay-opacity":"","overlay-gradient":""}},"ast-content-background-meta":{"desktop":{"background-color":"var(--ast-global-color-5)","background-image":"","background-repeat":"repeat","background-position":"center center","background-size":"auto","background-attachment":"scroll","background-type":"","background-media":"","overlay-type":"","overlay-color":"","overlay-opacity":"","overlay-gradient":""},"tablet":{"background-color":"var(--ast-global-color-5)","background-image":"","background-repeat":"repeat","background-position":"center center","background-size":"auto","background-attachment":"scroll","background-type":"","background-media":"","overlay-type":"","overlay-color":"","overlay-opacity":"","overlay-gradient":""},"mobile":{"background-color":"var(--ast-global-color-5)","background-image":"","background-repeat":"repeat","background-position":"center center","background-size":"auto","background-attachment":"scroll","background-type":"","background-media":"","overlay-type":"","overlay-color":"","overlay-opacity":"","overlay-gradient":""}}},"section":[],"product_brand":[],"product_cat":[1293,1252],"product_tag":[],"class_list":{"0":"post-189226","1":"product","2":"type-product","3":"status-publish","4":"has-post-thumbnail","6":"product_cat-cours-a-taormina","7":"product_cat-cours-de-sport","8":"desktop-align-left","9":"tablet-align-left","10":"mobile-align-left","11":"ast-product-gallery-layout-horizontal-slider","12":"ast-product-single-variable","13":"ast-product-tabs-layout-horizontal","14":"ast-qv-on-image-click","16":"first","17":"instock","18":"sold-individually","19":"shipping-taxable","20":"purchasable","21":"product-type-variable","22":"has-default-attributes"},"acf":[],"taxonomy_info":{"product_cat":[{"value":1293,"label":"\u00c9tudier \u00e0 Taormina"},{"value":1252,"label":"Cours de sport"}]},"featured_image_src_large":["https:\/\/www.studiainitalia.com\/wp-content\/uploads\/2016\/11\/diving_in_taormina-e1490028298728.jpg",350,349,false],"author_info":[],"comment_info":0,"uagb_featured_image_src":{"full":["https:\/\/www.studiainitalia.com\/wp-content\/uploads\/2016\/11\/diving_in_taormina-e1490028298728.jpg",350,349,false],"thumbnail":["https:\/\/www.studiainitalia.com\/wp-content\/uploads\/2016\/11\/diving_in_taormina-150x150.jpg",96,96,true],"medium":["https:\/\/www.studiainitalia.com\/wp-content\/uploads\/2016\/11\/diving_in_taormina-300x300.jpg",300,300,true],"medium_large":["https:\/\/www.studiainitalia.com\/wp-content\/uploads\/2016\/11\/diving_in_taormina-e1490028298728.jpg",350,349,false],"large":["https:\/\/www.studiainitalia.com\/wp-content\/uploads\/2016\/11\/diving_in_taormina-e1490028298728.jpg",350,349,false],"1536x1536":["https:\/\/www.studiainitalia.com\/wp-content\/uploads\/2016\/11\/diving_in_taormina-e1490028298728.jpg",350,349,false],"2048x2048":["https:\/\/www.studiainitalia.com\/wp-content\/uploads\/2016\/11\/diving_in_taormina-e1490028298728.jpg",350,349,false],"ultp_layout_landscape_large":["https:\/\/www.studiainitalia.com\/wp-content\/uploads\/2016\/11\/diving_in_taormina-e1490028298728.jpg",350,349,false],"ultp_layout_landscape":["https:\/\/www.studiainitalia.com\/wp-content\/uploads\/2016\/11\/diving_in_taormina-e1490028298728.jpg",350,349,false],"ultp_layout_portrait":["https:\/\/www.studiainitalia.com\/wp-content\/uploads\/2016\/11\/diving_in_taormina-e1490028298728.jpg",350,349,false],"ultp_layout_square":["https:\/\/www.studiainitalia.com\/wp-content\/uploads\/2016\/11\/diving_in_taormina-e1490028298728.jpg",350,349,false],"gform-image-choice-sm":["https:\/\/www.studiainitalia.com\/wp-content\/uploads\/2016\/11\/diving_in_taormina-e1490028298728.jpg",300,300,false],"gform-image-choice-md":["https:\/\/www.studiainitalia.com\/wp-content\/uploads\/2016\/11\/diving_in_taormina-e1490028298728.jpg",350,349,false],"gform-image-choice-lg":["https:\/\/www.studiainitalia.com\/wp-content\/uploads\/2016\/11\/diving_in_taormina-e1490028298728.jpg",350,349,false],"woocommerce_thumbnail":["https:\/\/www.studiainitalia.com\/wp-content\/uploads\/2016\/11\/diving_in_taormina-e1490028298728-300x300.jpg",300,300,true],"woocommerce_single":["https:\/\/www.studiainitalia.com\/wp-content\/uploads\/2016\/11\/diving_in_taormina-e1490028298728.jpg",350,349,false],"woocommerce_gallery_thumbnail":["https:\/\/www.studiainitalia.com\/wp-content\/uploads\/2016\/11\/diving_in_taormina-e1490028298728-100x100.jpg",100,100,true],"yarpp-thumbnail":["https:\/\/www.studiainitalia.com\/wp-content\/uploads\/2016\/11\/diving_in_taormina-e1490028298728.jpg",120,120,false]},"uagb_author_info":{"display_name":"Javier Diaz","author_link":"https:\/\/www.studiainitalia.com\/fr\/author\/"},"uagb_comment_info":0,"uagb_excerpt":"Faites de la plong\u00e9e sous-marine dans la magnifique mer de Sicile!\u00a0 &nbsp; Les cours d\u2019italien et de plong\u00e9e \u00e0 Taormina durent 1 semaine. Vous pouvez choisir le cours d\u2019italien \u00e0 Taormina que vous pr\u00e9f\u00e9rez et le combiner avec l\u2019un des trois cours de plong\u00e9e que nous proposons : (1) Plong\u00e9e pour d\u00e9butants : un cours\u2026","_links":{"self":[{"href":"https:\/\/www.studiainitalia.com\/fr\/wp-json\/wp\/v2\/product\/189226","targetHints":{"allow":["GET"]}}],"collection":[{"href":"https:\/\/www.studiainitalia.com\/fr\/wp-json\/wp\/v2\/product"}],"about":[{"href":"https:\/\/www.studiainitalia.com\/fr\/wp-json\/wp\/v2\/types\/product"}],"replies":[{"embeddable":true,"href":"https:\/\/www.studiainitalia.com\/fr\/wp-json\/wp\/v2\/comments?post=189226"}],"wp:featuredmedia":[{"embeddable":true,"href":"https:\/\/www.studiainitalia.com\/fr\/wp-json\/wp\/v2\/media\/119418"}],"wp:attachment":[{"href":"https:\/\/www.studiainitalia.com\/fr\/wp-json\/wp\/v2\/media?parent=189226"}],"wp:term":[{"taxonomy":"section","embeddable":true,"href":"https:\/\/www.studiainitalia.com\/fr\/wp-json\/wp\/v2\/section?post=189226"},{"taxonomy":"product_brand","embeddable":true,"href":"https:\/\/www.studiainitalia.com\/fr\/wp-json\/wp\/v2\/product_brand?post=189226"},{"taxonomy":"product_cat","embeddable":true,"href":"https:\/\/www.studiainitalia.com\/fr\/wp-json\/wp\/v2\/product_cat?post=189226"},{"taxonomy":"product_tag","embeddable":true,"href":"https:\/\/www.studiainitalia.com\/fr\/wp-json\/wp\/v2\/product_tag?post=189226"}],"curies":[{"name":"wp","href":"https:\/\/api.w.org\/{rel}","templated":true}]}}