{"id":189255,"date":"2017-12-31T16:59:28","date_gmt":"2017-12-31T15:59:28","guid":{"rendered":"https:\/\/www.studiainitalia.com\/courses\/non%20class\u00e9\/filigrane-course-en-florence\/"},"modified":"2026-05-10T13:50:28","modified_gmt":"2026-05-10T11:50:28","slug":"cours-de-filigrane-a-florence","status":"publish","type":"product","link":"https:\/\/www.studiainitalia.com\/fr\/cours\/etudier-a-letranger-a-florence\/cours-de-filigrane-a-florence\/","title":{"rendered":"Cours de Filigrane \u00e0 Florence"},"content":{"rendered":"<h2><strong>Cours de Filigrane<\/strong><\/h2>\n<p>&nbsp;<\/p>\n<p>Notre ma\u00eetre artisan utilise des techniques d\u2019orf\u00e8vrerie anciennes et historiques. Les \u00e9tudiants sont les bienvenus dans son merveilleux espace d\u2019exposition\/travail, contemporain et nouveau. I<span class=\"VIiyi\" lang=\"fr\"><span class=\"JLqJ4b ChMk0b\" data-language-for-alternatives=\"fr\" data-language-to-translate-into=\"it\" data-phrase-index=\"0\">ci vous pouvez apprendre\u00a0<\/span><\/span>les anciennes techniques de l\u2019orf\u00e8vrerie.<\/p>\n<p>Les cours pour d\u00e9butants durent 2 semaines (20 heures par semaine).<\/p>\n<p>Les cours commencent tous les lundis (sauf en ao\u00fbt) et le mat\u00e9riel est inclus.<\/p>\n<p>Le programme comprend, entre autres, les sections suivantes :<\/p>\n<p>\u2022 Introduction aux outils et mat\u00e9riaux anciens<\/p>\n<p>\u2022 Techniques de soudage \u00e0 la flamme de gaz et \u00e0 la microflamme (pour les d\u00e9butants)<\/p>\n<p>\u2022 R\u00e9alisation de fils torsad\u00e9s et autres fils sp\u00e9ciaux<\/p>\n<p>\u2022 Assemblage d\u2019\u00e9l\u00e9ments en filigrane<\/p>\n<p>\u2022 Mod\u00e9lisation en filigrane<\/p>\n<p>Pendant les cours, les \u00e9tudiants auront l\u2019occasion de vivre et d\u2019apprendre cette approche unique de la joaillerie.<\/p>\n<p>Il s\u2019agit d\u2019un cours individuel, o\u00f9 l\u2019artisan travaille avec un \u00e9tudiant \u00e0 la fois afin de se concentrer enti\u00e8rement sur son d\u00e9veloppement et son apprentissage individuel.<\/p>\n<p>Ce cours peut \u00eatre dispens\u00e9 en italien ou en anglais.<\/p>\n<p>&nbsp;<\/p>\n<p>&nbsp;<\/p>\n<div class=\"perfmatters-lazy-youtube\" data-src=\"https:\/\/www.youtube.com\/embed\/ELqKfrWQG3Y\" data-id=\"ELqKfrWQG3Y\" data-query=\"\">\n<div>\n<p><img loading=\"lazy\" decoding=\"async\" class=\"perfmatters-lazy entered pmloaded\" src=\"https:\/\/i.ytimg.com\/vi\/ELqKfrWQG3Y\/hqdefault.jpg\" alt=\"YouTube video\" width=\"480\" height=\"360\" data-pin-nopin=\"true\" data-src=\"https:\/\/i.ytimg.com\/vi\/ELqKfrWQG3Y\/hqdefault.jpg\" data-ll-status=\"loaded\" data- title=\"\"><\/p>\n<div class=\"play\"><\/div>\n<\/div>\n<\/div>\n<p>&nbsp;<\/p>\n<p>&nbsp;<\/p>\n<p>&nbsp;<\/p>\n<div class=\"aiosrs-rating-wrap\" data-schema-id=\"90691\">\n<div class=\"aiosrs-star-rating-wrap \">\n<table id=\"tablepress-714\" class=\"tablepress tablepress-id-714 tbody-has-connected-cells\">\n<thead>\n<tr class=\"row-1\">\n\t<th colspan=\"6\" class=\"column-1\">Dates de d\u00e9but <\/th>\n<\/tr>\n<\/thead>\n<tbody class=\"row-striping row-hover\">\n<tr class=\"row-2\">\n\t<td class=\"column-1\">Janvier<\/td><td class=\"column-2\">sur demande<\/td><td class=\"column-3\">Mai<\/td><td class=\"column-4\">sur demande<\/td><td class=\"column-5\">Septembre<\/td><td class=\"column-6\">sur demande<\/td>\n<\/tr>\n<tr class=\"row-3\">\n\t<td class=\"column-1\">F\u00e9vrier<\/td><td class=\"column-2\">sur demande<\/td><td class=\"column-3\">Juin<\/td><td class=\"column-4\">sur demande<\/td><td class=\"column-5\">Octobre<\/td><td class=\"column-6\">sur demande<\/td>\n<\/tr>\n<tr class=\"row-4\">\n\t<td class=\"column-1\">Mars<\/td><td class=\"column-2\">sur demande<\/td><td class=\"column-3\">Juillet<\/td><td class=\"column-4\">sur demande<\/td><td class=\"column-5\">Novembre<\/td><td class=\"column-6\">sur demande<\/td>\n<\/tr>\n<tr class=\"row-5\">\n\t<td class=\"column-1\">Avril<\/td><td class=\"column-2\">sur demande<\/td><td class=\"column-3\">Ao\u00fbt<\/td><td class=\"column-4\">sur demande<\/td><td class=\"column-5\">Decembre<\/td><td class=\"column-6\">sur demande<\/td>\n<\/tr>\n<tr class=\"row-6\">\n\t<td colspan=\"6\" class=\"column-1\">L'\u00e9cole sera ferm\u00e9e les jours f\u00e9ri\u00e9s suivants: Epiphanie (06\/01), Lundi de P\u00e2ques, Jour de la Lib\u00e9ration de l'Italie (25\/04), F\u00eate des Travailleurs (01\/05), F\u00eate de la R\u00e9publique (02\/06), Ferragosto (15 \/ 08), Tous les Saints (01\/11), Immacul\u00e9e Conception (8\/12), vacances de No\u00ebl et nouvel an.<\/td>\n<\/tr>\n<\/tbody>\n<\/table>\n<!-- #tablepress-714 from cache --><\/div>\n<div class=\"aiosrs-rating-summary-wrap\"><\/div>\n<\/div>\n","protected":false},"excerpt":{"rendered":"<h2><strong><span class=\"VIiyi\" lang=\"fr\"><span class=\"JLqJ4b ChMk0b C1N51c\" data-language-for-alternatives=\"fr\" data-language-to-translate-into=\"en\" data-phrase-index=\"0\">Apprenez<\/span><\/span>\u00a0<span class=\"VIiyi\" lang=\"fr\"><span class=\"JLqJ4b ChMk0b\" data-language-for-alternatives=\"fr\" data-language-to-translate-into=\"en\" data-phrase-index=\"0\">le filigrane italien<\/span><\/span>!<\/strong><\/h2>\n<p>&nbsp;<\/p>\n<p>Il s\u2019agit d\u2019un cours professionnel qui souhaite apprendre \u00e0 cr\u00e9er des filigranes en utilisant les techniques anciennes de l\u2019artisan et enti\u00e8rement \u00e0 la main.<\/p>\n<p>Une occasion unique pour d\u00e9couvrir ces anciennes techniques de joaillerie.<\/p>\n<p>Chaque \u00e9l\u00e9ment filigran\u00e9 est soud\u00e9 aux autres \u00e0 la main sur leurs points de contact, ce qui permet d\u2019obtenir une forme tr\u00e8s d\u00e9licate, unique et organique.<\/p>\n<p>V<span class=\"VIiyi\" lang=\"fr\"><span class=\"JLqJ4b ChMk0b\" data-language-for-alternatives=\"fr\" data-language-to-translate-into=\"it\" data-phrase-index=\"0\">ous serez suivi personnellement<\/span><\/span>\u00a0par le ma\u00eetre-artisan.<\/p>\n<p>Vous\u00a0<span class=\"VIiyi\" lang=\"fr\"><span class=\"JLqJ4b ChMk0b C1N51c\" data-language-for-alternatives=\"fr\" data-language-to-translate-into=\"it\" data-phrase-index=\"0\">acquerrez\u00a0<\/span><\/span>des comp\u00e9tences gr\u00e2ce \u00e0 la cr\u00e9ation d\u2019un \u00e9l\u00e9ment filigran\u00e9, r\u00e9alis\u00e9 en argent et enti\u00e8rement \u00e0 la main.<\/p>\n<p>&nbsp;<\/p>\n","protected":false},"featured_media":123097,"comment_status":"open","ping_status":"closed","template":"","meta":{"_acf_changed":false,"_uag_custom_page_level_css":"","_kad_blocks_custom_css":"","_kad_blocks_head_custom_js":"","_kad_blocks_body_custom_js":"","_kad_blocks_footer_custom_js":"","site-sidebar-layout":"default","site-content-layout":"default","ast-site-content-layout":"default","site-content-style":"default","site-sidebar-style":"default","ast-global-header-display":"","ast-banner-title-visibility":"","ast-main-header-display":"","ast-hfb-above-header-display":"","ast-hfb-below-header-display":"","ast-hfb-mobile-header-display":"","site-post-title":"","ast-breadcrumbs-content":"","ast-featured-img":"","footer-sml-layout":"","ast-disable-related-posts":"","theme-transparent-header-meta":"default","adv-header-id-meta":"","stick-header-meta":"default","header-above-stick-meta":"","header-main-stick-meta":"","header-below-stick-meta":"","astra-migrate-meta-layouts":"set","ast-page-background-enabled":"default","ast-page-background-meta":{"desktop":{"background-color":"var(--ast-global-color-4)","background-image":"","background-repeat":"repeat","background-position":"center center","background-size":"auto","background-attachment":"scroll","background-type":"","background-media":"","overlay-type":"","overlay-color":"","overlay-opacity":"","overlay-gradient":""},"tablet":{"background-color":"","background-image":"","background-repeat":"repeat","background-position":"center center","background-size":"auto","background-attachment":"scroll","background-type":"","background-media":"","overlay-type":"","overlay-color":"","overlay-opacity":"","overlay-gradient":""},"mobile":{"background-color":"","background-image":"","background-repeat":"repeat","background-position":"center center","background-size":"auto","background-attachment":"scroll","background-type":"","background-media":"","overlay-type":"","overlay-color":"","overlay-opacity":"","overlay-gradient":""}},"ast-content-background-meta":{"desktop":{"background-color":"var(--ast-global-color-5)","background-image":"","background-repeat":"repeat","background-position":"center center","background-size":"auto","background-attachment":"scroll","background-type":"","background-media":"","overlay-type":"","overlay-color":"","overlay-opacity":"","overlay-gradient":""},"tablet":{"background-color":"var(--ast-global-color-5)","background-image":"","background-repeat":"repeat","background-position":"center center","background-size":"auto","background-attachment":"scroll","background-type":"","background-media":"","overlay-type":"","overlay-color":"","overlay-opacity":"","overlay-gradient":""},"mobile":{"background-color":"var(--ast-global-color-5)","background-image":"","background-repeat":"repeat","background-position":"center center","background-size":"auto","background-attachment":"scroll","background-type":"","background-media":"","overlay-type":"","overlay-color":"","overlay-opacity":"","overlay-gradient":""}}},"section":[],"product_brand":[],"product_cat":[1351,1276],"product_tag":[],"class_list":{"0":"post-189255","1":"product","2":"type-product","3":"status-publish","4":"has-post-thumbnail","6":"product_cat-creation-de-bijoux","7":"product_cat-etudier-a-letranger-a-florence","8":"desktop-align-left","9":"tablet-align-left","10":"mobile-align-left","11":"ast-product-gallery-layout-horizontal-slider","12":"ast-product-gallery-with-no-image","13":"ast-product-single-variable","14":"ast-product-tabs-layout-horizontal","15":"ast-qv-on-image-click","17":"first","18":"instock","19":"sold-individually","20":"shipping-taxable","21":"purchasable","22":"product-type-variable"},"acf":[],"taxonomy_info":{"product_cat":[{"value":1351,"label":"Cr\u00e9ation de bijoux"},{"value":1276,"label":"Cursos en Florencia"}]},"featured_image_src_large":["https:\/\/www.studiainitalia.com\/wp-content\/uploads\/2017\/12\/filigree_course_in_florence.jpg",432,432,false],"author_info":[],"comment_info":0,"uagb_featured_image_src":{"full":["https:\/\/www.studiainitalia.com\/wp-content\/uploads\/2017\/12\/filigree_course_in_florence.jpg",432,432,false],"thumbnail":["https:\/\/www.studiainitalia.com\/wp-content\/uploads\/2017\/12\/filigree_course_in_florence-150x150.jpg",96,96,true],"medium":["https:\/\/www.studiainitalia.com\/wp-content\/uploads\/2017\/12\/filigree_course_in_florence-300x300.jpg",300,300,true],"medium_large":["https:\/\/www.studiainitalia.com\/wp-content\/uploads\/2017\/12\/filigree_course_in_florence.jpg",432,432,false],"large":["https:\/\/www.studiainitalia.com\/wp-content\/uploads\/2017\/12\/filigree_course_in_florence.jpg",432,432,false],"1536x1536":["https:\/\/www.studiainitalia.com\/wp-content\/uploads\/2017\/12\/filigree_course_in_florence.jpg",432,432,false],"2048x2048":["https:\/\/www.studiainitalia.com\/wp-content\/uploads\/2017\/12\/filigree_course_in_florence.jpg",432,432,false],"ultp_layout_landscape_large":["https:\/\/www.studiainitalia.com\/wp-content\/uploads\/2017\/12\/filigree_course_in_florence.jpg",432,432,false],"ultp_layout_landscape":["https:\/\/www.studiainitalia.com\/wp-content\/uploads\/2017\/12\/filigree_course_in_florence.jpg",432,432,false],"ultp_layout_portrait":["https:\/\/www.studiainitalia.com\/wp-content\/uploads\/2017\/12\/filigree_course_in_florence.jpg",432,432,false],"ultp_layout_square":["https:\/\/www.studiainitalia.com\/wp-content\/uploads\/2017\/12\/filigree_course_in_florence.jpg",432,432,false],"grid-thumb":["https:\/\/www.studiainitalia.com\/wp-content\/uploads\/2017\/12\/filigree_course_in_florence.jpg",150,150,false],"gform-image-choice-sm":["https:\/\/www.studiainitalia.com\/wp-content\/uploads\/2017\/12\/filigree_course_in_florence.jpg",300,300,false],"gform-image-choice-md":["https:\/\/www.studiainitalia.com\/wp-content\/uploads\/2017\/12\/filigree_course_in_florence.jpg",400,400,false],"gform-image-choice-lg":["https:\/\/www.studiainitalia.com\/wp-content\/uploads\/2017\/12\/filigree_course_in_florence.jpg",432,432,false],"woocommerce_thumbnail":["https:\/\/www.studiainitalia.com\/wp-content\/uploads\/2017\/12\/filigree_course_in_florence-300x300.jpg",300,300,true],"woocommerce_single":["https:\/\/www.studiainitalia.com\/wp-content\/uploads\/2017\/12\/filigree_course_in_florence-400x400.jpg",400,400,true],"woocommerce_gallery_thumbnail":["https:\/\/www.studiainitalia.com\/wp-content\/uploads\/2017\/12\/filigree_course_in_florence-100x100.jpg",100,100,true],"yarpp-thumbnail":["https:\/\/www.studiainitalia.com\/wp-content\/uploads\/2017\/12\/filigree_course_in_florence.jpg",120,120,false]},"uagb_author_info":{"display_name":"Javier Diaz","author_link":"https:\/\/www.studiainitalia.com\/fr\/author\/"},"uagb_comment_info":0,"uagb_excerpt":"Apprenez\u00a0le filigrane italien! &nbsp; Il s\u2019agit d\u2019un cours professionnel qui souhaite apprendre \u00e0 cr\u00e9er des filigranes en utilisant les techniques anciennes de l\u2019artisan et enti\u00e8rement \u00e0 la main. Une occasion unique pour d\u00e9couvrir ces anciennes techniques de joaillerie. Chaque \u00e9l\u00e9ment filigran\u00e9 est soud\u00e9 aux autres \u00e0 la main sur leurs points de contact, ce qui\u2026","_links":{"self":[{"href":"https:\/\/www.studiainitalia.com\/fr\/wp-json\/wp\/v2\/product\/189255","targetHints":{"allow":["GET"]}}],"collection":[{"href":"https:\/\/www.studiainitalia.com\/fr\/wp-json\/wp\/v2\/product"}],"about":[{"href":"https:\/\/www.studiainitalia.com\/fr\/wp-json\/wp\/v2\/types\/product"}],"replies":[{"embeddable":true,"href":"https:\/\/www.studiainitalia.com\/fr\/wp-json\/wp\/v2\/comments?post=189255"}],"wp:featuredmedia":[{"embeddable":true,"href":"https:\/\/www.studiainitalia.com\/fr\/wp-json\/wp\/v2\/media\/123097"}],"wp:attachment":[{"href":"https:\/\/www.studiainitalia.com\/fr\/wp-json\/wp\/v2\/media?parent=189255"}],"wp:term":[{"taxonomy":"section","embeddable":true,"href":"https:\/\/www.studiainitalia.com\/fr\/wp-json\/wp\/v2\/section?post=189255"},{"taxonomy":"product_brand","embeddable":true,"href":"https:\/\/www.studiainitalia.com\/fr\/wp-json\/wp\/v2\/product_brand?post=189255"},{"taxonomy":"product_cat","embeddable":true,"href":"https:\/\/www.studiainitalia.com\/fr\/wp-json\/wp\/v2\/product_cat?post=189255"},{"taxonomy":"product_tag","embeddable":true,"href":"https:\/\/www.studiainitalia.com\/fr\/wp-json\/wp\/v2\/product_tag?post=189255"}],"curies":[{"name":"wp","href":"https:\/\/api.w.org\/{rel}","templated":true}]}}