{"id":189261,"date":"2019-01-26T11:12:50","date_gmt":"2019-01-26T10:12:50","guid":{"rendered":"https:\/\/www.studiainitalia.com\/courses\/non%20class\u00e9\/cours-de-qualification-de-coiffeur-international-a-florence\/"},"modified":"2026-03-21T15:25:45","modified_gmt":"2026-03-21T14:25:45","slug":"cours-de-certification-internationale-en-coiffure","status":"publish","type":"product","link":"https:\/\/www.studiainitalia.com\/fr\/cours\/cours-de-mode\/coiffure\/cours-de-certification-internationale-en-coiffure\/","title":{"rendered":"Cours de certification internationale en coiffure"},"content":{"rendered":"<h2>Cours de certification internationale en coiffure<\/h2>\n<p>&nbsp;<\/p>\n<p>Fond\u00e9e en 1981 par Maurizio Polverini, Polverini Hair Academy est aujourd\u2019hui fi\u00e8re de poss\u00e9der la technologie de formation la plus avanc\u00e9e dans le domaine de la coiffure. Le \u201cGradual Advancement Program\u201d, une m\u00e9thode d\u2019enseignement exclusive qui permet au formateur de suivre chaque \u00e9tudiant individuellement.<\/p>\n<p>Cela garantit des r\u00e9sultats de haut niveau en termes de r\u00e9ussite, faisant ainsi parler de nous dans le monde entier de la coiffure.<\/p>\n<p>Depuis 2018, Polverini Hair Academia ouvre sa nouvelle Master Academy dans un b\u00e2timent prestigieux, \u00e0 seulement 15 minutes du centre ville de Florence. 350 m\u00e8tres carr\u00e9s exclusivement consacr\u00e9s \u00e0 l\u2019acad\u00e9mie, dans un cadre moderne et raffin\u00e9, enti\u00e8rement \u00e9quip\u00e9 pour r\u00e9pondre aux besoins de chaque \u00e9tudiant participant au cours de certification internationale en coiffure.<\/p>\n<p>&nbsp;<\/p>\n<div class=\"one_half et_column_last\"><\/div>\n<div class=\"clear\"><\/div>\n<div class=\"one_half\">\n<div class=\"perfmatters-lazy-youtube\" data-src=\"https:\/\/www.youtube.com\/embed\/nIo23vxr7AE\" data-id=\"nIo23vxr7AE\" data-query=\"\">\n<div>\n<p><img decoding=\"async\" class=\"perfmatters-lazy entered pmloaded\" src=\"https:\/\/i.ytimg.com\/vi\/nIo23vxr7AE\/hqdefault.jpg\" alt=\"YouTube video\" width=\"480\" height=\"360\" data-pin-nopin=\"true\" data-src=\"https:\/\/i.ytimg.com\/vi\/nIo23vxr7AE\/hqdefault.jpg\" data-ll-status=\"loaded\" data- title=\"\"><\/p>\n<div class=\"play\"><\/div>\n<\/div>\n<\/div>\n<\/div>\n<div class=\"one_half et_column_last\"><\/div>\n<div class=\"clear\"><\/div>\n<p>&nbsp;<\/p>\n<table id=\"tablepress-715\" class=\"tablepress tablepress-id-715\">\n<thead>\n<tr class=\"row-1 odd\">\n<th class=\"column-1\" colspan=\"6\">Dates de d\u00e9but<\/th>\n<\/tr>\n<\/thead>\n<tbody class=\"row-hover\">\n<tr class=\"row-2 even\">\n<td class=\"column-1\">Janvier<\/td>\n<td class=\"column-2\">sur demande<\/td>\n<td class=\"column-3\">Mai<\/td>\n<td class=\"column-4\">sur demande<\/td>\n<td class=\"column-5\">Septembre<\/td>\n<td class=\"column-6\">sur demande<\/td>\n<\/tr>\n<tr class=\"row-3 odd\">\n<td class=\"column-1\">F\u00e9vrier<\/td>\n<td class=\"column-2\">sur demande<\/td>\n<td class=\"column-3\">Juin<\/td>\n<td class=\"column-4\">sur demande<\/td>\n<td class=\"column-5\">Octobre<\/td>\n<td class=\"column-6\">sur demande<\/td>\n<\/tr>\n<tr class=\"row-4 even\">\n<td class=\"column-1\">Mars<\/td>\n<td class=\"column-2\">sur demande<\/td>\n<td class=\"column-3\">Juillet<\/td>\n<td class=\"column-4\">sur demande<\/td>\n<td class=\"column-5\">Novembre<\/td>\n<td class=\"column-6\">sur demande<\/td>\n<\/tr>\n<tr class=\"row-5 odd\">\n<td class=\"column-1\">Avril<\/td>\n<td class=\"column-2\">sur demande<\/td>\n<td class=\"column-3\">Ao\u00fbt<\/td>\n<td class=\"column-4\"><\/td>\n<td class=\"column-5\">Decembre<\/td>\n<td class=\"column-6\">sur demande<\/td>\n<\/tr>\n<tr class=\"row-6 even\">\n<td class=\"column-1\" colspan=\"6\">L&rsquo;\u00e9cole sera ferm\u00e9e les jours f\u00e9ri\u00e9s suivants: Epiphanie (06\/01), Lundi de P\u00e2ques, Jour de la Lib\u00e9ration de l&rsquo;Italie (25\/04), F\u00eate des Travailleurs (01\/05), F\u00eate de la R\u00e9publique (02\/06), Ferragosto (15 \/ 08), Tous les Saints (01\/11), Immacul\u00e9e Conception (8\/12), vacances de No\u00ebl et nouvel an.<\/td>\n<\/tr>\n<\/tbody>\n<\/table>\n<div class=\"aiosrs-rating-wrap\" data-schema-id=\"90691\">\n<div class=\"aiosrs-star-rating-wrap \"><\/div>\n<div class=\"aiosrs-rating-summary-wrap\"><\/div>\n<\/div>\n<p>&nbsp;<\/p>\n","protected":false},"excerpt":{"rendered":"<p>Le cours de qualification internationale de coiffure, certifi\u00e9 par ITEC et VTCT, est d\u00e9di\u00e9 aux \u00e9tudiants qui souhaitent devenir de v\u00e9ritables professionnels de ce secteur, qui ont de grandes ambitions et un seul objectif : devenir des stylistes de succ\u00e8s.<\/p>\n<p>Le programme est con\u00e7u pour offrir une formation compl\u00e8te, alternant \u00e9tudes th\u00e9oriques et s\u00e9ances pratiques \u00e0 travers un parcours d\u2019apprentissage \u00e9tape par \u00e9tape, qui permet \u00e0 l\u2019\u00e9tudiant d\u2019approfondir et de comprendre les informations acquises pour les reproduire en classe avec des r\u00e9sultats optimaux.<\/p>\n<p>Avec cette certification, l\u2019\u00e9tudiant sera initi\u00e9 au monde des meilleurs salons de beaut\u00e9.<\/p>\n<p>Notre m\u00e9thode d\u2019enseignement nous permet de suivre chaque \u00e9tudiant de mani\u00e8re personnalis\u00e9e, ce qui garantit, tant pour nous que pour nos \u00e9tudiants, l\u2019obtention de r\u00e9sultats de haute qualit\u00e9.<\/p>\n<p>Ce cours dure 12 mois (8 heures par jour, du lundi au vendredi) et peut \u00eatre commenc\u00e9 tous les lundis.<\/p>\n<p>Les outils professionnels, les T-shirts (2) et sac avec la marque Academia Hair by Polverini sont inclus. Le mannequin de t\u00eate n\u2019est pas inclus (il peut \u00eatre achet\u00e9 \u00e0 l\u2019\u00e9cole au prix sp\u00e9cial de 45 \u20ac).<\/p>\n","protected":false},"featured_media":124150,"comment_status":"open","ping_status":"closed","template":"","meta":{"_acf_changed":false,"_uag_custom_page_level_css":"","_kad_blocks_custom_css":"","_kad_blocks_head_custom_js":"","_kad_blocks_body_custom_js":"","_kad_blocks_footer_custom_js":"","site-sidebar-layout":"default","site-content-layout":"default","ast-site-content-layout":"default","site-content-style":"default","site-sidebar-style":"default","ast-global-header-display":"","ast-banner-title-visibility":"","ast-main-header-display":"","ast-hfb-above-header-display":"","ast-hfb-below-header-display":"","ast-hfb-mobile-header-display":"","site-post-title":"","ast-breadcrumbs-content":"","ast-featured-img":"","footer-sml-layout":"","ast-disable-related-posts":"","theme-transparent-header-meta":"default","adv-header-id-meta":"","stick-header-meta":"default","header-above-stick-meta":"","header-main-stick-meta":"","header-below-stick-meta":"","astra-migrate-meta-layouts":"set","ast-page-background-enabled":"default","ast-page-background-meta":{"desktop":{"background-color":"var(--ast-global-color-4)","background-image":"","background-repeat":"repeat","background-position":"center center","background-size":"auto","background-attachment":"scroll","background-type":"","background-media":"","overlay-type":"","overlay-color":"","overlay-opacity":"","overlay-gradient":""},"tablet":{"background-color":"","background-image":"","background-repeat":"repeat","background-position":"center center","background-size":"auto","background-attachment":"scroll","background-type":"","background-media":"","overlay-type":"","overlay-color":"","overlay-opacity":"","overlay-gradient":""},"mobile":{"background-color":"","background-image":"","background-repeat":"repeat","background-position":"center center","background-size":"auto","background-attachment":"scroll","background-type":"","background-media":"","overlay-type":"","overlay-color":"","overlay-opacity":"","overlay-gradient":""}},"ast-content-background-meta":{"desktop":{"background-color":"var(--ast-global-color-5)","background-image":"","background-repeat":"repeat","background-position":"center center","background-size":"auto","background-attachment":"scroll","background-type":"","background-media":"","overlay-type":"","overlay-color":"","overlay-opacity":"","overlay-gradient":""},"tablet":{"background-color":"var(--ast-global-color-5)","background-image":"","background-repeat":"repeat","background-position":"center center","background-size":"auto","background-attachment":"scroll","background-type":"","background-media":"","overlay-type":"","overlay-color":"","overlay-opacity":"","overlay-gradient":""},"mobile":{"background-color":"var(--ast-global-color-5)","background-image":"","background-repeat":"repeat","background-position":"center center","background-size":"auto","background-attachment":"scroll","background-type":"","background-media":"","overlay-type":"","overlay-color":"","overlay-opacity":"","overlay-gradient":""}}},"section":[],"product_brand":[],"product_cat":[1362,1355,1276],"product_tag":[1893],"class_list":{"0":"post-189261","1":"product","2":"type-product","3":"status-publish","4":"has-post-thumbnail","6":"product_cat-coiffure","7":"product_cat-cours-de-mode","8":"product_cat-etudier-a-letranger-a-florence","9":"product_tag-cours-de-moda-fr","10":"desktop-align-left","11":"tablet-align-left","12":"mobile-align-left","13":"ast-product-gallery-layout-horizontal-slider","14":"ast-product-gallery-with-no-image","15":"ast-product-single-variable","16":"ast-product-tabs-layout-horizontal","17":"ast-qv-on-image-click","19":"first","20":"instock","21":"sold-individually","22":"shipping-taxable","23":"purchasable","24":"product-type-variable","25":"has-default-attributes"},"acf":[],"taxonomy_info":{"product_cat":[{"value":1362,"label":"Coiffure"},{"value":1355,"label":"Cours de mode"},{"value":1276,"label":"Cursos en Florencia"}],"product_tag":[{"value":1893,"label":"Cours de Moda"}]},"featured_image_src_large":["https:\/\/www.studiainitalia.com\/wp-content\/uploads\/2019\/01\/international-hairdressing-qualification-course-in-florence-italy.jpg",459,459,false],"author_info":[],"comment_info":0,"uagb_featured_image_src":{"full":["https:\/\/www.studiainitalia.com\/wp-content\/uploads\/2019\/01\/international-hairdressing-qualification-course-in-florence-italy.jpg",459,459,false],"thumbnail":["https:\/\/www.studiainitalia.com\/wp-content\/uploads\/2019\/01\/international-hairdressing-qualification-course-in-florence-italy-150x150.jpg",96,96,true],"medium":["https:\/\/www.studiainitalia.com\/wp-content\/uploads\/2019\/01\/international-hairdressing-qualification-course-in-florence-italy-300x300.jpg",300,300,true],"medium_large":["https:\/\/www.studiainitalia.com\/wp-content\/uploads\/2019\/01\/international-hairdressing-qualification-course-in-florence-italy.jpg",459,459,false],"large":["https:\/\/www.studiainitalia.com\/wp-content\/uploads\/2019\/01\/international-hairdressing-qualification-course-in-florence-italy.jpg",459,459,false],"1536x1536":["https:\/\/www.studiainitalia.com\/wp-content\/uploads\/2019\/01\/international-hairdressing-qualification-course-in-florence-italy.jpg",459,459,false],"2048x2048":["https:\/\/www.studiainitalia.com\/wp-content\/uploads\/2019\/01\/international-hairdressing-qualification-course-in-florence-italy.jpg",459,459,false],"ultp_layout_landscape_large":["https:\/\/www.studiainitalia.com\/wp-content\/uploads\/2019\/01\/international-hairdressing-qualification-course-in-florence-italy.jpg",459,459,false],"ultp_layout_landscape":["https:\/\/www.studiainitalia.com\/wp-content\/uploads\/2019\/01\/international-hairdressing-qualification-course-in-florence-italy.jpg",459,459,false],"ultp_layout_portrait":["https:\/\/www.studiainitalia.com\/wp-content\/uploads\/2019\/01\/international-hairdressing-qualification-course-in-florence-italy.jpg",459,459,false],"ultp_layout_square":["https:\/\/www.studiainitalia.com\/wp-content\/uploads\/2019\/01\/international-hairdressing-qualification-course-in-florence-italy.jpg",459,459,false],"gform-image-choice-sm":["https:\/\/www.studiainitalia.com\/wp-content\/uploads\/2019\/01\/international-hairdressing-qualification-course-in-florence-italy.jpg",300,300,false],"gform-image-choice-md":["https:\/\/www.studiainitalia.com\/wp-content\/uploads\/2019\/01\/international-hairdressing-qualification-course-in-florence-italy.jpg",400,400,false],"gform-image-choice-lg":["https:\/\/www.studiainitalia.com\/wp-content\/uploads\/2019\/01\/international-hairdressing-qualification-course-in-florence-italy.jpg",459,459,false],"woocommerce_thumbnail":["https:\/\/www.studiainitalia.com\/wp-content\/uploads\/2019\/01\/international-hairdressing-qualification-course-in-florence-italy-300x300.jpg",300,300,true],"woocommerce_single":["https:\/\/www.studiainitalia.com\/wp-content\/uploads\/2019\/01\/international-hairdressing-qualification-course-in-florence-italy-400x400.jpg",400,400,true],"woocommerce_gallery_thumbnail":["https:\/\/www.studiainitalia.com\/wp-content\/uploads\/2019\/01\/international-hairdressing-qualification-course-in-florence-italy-100x100.jpg",100,100,true],"yarpp-thumbnail":["https:\/\/www.studiainitalia.com\/wp-content\/uploads\/2019\/01\/international-hairdressing-qualification-course-in-florence-italy.jpg",120,120,false]},"uagb_author_info":{"display_name":"Javier Diaz","author_link":"https:\/\/www.studiainitalia.com\/fr\/author\/"},"uagb_comment_info":0,"uagb_excerpt":"Le cours de qualification internationale de coiffure, certifi\u00e9 par ITEC et VTCT, est d\u00e9di\u00e9 aux \u00e9tudiants qui souhaitent devenir de v\u00e9ritables professionnels de ce secteur, qui ont de grandes ambitions et un seul objectif : devenir des stylistes de succ\u00e8s. Le programme est con\u00e7u pour offrir une formation compl\u00e8te, alternant \u00e9tudes th\u00e9oriques et s\u00e9ances pratiques\u2026","_links":{"self":[{"href":"https:\/\/www.studiainitalia.com\/fr\/wp-json\/wp\/v2\/product\/189261","targetHints":{"allow":["GET"]}}],"collection":[{"href":"https:\/\/www.studiainitalia.com\/fr\/wp-json\/wp\/v2\/product"}],"about":[{"href":"https:\/\/www.studiainitalia.com\/fr\/wp-json\/wp\/v2\/types\/product"}],"replies":[{"embeddable":true,"href":"https:\/\/www.studiainitalia.com\/fr\/wp-json\/wp\/v2\/comments?post=189261"}],"wp:featuredmedia":[{"embeddable":true,"href":"https:\/\/www.studiainitalia.com\/fr\/wp-json\/wp\/v2\/media\/124150"}],"wp:attachment":[{"href":"https:\/\/www.studiainitalia.com\/fr\/wp-json\/wp\/v2\/media?parent=189261"}],"wp:term":[{"taxonomy":"section","embeddable":true,"href":"https:\/\/www.studiainitalia.com\/fr\/wp-json\/wp\/v2\/section?post=189261"},{"taxonomy":"product_brand","embeddable":true,"href":"https:\/\/www.studiainitalia.com\/fr\/wp-json\/wp\/v2\/product_brand?post=189261"},{"taxonomy":"product_cat","embeddable":true,"href":"https:\/\/www.studiainitalia.com\/fr\/wp-json\/wp\/v2\/product_cat?post=189261"},{"taxonomy":"product_tag","embeddable":true,"href":"https:\/\/www.studiainitalia.com\/fr\/wp-json\/wp\/v2\/product_tag?post=189261"}],"curies":[{"name":"wp","href":"https:\/\/api.w.org\/{rel}","templated":true}]}}