{"id":189264,"date":"2020-09-09T08:54:43","date_gmt":"2020-09-09T06:54:43","guid":{"rendered":"https:\/\/www.studiainitalia.com\/courses\/non%20class\u00e9\/50-italien-dans-salerno-seniors\/"},"modified":"2026-02-25T16:47:19","modified_gmt":"2026-02-25T15:47:19","slug":"cours-d-italien-50-a-salerne","status":"publish","type":"product","link":"https:\/\/www.studiainitalia.com\/fr\/cours\/cours-a-salerne\/cours-d-italien-50-a-salerne\/","title":{"rendered":"Cours d\u2019Italien 50+ \u00e0 Salerne"},"content":{"rendered":"<p>&nbsp;<\/p>\n<h2><strong>Cours d\u2019Italien 50+ \u00e0 Salerne<\/strong><\/h2>\n<p>&nbsp;<\/p>\n<p>Notre \u00e9cole de langue italienne \u00e0 Salerne est reconnue par le minist\u00e8re italien de l\u2019\u00e9ducation. L\u2019\u00e9cole est situ\u00e9e au centre ville, pr\u00e8s de la mer. L\u2019\u00e9cole dispose de 14 salles de classe, 1 salle multim\u00e9dia avec 8 ordinateurs tous connect\u00e9s \u00e0 Internet (c\u00e2ble et wi-fi), 1 salle de cin\u00e9ma, une biblioth\u00e8que avec des livres et des vid\u00e9os et un caf\u00e9.<\/p>\n<p>Tout le personnel et les enseignants sont hautement qualifi\u00e9s et sp\u00e9cialis\u00e9s dans l\u2019enseignement de l\u2019italien comme langue \u00e9trang\u00e8re. La m\u00e9thode d\u2019enseignement de l\u2019\u00e9cole est bas\u00e9e sur les techniques les plus modernes d\u2019enseignement de l\u2019italien comme deuxi\u00e8me langue.<\/p>\n<p>Les groupes sont tr\u00e8s r\u00e9duits et les cours sont dispens\u00e9s dans un environnement amusant, d\u00e9tendu et stimulant.<\/p>\n<p>Le personnel de l\u2019\u00e9cole et les enseignants organisent des activit\u00e9s sociales tous les jours: s\u00e9minaires et ateliers sur la culture italienne, visite de la ville, films. Toutes ces activit\u00e9s sont comprises dans le prix du cours de langue.<\/p>\n<p>Le programme comprend :<\/p>\n<ul>\n<li>une visite guid\u00e9e de la ville de Salerne<\/li>\n<li>un cours de cuisine<\/li>\n<li>un cours de poterie<\/li>\n<li>une visite d&rsquo;une entreprise de production de mozzarella di bufala<\/li>\n<li>une d\u00e9gustation de limoncello et une visite de l&rsquo;entreprise de production<\/li>\n<li>deux s\u00e9minaires sur la culture italienne<\/li>\n<li>deux activit\u00e9s scolaires<\/li>\n<\/ul>\n<p>ainsi qu&rsquo;une excursion d&rsquo;une journ\u00e9e et une autre d&rsquo;une demi-journ\u00e9e sur la c\u00f4te amalfitaine.<\/p>\n<h2><b>Dates de d\u00e9but et d\u00e9tails<\/b><\/h2>\n<p>&nbsp;<\/p>\n<ul>\n<li><b>Dur\u00e9e \u00a0de chaque le\u00e7oncours<\/b>\u00a0: 45 minutes<\/li>\n<li><b>Effectif moyen par classe<\/b>\u00a0: 8 \u00e9tudiants<\/li>\n<li><b>Effectif maximum par classe<\/b>\u00a0: 10 \u00e9tudiants<\/li>\n<li><b>Horaires<\/b> : le matin<\/li>\n<li><b>Mat\u00e9riel p\u00e9dagogique<\/b>\u00a0: inclus<\/li>\n<li><b>Test de niveau et certificat final<\/b>\u00a0: inclus<\/li>\n<li><b>Lieu<\/b>\u00a0: Via Roma 39<\/li>\n<li><b>Autres services<\/b>\u00a0: acc\u00e8s Internet, biblioth\u00e8que, climatisation, activit\u00e9s sociales et transfert depuis l\u2019a\u00e9roport disponibles<\/li>\n<\/ul>\n<p>&nbsp;<\/p>\n<p>&nbsp;<\/p>\n<table id=\"tablepress-713\" class=\"tablepress tablepress-id-713\">\n<thead>\n<tr class=\"row-1 odd\">\n<th class=\"column-1\" colspan=\"6\">Dates de d\u00e9but 2026<\/th>\n<\/tr>\n<\/thead>\n<tbody class=\"row-hover\">\n<tr class=\"row-2 even\">\n<td class=\"column-1\">Janvier<\/td>\n<td class=\"column-2\">19<\/td>\n<td class=\"column-3\">Mai<\/td>\n<td class=\"column-4\">4, 18<\/td>\n<td class=\"column-5\">Septembre<\/td>\n<td class=\"column-6\">7, 21<\/td>\n<\/tr>\n<tr class=\"row-3 odd\">\n<td class=\"column-1\">Fevrier<\/td>\n<td class=\"column-2\">16<\/td>\n<td class=\"column-3\">Juin<\/td>\n<td class=\"column-4\">1, 15<\/td>\n<td class=\"column-5\">Octobre<\/td>\n<td class=\"column-6\">5, 19<\/td>\n<\/tr>\n<tr class=\"row-4 even\">\n<td class=\"column-1\">Mars<\/td>\n<td class=\"column-2\">16, 30<\/td>\n<td class=\"column-3\">Juillet<\/td>\n<td class=\"column-4\">13<\/td>\n<td class=\"column-5\">Novembre<\/td>\n<td class=\"column-6\">16<\/td>\n<\/tr>\n<tr class=\"row-5 odd\">\n<td class=\"column-1\">Avril<\/td>\n<td class=\"column-2\">13<\/td>\n<td class=\"column-3\">Ao\u00fbt<\/td>\n<td class=\"column-4\">10, 24<\/td>\n<td class=\"column-5\">Decembre<\/td>\n<td class=\"column-6\">7<\/td>\n<\/tr>\n<tr class=\"row-6 even\">\n<td class=\"column-1\" colspan=\"6\">L&rsquo;\u00e9cole sera ferm\u00e9e les jours f\u00e9ri\u00e9s nationaux suivants : \u00c9piphanie (06\/01), lundi de P\u00e2ques, jour de la lib\u00e9ration de l&rsquo;Italie (25\/04), f\u00eate des travailleurs (01\/05), f\u00eate de la R\u00e9publique (02\/06), Ferragosto (15\/08), Toussaint (01\/11), Immacul\u00e9e Conception (8\/12), vacances de No\u00ebl et Nouvel An.<\/td>\n<\/tr>\n<\/tbody>\n<\/table>\n<p>&nbsp;<\/p>\n<div class=\"aiosrs-rating-wrap\" data-schema-id=\"90691\">\n<div class=\"aiosrs-star-rating-wrap \"><\/div>\n<div class=\"aiosrs-rating-summary-wrap\"><\/div>\n<\/div>\n<h3><\/h3>\n<p>&nbsp;<\/p>\n<div class=\"aiosrs-rating-wrap\" data-schema-id=\"90691\">\n<div class=\"aiosrs-star-rating-wrap \"><\/div>\n<div class=\"aiosrs-rating-summary-wrap\"><\/div>\n<\/div>\n","protected":false},"excerpt":{"rendered":"<h2><strong>D\u00e9couvrez la c\u00f4te amalfitaine et apprenez l\u2019italien!<\/strong><\/h2>\n<p>&nbsp;<\/p>\n<ul>\n<li>Ce programme de deux semaines est sp\u00e9cialement con\u00e7u pour les apprenants adultes qui veulent \u00e9tudier l\u2019italien et d\u00e9couvrir la c\u00f4te amalfitaine.<\/li>\n<\/ul>\n<ul>\n<li>Les cours de langue ont lieu le matin, avec toute une s\u00e9rie d\u2019activit\u00e9s culturelles et d\u2019excursions qui suivent l\u2019apr\u00e8s-midi, le tout avec des \u00e9tudiants du m\u00eame \u00e2ge.<\/li>\n<\/ul>\n<ul>\n<li>Nous proposons \u00e0 nos clients diff\u00e9rentes possibilit\u00e9s d\u2019h\u00e9bergement (chambres priv\u00e9es, appartements partag\u00e9s\/individuels, h\u00f4tels) \u00e0 proximit\u00e9 de l\u2019\u00e9cole.<\/li>\n<\/ul>\n","protected":false},"featured_media":125608,"comment_status":"open","ping_status":"closed","template":"","meta":{"_acf_changed":false,"_uag_custom_page_level_css":"","_kad_blocks_custom_css":"","_kad_blocks_head_custom_js":"","_kad_blocks_body_custom_js":"","_kad_blocks_footer_custom_js":"","site-sidebar-layout":"default","site-content-layout":"default","ast-site-content-layout":"default","site-content-style":"default","site-sidebar-style":"default","ast-global-header-display":"","ast-banner-title-visibility":"","ast-main-header-display":"","ast-hfb-above-header-display":"","ast-hfb-below-header-display":"","ast-hfb-mobile-header-display":"","site-post-title":"","ast-breadcrumbs-content":"","ast-featured-img":"","footer-sml-layout":"","ast-disable-related-posts":"","theme-transparent-header-meta":"default","adv-header-id-meta":"","stick-header-meta":"default","header-above-stick-meta":"","header-main-stick-meta":"","header-below-stick-meta":"","astra-migrate-meta-layouts":"set","ast-page-background-enabled":"default","ast-page-background-meta":{"desktop":{"background-color":"var(--ast-global-color-4)","background-image":"","background-repeat":"repeat","background-position":"center center","background-size":"auto","background-attachment":"scroll","background-type":"","background-media":"","overlay-type":"","overlay-color":"","overlay-opacity":"","overlay-gradient":""},"tablet":{"background-color":"","background-image":"","background-repeat":"repeat","background-position":"center center","background-size":"auto","background-attachment":"scroll","background-type":"","background-media":"","overlay-type":"","overlay-color":"","overlay-opacity":"","overlay-gradient":""},"mobile":{"background-color":"","background-image":"","background-repeat":"repeat","background-position":"center center","background-size":"auto","background-attachment":"scroll","background-type":"","background-media":"","overlay-type":"","overlay-color":"","overlay-opacity":"","overlay-gradient":""}},"ast-content-background-meta":{"desktop":{"background-color":"var(--ast-global-color-5)","background-image":"","background-repeat":"repeat","background-position":"center center","background-size":"auto","background-attachment":"scroll","background-type":"","background-media":"","overlay-type":"","overlay-color":"","overlay-opacity":"","overlay-gradient":""},"tablet":{"background-color":"var(--ast-global-color-5)","background-image":"","background-repeat":"repeat","background-position":"center center","background-size":"auto","background-attachment":"scroll","background-type":"","background-media":"","overlay-type":"","overlay-color":"","overlay-opacity":"","overlay-gradient":""},"mobile":{"background-color":"var(--ast-global-color-5)","background-image":"","background-repeat":"repeat","background-position":"center center","background-size":"auto","background-attachment":"scroll","background-type":"","background-media":"","overlay-type":"","overlay-color":"","overlay-opacity":"","overlay-gradient":""}}},"section":[],"product_brand":[],"product_cat":[1317,1334],"product_tag":[1879],"class_list":{"0":"post-189264","1":"product","2":"type-product","3":"status-publish","4":"has-post-thumbnail","6":"product_cat-cours-a-salerne","7":"product_cat-cours-italien-en-italie-pour-les-familles","8":"product_tag-la-familia","9":"desktop-align-left","10":"tablet-align-left","11":"mobile-align-left","12":"ast-product-gallery-layout-horizontal-slider","13":"ast-product-single-variable","14":"ast-product-tabs-layout-horizontal","15":"ast-qv-on-image-click","17":"first","18":"instock","19":"sold-individually","20":"shipping-taxable","21":"purchasable","22":"product-type-variable"},"acf":[],"taxonomy_info":{"product_cat":[{"value":1317,"label":"\u00c9tudier \u00e0 Salerne"},{"value":1334,"label":"Cours d'italien en Italie pour les familles"}],"product_tag":[{"value":1879,"label":"La Familia"}]},"featured_image_src_large":["https:\/\/www.studiainitalia.com\/wp-content\/uploads\/2020\/09\/salerno_1.jpg",805,800,false],"author_info":[],"comment_info":1,"uagb_featured_image_src":{"full":["https:\/\/www.studiainitalia.com\/wp-content\/uploads\/2020\/09\/salerno_1.jpg",805,800,false],"thumbnail":["https:\/\/www.studiainitalia.com\/wp-content\/uploads\/2020\/09\/salerno_1.jpg",97,96,false],"medium":["https:\/\/www.studiainitalia.com\/wp-content\/uploads\/2020\/09\/salerno_1.jpg",805,800,false],"medium_large":["https:\/\/www.studiainitalia.com\/wp-content\/uploads\/2020\/09\/salerno_1-768x763.jpg",768,763,true],"large":["https:\/\/www.studiainitalia.com\/wp-content\/uploads\/2020\/09\/salerno_1.jpg",805,800,false],"1536x1536":["https:\/\/www.studiainitalia.com\/wp-content\/uploads\/2020\/09\/salerno_1.jpg",805,800,false],"2048x2048":["https:\/\/www.studiainitalia.com\/wp-content\/uploads\/2020\/09\/salerno_1.jpg",805,800,false],"ultp_layout_landscape_large":["https:\/\/www.studiainitalia.com\/wp-content\/uploads\/2020\/09\/salerno_1.jpg",805,800,false],"ultp_layout_landscape":["https:\/\/www.studiainitalia.com\/wp-content\/uploads\/2020\/09\/salerno_1.jpg",574,570,false],"ultp_layout_portrait":["https:\/\/www.studiainitalia.com\/wp-content\/uploads\/2020\/09\/salerno_1.jpg",600,596,false],"ultp_layout_square":["https:\/\/www.studiainitalia.com\/wp-content\/uploads\/2020\/09\/salerno_1.jpg",600,596,false],"grid-thumb":["https:\/\/www.studiainitalia.com\/wp-content\/uploads\/2020\/09\/salerno_1.jpg",150,150,false],"gform-image-choice-sm":["https:\/\/www.studiainitalia.com\/wp-content\/uploads\/2020\/09\/salerno_1.jpg",300,298,false],"gform-image-choice-md":["https:\/\/www.studiainitalia.com\/wp-content\/uploads\/2020\/09\/salerno_1.jpg",400,398,false],"gform-image-choice-lg":["https:\/\/www.studiainitalia.com\/wp-content\/uploads\/2020\/09\/salerno_1.jpg",600,596,false],"woocommerce_thumbnail":["https:\/\/www.studiainitalia.com\/wp-content\/uploads\/2020\/09\/salerno_1-300x300.jpg",300,300,true],"woocommerce_single":["https:\/\/www.studiainitalia.com\/wp-content\/uploads\/2020\/09\/salerno_1-400x398.jpg",400,398,true],"woocommerce_gallery_thumbnail":["https:\/\/www.studiainitalia.com\/wp-content\/uploads\/2020\/09\/salerno_1-100x100.jpg",100,100,true],"yarpp-thumbnail":["https:\/\/www.studiainitalia.com\/wp-content\/uploads\/2020\/09\/salerno_1-120x120.jpg",120,120,true]},"uagb_author_info":{"display_name":"rafael","author_link":"https:\/\/www.studiainitalia.com\/fr\/author\/"},"uagb_comment_info":1,"uagb_excerpt":"D\u00e9couvrez la c\u00f4te amalfitaine et apprenez l\u2019italien! &nbsp; Ce programme de deux semaines est sp\u00e9cialement con\u00e7u pour les apprenants adultes qui veulent \u00e9tudier l\u2019italien et d\u00e9couvrir la c\u00f4te amalfitaine. Les cours de langue ont lieu le matin, avec toute une s\u00e9rie d\u2019activit\u00e9s culturelles et d\u2019excursions qui suivent l\u2019apr\u00e8s-midi, le tout avec des \u00e9tudiants du m\u00eame\u2026","_links":{"self":[{"href":"https:\/\/www.studiainitalia.com\/fr\/wp-json\/wp\/v2\/product\/189264","targetHints":{"allow":["GET"]}}],"collection":[{"href":"https:\/\/www.studiainitalia.com\/fr\/wp-json\/wp\/v2\/product"}],"about":[{"href":"https:\/\/www.studiainitalia.com\/fr\/wp-json\/wp\/v2\/types\/product"}],"replies":[{"embeddable":true,"href":"https:\/\/www.studiainitalia.com\/fr\/wp-json\/wp\/v2\/comments?post=189264"}],"wp:featuredmedia":[{"embeddable":true,"href":"https:\/\/www.studiainitalia.com\/fr\/wp-json\/wp\/v2\/media\/125608"}],"wp:attachment":[{"href":"https:\/\/www.studiainitalia.com\/fr\/wp-json\/wp\/v2\/media?parent=189264"}],"wp:term":[{"taxonomy":"section","embeddable":true,"href":"https:\/\/www.studiainitalia.com\/fr\/wp-json\/wp\/v2\/section?post=189264"},{"taxonomy":"product_brand","embeddable":true,"href":"https:\/\/www.studiainitalia.com\/fr\/wp-json\/wp\/v2\/product_brand?post=189264"},{"taxonomy":"product_cat","embeddable":true,"href":"https:\/\/www.studiainitalia.com\/fr\/wp-json\/wp\/v2\/product_cat?post=189264"},{"taxonomy":"product_tag","embeddable":true,"href":"https:\/\/www.studiainitalia.com\/fr\/wp-json\/wp\/v2\/product_tag?post=189264"}],"curies":[{"name":"wp","href":"https:\/\/api.w.org\/{rel}","templated":true}]}}