{"id":189284,"date":"2019-11-29T14:59:08","date_gmt":"2019-11-29T13:59:08","guid":{"rendered":"https:\/\/www.studiainitalia.com\/courses\/non%20class\u00e9\/danse-de-la-renaissance\/"},"modified":"2024-12-10T16:42:54","modified_gmt":"2024-12-10T15:42:54","slug":"danse-de-la-renaissance","status":"publish","type":"product","link":"https:\/\/www.studiainitalia.com\/fr\/cours\/cours-de-musique\/danse-de-la-renaissance\/","title":{"rendered":"Cours de danse de la Renaissance"},"content":{"rendered":"<p><strong>Le programme de cours de danse de la renaissance comprend :<\/strong><\/p>\n<p>&nbsp;<\/p>\n<ul>\n<li>Introduction historique aux danses de la Renaissance.<\/li>\n<li>\u00c9tude des chor\u00e9graphies de cette p\u00e9riode, comme la \u201cbassa danza\u201d, la \u201cgallarda\u201d ou la \u201cpavana\u201d.<\/li>\n<li>Exercices d\u2019improvisation sur des \u00e9l\u00e9ments de la danse ancienne<\/li>\n<\/ul>\n<p>Cours complet : 35 heures.<\/p>\n<p>Inclue une visite guid\u00e9e et un d\u00eener-forum discussion.<\/p>\n<div class=\"aiosrs-rating-wrap\" data-schema-id=\"90691\">\n<div class=\"aiosrs-star-rating-wrap \"><\/div>\n<div class=\"aiosrs-rating-summary-wrap\"><span class=\"aiosrs-rating\">0\/5\u00a0<\/span><span class=\"aiosrs-rating-count\">(0 Reviews)<\/span><\/div>\n<\/div>\n","protected":false},"excerpt":{"rendered":"<p><strong>Vous souhaitez d\u00e9couvrir comment la famille M\u00e9dicis a dans\u00e9 lors de ses banquets?<\/strong>\u00a0<strong>Voyagez dans l\u2019Italie du milieu du XVIe si\u00e8cle et d\u00e9couvrez le monde merveilleux de la danse de la Renaissance.<\/strong><\/p>\n<p>Ce cours est offert au long de toute l\u2019ann\u00e9e, sous-requ\u00eate.<\/p>\n<p>Nous proposons ce cours avec le ma\u00eetre Marco Bendoni, un \u00ab ballerino \u00bb de danse ancienne. Parmi ses projets le spectacle de danse de la Renaissance \u201cI Medici\u201d, est un spectacle de danse de la Renaissance qui recr\u00e9e la c\u00e9l\u00e9bration du mariage entre Cosme I de Medici et Eleonora de Toledo en 1539.<\/p>\n<p>Ce spectacle\u00a0\u00a0<span class=\"VIiyi\" lang=\"fr\"><span class=\"JLqJ4b ChMk0b\" data-language-for-alternatives=\"fr\" data-language-to-translate-into=\"en\" data-phrase-index=\"0\">a \u00e9t\u00e9 jou\u00e9<\/span><\/span>\u00a0au Mus\u00e9e Nazionale Bargello et au Palazzo Medici Riccardi, r\u00e9alis\u00e9 avec le soutien du Minist\u00e8re de la Culture Italienne.<\/p>\n","protected":false},"featured_media":125074,"comment_status":"open","ping_status":"closed","template":"","meta":{"_acf_changed":false,"_uag_custom_page_level_css":"","_kad_blocks_custom_css":"","_kad_blocks_head_custom_js":"","_kad_blocks_body_custom_js":"","_kad_blocks_footer_custom_js":"","site-sidebar-layout":"default","site-content-layout":"default","ast-site-content-layout":"default","site-content-style":"default","site-sidebar-style":"default","ast-global-header-display":"","ast-banner-title-visibility":"","ast-main-header-display":"","ast-hfb-above-header-display":"","ast-hfb-below-header-display":"","ast-hfb-mobile-header-display":"","site-post-title":"","ast-breadcrumbs-content":"","ast-featured-img":"","footer-sml-layout":"","ast-disable-related-posts":"","theme-transparent-header-meta":"default","adv-header-id-meta":"","stick-header-meta":"default","header-above-stick-meta":"","header-main-stick-meta":"","header-below-stick-meta":"","astra-migrate-meta-layouts":"set","ast-page-background-enabled":"default","ast-page-background-meta":{"desktop":{"background-color":"var(--ast-global-color-4)","background-image":"","background-repeat":"repeat","background-position":"center center","background-size":"auto","background-attachment":"scroll","background-type":"","background-media":"","overlay-type":"","overlay-color":"","overlay-opacity":"","overlay-gradient":""},"tablet":{"background-color":"","background-image":"","background-repeat":"repeat","background-position":"center center","background-size":"auto","background-attachment":"scroll","background-type":"","background-media":"","overlay-type":"","overlay-color":"","overlay-opacity":"","overlay-gradient":""},"mobile":{"background-color":"","background-image":"","background-repeat":"repeat","background-position":"center center","background-size":"auto","background-attachment":"scroll","background-type":"","background-media":"","overlay-type":"","overlay-color":"","overlay-opacity":"","overlay-gradient":""}},"ast-content-background-meta":{"desktop":{"background-color":"var(--ast-global-color-5)","background-image":"","background-repeat":"repeat","background-position":"center center","background-size":"auto","background-attachment":"scroll","background-type":"","background-media":"","overlay-type":"","overlay-color":"","overlay-opacity":"","overlay-gradient":""},"tablet":{"background-color":"var(--ast-global-color-5)","background-image":"","background-repeat":"repeat","background-position":"center center","background-size":"auto","background-attachment":"scroll","background-type":"","background-media":"","overlay-type":"","overlay-color":"","overlay-opacity":"","overlay-gradient":""},"mobile":{"background-color":"var(--ast-global-color-5)","background-image":"","background-repeat":"repeat","background-position":"center center","background-size":"auto","background-attachment":"scroll","background-type":"","background-media":"","overlay-type":"","overlay-color":"","overlay-opacity":"","overlay-gradient":""}}},"section":[],"product_brand":[],"product_cat":[1269,1276],"product_tag":[1886],"class_list":{"0":"post-189284","1":"product","2":"type-product","3":"status-publish","4":"has-post-thumbnail","6":"product_cat-cours-de-musique","7":"product_cat-etudier-a-letranger-a-florence","8":"product_tag-etranger-a-florence","9":"desktop-align-left","10":"tablet-align-left","11":"mobile-align-left","12":"ast-product-gallery-layout-horizontal-slider","13":"ast-product-single-variable","14":"ast-product-tabs-layout-horizontal","15":"ast-qv-on-image-click","17":"first","18":"instock","19":"sold-individually","20":"shipping-taxable","21":"purchasable","22":"product-type-variable"},"acf":[],"taxonomy_info":{"product_cat":[{"value":1269,"label":"Cours de musique"},{"value":1276,"label":"Cursos en Florencia"}],"product_tag":[{"value":1886,"label":"\u00e9tranger \u00e0 Florence"}]},"featured_image_src_large":["https:\/\/www.studiainitalia.com\/wp-content\/uploads\/2019\/11\/renacentista_1.jpg",943,748,false],"author_info":[],"comment_info":0,"uagb_featured_image_src":{"full":["https:\/\/www.studiainitalia.com\/wp-content\/uploads\/2019\/11\/renacentista_1.jpg",943,748,false],"thumbnail":["https:\/\/www.studiainitalia.com\/wp-content\/uploads\/2019\/11\/renacentista_1-150x150.jpg",96,96,true],"medium":["https:\/\/www.studiainitalia.com\/wp-content\/uploads\/2019\/11\/renacentista_1-300x238.jpg",300,238,true],"medium_large":["https:\/\/www.studiainitalia.com\/wp-content\/uploads\/2019\/11\/renacentista_1-768x609.jpg",768,609,true],"large":["https:\/\/www.studiainitalia.com\/wp-content\/uploads\/2019\/11\/renacentista_1.jpg",943,748,false],"1536x1536":["https:\/\/www.studiainitalia.com\/wp-content\/uploads\/2019\/11\/renacentista_1.jpg",943,748,false],"2048x2048":["https:\/\/www.studiainitalia.com\/wp-content\/uploads\/2019\/11\/renacentista_1.jpg",943,748,false],"ultp_layout_landscape_large":["https:\/\/www.studiainitalia.com\/wp-content\/uploads\/2019\/11\/renacentista_1.jpg",943,748,false],"ultp_layout_landscape":["https:\/\/www.studiainitalia.com\/wp-content\/uploads\/2019\/11\/renacentista_1.jpg",719,570,false],"ultp_layout_portrait":["https:\/\/www.studiainitalia.com\/wp-content\/uploads\/2019\/11\/renacentista_1.jpg",600,476,false],"ultp_layout_square":["https:\/\/www.studiainitalia.com\/wp-content\/uploads\/2019\/11\/renacentista_1.jpg",600,476,false],"gform-image-choice-sm":["https:\/\/www.studiainitalia.com\/wp-content\/uploads\/2019\/11\/renacentista_1.jpg",300,238,false],"gform-image-choice-md":["https:\/\/www.studiainitalia.com\/wp-content\/uploads\/2019\/11\/renacentista_1.jpg",400,317,false],"gform-image-choice-lg":["https:\/\/www.studiainitalia.com\/wp-content\/uploads\/2019\/11\/renacentista_1.jpg",600,476,false],"woocommerce_thumbnail":["https:\/\/www.studiainitalia.com\/wp-content\/uploads\/2019\/11\/renacentista_1-300x300.jpg",300,300,true],"woocommerce_single":["https:\/\/www.studiainitalia.com\/wp-content\/uploads\/2019\/11\/renacentista_1-400x317.jpg",400,317,true],"woocommerce_gallery_thumbnail":["https:\/\/www.studiainitalia.com\/wp-content\/uploads\/2019\/11\/renacentista_1-100x100.jpg",100,100,true],"yarpp-thumbnail":["https:\/\/www.studiainitalia.com\/wp-content\/uploads\/2019\/11\/renacentista_1.jpg",120,95,false]},"uagb_author_info":{"display_name":"ideaweb ideaweb","author_link":"https:\/\/www.studiainitalia.com\/fr\/author\/"},"uagb_comment_info":0,"uagb_excerpt":"Vous souhaitez d\u00e9couvrir comment la famille M\u00e9dicis a dans\u00e9 lors de ses banquets?\u00a0Voyagez dans l\u2019Italie du milieu du XVIe si\u00e8cle et d\u00e9couvrez le monde merveilleux de la danse de la Renaissance. Ce cours est offert au long de toute l\u2019ann\u00e9e, sous-requ\u00eate. Nous proposons ce cours avec le ma\u00eetre Marco Bendoni, un \u00ab ballerino \u00bb de\u2026","_links":{"self":[{"href":"https:\/\/www.studiainitalia.com\/fr\/wp-json\/wp\/v2\/product\/189284","targetHints":{"allow":["GET"]}}],"collection":[{"href":"https:\/\/www.studiainitalia.com\/fr\/wp-json\/wp\/v2\/product"}],"about":[{"href":"https:\/\/www.studiainitalia.com\/fr\/wp-json\/wp\/v2\/types\/product"}],"replies":[{"embeddable":true,"href":"https:\/\/www.studiainitalia.com\/fr\/wp-json\/wp\/v2\/comments?post=189284"}],"wp:featuredmedia":[{"embeddable":true,"href":"https:\/\/www.studiainitalia.com\/fr\/wp-json\/wp\/v2\/media\/125074"}],"wp:attachment":[{"href":"https:\/\/www.studiainitalia.com\/fr\/wp-json\/wp\/v2\/media?parent=189284"}],"wp:term":[{"taxonomy":"section","embeddable":true,"href":"https:\/\/www.studiainitalia.com\/fr\/wp-json\/wp\/v2\/section?post=189284"},{"taxonomy":"product_brand","embeddable":true,"href":"https:\/\/www.studiainitalia.com\/fr\/wp-json\/wp\/v2\/product_brand?post=189284"},{"taxonomy":"product_cat","embeddable":true,"href":"https:\/\/www.studiainitalia.com\/fr\/wp-json\/wp\/v2\/product_cat?post=189284"},{"taxonomy":"product_tag","embeddable":true,"href":"https:\/\/www.studiainitalia.com\/fr\/wp-json\/wp\/v2\/product_tag?post=189284"}],"curies":[{"name":"wp","href":"https:\/\/api.w.org\/{rel}","templated":true}]}}