{"id":189286,"date":"2020-10-16T08:27:48","date_gmt":"2020-10-16T06:27:48","guid":{"rendered":"https:\/\/www.studiainitalia.com\/courses\/non%20class\u00e9\/cours-dhistoire-de-lart-de-la-renaissance\/"},"modified":"2026-03-07T00:18:09","modified_gmt":"2026-03-06T23:18:09","slug":"cours-histoire-art-de-la-renaissance","status":"publish","type":"product","link":"https:\/\/www.studiainitalia.com\/fr\/cours\/cours-en-ligne\/cours-histoire-art-de-la-renaissance\/","title":{"rendered":"Cours d\u2019histoire de l\u2019art de la Renaissance en ligne"},"content":{"rendered":"<div class=\"aiosrs-rating-wrap\" data-schema-id=\"90691\">\n<div class=\"aiosrs-rating-summary-wrap\">\n<h2>Cours d\u2019histoire de l\u2019art de la Renaissance en ligne<\/h2>\n<p>&nbsp;<\/p>\n<p>Notre cours d\u2019histoire de l\u2019art de la Renaissance en ligne vous m\u00e8nera dans le monde des artistes et des peintures de la Renaissance.Vous serez guid\u00e9 par un historien de l\u2019art professionnel de Florence pour d\u00e9couvrir les chefs-d\u2019\u0153uvre de la Renaissance italienne.<\/p>\n<p>Ce cours se d\u00e9roule en italien, espagnol ou fran\u00e7ais.<\/p>\n<p>Cela dure deux mois, 10 r\u00e9unions.<\/p>\n<p>&nbsp;<\/p>\n<p>&nbsp;<\/p>\n<p>&nbsp;<\/p>\n<p>&nbsp;<\/p>\n<div class=\"aiosrs-rating-wrap\" data-schema-id=\"90691\">\n<div class=\"aiosrs-star-rating-wrap \"><\/div>\n<div class=\"aiosrs-rating-summary-wrap\"><\/div>\n<\/div>\n<\/div>\n<\/div>\n<p><iframe style=\"display: none;\"><\/iframe><\/p>\n<p><iframe style=\"display: none;\"><\/iframe><\/p>\n","protected":false},"excerpt":{"rendered":"<h2><strong>L\u2019art de la Renaissance italienne<\/strong><\/h2>\n<p>&nbsp;<\/p>\n<p>Vous envisagez de suivre un cours d\u2019histoire de l\u2019art italien en ligne? Nous proposons\u00a0<strong>un cours complet pour comprendre ce que signifie la Renaissance.\u00a0<\/strong>Ce cours est parfait si vous aimez l\u2019histoire de l\u2019art m\u00eame si vous n\u2019avez pas le temps ni l\u2019occasion d\u2019\u00e9tudier.<\/p>\n<p>Des conf\u00e9rences florentines qui vous permettent de voyager \u00e0 rebours dans l\u2019histoire de l\u2019art de la ville de Florence. Dix rencontres d\u2019une heure\u00a0 chacune, pour d\u00e9couvrir ou red\u00e9couvrir la singularit\u00e9 de l\u2019exp\u00e9rience de Florence.<\/p>\n<p><strong>Le\u00e7on 1<\/strong>: Le renouveau artistique de la seconde moiti\u00e9 du XIIIe si\u00e8cle en Toscane avec Nicola et Giovanni Pisano et Arnolfo di Cambio.<\/p>\n<p><strong>Le\u00e7on 2<\/strong>: Peinture aux XIIIe et XIVe si\u00e8cles en Italie centrale et en particulier \u00e0 Florence. Le grand renouveau de Giotto.<\/p>\n<p><strong>Le\u00e7on 3<\/strong>: Peinture \u00e0 Florence et Sienne d\u2019apr\u00e8s Giotto.<\/p>\n<p><strong>Le\u00e7on 4<\/strong>: Le d\u00e9but de la Renaissance Lorenzo Ghiberti et Filippo Brunelleschi et le concours 1401 pour la deuxi\u00e8me porte de la baptisterie de Florence.<\/p>\n<p><strong>Le\u00e7on 5<\/strong>: Masaccio et Donatello tous deux avant-gardistes.<\/p>\n<p><strong>Le\u00e7on 6<\/strong>: Peinture d\u2019apr\u00e8s Masaccio. La recherche de la lumi\u00e8re et de la couleur: Beato Angelico et Filippo Lippi.<\/p>\n<p><strong>Le\u00e7on 7<\/strong>: Naturalisme flamand et relations entre l\u2019Italie et la Flandre. Ghirlandaio et Piero della Francesca et Antonello da Messina.<\/p>\n<p><strong>Le\u00e7on 8<\/strong>: Florence dans la seconde moiti\u00e9 du XVe si\u00e8cle. Verrocchio et son atelier. La cour Lorenzo le Magnifique et ses artistes.<\/p>\n<p><strong>Le\u00e7on 9<\/strong>: La cour de Laurent le Magnifique. La peinture raffin\u00e9e de Botticelli. Leonardo et Verrocchio.<\/p>\n<p><strong>Le\u00e7on 10<\/strong>: Michel-Ange et sa formation dans l\u2019environnement m\u00e9diterran\u00e9en.<\/p>\n<p><iframe style=\"display: none;\"><\/iframe><\/p>\n<p><iframe style=\"display: none;\"><\/iframe><\/p>\n","protected":false},"featured_media":125665,"comment_status":"open","ping_status":"closed","template":"","meta":{"_acf_changed":false,"_uag_custom_page_level_css":"","_kad_blocks_custom_css":"","_kad_blocks_head_custom_js":"","_kad_blocks_body_custom_js":"","_kad_blocks_footer_custom_js":"","site-sidebar-layout":"default","site-content-layout":"default","ast-site-content-layout":"default","site-content-style":"default","site-sidebar-style":"default","ast-global-header-display":"","ast-banner-title-visibility":"","ast-main-header-display":"","ast-hfb-above-header-display":"","ast-hfb-below-header-display":"","ast-hfb-mobile-header-display":"","site-post-title":"","ast-breadcrumbs-content":"","ast-featured-img":"","footer-sml-layout":"","ast-disable-related-posts":"","theme-transparent-header-meta":"default","adv-header-id-meta":"","stick-header-meta":"default","header-above-stick-meta":"","header-main-stick-meta":"","header-below-stick-meta":"","astra-migrate-meta-layouts":"set","ast-page-background-enabled":"default","ast-page-background-meta":{"desktop":{"background-color":"var(--ast-global-color-4)","background-image":"","background-repeat":"repeat","background-position":"center center","background-size":"auto","background-attachment":"scroll","background-type":"","background-media":"","overlay-type":"","overlay-color":"","overlay-opacity":"","overlay-gradient":""},"tablet":{"background-color":"","background-image":"","background-repeat":"repeat","background-position":"center center","background-size":"auto","background-attachment":"scroll","background-type":"","background-media":"","overlay-type":"","overlay-color":"","overlay-opacity":"","overlay-gradient":""},"mobile":{"background-color":"","background-image":"","background-repeat":"repeat","background-position":"center center","background-size":"auto","background-attachment":"scroll","background-type":"","background-media":"","overlay-type":"","overlay-color":"","overlay-opacity":"","overlay-gradient":""}},"ast-content-background-meta":{"desktop":{"background-color":"var(--ast-global-color-5)","background-image":"","background-repeat":"repeat","background-position":"center center","background-size":"auto","background-attachment":"scroll","background-type":"","background-media":"","overlay-type":"","overlay-color":"","overlay-opacity":"","overlay-gradient":""},"tablet":{"background-color":"var(--ast-global-color-5)","background-image":"","background-repeat":"repeat","background-position":"center center","background-size":"auto","background-attachment":"scroll","background-type":"","background-media":"","overlay-type":"","overlay-color":"","overlay-opacity":"","overlay-gradient":""},"mobile":{"background-color":"var(--ast-global-color-5)","background-image":"","background-repeat":"repeat","background-position":"center center","background-size":"auto","background-attachment":"scroll","background-type":"","background-media":"","overlay-type":"","overlay-color":"","overlay-opacity":"","overlay-gradient":""}}},"section":[],"product_brand":[],"product_cat":[1344,1357],"product_tag":[],"class_list":{"0":"post-189286","1":"product","2":"type-product","3":"status-publish","4":"has-post-thumbnail","6":"product_cat-cours-en-ligne","7":"product_cat-cours-dhistoire-de-lart-en-italie","8":"desktop-align-left","9":"tablet-align-left","10":"mobile-align-left","11":"ast-product-gallery-layout-horizontal-slider","12":"ast-product-gallery-with-no-image","13":"ast-product-single-variable","14":"ast-product-tabs-layout-horizontal","15":"ast-qv-on-image-click","17":"first","18":"instock","19":"sold-individually","20":"shipping-taxable","21":"purchasable","22":"product-type-variable"},"acf":[],"taxonomy_info":{"product_cat":[{"value":1344,"label":"Cursos online"},{"value":1357,"label":"Cours d'histoire de l'art en Italie"}]},"featured_image_src_large":["https:\/\/www.studiainitalia.com\/wp-content\/uploads\/2020\/10\/foto-curso-on-line-florencia.jpg",501,500,false],"author_info":[],"comment_info":1,"uagb_featured_image_src":{"full":["https:\/\/www.studiainitalia.com\/wp-content\/uploads\/2020\/10\/foto-curso-on-line-florencia.jpg",501,500,false],"thumbnail":["https:\/\/www.studiainitalia.com\/wp-content\/uploads\/2020\/10\/foto-curso-on-line-florencia.jpg",96,96,false],"medium":["https:\/\/www.studiainitalia.com\/wp-content\/uploads\/2020\/10\/foto-curso-on-line-florencia.jpg",501,500,false],"medium_large":["https:\/\/www.studiainitalia.com\/wp-content\/uploads\/2020\/10\/foto-curso-on-line-florencia.jpg",501,500,false],"large":["https:\/\/www.studiainitalia.com\/wp-content\/uploads\/2020\/10\/foto-curso-on-line-florencia.jpg",501,500,false],"1536x1536":["https:\/\/www.studiainitalia.com\/wp-content\/uploads\/2020\/10\/foto-curso-on-line-florencia.jpg",501,500,false],"2048x2048":["https:\/\/www.studiainitalia.com\/wp-content\/uploads\/2020\/10\/foto-curso-on-line-florencia.jpg",501,500,false],"ultp_layout_landscape_large":["https:\/\/www.studiainitalia.com\/wp-content\/uploads\/2020\/10\/foto-curso-on-line-florencia.jpg",501,500,false],"ultp_layout_landscape":["https:\/\/www.studiainitalia.com\/wp-content\/uploads\/2020\/10\/foto-curso-on-line-florencia.jpg",501,500,false],"ultp_layout_portrait":["https:\/\/www.studiainitalia.com\/wp-content\/uploads\/2020\/10\/foto-curso-on-line-florencia.jpg",501,500,false],"ultp_layout_square":["https:\/\/www.studiainitalia.com\/wp-content\/uploads\/2020\/10\/foto-curso-on-line-florencia.jpg",501,500,false],"gform-image-choice-sm":["https:\/\/www.studiainitalia.com\/wp-content\/uploads\/2020\/10\/foto-curso-on-line-florencia.jpg",300,300,false],"gform-image-choice-md":["https:\/\/www.studiainitalia.com\/wp-content\/uploads\/2020\/10\/foto-curso-on-line-florencia.jpg",400,400,false],"gform-image-choice-lg":["https:\/\/www.studiainitalia.com\/wp-content\/uploads\/2020\/10\/foto-curso-on-line-florencia.jpg",501,500,false],"woocommerce_thumbnail":["https:\/\/www.studiainitalia.com\/wp-content\/uploads\/2020\/10\/foto-curso-on-line-florencia-300x300.jpg",300,300,true],"woocommerce_single":["https:\/\/www.studiainitalia.com\/wp-content\/uploads\/2020\/10\/foto-curso-on-line-florencia-400x399.jpg",400,399,true],"woocommerce_gallery_thumbnail":["https:\/\/www.studiainitalia.com\/wp-content\/uploads\/2020\/10\/foto-curso-on-line-florencia-100x100.jpg",100,100,true],"yarpp-thumbnail":["https:\/\/www.studiainitalia.com\/wp-content\/uploads\/2020\/10\/foto-curso-on-line-florencia-120x120.jpg",120,120,true]},"uagb_author_info":{"display_name":"rafael","author_link":"https:\/\/www.studiainitalia.com\/fr\/author\/"},"uagb_comment_info":1,"uagb_excerpt":"L\u2019art de la Renaissance italienne &nbsp; Vous envisagez de suivre un cours d\u2019histoire de l\u2019art italien en ligne? Nous proposons\u00a0un cours complet pour comprendre ce que signifie la Renaissance.\u00a0Ce cours est parfait si vous aimez l\u2019histoire de l\u2019art m\u00eame si vous n\u2019avez pas le temps ni l\u2019occasion d\u2019\u00e9tudier. Des conf\u00e9rences florentines qui vous permettent de\u2026","_links":{"self":[{"href":"https:\/\/www.studiainitalia.com\/fr\/wp-json\/wp\/v2\/product\/189286","targetHints":{"allow":["GET"]}}],"collection":[{"href":"https:\/\/www.studiainitalia.com\/fr\/wp-json\/wp\/v2\/product"}],"about":[{"href":"https:\/\/www.studiainitalia.com\/fr\/wp-json\/wp\/v2\/types\/product"}],"replies":[{"embeddable":true,"href":"https:\/\/www.studiainitalia.com\/fr\/wp-json\/wp\/v2\/comments?post=189286"}],"wp:featuredmedia":[{"embeddable":true,"href":"https:\/\/www.studiainitalia.com\/fr\/wp-json\/wp\/v2\/media\/125665"}],"wp:attachment":[{"href":"https:\/\/www.studiainitalia.com\/fr\/wp-json\/wp\/v2\/media?parent=189286"}],"wp:term":[{"taxonomy":"section","embeddable":true,"href":"https:\/\/www.studiainitalia.com\/fr\/wp-json\/wp\/v2\/section?post=189286"},{"taxonomy":"product_brand","embeddable":true,"href":"https:\/\/www.studiainitalia.com\/fr\/wp-json\/wp\/v2\/product_brand?post=189286"},{"taxonomy":"product_cat","embeddable":true,"href":"https:\/\/www.studiainitalia.com\/fr\/wp-json\/wp\/v2\/product_cat?post=189286"},{"taxonomy":"product_tag","embeddable":true,"href":"https:\/\/www.studiainitalia.com\/fr\/wp-json\/wp\/v2\/product_tag?post=189286"}],"curies":[{"name":"wp","href":"https:\/\/api.w.org\/{rel}","templated":true}]}}