{"id":189291,"date":"2018-02-23T18:47:01","date_gmt":"2018-02-23T17:47:01","guid":{"rendered":"https:\/\/www.studiainitalia.com\/courses\/non%20class\u00e9\/cours-de-couture\/"},"modified":"2026-04-12T19:24:14","modified_gmt":"2026-04-12T17:24:14","slug":"cours-de-couture","status":"publish","type":"product","link":"https:\/\/www.studiainitalia.com\/fr\/cours\/cours-de-mode\/cours-de-couture\/","title":{"rendered":"Cours de couture \u00e0 Cesena"},"content":{"rendered":"<h2><strong>Cours de couture<\/strong><\/h2>\n<p>&nbsp;<\/p>\n<p>Notre cours de couture \u00e0 Cesena se d\u00e9roule dans notre \u00e9cole de mode.<\/p>\n<p>La couture est l\u2019art de concevoir, couper, ajuster et finir les v\u00eatements. L\u2019Italie est l\u2019un des meilleurs endroits pour apprendre l\u2019art de la couture.<\/p>\n<p>L\u2019artisan vous enseignera les v\u00e9ritables techniques de confection italienne du Made in Italy. Il s\u2019agit d\u2019un cours professionnel et il est parfait si vous envisagez de commencer une nouvelle activit\u00e9 en tant que tailleur.<\/p>\n<p>&nbsp;<\/p>\n<p>De nos jours, les v\u00eatements faits sur mesure sont plus importants car le secteur de la mode est en pleine \u00e9volution. Si vous \u00eates tailleur ou souhaitez commencer une nouvelle activit\u00e9, vous savez probablement d\u00e9j\u00e0 que les v\u00eatements sur mesure sont intemporels, ils ne se d\u00e9modent jamais. Apr\u00e8s le cours de couture, vous serez en mesure de coudre vos v\u00eatements exclusifs pour vous ou vos clients. Des v\u00eatements qui refl\u00e9teront un style exclusif et personnel.<\/p>\n<p>&nbsp;<\/p>\n<p>L\u2019aspect humain est \u00e9galement tr\u00e8s important : comme ce cours est personnalis\u00e9 en fonction de vos besoins, vous apprendrez en tr\u00e8s peu de temps. Le tailleur vous \u00e9valuera \u00e9galement en vous faisant du marketing au cas o\u00f9 vous souhaiteriez ouvrir votre propre atelier ou si vous exercez d\u00e9j\u00e0 votre activit\u00e9 et \u00eates \u00e0 la recherche de nouvelles id\u00e9es.<\/p>\n<p>&nbsp;<\/p>\n<p>Les cours sont individuels. \u00c0 la fin du cours, vous recevrez un certificat de participation.<\/p>\n<p>Nous proposons \u00e9galement des cours de couture avanc\u00e9s et cr\u00e9atifs<\/p>\n<p>Demandez plus d\u2019informations !<\/p>\n<h3><\/h3>\n<p>&nbsp;<\/p>\n\n<table id=\"tablepress-714\" class=\"tablepress tablepress-id-714 tbody-has-connected-cells\">\n<thead>\n<tr class=\"row-1\">\n\t<th colspan=\"6\" class=\"column-1\">Dates de d\u00e9but <\/th>\n<\/tr>\n<\/thead>\n<tbody class=\"row-striping row-hover\">\n<tr class=\"row-2\">\n\t<td class=\"column-1\">Janvier<\/td><td class=\"column-2\">sur demande<\/td><td class=\"column-3\">Mai<\/td><td class=\"column-4\">sur demande<\/td><td class=\"column-5\">Septembre<\/td><td class=\"column-6\">sur demande<\/td>\n<\/tr>\n<tr class=\"row-3\">\n\t<td class=\"column-1\">F\u00e9vrier<\/td><td class=\"column-2\">sur demande<\/td><td class=\"column-3\">Juin<\/td><td class=\"column-4\">sur demande<\/td><td class=\"column-5\">Octobre<\/td><td class=\"column-6\">sur demande<\/td>\n<\/tr>\n<tr class=\"row-4\">\n\t<td class=\"column-1\">Mars<\/td><td class=\"column-2\">sur demande<\/td><td class=\"column-3\">Juillet<\/td><td class=\"column-4\">sur demande<\/td><td class=\"column-5\">Novembre<\/td><td class=\"column-6\">sur demande<\/td>\n<\/tr>\n<tr class=\"row-5\">\n\t<td class=\"column-1\">Avril<\/td><td class=\"column-2\">sur demande<\/td><td class=\"column-3\">Ao\u00fbt<\/td><td class=\"column-4\">sur demande<\/td><td class=\"column-5\">Decembre<\/td><td class=\"column-6\">sur demande<\/td>\n<\/tr>\n<tr class=\"row-6\">\n\t<td colspan=\"6\" class=\"column-1\">L'\u00e9cole sera ferm\u00e9e les jours f\u00e9ri\u00e9s suivants: Epiphanie (06\/01), Lundi de P\u00e2ques, Jour de la Lib\u00e9ration de l'Italie (25\/04), F\u00eate des Travailleurs (01\/05), F\u00eate de la R\u00e9publique (02\/06), Ferragosto (15 \/ 08), Tous les Saints (01\/11), Immacul\u00e9e Conception (8\/12), vacances de No\u00ebl et nouvel an.<\/td>\n<\/tr>\n<\/tbody>\n<\/table>\n<!-- #tablepress-714 from cache -->\n<p>&nbsp;<\/p>\n","protected":false},"excerpt":{"rendered":"<h2><strong>Coupe et couture \u00e0 l\u2019italienne!<\/strong><\/h2>\n<p>&nbsp;<\/p>\n<p>Ce cours de couture s\u2019adresse \u00e0 ceux qui souhaitent apprendre des techniques de couture pour un usage personnel et \/ ou qui souhaitent transformer cette passion en une opportunit\u00e9 professionnelle. Mais aussi \u00e0 ceux qui travaillent d\u00e9j\u00e0 dans le domaine de la mode (cr\u00e9ateurs de mode, cr\u00e9atifs, etc.) et qui souhaitent accro\u00eetre leurs comp\u00e9tences sur le plan pratique.<\/p>\n<p>Le programme inclut :<\/p>\n<ul>\n<li>Comment prendre les mesures<\/li>\n<li>R\u00e9alisation d\u2019un patron de couture<\/li>\n<li>Coupage et essayage<\/li>\n<li>Couture \u00e0 la main et \u00e0 la machine<\/li>\n<li>Finition<\/li>\n<li>Mod\u00e8le avec mesures personnalis\u00e9es et mannequin<\/li>\n<li>Correction des mesures du patron de couture<\/li>\n<li>Essai et d\u00e9coupage de couture<\/li>\n<\/ul>\n<p>La dur\u00e9e du cours est de 64 heures du lundi au vendredi.<\/p>\n<p>L\u2019enseignement est donn\u00e9 par des experts professionnels du secteur.<\/p>\n<p>Les cours sont individuels pour un meilleur apprentissage du participant.<\/p>\n<p>Le cours se terminera avec un examen pratique et un certificat de participation sera d\u00e9livr\u00e9.<\/p>\n","protected":false},"featured_media":123754,"comment_status":"open","ping_status":"closed","template":"","meta":{"_acf_changed":false,"_uag_custom_page_level_css":"","_kad_blocks_custom_css":"","_kad_blocks_head_custom_js":"","_kad_blocks_body_custom_js":"","_kad_blocks_footer_custom_js":"","site-sidebar-layout":"default","site-content-layout":"default","ast-site-content-layout":"default","site-content-style":"default","site-sidebar-style":"default","ast-global-header-display":"","ast-banner-title-visibility":"","ast-main-header-display":"","ast-hfb-above-header-display":"","ast-hfb-below-header-display":"","ast-hfb-mobile-header-display":"","site-post-title":"","ast-breadcrumbs-content":"","ast-featured-img":"","footer-sml-layout":"","ast-disable-related-posts":"","theme-transparent-header-meta":"default","adv-header-id-meta":"","stick-header-meta":"default","header-above-stick-meta":"","header-main-stick-meta":"","header-below-stick-meta":"","astra-migrate-meta-layouts":"set","ast-page-background-enabled":"default","ast-page-background-meta":{"desktop":{"background-color":"var(--ast-global-color-4)","background-image":"","background-repeat":"repeat","background-position":"center center","background-size":"auto","background-attachment":"scroll","background-type":"","background-media":"","overlay-type":"","overlay-color":"","overlay-opacity":"","overlay-gradient":""},"tablet":{"background-color":"","background-image":"","background-repeat":"repeat","background-position":"center center","background-size":"auto","background-attachment":"scroll","background-type":"","background-media":"","overlay-type":"","overlay-color":"","overlay-opacity":"","overlay-gradient":""},"mobile":{"background-color":"","background-image":"","background-repeat":"repeat","background-position":"center center","background-size":"auto","background-attachment":"scroll","background-type":"","background-media":"","overlay-type":"","overlay-color":"","overlay-opacity":"","overlay-gradient":""}},"ast-content-background-meta":{"desktop":{"background-color":"var(--ast-global-color-5)","background-image":"","background-repeat":"repeat","background-position":"center center","background-size":"auto","background-attachment":"scroll","background-type":"","background-media":"","overlay-type":"","overlay-color":"","overlay-opacity":"","overlay-gradient":""},"tablet":{"background-color":"var(--ast-global-color-5)","background-image":"","background-repeat":"repeat","background-position":"center center","background-size":"auto","background-attachment":"scroll","background-type":"","background-media":"","overlay-type":"","overlay-color":"","overlay-opacity":"","overlay-gradient":""},"mobile":{"background-color":"var(--ast-global-color-5)","background-image":"","background-repeat":"repeat","background-position":"center center","background-size":"auto","background-attachment":"scroll","background-type":"","background-media":"","overlay-type":"","overlay-color":"","overlay-opacity":"","overlay-gradient":""}}},"section":[],"product_brand":[],"product_cat":[1355],"product_tag":[1893],"class_list":{"0":"post-189291","1":"product","2":"type-product","3":"status-publish","4":"has-post-thumbnail","6":"product_cat-cours-de-mode","7":"product_tag-cours-de-moda-fr","8":"desktop-align-left","9":"tablet-align-left","10":"mobile-align-left","11":"ast-product-gallery-layout-horizontal-slider","12":"ast-product-single-variable","13":"ast-product-tabs-layout-horizontal","14":"ast-qv-on-image-click","16":"first","17":"instock","18":"sold-individually","19":"shipping-taxable","20":"purchasable","21":"product-type-variable"},"acf":[],"taxonomy_info":{"product_cat":[{"value":1355,"label":"Cours de mode"}],"product_tag":[{"value":1893,"label":"Cours de Moda"}]},"featured_image_src_large":["https:\/\/www.studiainitalia.com\/wp-content\/uploads\/2018\/02\/sewing_workshop_florence.jpg",567,567,false],"author_info":[],"comment_info":2,"uagb_featured_image_src":{"full":["https:\/\/www.studiainitalia.com\/wp-content\/uploads\/2018\/02\/sewing_workshop_florence.jpg",567,567,false],"thumbnail":["https:\/\/www.studiainitalia.com\/wp-content\/uploads\/2018\/02\/sewing_workshop_florence-150x150.jpg",96,96,true],"medium":["https:\/\/www.studiainitalia.com\/wp-content\/uploads\/2018\/02\/sewing_workshop_florence-300x300.jpg",300,300,true],"medium_large":["https:\/\/www.studiainitalia.com\/wp-content\/uploads\/2018\/02\/sewing_workshop_florence.jpg",567,567,false],"large":["https:\/\/www.studiainitalia.com\/wp-content\/uploads\/2018\/02\/sewing_workshop_florence.jpg",567,567,false],"1536x1536":["https:\/\/www.studiainitalia.com\/wp-content\/uploads\/2018\/02\/sewing_workshop_florence.jpg",567,567,false],"2048x2048":["https:\/\/www.studiainitalia.com\/wp-content\/uploads\/2018\/02\/sewing_workshop_florence.jpg",567,567,false],"ultp_layout_landscape_large":["https:\/\/www.studiainitalia.com\/wp-content\/uploads\/2018\/02\/sewing_workshop_florence.jpg",567,567,false],"ultp_layout_landscape":["https:\/\/www.studiainitalia.com\/wp-content\/uploads\/2018\/02\/sewing_workshop_florence.jpg",567,567,false],"ultp_layout_portrait":["https:\/\/www.studiainitalia.com\/wp-content\/uploads\/2018\/02\/sewing_workshop_florence.jpg",567,567,false],"ultp_layout_square":["https:\/\/www.studiainitalia.com\/wp-content\/uploads\/2018\/02\/sewing_workshop_florence.jpg",567,567,false],"gform-image-choice-sm":["https:\/\/www.studiainitalia.com\/wp-content\/uploads\/2018\/02\/sewing_workshop_florence.jpg",300,300,false],"gform-image-choice-md":["https:\/\/www.studiainitalia.com\/wp-content\/uploads\/2018\/02\/sewing_workshop_florence.jpg",400,400,false],"gform-image-choice-lg":["https:\/\/www.studiainitalia.com\/wp-content\/uploads\/2018\/02\/sewing_workshop_florence.jpg",567,567,false],"woocommerce_thumbnail":["https:\/\/www.studiainitalia.com\/wp-content\/uploads\/2018\/02\/sewing_workshop_florence-300x300.jpg",300,300,true],"woocommerce_single":["https:\/\/www.studiainitalia.com\/wp-content\/uploads\/2018\/02\/sewing_workshop_florence-400x400.jpg",400,400,true],"woocommerce_gallery_thumbnail":["https:\/\/www.studiainitalia.com\/wp-content\/uploads\/2018\/02\/sewing_workshop_florence-100x100.jpg",100,100,true],"yarpp-thumbnail":["https:\/\/www.studiainitalia.com\/wp-content\/uploads\/2018\/02\/sewing_workshop_florence.jpg",120,120,false]},"uagb_author_info":{"display_name":"Javier Diaz","author_link":"https:\/\/www.studiainitalia.com\/fr\/author\/"},"uagb_comment_info":2,"uagb_excerpt":"Coupe et couture \u00e0 l\u2019italienne! &nbsp; Ce cours de couture s\u2019adresse \u00e0 ceux qui souhaitent apprendre des techniques de couture pour un usage personnel et \/ ou qui souhaitent transformer cette passion en une opportunit\u00e9 professionnelle. Mais aussi \u00e0 ceux qui travaillent d\u00e9j\u00e0 dans le domaine de la mode (cr\u00e9ateurs de mode, cr\u00e9atifs, etc.) et\u2026","_links":{"self":[{"href":"https:\/\/www.studiainitalia.com\/fr\/wp-json\/wp\/v2\/product\/189291","targetHints":{"allow":["GET"]}}],"collection":[{"href":"https:\/\/www.studiainitalia.com\/fr\/wp-json\/wp\/v2\/product"}],"about":[{"href":"https:\/\/www.studiainitalia.com\/fr\/wp-json\/wp\/v2\/types\/product"}],"replies":[{"embeddable":true,"href":"https:\/\/www.studiainitalia.com\/fr\/wp-json\/wp\/v2\/comments?post=189291"}],"wp:featuredmedia":[{"embeddable":true,"href":"https:\/\/www.studiainitalia.com\/fr\/wp-json\/wp\/v2\/media\/123754"}],"wp:attachment":[{"href":"https:\/\/www.studiainitalia.com\/fr\/wp-json\/wp\/v2\/media?parent=189291"}],"wp:term":[{"taxonomy":"section","embeddable":true,"href":"https:\/\/www.studiainitalia.com\/fr\/wp-json\/wp\/v2\/section?post=189291"},{"taxonomy":"product_brand","embeddable":true,"href":"https:\/\/www.studiainitalia.com\/fr\/wp-json\/wp\/v2\/product_brand?post=189291"},{"taxonomy":"product_cat","embeddable":true,"href":"https:\/\/www.studiainitalia.com\/fr\/wp-json\/wp\/v2\/product_cat?post=189291"},{"taxonomy":"product_tag","embeddable":true,"href":"https:\/\/www.studiainitalia.com\/fr\/wp-json\/wp\/v2\/product_tag?post=189291"}],"curies":[{"name":"wp","href":"https:\/\/api.w.org\/{rel}","templated":true}]}}