{"id":189298,"date":"2020-07-23T08:22:48","date_gmt":"2020-07-23T06:22:48","guid":{"rendered":"https:\/\/www.studiainitalia.com\/courses\/non%20class\u00e9\/cours-italien-en-ligne\/"},"modified":"2024-10-25T14:08:15","modified_gmt":"2024-10-25T12:08:15","slug":"cours-italien-en-ligne","status":"publish","type":"product","link":"https:\/\/www.studiainitalia.com\/fr\/cours\/cours-italien-en-italie\/cours-italien-en-ligne\/","title":{"rendered":"Cours d\u2019italien en ligne"},"content":{"rendered":"<p>Cours d\u2019italien en ligne<\/p>\n<p>Nouveau cours d\u00b4italien en ligne adapt\u00e9 \u00e0 votre niveau de langue. Apr\u00e8s un essai d\u2019introduction, vous serez plac\u00e9 en fonction de votre niveau d\u2019italien.<\/p>\n<p>Les cours sont organis\u00e9s en deux sessions d\u2019une dur\u00e9e d\u2019une heure et demie. Les cours auront lieu \u00e0 partir de 18h (heure italienne).<\/p>\n<p>Groupes de 3 \u00e0 6 \u00e9tudiants.<br \/>\nNiveaux disponibles : A1, B1, B2<\/p>\n<p>L\u2019\u00e9cole d\u00e9livrera une d\u00e9claration certifiant votre pr\u00e9sence aux cours.<\/p>\n<p>&nbsp;<\/p>\n<div class=\"aiosrs-rating-wrap\" data-schema-id=\"90691\">\n<div class=\"aiosrs-star-rating-wrap \"><\/div>\n<div class=\"aiosrs-rating-summary-wrap\"><span class=\"aiosrs-rating\">0\/5\u00a0<\/span><span class=\"aiosrs-rating-count\">(0 Reviews)<\/span><\/div>\n<\/div>\n","protected":false},"excerpt":{"rendered":"<div class=\"woocommerce-product-details__short-description\">\n<div class=\"woocommerce-product-details__short-description\">\n<p>Apprendre \u2018italien en ligne<\/p>\n<p><strong>Souhaitez-vous \u00e9tudier l\u2019italien dans le confort de votre maison? L\u2019italien est l\u2019une des langues les plus parl\u00e9es au monde. Voulez-vous apprendre avec nous?<\/strong><\/p>\n<p>Nous proposons un nouveau cours d\u2019italien en ligne adapt\u00e9 \u00e0 votre niveau de langue. Apr\u00e8s un essai d\u2019introduction, vous serez plac\u00e9 en fonction de votre niveau d\u2019italien.<\/p>\n<p>Nous proposons diff\u00e9rentes formules: cours en petit groupe, cours particuliers, cours super intensifs.<\/p>\n<p>Demandez plus d\u2019informations et nous organiserons une\u00a0<strong>le\u00e7on d\u2019essai gratuite<\/strong>!<\/p>\n<p>Etudiez l\u2019italien en ligne avec nous!<\/p>\n<p>&nbsp;<\/p>\n<\/div>\n<\/div>\n","protected":false},"featured_media":199765,"comment_status":"open","ping_status":"closed","template":"","meta":{"_acf_changed":false,"_uag_custom_page_level_css":"","_kad_blocks_custom_css":"","_kad_blocks_head_custom_js":"","_kad_blocks_body_custom_js":"","_kad_blocks_footer_custom_js":"","site-sidebar-layout":"default","site-content-layout":"default","ast-site-content-layout":"default","site-content-style":"default","site-sidebar-style":"default","ast-global-header-display":"","ast-banner-title-visibility":"","ast-main-header-display":"","ast-hfb-above-header-display":"","ast-hfb-below-header-display":"","ast-hfb-mobile-header-display":"","site-post-title":"","ast-breadcrumbs-content":"","ast-featured-img":"","footer-sml-layout":"","ast-disable-related-posts":"","theme-transparent-header-meta":"default","adv-header-id-meta":"","stick-header-meta":"default","header-above-stick-meta":"","header-main-stick-meta":"","header-below-stick-meta":"","astra-migrate-meta-layouts":"set","ast-page-background-enabled":"default","ast-page-background-meta":{"desktop":{"background-color":"var(--ast-global-color-4)","background-image":"","background-repeat":"repeat","background-position":"center center","background-size":"auto","background-attachment":"scroll","background-type":"","background-media":"","overlay-type":"","overlay-color":"","overlay-opacity":"","overlay-gradient":""},"tablet":{"background-color":"","background-image":"","background-repeat":"repeat","background-position":"center center","background-size":"auto","background-attachment":"scroll","background-type":"","background-media":"","overlay-type":"","overlay-color":"","overlay-opacity":"","overlay-gradient":""},"mobile":{"background-color":"","background-image":"","background-repeat":"repeat","background-position":"center center","background-size":"auto","background-attachment":"scroll","background-type":"","background-media":"","overlay-type":"","overlay-color":"","overlay-opacity":"","overlay-gradient":""}},"ast-content-background-meta":{"desktop":{"background-color":"var(--ast-global-color-5)","background-image":"","background-repeat":"repeat","background-position":"center center","background-size":"auto","background-attachment":"scroll","background-type":"","background-media":"","overlay-type":"","overlay-color":"","overlay-opacity":"","overlay-gradient":""},"tablet":{"background-color":"var(--ast-global-color-5)","background-image":"","background-repeat":"repeat","background-position":"center center","background-size":"auto","background-attachment":"scroll","background-type":"","background-media":"","overlay-type":"","overlay-color":"","overlay-opacity":"","overlay-gradient":""},"mobile":{"background-color":"var(--ast-global-color-5)","background-image":"","background-repeat":"repeat","background-position":"center center","background-size":"auto","background-attachment":"scroll","background-type":"","background-media":"","overlay-type":"","overlay-color":"","overlay-opacity":"","overlay-gradient":""}}},"section":[],"product_brand":[],"product_cat":[1344,1262],"product_tag":[1877],"class_list":{"0":"post-189298","1":"product","2":"type-product","3":"status-publish","4":"has-post-thumbnail","6":"product_cat-cours-en-ligne","7":"product_cat-cours-italien-en-italie","8":"product_tag-cours-ditalien-en-italie","9":"desktop-align-left","10":"tablet-align-left","11":"mobile-align-left","12":"ast-product-gallery-layout-horizontal-slider","13":"ast-product-gallery-with-no-image","14":"ast-product-tabs-layout-horizontal","15":"ast-qv-on-image-click","17":"first","18":"instock","19":"sold-individually","20":"shipping-taxable","21":"purchasable","22":"product-type-simple"},"acf":[],"taxonomy_info":{"product_cat":[{"value":1344,"label":"Cursos online"},{"value":1262,"label":"Cours d'italien en Italie"}],"product_tag":[{"value":1877,"label":"Cours d'italien en Italie"}]},"featured_image_src_large":["https:\/\/www.studiainitalia.com\/wp-content\/uploads\/2024\/10\/laptop-2838917_1280.jpg",1280,853,false],"author_info":[],"comment_info":0,"uagb_featured_image_src":{"full":["https:\/\/www.studiainitalia.com\/wp-content\/uploads\/2024\/10\/laptop-2838917_1280.jpg",1280,853,false],"thumbnail":["https:\/\/www.studiainitalia.com\/wp-content\/uploads\/2024\/10\/laptop-2838917_1280.jpg",128,85,false],"medium":["https:\/\/www.studiainitalia.com\/wp-content\/uploads\/2024\/10\/laptop-2838917_1280.jpg",1280,853,false],"medium_large":["https:\/\/www.studiainitalia.com\/wp-content\/uploads\/2024\/10\/laptop-2838917_1280-768x512.jpg",768,512,true],"large":["https:\/\/www.studiainitalia.com\/wp-content\/uploads\/2024\/10\/laptop-2838917_1280.jpg",1280,853,false],"1536x1536":["https:\/\/www.studiainitalia.com\/wp-content\/uploads\/2024\/10\/laptop-2838917_1280.jpg",1280,853,false],"2048x2048":["https:\/\/www.studiainitalia.com\/wp-content\/uploads\/2024\/10\/laptop-2838917_1280.jpg",1280,853,false],"ultp_layout_landscape_large":["https:\/\/www.studiainitalia.com\/wp-content\/uploads\/2024\/10\/laptop-2838917_1280-1200x800.jpg",1200,800,true],"ultp_layout_landscape":["https:\/\/www.studiainitalia.com\/wp-content\/uploads\/2024\/10\/laptop-2838917_1280-870x570.jpg",870,570,true],"ultp_layout_portrait":["https:\/\/www.studiainitalia.com\/wp-content\/uploads\/2024\/10\/laptop-2838917_1280-600x853.jpg",600,853,true],"ultp_layout_square":["https:\/\/www.studiainitalia.com\/wp-content\/uploads\/2024\/10\/laptop-2838917_1280-600x600.jpg",600,600,true],"gform-image-choice-sm":["https:\/\/www.studiainitalia.com\/wp-content\/uploads\/2024\/10\/laptop-2838917_1280.jpg",300,200,false],"gform-image-choice-md":["https:\/\/www.studiainitalia.com\/wp-content\/uploads\/2024\/10\/laptop-2838917_1280.jpg",400,267,false],"gform-image-choice-lg":["https:\/\/www.studiainitalia.com\/wp-content\/uploads\/2024\/10\/laptop-2838917_1280.jpg",600,400,false],"woocommerce_thumbnail":["https:\/\/www.studiainitalia.com\/wp-content\/uploads\/2024\/10\/laptop-2838917_1280-300x300.jpg",300,300,true],"woocommerce_single":["https:\/\/www.studiainitalia.com\/wp-content\/uploads\/2024\/10\/laptop-2838917_1280-400x267.jpg",400,267,true],"woocommerce_gallery_thumbnail":["https:\/\/www.studiainitalia.com\/wp-content\/uploads\/2024\/10\/laptop-2838917_1280-100x100.jpg",100,100,true],"yarpp-thumbnail":["https:\/\/www.studiainitalia.com\/wp-content\/uploads\/2024\/10\/laptop-2838917_1280-120x120.jpg",120,120,true]},"uagb_author_info":{"display_name":"rafael","author_link":"https:\/\/www.studiainitalia.com\/fr\/author\/"},"uagb_comment_info":0,"uagb_excerpt":"Apprendre \u2018italien en ligne Souhaitez-vous \u00e9tudier l\u2019italien dans le confort de votre maison? L\u2019italien est l\u2019une des langues les plus parl\u00e9es au monde. Voulez-vous apprendre avec nous? Nous proposons un nouveau cours d\u2019italien en ligne adapt\u00e9 \u00e0 votre niveau de langue. Apr\u00e8s un essai d\u2019introduction, vous serez plac\u00e9 en fonction de votre niveau d\u2019italien. Nous\u2026","_links":{"self":[{"href":"https:\/\/www.studiainitalia.com\/fr\/wp-json\/wp\/v2\/product\/189298","targetHints":{"allow":["GET"]}}],"collection":[{"href":"https:\/\/www.studiainitalia.com\/fr\/wp-json\/wp\/v2\/product"}],"about":[{"href":"https:\/\/www.studiainitalia.com\/fr\/wp-json\/wp\/v2\/types\/product"}],"replies":[{"embeddable":true,"href":"https:\/\/www.studiainitalia.com\/fr\/wp-json\/wp\/v2\/comments?post=189298"}],"wp:featuredmedia":[{"embeddable":true,"href":"https:\/\/www.studiainitalia.com\/fr\/wp-json\/wp\/v2\/media\/199765"}],"wp:attachment":[{"href":"https:\/\/www.studiainitalia.com\/fr\/wp-json\/wp\/v2\/media?parent=189298"}],"wp:term":[{"taxonomy":"section","embeddable":true,"href":"https:\/\/www.studiainitalia.com\/fr\/wp-json\/wp\/v2\/section?post=189298"},{"taxonomy":"product_brand","embeddable":true,"href":"https:\/\/www.studiainitalia.com\/fr\/wp-json\/wp\/v2\/product_brand?post=189298"},{"taxonomy":"product_cat","embeddable":true,"href":"https:\/\/www.studiainitalia.com\/fr\/wp-json\/wp\/v2\/product_cat?post=189298"},{"taxonomy":"product_tag","embeddable":true,"href":"https:\/\/www.studiainitalia.com\/fr\/wp-json\/wp\/v2\/product_tag?post=189298"}],"curies":[{"name":"wp","href":"https:\/\/api.w.org\/{rel}","templated":true}]}}